{"id":597,"date":"2020-09-24T16:24:54","date_gmt":"2020-09-24T16:24:54","guid":{"rendered":"http:\/\/praguetouristinformation.com\/?page_id=597"},"modified":"2023-05-04T12:55:43","modified_gmt":"2023-05-04T12:55:43","slug":"maison-de-danse","status":"publish","type":"page","link":"https:\/\/praguetouristinformation.com\/fr\/choses-a-faire\/vieille-ville\/maison-de-danse","title":{"rendered":"Dancing House: Guide avec des informations sur les attractions, l&#8217;admission et l&#8217;histoire"},"content":{"rendered":"<h3 id=\"t-1670418829426\">La Maison dansante est le nom d&rsquo;un immeuble de bureaux \u00e0 Prague qui a \u00e9t\u00e9 construit en 1996.<\/h3>\n<p>Il se dresse directement sur la Vltava et attire imm\u00e9diatement le regard par son architecture extraordinaire.<\/p>\n<p>Aujourd&rsquo;hui, plusieurs entreprises, pour la plupart internationales, y ont leurs bureaux, il y a un restaurant, un bar, une <a data-id=\"713\" data-type=\"page\" href=\"https:\/\/praguetouristinformation.com\/fr\/choses-a-faire\/points-de-vue\" style=\"outline: none;\">terrasse panoramique<\/a> et un h\u00f4tel dans la Maison dansante.<\/p>\n<h2 id=\"t-1670418829427\">Que puis-je faire dans la Maison dansante ?<\/h2>\n<p><span><img decoding=\"async\" alt=\"\" data-id=\"3799\" width=\"663\" data-init-width=\"1000\" height=\"444\" data-init-height=\"669\" title=\"Danse,Maison,De,Prague,,R\u00e9publique Tch\u00e8que,,Non,Personnes\" loading=\"lazy\" src=\"http:\/\/praguetouristinformation.com\/wp-content\/uploads\/2022\/12\/dancing-house.jpg\" data-width=\"663\" data-height=\"444\" data-pin-media=\"http:\/\/praguetouristinformation.com\/wp-content\/uploads\/2021\/02\/35.jpg\" data-pin-description=\"Tanzendes Haus: Attraktionen, Eintritt &amp; Geschichte - 2022\" data-pin-url=\"http:\/\/praguetouristinformation.com\/sehenswuerdigkeiten\/altstadt\/tanzendes-haus?tve=true&amp;tcbf=105288dff3\" data-pinpro-key=\"1eykfr6pg\"><\/span><\/p>\n<h3 id=\"t-1670418829428\">1. Galerie Maison dansante<\/h3>\n<p>La Dancing House Gallery est situ\u00e9e au rez-de-chauss\u00e9e de la Dancing House. La galerie pr\u00e9sente l&rsquo;art contemporain dans des expositions qui changent r\u00e9guli\u00e8rement. Elle veut trouver de jeunes talents et promouvoir de jeunes talents.<\/p>\n<h3 id=\"t-1670418829429\">2. D\u00eener au restaurant<\/h3>\n<p>Au septi\u00e8me \u00e9tage de la Dancing House se trouve un restaurant exclusif nomm\u00e9 \u00e0 juste titre Ginger &amp; Fred. Le d\u00e9cor est astucieusement moderne avec une vue captivante sur Prague. Une cuisine internationale haut de gamme avec une influence fran\u00e7aise est servie.<\/p>\n<h3 id=\"t-1670418829430\">3. Musicien<\/h3>\n<p>Si vous le souhaitez, vous pouvez \u00e9galement profiter de la vue depuis le bar en verre au sommet du b\u00e2timent ou depuis la petite terrasse panoramique.<\/p>\n<h3 id=\"t-1670418829431\">4. Nuit<\/h3>\n<p>Depuis 2016, il y a un h\u00f4tel moderne et haut de gamme dans la Maison dansante. Si vous le souhaitez, vous pouvez s\u00e9journer dans l&rsquo;une des 21 chambres directement en <a data-id=\"247\" data-type=\"page\" href=\"https:\/\/praguetouristinformation.com\/fr\/choses-a-faire\" style=\"outline: none;\">vue .<\/a><\/p>\n<h3>5. Ph\u00e9nom\u00e8ne Instagram<\/h3>\n<p>Pratiquement aucun touriste ne visite la Maison dansante sans en publier au moins une photo sur Instagram et c&rsquo;est exactement l&rsquo;une des raisons pour lesquelles la Maison dansante est si connue.<\/p>\n<h2 id=\"t-1670418829433\">Entr\u00e9e \u00e0 la Maison dansante<\/h2>\n<p><span><img decoding=\"async\" alt=\"\" data-id=\"3797\" width=\"663\" data-init-width=\"1000\" height=\"442\" data-init-height=\"667\" title=\"Tch\u00e8que,R\u00e9publique,-,M\u00e9tropoles,Prague,-,Moderne,Architecture,-,Danse\" loading=\"lazy\" src=\"http:\/\/praguetouristinformation.com\/wp-content\/uploads\/2022\/12\/dancing-house-2.jpg\" data-width=\"663\" data-height=\"442\" data-pin-media=\"http:\/\/praguetouristinformation.com\/wp-content\/uploads\/2021\/02\/35.jpg\" data-pin-description=\"Tanzendes Haus: Attraktionen, Eintritt &amp; Geschichte - 2022\" data-pin-url=\"http:\/\/praguetouristinformation.com\/sehenswuerdigkeiten\/altstadt\/tanzendes-haus?tve=true&amp;tcbf=105288dff3\" data-pinpro-key=\"9lc1dtkm0\"><\/span><\/p>\n<p>La Maison Dansante se visite \u00e0 toute heure, la terrasse panoramique et le restaurant sont ouverts toute l&rsquo;ann\u00e9e.<\/p>\n<h2>Comment se rendre \u00e0 la Maison dansante ?<\/h2>\n<p>La Maison dansante est situ\u00e9e sur la rivi\u00e8re Vltava et est facilement accessible par la ligne de m\u00e9tro B, ligne jaune, arr\u00eat Karlovo N\u00e1mest\u00ed.<\/p>\n<p>L&rsquo;arr\u00eat de tramway Jir\u00e1skovo n\u00e1mest\u00ed est juste en face et est desservi par les lignes 14 et 17.<\/p>\n<p>Il faut environ 20 minutes \u00e0 pied depuis la&nbsp; <a data-id=\"621\" data-type=\"page\" href=\"https:\/\/praguetouristinformation.com\/fr\/choses-a-faire\/vieille-ville\/place-de-la-vieille-ville\" style=\"outline: none;\">place de la vieille ville .<\/a><\/p>\n<h2 id=\"t-1670418829435\">Histoire de la Maison dansante<\/h2>\n<p><span><img decoding=\"async\" alt=\"\" data-id=\"3798\" width=\"663\" data-init-width=\"1000\" height=\"443\" data-init-height=\"668\" title=\"Danse,Maison,Ou,Fred,Et,Ginger,B\u00e2timent,Dans,Prague\" loading=\"lazy\" src=\"http:\/\/praguetouristinformation.com\/wp-content\/uploads\/2022\/12\/dancing-house-3.jpg\" data-width=\"663\" data-height=\"443\" data-pin-media=\"http:\/\/praguetouristinformation.com\/wp-content\/uploads\/2021\/02\/35.jpg\" data-pin-description=\"Tanzendes Haus: Attraktionen, Eintritt &amp; Geschichte - 2022\" data-pin-url=\"http:\/\/praguetouristinformation.com\/sehenswuerdigkeiten\/altstadt\/tanzendes-haus?tve=true&amp;tcbf=105288dff3\" data-pinpro-key=\"weiigi6ab\"><\/span><\/p>\n<p>Un immeuble r\u00e9sidentiel se dressait ici, mais il a \u00e9t\u00e9 accidentellement d\u00e9truit par des bombardiers am\u00e9ricains vers la fin de la Seconde Guerre mondiale. Apr\u00e8s cela, la propri\u00e9t\u00e9 est rest\u00e9e en jach\u00e8re pendant pr\u00e8s de 50 ans, il \u00e9tait pr\u00e9vu de construire un centre culturel ici, mais le financement n&rsquo;a pas pu \u00eatre organis\u00e9.<\/p>\n<p>En 1992, la compagnie d&rsquo;assurance n\u00e9erlandaise Nationale Nederlanden a achet\u00e9 la propri\u00e9t\u00e9. L&rsquo;architecte tch\u00e8que Vlado Miluni\u0107 a con\u00e7u les plans du b\u00e2timent en collaboration avec son coll\u00e8gue canadien Frank Gehry.<\/p>\n<p>Le b\u00e2timent se compose de deux parties, l&rsquo;une statique et l&rsquo;autre dynamique, et se veut symboliser le dialogue entre le concept d&rsquo;une part et la soci\u00e9t\u00e9 en plein bouleversement social d&rsquo;autre part.<\/p>\n<p>La partie en verre, dynamique, rappelle un danseur blotti contre un gentleman, la partie statique en b\u00e9ton. Les habitants de Prague l&rsquo;appellent affectueusement Ginger et Fred, du nom de Fred Astaire et de sa partenaire de danse Ginger Rogers.<\/p>\n<p>Au d\u00e9part, le b\u00e2timent a suscit\u00e9 de nombreux d\u00e9bats, les critiques affirmant qu&rsquo;il ne correspondait pas \u00e0 l&rsquo;image de la vieille ville de Prague et les partisans louant le style audacieux.<\/p>\n<h2 id=\"t-1670418829436\">Contacter<\/h2>\n<ul>\n<li><strong>Adresse :<\/strong> Ra\u0161\u00ednovo n\u00e1b\u0159e\u017e\u00ed 80, Jir\u00e1skovo n\u00e1m\u011bst\u00ed 6, 120 00 Prague<\/li>\n<li><strong>Transports en commun<\/strong> : station de m\u00e9tro Karlovo N\u00e1mest\u00ed, ligne jaune B<\/li>\n<li><strong>Horaires d&rsquo;ouverture :<\/strong> Les horaires d&rsquo;ouverture du restaurant sont consultables sur le site internet suivant : <a href=\"https:\/\/www.gfrest.cz\/en\/\" style=\"outline: none;\" data-lt-tmp-id=\"lt-407245\" spellcheck=\"false\" target=\"_blank\" rel=\"noopener\">Restaurant de la Maison Dansante<\/a><a href=\"https:\/\/www.gfrest.cz\/en\/\" style=\"outline: none;\" data-lt-tmp-id=\"lt-407245\" spellcheck=\"false\" target=\"_blank\" rel=\"noopener\"><\/a><\/li>\n<\/ul>\n","protected":false},"excerpt":{"rendered":"<p>La Maison dansante est le nom d&rsquo;un immeuble de bureaux \u00e0 Prague qui a \u00e9t\u00e9 construit en 1996. Il se dresse directement sur la Vltava et attire imm\u00e9diatement le regard par son architecture extraordinaire. Aujourd&rsquo;hui, plusieurs entreprises, pour la plupart internationales, y ont leurs bureaux, il y a un restaurant, un bar, une terrasse panoramique [&hellip;]<\/p>\n","protected":false},"author":6,"featured_media":1710,"parent":742,"menu_order":0,"comment_status":"closed","ping_status":"closed","template":"","meta":{"footnotes":""},"categories":[],"tags":[22,19],"class_list":["post-597","page","type-page","status-publish","has-post-thumbnail","hentry","tag-museum","tag-sehenswuerdigkeiten","post-wrapper","thrv_wrapper"],"_links":{"self":[{"href":"https:\/\/praguetouristinformation.com\/fr\/wp-json\/wp\/v2\/pages\/597","targetHints":{"allow":["GET"]}}],"collection":[{"href":"https:\/\/praguetouristinformation.com\/fr\/wp-json\/wp\/v2\/pages"}],"about":[{"href":"https:\/\/praguetouristinformation.com\/fr\/wp-json\/wp\/v2\/types\/page"}],"author":[{"embeddable":true,"href":"https:\/\/praguetouristinformation.com\/fr\/wp-json\/wp\/v2\/users\/6"}],"replies":[{"embeddable":true,"href":"https:\/\/praguetouristinformation.com\/fr\/wp-json\/wp\/v2\/comments?post=597"}],"version-history":[{"count":0,"href":"https:\/\/praguetouristinformation.com\/fr\/wp-json\/wp\/v2\/pages\/597\/revisions"}],"up":[{"embeddable":true,"href":"https:\/\/praguetouristinformation.com\/fr\/wp-json\/wp\/v2\/pages\/742"}],"wp:featuredmedia":[{"embeddable":true,"href":"https:\/\/praguetouristinformation.com\/fr\/wp-json\/wp\/v2\/media\/1710"}],"wp:attachment":[{"href":"https:\/\/praguetouristinformation.com\/fr\/wp-json\/wp\/v2\/media?parent=597"}],"wp:term":[{"taxonomy":"category","embeddable":true,"href":"https:\/\/praguetouristinformation.com\/fr\/wp-json\/wp\/v2\/categories?post=597"},{"taxonomy":"post_tag","embeddable":true,"href":"https:\/\/praguetouristinformation.com\/fr\/wp-json\/wp\/v2\/tags?post=597"}],"curies":[{"name":"wp","href":"https:\/\/api.w.org\/{rel}","templated":true}]}}