{"id":594,"date":"2020-09-24T16:17:40","date_gmt":"2020-09-24T16:17:40","guid":{"rendered":"http:\/\/praguetouristinformation.com\/?page_id=594"},"modified":"2023-05-04T13:06:44","modified_gmt":"2023-05-04T13:06:44","slug":"tour-poudriere","status":"publish","type":"page","link":"https:\/\/praguetouristinformation.com\/fr\/choses-a-faire\/vieille-ville\/tour-poudriere","title":{"rendered":"Guide de la tour poudri\u00e8re\u00a0: Entr\u00e9e, vue et histoire"},"content":{"rendered":"<h3 id=\"t-1670399614185\">La tour poudri\u00e8re faisait partie des murs de la ville de Prague.<\/h3>\n<p>C&rsquo;est aujourd&rsquo;hui l&rsquo;un des points de vue les plus populaires de la <a data-id=\"742\" data-type=\"page\" href=\"https:\/\/praguetouristinformation.com\/fr\/choses-a-faire\/vieille-ville\" style=\"outline: none;\">vieille ville<\/a> .<\/p>\n<p>Toutes les informations importantes sur la tour poudri\u00e8re sont rassembl\u00e9es ici, y compris l&rsquo;admission, son histoire et l&rsquo;adresse.<\/p>\n<p>Commen\u00e7ons!<\/p>\n<h2 id=\"t-1670399614186\">Que puis-je faire dans la tour poudri\u00e8re&nbsp;?<\/h2>\n<p><span><img decoding=\"async\" alt=\"\" data-id=\"3685\" width=\"688\" data-init-width=\"1000\" height=\"461\" data-init-height=\"670\" title=\"La,Poudre,Porte,Et,La,Maison,Municipale,Dans,Prague,,Tch\u00e8que\" loading=\"lazy\" src=\"http:\/\/praguetouristinformation.com\/wp-content\/uploads\/2022\/12\/powder-tower.jpg\" data-width=\"688\" data-height=\"461\" data-pin-media=\"http:\/\/praguetouristinformation.com\/wp-content\/uploads\/2021\/02\/37.jpg\" data-pin-description=\"Pulverturm - Prague Tourist Information\" data-pin-url=\"http:\/\/praguetouristinformation.com\/sehenswuerdigkeiten\/altstadt\/pulverturm?tve=true&amp;tcbf=2e81e0b3fe\" data-pinpro-key=\"umzbecfjo\"><\/span><\/p>\n<ul>\n<li><strong>Plate-forme d&rsquo;observation :<\/strong> La tour poudri\u00e8re mesure environ 65 m\u00e8tres de haut. \u00c0 une hauteur de 44 m\u00e8tres, il y a une <a data-id=\"713\" data-type=\"page\" href=\"https:\/\/praguetouristinformation.com\/fr\/choses-a-faire\/points-de-vue\" style=\"outline: none;\" data-lt-tmp-id=\"lt-682611\" spellcheck=\"false\">terrasse d&rsquo;observation<\/a> qui offre une vue impressionnante <strong>sur la vieille ville de Prague . <\/strong>Il n&rsquo;y a pas d&rsquo;ascenseur, 186 marches, dont certaines tr\u00e8s raides, de l&rsquo;escalier en colima\u00e7on datant de 1592 m\u00e8nent \u00e0 la plate-forme d&rsquo;observation.<a data-id=\"713\" data-type=\"page\" href=\"http:\/\/praguetouristinformation.com\/50-sehenswuerdigkeiten-in-prag\/aussichtspunkte\" style=\"outline: none;\" data-lt-tmp-id=\"lt-682611\" spellcheck=\"false\"><\/a><strong><\/strong><\/li>\n<li><strong>Exposition permanente :<\/strong> Au rez-de-chauss\u00e9e de la tour poudri\u00e8re se trouve une petite exposition permanente <strong>sur la tour et son histoire. <\/strong>Les expositions comprennent des <strong>sculptures<\/strong> des rois de l&rsquo; Empire tch\u00e8que et d&rsquo; autres \u0153uvres d <strong>&lsquo; art<\/strong> .<\/li>\n<li><strong>Fa\u00e7ade :<\/strong> Sur la fa\u00e7ade de la tour, vous pourrez admirer de nombreuses <strong>statues de rois<\/strong> entour\u00e9s des armoiries des pays qu&rsquo;ils r\u00e9gnaient ; dans les angles, des <strong>all\u00e9gories<\/strong> des vertus souveraines. <strong>Il y a des anges<\/strong> ail\u00e9s au-dessus des statues et un lion avec les <strong>armoiries de la vieille ville de Prague<\/strong> se dresse sur les quatre colonnes d&rsquo;angle .&nbsp;<\/li>\n<li><strong>Astuce :<\/strong> la nuit, lorsqu&rsquo;elle est illumin\u00e9e, la tour poudri\u00e8re est particuli\u00e8rement visible parmi les <a data-id=\"247\" data-type=\"page\" href=\"https:\/\/praguetouristinformation.com\/fr\/choses-a-faire\" style=\"outline: none;\">curiosit\u00e9s de Prague<\/a> .<\/li>\n<\/ul>\n<h2 id=\"t-1670418080391\" data-alt-text=\"Eintritt, Tickets &amp; F\u00fchrungen \">Entr\u00e9e, billets et visites guid\u00e9es pour la tour poudri\u00e8re<\/h2>\n<p><span><img decoding=\"async\" alt=\"\" data-id=\"3686\" width=\"688\" data-init-width=\"1000\" height=\"459\" data-init-height=\"667\" title=\"Prague, R\u00e9publique tch\u00e8que.\" loading=\"lazy\" src=\"http:\/\/praguetouristinformation.com\/wp-content\/uploads\/2022\/12\/powder-tower-1.jpg\" data-width=\"688\" data-height=\"459\" data-pin-media=\"http:\/\/praguetouristinformation.com\/wp-content\/uploads\/2021\/02\/37.jpg\" data-pin-description=\"Pulverturm - Prague Tourist Information\" data-pin-url=\"http:\/\/praguetouristinformation.com\/sehenswuerdigkeiten\/altstadt\/pulverturm?tve=true&amp;tcbf=2e81e0b3fe\" data-pinpro-key=\"onma8ri7g\"><\/span><\/p>\n<ul>\n<li><strong>Entr\u00e9e :<\/strong> &nbsp;La tour poudri\u00e8re est ouverte toute l&rsquo;ann\u00e9e.&nbsp;<\/li>\n<li><strong>Billets :<\/strong> &nbsp;Les billets peuvent \u00eatre achet\u00e9s sur place. Les tarifs d&rsquo;entr\u00e9e sont&nbsp; <a href=\"https:\/\/www.google.com\/maps\/place\/Pulverturm\/@50.087273,14.4277887,14z\/data=!4m5!3m4!1s0x470b94eb050ff205:0x9349b85fec4613a6!8m2!3d50.087273!4d14.4277887\" target=\"_blank\" style=\"outline: none;\" rel=\"noopener\">ici<\/a> .<\/li>\n<\/ul>\n<h2 id=\"t-1670399614187\">Comment se rendre \u00e0 la tour poudri\u00e8re ?<\/h2>\n<p>La tour poudri\u00e8re se trouve \u00e0 5 minutes \u00e0 pied de la <a data-id=\"621\" data-type=\"page\" href=\"https:\/\/praguetouristinformation.com\/fr\/choses-a-faire\/vieille-ville\/place-de-la-vieille-ville\" style=\"outline: none;\">place de la vieille ville<\/a> et est facilement accessible en m\u00e9tro ligne B, ligne jaune, arr\u00eat N\u00e1m\u0115st\u00ed Republiky.<\/p>\n<h2 id=\"t-1670399614189\" data-alt-text=\"Geschichte\">Histoire de la tour poudri\u00e8re<\/h2>\n<p><span><img decoding=\"async\" alt=\"\" data-id=\"3684\" width=\"688\" data-init-width=\"1000\" height=\"459\" data-init-height=\"667\" title=\"Vieux,Tour,B\u00e2timent.,Poudre,Tour,Dans,Prague,,R\u00e9publique,Tch\u00e8que.,Tour\" loading=\"lazy\" src=\"http:\/\/praguetouristinformation.com\/wp-content\/uploads\/2022\/12\/history-of-the-powder-tower.jpg\" data-width=\"688\" data-height=\"459\" data-pin-media=\"http:\/\/praguetouristinformation.com\/wp-content\/uploads\/2021\/02\/37.jpg\" data-pin-description=\"Pulverturm - Prague Tourist Information\" data-pin-url=\"http:\/\/praguetouristinformation.com\/sehenswuerdigkeiten\/altstadt\/pulverturm?tve=true&amp;tcbf=2e81e0b3fe\" data-pinpro-key=\"eevyaakqk\"><\/span><\/p>\n<p>La tour poudri\u00e8re de Prague est construite dans le style gothique. Il est situ\u00e9 dans le centre de Prague, sur la place de la R\u00e9publique, \u00e0 c\u00f4t\u00e9 de la maison municipale Obecn\u00ed Dum. La construction a commenc\u00e9 en 1475, mais a \u00e9t\u00e9 annul\u00e9e 9 ans apr\u00e8s le d\u00e9but car le roi de l&rsquo;\u00e9poque avait fait d\u00e9placer sa r\u00e9sidence officielle de la vieille ville au ch\u00e2teau de Prague. Les travaux de construction ne furent achev\u00e9s que 400 ans plus tard, en 1886.<\/p>\n<p>Les rois tch\u00e8ques avaient l&rsquo;habitude d&rsquo;entrer dans la vieille ville par la tour poudri\u00e8re lors de leurs processions de couronnement. Aujourd&rsquo;hui encore, la Tour Poudri\u00e8re est une porte d&rsquo;entr\u00e9e monumentale de la Vieille Ville, elle se dresse au d\u00e9but de la Route du Couronnement ou Royale menant au <a data-id=\"738\" data-type=\"page\" href=\"https:\/\/praguetouristinformation.com\/fr\/choses-a-faire\/chateau\" style=\"outline: none;\">Ch\u00e2teau de Prague<\/a> .<\/p>\n<p>Il doit son nom au fait qu&rsquo;il \u00e9tait autrefois une poudri\u00e8re. Aux c\u00f4t\u00e9s de la tour du pont de la vieille ville sur le <a data-id=\"664\" data-type=\"page\" href=\"https:\/\/praguetouristinformation.com\/fr\/choses-a-faire\/le-pont-charles\" style=\"outline: none;\">pont Charles<\/a> , la tour est l&rsquo;une des deux structures restantes des 13 portes et tours de fortification qui entouraient autrefois la vieille ville de Prague.<\/p>\n<h2 id=\"t-1670399614190\">Contacter<\/h2>\n<ul>\n<li><strong>Adresse :<\/strong> Nam. Republiky 5, 110 00 Star\u00e9 Mesto, Prague<\/li>\n<li><strong>Transports en commun :<\/strong> M\u00e9tro \u2013 station N\u00e1m\u0115st\u00ed Republiky, ligne jaune B<\/li>\n<li><strong>Horaires d&rsquo;ouverture :<\/strong> Les horaires d&rsquo;ouverture actuels <a href=\"https:\/\/www.google.com\/maps\/place\/Pulverturm\/@50.087273,14.4277887,14z\/data=!4m5!3m4!1s0x470b94eb050ff205:0x9349b85fec4613a6!8m2!3d50.087273!4d14.4277887\" target=\"_blank\" rel=\"noopener\">sont ici<\/a> .<\/li>\n<\/ul>\n","protected":false},"excerpt":{"rendered":"<p>La tour poudri\u00e8re faisait partie des murs de la ville de Prague. C&rsquo;est aujourd&rsquo;hui l&rsquo;un des points de vue les plus populaires de la vieille ville . Toutes les informations importantes sur la tour poudri\u00e8re sont rassembl\u00e9es ici, y compris l&rsquo;admission, son histoire et l&rsquo;adresse. Commen\u00e7ons! Que puis-je faire dans la tour poudri\u00e8re&nbsp;? Plate-forme d&rsquo;observation [&hellip;]<\/p>\n","protected":false},"author":6,"featured_media":2505,"parent":742,"menu_order":0,"comment_status":"open","ping_status":"closed","template":"","meta":{"footnotes":""},"categories":[],"tags":[19],"class_list":["post-594","page","type-page","status-publish","has-post-thumbnail","hentry","tag-sehenswuerdigkeiten","post-wrapper","thrv_wrapper"],"_links":{"self":[{"href":"https:\/\/praguetouristinformation.com\/fr\/wp-json\/wp\/v2\/pages\/594","targetHints":{"allow":["GET"]}}],"collection":[{"href":"https:\/\/praguetouristinformation.com\/fr\/wp-json\/wp\/v2\/pages"}],"about":[{"href":"https:\/\/praguetouristinformation.com\/fr\/wp-json\/wp\/v2\/types\/page"}],"author":[{"embeddable":true,"href":"https:\/\/praguetouristinformation.com\/fr\/wp-json\/wp\/v2\/users\/6"}],"replies":[{"embeddable":true,"href":"https:\/\/praguetouristinformation.com\/fr\/wp-json\/wp\/v2\/comments?post=594"}],"version-history":[{"count":0,"href":"https:\/\/praguetouristinformation.com\/fr\/wp-json\/wp\/v2\/pages\/594\/revisions"}],"up":[{"embeddable":true,"href":"https:\/\/praguetouristinformation.com\/fr\/wp-json\/wp\/v2\/pages\/742"}],"wp:featuredmedia":[{"embeddable":true,"href":"https:\/\/praguetouristinformation.com\/fr\/wp-json\/wp\/v2\/media\/2505"}],"wp:attachment":[{"href":"https:\/\/praguetouristinformation.com\/fr\/wp-json\/wp\/v2\/media?parent=594"}],"wp:term":[{"taxonomy":"category","embeddable":true,"href":"https:\/\/praguetouristinformation.com\/fr\/wp-json\/wp\/v2\/categories?post=594"},{"taxonomy":"post_tag","embeddable":true,"href":"https:\/\/praguetouristinformation.com\/fr\/wp-json\/wp\/v2\/tags?post=594"}],"curies":[{"name":"wp","href":"https:\/\/api.w.org\/{rel}","templated":true}]}}