{"id":5051,"date":"2025-08-20T07:59:04","date_gmt":"2025-08-20T07:59:04","guid":{"rendered":"https:\/\/praguetouristinformation.com\/fr\/?page_id=5051"},"modified":"2025-08-20T07:59:06","modified_gmt":"2025-08-20T07:59:06","slug":"megapass-prague-city-pass-deluxe","status":"publish","type":"page","link":"https:\/\/praguetouristinformation.com\/fr\/megapass-prague-city-pass-deluxe","title":{"rendered":"MegaPass Prague City Pass Deluxe"},"content":{"rendered":"<p><span><img decoding=\"async\" alt=\"MegaPass Prague City Pass Classic\" data-id=\"5024\" width=\"1200\" height=\"678\" title=\"PRAGUE-Megapass\" src=\"https:\/\/praguetouristinformation.com\/fr\/wp-content\/uploads\/2025\/08\/PRAGUE-Megapass-1024x579.webp\" data-src=\"https:\/\/praguetouristinformation.com\/fr\/wp-content\/uploads\/2025\/08\/PRAGUE-Megapass-300x170.webp\" loading=\"lazy\" data-sizes=\"{&quot;thumbnail&quot;:{&quot;height&quot;:150,&quot;width&quot;:150,&quot;url&quot;:&quot;https:\/\/praguetouristinformation.com\/fr\/wp-content\/uploads\/2025\/08\/PRAGUE-Megapass-150x150.webp&quot;,&quot;orientation&quot;:&quot;landscape&quot;},&quot;medium&quot;:{&quot;height&quot;:170,&quot;width&quot;:300,&quot;url&quot;:&quot;https:\/\/praguetouristinformation.com\/fr\/wp-content\/uploads\/2025\/08\/PRAGUE-Megapass-300x170.webp&quot;,&quot;orientation&quot;:&quot;landscape&quot;},&quot;large&quot;:{&quot;height&quot;:579,&quot;width&quot;:1024,&quot;url&quot;:&quot;https:\/\/praguetouristinformation.com\/fr\/wp-content\/uploads\/2025\/08\/PRAGUE-Megapass-1024x579.webp&quot;,&quot;orientation&quot;:&quot;landscape&quot;},&quot;full&quot;:{&quot;url&quot;:&quot;https:\/\/praguetouristinformation.com\/fr\/wp-content\/uploads\/2025\/08\/PRAGUE-Megapass.webp&quot;,&quot;height&quot;:678,&quot;width&quot;:1200,&quot;orientation&quot;:&quot;landscape&quot;}}\"><\/span><span><img decoding=\"async\" alt=\"\" data-id=\"5037\" width=\"1200\" height=\"678\" title=\"MegaPass Prague City Pass 2\" src=\"https:\/\/praguetouristinformation.com\/fr\/wp-content\/uploads\/2025\/08\/MegaPass-Prague-City-Pass-2--1024x579.webp\" data-src=\"https:\/\/praguetouristinformation.com\/fr\/wp-content\/uploads\/2025\/08\/MegaPass-Prague-City-Pass-2--300x170.webp\" loading=\"lazy\" data-sizes=\"{&quot;thumbnail&quot;:{&quot;height&quot;:150,&quot;width&quot;:150,&quot;url&quot;:&quot;https:\/\/praguetouristinformation.com\/fr\/wp-content\/uploads\/2025\/08\/MegaPass-Prague-City-Pass-2--150x150.webp&quot;,&quot;orientation&quot;:&quot;landscape&quot;},&quot;medium&quot;:{&quot;height&quot;:170,&quot;width&quot;:300,&quot;url&quot;:&quot;https:\/\/praguetouristinformation.com\/fr\/wp-content\/uploads\/2025\/08\/MegaPass-Prague-City-Pass-2--300x170.webp&quot;,&quot;orientation&quot;:&quot;landscape&quot;},&quot;large&quot;:{&quot;height&quot;:579,&quot;width&quot;:1024,&quot;url&quot;:&quot;https:\/\/praguetouristinformation.com\/fr\/wp-content\/uploads\/2025\/08\/MegaPass-Prague-City-Pass-2--1024x579.webp&quot;,&quot;orientation&quot;:&quot;landscape&quot;},&quot;full&quot;:{&quot;url&quot;:&quot;https:\/\/praguetouristinformation.com\/fr\/wp-content\/uploads\/2025\/08\/MegaPass-Prague-City-Pass-2-.webp&quot;,&quot;height&quot;:678,&quot;width&quot;:1200,&quot;orientation&quot;:&quot;landscape&quot;}}\"><\/span><span><img decoding=\"async\" alt=\"\" data-id=\"5033\" width=\"1200\" height=\"678\" title=\"MegaPass Prague City Pass 6\" src=\"https:\/\/praguetouristinformation.com\/fr\/wp-content\/uploads\/2025\/08\/MegaPass-Prague-City-Pass-6-1024x579.webp\" data-src=\"https:\/\/praguetouristinformation.com\/fr\/wp-content\/uploads\/2025\/08\/MegaPass-Prague-City-Pass-6-300x170.webp\" loading=\"lazy\" data-sizes=\"{&quot;thumbnail&quot;:{&quot;height&quot;:150,&quot;width&quot;:150,&quot;url&quot;:&quot;https:\/\/praguetouristinformation.com\/fr\/wp-content\/uploads\/2025\/08\/MegaPass-Prague-City-Pass-6-150x150.webp&quot;,&quot;orientation&quot;:&quot;landscape&quot;},&quot;medium&quot;:{&quot;height&quot;:170,&quot;width&quot;:300,&quot;url&quot;:&quot;https:\/\/praguetouristinformation.com\/fr\/wp-content\/uploads\/2025\/08\/MegaPass-Prague-City-Pass-6-300x170.webp&quot;,&quot;orientation&quot;:&quot;landscape&quot;},&quot;large&quot;:{&quot;height&quot;:579,&quot;width&quot;:1024,&quot;url&quot;:&quot;https:\/\/praguetouristinformation.com\/fr\/wp-content\/uploads\/2025\/08\/MegaPass-Prague-City-Pass-6-1024x579.webp&quot;,&quot;orientation&quot;:&quot;landscape&quot;},&quot;full&quot;:{&quot;url&quot;:&quot;https:\/\/praguetouristinformation.com\/fr\/wp-content\/uploads\/2025\/08\/MegaPass-Prague-City-Pass-6.webp&quot;,&quot;height&quot;:678,&quot;width&quot;:1200,&quot;orientation&quot;:&quot;landscape&quot;}}\"><\/span><span><img decoding=\"async\" alt=\"\" data-id=\"5036\" width=\"1200\" height=\"678\" title=\"MegaPass Prague City Pass Classic 3\" src=\"https:\/\/praguetouristinformation.com\/fr\/wp-content\/uploads\/2025\/08\/MegaPass-Prague-City-Pass-Classic-3-1024x579.webp\" data-src=\"https:\/\/praguetouristinformation.com\/fr\/wp-content\/uploads\/2025\/08\/MegaPass-Prague-City-Pass-Classic-3-300x170.webp\" loading=\"lazy\" data-sizes=\"{&quot;thumbnail&quot;:{&quot;height&quot;:150,&quot;width&quot;:150,&quot;url&quot;:&quot;https:\/\/praguetouristinformation.com\/fr\/wp-content\/uploads\/2025\/08\/MegaPass-Prague-City-Pass-Classic-3-150x150.webp&quot;,&quot;orientation&quot;:&quot;landscape&quot;},&quot;medium&quot;:{&quot;height&quot;:170,&quot;width&quot;:300,&quot;url&quot;:&quot;https:\/\/praguetouristinformation.com\/fr\/wp-content\/uploads\/2025\/08\/MegaPass-Prague-City-Pass-Classic-3-300x170.webp&quot;,&quot;orientation&quot;:&quot;landscape&quot;},&quot;large&quot;:{&quot;height&quot;:579,&quot;width&quot;:1024,&quot;url&quot;:&quot;https:\/\/praguetouristinformation.com\/fr\/wp-content\/uploads\/2025\/08\/MegaPass-Prague-City-Pass-Classic-3-1024x579.webp&quot;,&quot;orientation&quot;:&quot;landscape&quot;},&quot;full&quot;:{&quot;url&quot;:&quot;https:\/\/praguetouristinformation.com\/fr\/wp-content\/uploads\/2025\/08\/MegaPass-Prague-City-Pass-Classic-3.webp&quot;,&quot;height&quot;:678,&quot;width&quot;:1200,&quot;orientation&quot;:&quot;landscape&quot;}}\"><\/span><span><img decoding=\"async\" alt=\"\" data-id=\"5034\" width=\"1200\" height=\"678\" title=\"MegaPass Prague City Pass Classic 5\" src=\"https:\/\/praguetouristinformation.com\/fr\/wp-content\/uploads\/2025\/08\/MegaPass-Prague-City-Pass-Classic-5-1024x579.webp\" data-src=\"https:\/\/praguetouristinformation.com\/fr\/wp-content\/uploads\/2025\/08\/MegaPass-Prague-City-Pass-Classic-5-300x170.webp\" loading=\"lazy\" data-sizes=\"{&quot;thumbnail&quot;:{&quot;height&quot;:150,&quot;width&quot;:150,&quot;url&quot;:&quot;https:\/\/praguetouristinformation.com\/fr\/wp-content\/uploads\/2025\/08\/MegaPass-Prague-City-Pass-Classic-5-150x150.webp&quot;,&quot;orientation&quot;:&quot;landscape&quot;},&quot;medium&quot;:{&quot;height&quot;:170,&quot;width&quot;:300,&quot;url&quot;:&quot;https:\/\/praguetouristinformation.com\/fr\/wp-content\/uploads\/2025\/08\/MegaPass-Prague-City-Pass-Classic-5-300x170.webp&quot;,&quot;orientation&quot;:&quot;landscape&quot;},&quot;large&quot;:{&quot;height&quot;:579,&quot;width&quot;:1024,&quot;url&quot;:&quot;https:\/\/praguetouristinformation.com\/fr\/wp-content\/uploads\/2025\/08\/MegaPass-Prague-City-Pass-Classic-5-1024x579.webp&quot;,&quot;orientation&quot;:&quot;landscape&quot;},&quot;full&quot;:{&quot;url&quot;:&quot;https:\/\/praguetouristinformation.com\/fr\/wp-content\/uploads\/2025\/08\/MegaPass-Prague-City-Pass-Classic-5.webp&quot;,&quot;height&quot;:678,&quot;width&quot;:1200,&quot;orientation&quot;:&quot;landscape&quot;}}\"><\/span><span><img decoding=\"async\" alt=\"\" data-id=\"5031\" width=\"1200\" height=\"678\" title=\"MegaPass Prague City Pass 8\" src=\"https:\/\/praguetouristinformation.com\/fr\/wp-content\/uploads\/2025\/08\/MegaPass-Prague-City-Pass-8-1024x579.webp\" data-src=\"https:\/\/praguetouristinformation.com\/fr\/wp-content\/uploads\/2025\/08\/MegaPass-Prague-City-Pass-8-300x170.webp\" loading=\"lazy\" data-sizes=\"{&quot;thumbnail&quot;:{&quot;height&quot;:150,&quot;width&quot;:150,&quot;url&quot;:&quot;https:\/\/praguetouristinformation.com\/fr\/wp-content\/uploads\/2025\/08\/MegaPass-Prague-City-Pass-8-150x150.webp&quot;,&quot;orientation&quot;:&quot;landscape&quot;},&quot;medium&quot;:{&quot;height&quot;:170,&quot;width&quot;:300,&quot;url&quot;:&quot;https:\/\/praguetouristinformation.com\/fr\/wp-content\/uploads\/2025\/08\/MegaPass-Prague-City-Pass-8-300x170.webp&quot;,&quot;orientation&quot;:&quot;landscape&quot;},&quot;large&quot;:{&quot;height&quot;:579,&quot;width&quot;:1024,&quot;url&quot;:&quot;https:\/\/praguetouristinformation.com\/fr\/wp-content\/uploads\/2025\/08\/MegaPass-Prague-City-Pass-8-1024x579.webp&quot;,&quot;orientation&quot;:&quot;landscape&quot;},&quot;full&quot;:{&quot;url&quot;:&quot;https:\/\/praguetouristinformation.com\/fr\/wp-content\/uploads\/2025\/08\/MegaPass-Prague-City-Pass-8.webp&quot;,&quot;height&quot;:678,&quot;width&quot;:1200,&quot;orientation&quot;:&quot;landscape&quot;}}\"><\/span><span><img decoding=\"async\" alt=\"\" data-id=\"5038\" width=\"1200\" height=\"678\" title=\"MegaPass Prague City Pass\" src=\"https:\/\/praguetouristinformation.com\/fr\/wp-content\/uploads\/2025\/08\/MegaPass-Prague-City-Pass-1-1-1024x579.webp\" data-src=\"https:\/\/praguetouristinformation.com\/fr\/wp-content\/uploads\/2025\/08\/MegaPass-Prague-City-Pass-1-1-300x170.webp\" loading=\"lazy\" data-sizes=\"{&quot;thumbnail&quot;:{&quot;height&quot;:150,&quot;width&quot;:150,&quot;url&quot;:&quot;https:\/\/praguetouristinformation.com\/fr\/wp-content\/uploads\/2025\/08\/MegaPass-Prague-City-Pass-1-1-150x150.webp&quot;,&quot;orientation&quot;:&quot;landscape&quot;},&quot;medium&quot;:{&quot;height&quot;:170,&quot;width&quot;:300,&quot;url&quot;:&quot;https:\/\/praguetouristinformation.com\/fr\/wp-content\/uploads\/2025\/08\/MegaPass-Prague-City-Pass-1-1-300x170.webp&quot;,&quot;orientation&quot;:&quot;landscape&quot;},&quot;large&quot;:{&quot;height&quot;:579,&quot;width&quot;:1024,&quot;url&quot;:&quot;https:\/\/praguetouristinformation.com\/fr\/wp-content\/uploads\/2025\/08\/MegaPass-Prague-City-Pass-1-1-1024x579.webp&quot;,&quot;orientation&quot;:&quot;landscape&quot;},&quot;full&quot;:{&quot;url&quot;:&quot;https:\/\/praguetouristinformation.com\/fr\/wp-content\/uploads\/2025\/08\/MegaPass-Prague-City-Pass-1-1.webp&quot;,&quot;height&quot;:678,&quot;width&quot;:1200,&quot;orientation&quot;:&quot;landscape&quot;}}\"><\/span><span><img decoding=\"async\" alt=\"\" data-id=\"5035\" width=\"1200\" height=\"678\" title=\"MegaPass Prague City Pass Classic 4\" src=\"https:\/\/praguetouristinformation.com\/fr\/wp-content\/uploads\/2025\/08\/MegaPass-Prague-City-Pass-Classic-4-1024x579.webp\" data-src=\"https:\/\/praguetouristinformation.com\/fr\/wp-content\/uploads\/2025\/08\/MegaPass-Prague-City-Pass-Classic-4-300x170.webp\" loading=\"lazy\" data-sizes=\"{&quot;thumbnail&quot;:{&quot;height&quot;:150,&quot;width&quot;:150,&quot;url&quot;:&quot;https:\/\/praguetouristinformation.com\/fr\/wp-content\/uploads\/2025\/08\/MegaPass-Prague-City-Pass-Classic-4-150x150.webp&quot;,&quot;orientation&quot;:&quot;landscape&quot;},&quot;medium&quot;:{&quot;height&quot;:170,&quot;width&quot;:300,&quot;url&quot;:&quot;https:\/\/praguetouristinformation.com\/fr\/wp-content\/uploads\/2025\/08\/MegaPass-Prague-City-Pass-Classic-4-300x170.webp&quot;,&quot;orientation&quot;:&quot;landscape&quot;},&quot;large&quot;:{&quot;height&quot;:579,&quot;width&quot;:1024,&quot;url&quot;:&quot;https:\/\/praguetouristinformation.com\/fr\/wp-content\/uploads\/2025\/08\/MegaPass-Prague-City-Pass-Classic-4-1024x579.webp&quot;,&quot;orientation&quot;:&quot;landscape&quot;},&quot;full&quot;:{&quot;url&quot;:&quot;https:\/\/praguetouristinformation.com\/fr\/wp-content\/uploads\/2025\/08\/MegaPass-Prague-City-Pass-Classic-4.webp&quot;,&quot;height&quot;:678,&quot;width&quot;:1200,&quot;orientation&quot;:&quot;landscape&quot;}}\"><\/span><span><img decoding=\"async\" alt=\"\" data-id=\"5032\" width=\"1200\" height=\"678\" title=\"MegaPass Prague City Pass 7\" src=\"https:\/\/praguetouristinformation.com\/fr\/wp-content\/uploads\/2025\/08\/MegaPass-Prague-City-Pass-7-1024x579.webp\" data-src=\"https:\/\/praguetouristinformation.com\/fr\/wp-content\/uploads\/2025\/08\/MegaPass-Prague-City-Pass-7-300x170.webp\" loading=\"lazy\" data-sizes=\"{&quot;thumbnail&quot;:{&quot;height&quot;:150,&quot;width&quot;:150,&quot;url&quot;:&quot;https:\/\/praguetouristinformation.com\/fr\/wp-content\/uploads\/2025\/08\/MegaPass-Prague-City-Pass-7-150x150.webp&quot;,&quot;orientation&quot;:&quot;landscape&quot;},&quot;medium&quot;:{&quot;height&quot;:170,&quot;width&quot;:300,&quot;url&quot;:&quot;https:\/\/praguetouristinformation.com\/fr\/wp-content\/uploads\/2025\/08\/MegaPass-Prague-City-Pass-7-300x170.webp&quot;,&quot;orientation&quot;:&quot;landscape&quot;},&quot;large&quot;:{&quot;height&quot;:579,&quot;width&quot;:1024,&quot;url&quot;:&quot;https:\/\/praguetouristinformation.com\/fr\/wp-content\/uploads\/2025\/08\/MegaPass-Prague-City-Pass-7-1024x579.webp&quot;,&quot;orientation&quot;:&quot;landscape&quot;},&quot;full&quot;:{&quot;url&quot;:&quot;https:\/\/praguetouristinformation.com\/fr\/wp-content\/uploads\/2025\/08\/MegaPass-Prague-City-Pass-7.webp&quot;,&quot;height&quot;:678,&quot;width&quot;:1200,&quot;orientation&quot;:&quot;landscape&quot;}}\"><\/span><\/p>\n<h1 data-qa-marker=\"product-name\">MegaPass Prague City Pass Deluxe<\/h1>\n<h2><a href=\"https:\/\/megapass.com\/tours-tickets\/prague-city-pass-deluxe-i3696?discountCode=ma-places\" target=\"_blank\" rel=\"nofollow noopener\" style=\"outline: none;\">Obtenez votre pass<\/a><\/h2>\n<h1><a href=\"https:\/\/megapass.com\/tours-tickets\/prague-city-pass-deluxe-i3696?discountCode=ma-places\" target=\"_blank\" rel=\"nofollow noopener\" style=\"outline: none;\"><span style=\"font-weight: normal;\">\u00c0 partir de <\/span>126<strong>,35 \u20ac<\/strong><\/a><\/h1>\n<p dir=\"ltr\">Profitez pleinement de Prague et <strong>\u00e9conomisez 5 % gr\u00e2ce <\/strong>\u00e0 notre r\u00e9duction exclusive sur le MegaPass Prague City Pass Deluxe, qui inclut la <strong>Prague Card 72 h <\/strong>donnant acc\u00e8s \u00e0 plus de <strong>60 attractions<\/strong> et aux <strong>transports publics illimit\u00e9s.<\/strong><\/p>\n<ul>\n<li style=\"\"><span>City Pass<\/span><\/li>\n<li style=\"\"><!--! Font Awesome Free 6.7.1 by @fontawesome - https:\/\/fontawesome.com License - https:\/\/fontawesome.com\/license\/free (Icons: CC BY 4.0, Fonts: SIL OFL 1.1, Code: MIT License) Copyright 2024 Fonticons, Inc. --><span>Audioguide (anglais, allemand, italien, espagnol, fran\u00e7ais)<\/span><\/li>\n<li style=\"\"><span>&nbsp;Validit\u00e9 : 3 jours<\/span><\/li>\n<li style=\"\"><span>Billet envoy\u00e9 instantan\u00e9ment<\/span><\/li>\n<\/ul>\n<h2>Ce qui est inclus<\/h2>\n<ul>\n<li style=\"\">                    <span><strong>Prague Card<\/strong> \u2013 Acc\u00e8s tout compris pendant 72 h \u00e0 plus de 60 attractions<\/span><\/li>\n<li style=\"\">                    <span>Transports publics illimit\u00e9s pendant 72 h (tram, m\u00e9tro, bus)<\/span><\/li>\n<li><span>H\u00f4tel de Ville de la Vieille Ville avec l\u2019Horloge astronomique<\/span><\/li>\n<li><span>Cl\u00e9mentinum : Tour astronomique &amp; Biblioth\u00e8que baroque<\/span><\/li>\n<li><span>Prague Venice \u2013 Croisi\u00e8re sur la Vltava<\/span><\/li>\n<li><span>Zoo de Prague<\/span><\/li>\n<li><span>Tramway historique ligne 42 \u2013 billet 24 h<\/span><\/li>\n<li><span>Tour de Pet\u0159\u00edn &amp; labyrinthe de miroirs<\/span><\/li>\n<li><span>Tour du Pont de la Vieille Ville<\/span><\/li>\n<li><span>Tours du Pont de Mala Strana<\/span><\/li>\n<li><span>Porte Poudri\u00e8re<\/span><\/li>\n<li><span>Manifesto Market And\u011bl \u2013 boisson de bienvenue au SOOT Bar<\/span><\/li>\n<li><span>Deux audioguides num\u00e9riques (Ch\u00e2teau de Prague + Incontournables de Prague)<\/span><\/li>\n<li><span><strong data-end=\"975\" data-start=\"951\">3 Go de donn\u00e9es eSIM<\/strong> pour un acc\u00e8s Internet imm\u00e9diat<\/span><\/li>\n<\/ul>\n<h2>Ce qui n&rsquo;est pas inclus<\/h2>\n<ul>\n<li style=\"\"><span>Acc\u00e8s aux expositions payantes suppl\u00e9mentaires non sp\u00e9cifi\u00e9es dans les inclusions<\/span><\/li>\n<li style=\"\"><span>Repas (sauf boisson de bienvenue au SOOT Bar)<\/span><\/li>\n<li style=\"\"><span>Transferts d\u2019h\u00f4tel ou transport priv\u00e9 hors r\u00e9seau public<\/span><\/li>\n<\/ul>\n<h2>Informations importantes<\/h2>\n<ul>\n<li style=\"\"><span>Apr\u00e8s votre r\u00e9servation, vous recevrez votre pass par e-mail<\/span><\/li>\n<li><span>Pr\u00e9sentez votre QR code \u00e0 chaque attraction et explorez \u00e0 votre rythme<\/span><\/li>\n<li><span>Le pass est valide 72 h \u00e0 partir de la premi\u00e8re utilisation<\/span><\/li>\n<li><span>Les transports publics illimit\u00e9s sont inclus pendant la p\u00e9riode de validit\u00e9<\/span><\/li>\n<\/ul>\n<h2>Description:<\/h2>\n<p dir=\"ltr\">Le MegaPass Prague City Pass Deluxe est la carte touristique ultime \u2013 <strong>d\u00e9sormais avec 5 % de r\u00e9duction <\/strong>exclusive en r\u00e9servant via notre lien. Elle comprend la <strong>Prague Card 72 h,<\/strong> qui ouvre les portes de<strong> plus de 60 attractions<\/strong>, les<strong> transports illimit\u00e9s <\/strong>et des exp\u00e9riences embl\u00e9matiques telles que l\u2019Horloge astronomique, le Ch\u00e2teau de Prague et une <strong>croisi\u00e8re sur la Vltava.<\/strong><\/p>\n<p dir=\"ltr\">Montez dans les<strong> tramways historiques,<\/strong> visitez des tours m\u00e9di\u00e9vales, explorez les <strong>mus\u00e9es<\/strong> de la ville et savourez une boisson de bienvenue au Manifesto Market. Avec des <strong>audioguides<\/strong> <strong>multilingues<\/strong> et une eSIM de 3 Go, voyez plus, d\u00e9pensez moins et visitez Prague plus intelligemment.<\/p>\n<h2>Points forts:<\/h2>\n<ul>\n<li dir=\"ltr\">Acc\u00e8s \u00e0 60+ attractions avec la Prague Card 72 h<\/li>\n<li dir=\"ltr\">Transports publics illimit\u00e9s : tram, bus, m\u00e9tro et plus<\/li>\n<li dir=\"ltr\">Visitez l\u2019Horloge astronomique, le Ch\u00e2teau de Prague et les tours historiques<\/li>\n<li dir=\"ltr\">D\u00e9tendez-vous lors d\u2019une croisi\u00e8re sur la Vltava<\/li>\n<li dir=\"ltr\">Explorez le Quartier juif, la Tour de Pet\u0159\u00edn &amp; le Zoo de Prague<\/li>\n<li dir=\"ltr\">Voyagez dans un tramway historique (ligne 42)<\/li>\n<li dir=\"ltr\">Restez connect\u00e9 avec une eSIM de 3 Go<\/li>\n<li>\u00c9conomisez 5 % imm\u00e9diatement avec notre lien exclusif \u2013 aucun code requis<\/li>\n<\/ul>\n<h2>Politique d\u2019annulation&nbsp;<\/h2>\n<p data-pm-slice=\"1 1 []\">Annulation gratuite dans les 30 jours suivant l\u2019achat si votre pass n\u2019a pas \u00e9t\u00e9 activ\u00e9. Une fois activ\u00e9, le pass est valide 72 h et non remboursable.<\/p>\n<h2>Point de rendez-vous et instructions<\/h2>\n<ul>\n<li dir=\"ltr\">Apr\u00e8s votre r\u00e9servation, vous recevrez votre pass et votre QR code par e-mail. Activez-le lors de votre premi\u00e8re entr\u00e9e dans une attraction ou un transport public. <\/li>\n<li dir=\"ltr\">Pr\u00e9sentez simplement le QR code \u00e0 chaque site partenaire pour entrer.<\/li>\n<\/ul>\n<h2>Avis et notes<\/h2>\n<p><a href=\"https:\/\/megapass.com\/tours-tickets\/prague-city-pass-deluxe-i3696?discountCode=ma-places\" target=\"_blank\" rel=\"nofollow noopener\" spellcheck=\"false\" style=\"outline: none;\">Soyez le premier \u00e0 laisser un avis !<\/a><\/p>\n<h2>Quelques activit\u00e9s que vous pourriez aimer<\/h2>\n<p><span># <\/span><strong><span>2<\/span><\/strong><span># <\/span><strong><span>2<\/span><\/strong><span><img decoding=\"async\" alt=\"MegaPass Prague City Pass Classic\" data-id=\"5024\" width=\"159\" data-init-width=\"1200\" height=\"90\" data-init-height=\"678\" title=\"PRAGUE-Megapass\" loading=\"lazy\" src=\"https:\/\/praguetouristinformation.com\/fr\/wp-content\/uploads\/2025\/08\/PRAGUE-Megapass.webp\" data-width=\"159\" data-height=\"90\" style=\"aspect-ratio: auto 1200 \/ 678;\"><\/span><\/p>\n<table>\n<tbody>\n<tr>\n<td><a href=\"https:\/\/megapass.com\/tours-tickets\/prague-city-pass-premium-i3695?discountCode=ma-places\" target=\"_blank\" rel=\"nofollow noopener\" data-lt-tmp-id=\"lt-820208\" spellcheck=\"false\" style=\"outline: none;\">MegaPass Prague City Pass Premium<\/a><\/td>\n<\/tr>\n<\/tbody>\n<\/table>\n<p data-pm-slice=\"1 1 []\">D\u00e9couvrez les sites essentiels de Prague avec le MegaPass Prague City Pass Premium, qui inclut l\u2019entr\u00e9e aux principales attractions, une croisi\u00e8re et un pass bus Hop-on Hop-off valable 3 jours.<\/p>\n<h3 style=\"\">Prix total<\/h3>\n<h3 style=\"\">Vous ne serez pas encore factur\u00e9<\/h3>\n<p><span># <\/span><strong><span>2<\/span><\/strong><span><img decoding=\"async\" alt=\"MegaPass Prague City Pass Classic\" data-id=\"5024\" width=\"159\" data-init-width=\"1200\" height=\"90\" data-init-height=\"678\" title=\"PRAGUE-Megapass\" loading=\"lazy\" src=\"https:\/\/praguetouristinformation.com\/fr\/wp-content\/uploads\/2025\/08\/PRAGUE-Megapass.webp\" data-width=\"159\" data-height=\"90\" style=\"aspect-ratio: auto 1200 \/ 678;\"><\/span><\/p>\n<table>\n<tbody>\n<tr>\n<td><a href=\"https:\/\/megapass.com\/tours-tickets\/prague-city-pass-classic-i3694?discountCode=ma-places\" target=\"_blank\" rel=\"nofollow noopener\" spellcheck=\"false\" style=\"outline: none;\">MegaPass Prague City Pass Classic<\/a><\/td>\n<\/tr>\n<\/tbody>\n<\/table>\n<p data-pm-slice=\"1 1 []\">D\u00e9couvrez l\u2019essentiel de Prague avec le MegaPass Prague City Pass Classic, qui comprend l\u2019entr\u00e9e aux principales attractions, une croisi\u00e8re et une eSIM de 3 Go.<\/p>\n<h3 style=\"\">Prix total<\/h3>\n<h3 style=\"\">Vous ne serez pas encore factur\u00e9<\/h3>\n<\/p>\n<h2><a href=\"https:\/\/megapass.com\/tours-tickets\/prague-city-pass-deluxe-i3696?discountCode=ma-places\" target=\"_blank\" rel=\"nofollow noopener\" style=\"outline: none;\" spellcheck=\"false\">Obtenez votre pass<\/a><\/h2>\n<h1><a href=\"https:\/\/megapass.com\/tours-tickets\/prague-city-pass-deluxe-i3696?discountCode=ma-places\" target=\"_blank\" rel=\"nofollow noopener\" style=\"outline: none;\" spellcheck=\"false\"><span style=\"font-weight: normal;\">\u00c0 partir de <\/span><strong>126,35 \u20ac<\/strong><\/a><\/h1>\n<p style=\"\">Vous ne serez pas encore factur\u00e9<\/p>\n","protected":false},"excerpt":{"rendered":"<p>MegaPass Prague City Pass Deluxe Obtenez votre pass \u00c0 partir de 126,35 \u20ac Profitez pleinement de Prague et \u00e9conomisez 5 % gr\u00e2ce \u00e0 notre r\u00e9duction exclusive sur le MegaPass Prague City Pass Deluxe, qui inclut la Prague Card 72 h donnant acc\u00e8s \u00e0 plus de 60 attractions et aux transports publics illimit\u00e9s. City Pass Audioguide [&hellip;]<\/p>\n","protected":false},"author":6,"featured_media":5024,"parent":0,"menu_order":0,"comment_status":"closed","ping_status":"closed","template":"","meta":{"footnotes":""},"categories":[],"tags":[55],"class_list":["post-5051","page","type-page","status-publish","has-post-thumbnail","hentry","tag-sales-page","post-wrapper","thrv_wrapper"],"_links":{"self":[{"href":"https:\/\/praguetouristinformation.com\/fr\/wp-json\/wp\/v2\/pages\/5051","targetHints":{"allow":["GET"]}}],"collection":[{"href":"https:\/\/praguetouristinformation.com\/fr\/wp-json\/wp\/v2\/pages"}],"about":[{"href":"https:\/\/praguetouristinformation.com\/fr\/wp-json\/wp\/v2\/types\/page"}],"author":[{"embeddable":true,"href":"https:\/\/praguetouristinformation.com\/fr\/wp-json\/wp\/v2\/users\/6"}],"replies":[{"embeddable":true,"href":"https:\/\/praguetouristinformation.com\/fr\/wp-json\/wp\/v2\/comments?post=5051"}],"version-history":[{"count":7,"href":"https:\/\/praguetouristinformation.com\/fr\/wp-json\/wp\/v2\/pages\/5051\/revisions"}],"predecessor-version":[{"id":5058,"href":"https:\/\/praguetouristinformation.com\/fr\/wp-json\/wp\/v2\/pages\/5051\/revisions\/5058"}],"wp:featuredmedia":[{"embeddable":true,"href":"https:\/\/praguetouristinformation.com\/fr\/wp-json\/wp\/v2\/media\/5024"}],"wp:attachment":[{"href":"https:\/\/praguetouristinformation.com\/fr\/wp-json\/wp\/v2\/media?parent=5051"}],"wp:term":[{"taxonomy":"category","embeddable":true,"href":"https:\/\/praguetouristinformation.com\/fr\/wp-json\/wp\/v2\/categories?post=5051"},{"taxonomy":"post_tag","embeddable":true,"href":"https:\/\/praguetouristinformation.com\/fr\/wp-json\/wp\/v2\/tags?post=5051"}],"curies":[{"name":"wp","href":"https:\/\/api.w.org\/{rel}","templated":true}]}}