{"id":5022,"date":"2025-08-20T07:17:19","date_gmt":"2025-08-20T07:17:19","guid":{"rendered":"https:\/\/praguetouristinformation.com\/fr\/?page_id=5022"},"modified":"2025-08-20T07:17:20","modified_gmt":"2025-08-20T07:17:20","slug":"megapass-prague-city-pass-classic","status":"publish","type":"page","link":"https:\/\/praguetouristinformation.com\/fr\/megapass-prague-city-pass-classic","title":{"rendered":"MegaPass Prague City Pass Classic"},"content":{"rendered":"<p><span><img decoding=\"async\" alt=\"MegaPass Prague City Pass Classic\" data-id=\"5024\" width=\"1200\" height=\"678\" title=\"PRAGUE-Megapass\" src=\"https:\/\/praguetouristinformation.com\/fr\/wp-content\/uploads\/2025\/08\/PRAGUE-Megapass-1024x579.webp\" data-src=\"https:\/\/praguetouristinformation.com\/fr\/wp-content\/uploads\/2025\/08\/PRAGUE-Megapass-300x170.webp\" loading=\"lazy\" data-sizes=\"{&quot;thumbnail&quot;:{&quot;height&quot;:150,&quot;width&quot;:150,&quot;url&quot;:&quot;https:\/\/praguetouristinformation.com\/fr\/wp-content\/uploads\/2025\/08\/PRAGUE-Megapass-150x150.webp&quot;,&quot;orientation&quot;:&quot;landscape&quot;},&quot;medium&quot;:{&quot;height&quot;:170,&quot;width&quot;:300,&quot;url&quot;:&quot;https:\/\/praguetouristinformation.com\/fr\/wp-content\/uploads\/2025\/08\/PRAGUE-Megapass-300x170.webp&quot;,&quot;orientation&quot;:&quot;landscape&quot;},&quot;large&quot;:{&quot;height&quot;:579,&quot;width&quot;:1024,&quot;url&quot;:&quot;https:\/\/praguetouristinformation.com\/fr\/wp-content\/uploads\/2025\/08\/PRAGUE-Megapass-1024x579.webp&quot;,&quot;orientation&quot;:&quot;landscape&quot;},&quot;full&quot;:{&quot;url&quot;:&quot;https:\/\/praguetouristinformation.com\/fr\/wp-content\/uploads\/2025\/08\/PRAGUE-Megapass.webp&quot;,&quot;height&quot;:678,&quot;width&quot;:1200,&quot;orientation&quot;:&quot;landscape&quot;}}\"><\/span><span><img decoding=\"async\" alt=\"\" data-id=\"5038\" width=\"1200\" height=\"678\" title=\"MegaPass Prague City Pass\" src=\"https:\/\/praguetouristinformation.com\/fr\/wp-content\/uploads\/2025\/08\/MegaPass-Prague-City-Pass-1-1-1024x579.webp\" data-src=\"https:\/\/praguetouristinformation.com\/fr\/wp-content\/uploads\/2025\/08\/MegaPass-Prague-City-Pass-1-1-300x170.webp\" loading=\"lazy\" data-sizes=\"{&quot;thumbnail&quot;:{&quot;height&quot;:150,&quot;width&quot;:150,&quot;url&quot;:&quot;https:\/\/praguetouristinformation.com\/fr\/wp-content\/uploads\/2025\/08\/MegaPass-Prague-City-Pass-1-1-150x150.webp&quot;,&quot;orientation&quot;:&quot;landscape&quot;},&quot;medium&quot;:{&quot;height&quot;:170,&quot;width&quot;:300,&quot;url&quot;:&quot;https:\/\/praguetouristinformation.com\/fr\/wp-content\/uploads\/2025\/08\/MegaPass-Prague-City-Pass-1-1-300x170.webp&quot;,&quot;orientation&quot;:&quot;landscape&quot;},&quot;large&quot;:{&quot;height&quot;:579,&quot;width&quot;:1024,&quot;url&quot;:&quot;https:\/\/praguetouristinformation.com\/fr\/wp-content\/uploads\/2025\/08\/MegaPass-Prague-City-Pass-1-1-1024x579.webp&quot;,&quot;orientation&quot;:&quot;landscape&quot;},&quot;full&quot;:{&quot;url&quot;:&quot;https:\/\/praguetouristinformation.com\/fr\/wp-content\/uploads\/2025\/08\/MegaPass-Prague-City-Pass-1-1.webp&quot;,&quot;height&quot;:678,&quot;width&quot;:1200,&quot;orientation&quot;:&quot;landscape&quot;}}\"><\/span><span><img decoding=\"async\" alt=\"\" data-id=\"5033\" width=\"1200\" height=\"678\" title=\"MegaPass Prague City Pass 6\" src=\"https:\/\/praguetouristinformation.com\/fr\/wp-content\/uploads\/2025\/08\/MegaPass-Prague-City-Pass-6-1024x579.webp\" data-src=\"https:\/\/praguetouristinformation.com\/fr\/wp-content\/uploads\/2025\/08\/MegaPass-Prague-City-Pass-6-300x170.webp\" loading=\"lazy\" data-sizes=\"{&quot;thumbnail&quot;:{&quot;height&quot;:150,&quot;width&quot;:150,&quot;url&quot;:&quot;https:\/\/praguetouristinformation.com\/fr\/wp-content\/uploads\/2025\/08\/MegaPass-Prague-City-Pass-6-150x150.webp&quot;,&quot;orientation&quot;:&quot;landscape&quot;},&quot;medium&quot;:{&quot;height&quot;:170,&quot;width&quot;:300,&quot;url&quot;:&quot;https:\/\/praguetouristinformation.com\/fr\/wp-content\/uploads\/2025\/08\/MegaPass-Prague-City-Pass-6-300x170.webp&quot;,&quot;orientation&quot;:&quot;landscape&quot;},&quot;large&quot;:{&quot;height&quot;:579,&quot;width&quot;:1024,&quot;url&quot;:&quot;https:\/\/praguetouristinformation.com\/fr\/wp-content\/uploads\/2025\/08\/MegaPass-Prague-City-Pass-6-1024x579.webp&quot;,&quot;orientation&quot;:&quot;landscape&quot;},&quot;full&quot;:{&quot;url&quot;:&quot;https:\/\/praguetouristinformation.com\/fr\/wp-content\/uploads\/2025\/08\/MegaPass-Prague-City-Pass-6.webp&quot;,&quot;height&quot;:678,&quot;width&quot;:1200,&quot;orientation&quot;:&quot;landscape&quot;}}\"><\/span><span><img decoding=\"async\" alt=\"\" data-id=\"5037\" width=\"1200\" height=\"678\" title=\"MegaPass Prague City Pass 2\" src=\"https:\/\/praguetouristinformation.com\/fr\/wp-content\/uploads\/2025\/08\/MegaPass-Prague-City-Pass-2--1024x579.webp\" data-src=\"https:\/\/praguetouristinformation.com\/fr\/wp-content\/uploads\/2025\/08\/MegaPass-Prague-City-Pass-2--300x170.webp\" loading=\"lazy\" data-sizes=\"{&quot;thumbnail&quot;:{&quot;height&quot;:150,&quot;width&quot;:150,&quot;url&quot;:&quot;https:\/\/praguetouristinformation.com\/fr\/wp-content\/uploads\/2025\/08\/MegaPass-Prague-City-Pass-2--150x150.webp&quot;,&quot;orientation&quot;:&quot;landscape&quot;},&quot;medium&quot;:{&quot;height&quot;:170,&quot;width&quot;:300,&quot;url&quot;:&quot;https:\/\/praguetouristinformation.com\/fr\/wp-content\/uploads\/2025\/08\/MegaPass-Prague-City-Pass-2--300x170.webp&quot;,&quot;orientation&quot;:&quot;landscape&quot;},&quot;large&quot;:{&quot;height&quot;:579,&quot;width&quot;:1024,&quot;url&quot;:&quot;https:\/\/praguetouristinformation.com\/fr\/wp-content\/uploads\/2025\/08\/MegaPass-Prague-City-Pass-2--1024x579.webp&quot;,&quot;orientation&quot;:&quot;landscape&quot;},&quot;full&quot;:{&quot;url&quot;:&quot;https:\/\/praguetouristinformation.com\/fr\/wp-content\/uploads\/2025\/08\/MegaPass-Prague-City-Pass-2-.webp&quot;,&quot;height&quot;:678,&quot;width&quot;:1200,&quot;orientation&quot;:&quot;landscape&quot;}}\"><\/span><span><img decoding=\"async\" alt=\"\" data-id=\"5036\" width=\"1200\" height=\"678\" title=\"MegaPass Prague City Pass Classic 3\" src=\"https:\/\/praguetouristinformation.com\/fr\/wp-content\/uploads\/2025\/08\/MegaPass-Prague-City-Pass-Classic-3-1024x579.webp\" data-src=\"https:\/\/praguetouristinformation.com\/fr\/wp-content\/uploads\/2025\/08\/MegaPass-Prague-City-Pass-Classic-3-300x170.webp\" loading=\"lazy\" data-sizes=\"{&quot;thumbnail&quot;:{&quot;height&quot;:150,&quot;width&quot;:150,&quot;url&quot;:&quot;https:\/\/praguetouristinformation.com\/fr\/wp-content\/uploads\/2025\/08\/MegaPass-Prague-City-Pass-Classic-3-150x150.webp&quot;,&quot;orientation&quot;:&quot;landscape&quot;},&quot;medium&quot;:{&quot;height&quot;:170,&quot;width&quot;:300,&quot;url&quot;:&quot;https:\/\/praguetouristinformation.com\/fr\/wp-content\/uploads\/2025\/08\/MegaPass-Prague-City-Pass-Classic-3-300x170.webp&quot;,&quot;orientation&quot;:&quot;landscape&quot;},&quot;large&quot;:{&quot;height&quot;:579,&quot;width&quot;:1024,&quot;url&quot;:&quot;https:\/\/praguetouristinformation.com\/fr\/wp-content\/uploads\/2025\/08\/MegaPass-Prague-City-Pass-Classic-3-1024x579.webp&quot;,&quot;orientation&quot;:&quot;landscape&quot;},&quot;full&quot;:{&quot;url&quot;:&quot;https:\/\/praguetouristinformation.com\/fr\/wp-content\/uploads\/2025\/08\/MegaPass-Prague-City-Pass-Classic-3.webp&quot;,&quot;height&quot;:678,&quot;width&quot;:1200,&quot;orientation&quot;:&quot;landscape&quot;}}\"><\/span><span><img decoding=\"async\" alt=\"\" data-id=\"5035\" width=\"1200\" height=\"678\" title=\"MegaPass Prague City Pass Classic 4\" src=\"https:\/\/praguetouristinformation.com\/fr\/wp-content\/uploads\/2025\/08\/MegaPass-Prague-City-Pass-Classic-4-1024x579.webp\" data-src=\"https:\/\/praguetouristinformation.com\/fr\/wp-content\/uploads\/2025\/08\/MegaPass-Prague-City-Pass-Classic-4-300x170.webp\" loading=\"lazy\" data-sizes=\"{&quot;thumbnail&quot;:{&quot;height&quot;:150,&quot;width&quot;:150,&quot;url&quot;:&quot;https:\/\/praguetouristinformation.com\/fr\/wp-content\/uploads\/2025\/08\/MegaPass-Prague-City-Pass-Classic-4-150x150.webp&quot;,&quot;orientation&quot;:&quot;landscape&quot;},&quot;medium&quot;:{&quot;height&quot;:170,&quot;width&quot;:300,&quot;url&quot;:&quot;https:\/\/praguetouristinformation.com\/fr\/wp-content\/uploads\/2025\/08\/MegaPass-Prague-City-Pass-Classic-4-300x170.webp&quot;,&quot;orientation&quot;:&quot;landscape&quot;},&quot;large&quot;:{&quot;height&quot;:579,&quot;width&quot;:1024,&quot;url&quot;:&quot;https:\/\/praguetouristinformation.com\/fr\/wp-content\/uploads\/2025\/08\/MegaPass-Prague-City-Pass-Classic-4-1024x579.webp&quot;,&quot;orientation&quot;:&quot;landscape&quot;},&quot;full&quot;:{&quot;url&quot;:&quot;https:\/\/praguetouristinformation.com\/fr\/wp-content\/uploads\/2025\/08\/MegaPass-Prague-City-Pass-Classic-4.webp&quot;,&quot;height&quot;:678,&quot;width&quot;:1200,&quot;orientation&quot;:&quot;landscape&quot;}}\"><\/span><span><img decoding=\"async\" alt=\"\" data-id=\"5034\" width=\"1200\" height=\"678\" title=\"MegaPass Prague City Pass Classic 5\" src=\"https:\/\/praguetouristinformation.com\/fr\/wp-content\/uploads\/2025\/08\/MegaPass-Prague-City-Pass-Classic-5-1024x579.webp\" data-src=\"https:\/\/praguetouristinformation.com\/fr\/wp-content\/uploads\/2025\/08\/MegaPass-Prague-City-Pass-Classic-5-300x170.webp\" loading=\"lazy\" data-sizes=\"{&quot;thumbnail&quot;:{&quot;height&quot;:150,&quot;width&quot;:150,&quot;url&quot;:&quot;https:\/\/praguetouristinformation.com\/fr\/wp-content\/uploads\/2025\/08\/MegaPass-Prague-City-Pass-Classic-5-150x150.webp&quot;,&quot;orientation&quot;:&quot;landscape&quot;},&quot;medium&quot;:{&quot;height&quot;:170,&quot;width&quot;:300,&quot;url&quot;:&quot;https:\/\/praguetouristinformation.com\/fr\/wp-content\/uploads\/2025\/08\/MegaPass-Prague-City-Pass-Classic-5-300x170.webp&quot;,&quot;orientation&quot;:&quot;landscape&quot;},&quot;large&quot;:{&quot;height&quot;:579,&quot;width&quot;:1024,&quot;url&quot;:&quot;https:\/\/praguetouristinformation.com\/fr\/wp-content\/uploads\/2025\/08\/MegaPass-Prague-City-Pass-Classic-5-1024x579.webp&quot;,&quot;orientation&quot;:&quot;landscape&quot;},&quot;full&quot;:{&quot;url&quot;:&quot;https:\/\/praguetouristinformation.com\/fr\/wp-content\/uploads\/2025\/08\/MegaPass-Prague-City-Pass-Classic-5.webp&quot;,&quot;height&quot;:678,&quot;width&quot;:1200,&quot;orientation&quot;:&quot;landscape&quot;}}\"><\/span><span><img decoding=\"async\" alt=\"\" data-id=\"5032\" width=\"1200\" height=\"678\" title=\"MegaPass Prague City Pass 7\" src=\"https:\/\/praguetouristinformation.com\/fr\/wp-content\/uploads\/2025\/08\/MegaPass-Prague-City-Pass-7-1024x579.webp\" data-src=\"https:\/\/praguetouristinformation.com\/fr\/wp-content\/uploads\/2025\/08\/MegaPass-Prague-City-Pass-7-300x170.webp\" loading=\"lazy\" data-sizes=\"{&quot;thumbnail&quot;:{&quot;height&quot;:150,&quot;width&quot;:150,&quot;url&quot;:&quot;https:\/\/praguetouristinformation.com\/fr\/wp-content\/uploads\/2025\/08\/MegaPass-Prague-City-Pass-7-150x150.webp&quot;,&quot;orientation&quot;:&quot;landscape&quot;},&quot;medium&quot;:{&quot;height&quot;:170,&quot;width&quot;:300,&quot;url&quot;:&quot;https:\/\/praguetouristinformation.com\/fr\/wp-content\/uploads\/2025\/08\/MegaPass-Prague-City-Pass-7-300x170.webp&quot;,&quot;orientation&quot;:&quot;landscape&quot;},&quot;large&quot;:{&quot;height&quot;:579,&quot;width&quot;:1024,&quot;url&quot;:&quot;https:\/\/praguetouristinformation.com\/fr\/wp-content\/uploads\/2025\/08\/MegaPass-Prague-City-Pass-7-1024x579.webp&quot;,&quot;orientation&quot;:&quot;landscape&quot;},&quot;full&quot;:{&quot;url&quot;:&quot;https:\/\/praguetouristinformation.com\/fr\/wp-content\/uploads\/2025\/08\/MegaPass-Prague-City-Pass-7.webp&quot;,&quot;height&quot;:678,&quot;width&quot;:1200,&quot;orientation&quot;:&quot;landscape&quot;}}\"><\/span><span><img decoding=\"async\" alt=\"\" data-id=\"5031\" width=\"1200\" height=\"678\" title=\"MegaPass Prague City Pass 8\" src=\"https:\/\/praguetouristinformation.com\/fr\/wp-content\/uploads\/2025\/08\/MegaPass-Prague-City-Pass-8-1024x579.webp\" data-src=\"https:\/\/praguetouristinformation.com\/fr\/wp-content\/uploads\/2025\/08\/MegaPass-Prague-City-Pass-8-300x170.webp\" loading=\"lazy\" data-sizes=\"{&quot;thumbnail&quot;:{&quot;height&quot;:150,&quot;width&quot;:150,&quot;url&quot;:&quot;https:\/\/praguetouristinformation.com\/fr\/wp-content\/uploads\/2025\/08\/MegaPass-Prague-City-Pass-8-150x150.webp&quot;,&quot;orientation&quot;:&quot;landscape&quot;},&quot;medium&quot;:{&quot;height&quot;:170,&quot;width&quot;:300,&quot;url&quot;:&quot;https:\/\/praguetouristinformation.com\/fr\/wp-content\/uploads\/2025\/08\/MegaPass-Prague-City-Pass-8-300x170.webp&quot;,&quot;orientation&quot;:&quot;landscape&quot;},&quot;large&quot;:{&quot;height&quot;:579,&quot;width&quot;:1024,&quot;url&quot;:&quot;https:\/\/praguetouristinformation.com\/fr\/wp-content\/uploads\/2025\/08\/MegaPass-Prague-City-Pass-8-1024x579.webp&quot;,&quot;orientation&quot;:&quot;landscape&quot;},&quot;full&quot;:{&quot;url&quot;:&quot;https:\/\/praguetouristinformation.com\/fr\/wp-content\/uploads\/2025\/08\/MegaPass-Prague-City-Pass-8.webp&quot;,&quot;height&quot;:678,&quot;width&quot;:1200,&quot;orientation&quot;:&quot;landscape&quot;}}\"><\/span><\/p>\n<h1 data-qa-marker=\"product-name\">MegaPass Prague City Pass Classic<\/h1>\n<h2><a href=\"https:\/\/megapass.com\/tours-tickets\/prague-city-pass-classic-i3694?discountCode=ma-places\" target=\"_blank\" rel=\"nofollow noopener\" style=\"outline: none;\">Obtenez votre pass<\/a><\/h2>\n<h1><a href=\"https:\/\/megapass.com\/tours-tickets\/prague-city-pass-classic-i3694?discountCode=ma-places\" target=\"_blank\" rel=\"nofollow noopener\" style=\"outline: none;\"><span style=\"font-weight: normal;\">\u00c0 partir de <\/span>59<strong>,85 \u20ac<\/strong><\/a><\/h1>\n<p dir=\"ltr\">\u00c9conomisez <strong>5 % avec le MegaPass Prague City Pass Classic<\/strong> : votre pass touristique tout-en-un pour les principales <strong>attractions de Prague, visites guid\u00e9es en anglais,<\/strong> <strong>croisi\u00e8re<\/strong> sur la Vltava, audioguides et acc\u00e8s Internet mobile.<\/p>\n<ul>\n<li style=\"\"><span>City Pass<\/span><\/li>\n<li style=\"\"><!--! Font Awesome Free 6.7.1 by @fontawesome - https:\/\/fontawesome.com License - https:\/\/fontawesome.com\/license\/free (Icons: CC BY 4.0, Fonts: SIL OFL 1.1, Code: MIT License) Copyright 2024 Fonticons, Inc. --><span>Audioguide (anglais, allemand, italien, espagnol, fran\u00e7ais)<\/span><\/li>\n<li style=\"\"><span>&nbsp;Validit\u00e9 : 3 jours<\/span><\/li>\n<li style=\"\"><span>Billet envoy\u00e9 instantan\u00e9ment<\/span><\/li>\n<\/ul>\n<h2>Ce qui est inclus<\/h2>\n<ul>\n<li style=\"\">                    <span>Entr\u00e9e au <strong data-end=\"223\" data-start=\"202\">Ch\u00e2teau de Prague<\/strong> avec guide introductif (<strong data-end=\"262\" data-start=\"248\">en anglais<\/strong>)<\/span><\/li>\n<li style=\"\">                    <span>Visite guid\u00e9e de 1 h 30 de la Vieille Ville et du quartier juif (en anglais)<\/span><\/li>\n<li><span>Croisi\u00e8re sur la rivi\u00e8re Vltava<\/span><\/li>\n<li><span>Deux audioguides num\u00e9riques (Ch\u00e2teau de Prague + Incontournables de Prague)<\/span><\/li>\n<li><span><strong data-end=\"975\" data-start=\"951\">3 Go de donn\u00e9es eSIM<\/strong> pour un acc\u00e8s Internet imm\u00e9diat<\/span><\/li>\n<\/ul>\n<h2>Ce qui n&rsquo;est pas inclus<\/h2>\n<ul>\n<li style=\"\"><span>Acc\u00e8s aux expositions payantes suppl\u00e9mentaires non sp\u00e9cifi\u00e9es dans les inclusions<\/span><\/li>\n<\/ul>\n<h2>Informations importantes<\/h2>\n<ul>\n<li style=\"\"><span>Valable 3 jours cons\u00e9cutifs \u00e0 compter de la premi\u00e8re utilisation<\/span><\/li>\n<li><span>Pour combiner la visite du Ch\u00e2teau et la visite guid\u00e9e le m\u00eame jour, choisissez l\u2019entr\u00e9e au Ch\u00e2teau \u00e0 10 h 30 ou 11 h 30, afin d\u2019\u00eatre \u00e0 temps au point de rendez-vous de 13 h 45<\/span><\/li>\n<li><span>Apr\u00e8s votre r\u00e9servation, vous recevrez un e-mail contenant un lien pour s\u00e9lectionner vos dates de visite pr\u00e9f\u00e9r\u00e9es<\/span><\/li>\n<li><span>Pr\u00e9sentez vos billets \u00e0 chaque attraction et explorez \u00e0 votre rythme<\/span><\/li>\n<li><span>Audioguide et eSIM fournis sous format num\u00e9rique apr\u00e8s r\u00e9servation<\/span><\/li>\n<\/ul>\n<h2>Description:<\/h2>\n<p dir=\"ltr\">Le MegaPass Prague City Pass Classic vous donne un acc\u00e8s instantan\u00e9 aux monuments les plus embl\u00e9matiques de la ville \u2013 d\u00e9sormais avec une remise exclusive de <strong>5 % incluse dans votre lien d\u2019achat.<\/strong><\/p>\n<p dir=\"ltr\">Visitez l\u2019impressionnant <strong>Ch\u00e2teau de Prague,<\/strong> profitez d\u2019une croisi\u00e8re pittoresque sur la Vltava et rejoignez une v<strong>isite guid\u00e9e <\/strong><strong data-end=\"2148\" data-start=\"2120\">en anglais&nbsp;<\/strong>de la Vieille Ville et du quartier juif.<\/p>\n<p dir=\"ltr\">Avec des audioguides multilingues et 3 Go de donn\u00e9es eSIM, explorez en toute simplicit\u00e9, restez connect\u00e9 et \u00e9conomisez \u2013 la fa\u00e7on la plus intelligente de d\u00e9couvrir Prague \u00e0 votre rythme.<\/p>\n<h2>Points forts:<\/h2>\n<ul>\n<li>&nbsp;Plongez dans l\u2019histoire au <strong data-end=\"2465\" data-start=\"2444\">Ch\u00e2teau de Prague<\/strong>, l\u2019un des plus vastes complexes d\u2019Europe<\/li>\n<li data-end=\"2598\" data-start=\"2509\">Participez \u00e0 une <strong data-end=\"2556\" data-start=\"2528\">visite guid\u00e9e en anglais<\/strong> de la Vieille Ville et du quartier juif<\/li>\n<li data-end=\"2676\" data-start=\"2599\">Faites une <strong data-end=\"2639\" data-start=\"2612\">croisi\u00e8re sur la Vltava<\/strong> et admirez la silhouette de Prague<\/li>\n<li data-end=\"2746\" data-start=\"2677\">Profitez d\u2019une <strong data-end=\"2723\" data-start=\"2694\">eSIM avec 3 Go de donn\u00e9es<\/strong> pour rester connect\u00e9<\/li>\n<li data-end=\"2842\" data-start=\"2747\">Acc\u00e9dez \u00e0 des <strong data-end=\"2791\" data-start=\"2763\">audioguides multilingues<\/strong> (anglais, allemand, italien, espagnol, fran\u00e7ais)<\/li>\n<li data-end=\"2927\" data-start=\"2843\"><strong data-end=\"2877\" data-start=\"2845\">\u00c9conomisez 5 % imm\u00e9diatement<\/strong> gr\u00e2ce \u00e0 notre lien exclusif \u2013 aucun code requis<\/li>\n<\/ul>\n<h2>Politique d\u2019annulation&nbsp;<\/h2>\n<p data-pm-slice=\"1 1 []\">Annulation gratuite jusqu\u2019\u00e0 30 jours apr\u00e8s l\u2019achat si vous n\u2019avez pas encore s\u00e9lectionn\u00e9 vos attractions. Aucun remboursement possible une fois vos dates confirm\u00e9es et vos billets num\u00e9riques \u00e9mis.<\/p>\n<h2>Point de rendez-vous et instructions<\/h2>\n<ul>\n<li dir=\"ltr\">Apr\u00e8s r\u00e9servation, vous recevrez un e-mail avec un lien pour s\u00e9lectionner vos dates de visite. Une fois confirm\u00e9es, vos billets et documents num\u00e9riques (eSIM et audioguides) vous seront envoy\u00e9s par e-mail.<\/li>\n<li dir=\"ltr\">Pour les visites guid\u00e9es, veuillez suivre les instructions relatives au point de rendez-vous fournies dans votre e-mail de confirmation.<\/li>\n<\/ul>\n<h2>Avis et notes<\/h2>\n<p>\u200b<a href=\"https:\/\/megapass.com\/tours-tickets\/prague-city-pass-classic-i3694?discountCode=ma-places\" target=\"_blank\" rel=\"nofollow noopener\" spellcheck=\"false\" style=\"outline: none;\">Soyez le premier \u00e0 laisser un avis !<\/a><\/p>\n<h2>Quelques activit\u00e9s que vous pourriez aimer<\/h2>\n<p><span># <\/span><strong><span>2<\/span><\/strong><span># <\/span><strong><span>2<\/span><\/strong><span><img decoding=\"async\" alt=\"MegaPass Prague City Pass Classic\" data-id=\"5024\" width=\"159\" data-init-width=\"1200\" height=\"90\" data-init-height=\"678\" title=\"PRAGUE-Megapass\" loading=\"lazy\" src=\"https:\/\/praguetouristinformation.com\/fr\/wp-content\/uploads\/2025\/08\/PRAGUE-Megapass.webp\" data-width=\"159\" data-height=\"90\" style=\"aspect-ratio: auto 1200 \/ 678;\"><\/span><\/p>\n<table>\n<tbody>\n<tr>\n<td><a href=\"https:\/\/megapass.com\/tours-tickets\/prague-city-pass-premium-i3695?discountCode=ma-places\" target=\"_blank\" rel=\"nofollow noopener\" data-lt-tmp-id=\"lt-820208\" spellcheck=\"false\">MegaPass Prague City Pass Premium<\/a><\/td>\n<\/tr>\n<\/tbody>\n<\/table>\n<p data-pm-slice=\"1 1 []\">D\u00e9couvrez les sites essentiels de Prague avec le MegaPass Prague City Pass Premium, qui inclut l\u2019entr\u00e9e aux principales attractions, une croisi\u00e8re et un pass bus Hop-on Hop-off valable 3 jours.<\/p>\n<h3 style=\"\">Prix total<\/h3>\n<h3 style=\"\">Vous ne serez pas encore factur\u00e9<\/h3>\n<p><span># <\/span><strong><span>2<\/span><\/strong><span><img decoding=\"async\" alt=\"MegaPass Prague City Pass Classic\" data-id=\"5024\" width=\"159\" data-init-width=\"1200\" height=\"90\" data-init-height=\"678\" title=\"PRAGUE-Megapass\" loading=\"lazy\" src=\"https:\/\/praguetouristinformation.com\/fr\/wp-content\/uploads\/2025\/08\/PRAGUE-Megapass.webp\" data-width=\"159\" data-height=\"90\" style=\"aspect-ratio: auto 1200 \/ 678;\"><\/span><\/p>\n<table>\n<tbody>\n<tr>\n<td><a href=\"https:\/\/megapass.com\/tours-tickets\/prague-city-pass-deluxe-i3696?discountCode=ma-places\" target=\"_blank\" rel=\"nofollow noopener\" spellcheck=\"false\">MegaPass Prague City Pass Deluxe<\/a><\/td>\n<\/tr>\n<\/tbody>\n<\/table>\n<p data-pm-slice=\"1 1 []\">Vivez l\u2019exp\u00e9rience ultime avec le MegaPass Prague City Pass Deluxe : votre cl\u00e9 pour 72 heures de transports publics illimit\u00e9s et l\u2019acc\u00e8s gratuit \u00e0 plus de 60 attractions de la ville, dont le Ch\u00e2teau de Prague et l\u2019Horloge astronomique<\/p>\n<h3 style=\"\">Prix total<\/h3>\n<h3 style=\"\">Vous ne serez pas encore factur\u00e9<\/h3>\n<\/p>\n<h2><a href=\"https:\/\/megapass.com\/tours-tickets\/prague-city-pass-classic-i3694?discountCode=ma-places\" target=\"_blank\" rel=\"nofollow noopener\" style=\"outline: none;\" spellcheck=\"false\">Obtenez votre pass<\/a><\/h2>\n<h1><a href=\"https:\/\/megapass.com\/tours-tickets\/prague-city-pass-classic-i3694?discountCode=ma-places\" target=\"_blank\" rel=\"nofollow noopener\" style=\"outline: none;\" spellcheck=\"false\"><span style=\"font-weight: normal;\">\u00c0 partir de <\/span><strong>59,85 \u20ac<\/strong><\/a><\/h1>\n<p style=\"\">Vous ne serez pas encore factur\u00e9<\/p>\n","protected":false},"excerpt":{"rendered":"<p>MegaPass Prague City Pass Classic Obtenez votre pass \u00c0 partir de 59,85 \u20ac \u00c9conomisez 5 % avec le MegaPass Prague City Pass Classic : votre pass touristique tout-en-un pour les principales attractions de Prague, visites guid\u00e9es en anglais, croisi\u00e8re sur la Vltava, audioguides et acc\u00e8s Internet mobile. City Pass Audioguide (anglais, allemand, italien, espagnol, fran\u00e7ais) [&hellip;]<\/p>\n","protected":false},"author":6,"featured_media":5024,"parent":0,"menu_order":0,"comment_status":"closed","ping_status":"closed","template":"","meta":{"footnotes":""},"categories":[],"tags":[55],"class_list":["post-5022","page","type-page","status-publish","has-post-thumbnail","hentry","tag-sales-page","post-wrapper","thrv_wrapper"],"_links":{"self":[{"href":"https:\/\/praguetouristinformation.com\/fr\/wp-json\/wp\/v2\/pages\/5022","targetHints":{"allow":["GET"]}}],"collection":[{"href":"https:\/\/praguetouristinformation.com\/fr\/wp-json\/wp\/v2\/pages"}],"about":[{"href":"https:\/\/praguetouristinformation.com\/fr\/wp-json\/wp\/v2\/types\/page"}],"author":[{"embeddable":true,"href":"https:\/\/praguetouristinformation.com\/fr\/wp-json\/wp\/v2\/users\/6"}],"replies":[{"embeddable":true,"href":"https:\/\/praguetouristinformation.com\/fr\/wp-json\/wp\/v2\/comments?post=5022"}],"version-history":[{"count":10,"href":"https:\/\/praguetouristinformation.com\/fr\/wp-json\/wp\/v2\/pages\/5022\/revisions"}],"predecessor-version":[{"id":5042,"href":"https:\/\/praguetouristinformation.com\/fr\/wp-json\/wp\/v2\/pages\/5022\/revisions\/5042"}],"wp:featuredmedia":[{"embeddable":true,"href":"https:\/\/praguetouristinformation.com\/fr\/wp-json\/wp\/v2\/media\/5024"}],"wp:attachment":[{"href":"https:\/\/praguetouristinformation.com\/fr\/wp-json\/wp\/v2\/media?parent=5022"}],"wp:term":[{"taxonomy":"category","embeddable":true,"href":"https:\/\/praguetouristinformation.com\/fr\/wp-json\/wp\/v2\/categories?post=5022"},{"taxonomy":"post_tag","embeddable":true,"href":"https:\/\/praguetouristinformation.com\/fr\/wp-json\/wp\/v2\/tags?post=5022"}],"curies":[{"name":"wp","href":"https:\/\/api.w.org\/{rel}","templated":true}]}}