{"id":4993,"date":"2025-08-12T13:26:28","date_gmt":"2025-08-12T13:26:28","guid":{"rendered":"https:\/\/praguetouristinformation.com\/fr\/?page_id=4993"},"modified":"2025-11-18T14:11:39","modified_gmt":"2025-11-18T14:11:39","slug":"prague-visitor-pass","status":"publish","type":"page","link":"https:\/\/praguetouristinformation.com\/fr\/prague-visitor-pass","title":{"rendered":"Prague Visitor Pass : acc\u00e8s \u00e0 plus de 70 attractions + transports publics"},"content":{"rendered":"<p><span><img decoding=\"async\" alt=\"\" data-id=\"7041\" width=\"1600\" height=\"1600\" title=\"Pass visiteur de Prague\" src=\"https:\/\/praguetouristinformation.com\/en\/wp-content\/uploads\/2025\/01\/Prague-Visitor-Pass-1024x1024.avif\" data-src=\"https:\/\/praguetouristinformation.com\/en\/wp-content\/uploads\/2025\/01\/Prague-Visitor-Pass-300x300.avif\" loading=\"lazy\" data-sizes=\"{&quot;thumbnail&quot;:{&quot;url&quot;:&quot;https:\/\/praguetouristinformation.com\/en\/wp-content\/uploads\/2025\/01\/Prague-Visitor-Pass-150x150.avif&quot;,&quot;height&quot;:150,&quot;width&quot;:150,&quot;orientation&quot;:&quot;landscape&quot;},&quot;medium&quot;:{&quot;url&quot;:&quot;https:\/\/praguetouristinformation.com\/en\/wp-content\/uploads\/2025\/01\/Prague-Visitor-Pass-300x300.avif&quot;,&quot;height&quot;:300,&quot;width&quot;:300,&quot;orientation&quot;:&quot;landscape&quot;},&quot;large&quot;:{&quot;url&quot;:&quot;https:\/\/praguetouristinformation.com\/en\/wp-content\/uploads\/2025\/01\/Prague-Visitor-Pass-1024x1024.avif&quot;,&quot;height&quot;:1024,&quot;width&quot;:1024,&quot;orientation&quot;:&quot;landscape&quot;},&quot;full&quot;:{&quot;url&quot;:&quot;https:\/\/praguetouristinformation.com\/en\/wp-content\/uploads\/2025\/01\/Prague-Visitor-Pass.avif&quot;,&quot;height&quot;:1600,&quot;width&quot;:1600,&quot;orientation&quot;:&quot;landscape&quot;},&quot;1536x1536&quot;:{&quot;url&quot;:&quot;https:\/\/praguetouristinformation.com\/en\/wp-content\/uploads\/2025\/01\/Prague-Visitor-Pass-1536x1536.avif&quot;,&quot;height&quot;:1536,&quot;width&quot;:1536,&quot;orientation&quot;:&quot;landscape&quot;}}\"><\/span><span><img decoding=\"async\" alt=\"\" data-id=\"7040\" width=\"1600\" height=\"1600\" title=\"Prague Visitor Pass2\" src=\"https:\/\/praguetouristinformation.com\/en\/wp-content\/uploads\/2025\/01\/Prague-Visitor-Pass2-1024x1024.avif\" data-src=\"https:\/\/praguetouristinformation.com\/en\/wp-content\/uploads\/2025\/01\/Prague-Visitor-Pass2-300x300.avif\" loading=\"lazy\" data-sizes=\"{&quot;thumbnail&quot;:{&quot;url&quot;:&quot;https:\/\/praguetouristinformation.com\/en\/wp-content\/uploads\/2025\/01\/Prague-Visitor-Pass2-150x150.avif&quot;,&quot;height&quot;:150,&quot;width&quot;:150,&quot;orientation&quot;:&quot;landscape&quot;},&quot;medium&quot;:{&quot;url&quot;:&quot;https:\/\/praguetouristinformation.com\/en\/wp-content\/uploads\/2025\/01\/Prague-Visitor-Pass2-300x300.avif&quot;,&quot;height&quot;:300,&quot;width&quot;:300,&quot;orientation&quot;:&quot;landscape&quot;},&quot;large&quot;:{&quot;url&quot;:&quot;https:\/\/praguetouristinformation.com\/en\/wp-content\/uploads\/2025\/01\/Prague-Visitor-Pass2-1024x1024.avif&quot;,&quot;height&quot;:1024,&quot;width&quot;:1024,&quot;orientation&quot;:&quot;landscape&quot;},&quot;full&quot;:{&quot;url&quot;:&quot;https:\/\/praguetouristinformation.com\/en\/wp-content\/uploads\/2025\/01\/Prague-Visitor-Pass2.avif&quot;,&quot;height&quot;:1600,&quot;width&quot;:1600,&quot;orientation&quot;:&quot;landscape&quot;},&quot;1536x1536&quot;:{&quot;url&quot;:&quot;https:\/\/praguetouristinformation.com\/en\/wp-content\/uploads\/2025\/01\/Prague-Visitor-Pass2-1536x1536.avif&quot;,&quot;height&quot;:1536,&quot;width&quot;:1536,&quot;orientation&quot;:&quot;landscape&quot;}}\"><\/span><span><img decoding=\"async\" alt=\"\" data-id=\"7039\" width=\"1600\" height=\"1600\" title=\"Prague Visitor Pass3\" src=\"https:\/\/praguetouristinformation.com\/en\/wp-content\/uploads\/2025\/01\/Prague-Visitor-Pass3-1024x1024.avif\" data-src=\"https:\/\/praguetouristinformation.com\/en\/wp-content\/uploads\/2025\/01\/Prague-Visitor-Pass3-300x300.avif\" loading=\"lazy\" data-sizes=\"{&quot;thumbnail&quot;:{&quot;url&quot;:&quot;https:\/\/praguetouristinformation.com\/en\/wp-content\/uploads\/2025\/01\/Prague-Visitor-Pass3-150x150.avif&quot;,&quot;height&quot;:150,&quot;width&quot;:150,&quot;orientation&quot;:&quot;landscape&quot;},&quot;medium&quot;:{&quot;url&quot;:&quot;https:\/\/praguetouristinformation.com\/en\/wp-content\/uploads\/2025\/01\/Prague-Visitor-Pass3-300x300.avif&quot;,&quot;height&quot;:300,&quot;width&quot;:300,&quot;orientation&quot;:&quot;landscape&quot;},&quot;large&quot;:{&quot;url&quot;:&quot;https:\/\/praguetouristinformation.com\/en\/wp-content\/uploads\/2025\/01\/Prague-Visitor-Pass3-1024x1024.avif&quot;,&quot;height&quot;:1024,&quot;width&quot;:1024,&quot;orientation&quot;:&quot;landscape&quot;},&quot;full&quot;:{&quot;url&quot;:&quot;https:\/\/praguetouristinformation.com\/en\/wp-content\/uploads\/2025\/01\/Prague-Visitor-Pass3.avif&quot;,&quot;height&quot;:1600,&quot;width&quot;:1600,&quot;orientation&quot;:&quot;landscape&quot;},&quot;1536x1536&quot;:{&quot;url&quot;:&quot;https:\/\/praguetouristinformation.com\/en\/wp-content\/uploads\/2025\/01\/Prague-Visitor-Pass3-1536x1536.avif&quot;,&quot;height&quot;:1536,&quot;width&quot;:1536,&quot;orientation&quot;:&quot;landscape&quot;}}\"><\/span><span><img decoding=\"async\" alt=\"\" data-id=\"7038\" width=\"1600\" height=\"1600\" title=\"Prague Visitor Pass4\" src=\"https:\/\/praguetouristinformation.com\/en\/wp-content\/uploads\/2025\/01\/Prague-Visitor-Pass4-1024x1024.avif\" data-src=\"https:\/\/praguetouristinformation.com\/en\/wp-content\/uploads\/2025\/01\/Prague-Visitor-Pass4-300x300.avif\" loading=\"lazy\" data-sizes=\"{&quot;thumbnail&quot;:{&quot;url&quot;:&quot;https:\/\/praguetouristinformation.com\/en\/wp-content\/uploads\/2025\/01\/Prague-Visitor-Pass4-150x150.avif&quot;,&quot;height&quot;:150,&quot;width&quot;:150,&quot;orientation&quot;:&quot;landscape&quot;},&quot;medium&quot;:{&quot;url&quot;:&quot;https:\/\/praguetouristinformation.com\/en\/wp-content\/uploads\/2025\/01\/Prague-Visitor-Pass4-300x300.avif&quot;,&quot;height&quot;:300,&quot;width&quot;:300,&quot;orientation&quot;:&quot;landscape&quot;},&quot;large&quot;:{&quot;url&quot;:&quot;https:\/\/praguetouristinformation.com\/en\/wp-content\/uploads\/2025\/01\/Prague-Visitor-Pass4-1024x1024.avif&quot;,&quot;height&quot;:1024,&quot;width&quot;:1024,&quot;orientation&quot;:&quot;landscape&quot;},&quot;full&quot;:{&quot;url&quot;:&quot;https:\/\/praguetouristinformation.com\/en\/wp-content\/uploads\/2025\/01\/Prague-Visitor-Pass4.avif&quot;,&quot;height&quot;:1600,&quot;width&quot;:1600,&quot;orientation&quot;:&quot;landscape&quot;},&quot;1536x1536&quot;:{&quot;url&quot;:&quot;https:\/\/praguetouristinformation.com\/en\/wp-content\/uploads\/2025\/01\/Prague-Visitor-Pass4-1536x1536.avif&quot;,&quot;height&quot;:1536,&quot;width&quot;:1536,&quot;orientation&quot;:&quot;landscape&quot;}}\"><\/span><span><img decoding=\"async\" alt=\"\" data-id=\"7037\" width=\"1600\" height=\"1600\" title=\"Prague Visitor Pass5\" src=\"https:\/\/praguetouristinformation.com\/en\/wp-content\/uploads\/2025\/01\/Prague-Visitor-Pass5-1024x1024.avif\" data-src=\"https:\/\/praguetouristinformation.com\/en\/wp-content\/uploads\/2025\/01\/Prague-Visitor-Pass5-300x300.avif\" loading=\"lazy\" data-sizes=\"{&quot;thumbnail&quot;:{&quot;url&quot;:&quot;https:\/\/praguetouristinformation.com\/en\/wp-content\/uploads\/2025\/01\/Prague-Visitor-Pass5-150x150.avif&quot;,&quot;height&quot;:150,&quot;width&quot;:150,&quot;orientation&quot;:&quot;landscape&quot;},&quot;medium&quot;:{&quot;url&quot;:&quot;https:\/\/praguetouristinformation.com\/en\/wp-content\/uploads\/2025\/01\/Prague-Visitor-Pass5-300x300.avif&quot;,&quot;height&quot;:300,&quot;width&quot;:300,&quot;orientation&quot;:&quot;landscape&quot;},&quot;large&quot;:{&quot;url&quot;:&quot;https:\/\/praguetouristinformation.com\/en\/wp-content\/uploads\/2025\/01\/Prague-Visitor-Pass5-1024x1024.avif&quot;,&quot;height&quot;:1024,&quot;width&quot;:1024,&quot;orientation&quot;:&quot;landscape&quot;},&quot;full&quot;:{&quot;url&quot;:&quot;https:\/\/praguetouristinformation.com\/en\/wp-content\/uploads\/2025\/01\/Prague-Visitor-Pass5.avif&quot;,&quot;height&quot;:1600,&quot;width&quot;:1600,&quot;orientation&quot;:&quot;landscape&quot;},&quot;1536x1536&quot;:{&quot;url&quot;:&quot;https:\/\/praguetouristinformation.com\/en\/wp-content\/uploads\/2025\/01\/Prague-Visitor-Pass5-1536x1536.avif&quot;,&quot;height&quot;:1536,&quot;width&quot;:1536,&quot;orientation&quot;:&quot;landscape&quot;}}\"><\/span><span><img decoding=\"async\" alt=\"\" data-id=\"7036\" width=\"1600\" height=\"1600\" title=\"Prague Visitor Pass6\" src=\"https:\/\/praguetouristinformation.com\/en\/wp-content\/uploads\/2025\/01\/Prague-Visitor-Pass6-1024x1024.avif\" data-src=\"https:\/\/praguetouristinformation.com\/en\/wp-content\/uploads\/2025\/01\/Prague-Visitor-Pass6-300x300.avif\" loading=\"lazy\" data-sizes=\"{&quot;thumbnail&quot;:{&quot;url&quot;:&quot;https:\/\/praguetouristinformation.com\/en\/wp-content\/uploads\/2025\/01\/Prague-Visitor-Pass6-150x150.avif&quot;,&quot;height&quot;:150,&quot;width&quot;:150,&quot;orientation&quot;:&quot;landscape&quot;},&quot;medium&quot;:{&quot;url&quot;:&quot;https:\/\/praguetouristinformation.com\/en\/wp-content\/uploads\/2025\/01\/Prague-Visitor-Pass6-300x300.avif&quot;,&quot;height&quot;:300,&quot;width&quot;:300,&quot;orientation&quot;:&quot;landscape&quot;},&quot;large&quot;:{&quot;url&quot;:&quot;https:\/\/praguetouristinformation.com\/en\/wp-content\/uploads\/2025\/01\/Prague-Visitor-Pass6-1024x1024.avif&quot;,&quot;height&quot;:1024,&quot;width&quot;:1024,&quot;orientation&quot;:&quot;landscape&quot;},&quot;full&quot;:{&quot;url&quot;:&quot;https:\/\/praguetouristinformation.com\/en\/wp-content\/uploads\/2025\/01\/Prague-Visitor-Pass6.avif&quot;,&quot;height&quot;:1600,&quot;width&quot;:1600,&quot;orientation&quot;:&quot;landscape&quot;},&quot;1536x1536&quot;:{&quot;url&quot;:&quot;https:\/\/praguetouristinformation.com\/en\/wp-content\/uploads\/2025\/01\/Prague-Visitor-Pass6-1536x1536.avif&quot;,&quot;height&quot;:1536,&quot;width&quot;:1536,&quot;orientation&quot;:&quot;landscape&quot;}}\"><\/span><\/p>\n<h1 data-qa-marker=\"product-name\">Prague Visitor Pass&nbsp;: acc\u00e8s \u00e0 plus de 70&nbsp;attractions et transports en commun<\/h1>\n<h2><a href=\"https:\/\/www.tiqets.com\/prague-attractions-c64162\/tickets-for-prague-visitor-pass-admission-to-70-attractions-public-transport-p1065491\/?partner=praguetouristinformation&amp;tq_campaign=PragueVisitorpassFRSP\" target=\"_blank\" rel=\"nofollow noopener\" style=\"outline: none;\">Obtenez votre pass<\/a><\/h2>\n<h1><a href=\"https:\/\/www.tiqets.com\/prague-attractions-c64162\/tickets-for-prague-visitor-pass-admission-to-70-attractions-public-transport-p1065491\/?partner=praguetouristinformation&amp;tq_campaign=PragueVisitorpassFRSP\" target=\"_blank\" rel=\"nofollow noopener\" style=\"outline: none;\"><span style=\"font-weight: normal;\">\u00c0 partir de <\/span><strong>104,00 \u20ac<\/strong><\/a><\/h1>\n<p dir=\"ltr\">D\u00e9couvrez le meilleur de Prague avec le Prague Visitor Pass, votre <strong>cl\u00e9 d&rsquo;acc\u00e8s complet \u00e0 plus de 70 attractions, aux transports en commun et \u00e0 des exp\u00e9riences inoubliables<\/strong> comme des croisi\u00e8res fluviales, des promenades en tramway historique et des vues panoramiques sur la tour.<\/p>\n<ul>\n<li style=\"\"><span>Billet s\u00e9lectionn\u00e9<\/span><\/li>\n<li style=\"\"><!--! Font Awesome Free 6.7.1 by @fontawesome - https:\/\/fontawesome.com License - https:\/\/fontawesome.com\/license\/free (Icons: CC BY 4.0, Fonts: SIL OFL 1.1, Code: MIT License) Copyright 2024 Fonticons, Inc. --><span>Billets mobiles accept\u00e9s<\/span><\/li>\n<li style=\"\"><span>Billet envoy\u00e9 instantan\u00e9ment<\/span><\/li>\n<\/ul>\n<h2>Ce qui est inclus<\/h2>\n<ul>\n<li style=\"\">                    <span>Acc\u00e8s \u00e0 plus de 70 attractions phares de Prague avec le Prague Visitor Pass<\/span><\/li>\n<li style=\"\">                    <span>Voyage aller-retour sur l&rsquo;Airport Express<\/span><\/li>\n<li style=\"\">                    <span>Transports publics illimit\u00e9s<\/span><\/li>\n<li><span>Guide \u00e9lectronique&nbsp;<\/span><\/li>\n<li><span>Plan de la ville<\/span><\/li>\n<li><span>Croisi\u00e8re sur la rivi\u00e8re Vltava<\/span><\/li>\n<li><span>Voir plus <a href=\"https:\/\/www.tiqets.com\/prague-attractions-c64162\/tickets-for-prague-visitor-pass-admission-to-70-attractions-public-transport-p1065491\/?partner=praguetouristinformation&amp;tq_campaign=PragueVisitorpassFRSP\" target=\"_blank\" rel=\"nofollow noopener\" style=\"outline: none;\">ici<\/a><\/span><\/li>\n<\/ul>\n<h2>Ce qui n&rsquo;est pas inclus<\/h2>\n<ul>\n<li style=\"\"><span>Acc\u00e8s coupe-file<\/span><\/li>\n<li><span>Entr\u00e9e au Mus\u00e9e national de Prague<\/span><\/li>\n<\/ul>\n<h2>Informations importantes<\/h2>\n<ul>\n<li style=\"\"><span>Validit\u00e9 du pass: Choisissez parmi les options 48h, 72h ou 120h<\/span><\/li>\n<li><span>Disponible en deux formats: carte physique ou e-Pass num\u00e9rique. Une fois activ\u00e9, un e-Pass ne peut \u00eatre \u00e9chang\u00e9 contre un pass physique (et inversement).<\/span><\/li>\n<li><span>Pr\u00e9sentez votre Pass activ\u00e9 \u00e0 chaque lieu pour acc\u00e9der et r\u00e9cup\u00e9rer vos billets<\/span><\/li>\n<li><span>Chaque site peut \u00eatre visit\u00e9 une fois avec le Pass<\/span><\/li>\n<li><span>Activez votre e-Pass \u00e0 l&rsquo;aide de l&rsquo;application gratuite Prague Visitor Pass ou pr\u00e9sentez votre bon \u00e0 l&rsquo;un de nos points de collecte pour recevoir un pass physique.<\/span><\/li>\n<li><span>R\u00e9servation pr\u00e9alable obligatoire pour certaines exp\u00e9riences (par exemple, visites guid\u00e9es gratuites, Clementinum)<\/span><\/li>\n<li><span>De nombreux mus\u00e9es sont ferm\u00e9s le lundi.<\/span><\/li>\n<li><span>Tous les b\u00e2timents du quartier juif sont ferm\u00e9s le samedi.<\/span><\/li>\n<\/ul>\n<h2>Description:<\/h2>\n<p dir=\"ltr\">Plongez au c\u0153ur de Prague avec ce <strong>pass tout-en-un.<\/strong> De l&#8217;embl\u00e9matique Horloge astronomique et du Ch\u00e2teau de Prague aux paisibles croisi\u00e8res fluviales et aux vues imprenables sur les tours, le Prague Visitor Pass vous donne <strong>acc\u00e8s \u00e0 plus de 70 attractions et mus\u00e9es incontournables de Prague,<\/strong> vous offrant <strong>un acc\u00e8s privil\u00e9gi\u00e9 \u00e0 la richesse historique, culturelle et au charme de la ville.<\/strong><\/p>\n<h2>Points forts:<\/h2>\n<ul>\n<li ltr\"\"=\"\"><strong>Acc\u00e8s \u00e0 plus de 70 attractions :<\/strong> visitez le ch\u00e2teau de Prague, le quartier juif, la tour d&rsquo;observation de Pet\u0159\u00edn et bien plus encore.<\/li>\n<li ltr\"\"=\"\"><strong>Vues panoramiques :<\/strong> Entr\u00e9e aux tours embl\u00e9matiques comme la Tour Poudri\u00e8re et la Tour de l&rsquo;Horloge Astronomique.<\/li>\n<li ltr\"\"=\"\"><strong>Voyages illimit\u00e9s :<\/strong> Profitez du confort des transports en commun, notamment de l&#8217;embl\u00e9matique tramway vintage n\u00b0 42.<\/li>\n<li ltr\"\"=\"\"><strong>Joyaux culturels :<\/strong> explorez les mus\u00e9es, les sites historiques et la biblioth\u00e8que baroque Clementinum.<\/li>\n<li><strong>Exp\u00e9riences uniques :<\/strong> faites une croisi\u00e8re sur la Vltava ou montez \u00e0 bord du funiculaire de Pet\u0159\u00edn.<\/li>\n<\/ul>\n<h2>Validit\u00e9&nbsp;<\/h2>\n<p data-pm-slice=\"1 1 []\">Un Prague Visitor Pass inactif reste valable jusqu&rsquo;\u00e0 un an \u00e0 compter de la date d&rsquo;achat.<\/p>\n<h2>Point de rendez-vous et instructions<\/h2>\n<ul>\n<li dir=\"ltr\">R\u00e9cup\u00e9rez votre Pass au Starom\u011bstsk\u00e9 n\u00e1m\u011bst\u00ed 1, 110 00, Prague, ou utilisez l&rsquo;application Prague Visitor Pass pour l&rsquo;activation num\u00e9rique.<\/li>\n<li dir=\"ltr\">Pr\u00e9sentez votre Pass activ\u00e9 \u00e0 chaque lieu pour acc\u00e9der et r\u00e9cup\u00e9rer vos billets.<\/li>\n<\/ul>\n<p><a href=\"https:\/\/www.google.com\/maps\/search\/?api=1&amp;query=Starom%C4%9Bstsk%C3%A9%20n%C3%A1m%C4%9Bst%C3%AD%201%20110%2000%20Prague\" style=\"outline: none;\" data-lt-tmp-id=\"lt-493778\" spellcheck=\"false\" target=\"_blank\" rel=\"nofollow noopener\">Ouvrir dans Maps<\/a><\/p>\n<h2>Avis et notes<\/h2>\n<p><strong>4,3\/5&nbsp; <\/strong><strong>(162 avis)<\/strong><\/p>\n<p dir=\"ltr\">\u00ab <em>Ce billet rend la visite de Prague incroyablement facile et \u00e9conomique. On \u00e9vite les files d&rsquo;attente, on n&rsquo;a pas \u00e0 calculer son budget \u00e0 chaque fois et on obtient des informations utiles. J&rsquo;ai pu voir tellement de choses en trois jours.<\/em> \u00bb Mary, janv. 2024 <a href=\"https:\/\/www.tiqets.com\/prague-attractions-c64162\/tickets-for-prague-visitor-pass-admission-to-70-attractions-public-transport-p1065491\/?partner=praguetouristinformation&amp;tq_campaign=PragueVisitorpassFRSP\" target=\"_blank\" rel=\"nofollow noopener\" style=\"outline: none;\" data-lt-tmp-id=\"lt-289961\" spellcheck=\"false\">&gt;&gt; Voir plus d&rsquo;avis<\/a><\/p>\n<h2>Quelques activit\u00e9s que vous pourriez aimer<\/h2>\n<p><span># <\/span><strong><span>2<\/span><\/strong><span># <\/span><strong><span>2<\/span><\/strong><span><img decoding=\"async\" alt=\"Billet de tramway historique \u00e0 arr\u00eats multiples pour la ligne 42\" data-id=\"7049\" width=\"159\" data-init-width=\"1185\" height=\"83\" data-init-height=\"616\" title=\"Billet de tramway historique \u00e0 arr\u00eats multiples pour la ligne 42\" loading=\"lazy\" src=\"https:\/\/praguetouristinformation.com\/fr\/wp-content\/uploads\/2025\/08\/Hop-on-Hop-Off-Historical-Tram-Ticket-for-Line-42.jpg\" data-width=\"159\" data-height=\"83\" style=\"aspect-ratio: auto 1185 \/ 616;\"><\/span><\/p>\n<table>\n<tbody>\n<tr>\n<td><a href=\"https:\/\/www.getyourguide.com\/prague-l10\/prague-hop-on-hop-off-historical-tram-ticket-for-line-42-t405376\/?partner_id=NO9XIDE&amp;utm_medium=online_publisher&amp;cmp=PragueVisitorPassSP2\" target=\"_blank\" rel=\"nofollow noopener\" style=\"outline: none;\" data-lt-tmp-id=\"lt-796126\" spellcheck=\"false\">Prague : billet de tramway historique \u00e0 arr\u00eats multiples pour la ligne 42<\/a><\/td>\n<\/tr>\n<\/tbody>\n<\/table>\n<p data-pm-slice=\"1 1 []\">Explorez Prague \u00e0 votre rythme avec la ligne de tramway historique \u00e0 arr\u00eats multiples 42 : parcourez des sites embl\u00e9matiques dans un style vintage !<\/p>\n<h3 style=\"\">Prix total<\/h3>\n<h3 style=\"\">Vous ne serez pas encore factur\u00e9<\/h3>\n<p><span># <\/span><strong><span>2<\/span><\/strong><span><img decoding=\"async\" alt=\"Prague : d\u00eener m\u00e9di\u00e9val avec spectacle en direct et boissons \u00e0 volont\u00e9\" data-id=\"6730\" width=\"159\" data-init-width=\"631\" height=\"160\" data-init-height=\"633\" title=\"Prague : d\u00eener m\u00e9di\u00e9val avec spectacle en direct et boissons \u00e0 volont\u00e9\" loading=\"lazy\" src=\"https:\/\/praguetouristinformation.com\/fr\/wp-content\/uploads\/2025\/08\/Ekran-Resmi-2024-12-16-16.39.09.png\" data-width=\"159\" data-height=\"160\" style=\"aspect-ratio: auto 631 \/ 633;\"><\/span><\/p>\n<table>\n<tbody>\n<tr>\n<td><a href=\"https:\/\/www.getyourguide.com\/prague-l10\/prague-medieval-dinner-with-unlimited-drinks-t63958\/?partner_id=NO9XIDE&amp;utm_medium=online_publisher&amp;cmp=PragueVisitorPassSP3\" target=\"_blank\" rel=\"nofollow noopener\" style=\"outline: none;\" data-lt-tmp-id=\"lt-163467\" spellcheck=\"false\">Prague : d\u00eener m\u00e9di\u00e9val avec boissons \u00e0 volont\u00e9<\/a><\/td>\n<\/tr>\n<\/tbody>\n<\/table>\n<p data-pm-slice=\"1 1 []\">R\u00e9galez-vous comme des rois lors d&rsquo;un d\u00eener sur le th\u00e8me m\u00e9di\u00e9val \u00e0 Prague avec boissons \u00e0 volont\u00e9 et divertissements en direct !<\/p>\n<h3 style=\"\">Prix total<\/h3>\n<h3 style=\"\">Vous ne serez pas encore factur\u00e9<\/h3>\n<\/p>\n<h2><a href=\"https:\/\/www.tiqets.com\/prague-attractions-c64162\/tickets-for-prague-visitor-pass-admission-to-70-attractions-public-transport-p1065491\/?partner=praguetouristinformation&amp;tq_campaign=PragueVisitorpassFRSP\" target=\"_blank\" rel=\"nofollow noopener\" style=\"outline: none;\" spellcheck=\"false\">Obtenez votre pass<\/a><\/h2>\n<h1><a href=\"https:\/\/www.tiqets.com\/prague-attractions-c64162\/tickets-for-prague-visitor-pass-admission-to-70-attractions-public-transport-p1065491\/?partner=praguetouristinformation&amp;tq_campaign=PragueVisitorpassFRSP\" target=\"_blank\" rel=\"nofollow noopener\" style=\"outline: none;\" spellcheck=\"false\"><span style=\"font-weight: normal;\">\u00c0 partir de <\/span><strong>104,00 \u20ac<\/strong><\/a><\/h1>\n<p style=\"\">Vous ne serez pas encore factur\u00e9<\/p>\n","protected":false},"excerpt":{"rendered":"<p>Prague Visitor Pass&nbsp;: acc\u00e8s \u00e0 plus de 70&nbsp;attractions et transports en commun Obtenez votre pass \u00c0 partir de 104,00 \u20ac D\u00e9couvrez le meilleur de Prague avec le Prague Visitor Pass, votre cl\u00e9 d&rsquo;acc\u00e8s complet \u00e0 plus de 70 attractions, aux transports en commun et \u00e0 des exp\u00e9riences inoubliables comme des croisi\u00e8res fluviales, des promenades en [&hellip;]<\/p>\n","protected":false},"author":12,"featured_media":5018,"parent":0,"menu_order":0,"comment_status":"closed","ping_status":"closed","template":"","meta":{"footnotes":""},"categories":[],"tags":[],"class_list":["post-4993","page","type-page","status-publish","has-post-thumbnail","hentry","post-wrapper","thrv_wrapper"],"_links":{"self":[{"href":"https:\/\/praguetouristinformation.com\/fr\/wp-json\/wp\/v2\/pages\/4993","targetHints":{"allow":["GET"]}}],"collection":[{"href":"https:\/\/praguetouristinformation.com\/fr\/wp-json\/wp\/v2\/pages"}],"about":[{"href":"https:\/\/praguetouristinformation.com\/fr\/wp-json\/wp\/v2\/types\/page"}],"author":[{"embeddable":true,"href":"https:\/\/praguetouristinformation.com\/fr\/wp-json\/wp\/v2\/users\/12"}],"replies":[{"embeddable":true,"href":"https:\/\/praguetouristinformation.com\/fr\/wp-json\/wp\/v2\/comments?post=4993"}],"version-history":[{"count":12,"href":"https:\/\/praguetouristinformation.com\/fr\/wp-json\/wp\/v2\/pages\/4993\/revisions"}],"predecessor-version":[{"id":5066,"href":"https:\/\/praguetouristinformation.com\/fr\/wp-json\/wp\/v2\/pages\/4993\/revisions\/5066"}],"wp:featuredmedia":[{"embeddable":true,"href":"https:\/\/praguetouristinformation.com\/fr\/wp-json\/wp\/v2\/media\/5018"}],"wp:attachment":[{"href":"https:\/\/praguetouristinformation.com\/fr\/wp-json\/wp\/v2\/media?parent=4993"}],"wp:term":[{"taxonomy":"category","embeddable":true,"href":"https:\/\/praguetouristinformation.com\/fr\/wp-json\/wp\/v2\/categories?post=4993"},{"taxonomy":"post_tag","embeddable":true,"href":"https:\/\/praguetouristinformation.com\/fr\/wp-json\/wp\/v2\/tags?post=4993"}],"curies":[{"name":"wp","href":"https:\/\/api.w.org\/{rel}","templated":true}]}}