{"id":4735,"date":"2024-11-05T08:05:40","date_gmt":"2024-11-05T08:05:40","guid":{"rendered":"https:\/\/praguetouristinformation.com\/fr\/?page_id=4735"},"modified":"2024-11-05T13:51:02","modified_gmt":"2024-11-05T13:51:02","slug":"affiliation","status":"publish","type":"page","link":"https:\/\/praguetouristinformation.com\/fr\/affiliation","title":{"rendered":"Affiliation"},"content":{"rendered":"<p>Sur PragueTouristInformation.com, notre objectif est de fournir un contenu de voyage de haute qualit\u00e9 qui vous aide \u00e0 planifier et \u00e0 profiter de vos voyages. Pour soutenir nos efforts dans la maintenance et la croissance de ce site Web, nous utilisons des liens d&rsquo;affiliation tout au long de notre contenu. Cela signifie que si vous choisissez de faire un achat via certains des liens sur notre site, nous pouvons gagner une petite commission. Cela ne vous co\u00fbte aucun co\u00fbt suppl\u00e9mentaire, et cela nous aide \u00e0 garder le contenu gratuit et \u00e0 jour.<\/p>\n<h2 dir=\"ltr\">Pourquoi nous Utilisons Des Liens D&rsquo;Affiliation<\/h2>\n<p dir=\"ltr\">La faite d&rsquo;un site Web n\u00e9cessite du temps et des ressources, et les partenariats d&rsquo;affiliation nous permettent de financer le travail que nous faisons. Il est important de noter que nous ne recommandons que des produits, des visites et des services qui, selon nous, ajouteront vraiment de la valeur \u00e0 votre exp\u00e9rience de voyage. Nous s\u00e9lectionnons et examinons soigneusement nos partenaires affili\u00e9s pour nous assurer qu&rsquo;ils s&rsquo;alignent sur les normes et les int\u00e9r\u00eats de nos lecteurs.<\/p>\n<h2 dir=\"ltr\">Partenaires affili\u00e9s<\/h2>\n<p dir=\"ltr\">Certains de nos partenaires affili\u00e9s de confiance comprennent :<\/p>\n<li dir=\"ltr\">GetYourGuide<\/li>\n<li dir=\"ltr\">Tiqets<\/li>\n<li dir=\"ltr\">Headout<\/li>\n<li dir=\"ltr\">Viator<\/li>\n<li dir=\"ltr\">Platinumlist<\/li>\n<li dir=\"ltr\">Civitatis<\/li>\n<li dir=\"ltr\">Holafly<\/li>\n<li dir=\"ltr\">Booking.com<\/li>\n<li dir=\"ltr\">Megapass<\/li>\n<li dir=\"ltr\">Musement<\/li>\n<p dir=\"ltr\">Veuillez noter que nous pouvons mettre \u00e0 jour cette liste au set \u00e0 mesure que nous nous associons \u00e0 de nouvelles entreprises en lesquelles nous avons confiance et que nous recommandons.<\/p>\n<h2 dir=\"ltr\">Engagement envers l&rsquo;honn\u00eatet\u00e9<\/h2>\n<p dir=\"ltr\">Nous voulons que vous ayez confiance dans les recommandations que nous faisons. Bien que gagner une commission aide \u00e0 soutenir notre travail, cela n&rsquo;influence jamais le contenu, les sujets ou les produits que nous recommandons. Notre objectif principal est de fournir des informations utiles, honn\u00eates et pr\u00e9cises pour vos voyages. Tout produit ou service que nous approuvons est quelque chose que nous utiliserions personnellement ou recommanderions \u00e0 nos amis et \u00e0 notre famille.<\/p>\n<h2 dir=\"ltr\">Votre soutien compte<\/h2>\n<p dir=\"ltr\">En utilisant nos liens d&rsquo;affiliation, vous soutenez le contenu et les ressources que nous proposons ici sur PragueTouristInformation.com, et nous sommes incroyablement reconnaissants de votre confiance et de votre soutien. Cela nous permet de continuer \u00e0 fournir des conseils, des guides et des recommandations qui, nous l&rsquo;esp\u00e9rons, am\u00e9liorent vos aventures de voyage.<\/p>\n<p dir=\"ltr\">Si vous avez des questions ou des pr\u00e9occupations concernant nos partenariats d&rsquo;affiliation ou notre contenu, n&rsquo;h\u00e9sitez pas \u00e0&nbsp;<a href=\"https:\/\/praguetouristinformation.com\/fr\/contact\" style=\"outline: currentcolor;\">nous contacter<\/a>.<\/p>\n","protected":false},"excerpt":{"rendered":"<p>Sur PragueTouristInformation.com, notre objectif est de fournir un contenu de voyage de haute qualit\u00e9 qui vous aide \u00e0 planifier et \u00e0 profiter de vos voyages. Pour soutenir nos efforts dans la maintenance et la croissance de ce site Web, nous utilisons des liens d&rsquo;affiliation tout au long de notre contenu. Cela signifie que si vous [&hellip;]<\/p>\n","protected":false},"author":8,"featured_media":2845,"parent":0,"menu_order":0,"comment_status":"closed","ping_status":"closed","template":"","meta":{"footnotes":""},"categories":[],"tags":[],"class_list":["post-4735","page","type-page","status-publish","has-post-thumbnail","hentry","post-wrapper","thrv_wrapper"],"_links":{"self":[{"href":"https:\/\/praguetouristinformation.com\/fr\/wp-json\/wp\/v2\/pages\/4735","targetHints":{"allow":["GET"]}}],"collection":[{"href":"https:\/\/praguetouristinformation.com\/fr\/wp-json\/wp\/v2\/pages"}],"about":[{"href":"https:\/\/praguetouristinformation.com\/fr\/wp-json\/wp\/v2\/types\/page"}],"author":[{"embeddable":true,"href":"https:\/\/praguetouristinformation.com\/fr\/wp-json\/wp\/v2\/users\/8"}],"replies":[{"embeddable":true,"href":"https:\/\/praguetouristinformation.com\/fr\/wp-json\/wp\/v2\/comments?post=4735"}],"version-history":[{"count":6,"href":"https:\/\/praguetouristinformation.com\/fr\/wp-json\/wp\/v2\/pages\/4735\/revisions"}],"predecessor-version":[{"id":4744,"href":"https:\/\/praguetouristinformation.com\/fr\/wp-json\/wp\/v2\/pages\/4735\/revisions\/4744"}],"wp:featuredmedia":[{"embeddable":true,"href":"https:\/\/praguetouristinformation.com\/fr\/wp-json\/wp\/v2\/media\/2845"}],"wp:attachment":[{"href":"https:\/\/praguetouristinformation.com\/fr\/wp-json\/wp\/v2\/media?parent=4735"}],"wp:term":[{"taxonomy":"category","embeddable":true,"href":"https:\/\/praguetouristinformation.com\/fr\/wp-json\/wp\/v2\/categories?post=4735"},{"taxonomy":"post_tag","embeddable":true,"href":"https:\/\/praguetouristinformation.com\/fr\/wp-json\/wp\/v2\/tags?post=4735"}],"curies":[{"name":"wp","href":"https:\/\/api.w.org\/{rel}","templated":true}]}}