{"id":4494,"date":"2023-03-02T06:54:41","date_gmt":"2023-03-02T06:54:41","guid":{"rendered":"https:\/\/praguetouristinformation.com\/fr\/?page_id=4494"},"modified":"2025-11-18T12:54:44","modified_gmt":"2025-11-18T12:54:44","slug":"meilleur-city-pass-pour-prague","status":"publish","type":"page","link":"https:\/\/praguetouristinformation.com\/fr\/meilleur-city-pass-pour-prague","title":{"rendered":"Meilleur City Pass pour Prague | Comparez les prix et les activit\u00e9s incluses"},"content":{"rendered":"<h3>Ceci est notre guide complet des meilleures options de city pass pour Prague.<\/h3>\n<p>Si vous planifiez un voyage dans cette charmante ville et que vous souhaitez profiter au maximum de votre temps, un city pass qui vous donne acc\u00e8s aux meilleures attractions et activit\u00e9s tout en vous faisant gagner du temps et de l&rsquo;argent est un investissement judicieux.&nbsp;<\/p>\n<p>Avec tant de choix, il peut \u00eatre difficile de d\u00e9cider quel pass vous convient le mieux. C&rsquo;est pourquoi nous avons fait des recherches et compil\u00e9 toutes les informations dont vous avez besoin pour prendre une d\u00e9cision \u00e9clair\u00e9e. Des <strong>activit\u00e9s et attractions incluses aux prix et \u00e9conomies,<\/strong> vous d\u00e9couvrirez tout ce que vous devez savoir pour choisir le meilleur city pass pour votre voyage \u00e0 Prague.<\/p>\n<p style=\"\">Commen\u00e7ons par un tableau comparatif pratique&nbsp;!<\/p>\n<h2 id=\"t-1677585199812\" style=\"\">Options du Prague City Pass : un tableau comparatif<\/h2>\n<p style=\"\">Pour vous aider \u00e0 comparer les diff\u00e9rentes options de city pass pour Prague, nous avons cr\u00e9\u00e9 un tableau comparatif indiquant les caract\u00e9ristiques et les prix de chaque pass :<\/p>\n<table data-rows=\"8\" data-cols=\"3\" style=\"\">\n<thead>\n<tr>\n<th style=\"\" data-direction=\"down\">\n<p style=\"\">\n<\/th>\n<th style=\"\" data-direction=\"\">\n<p style=\"\">PASS VISITEUR DE PRAGUE<\/p>\n<\/th>\n<th style=\"\" data-direction=\"\">\n<p style=\"\">PRAGUE COOLPASS<\/p>\n<\/th>\n<\/tr>\n<\/thead>\n<tbody>\n<tr>\n<td data-th=\"\" style=\"\">\n<p style=\"\">LAISSEZ-PASSER VILLE<\/p>\n<\/td>\n<td data-th=\"ISTANBUL WELCOME CARD PREMIUM                    \" style=\"\"><span><img decoding=\"async\" alt=\"Pass visiteur de Prague\" data-id=\"4424\" width=\"222\" data-init-width=\"1410\" height=\"909\" data-init-height=\"909\" title=\"Pass visiteur de Prague\" src=\"https:\/\/praguetouristinformation.com\/fr\/wp-content\/uploads\/2023\/03\/Prague-Visitor-Pass.png\" data-width=\"222\" style=\"aspect-ratio: auto 1410 \/ 909;\" loading=\"lazy\"><\/span><\/td>\n<td data-th=\"ISTANBUL WELCOME CARD DELUXE                    \" style=\"\"><span><img decoding=\"async\" alt=\"Prague Cool Pass\" data-id=\"4425\" width=\"222\" data-init-width=\"960\" height=\"607\" data-init-height=\"607\" title=\"Prague Cool Pass\" src=\"https:\/\/praguetouristinformation.com\/fr\/wp-content\/uploads\/2023\/03\/Prague-CoolPass.jpeg\" data-width=\"222\" style=\"aspect-ratio: auto 960 \/ 607;\" loading=\"lazy\"><\/span><\/td>\n<\/tr>\n<tr>\n<td data-th=\"\" style=\"\">\n<p style=\"\">UNE CAT\u00c9GORIE D&rsquo;ATTRACTIONS<\/p>\n<\/td>\n<td data-th=\"ISTANBUL WELCOME CARD PREMIUM                    \" style=\"\"><\/td>\n<td data-th=\"ISTANBUL WELCOME CARD DELUXE                    \" style=\"\"><\/td>\n<\/tr>\n<tr>\n<td data-th=\"\" style=\"\" rowspan=\"1\" colspan=\"1\">\n<p style=\"\">ATTRACTIONS DE CAT\u00c9GORIE B<\/p>\n<\/td>\n<td data-th=\"ISTANBUL WELCOME CARD PREMIUM                    \" style=\"\" rowspan=\"1\" colspan=\"1\"><\/td>\n<td data-th=\"ISTANBUL WELCOME CARD DELUXE                    \" style=\"\" rowspan=\"1\" colspan=\"1\"><\/td>\n<\/tr>\n<tr>\n<td data-th=\"\" style=\"\">\n<p style=\"\">P\u00c9RIODE DE VALIDIT\u00c9<\/p>\n<\/td>\n<td data-th=\"ISTANBUL WELCOME CARD PREMIUM                    \" style=\"\">\n<p style=\"\">48, 72 ou 120 heures<\/p>\n<\/td>\n<td data-th=\"ISTANBUL WELCOME CARD DELUXE                    \" style=\"\">\n<p style=\"\">1-6 jours<\/p>\n<\/td>\n<\/tr>\n<tr>\n<td data-th=\"\" style=\"\">\n<p style=\"\">M\u00c9THODE DE LIVRAISON<\/p>\n<\/td>\n<td data-th=\"ISTANBUL WELCOME CARD PREMIUM                    \" style=\"\">\n<p style=\"\">Points de vente \/ En ligne<\/p>\n<\/td>\n<td data-th=\"ISTANBUL WELCOME CARD DELUXE                    \" style=\"\">\n<p style=\"\">Points de vente \/ En ligne<\/p>\n<\/td>\n<\/tr>\n<tr>\n<td data-th=\"\" style=\"\" rowspan=\"1\" colspan=\"1\">\n<p style=\"\">TRANSPORT PUBLIC<\/p>\n<\/td>\n<td data-th=\"ISTANBUL WELCOME CARD PREMIUM                    \" style=\"\" rowspan=\"1\" colspan=\"1\"><\/td>\n<td data-th=\"ISTANBUL WELCOME CARD DELUXE                    \" style=\"\" rowspan=\"1\" colspan=\"1\"><\/td>\n<\/tr>\n<tr>\n<td data-th=\"\" style=\"\" rowspan=\"1\" colspan=\"1\">\n<p style=\"\">PRIX POUR ADULTES<\/p>\n<\/td>\n<td data-th=\"ISTANBUL WELCOME CARD PREMIUM                    \" style=\"\" rowspan=\"1\" colspan=\"1\">\n<p style=\"\">A partir de 104 \u20ac<\/p>\n<\/td>\n<td data-th=\"ISTANBUL WELCOME CARD DELUXE                    \" style=\"\" rowspan=\"1\" colspan=\"1\">\n<p style=\"\">A partir de 64,00 \u20ac<\/p>\n<\/td>\n<\/tr>\n<\/tbody>\n<\/table>\n<h2 id=\"t-1677585199813\" style=\"\">D\u00e9tails des options du Prague City Pass<\/h2>\n<h3 style=\"\"><strong>1. Pass visiteur Prague \u00e0 partir de 104 \u20ac<\/strong><\/h3>\n<p><span><img decoding=\"async\" alt=\"Pass visiteur de Prague\" data-id=\"4424\" width=\"702\" data-init-width=\"1410\" height=\"909\" data-init-height=\"909\" title=\"Pass visiteur de Prague\" loading=\"lazy\" src=\"https:\/\/praguetouristinformation.com\/fr\/wp-content\/uploads\/2023\/03\/Prague-Visitor-Pass.png\" data-width=\"702\" style=\"aspect-ratio: auto 1410 \/ 909;\"><\/span><\/p>\n<p>Le Prague Visitor Pass est la <strong>carte officielle de la ville de Prague<\/strong> . Il s&rsquo;agit d&rsquo;un pass touristique tout compris qui offre deux options au choix : <strong>une carte physique ou une version \u00e9lectronique appel\u00e9e e-Pass,<\/strong> qui peut \u00eatre facilement stock\u00e9e sur votre smartphone.&nbsp;<\/p>\n<p style=\"\">Le Prague Visitor Pass est disponible en <strong>trois variantes (48, 72 et 120 heures)<\/strong> et <strong><span style=\"--tcb-applied-color: var$(--tcb-skin-color-0)  !important; color: var(--tcb-skin-color-0);\">co\u00fbte <\/span><\/strong><span style=\"--tcb-applied-color: var$(--tcb-skin-color-0)  !important; color: var(--tcb-skin-color-0);\"><strong>entre 104 \u20ac et 157 \u20ac<\/strong><\/span> pour les adultes.<span style=\"--tcb-applied-color: var$(--tcb-skin-color-0)  !important; color: var(--tcb-skin-color-0);\"> <\/span><\/p>\n<h4 style=\"\">Que vous offre le Prague Visitor Pass ?<\/h4>\n<ul>\n<li>Entr\u00e9e gratuite ou \u00e0 prix r\u00e9duit dans <strong>plus de 60 sites, mus\u00e9es, monuments et exp\u00e9riences \u00e0 <\/strong><strong>Prague<\/strong><\/li>\n<li><strong>Utilisation gratuite des transports en commun<\/strong> (m\u00e9tro, tram, bus urbains, funiculaire et ferries) pendant sa p\u00e9riode de validit\u00e9<\/li>\n<li><strong>Transfert a\u00e9roport aller-retour<\/strong> avec Airport Express<\/li>\n<li><strong>Croisi\u00e8re fluviale<\/strong><\/li>\n<li><strong>Visites guid\u00e9es&nbsp;<\/strong><\/li>\n<li><strong>Remises <\/strong><strong>sp\u00e9ciales<\/strong> dans toute la ville&nbsp;<\/li>\n<li><strong>Application facile \u00e0 utiliser<\/strong> avec guide num\u00e9rique et informations et mises \u00e0 jour importantes<\/li>\n<\/ul>\n<h4 style=\"\"><strong>Avantages&nbsp;<\/strong><\/h4>\n<ul>\n<li><strong>Get<\/strong><strong>free admission<\/strong><strong> to top attractions<\/strong> of Prague, incl. Prague Castle, Jewish Museum and several synagogues, Loreto, Kampa Museum, Pet\u0159\u00edn Tower, Powder Tower, Prague Zoo and the Old Town Hall<\/li>\n<li><strong>Enjoy<\/strong><strong> free and unlimited travel <\/strong>on public transportation network of Prague (excluding trains as well as suburban and commuter buses and trains outside of the city centre)<\/li>\n<li><strong>Save up to 50% <\/strong>with discounts at attractions and experiences in Prague<\/li>\n<li>D\u00e9couvrez Prague sous un angle compl\u00e8tement diff\u00e9rent avec la <strong>croisi\u00e8re sur la rivi\u00e8re Vltava incluse<\/strong><\/li>\n<li><strong>Profitez des visites guid\u00e9es<\/strong> et choisissez entre une vieille ville et un quartier juif ou une myst\u00e9rieuse visite \u00e0 pied des souterrains m\u00e9di\u00e9vaux<\/li>\n<li><strong>Profitez d&rsquo;une arriv\u00e9e et d&rsquo;un d\u00e9part sans tracas<\/strong> avec un voyage aller-retour \u00e0 l&rsquo;a\u00e9roport inclus<\/li>\n<li>Disponible en 3 options de validit\u00e9 :&nbsp; <strong>48, 72 ou 120 heures cons\u00e9cutives &nbsp;<\/strong><\/li>\n<\/ul>\n<h4 style=\"\"><strong>O\u00f9 puis-je acheter le Prague Visitor Pass ?<\/strong><\/h4>\n<p style=\"\">Le Prague Visitor Pass peut \u00eatre achet\u00e9 <strong>dans les points de vente de Prague,<\/strong> tels que l&rsquo;a\u00e9roport et l&rsquo;office du tourisme de Prague, ou command\u00e9 <strong>en ligne <\/strong><strong>via ce lien : <\/strong><a href=\"https:\/\/www.tiqets.com\/en\/prague-attractions-c64162\/tickets-for-prague-visitor-pass-admission-to-70-attractions-public-transport-p1065491\/?partner=praguetouristinformation&amp;tq_campaign=FRCityPassA\" style=\"outline: none;\" data-lt-tmp-id=\"lt-446727\" spellcheck=\"false\" target=\"_blank\" rel=\"nofollow noopener\">Prague Visitor Pass<\/a><\/p>\n<h3 style=\"\">2. Prague CoolPass \u00e0 partir de 64 \u20ac<\/h3>\n<p><span><img decoding=\"async\" alt=\"Prague Cool Pass\" data-id=\"4425\" width=\"702\" data-init-width=\"960\" height=\"607\" data-init-height=\"607\" title=\"Prague Cool Pass\" loading=\"lazy\" src=\"https:\/\/praguetouristinformation.com\/fr\/wp-content\/uploads\/2023\/03\/Prague-CoolPass.jpeg\" data-width=\"702\" style=\"aspect-ratio: auto 960 \/ 607;\"><\/span><\/p>\n<p style=\"\">Un autre excellent city pass \u00e0 consid\u00e9rer lors de la visite de la capitale tch\u00e8que est le Prague CoolPass. Ce pass visiteur multi-attractions est la version num\u00e9rique de la \u00ab\u00a0Prague Card\u00a0\u00bb et offre une entr\u00e9e gratuite \u00e0 plus de 70 sites incontournables, ainsi que d&rsquo;autres avantages.<\/p>\n<p>Le Prague CoolPass se d\u00e9cline en <strong>6 dur\u00e9es diff\u00e9rentes<\/strong> (1, 2, 3, 4, 5 ou 6 jours) et co\u00fbte <strong><span style=\"--tcb-applied-color: var$(--tcb-skin-color-0)  !important; color: var(--tcb-skin-color-0);\">entre 64 \u20ac et 112 \u20ac<\/span><\/strong><span style=\"color: var(--tcb-skin-color-3); --tcb-applied-color: var$(--tcb-skin-color-0)  !important;\"> pour les adultes.<\/span><\/p>\n<h4 style=\"\"><strong>Que vous offre le Prague CoolPass ?<\/strong><\/h4>\n<ul>\n<li><strong>Entr\u00e9e gratuite <\/strong><strong>\u00e0 plus de 70<\/strong> attractions touristiques, mus\u00e9es, visites et activit\u00e9s<\/li>\n<li><strong>Visite guid\u00e9e en bus<\/strong> avec commentaires audio en 26 langues<\/li>\n<li><strong>Un choix de croisi\u00e8res gratuites<\/strong> le long de la rivi\u00e8re Vltava<\/li>\n<li><strong>R\u00e9ductions et offres int\u00e9ressantes<\/strong> sur les visites \u00e0 Prague et \u00e0 l&rsquo;ext\u00e9rieur, les attractions, les restaurants, les concerts et spectacles, le shopping et plus encore<\/li>\n<li><strong>Application mobile<\/strong> avec des informations \u00e0 jour sur les visiteurs et des conseils utiles&nbsp;<\/li>\n<\/ul>\n<h4 style=\"\"><strong>Avantages&nbsp;<\/strong><\/h4>\n<ul>\n<li><strong>Profitez d&rsquo;une entr\u00e9e gratuite aux sites incontournables<\/strong> , tels que le ch\u00e2teau de Prague, la tour Pet\u0159\u00edn, le mus\u00e9e juif et plusieurs synagogues, le mus\u00e9e d&rsquo;art de l&rsquo;illusion, le mus\u00e9e national, Vy\u0161ehrad et bien plus encore<\/li>\n<li>Plongez dans la riche histoire de la ville <strong>avec des visites guid\u00e9es captivantes<\/strong> qui r\u00e9v\u00e8lent des tr\u00e9sors cach\u00e9s et des histoires fascinantes.<\/li>\n<li><strong>Admirez Prague depuis la terre et la mer,<\/strong> avec des croisi\u00e8res en bus et sur la rivi\u00e8re incluses<\/li>\n<li><strong>\u00c9conomisez jusqu&rsquo;\u00e0 50&nbsp;%<\/strong> gr\u00e2ce \u00e0 des offres exclusives chez plus de 60&nbsp;partenaires<\/li>\n<li>Disponible en 6 options de validit\u00e9 : <strong>1, 2, 3, 4, 5 ou 6 jours cons\u00e9cutifs<\/strong><\/li>\n<\/ul>\n<h4 style=\"\"><strong>O\u00f9 puis-je acheter le Prague CoolPass ?<\/strong><\/h4>\n<p style=\"\">Le Prague CoolPass peut \u00eatre achet\u00e9 sous forme de Prague Card physique <strong>dans divers points de vente\/collecte<\/strong> \u00e0 Prague ou sous forme de <strong>pass num\u00e9rique en ligne via ce lien : <\/strong><a href=\"https:\/\/www.headout.com\/r\/most-amazing-placesrecommends-qFT8N\/\" style=\"outline: none;\" data-lt-tmp-id=\"lt-427053\" spellcheck=\"false\" target=\"_blank\" rel=\"nofollow noopener\">Prague CoolPass<\/a><a href=\"https:\/\/www.getyourguide.fr\/prague-l10\/prague-card-for-2-3-or-4-days-t66055\/?partner_id=0F6NPGN&amp;utm_medium=suppliers&amp;placement=button-cta&amp;cmp=PragueTouristInformation\" style=\"outline: none;\" data-lt-tmp-id=\"lt-427053\" spellcheck=\"false\" target=\"_blank\" rel=\"nofollow noopener\"><\/a><\/p>\n<p><span><img decoding=\"async\" alt=\"Quel City Pass pour Prague vous convient le mieux\" data-id=\"4428\" width=\"702\" data-init-width=\"1000\" height=\"667\" data-init-height=\"667\" title=\"Quel City Pass pour Prague vous convient le mieux\" loading=\"lazy\" src=\"https:\/\/praguetouristinformation.com\/fr\/wp-content\/uploads\/2023\/03\/Which-City-Pass-for-Prague-Is-Best-for-You.jpg\" data-width=\"702\" style=\"aspect-ratio: auto 1000 \/ 667;\"><\/span><\/p>\n<h2 id=\"t-1677585199814\" style=\"\">Conclusion : Quel City Pass pour Prague vous convient le mieux ?&nbsp;<\/h2>\n<p style=\"\">Lorsque vous choisissez le meilleur city pass pour Prague, cela d\u00e9pend \u00e9videmment <strong>de vos besoins et pr\u00e9f\u00e9rences individuels, de votre budget<\/strong> et <strong>du nombre de jours<\/strong> que vous pr\u00e9voyez de passer \u00e0 Prague. Voir ici diff\u00e9rents crit\u00e8res :<\/p>\n<ul>\n<li><span><strong>Si vous voulez voir autant d&rsquo;attractions que possible<\/strong> , le <span style=\"text-decoration: underline;\">Prague Cool Pass<\/span> offre un l\u00e9ger avantage, offrant un acc\u00e8s gratuit \u00e0 plus de 70 principales attractions de Prague, tandis que le Prague Visitor Pass comprend un acc\u00e8s gratuit ou \u00e0 prix r\u00e9duit \u00e0 plus de 60 exp\u00e9riences.<\/span><\/li>\n<li><span><strong>Si vous manquez de temps ou si vous souhaitez uniquement voir les points forts de la ville,<\/strong> le <span style=\"text-decoration: underline;\">Prague Visitor Pass<\/span> et le <span style=\"text-decoration: underline;\">Prague Cool Pass<\/span> sont d&rsquo;excellentes options. Les deux pass touristiques incluent l&rsquo;entr\u00e9e gratuite aux sites incontournables, tels que le ch\u00e2teau de Prague, le mus\u00e9e juif, le cimeti\u00e8re juif et plusieurs synagogues, Loreto, la tour Pet\u0159\u00edn et m\u00eame une croisi\u00e8re sur la rivi\u00e8re Vltava.<\/span><\/li>\n<li><span><strong>Si vous ne voulez pas vous inqui\u00e9ter pendant vos vacances \u00e0 Prague,<\/strong> le Prague <span style=\"text-decoration: underline;\">Visitor Pass<\/span> peut \u00eatre le meilleur choix pour vous. Avec le Prague Visitor Pass, vous pouvez profiter de visites et de transports sans tracas sans vous soucier des transports en commun ou de l&rsquo;achat de billets individuels \u00e0 l&rsquo;avance. Ce pass touristique tout compris offre une entr\u00e9e gratuite ou \u00e0 prix r\u00e9duit \u00e0 plus de 60 attractions et exp\u00e9riences de Prague, ainsi que l&rsquo;utilisation gratuite des transports en commun pendant sa p\u00e9riode de validit\u00e9, un transfert a\u00e9roport aller-retour, une croisi\u00e8re en bateau fluvial, des visites guid\u00e9es et des r\u00e9ductions sp\u00e9ciales. a travers la ville.&nbsp;<\/span><\/li>\n<li><span><strong>Si vous souhaitez utiliser les transports en commun,&nbsp;<\/strong> le <span style=\"text-decoration: underline;\">Prague Visitor Pass<\/span> est le city pass id\u00e9al pour vous. Cette carte de ville permet d&rsquo;utiliser gratuitement et de mani\u00e8re illimit\u00e9e le r\u00e9seau de transports en commun de Prague, ainsi que des avantages suppl\u00e9mentaires.<\/span><\/li>\n<li><span><strong>Si vous souhaitez \u00e9conomiser beaucoup d&rsquo;argent lors de vos visites \u00e0 Prague,&nbsp;<\/strong> le <span style=\"text-decoration: underline;\">Prague Visitor Pass<\/span> et le <span style=\"text-decoration: underline;\">Prague CoolPass<\/span> sont deux excellentes options \u00e0 consid\u00e9rer. Le Prague Visitor Pass offre une entr\u00e9e gratuite ou \u00e0 prix r\u00e9duit \u00e0 plus de 60 sites et exp\u00e9riences de Prague, ainsi que l&rsquo;utilisation gratuite des transports en commun et du transfert a\u00e9roport aller-retour. D&rsquo;autre part, le Prague CoolPass comprend l&rsquo;entr\u00e9e gratuite \u00e0 plus de 70 attractions, mus\u00e9es, visites et activit\u00e9s, ainsi que des offres int\u00e9ressantes chez de nombreux partenaires. Les deux pass proposent des dur\u00e9es et des prix diff\u00e9rents, avec le Prague Visitor Pass \u00e0 partir de 75 \u20ac pour un pass 48 heures et le Prague CoolPass \u00e0 partir de 54 \u20ac pour un pass 1 jour pour adultes.<\/span><\/li>\n<\/ul>\n<h2 id=\"t-1677585199815\" style=\"text-align: center;\">FAQ &#8211; <strong>City Pass pour Prague<\/strong><\/h2>\n<p>Maintenant que vous disposez de connaissances approfondies pour prendre une d\u00e9cision \u00e9clair\u00e9e, vous pouvez choisir le meilleur pass pour la ville de Prague en fonction de vos besoins.<\/p>\n<p>Pour plus d&rsquo;informations sur la planification de votre voyage \u00e0 Prague, n&rsquo;oubliez pas de consulter nos autres articles utiles sur <a href=\"https:\/\/praguetouristinformation.com\/fr\/choses-a-faire\/top-10\" style=\"outline: none;\" data-lt-tmp-id=\"lt-426888\" spellcheck=\"false\">les principales attractions<\/a> , les meilleurs <a href=\"https:\/\/praguetouristinformation.com\/fr\/restaurants-prague\" style=\"outline: none;\">restaurants<\/a> et <a href=\"https:\/\/praguetouristinformation.com\/fr\/hotel\" style=\"outline: none;\">les h\u00f4tels recommand\u00e9s<\/a> . Consultez \u00e9galement notre guide complet des <a href=\"https:\/\/praguetouristinformation.com\/fr\/plan\/transports-en-commun\" style=\"outline: none;\">transports publics \u00e0 Prague. <\/a>&nbsp;Bon voyage!<a href=\"https:\/\/praguetouristinformation.com\/en\/sightseeing\/top-10-attractions\" style=\"outline: none;\" data-lt-tmp-id=\"lt-426888\" spellcheck=\"false\"><\/a><a href=\"https:\/\/praguetouristinformation.com\/en\/restaurant\/bohemian-kitchen\" style=\"outline: none;\"><\/a><a href=\"https:\/\/praguetouristinformation.com\/en\/hotel\" style=\"outline: none;\"><\/a><a href=\"https:\/\/praguetouristinformation.com\/en\/planning\/public-transport\" style=\"outline: none;\"><\/a><\/p>\n<p><a href=\"javascript:void(0)\"><span><span>Charger plus<\/span><\/span><\/a><\/p>\n","protected":false},"excerpt":{"rendered":"<p>Ceci est notre guide complet des meilleures options de city pass pour Prague. Si vous planifiez un voyage dans cette charmante ville et que vous souhaitez profiter au maximum de votre temps, un city pass qui vous donne acc\u00e8s aux meilleures attractions et activit\u00e9s tout en vous faisant gagner du temps et de l&rsquo;argent est [&hellip;]<\/p>\n","protected":false},"author":6,"featured_media":4496,"parent":0,"menu_order":0,"comment_status":"closed","ping_status":"closed","template":"","meta":{"footnotes":""},"categories":[],"tags":[],"class_list":["post-4494","page","type-page","status-publish","has-post-thumbnail","hentry","post-wrapper","thrv_wrapper"],"_links":{"self":[{"href":"https:\/\/praguetouristinformation.com\/fr\/wp-json\/wp\/v2\/pages\/4494","targetHints":{"allow":["GET"]}}],"collection":[{"href":"https:\/\/praguetouristinformation.com\/fr\/wp-json\/wp\/v2\/pages"}],"about":[{"href":"https:\/\/praguetouristinformation.com\/fr\/wp-json\/wp\/v2\/types\/page"}],"author":[{"embeddable":true,"href":"https:\/\/praguetouristinformation.com\/fr\/wp-json\/wp\/v2\/users\/6"}],"replies":[{"embeddable":true,"href":"https:\/\/praguetouristinformation.com\/fr\/wp-json\/wp\/v2\/comments?post=4494"}],"version-history":[{"count":7,"href":"https:\/\/praguetouristinformation.com\/fr\/wp-json\/wp\/v2\/pages\/4494\/revisions"}],"predecessor-version":[{"id":5061,"href":"https:\/\/praguetouristinformation.com\/fr\/wp-json\/wp\/v2\/pages\/4494\/revisions\/5061"}],"wp:featuredmedia":[{"embeddable":true,"href":"https:\/\/praguetouristinformation.com\/fr\/wp-json\/wp\/v2\/media\/4496"}],"wp:attachment":[{"href":"https:\/\/praguetouristinformation.com\/fr\/wp-json\/wp\/v2\/media?parent=4494"}],"wp:term":[{"taxonomy":"category","embeddable":true,"href":"https:\/\/praguetouristinformation.com\/fr\/wp-json\/wp\/v2\/categories?post=4494"},{"taxonomy":"post_tag","embeddable":true,"href":"https:\/\/praguetouristinformation.com\/fr\/wp-json\/wp\/v2\/tags?post=4494"}],"curies":[{"name":"wp","href":"https:\/\/api.w.org\/{rel}","templated":true}]}}