{"id":417,"date":"2020-09-08T10:34:09","date_gmt":"2020-09-08T10:34:09","guid":{"rendered":"http:\/\/praguetouristinformation.com\/?page_id=417"},"modified":"2023-05-04T14:15:52","modified_gmt":"2023-05-04T14:15:52","slug":"incentives","status":"publish","type":"page","link":"https:\/\/praguetouristinformation.com\/fr\/voyage-de-groupe\/incentives","title":{"rendered":"Incentives \u00e0 Prague avec programme de soutien"},"content":{"rendered":"<h1>Incentives \u00e0 Prague : conseils, soutien et inspiration<\/h1>\n<p>Nous vous soutenons dans la recherche des incentives parfaits, du programme de soutien et des \u00e9v\u00e9nements d&rsquo;\u00e9quipe.<\/p>\n<h2 id=\"t-1670570120243\">Quelles incitations sont possibles \u00e0 Prague ?<\/h2>\n<p>Nos sp\u00e9cialistes de l&rsquo;incentive travailleront avec vous pour planifier des exp\u00e9riences inoubliables \u00e0 Prague. Tout est possible entre une visite gastronomique, du paintball et un rallye de voitures anciennes \u00e0 travers Prague et ses environs. En plus des classiques bien-aim\u00e9s, nous sommes \u00e9galement heureux de d\u00e9velopper des concepts d&rsquo;incitation individuels adapt\u00e9s \u00e0 votre philosophie d&rsquo;entreprise et \u00e0 vos souhaits.&nbsp;<\/p>\n<p>Chez PragueTouristInformation.com, nous accompagnons l&rsquo;ensemble de la s\u00e9lection, de la planification et de la mise en \u0153uvre des incitations. Cela inclut \u00e9galement l&rsquo;ensemble du programme de soutien si vous le souhaitez.&nbsp;<\/p>\n<h3 id=\"t-1670570120244\">Demandes individuelles :<\/h3>\n<p>La mise en \u0153uvre de r\u00e9unions, de conf\u00e9rences et d&rsquo;\u00e9v\u00e9nements d&rsquo;entreprise est possible avec nous \u00e0 partir d&rsquo;une seule source.&nbsp;<\/p>\n<p>En tant que partenaire \u00e0 Prague, nous sommes \u00e9galement \u00e0 vos c\u00f4t\u00e9s pour des id\u00e9es individuelles, m\u00eame celles qui sont autrement difficiles \u00e0 combiner entre le lieu et l&rsquo;exp\u00e9rience incentive.&nbsp;<\/p>\n<ul>\n<li><span><strong>Assistance 24h\/24<\/strong><\/span><\/li>\n<li><span><strong>Premi\u00e8re consultation gratuite<\/strong><\/span><\/li>\n<li><span><strong>423+ exp\u00e9riences<\/strong><\/span><\/li>\n<\/ul>\n<h2 style=\"\" id=\"t-1670570120245\">Que dois-je savoir avant de r\u00e9server ?<\/h2>\n<h2 style=\"text-align: center;\" id=\"t-1670570120246\">10 incentives populaires \u00e0 Prague \u00e0 titre d&rsquo;exemple<\/h2>\n<p style=\"text-align: center;\">Laissez-vous inspirer pour vos incentives. Tout est possible, d&rsquo;un rallye de voitures anciennes \u00e0 une tourn\u00e9e des pubs et un d\u00eener de gala. Nous sommes \u00e9galement heureux de vous aider \u00e0 mettre en \u0153uvre des id\u00e9es inhabituelles.&nbsp;<\/p>\n<h3 id=\"t-1670570120247\">1. D\u00eener de gala<\/h3>\n<p style=\"\">Un d\u00eener de gala est un \u00e9v\u00e9nement que vous n&rsquo;oublierez pas de sit\u00f4t ! Des tenues de soir\u00e9e festives, une cuisine exquise et une atmosph\u00e8re festive apportent paillettes et glamour \u00e0 la vie quotidienne. Des lieux sensationnels tels que le ch\u00e2teau de Prague peuvent \u00eatre organis\u00e9s.<\/p>\n<h3 style=\"\" id=\"t-1670570120248\">2. Tourn\u00e9e des pubs<\/h3>\n<p>Une tourn\u00e9e des pubs amusante dans la vieille ville de Prague vous permet de voir les meilleurs pubs, bars et brasseries de Prague tout en d\u00e9couvrant la culture de la bi\u00e8re de Boh\u00eame. Essayez la <a href=\"http:\/\/praguetouristinformhttps:\/\/praguetouristinformation.com\/fr\/restaurants-prague\/biere-tchequeation.com\/essen-2\/tschechisches-bier\" style=\"outline: none;\">bi\u00e8re tch\u00e8que<\/a> de renomm\u00e9e mondiale et passez une soir\u00e9e agr\u00e9able qui rapproche encore plus l&rsquo;\u00e9quipe. Ambiance d\u00e9contract\u00e9e et bonne humeur sont in\u00e9vitables. Nous sommes heureux d&rsquo;adapter la visite \u00e0 vos souhaits.<\/p>\n<h3 style=\"\" id=\"t-1670570120249\">3. Croisi\u00e8re priv\u00e9e sur la rivi\u00e8re Vltava<\/h3>\n<p style=\"\">R\u00e9compensez vos employ\u00e9s avec une croisi\u00e8re priv\u00e9e. Naviguez le long de la rivi\u00e8re Vltava et profitez d&rsquo; une vue panoramique \u00e0 couper le souffle sur Prague et ses <a href=\"https:\/\/praguetouristinformation.com\/fr\/choses-a-faire\/attractions\" style=\"outline: none;\">attractions<\/a> . Sur demande avec animation musicale et buffet.<\/p>\n<h3 style=\"\" id=\"t-1670570120250\">4\u00e8me concert<\/h3>\n<p>Plongez dans l&rsquo;ambiance unique de Prague musicale en assistant \u00e0 un concert classique. La ville dor\u00e9e est \u00e9troitement associ\u00e9e \u00e0 la musique classique et au grandiose compositeur Mozart, qui y a eu deux premi\u00e8res mondiales. De magnifiques th\u00e9\u00e2tres tels que le <a href=\"https:\/\/praguetouristinformation.com\/fr\/choses-a-faire\/theatres\/rudolfinum\" style=\"outline: none;\">Rudolfinum<\/a> , le Th\u00e9\u00e2tre d&rsquo;\u00c9tat et le <a href=\"https:\/\/praguetouristinformation.com\/fr\/choses-a-faire\/theatres\/etats\" style=\"outline: none;\">Th\u00e9\u00e2tre des \u00c9tats<\/a> sont disponibles.<\/p>\n<h3 style=\"\" id=\"t-1670570120251\">5. Visite de la ville avec un tram nostalgique<\/h3>\n<p style=\"\">Montez \u00e0 bord d&rsquo;un tramway historique qui vous fera voyager \u00e0 travers Prague. Un chef d&rsquo;orchestre costum\u00e9 et un accord\u00e9oniste assurent une bonne ambiance et animation. Compl\u00e9tez le trajet priv\u00e9 avec une br\u00e8ve visite du sensationnel ch\u00e2teau de Prague.<\/p>\n<h3 style=\"\" id=\"t-1670570120252\">6. Course de bateaux-dragons<\/h3>\n<p>La devise de cet incentive est \u00ab\u00a0Nous sommes tous dans le m\u00eame bateau\u00a0\u00bb. Guid\u00e9s par votre barreur, vous pagayez ensemble au rythme du tambour. Apr\u00e8s l&rsquo;entra\u00eenement et la comp\u00e9tition, tout le monde peut s&rsquo;attendre \u00e0 une c\u00e9r\u00e9monie de remise des prix.<\/p>\n<h3 style=\"\" id=\"t-1670570120253\">7. Visite gastronomique<\/h3>\n<p style=\"\">Attendez-vous \u00e0 des exp\u00e9riences culinaires inoubliables. D\u00e9couvrez Prague d&rsquo;une mani\u00e8re diff\u00e9rente et d\u00e9gustez des plats et des desserts <a href=\"https:\/\/praguetouristinformation.com\/fr\/restaurants-prague\/cuisine-tcheque\" style=\"outline: none;\">tch\u00e8ques traditionnels. <\/a>Un guide local veillera \u00e0 ce que vous ne visitiez que les meilleurs restaurants, tavernes et caf\u00e9s de Prague.<\/p>\n<h3 style=\"\" id=\"t-1670570120254\">8. Rallye des anciens<\/h3>\n<p style=\"\">Montez \u00e0 bord d&rsquo;une Skoda ou d&rsquo;une Trabi vintage et partez \u00e0 la d\u00e9couverte de Prague. R\u00e9partis en \u00e9quipes, vous conduisez votre v\u00e9hicule culte dans diff\u00e9rentes gares de la ville, o\u00f9 des t\u00e2ches divertissantes vous attendent. Une fois que chaque \u00e9quipe a document\u00e9 ses progr\u00e8s, une c\u00e9r\u00e9monie de remise des prix a lieu \u00e0 la fin du rallye.<\/p>\n<h3 style=\"\" id=\"t-1670570120255\">9. Visite nocturne du ch\u00e2teau<\/h3>\n<p>Une visite du plus grand complexe de palais du monde est une exp\u00e9rience inoubliable en soi. Mais ceux qui le visitent la nuit ne pourront certainement pas \u00e9chapper \u00e0 la fascination du <a href=\"https:\/\/praguetouristinformation.com\/fr\/choses-a-faire\/chateau\" style=\"outline: none;\">Ch\u00e2teau de Prague . <\/a>Le complexe monumental de mus\u00e9es, \u00e9glises, palais et parcs est mis en valeur par des lumi\u00e8res \u00e0 couper le souffle qui le rendent presque magique.&nbsp;<\/p>\n<h3 style=\"\" id=\"t-1670570120256\">10. Tour en Segway ou \u00e0 v\u00e9lo<\/h3>\n<p>Les visites de la ville sont toujours des incitations populaires. Une excursion en Segway ou \u00e0 v\u00e9lo offre encore plus de plaisir. Vous pouvez parcourir les rues sinueuses de Prague, passer devant des attractions c\u00e9l\u00e8bres et d\u00e9couvrir la ville sous un angle diff\u00e9rent.<\/p>\n<h3 id=\"t-1670570120257\">Rien pour le moment?<\/h3>\n<p>Nous sommes heureux de vous aider \u00e0 mettre en \u0153uvre des id\u00e9es individuelles. Nous avons plus de 187 activit\u00e9s possibles pour chaque occasion.<\/p>\n<h2 style=\"text-align: center;\" id=\"t-1670570120258\"><strong>Le chemin de l&rsquo;enqu\u00eate \u00e0 la mise en \u0153uvre<\/strong><\/h2>\n<p>1. Enqu\u00eate<\/p>\n<p>Vous nous faites part de vos souhaits et de vos besoins. Cela peut se faire par t\u00e9l\u00e9phone ou via notre formulaire de contact. Nous nous ferons un plaisir de vous rappeler. Avec vous, nous organisons un voyage incentive parfait \u00e0 Prague. Vous recevrez une offre sans engagement dans les 24 \u00e0 48 heures.&nbsp;<\/p>\n<p>2. Planification<\/p>\n<p>Avec vous, nous organisons le voyage incentive parfait \u00e0 Prague. Apr\u00e8s avoir v\u00e9rifi\u00e9 vos souhaits et pr\u00e9f\u00e9rences, vous recevrez une offre sans engagement dans les 24 \u00e0 48 heures. &nbsp;<\/p>\n<p>ex\u00e9cution<\/p>\n<p>Nous serions \u00e9galement heureux de vous soutenir lors de l&rsquo;\u00e9v\u00e9nement. Vous avez les m\u00eames interlocuteurs tout au long de la planification, de la mise en \u0153uvre et de la tenue de l&rsquo;incentive. Notre support est disponible 24h\/24.&nbsp;<\/p>\n<h2 id=\"t-1670570120259\">Premi\u00e8re consultation gratuite<\/h2>\n<p>Nos sp\u00e9cialistes de l&rsquo;incentive planifient avec vous des exp\u00e9riences inoubliables \u00e0 Prague. Tout est possible entre une visite gastronomique, du paintball et un rallye de voitures anciennes \u00e0 travers Prague et ses environs. Nous r\u00e9alisons \u00e9galement des souhaits individuels en dehors des classiques.&nbsp;<\/p>\n<p>Chez PragueTouristInformation.com, nous accompagnons l&rsquo;ensemble de la s\u00e9lection, de la planification et de la mise en \u0153uvre des incitations. Cela comprend \u00e9galement le programme de soutien complet sur demande.&nbsp;<\/p>\n<h3 id=\"t-1670570120260\">Service complet<\/h3>\n<ul>\n<li style=\"\"><span style=\"\"><strong>D&rsquo;un seul tenant :<\/strong> nous pouvons prendre en charge l&rsquo;ensemble du programme d&rsquo;accompagnement si vous le souhaitez. Chez nous, il n&rsquo;y a pas d&rsquo;interlocuteurs diff\u00e9rents. &nbsp;<\/span><\/li>\n<li><span><strong>Meilleur prix garanti :<\/strong> Avec 22 ans d&rsquo;exp\u00e9rience, nous avons des conditions sp\u00e9ciales pour de nombreux lieux, exp\u00e9riences et <a href=\"https:\/\/praguetouristinformation.com\/fr\/hotel\" style=\"outline: none;\">h\u00f4tels<\/a> \u00e0 Prague. &nbsp;<\/span><\/li>\n<li><span><strong>Assistance 24h\/24 :<\/strong> Nous sommes joignables \u00e0 tout moment lors des incentives, y compris la nuit. &nbsp;<\/span><\/li>\n<\/ul>\n<h2 style=\"text-align: center;\" id=\"t-1670570120261\" data-hide=\"true\">Premi\u00e8re consultation gratuite<\/h2>\n<p style=\"text-align: center;\">Nous serions ravis de discuter de vos attentes. Le contact se fait par t\u00e9l\u00e9phone au&nbsp;<span data-attr-id=\"4\" data-extra_key=\"1\" data-option-inline=\"1\" data-shortcode=\"thrive_global_fields\" data-shortcode-name=\"[Company] Alternative phone number\"><\/span>, e-mail \u00e0 <span data-attr-id=\"5\" data-extra_key=\"1\" data-option-inline=\"1\" data-shortcode=\"thrive_global_fields\" data-shortcode-name=\"[Company] Email address\">support@praguetouristinformation.com<\/span> ou formulaire de contact possible.&nbsp;<\/p>\n","protected":false},"excerpt":{"rendered":"<p>Incentives \u00e0 Prague : conseils, soutien et inspiration Nous vous soutenons dans la recherche des incentives parfaits, du programme de soutien et des \u00e9v\u00e9nements d&rsquo;\u00e9quipe. Quelles incitations sont possibles \u00e0 Prague ? Nos sp\u00e9cialistes de l&rsquo;incentive travailleront avec vous pour planifier des exp\u00e9riences inoubliables \u00e0 Prague. Tout est possible entre une visite gastronomique, du paintball [&hellip;]<\/p>\n","protected":false},"author":6,"featured_media":2097,"parent":405,"menu_order":0,"comment_status":"closed","ping_status":"closed","template":"","meta":{"footnotes":""},"categories":[],"tags":[28],"class_list":["post-417","page","type-page","status-publish","has-post-thumbnail","hentry","tag-m-i-c-e","post-wrapper","thrv_wrapper"],"_links":{"self":[{"href":"https:\/\/praguetouristinformation.com\/fr\/wp-json\/wp\/v2\/pages\/417","targetHints":{"allow":["GET"]}}],"collection":[{"href":"https:\/\/praguetouristinformation.com\/fr\/wp-json\/wp\/v2\/pages"}],"about":[{"href":"https:\/\/praguetouristinformation.com\/fr\/wp-json\/wp\/v2\/types\/page"}],"author":[{"embeddable":true,"href":"https:\/\/praguetouristinformation.com\/fr\/wp-json\/wp\/v2\/users\/6"}],"replies":[{"embeddable":true,"href":"https:\/\/praguetouristinformation.com\/fr\/wp-json\/wp\/v2\/comments?post=417"}],"version-history":[{"count":0,"href":"https:\/\/praguetouristinformation.com\/fr\/wp-json\/wp\/v2\/pages\/417\/revisions"}],"up":[{"embeddable":true,"href":"https:\/\/praguetouristinformation.com\/fr\/wp-json\/wp\/v2\/pages\/405"}],"wp:featuredmedia":[{"embeddable":true,"href":"https:\/\/praguetouristinformation.com\/fr\/wp-json\/wp\/v2\/media\/2097"}],"wp:attachment":[{"href":"https:\/\/praguetouristinformation.com\/fr\/wp-json\/wp\/v2\/media?parent=417"}],"wp:term":[{"taxonomy":"category","embeddable":true,"href":"https:\/\/praguetouristinformation.com\/fr\/wp-json\/wp\/v2\/categories?post=417"},{"taxonomy":"post_tag","embeddable":true,"href":"https:\/\/praguetouristinformation.com\/fr\/wp-json\/wp\/v2\/tags?post=417"}],"curies":[{"name":"wp","href":"https:\/\/api.w.org\/{rel}","templated":true}]}}