{"id":383,"date":"2020-09-04T08:36:48","date_gmt":"2020-09-04T08:36:48","guid":{"rendered":"http:\/\/praguetouristinformation.com\/?page_id=383"},"modified":"2023-05-04T14:16:31","modified_gmt":"2023-05-04T14:16:31","slug":"interpretes","status":"publish","type":"page","link":"https:\/\/praguetouristinformation.com\/fr\/voyage-de-groupe\/interpretes","title":{"rendered":"Interpr\u00e8tes, h\u00f4tesses et guides de la ville \u00e0 Prague"},"content":{"rendered":"<h1>Interpr\u00e8tes, h\u00f4tesses et guides de la ville de Prague.<\/h1>\n<p>Placement d&rsquo;interpr\u00e8tes asserment\u00e9s agr\u00e9\u00e9s, d&rsquo;h\u00f4tesses et de guides de la ville dans toutes les langues \u00e0 Prague.&nbsp;<\/p>\n<h2 id=\"t-1594219921958\">Interpr\u00e8tes avec expertise<\/h2>\n<p>Des interpr\u00e8tes qualifi\u00e9s avec des connaissances sp\u00e9cialis\u00e9es sont n\u00e9cessaires, en particulier pour les \u00e9v\u00e9nements dans les secteurs de la technologie, de la pharmacie et de l&rsquo;informatique.<\/p>\n<p>Pour que votre \u00e9v\u00e9nement soit un succ\u00e8s complet, nous offrons un soutien linguistique pour des domaines particuliers avec nos interpr\u00e8tes asserment\u00e9s agr\u00e9\u00e9s \u00e0 Prague. Des traductions simultan\u00e9es d&rsquo;\u00e9v\u00e9nements en direct sont \u00e9galement possibles.<\/p>\n<p>Pour les petites activit\u00e9s de service et de traduction, vous pouvez \u00e9galement engager des h\u00f4tesses que nous pouvons utiliser, par exemple sur le stand d&rsquo;exposition, \u00e0 la r\u00e9ception ou lors d&rsquo;\u00e9v\u00e9nements. Veuillez nous indiquer vos langues pr\u00e9f\u00e9r\u00e9es.&nbsp;<\/p>\n<p>Nous proposons \u00e9galement des guides de la ville multilingues qui vous divertiront, vous et vos invit\u00e9s, avec des informations passionnantes et des anecdotes sur les sites touristiques de Prague. Les guides de la ville peuvent \u00e9galement \u00eatre r\u00e9serv\u00e9s avec des tarifs journaliers attractifs. De cette fa\u00e7on, vous pouvez organiser vos \u00e9v\u00e9nements de mani\u00e8re flexible et \u00eates \u00e9galement prot\u00e9g\u00e9 contre d&rsquo;\u00e9ventuelles prolongations ou reports d&rsquo;\u00e9v\u00e9nements.<\/p>\n<h3 id=\"t-1594219921959\">Des experts dans toutes les langues<\/h3>\n<p>Avez-vous besoin d&rsquo;un interpr\u00e8te pour des domaines tels que l&rsquo;ing\u00e9nierie, la pharmacie ou le domaine juridique ?&nbsp;<\/p>\n<p style=\"\">\n<p>Nous travaillons \u00e0 Prague avec des interpr\u00e8tes agr\u00e9\u00e9s locaux pour des domaines particuliers. Cela comprend \u00e9galement la traduction simultan\u00e9e de conf\u00e9rences, d&rsquo;\u00e9v\u00e9nements et de spectacles en direct.&nbsp;<\/p>\n<ul>\n<li><span><strong>Assistance 24h\/24<\/strong><\/span><\/li>\n<li><span><strong>Service complet d&rsquo;une seule source<\/strong><\/span><\/li>\n<li><span><strong>Premi\u00e8re consultation gratuite<\/strong><\/span><\/li>\n<\/ul>\n<h2 style=\"text-align: center;\" id=\"t-1594219921960\">Quels interpr\u00e8tes pouvez-vous fournir ?<\/h2>\n<p style=\"text-align: center;\">Des interpr\u00e8tes peuvent \u00eatre organis\u00e9s \u00e0 partir de 50 \u20ac net par heure plus TVA. Le prix d\u00e9pend de la qualification, de la sp\u00e9cialit\u00e9 et de la langue.<\/p>\n<h3 id=\"t-1594219921961\" style=\"\">1. Interpr\u00e8tes agr\u00e9\u00e9s<\/h3>\n<p>Nos partenaires \u00e0 Prague incluent des interpr\u00e8tes asserment\u00e9s.&nbsp;<\/p>\n<h3 id=\"t-1594219921962\" style=\"\">2. Domaines d&rsquo;expertise<\/h3>\n<p>Les connaissances sp\u00e9cialis\u00e9es sont souvent essentielles pour la traduction de domaines sp\u00e9cialis\u00e9s, par exemple dans les domaines de la technologie, de la politique et des sciences. Notre base de donn\u00e9es contient les bons interpr\u00e8tes \u00e0 Prague.&nbsp;<\/p>\n<h3 id=\"t-1594219921963\" style=\"\">3. Traduction simultan\u00e9e<\/h3>\n<p>Nous fournissons \u00e9galement des interpr\u00e8tes pour la traduction de discours, d&rsquo;\u00e9v\u00e9nements d&rsquo;entreprise et d&rsquo;autres \u00e9v\u00e9nements en direct.&nbsp;<\/p>\n<h3 id=\"t-1594219921965\">245 + interpr\u00e8tes<\/h3>\n<p>Contact avec des interpr\u00e8tes licenci\u00e9s et asserment\u00e9s \u00e0 Prague avec expertise.&nbsp;<\/p>\n<h2 style=\"text-align: center;\" id=\"t-1594219921966\">Quelles h\u00f4tesses pouvez-vous fournir ?<\/h2>\n<p style=\"text-align: center;\">Le placement d&rsquo;h\u00f4tesses est possible \u00e0 partir de 25 \u20ac de l&rsquo;heure HT \u00e0 Prague et dans les environs.<\/p>\n<p style=\"text-align: center;\">\n<h3 id=\"t-1594219921967\" style=\"\">1. Pour les salons \u00e0 Prague<\/h3>\n<p>Nos h\u00f4tesses peuvent aider en tant que personnel de service \u00e0 la r\u00e9ception et prendre en charge de petites fonctions d&rsquo;interpr\u00e9tation.&nbsp;<\/p>\n<h3 id=\"t-1594219921968\" style=\"\">2. \u00c9v\u00e9nements&nbsp;<\/h3>\n<h3 id=\"t-1670510337984\">\u00e0 Prague<\/h3>\n<p>Les t\u00e2ches classiques de nos h\u00f4tesses comprennent l&rsquo;accueil, l&rsquo;accueil et l&rsquo;installation des clients. Cela comprend \u00e9galement l&rsquo;enregistrement des invit\u00e9s.&nbsp;<\/p>\n<h3 id=\"t-1594219921969\">Meilleures agences<\/h3>\n<p>Nos partenaires incluent les meilleures agences de Prague. Faites votre demande d&rsquo;h\u00f4tesses pour des \u00e9v\u00e9nements, des foires et des \u00e9v\u00e9nements \u00e0 Prague ici.&nbsp;<\/p>\n<h2 style=\"text-align: center;\" id=\"t-1594219921970\">Guides de la ville multilingues<\/h2>\n<p style=\"text-align: center;\">Des guides de la ville multilingues peuvent \u00eatre organis\u00e9s \u00e0 partir de 40 \u20ac par heure plus TVA. Le prix d\u00e9pend des langues et du sujet.<\/p>\n<h3 id=\"t-1594219921971\" style=\"\">1. Visites priv\u00e9es \u00e0 Prague<\/h3>\n<p>Voulez-vous ravir vos invit\u00e9s avec les points forts de Prague ou des endroits cach\u00e9s hors des sentiers battus ? Nos guides de la ville garantissent une exp\u00e9rience inoubliable \u00e0 Prague.<\/p>\n<h3 id=\"t-1594219921972\" style=\"\">2. Visites de groupe&nbsp;<\/h3>\n<h3 id=\"t-1670510337985\">\u00e0 Prague<\/h3>\n<p>Apr\u00e8s une journ\u00e9e au salon, vos coll\u00e8gues peuvent profiter d&rsquo;une passionnante visite de groupe de Prague pendant un jour de cong\u00e9. De m\u00eame, les invit\u00e9s que vous avez invit\u00e9s \u00e0 Prague peuvent participer \u00e0 des visites guid\u00e9es avec des guides de la ville agr\u00e9\u00e9s. En tant qu&rsquo;agence \u00e0 service complet, nous pouvons \u00e9galement organiser des bus, des restaurants et des emplacements sur demande.&nbsp;<\/p>\n<h3 id=\"t-1594219921973\">Meilleur guide de la ville<\/h3>\n<p>Nous sommes le partenaire id\u00e9al pour organiser des billets, des visites guid\u00e9es et des visites \u00e0 Prague pour les clients priv\u00e9s et professionnels.&nbsp;<\/p>\n<p>Nous nous ferons un plaisir de s\u00e9lectionner un guide de la ville adapt\u00e9 \u00e0 vos besoins et poss\u00e9dant les domaines sp\u00e9cialis\u00e9s et les comp\u00e9tences linguistiques pertinents.&nbsp;<\/p>\n<h2 id=\"t-1594219921974\">Que dois-je savoir avant de r\u00e9server ?<\/h2>\n<h2 id=\"t-1670510337986\">Une langue, une personne. Deux langues, deux personnes.&nbsp;<\/h2>\n<p>L&rsquo;anglais est d\u00e9sormais la langue incontest\u00e9e des affaires internationales.<\/p>\n<p>Des traductions pr\u00e9cises sont n\u00e9anmoins indispensables, en particulier pour la traduction de domaines sp\u00e9cialis\u00e9s, par exemple un congr\u00e8s m\u00e9dical, des questions juridiques et des \u00e9v\u00e9nements politiques.<\/p>\n<p>Surtout dans les situations importantes, vous devriez \u00eatre capable de communiquer dans votre meilleure langue.<\/p>\n<p>La t\u00e2che de s&rsquo;exprimer dans la bonne langue est prise en charge par un interpr\u00e8te comp\u00e9tent, qui est \u00e9galement heureux d&rsquo;\u00eatre asserment\u00e9 avec les domaines de sp\u00e9cialisation appropri\u00e9s.&nbsp;<\/p>\n<p>PragueTouristInformation.com est un guichet unique pour l&rsquo;organisation de conf\u00e9rences, d&rsquo;\u00e9v\u00e9nements d&rsquo;entreprise et de r\u00e9unions avec un interpr\u00e8te. Si vous le souhaitez, il existe un interlocuteur unique pour les interpr\u00e8tes, les h\u00f4tesses et l&rsquo;ensemble du programme d&rsquo;accompagnement, qui se charge de toutes les d\u00e9marches ult\u00e9rieures et est \u00e0 votre disposition 24h\/24.<\/p>\n<p>Une premi\u00e8re consultation gratuite pour v\u00e9rifier les exigences est la premi\u00e8re \u00e9tape.&nbsp;<\/p>\n<h3 id=\"t-1670510337987\">Traitement \u00e0 partir d&rsquo;une source unique<\/h3>\n<ul>\n<li style=\"\"><span style=\"\"><strong>Assistance 24 heures sur 24 :<\/strong> lors de la planification, de la pr\u00e9paration et de la mise en \u0153uvre d&rsquo;\u00e9v\u00e9nements \u00e0 Prague.&nbsp;<\/span><\/li>\n<li><span><strong>D&rsquo;une seule source :<\/strong> traitement complet avec une seule personne de contact, de l&rsquo;h\u00f4tel de la conf\u00e9rence aux interpr\u00e8tes en passant par le programme de soutien.&nbsp;<\/span><\/li>\n<li><span><strong>Consultation initiale gratuite :<\/strong> Premier contact avec conseil sur les offres, \u00e9valuation des besoins et des possibilit\u00e9s \u00e0 Prague. &nbsp;<\/span><\/li>\n<\/ul>\n<h2 style=\"text-align: center;\" id=\"t-1670510337988\">Premi\u00e8re consultation gratuite<\/h2>\n<p style=\"text-align: center;\">Nous serions ravis de discuter de vos attentes. Le contact se fait par t\u00e9l\u00e9phone au&nbsp;<span data-attr-id=\"4\" data-extra_key=\"1\" data-option-inline=\"1\" data-shortcode=\"thrive_global_fields\" data-shortcode-name=\"[Company] Alternative phone number\"><\/span>, envoyez un e-mail \u00e0 <span data-attr-id=\"5\" data-extra_key=\"1\" data-option-inline=\"1\" data-shortcode=\"thrive_global_fields\" data-shortcode-name=\"[Company] Email address\" style=\"\">support@praguetouristinformation.com<\/span> ou utilisez le formulaire de contact.&nbsp;<\/p>\n","protected":false},"excerpt":{"rendered":"<p>Interpr\u00e8tes, h\u00f4tesses et guides de la ville de Prague. Placement d&rsquo;interpr\u00e8tes asserment\u00e9s agr\u00e9\u00e9s, d&rsquo;h\u00f4tesses et de guides de la ville dans toutes les langues \u00e0 Prague.&nbsp; Interpr\u00e8tes avec expertise Des interpr\u00e8tes qualifi\u00e9s avec des connaissances sp\u00e9cialis\u00e9es sont n\u00e9cessaires, en particulier pour les \u00e9v\u00e9nements dans les secteurs de la technologie, de la pharmacie et de l&rsquo;informatique. [&hellip;]<\/p>\n","protected":false},"author":6,"featured_media":2043,"parent":405,"menu_order":0,"comment_status":"closed","ping_status":"closed","template":"","meta":{"footnotes":""},"categories":[],"tags":[28],"class_list":["post-383","page","type-page","status-publish","has-post-thumbnail","hentry","tag-m-i-c-e","post-wrapper","thrv_wrapper"],"_links":{"self":[{"href":"https:\/\/praguetouristinformation.com\/fr\/wp-json\/wp\/v2\/pages\/383","targetHints":{"allow":["GET"]}}],"collection":[{"href":"https:\/\/praguetouristinformation.com\/fr\/wp-json\/wp\/v2\/pages"}],"about":[{"href":"https:\/\/praguetouristinformation.com\/fr\/wp-json\/wp\/v2\/types\/page"}],"author":[{"embeddable":true,"href":"https:\/\/praguetouristinformation.com\/fr\/wp-json\/wp\/v2\/users\/6"}],"replies":[{"embeddable":true,"href":"https:\/\/praguetouristinformation.com\/fr\/wp-json\/wp\/v2\/comments?post=383"}],"version-history":[{"count":0,"href":"https:\/\/praguetouristinformation.com\/fr\/wp-json\/wp\/v2\/pages\/383\/revisions"}],"up":[{"embeddable":true,"href":"https:\/\/praguetouristinformation.com\/fr\/wp-json\/wp\/v2\/pages\/405"}],"wp:featuredmedia":[{"embeddable":true,"href":"https:\/\/praguetouristinformation.com\/fr\/wp-json\/wp\/v2\/media\/2043"}],"wp:attachment":[{"href":"https:\/\/praguetouristinformation.com\/fr\/wp-json\/wp\/v2\/media?parent=383"}],"wp:term":[{"taxonomy":"category","embeddable":true,"href":"https:\/\/praguetouristinformation.com\/fr\/wp-json\/wp\/v2\/categories?post=383"},{"taxonomy":"post_tag","embeddable":true,"href":"https:\/\/praguetouristinformation.com\/fr\/wp-json\/wp\/v2\/tags?post=383"}],"curies":[{"name":"wp","href":"https:\/\/api.w.org\/{rel}","templated":true}]}}