{"id":360,"date":"2020-09-04T07:14:55","date_gmt":"2020-09-04T07:14:55","guid":{"rendered":"http:\/\/praguetouristinformation.com\/?page_id=360"},"modified":"2023-05-04T14:17:59","modified_gmt":"2023-05-04T14:17:59","slug":"salles-de-reunions","status":"publish","type":"page","link":"https:\/\/praguetouristinformation.com\/fr\/voyage-de-groupe\/salles-de-reunions","title":{"rendered":"Salle de r\u00e9union, salle de conf\u00e9rence ou salle de r\u00e9union \u00e0 Prague"},"content":{"rendered":"<h1 style=\"\">Salle de r\u00e9union, salle de conf\u00e9rence ou salle de r\u00e9union \u00e0 service complet \u00e0 Prague<\/h1>\n<p>Nous recherchons, r\u00e9servons et organisons des r\u00e9unions avec l&rsquo;ensemble du programme de soutien \u00e0 Prague<\/p>\n<h2 id=\"t-1670570537820\">Quel est le bon emplacement \u00e0 Prague ?<\/h2>\n<p>Nous sommes le bon partenaire lorsqu&rsquo;il s&rsquo;agit d&rsquo;organiser des salles pour de petits groupes et des \u00e9v\u00e9nements de plus de 1 000 participants.&nbsp;<\/p>\n<p>Les salles sont adapt\u00e9es aux pr\u00e9sentations, aux rendez-vous clients et aux formations. Ils peuvent \u00e9galement \u00eatre utilis\u00e9s pour des pr\u00e9sentations de produits et des \u00e9v\u00e9nements similaires. Cela d\u00e9pend uniquement de vos besoins individuels. &nbsp;<\/p>\n<p>Sur demande, nous pouvons nous charger de la r\u00e9servation compl\u00e8te de salles de conf\u00e9rence avec l&rsquo;ensemble du programme d&rsquo;accompagnement.&nbsp;<\/p>\n<p>Des si\u00e8ges selon les sp\u00e9cifications sont possibles. La technologie standard comprend des tableaux \u00e0 feuilles mobiles et des connexions pour les pr\u00e9sentations. En particulier, les salles de conf\u00e9rence des h\u00f4tels 5 \u00e9toiles disposent de techniciens sur place pour fournir une assistance avec les microphones, la technologie de pr\u00e9sentation et le d\u00e9roulement de l&rsquo;\u00e9v\u00e9nement.<\/p>\n<p>En p\u00e9riode de distanciation sociale, nous pouvons \u00e9galement connecter des r\u00e9unions d&rsquo;\u00e9quipe en ligne dans diff\u00e9rentes villes. Si votre entreprise a plusieurs bureaux, par exemple \u00e0 Prague, Paris et San Francisco, ce n&rsquo;est pas un probl\u00e8me pour nous, vos \u00e9quipes se rencontrent simplement sur place et sont connect\u00e9es en ligne.&nbsp;<\/p>\n<h3 id=\"t-1670570537821\">alimentation et restauration<\/h3>\n<p>Une indemnit\u00e9 de repas, par exemple avec petit-d\u00e9jeuner et caf\u00e9 le matin, un buffet ouvert le midi et une pause-caf\u00e9 l&rsquo;apr\u00e8s-midi, peut \u00eatre r\u00e9serv\u00e9e en option.<\/p>\n<p>Le bouchon n&rsquo;est pas un probl\u00e8me. Vous pr\u00e9f\u00e9rez apporter votre propre vin, whisky ou champagne ? Nous pouvons nous en occuper.&nbsp;<\/p>\n<ul>\n<li style=\"\"><span><strong>Assistance 24h\/24<\/strong><\/span><\/li>\n<li style=\"\"><span><strong>Pension tout compris<\/strong><\/span><\/li>\n<li><span><strong>R\u00e8glement complet<\/strong><strong><\/strong><\/span><\/li>\n<\/ul>\n<h2 style=\"\" id=\"t-1670570537822\">Foire aux questions avant de r\u00e9server<\/h2>\n<h2 style=\"text-align: center;\" id=\"t-1670570537823\">Nous trouvons la bonne pi\u00e8ce pour toutes les occasions<\/h2>\n<p style=\"text-align: center;\">Il existe un large \u00e9ventail de salles de conf\u00e9rence, de conf\u00e9rence et de r\u00e9union parmi lesquelles choisir pour votre \u00e9v\u00e9nement \u00e0 Prague.<\/p>\n<h3 style=\"\" id=\"t-1670570537824\">1\u00e8re salle de r\u00e9union \u00e0 Prague<\/h3>\n<p style=\"\">Les salles de conf\u00e9rence sont \u00e9quip\u00e9es des si\u00e8ges souhait\u00e9s. En r\u00e8gle g\u00e9n\u00e9rale, les salles contiennent toute la technologie dont vous avez besoin pour des conf\u00e9rences ou autres.<\/p>\n<p style=\"\">Sur demande, nous pouvons \u00e9galement organiser le programme d&rsquo;accompagnement, la restauration sur place et les \u00e9v\u00e9nements d&rsquo;\u00e9quipe apr\u00e8s ou pendant l&rsquo;\u00e9v\u00e9nement.&nbsp;<\/p>\n<h3 style=\"\" id=\"t-1670570537825\">2e salle de conf\u00e9rence \u00e0 Prague<\/h3>\n<p style=\"\">Nous trouverons la salle de conf\u00e9rence qui vous convient, qu&rsquo;il s&rsquo;agisse d&rsquo;une pr\u00e9sentation de produit, d&rsquo;inviter des employ\u00e9s de diff\u00e9rents pays ou d&rsquo;un congr\u00e8s.&nbsp;<\/p>\n<p style=\"\">En tant qu&rsquo;agence \u00e0 service complet, nous sommes \u00e9galement heureux de vous aider \u00e0 prendre soin des participants, avec <a href=\"https:\/\/praguetouristinformation.com\/fr\/voyage-de-groupe\/transfert-executif\" style=\"outline: none;\">les transferts de cadres<\/a> , les stagiaires juridiques, la <a href=\"https:\/\/praguetouristinformation.com\/fr\/voyage-de-groupe\/catering\" style=\"outline: none;\">restauration<\/a> et l&rsquo;ensemble du programme de soutien.<\/p>\n<h3 style=\"\" id=\"t-1670570537826\">3. Meetingraum \u00e0 Prague<\/h3>\n<p style=\"\">Pour votre r\u00e9union \u00e0 Prague, nous disposons de locaux adapt\u00e9s \u00e0 proximit\u00e9 imm\u00e9diate de tous les lieux importants.<\/p>\n<p>Vous souhaitez organiser une r\u00e9union apr\u00e8s un salon ? R\u00e9server un lieu pour des r\u00e9unions internes ? Rencontrer vos commerciaux ?<\/p>\n<p>Ou vous planifiez un <a href=\"https:\/\/praguetouristinformation.com\/fr\/voyage-de-groupe\/incentives\" style=\"outline: none;\">incentive<\/a> , un <a href=\"https:\/\/praguetouristinformation.com\/fr\/voyage-de-groupe\/teambuilding\" style=\"outline: none;\">team building<\/a> ou simplement une r\u00e9union ?<\/p>\n<p>Nous nous ferons un plaisir de trouver la salle de r\u00e9union qui vous convient.&nbsp;<\/p>\n<h2 id=\"t-1670570537827\">Consultation initiale gratuite et programme de soutien<\/h2>\n<p>Chez PragueTouristInformation.com, nous nous ferons un plaisir de nous occuper de l&rsquo;ensemble du programme de soutien sur demande.<\/p>\n<p>Qu&rsquo;il s&rsquo;agisse de transport, d&rsquo; <a href=\"https:\/\/praguetouristinformation.com\/fr\/hotel\" style=\"outline: none;\">h\u00f4tellerie<\/a> , de restauration, d&rsquo;assistance aux conf\u00e9renciers, de transfert de cadres, d&rsquo;incitations, d&rsquo; <a href=\"https:\/\/praguetouristinformation.com\/fr\/voyage-de-groupe\/interpretes\" style=\"outline: none;\">interpr\u00e8tes<\/a> pour des domaines sp\u00e9cialis\u00e9s ou de guides touristiques, avec notre service complet, nous r\u00e9pondons \u00e0 tous les souhaits et besoins.<\/p>\n<p>Nous sommes \u00e9galement heureux d&rsquo;organiser des \u00e9v\u00e9nements d&rsquo;\u00e9quipe dans des salles ferm\u00e9es apr\u00e8s la conf\u00e9rence pour vous d\u00e9tendre.<\/p>\n<p>Bien entendu, il est \u00e9galement possible de r\u00e9server des salles de conf\u00e9rence individuelles, des salles de conf\u00e9rence et des salles de r\u00e9union.<\/p>\n<p>Nous vous souhaitons une conf\u00e9rence r\u00e9ussie et agr\u00e9able \u00e0 Prague.&nbsp;<\/p>\n<h3 id=\"t-1670570537828\">Salle de r\u00e9union \u00e0 service complet \u00e0 Prague<\/h3>\n<ul>\n<li style=\"\"><span style=\"\"><strong>Un seul interlocuteur :<\/strong> avec nous, vous pouvez planifier l&rsquo;ensemble du programme de soutien \u00e0 partir d&rsquo;une seule source.&nbsp;<\/span><\/li>\n<li><span><strong>Conditions sp\u00e9ciales :<\/strong> Avec 22 ans d&rsquo;exp\u00e9rience, nous b\u00e9n\u00e9ficions de conditions sp\u00e9ciales, d&rsquo;un savoir-faire technique et de nombreux contacts \u00e0 Prague.&nbsp;<\/span><\/li>\n<li><span><strong>Assistance 24h\/24 :<\/strong> De la demande \u00e0 la mise en \u0153uvre, vous avez les m\u00eames interlocuteurs qui s&rsquo;occupent de vous. Notre assistance est disponible 24h\/24.&nbsp;<\/span><\/li>\n<\/ul>\n<h2 style=\"text-align: center;\" id=\"t-1670570537829\" data-hide=\"true\">Premi\u00e8re consultation gratuite<\/h2>\n<p style=\"text-align: center;\">Nous serions ravis de discuter de vos attentes. Le contact se fait par t\u00e9l\u00e9phone au&nbsp;<span data-attr-id=\"4\" data-extra_key=\"1\" data-option-inline=\"1\" data-shortcode=\"thrive_global_fields\" data-shortcode-name=\"[Company] Alternative phone number\"><\/span>, e-mail \u00e0 <span data-attr-id=\"5\" data-extra_key=\"1\" data-option-inline=\"1\" data-shortcode=\"thrive_global_fields\" data-shortcode-name=\"[Company] Email address\">support@praguetouristinformation.com<\/span> ou formulaire de contact possible.&nbsp;<\/p>\n","protected":false},"excerpt":{"rendered":"<p>Salle de r\u00e9union, salle de conf\u00e9rence ou salle de r\u00e9union \u00e0 service complet \u00e0 Prague Nous recherchons, r\u00e9servons et organisons des r\u00e9unions avec l&rsquo;ensemble du programme de soutien \u00e0 Prague Quel est le bon emplacement \u00e0 Prague ? Nous sommes le bon partenaire lorsqu&rsquo;il s&rsquo;agit d&rsquo;organiser des salles pour de petits groupes et des \u00e9v\u00e9nements [&hellip;]<\/p>\n","protected":false},"author":6,"featured_media":2205,"parent":405,"menu_order":0,"comment_status":"closed","ping_status":"closed","template":"","meta":{"footnotes":""},"categories":[],"tags":[28],"class_list":["post-360","page","type-page","status-publish","has-post-thumbnail","hentry","tag-m-i-c-e","post-wrapper","thrv_wrapper"],"_links":{"self":[{"href":"https:\/\/praguetouristinformation.com\/fr\/wp-json\/wp\/v2\/pages\/360","targetHints":{"allow":["GET"]}}],"collection":[{"href":"https:\/\/praguetouristinformation.com\/fr\/wp-json\/wp\/v2\/pages"}],"about":[{"href":"https:\/\/praguetouristinformation.com\/fr\/wp-json\/wp\/v2\/types\/page"}],"author":[{"embeddable":true,"href":"https:\/\/praguetouristinformation.com\/fr\/wp-json\/wp\/v2\/users\/6"}],"replies":[{"embeddable":true,"href":"https:\/\/praguetouristinformation.com\/fr\/wp-json\/wp\/v2\/comments?post=360"}],"version-history":[{"count":0,"href":"https:\/\/praguetouristinformation.com\/fr\/wp-json\/wp\/v2\/pages\/360\/revisions"}],"up":[{"embeddable":true,"href":"https:\/\/praguetouristinformation.com\/fr\/wp-json\/wp\/v2\/pages\/405"}],"wp:featuredmedia":[{"embeddable":true,"href":"https:\/\/praguetouristinformation.com\/fr\/wp-json\/wp\/v2\/media\/2205"}],"wp:attachment":[{"href":"https:\/\/praguetouristinformation.com\/fr\/wp-json\/wp\/v2\/media?parent=360"}],"wp:term":[{"taxonomy":"category","embeddable":true,"href":"https:\/\/praguetouristinformation.com\/fr\/wp-json\/wp\/v2\/categories?post=360"},{"taxonomy":"post_tag","embeddable":true,"href":"https:\/\/praguetouristinformation.com\/fr\/wp-json\/wp\/v2\/tags?post=360"}],"curies":[{"name":"wp","href":"https:\/\/api.w.org\/{rel}","templated":true}]}}