{"id":326,"date":"2020-09-03T13:39:25","date_gmt":"2020-09-03T13:39:25","guid":{"rendered":"http:\/\/praguetouristinformation.com\/?page_id=326"},"modified":"2023-05-04T13:44:58","modified_gmt":"2023-05-04T13:44:58","slug":"souvenirs","status":"publish","type":"page","link":"https:\/\/praguetouristinformation.com\/fr\/shopping\/souvenirs","title":{"rendered":"18 Meilleurs souvenirs de Prague"},"content":{"rendered":"<h3>Que seraient des vacances sans souvenir ? Sans souvenir pour vos proches ?<\/h3>\n<p>A Prague, le choix est immense, l&rsquo;abondance in\u00e9puisable. Qu&rsquo;il s&rsquo;agisse de souvenirs classiques ou traditionnels, vous trouverez tout ici.<\/p>\n<p>Comme dans n&rsquo;importe quelle ville, les monuments et <a data-id=\"247\" data-type=\"page\" href=\"https:\/\/praguetouristinformation.com\/fr\/choses-a-faire\" style=\"outline: none;\">curiosit\u00e9s<\/a> de Prague sont disponibles sous toutes les formes comme souvenirs. Que ce soit sous forme de tasse, d&rsquo;assiette, de verre, de carte postale, d&rsquo;affiche, de t-shirt, de sac, d&rsquo;aimant, de couteau de poche, de porte-cl\u00e9s, vous trouverez de tout.<\/p>\n<p>Mais il y a aussi des souvenirs qui racontent quelque chose sur Prague et qui sont typiques de la ville et du pays.<\/p>\n<p>Nous avons rassembl\u00e9 pour vous quelques id\u00e9es de souvenirs, dont certains ont une histoire int\u00e9ressante.<\/p>\n<h2 id=\"t-1670246161789\">1. Grenat de Boh\u00eame<\/h2>\n<p><span><img decoding=\"async\" alt=\"\" data-id=\"4152\" width=\"885\" data-init-width=\"1000\" height=\"590\" data-init-height=\"667\" title=\"Souvenir de grenat de Boh\u00eame de Prague, R\u00e9publique tch\u00e8que\" loading=\"lazy\" src=\"http:\/\/praguetouristinformation.com\/wp-content\/uploads\/2022\/12\/Bohemian-Garnet-Souvenir-from-Prague-Czech-Republic.jpg\" data-width=\"885\" data-height=\"590\" data-pinpro-key=\"8svovbcoh\"><\/span><\/p>\n<p>Le grenat est une pierre semi-pr\u00e9cieuse utilis\u00e9e en joaillerie depuis l&rsquo;Antiquit\u00e9. La couleur du grenat varie des nuances de vert au jaune et orange au rouge fonc\u00e9 qui semble presque noir, mais les grenats rouges sont les plus connus.<\/p>\n<p>Le grenat est consid\u00e9r\u00e9 comme le joyau national tch\u00e8que. Le soi-disant grenat de Boh\u00eame se distingue par sa couleur rouge intense, ne se trouve que dans la r\u00e9gion de Boh\u00eame et est export\u00e9 dans le monde entier.<\/p>\n<p>On dit qu&rsquo;il aide \u00e0 surmonter le chagrin et encourage les pens\u00e9es joyeuses et l\u00e9g\u00e8res.<\/p>\n<p>Faites attention au certificat afin de ne pas obtenir de faux.<\/p>\n<h2 id=\"t-1670246161790\">2. Porcelaine tch\u00e8que<\/h2>\n<p><span><img decoding=\"async\" alt=\"\" data-id=\"4147\" width=\"885\" data-init-width=\"1000\" height=\"590\" data-init-height=\"667\" title=\"Porcelaine Tch\u00e8que de Prague R\u00e9publique Tch\u00e8que\" loading=\"lazy\" src=\"http:\/\/praguetouristinformation.com\/wp-content\/uploads\/2022\/12\/Czech-Porcelain-from-Prague-Czech-Republic.jpg\" data-width=\"885\" data-height=\"590\" data-pinpro-key=\"cdpiscxz6\"><\/span><\/p>\n<p>La production de porcelaine a commenc\u00e9 en R\u00e9publique tch\u00e8que \u00e0 la fin du XVIIIe si\u00e8cle. La premi\u00e8re porcelaine tch\u00e8que a \u00e9t\u00e9 fabriqu\u00e9e pr\u00e8s de Karlovy Vary, o\u00f9 \u00e9taient extraites les ressources min\u00e9rales n\u00e9cessaires \u00e0 la production de porcelaine.<\/p>\n<p>Les motifs avec le soi-disant motif en oignon ou fleurs, qui sont principalement peints dans la teinte bleue traditionnelle, sont particuli\u00e8rement connus. Le motif des oies tch\u00e8ques dispos\u00e9es par paires et d\u00e9cor\u00e9es d&rsquo;arcs bleus est tr\u00e8s populaire.<\/p>\n<p>La porcelaine rose est le plus souvent d\u00e9cor\u00e9e de feuilles d&rsquo;or et d&rsquo;arrangements floraux.<\/p>\n<p>La v\u00e9ritable porcelaine tch\u00e8que n&rsquo;est pas bon march\u00e9 et doit \u00eatre achet\u00e9e dans un magasin de confiance, car de nombreuses contrefa\u00e7ons bon march\u00e9 sont \u00e9galement vendues.<\/p>\n<h2 id=\"t-1670246161791\">3. Verre boh\u00e8me<\/h2>\n<p><span><img decoding=\"async\" alt=\"\" data-id=\"4143\" width=\"885\" data-init-width=\"1000\" height=\"590\" data-init-height=\"667\" title=\"Verre boh\u00e8me de Prague, R\u00e9publique tch\u00e8que\" loading=\"lazy\" src=\"http:\/\/praguetouristinformation.com\/wp-content\/uploads\/2022\/12\/Bohemian-Glass-from-Prague-Czech-Republic.jpg\" data-width=\"885\" data-height=\"590\" data-pinpro-key=\"a8amcnuv4\"><\/span><\/p>\n<p>Le verre de Boh\u00eame est taill\u00e9 et grav\u00e9 \u00e0 la main dans de nombreuses petites usines \u00e0 travers le pays. De riches d\u00e9corations rendent le verre de Boh\u00eame unique. En plus des verres et des vases, des lustres et des bijoux sont \u00e9galement fabriqu\u00e9s \u00e0 partir de ce mat\u00e9riau.<\/p>\n<p>Le nom de cristal est utilis\u00e9 en R\u00e9publique tch\u00e8que pour d\u00e9signer un verre fin de haute qualit\u00e9 contenant une certaine quantit\u00e9 de plomb. Cela rend le cristal plus facile \u00e0 graver et hautement r\u00e9fl\u00e9chissant.<\/p>\n<p>Moser Glas est l&rsquo;un des plus c\u00e9l\u00e8bres producteurs de verre de Boh\u00eame. Contrairement \u00e0 d&rsquo;autres fabricants, le verre Moser ne contient pas de plomb. Le magasin phare de Moser, \u00e9l\u00e9gamment meubl\u00e9, est situ\u00e9 dans le passage \u010cern\u00e1 R\u016f\u017ee sur <a data-id=\"202\" data-type=\"page\" href=\"https:\/\/praguetouristinformation.com\/fr\/shopping\/rues-commercantes\" style=\"outline: none;\">la rue Na P\u0159\u00edkop\u011b<\/a> et son int\u00e9rieur rappelle plus un mus\u00e9e qu&rsquo;une boutique. Vous trouverez ici un large choix de verres souffl\u00e9s \u00e0 la bouche et d&rsquo;objets d\u00e9coratifs.<\/p>\n<p>Il y a cinq usines tch\u00e8ques de verre et de cristal pr\u00e8s de Prague qui peuvent \u00eatre visit\u00e9es.<\/p>\n<p>Les boutiques de souvenirs de Prague proposent du cristal de Boh\u00eame d&rsquo;autres fabricants.<\/p>\n<h2 id=\"t-1670246161792\">4. La petite taupe<\/h2>\n<p><span><img decoding=\"async\" alt=\"\" data-id=\"4155\" width=\"885\" data-init-width=\"1000\" height=\"590\" data-init-height=\"667\" title=\"La Petite Taupe Souvenir de Prague R\u00e9publique Tch\u00e8que\" loading=\"lazy\" src=\"http:\/\/praguetouristinformation.com\/wp-content\/uploads\/2022\/12\/The-Little-Mole-Souvenir-from-Prague-Czech-Republic.jpg\" data-width=\"885\" data-height=\"590\" data-pinpro-key=\"0e5r2tjhb\"><\/span><\/p>\n<p>Tout le monde \u00e0 Prague conna\u00eet le mignon black avec le bavoir gris et le nez rouge. Il est gentil et r\u00e9sout les probl\u00e8mes d\u00e9sagr\u00e9ables avec intelligence.&nbsp;La petite taupe a \u00e9t\u00e9 invent\u00e9e en 1957 par l&rsquo;illustrateur pragois Zden\u011bk Miler. Depuis lors, il a \u00e9t\u00e9 vu \u00e0 la t\u00e9l\u00e9vision tch\u00e8que pendant plus de 50 ans, pendant plus de 30 ans dans le cadre du \u00ab\u00a0Show mit der Maus im Deutsch\u00a0\u00bb (Le spectacle allemand de la souris), et le personnage s&rsquo;est fait conna\u00eetre dans plus de 80 pays \u00e0 travers le monde. .<\/p>\n<p>Il se d\u00e9cline sous toutes les formes, en t-shirt, peluche, stylo bille, mug, tablier de cuisine et bien plus encore.<\/p>\n<p>La petite taupe, qui s&rsquo;appelle \u00ab\u00a0Krtek\u00a0\u00bb en tch\u00e8que, est un atout culturel tch\u00e8que.<\/p>\n<h2 id=\"t-1670246161793\">5. Marionnettes<\/h2>\n<p><span><img decoding=\"async\" alt=\"\" data-id=\"4154\" width=\"885\" data-init-width=\"1000\" height=\"591\" data-init-height=\"668\" title=\"Marionnettes tch\u00e8ques de Prague, R\u00e9publique tch\u00e8que\" loading=\"lazy\" src=\"http:\/\/praguetouristinformation.com\/wp-content\/uploads\/2022\/12\/Czech-Puppets-From-Prague-Czech-Republic.jpg\" data-width=\"885\" data-height=\"591\" data-pinpro-key=\"pwbaku3bq\"><\/span><\/p>\n<p>Le th\u00e9\u00e2tre de marionnettes de Prague a acquis une renomm\u00e9e mondiale avec les pi\u00e8ces \u00ab Spejbl et Hurvinek \u00bb, jou\u00e9es dans 31 pays et 21 langues. Avec leurs dialogues entre le p\u00e8re Spejbl, tr\u00e8s s\u00fbr de lui, et le fils Hurv\u00ednek, qui \u00e9branle la conviction du p\u00e8re avec des questions appropri\u00e9es, les pi\u00e8ces sont un m\u00e9lange d&rsquo;humour grotesque et de satire quotidienne.<\/p>\n<p>Les marionnettes faites \u00e0 la main en bois ou en carton s&rsquo;adressent plus aux adultes avertis qu&rsquo;aux enfants. Ils viennent dans toutes les tailles et sur un large \u00e9ventail de sujets, des sorci\u00e8res et des d\u00e9mons aux dessins anim\u00e9s, des personnages litt\u00e9raires et des personnalit\u00e9s politiques.<\/p>\n<p>A Prague, on dit que ce n&rsquo;est pas l&rsquo;acheteur qui choisit la poup\u00e9e, mais la poup\u00e9e qui choisit l&rsquo;acheteur\u2026.<\/p>\n<h2 id=\"t-1670246161794\">6. Jouets en bois &#8211; poup\u00e9es matriochka<\/h2>\n<p><span><img decoding=\"async\" alt=\"\" data-id=\"4149\" width=\"885\" data-init-width=\"1000\" height=\"591\" data-init-height=\"668\" title=\"Poup\u00e9es matriochka de Prague R\u00e9publique Tch\u00e8que\" loading=\"lazy\" src=\"http:\/\/praguetouristinformation.com\/wp-content\/uploads\/2022\/12\/Matryoshka-Dolls-from-Prague-Czech-Republic.jpg\" data-width=\"885\" data-height=\"591\" data-pinpro-key=\"ayy9pc3o3\"><\/span><\/p>\n<p>La R\u00e9publique tch\u00e8que est c\u00e9l\u00e8bre pour ses jouets et est consid\u00e9r\u00e9e comme le plus grand exportateur de jouets en Europe. Le plus grand magasin de jouets d&rsquo;Europe centrale a ouvert ses portes en 2016 avec Hamley&rsquo;s sur la rue Na P\u0159\u00edkop\u011b.<\/p>\n<p>Les jouets en bois de Prague, qui sont vendus dans de nombreuses boutiques de souvenirs et march\u00e9s hebdomadaires tels que Havel&rsquo;s Markt au centre de Prague, sont particuli\u00e8rement connus. La poup\u00e9e matriochka gigogne est probablement la plus connue, bien qu&rsquo;il s&rsquo;agisse en fait d&rsquo;un jouet russe.<\/p>\n<h2 id=\"t-1670246161795\">7. Affiche Alphonse Mucha<\/h2>\n<p>Alfons Mucha (1860-1939) \u00e9tait un affichiste, graphiste, illustrateur, peintre et photographe amateur tch\u00e8que. En 1896, Alfons Mucha a con\u00e7u une affiche pour Sarah Bernhardt, l&rsquo;une des actrices les plus connues de Paris \u00e0 l&rsquo;\u00e9poque, dans le r\u00f4le de la Dame aux cam\u00e9lias, qui est largement consid\u00e9r\u00e9e comme l&rsquo;un des premiers temps forts de l&rsquo;art de l&rsquo;affiche Art Nouveau. Il est consid\u00e9r\u00e9 comme l&rsquo;un des repr\u00e9sentants \u00e9minents de l&rsquo;Art nouveau.<\/p>\n<p>Dans sa phase tardive, il a cr\u00e9\u00e9 une \u00e9pop\u00e9e monumentale sur l&rsquo;histoire des peuples slaves, l&rsquo;\u00e9pop\u00e9e slave, un cycle compos\u00e9 de 20 immenses peintures de 1911 \u00e0 1928, dont il a fait don \u00e0 la ville de Prague apr\u00e8s l&rsquo;ach\u00e8vement.<\/p>\n<p>Alfred Mucha est surtout connu pour ses affiches de belles femmes, dont les reproductions sont vendues dans tout Prague. Dans la boutique du mus\u00e9e du mus\u00e9e <a data-id=\"657\" data-type=\"page\" href=\"https:\/\/praguetouristinformation.com\/fr\/choses-a-faire\/musees\/mucha\" style=\"outline: none;\">Mucha,<\/a> vous trouverez le plus grand choix.<\/p>\n<h2 id=\"t-1670246161796\">8. Livres<\/h2>\n<p><span><img decoding=\"async\" alt=\"\" data-id=\"4156\" width=\"885\" data-init-width=\"1000\" height=\"633\" data-init-height=\"715\" title=\"Livres de Prague, R\u00e9publique tch\u00e8que\" loading=\"lazy\" src=\"http:\/\/praguetouristinformation.com\/wp-content\/uploads\/2022\/12\/Books-from-Prague-Czech-Republic.jpg\" data-width=\"885\" data-height=\"633\" data-pinpro-key=\"z5y0vl7wt\"><\/span><\/p>\n<p>La prose tch\u00e8que est connue bien au-del\u00e0 des fronti\u00e8res, notamment les \u0153uvres de Franz Kafka, Milan Kundera et Jaroslav Hasek, dont le roman le plus connu est The Good Soldier \u0160vejk.<\/p>\n<p>De nombreuses \u0153uvres de la litt\u00e9rature tch\u00e8que bien connue peuvent \u00eatre achet\u00e9es \u00e0 Prague en allemand ou en anglais.<\/p>\n<p>Un joli souvenir pour tous les invit\u00e9s amateurs de litt\u00e9rature.<\/p>\n<h2 id=\"t-1670246161797\">9. Musique classique<\/h2>\n<p><span><img decoding=\"async\" alt=\"\" data-id=\"4146\" width=\"885\" data-init-width=\"1000\" height=\"590\" data-init-height=\"667\" title=\"Musique classique de Prague R\u00e9publique tch\u00e8que\" loading=\"lazy\" src=\"http:\/\/praguetouristinformation.com\/wp-content\/uploads\/2022\/12\/Classical-Music-From-Prague-Czech-Republic.jpg\" data-width=\"885\" data-height=\"590\" data-pinpro-key=\"b86l7afxy\"><\/span><\/p>\n<p>La Tch\u00e9quie a produit des compositeurs c\u00e9l\u00e8bres. Le d\u00e9veloppement de Bed\u0159ich Smetana en un talent de classe mondiale au milieu du XVIIIe si\u00e8cle a donn\u00e9 naissance \u00e0 un style national, l&rsquo; Antonin Dvo\u0159\u00e1k , d\u00e9couvert lors d&rsquo;un concours de composition en 1875 par Johannes Brahms, et plus tard au XXe si\u00e8cle Leo\u0161 Jan\u00e1\u010dek et Bohuslav Martin\u016f , qui a commenc\u00e9 \u00e0 composer \u00e0 l&rsquo;\u00e2ge de 13 ans.<\/p>\n<p>Les CD avec les compositions correspondantes sont un bon souvenir pour tous les invit\u00e9s m\u00e9lomanes.<\/p>\n<h2 style=\"\">Visites \u00e0 pied populaires de Prague<\/h2>\n<p><!-- GetYourGuide Analytics -->[tcb-script async=\u00a0\u00bb\u00a0\u00bb defer=\u00a0\u00bb\u00a0\u00bb src=\u00a0\u00bbhttps:\/\/widget.getyourguide.com\/dist\/pa.umd.production.min.js\u00a0\u00bb data-gyg-partner-id=\u00a0\u00bb0F6NPGN\u00a0\u00bb][\/tcb-script]<\/p>\n<h2 id=\"t-1670246161798\">10. Cosm\u00e9tiques \u00e0 la bi\u00e8re<\/h2>\n<p><span><img decoding=\"async\" alt=\"\" data-id=\"4148\" width=\"885\" data-init-width=\"1000\" height=\"589\" data-init-height=\"666\" title=\"Cosm\u00e9tiques \u00e0 la bi\u00e8re de Prague R\u00e9publique tch\u00e8que\" loading=\"lazy\" src=\"http:\/\/praguetouristinformation.com\/wp-content\/uploads\/2022\/12\/Beer-Cosmetics-from-Prague-Czech-Republic.jpg\" data-width=\"885\" data-height=\"589\" data-pinpro-key=\"q28knqazj\"><\/span><\/p>\n<p>Les cosm\u00e9tiques \u00e0 base de bi\u00e8re tirent parti des effets hydratants, antiseptiques et anti-inflammatoires de la levure de bi\u00e8re et des extraits de houblon sur la peau humaine. Les vitamines contenues dans la bi\u00e8re, en particulier la vitamine B, soutiennent cet effet positif.<\/p>\n<p>Les shampooings et baumes capillaires \u00e0 la bi\u00e8re, les cr\u00e8mes \u00e0 la bi\u00e8re, les sels de bain \u00e0 la bi\u00e8re et bien plus encore sont principalement propos\u00e9s par la principale marque de cosm\u00e9tiques tch\u00e8que Manufaktura. Bien que les produits contiennent de la bi\u00e8re, ils ne sentent pas la bi\u00e8re, mais ont plut\u00f4t un ar\u00f4me l\u00e9g\u00e8rement fruit\u00e9 et grossier. Les magasins Manufaktura se trouvent dans les <a data-id=\"200\" data-type=\"page\" href=\"https:\/\/praguetouristinformation.com\/fr\/shopping\/centres-commerciaux\" style=\"outline: none;\">centres commerciaux<\/a> de Prague.<\/p>\n<h2 id=\"t-1670246161799\">11. Souvenir de Kafka<\/h2>\n<p>Ceux qui viennent \u00e0 Prague visitent \u00e9galement le mus\u00e9e Kafka, situ\u00e9 directement sur la rivi\u00e8re Vltava, tout pr\u00e8s du pont Charles. <a data-id=\"746\" data-type=\"page\" href=\"https:\/\/praguetouristinformation.com\/fr\/choses-a-faire\/musees\/kafka\" style=\"outline: none;\">Franz Kafka<\/a> est n\u00e9 \u00e0 Prague et y a pass\u00e9 la majeure partie de sa vie. Son \u0153uvre c\u00e9l\u00e8bre \u00ab\u00a0La M\u00e9tamorphose\u00a0\u00bb a \u00e9galement \u00e9t\u00e9 cr\u00e9\u00e9e \u00e0 Prague.<\/p>\n<p>Dans le mus\u00e9e qui lui est d\u00e9di\u00e9, vous pourrez admirer des photos originales, des lettres, des journaux intimes et bien plus encore, dans la boutique de souvenirs du mus\u00e9e, vous pourrez en trouver des copies ainsi que divers souvenirs inspir\u00e9s de Kafka.<\/p>\n<h2 id=\"t-1670246161800\">12. Enfant J\u00e9sus de Prague<\/h2>\n<p><span><img decoding=\"async\" alt=\"\" data-id=\"4153\" width=\"885\" data-init-width=\"1000\" height=\"590\" data-init-height=\"667\" title=\"Prague Jesulein de Prague, R\u00e9publique tch\u00e8que\" loading=\"lazy\" src=\"http:\/\/praguetouristinformation.com\/wp-content\/uploads\/2022\/12\/Prague-Jesulein-from-Prague-Czech-Republic.jpg\" data-width=\"885\" data-height=\"590\" data-pinpro-key=\"u17q2hyr3\"><\/span><\/p>\n<p>L&rsquo;Enfant J\u00e9sus de Prague est l&rsquo;une des images miraculeuses de J\u00e9sus les plus c\u00e9l\u00e8bres au monde. La statue en bois de 47 cm de haut, recouverte d&rsquo;une couche de cire color\u00e9e, est l&rsquo;\u0153uvre d&rsquo;un artiste inconnu et se trouve dans le monast\u00e8re carm\u00e9lite de Prague. L&rsquo;enfant J\u00e9sus est repr\u00e9sent\u00e9 \u00e0 l&rsquo;\u00e2ge d&rsquo;environ 3 ans, b\u00e9nissant de la main droite et tenant l&rsquo;orbe avec une croix dans la main gauche, symbole de la domination du monde.<\/p>\n<p>Les boutiques de souvenirs vendent des r\u00e9pliques de cette statue dans diff\u00e9rentes tailles et designs.<\/p>\n<h2 id=\"t-1670246161801\">13. Gaufrettes de Karlovy Vary<\/h2>\n<p><span><img decoding=\"async\" alt=\"\" data-id=\"4144\" width=\"885\" data-init-width=\"1000\" height=\"590\" data-init-height=\"667\" title=\"Karlovy Vary Gaufrettes, Prague R\u00e9publique Tch\u00e8que\" loading=\"lazy\" src=\"http:\/\/praguetouristinformation.com\/wp-content\/uploads\/2022\/12\/Karlovy-Vary-Wafers-Prague-Czech-Republic.jpg\" data-width=\"885\" data-height=\"590\" data-pinpro-key=\"n3xvff5o9\"><\/span><\/p>\n<p>L&rsquo;histoire des gaufrettes tch\u00e8ques traditionnelles remonte \u00e0 1856 lorsque Karel Reitenberger a commenc\u00e9 \u00e0 les produire \u00e0 grande \u00e9chelle. Les gaufrettes tr\u00e8s fines sont recouvertes \u00e0 la main d&rsquo;une couche tout aussi fine de cannelle, de sucre, de noisettes et de vanille. Ils sont \u00e9galement disponibles avec une saveur de chocolat ou de vanille et diverses autres saveurs.<\/p>\n<p>Les gaufrettes Karlsberger font partie des sp\u00e9cialit\u00e9s tch\u00e8ques traditionnelles et sont vendues fra\u00eeches dans les stands de souvenirs ou emball\u00e9es dans les supermarch\u00e9s.<\/p>\n<h2 id=\"t-1670246161802\">14. Gaufres Courtes<\/h2>\n<p>Les gaufres courtes sont un type particulier de gaufres g\u00e9antes, dont les plus c\u00e9l\u00e8bres sont produites dans la ville thermale tch\u00e8que de Karlovy Vary, connue pour ses ressources thermiques.<\/p>\n<p>Les gaufres courtes ont au moins la taille d&rsquo;une assiette et sont vendues dans une vari\u00e9t\u00e9 de saveurs.<\/p>\n<h2 id=\"t-1670246161803\">15. bi\u00e8re<\/h2>\n<p><span><img decoding=\"async\" alt=\"V\u00e9lo de bi\u00e8re, Prague, R\u00e9publique tch\u00e8que\" data-id=\"1337\" width=\"885\" data-init-width=\"1000\" height=\"590\" data-init-height=\"667\" title=\"V\u00e9lo de bi\u00e8re, Prague, R\u00e9publique tch\u00e8que\" loading=\"lazy\" src=\"http:\/\/praguetouristinformation.com\/wp-content\/uploads\/2020\/11\/Beer-Bike.jpg\" data-width=\"885\" data-height=\"590\" data-pinpro-key=\"zgem9pqj8\"><\/span><\/p>\n<p><a data-id=\"723\" data-type=\"page\" href=\"https:\/\/praguetouristinformation.com\/fr\/restaurants-prague\/biere-tcheque\" style=\"outline: none;\">La bi\u00e8re<\/a> &#8211; Pivo &#8211; est consid\u00e9r\u00e9e comme la boisson nationale en R\u00e9publique tch\u00e8que. Avec 159 litres par an, la consommation de bi\u00e8re par habitant est la plus \u00e9lev\u00e9e au monde. Gr\u00e2ce \u00e0 des marques de renomm\u00e9e internationale telles que Budweiser ou Pilsner Urquell, la bi\u00e8re tch\u00e8que est mondialement connue.<\/p>\n<p>Les degr\u00e9s que vous lisez dans la bi\u00e8re se r\u00e9f\u00e8rent au mo\u00fbt d&rsquo;origine&nbsp;: la bi\u00e8re \u00e0 10&nbsp;\u00b0 contient environ 4&nbsp;% d&rsquo;alcool, la bi\u00e8re \u00e0 12&nbsp;\u00b0 contient environ 5&nbsp;% d&rsquo;alcool.<\/p>\n<p>L&rsquo;une des bi\u00e8res les plus c\u00e9l\u00e8bres de Prague est la Staropramen.<\/p>\n<h2 id=\"t-1670246161804\">16. Becherovka<\/h2>\n<p><span><img decoding=\"async\" alt=\"\" data-id=\"4150\" width=\"885\" data-init-width=\"1000\" height=\"590\" data-init-height=\"667\" title=\"Becherovka, Prague R\u00e9publique tch\u00e8que\" loading=\"lazy\" src=\"http:\/\/praguetouristinformation.com\/wp-content\/uploads\/2022\/12\/Becherovka-Prague-Czech-Republic.jpg\" data-width=\"885\" data-height=\"590\" data-pinpro-key=\"yiu381s9h\"><\/span><\/p>\n<p>Becherovka est la c\u00e9l\u00e8bre liqueur aux herbes de Karlovy Vary avec environ 38% d&rsquo;alcool. Le schnaps amer aux herbes vert-jaune existe sous cette forme depuis plus de 200 ans. Il porte le nom de son inventeur Josef Vitus Becher, la recette est top secr\u00e8te, on peut y go\u00fbter un peu de gingembre. La boisson se boit souvent pure et fra\u00eeche.<\/p>\n<h2 id=\"t-1670246161805\">17. Absinthe<\/h2>\n<p><span><img decoding=\"async\" alt=\"\" data-id=\"4151\" width=\"885\" data-init-width=\"1000\" height=\"590\" data-init-height=\"667\" title=\"Absinthe, Prague R\u00e9publique Tch\u00e8que\" loading=\"lazy\" src=\"http:\/\/praguetouristinformation.com\/wp-content\/uploads\/2022\/12\/Absinthe-Prague-Czech-Republic.jpg\" data-width=\"885\" data-height=\"590\" data-pinpro-key=\"ej6x1tud7\"><\/span><\/p>\n<p>L&rsquo;absinthe, \u00e9galement connue sous le nom d&rsquo;absinthe, est aussi appel\u00e9e \u00ab\u00a0La F\u00e9e Verte\u00a0\u00bb en raison de sa couleur vert vif. L&rsquo;absinthe est fabriqu\u00e9e \u00e0 partir d&rsquo;absinthe, d&rsquo;anis, de fenouil et d&rsquo;autres herbes diff\u00e9rentes ainsi que d&rsquo;alcool. La teneur en alcool est g\u00e9n\u00e9ralement tr\u00e8s \u00e9lev\u00e9e, entre 45% et 89% d&rsquo;alcool.<\/p>\n<p>Comme son ar\u00f4me complet ne se d\u00e9ploie qu&rsquo;en relation avec l&rsquo;eau, l&rsquo;absinthe ne se boit pas pure, mais dilu\u00e9e avec de l&rsquo;eau. L&rsquo;absinthe aurait un effet euphorisant, enivrant et stimulant, pouvant entra\u00eener des hallucinations en cas de consommation excessive.<\/p>\n<p>L&rsquo;absinthe est un atout culturel en R\u00e9publique tch\u00e8que.<\/p>\n<h2 id=\"t-1670246161806\">18. Vins tch\u00e8ques<\/h2>\n<p><span><img decoding=\"async\" alt=\"\" data-id=\"4145\" width=\"885\" data-init-width=\"1000\" height=\"589\" data-init-height=\"665\" title=\"Vins Tch\u00e8ques, Prague R\u00e9publique Tch\u00e8que\" loading=\"lazy\" src=\"http:\/\/praguetouristinformation.com\/wp-content\/uploads\/2022\/12\/Czech-Wines-Prague-Czech-Republic.jpg\" data-width=\"885\" data-height=\"589\" data-pinpro-key=\"3wi0a41ex\"><\/span><\/p>\n<p>La viticulture en R\u00e9publique tch\u00e8que peut se pr\u00e9valoir d&rsquo;une tradition mill\u00e9naire. Des vins doux \u00e0 secs sont cultiv\u00e9s, la Moravie du Sud est la r\u00e9gion viticole la plus importante du pays. Entre autres, il y a des vins rouges comme Svatovavrineck\u00e9 &#8211; St. Laurent et Frankovka &#8211; Blaufr\u00e4nkisch ou des vins blancs comme Ryzlink vla\u0161sk\u00fd &#8211; Welschriesling et Veltl\u00ednsk\u00e9 zelen\u00e9 &#8211; Gr\u00fcner Veltliner.<\/p>\n<p><strong>N&rsquo;oubliez pas de vous renseigner sur les r\u00e9glementations douani\u00e8res et d&rsquo;importation de votre pays avant d&rsquo;acheter de l&rsquo;alcool.<\/strong><\/p>\n","protected":false},"excerpt":{"rendered":"<p>Que seraient des vacances sans souvenir ? Sans souvenir pour vos proches ? A Prague, le choix est immense, l&rsquo;abondance in\u00e9puisable. Qu&rsquo;il s&rsquo;agisse de souvenirs classiques ou traditionnels, vous trouverez tout ici. Comme dans n&rsquo;importe quelle ville, les monuments et curiosit\u00e9s de Prague sont disponibles sous toutes les formes comme souvenirs. Que ce soit sous [&hellip;]<\/p>\n","protected":false},"author":6,"featured_media":2470,"parent":765,"menu_order":0,"comment_status":"open","ping_status":"closed","template":"","meta":{"footnotes":""},"categories":[],"tags":[30,34],"class_list":["post-326","page","type-page","status-publish","has-post-thumbnail","hentry","tag-lifestyle","tag-shopping","post-wrapper","thrv_wrapper"],"_links":{"self":[{"href":"https:\/\/praguetouristinformation.com\/fr\/wp-json\/wp\/v2\/pages\/326","targetHints":{"allow":["GET"]}}],"collection":[{"href":"https:\/\/praguetouristinformation.com\/fr\/wp-json\/wp\/v2\/pages"}],"about":[{"href":"https:\/\/praguetouristinformation.com\/fr\/wp-json\/wp\/v2\/types\/page"}],"author":[{"embeddable":true,"href":"https:\/\/praguetouristinformation.com\/fr\/wp-json\/wp\/v2\/users\/6"}],"replies":[{"embeddable":true,"href":"https:\/\/praguetouristinformation.com\/fr\/wp-json\/wp\/v2\/comments?post=326"}],"version-history":[{"count":0,"href":"https:\/\/praguetouristinformation.com\/fr\/wp-json\/wp\/v2\/pages\/326\/revisions"}],"up":[{"embeddable":true,"href":"https:\/\/praguetouristinformation.com\/fr\/wp-json\/wp\/v2\/pages\/765"}],"wp:featuredmedia":[{"embeddable":true,"href":"https:\/\/praguetouristinformation.com\/fr\/wp-json\/wp\/v2\/media\/2470"}],"wp:attachment":[{"href":"https:\/\/praguetouristinformation.com\/fr\/wp-json\/wp\/v2\/media?parent=326"}],"wp:term":[{"taxonomy":"category","embeddable":true,"href":"https:\/\/praguetouristinformation.com\/fr\/wp-json\/wp\/v2\/categories?post=326"},{"taxonomy":"post_tag","embeddable":true,"href":"https:\/\/praguetouristinformation.com\/fr\/wp-json\/wp\/v2\/tags?post=326"}],"curies":[{"name":"wp","href":"https:\/\/api.w.org\/{rel}","templated":true}]}}