{"id":315,"date":"2020-09-03T13:17:39","date_gmt":"2020-09-03T13:17:39","guid":{"rendered":"http:\/\/praguetouristinformation.com\/?page_id=315"},"modified":"2023-05-04T14:17:15","modified_gmt":"2023-05-04T14:17:15","slug":"teambuilding","status":"publish","type":"page","link":"https:\/\/praguetouristinformation.com\/fr\/voyage-de-groupe\/teambuilding","title":{"rendered":"Les meilleurs \u00e9v\u00e9nements de team building \u00e0 Prague"},"content":{"rendered":"<h1>Le bon \u00e9v\u00e9nement de team building \u00e0 Prague<\/h1>\n<p>Nous proposons ce qu&rsquo;il faut pour tous les go\u00fbts : tout est possible entre bateau de f\u00eate, jardin d&rsquo;escalade et cours de cuisine.&nbsp;<\/p>\n<h2 id=\"t-1670570932900\">Quel \u00e9v\u00e9nement de team building me convient ?<\/h2>\n<p>Avec un \u00e9v\u00e9nement d&rsquo;\u00e9quipe sp\u00e9cial, vous pouvez r\u00e9compenser vos employ\u00e9s, les motiver \u00e0 long terme, am\u00e9liorer l&rsquo;ambiance de travail et int\u00e9grer de nouveaux coll\u00e8gues dans l&rsquo;entreprise.&nbsp;<\/p>\n<p>La communication personnelle n&rsquo;est pas seulement importante en p\u00e9riode de changement rapide, mais aussi pour les employ\u00e9s qui sont au bureau \u00e0 domicile ou qui souffrent du stress quotidien.&nbsp;<\/p>\n<p>En collaboration avec nos experts, nous examinerons vos souhaits sans engagement et vous ferons parvenir une offre adapt\u00e9e \u00e0 vos besoins dans les 24 \u00e0 48 heures. L&rsquo;organisation d&rsquo;\u00e9v\u00e9nements adapt\u00e9s est possible pour toutes les tailles de groupe, y compris les conf\u00e9rences.&nbsp;<\/p>\n<h3 id=\"t-1670570932901\">Agence full service<\/h3>\n<p>L&rsquo;ensemble du programme de soutien est disponible aupr\u00e8s d&rsquo;une seule source avec PragueTouristInformation.com. En tant qu&rsquo;agence \u00e0 service complet, nous pouvons nous occuper de tout&nbsp; , du bus de l&rsquo;a\u00e9roport \u00e0 l&rsquo;h\u00f4tel de la conf\u00e9rence et \u00e0 la <a href=\"https:\/\/praguetouristinformation.com\/fr\/voyage-de-groupe\/catering\" style=\"outline: none;\">restauration .<\/a><\/p>\n<ul>\n<li style=\"\"><span><strong>Assistance 24h\/24<\/strong><\/span><\/li>\n<li style=\"\"><span><strong>Conseil individuel<\/strong><\/span><\/li>\n<li style=\"\"><span><strong>Programme de soutien complet<\/strong><\/span><\/li>\n<\/ul>\n<h2 style=\"\" id=\"t-1670570932902\">Que dois-je savoir avant de r\u00e9server ?<\/h2>\n<h2 style=\"text-align: center;\" id=\"t-1670570932903\">Classique ou individuel ?<\/h2>\n<p style=\"text-align: center;\">Nous sommes \u00e9galement heureux de r\u00e9pondre aux demandes sp\u00e9ciales. Voici les 10 best-sellers \u00e0 Prague :<\/p>\n<h3 style=\"\" id=\"t-1670570932904\">1. Stadtrallye&nbsp;<\/h3>\n<p>Classique ou avec GPS. Suivez les indices, r\u00e9solvez des t\u00e2ches difficiles et d\u00e9couvrez en m\u00eame temps la ville dor\u00e9e de Prague. Recherchez le patron kidnapp\u00e9, les points d&rsquo;int\u00e9r\u00eat sp\u00e9ciaux ou le lieu de l&rsquo;\u00e9v\u00e9nement pour le d\u00eener.&nbsp;<\/p>\n<h3 style=\"\" id=\"t-1670570932905\">2. D\u00e9gustation<\/h3>\n<p>Plongez dans la l\u00e9gendaire <a href=\"https:\/\/praguetouristinformation.com\/fr\/restaurants-prague\/biere-tcheque\" style=\"outline: none;\">culture de la bi\u00e8re en R\u00e9publique tch\u00e8que<\/a> . D\u00e9couvrez les meilleures brasseries et pubs de Prague pendant que vos papilles d\u00e9couvrent la vari\u00e9t\u00e9 de bi\u00e8res tch\u00e8ques.<\/p>\n<h3 style=\"\" id=\"t-1670570932906\">3. Jeu d&rsquo;\u00e9vasion<\/h3>\n<p>Cet \u00e9v\u00e9nement d&rsquo;\u00e9quipe ne favorise pas seulement l&rsquo;esprit d&rsquo;\u00e9quipe et la combinaison des comp\u00e9tences des employ\u00e9s, gr\u00e2ce \u00e0 des \u00e9nigmes d\u00e9licates et \u00e0 la comp\u00e9tition contre la montre, c&rsquo;est aussi une exp\u00e9rience particuli\u00e8re&#8230;<\/p>\n<h3 style=\"\" id=\"t-1670570932907\">4. Koch-Events<\/h3>\n<p><a href=\"https:\/\/praguetouristinformation.com\/fr\/restaurants-prague\/cuisine-tcheque\" style=\"outline: none;\">La cuisine tch\u00e8que<\/a> traditionnelle a beaucoup \u00e0 offrir. D\u00e9couvrez la cuisine boh\u00e8me lors d&rsquo;un d\u00e9licieux \u00e9v\u00e9nement culinaire \u00e0 Prague. Cela suscite non seulement la faim, mais aussi la coop\u00e9ration. L&rsquo;\u00e9v\u00e9nement est \u00e9galement possible dans vos propres salles de conf\u00e9rence.<\/p>\n<h3 style=\"\" id=\"t-1670570932908\">5. Flo\u00dfbau<\/h3>\n<p>Coh\u00e9sion et communication s&rsquo;imposent ici ! Ensemble, vous suivez les instructions de votre entra\u00eeneur. Couronnez l&rsquo;exp\u00e9rience avec une r\u00e9gate sur la rivi\u00e8re Vltava, y compris une c\u00e9r\u00e9monie de remise des prix&#8230;<\/p>\n<h3 style=\"\" id=\"t-1670570932909\">6. Mini-golf<\/h3>\n<p>Le mini-golf permet de se d\u00e9tendre dans la <a href=\"https:\/\/praguetouristinformation.com\/fr\/voyage-de-groupe\/salles-de-reunions\" style=\"outline: none;\">salle de conf\u00e9rence . <\/a>Un jeu est amusant et vous \u00e9claircit la t\u00eate pour les \u00e9l\u00e9ments de la conf\u00e9rence \u00e0 venir.&nbsp;<\/p>\n<h3 style=\"\" id=\"t-1670570932910\">7. Faire du karting<\/h3>\n<p>Cet \u00e9v\u00e9nement d&rsquo;\u00e9quipe offre de l&rsquo;adr\u00e9naline pure ! Quiconque a toujours voulu se sentir comme un pilote de Formule 1 a maintenant la possibilit\u00e9 de le faire. Gr\u00e2ce aux halls couverts, vous n&rsquo;avez pas non plus \u00e0 vous soucier du mauvais temps.<\/p>\n<h3 style=\"\" id=\"t-1670570932911\">8. Football \u00e0 bulles<\/h3>\n<p>Le sport tendance scandinave avec un facteur de plaisir \u00e9lev\u00e9 ! Envelopp\u00e9 dans un airbag int\u00e9gral, le match de football peut commencer. Des alternatives telles que \u00ab\u00a0Last Man Standing\u00a0\u00bb, \u00ab\u00a0Human Bowling\u00a0\u00bb ou \u00ab\u00a0Sumo Battle\u00a0\u00bb sont \u00e9galement possibles. La devise de cet \u00e9v\u00e9nement est&nbsp;: amusez-vous jusqu&rsquo;\u00e0 ce que vous tombiez&#8230;<\/p>\n<h3 style=\"\" id=\"t-1670570932912\">9. Meurtre myst\u00e9rieux<\/h3>\n<p>\u00c9v\u00e9nement d&rsquo;\u00e9quipe avec une diff\u00e9rence. Que diriez-vous d&rsquo;une aventure de jeu policier en direct o\u00f9 chaque coll\u00e8gue assume un r\u00f4le myst\u00e9rieux diff\u00e9rent. De nombreux sc\u00e9narios passionnants sont envisageables. Ce qui est certain, c&rsquo;est que l&rsquo;\u00e9v\u00e9nement meurtrier restera longtemps dans les m\u00e9moires de votre \u00e9quipe&#8230;<\/p>\n<h3 style=\"\" id=\"t-1670570932913\">10. Les classiques<\/h3>\n<p>karaok\u00e9 ? parc d&rsquo;escalade? Peinturer? Jeux des Highlands&nbsp;? paint-ball ? Nous pouvons bien s\u00fbr organiser tout cela. Il existe \u00e9galement de nombreux autres \u00e9v\u00e9nements de team building individuels possibles.&nbsp;<\/p>\n<h2 id=\"t-1670570932914\">Le but du team building<\/h2>\n<p>Surtout en p\u00e9riode de vie rapide, de bureau \u00e0 domicile et de travail quotidien tr\u00e9pidant, il n&rsquo;y a souvent pas assez de temps pour faire connaissance avec des coll\u00e8gues et cr\u00e9er un esprit d&rsquo;\u00e9quipe.&nbsp;<\/p>\n<p>Les relations doivent \u00eatre entretenues.<\/p>\n<p>Les \u00e9v\u00e9nements de team building cr\u00e9ent des moments inoubliables de cr\u00e9ativit\u00e9 et de plaisir communs. L&rsquo;esprit d&rsquo;\u00e9quipe assure une bonne communication. Avec le bon \u00e9v\u00e9nement, les employ\u00e9s autrement r\u00e9ticents peuvent \u00e9galement \u00eatre int\u00e9gr\u00e9s dans le groupe.<\/p>\n<p>Peut-\u00eatre cela cr\u00e9era-t-il une nouvelle base de discussion dans l&rsquo;entreprise ? Un \u00e9v\u00e9nement d\u00e9lie aussi de longues conf\u00e9rences.&nbsp;<\/p>\n<p>Nous sommes heureux de vous aider \u00e0 choisir les bons \u00e9v\u00e9nements de team building.&nbsp;<\/p>\n<h3 id=\"t-1670570932915\">D&rsquo;une source unique :<\/h3>\n<ul>\n<li style=\"\"><span style=\"\"><strong>Programme d&rsquo;accompagnement complet :<\/strong> tout est possible , du transport, en commen\u00e7ant par le bus depuis l&rsquo;a\u00e9roport, jusqu&rsquo;aux <a href=\"https:\/\/praguetouristinformation.com\/fr\/hotel\" style=\"outline: none;\">h\u00f4tels<\/a> , lieux d&rsquo;\u00e9v\u00e9nements et restauration.&nbsp;<\/span><\/li>\n<li><span><strong>Assistance 24h\/24 :<\/strong> L&rsquo;\u00e9v\u00e9nement dure jusqu&rsquo;au petit matin ? Aucun probl\u00e8me. Lors de votre \u00e9v\u00e9nement de team building \u00e0 Prague, nous sommes disponibles 24h\/24 et 7j\/7 pour toute question.&nbsp;<\/span><\/li>\n<li><span><strong>Conseil individuel :<\/strong> Apr\u00e8s la demande, nous vous ferons parvenir une offre adapt\u00e9e dans les 24 \u00e0 48 heures apr\u00e8s examen de vos souhaits.&nbsp;<\/span><\/li>\n<\/ul>\n<h2 style=\"text-align: center;\" id=\"t-1670570932916\">Premi\u00e8re consultation gratuite<\/h2>\n<p style=\"text-align: center;\">Nous serions ravis de discuter de vos attentes. Le contact se fait par t\u00e9l\u00e9phone au&nbsp;<span data-attr-id=\"4\" data-extra_key=\"1\" data-option-inline=\"1\" data-shortcode=\"thrive_global_fields\" data-shortcode-name=\"[Company] Alternative phone number\"><\/span>, e-mail \u00e0 <span data-attr-id=\"5\" data-extra_key=\"1\" data-option-inline=\"1\" data-shortcode=\"thrive_global_fields\" data-shortcode-name=\"[Company] Email address\">support@praguetouristinformation.com<\/span> ou formulaire de contact possible.&nbsp;<\/p>\n","protected":false},"excerpt":{"rendered":"<p>Le bon \u00e9v\u00e9nement de team building \u00e0 Prague Nous proposons ce qu&rsquo;il faut pour tous les go\u00fbts : tout est possible entre bateau de f\u00eate, jardin d&rsquo;escalade et cours de cuisine.&nbsp; Quel \u00e9v\u00e9nement de team building me convient ? Avec un \u00e9v\u00e9nement d&rsquo;\u00e9quipe sp\u00e9cial, vous pouvez r\u00e9compenser vos employ\u00e9s, les motiver \u00e0 long terme, am\u00e9liorer [&hellip;]<\/p>\n","protected":false},"author":6,"featured_media":2227,"parent":405,"menu_order":0,"comment_status":"closed","ping_status":"closed","template":"","meta":{"footnotes":""},"categories":[],"tags":[28],"class_list":["post-315","page","type-page","status-publish","has-post-thumbnail","hentry","tag-m-i-c-e","post-wrapper","thrv_wrapper"],"_links":{"self":[{"href":"https:\/\/praguetouristinformation.com\/fr\/wp-json\/wp\/v2\/pages\/315","targetHints":{"allow":["GET"]}}],"collection":[{"href":"https:\/\/praguetouristinformation.com\/fr\/wp-json\/wp\/v2\/pages"}],"about":[{"href":"https:\/\/praguetouristinformation.com\/fr\/wp-json\/wp\/v2\/types\/page"}],"author":[{"embeddable":true,"href":"https:\/\/praguetouristinformation.com\/fr\/wp-json\/wp\/v2\/users\/6"}],"replies":[{"embeddable":true,"href":"https:\/\/praguetouristinformation.com\/fr\/wp-json\/wp\/v2\/comments?post=315"}],"version-history":[{"count":0,"href":"https:\/\/praguetouristinformation.com\/fr\/wp-json\/wp\/v2\/pages\/315\/revisions"}],"up":[{"embeddable":true,"href":"https:\/\/praguetouristinformation.com\/fr\/wp-json\/wp\/v2\/pages\/405"}],"wp:featuredmedia":[{"embeddable":true,"href":"https:\/\/praguetouristinformation.com\/fr\/wp-json\/wp\/v2\/media\/2227"}],"wp:attachment":[{"href":"https:\/\/praguetouristinformation.com\/fr\/wp-json\/wp\/v2\/media?parent=315"}],"wp:term":[{"taxonomy":"category","embeddable":true,"href":"https:\/\/praguetouristinformation.com\/fr\/wp-json\/wp\/v2\/categories?post=315"},{"taxonomy":"post_tag","embeddable":true,"href":"https:\/\/praguetouristinformation.com\/fr\/wp-json\/wp\/v2\/tags?post=315"}],"curies":[{"name":"wp","href":"https:\/\/api.w.org\/{rel}","templated":true}]}}