{"id":2944,"date":"2021-01-12T16:35:41","date_gmt":"2021-01-12T16:35:41","guid":{"rendered":"http:\/\/praguetouristinformation.com\/?page_id=2944"},"modified":"2024-10-21T12:36:13","modified_gmt":"2024-10-21T12:36:13","slug":"partenaire","status":"publish","type":"page","link":"https:\/\/praguetouristinformation.com\/fr\/partenaire","title":{"rendered":"Partenaire d&#8217;Prague Tourist Information"},"content":{"rendered":"<p><a href=\"https:\/\/www.dynamicwebsolutions.at\/\" target=\"_blank\" rel=\"noopener\"><span><img decoding=\"async\" alt=\"\" data-id=\"5834\" width=\"460\" data-init-width=\"1440\" height=\"77\" data-init-height=\"240\" title=\"Logo Dynamic Web Solutions GmbH\" src=\"http:\/\/praguetouristinformation.com\/wp-content\/uploads\/2021\/01\/Dynamic-Web-Solutions-GmbH-Logo.png\" data-width=\"460\" data-height=\"77\" style=\"aspect-ratio: auto 1440 \/ 240;\" loading=\"lazy\"><\/span><\/p>\n<h4>Dynamic Web Solutions GmbH<\/h4>\n<p>Partenaire technique, de r\u00e9f\u00e9rencement et de conception Web de PragueTouristInformation.com.&nbsp;<\/p>\n<p><\/a><a href=\"https:\/\/www.konpasu.de\/\" target=\"_blank\" rel=\"noopener\"><span><img decoding=\"async\" alt=\"\" data-id=\"5814\" width=\"368\" data-init-width=\"1440\" height=\"61\" data-init-height=\"240\" title=\"Logo Konpasu.de\" src=\"http:\/\/praguetouristinformation.com\/wp-content\/uploads\/2021\/01\/Konpasu-Logo15.png\" data-width=\"368\" data-height=\"61\" style=\"aspect-ratio: auto 1440 \/ 240;\" loading=\"lazy\"><\/span><\/p>\n<h4>Konpasu.de<\/h4>\n<p>Partenaire des r\u00e9seaux sociaux, influenceur et blogueur de PragueTouristInformation.com.&nbsp;<\/p>\n<p><\/a><a href=\"https:\/\/www.travelgroup24.com\/\" target=\"_blank\" rel=\"noopener\"><span><img decoding=\"async\" alt=\"\" data-id=\"3422\" width=\"368\" data-init-width=\"1440\" height=\"61\" data-init-height=\"240\" title=\"Logo du groupe de voyage(1)\" src=\"http:\/\/praguetouristinformation.com\/wp-content\/uploads\/2021\/01\/Travel-Group-Logo1.png\" data-width=\"368\" data-height=\"61\" style=\"aspect-ratio: auto 1440 \/ 240;\" loading=\"lazy\"><\/span><\/p>\n<h4>Groupe de voyage<\/h4>\n<p>Destination management et op\u00e9rateur grossiste pour les groupes loisirs et salons.&nbsp;<\/p>\n<p><\/a><a href=\"https:\/\/most-amazing-places.com\" target=\"_blank\" rel=\"noopener\"><span><img decoding=\"async\" alt=\"\" data-id=\"4703\" width=\"111\" data-init-width=\"512\" height=\"111\" data-init-height=\"512\" title=\"MAP-LOGO-002 (3)\" src=\"https:\/\/praguetouristinformation.com\/fr\/wp-content\/uploads\/2024\/05\/MAP-LOGO-002-3.png\" data-width=\"111\" data-height=\"111\" style=\"aspect-ratio: auto 512 \/ 512;\" loading=\"lazy\"><\/span><\/p>\n<h4>most-amazing-places.com<\/h4>\n<p>Most Amazing Places est une marque cr\u00e9\u00e9e par des professionnels passionn\u00e9s du voyage. Trouvez les billets de la meilleure qualit\u00e9 au meilleur prix, sur tous les op\u00e9rateurs en ligne.<\/p>\n<p><\/a><\/p>\n<h2 style=\"text-align: center;\">Contact partenaire pour les entreprises, les agences et les organismes de voyage<\/h2>\n<h2 style=\"\">Comment pouvons nous aider?<\/h2>\n<h3 style=\"\">1. Info-Service<\/h3>\n<p style=\"\">Questions sur la planification des voyages \u00e0 Prague.&nbsp;<\/p>\n<h3 style=\"\">2. Service de r\u00e9servation<\/h3>\n<p style=\"\">R\u00e9servation d&rsquo;h\u00f4tels, de salles de r\u00e9union, de billets, de visites et de guides.<\/p>\n<h3 style=\"\">3. B2B et MICE<\/h3>\n<p style=\"\">Coop\u00e9ration avec PragueTouristInformation.com et demandes de renseignements sur les conf\u00e9rences, les \u00e9v\u00e9nements et les salons \u00e0 Prague.&nbsp;<\/p>\n<h2 style=\"\">Fait partie de l&rsquo;organisation touristique mondiale<\/h2>\n<p><a href=\"https:\/\/paristouristinformation.fr\/\" target=\"_blank\" rel=\"noopener\"><span><img decoding=\"async\" alt=\"\" data-id=\"3414\" width=\"308\" data-init-width=\"1834\" height=\"109\" data-init-height=\"651\" title=\"Logo Office de Tourisme de Paris\" src=\"http:\/\/praguetouristinformation.com\/wp-content\/uploads\/2021\/01\/Paris-Tourist-Information-Logo.png\" data-width=\"308\" data-height=\"109\" style=\"aspect-ratio: auto 1834 \/ 651;\" loading=\"lazy\"><\/span><\/p>\n<h4>ParisTouristInformation.fr<\/h4>\n<p>Site d&rsquo;information touristique de la capitale fran\u00e7aise Paris.&nbsp;<\/p>\n<p><\/a><a href=\"https:\/\/viennatouristinformation.com\/\" target=\"_blank\" rel=\"noopener\"><span><img decoding=\"async\" alt=\"\" data-id=\"2965\" width=\"368\" data-init-width=\"2126\" height=\"113\" data-init-height=\"651\" title=\"Logo ViennaTouristInformation.com\" src=\"http:\/\/praguetouristinformation.com\/wp-content\/uploads\/2021\/01\/ViennaTouristInformation.com-Logo.png\" data-width=\"368\" data-height=\"113\" style=\"aspect-ratio: auto 2126 \/ 651;\" loading=\"lazy\"><\/span><\/p>\n<h4>ViennaTouristInformation.com<\/h4>\n<p>Site d&rsquo;informations touristiques sur la capitale autrichienne Vienne.&nbsp;<\/p>\n<p><\/a><a href=\"https:\/\/antalyatouristinformation.com\" target=\"_blank\" rel=\"noopener\"><span><img decoding=\"async\" alt=\"\" data-id=\"4698\" width=\"248\" data-init-width=\"600\" height=\"74\" data-init-height=\"180\" title=\"AntalyaTouristInformation.com-Logo-2048x616\" src=\"https:\/\/praguetouristinformation.com\/fr\/wp-content\/uploads\/2024\/05\/AntalyaTouristInformation.com-Logo-2048x616-1.png\" data-width=\"248\" data-height=\"74\" style=\"aspect-ratio: auto 600 \/ 180;\" loading=\"lazy\"><\/span><\/p>\n<h4>antalyatouristinformation.com<\/h4>\n<p>Site d&rsquo;information touristique de la ville turque d&rsquo;Antalya<\/p>\n<p><\/a><a href=\"https:\/\/cappadociatouristinformation.gen.tr\" target=\"_blank\" rel=\"noopener\"><span><img decoding=\"async\" alt=\"\" data-id=\"4699\" width=\"296\" data-init-width=\"600\" height=\"65\" data-init-height=\"132\" title=\"CAPPADOCIA-TOURIST-INFO-LOGO copy\" src=\"https:\/\/praguetouristinformation.com\/fr\/wp-content\/uploads\/2024\/05\/CAPPADOCIA-TOURIST-INFO-LOGO-copy.png\" data-width=\"296\" data-height=\"65\" style=\"aspect-ratio: auto 600 \/ 132;\" loading=\"lazy\"><\/span><\/p>\n<h4>cappadociatouristinformation.gen.tr<\/h4>\n<p>Site d&rsquo;informations touristiques sur la r\u00e9gion turque de Cappadoce<\/p>\n<p><\/a><a href=\"https:\/\/italy-tourist-information.com\" target=\"_blank\" rel=\"noopener\"><span><img decoding=\"async\" alt=\"\" data-id=\"4729\" width=\"247\" data-init-width=\"440\" height=\"88\" data-init-height=\"156\" title=\"ITALY-TOURIST-INFO-LOGO\" src=\"https:\/\/praguetouristinformation.com\/fr\/wp-content\/uploads\/2024\/10\/ITALY-TOURIST-INFO-LOGO.png\" data-width=\"247\" data-height=\"88\" style=\"aspect-ratio: auto 440 \/ 156;\" loading=\"lazy\"><\/span><\/p>\n<h4>Italy-Tourist-Information.com<\/h4>\n<p>Site Web d&rsquo;information touristique pour toutes les villes les plus populaires d&rsquo;Italie<\/p>\n<p><\/a><a href=\"https:\/\/iceland-tourist-information.com\" target=\"_blank\" rel=\"noopener\"><span><img decoding=\"async\" alt=\"\" data-id=\"4728\" width=\"295\" data-init-width=\"568\" height=\"81\" data-init-height=\"156\" title=\"Iceland-Tourist-Information-Logo-2\" src=\"https:\/\/praguetouristinformation.com\/fr\/wp-content\/uploads\/2024\/10\/Iceland-Tourist-Information-Logo-2.png\" data-width=\"295\" data-height=\"81\" style=\"aspect-ratio: auto 568 \/ 156;\" loading=\"lazy\"><\/span><\/p>\n<h4>Iceland-Tourist-Information.com<\/h4>\n<p>Site Web d&rsquo;information touristique pour les villes et attractions les plus populaires d&rsquo;Islande<\/p>\n<p><\/a><a href=\"https:\/\/new-york-tourist-information.com\" target=\"_blank\" rel=\"noopener\"><span><img decoding=\"async\" alt=\"\" data-id=\"4731\" width=\"247\" data-init-width=\"611\" height=\"63\" data-init-height=\"156\" title=\"NY-TOURIST-INFORMATION\" src=\"https:\/\/praguetouristinformation.com\/fr\/wp-content\/uploads\/2024\/10\/NY-TOURIST-INFORMATION.png\" data-width=\"247\" data-height=\"63\" style=\"aspect-ratio: auto 611 \/ 156;\" loading=\"lazy\"><\/span><\/p>\n<h4>New-York-Tourist-Information.com<\/h4>\n<p>Site Web d&rsquo;information touristique pour la Big Apple.<\/p>\n<p><\/a><a href=\"https:\/\/dubai-tourist-information.ae\" target=\"_blank\" rel=\"noopener\"><span><img decoding=\"async\" alt=\"\" data-id=\"4727\" width=\"295\" data-init-width=\"488\" height=\"94\" data-init-height=\"156\" title=\"DUBAI-TOURIST-INFORMATION\" src=\"https:\/\/praguetouristinformation.com\/fr\/wp-content\/uploads\/2024\/10\/DUBAI-TOURIST-INFORMATION.png\" data-width=\"295\" data-height=\"94\" style=\"aspect-ratio: auto 488 \/ 156;\" loading=\"lazy\"><\/span><\/p>\n<h4>Dubai-Tourist-Information.ae<\/h4>\n<p>Site Web d&rsquo;information touristique pour la ville de Duba\u00ef aux \u00c9mirats arabes unis<\/p>\n<p><\/a><a href=\"https:\/\/amsterdam-tourist-information.com\" target=\"_blank\" rel=\"noopener\"><span><img decoding=\"async\" alt=\"\" data-id=\"4732\" width=\"247\" data-init-width=\"674\" height=\"57\" data-init-height=\"156\" title=\"thumbnail_AMSTERDAM TOURIST INFO\" src=\"https:\/\/praguetouristinformation.com\/fr\/wp-content\/uploads\/2024\/10\/thumbnail_AMSTERDAM-TOURIST-INFO.png\" data-width=\"247\" data-height=\"57\" style=\"aspect-ratio: auto 674 \/ 156;\" loading=\"lazy\"><\/span><\/p>\n<h4>Amsterdam-Tourist-Information.com<\/h4>\n<p>Site Web d&rsquo;information touristique pour la ville d&rsquo;Amsterdam aux Pays-Bas<\/p>\n<p><\/a><a href=\"https:\/\/london-touristinformation.com\" target=\"_blank\" rel=\"noopener\"><span><img decoding=\"async\" alt=\"\" data-id=\"4730\" width=\"295\" data-init-width=\"534\" height=\"86\" data-init-height=\"156\" title=\"london TI\" src=\"https:\/\/praguetouristinformation.com\/fr\/wp-content\/uploads\/2024\/10\/london-TI.png\" data-width=\"295\" data-height=\"86\" style=\"aspect-ratio: auto 534 \/ 156;\" loading=\"lazy\"><\/span><\/p>\n<h4>London-TouristInformation.com<\/h4>\n<p>Site Web d&rsquo;information touristique pour la ville de Londres au Royaume-Uni<\/p>\n<p><\/a><a href=\"https:\/\/lisbontouristinformation.com\" target=\"_blank\" rel=\"noopener\"><span><img decoding=\"async\" alt=\"\" data-id=\"4700\" width=\"248\" data-init-width=\"600\" height=\"79\" data-init-height=\"192\" title=\"lisbon tourist information logo\" src=\"https:\/\/praguetouristinformation.com\/fr\/wp-content\/uploads\/2024\/05\/lisbon-tourist-information-logo.png\" data-width=\"248\" data-height=\"79\" style=\"aspect-ratio: auto 600 \/ 192;\" loading=\"lazy\"><\/span><\/p>\n<h4>lisbontouristinformation.com<\/h4>\n<p>Site d&rsquo;information touristique de la ville portugaise de Lisbonne<\/p>\n<p><\/a><a href=\"https:\/\/www.leblogdistanbul.com\" target=\"_blank\" rel=\"noopener\"><span><img decoding=\"async\" alt=\"\" data-id=\"4702\" width=\"296\" data-init-width=\"1517\" height=\"74\" data-init-height=\"381\" title=\"le blog dIstanbul\" src=\"https:\/\/praguetouristinformation.com\/fr\/wp-content\/uploads\/2024\/05\/le-blog-dIstanbul.png\" data-width=\"296\" data-height=\"74\" style=\"aspect-ratio: auto 1517 \/ 381;\" loading=\"lazy\"><\/span><\/p>\n<h4>leblogdistanbul.com<\/h4>\n<p>vous offre toutes les informations pour rendre votre s\u00e9jour \u00e0 Istanbul inoubliable !<\/p>\n<p><\/a><a href=\"https:\/\/izmirtoantalya.com\" target=\"_blank\" rel=\"noopener\"><span><img decoding=\"async\" alt=\"\" data-id=\"4701\" width=\"370\" data-init-width=\"2560\" height=\"102\" data-init-height=\"705\" title=\"Izmir to Antalya logo\" src=\"https:\/\/praguetouristinformation.com\/fr\/wp-content\/uploads\/2024\/05\/Izmir-to-Antalya-logo.jpeg\" data-width=\"370\" data-height=\"102\" style=\"aspect-ratio: auto 2560 \/ 705;\" loading=\"lazy\"><\/span><\/p>\n<h4>izmirtoantalya.com<\/h4>\n<p>Le seul site Internet pour vous aider \u00e0 voyager sur la Riviera turque.<\/p>\n<p><\/a><a href=\"https:\/\/www.allaroundmalta.de\/\" target=\"_blank\" rel=\"noopener\"><span><img decoding=\"async\" alt=\"\" data-id=\"5837\" width=\"460\" data-init-width=\"1440\" height=\"77\" data-init-height=\"240\" title=\"Logo Tout Autour de Malte(3)\" src=\"http:\/\/praguetouristinformation.com\/wp-content\/uploads\/2021\/01\/All-Around-Malta-Logo3.png\" data-width=\"460\" data-height=\"77\" style=\"aspect-ratio: auto 1440 \/ 240;\" loading=\"lazy\"><\/span><\/p>\n<h4>AllAroundMalta.com<\/h4>\n<p>Billets, visites et informations sur les \u00eeles maltaises.&nbsp;<\/p>\n<p><\/a><span><img decoding=\"async\" alt=\"\" data-id=\"3417\" width=\"298\" data-init-width=\"895\" height=\"80\" data-init-height=\"240\" title=\"Logo de l'organisation touristique mondiale\" src=\"http:\/\/praguetouristinformation.com\/wp-content\/uploads\/2021\/01\/Global-Tourist-Organization-Logo.jpg\" data-width=\"298\" data-height=\"80\" style=\"aspect-ratio: auto 895 \/ 240;\" loading=\"lazy\"><\/span><\/p>\n","protected":false},"excerpt":{"rendered":"<p>Dynamic Web Solutions GmbH Partenaire technique, de r\u00e9f\u00e9rencement et de conception Web de PragueTouristInformation.com.&nbsp; Konpasu.de Partenaire des r\u00e9seaux sociaux, influenceur et blogueur de PragueTouristInformation.com.&nbsp; Groupe de voyage Destination management et op\u00e9rateur grossiste pour les groupes loisirs et salons.&nbsp; most-amazing-places.com Most Amazing Places est une marque cr\u00e9\u00e9e par des professionnels passionn\u00e9s du voyage. Trouvez les billets [&hellip;]<\/p>\n","protected":false},"author":6,"featured_media":2824,"parent":0,"menu_order":0,"comment_status":"closed","ping_status":"closed","template":"","meta":{"footnotes":""},"categories":[],"tags":[],"class_list":["post-2944","page","type-page","status-publish","has-post-thumbnail","hentry","post-wrapper","thrv_wrapper"],"_links":{"self":[{"href":"https:\/\/praguetouristinformation.com\/fr\/wp-json\/wp\/v2\/pages\/2944","targetHints":{"allow":["GET"]}}],"collection":[{"href":"https:\/\/praguetouristinformation.com\/fr\/wp-json\/wp\/v2\/pages"}],"about":[{"href":"https:\/\/praguetouristinformation.com\/fr\/wp-json\/wp\/v2\/types\/page"}],"author":[{"embeddable":true,"href":"https:\/\/praguetouristinformation.com\/fr\/wp-json\/wp\/v2\/users\/6"}],"replies":[{"embeddable":true,"href":"https:\/\/praguetouristinformation.com\/fr\/wp-json\/wp\/v2\/comments?post=2944"}],"version-history":[{"count":3,"href":"https:\/\/praguetouristinformation.com\/fr\/wp-json\/wp\/v2\/pages\/2944\/revisions"}],"predecessor-version":[{"id":4733,"href":"https:\/\/praguetouristinformation.com\/fr\/wp-json\/wp\/v2\/pages\/2944\/revisions\/4733"}],"wp:featuredmedia":[{"embeddable":true,"href":"https:\/\/praguetouristinformation.com\/fr\/wp-json\/wp\/v2\/media\/2824"}],"wp:attachment":[{"href":"https:\/\/praguetouristinformation.com\/fr\/wp-json\/wp\/v2\/media?parent=2944"}],"wp:term":[{"taxonomy":"category","embeddable":true,"href":"https:\/\/praguetouristinformation.com\/fr\/wp-json\/wp\/v2\/categories?post=2944"},{"taxonomy":"post_tag","embeddable":true,"href":"https:\/\/praguetouristinformation.com\/fr\/wp-json\/wp\/v2\/tags?post=2944"}],"curies":[{"name":"wp","href":"https:\/\/api.w.org\/{rel}","templated":true}]}}