{"id":288,"date":"2020-09-03T12:08:42","date_gmt":"2020-09-03T12:08:42","guid":{"rendered":"http:\/\/praguetouristinformation.com\/?page_id=288"},"modified":"2023-05-04T14:18:57","modified_gmt":"2023-05-04T14:18:57","slug":"transfert-executif","status":"publish","type":"page","link":"https:\/\/praguetouristinformation.com\/fr\/voyage-de-groupe\/transfert-executif","title":{"rendered":"Transfert de cadres \u00e0 Prague\u00a0: limousine, bus et s\u00e9curit\u00e9"},"content":{"rendered":"<h1>Transfert ex\u00e9cutif \u00e0 Prague : depuis l&rsquo;a\u00e9roport de Prague [PRG] et les a\u00e9roports priv\u00e9s<\/h1>\n<p>Service de VTC fiable 24h\/24 \u00e0 Prague.&nbsp;<\/p>\n<h2 id=\"t-1670569545988\" data-alt-text=\"Mit uns sind Sie in guten H\u00e4nden\">Transfert de cadres \u00e0 Prague : avec nous, vous \u00eates entre de bonnes mains<\/h2>\n<p>En ce qui concerne le traitement des employ\u00e9s, les entreprises peuvent se d\u00e9marquer positivement.<\/p>\n<p>Nous sommes heureux d&rsquo;organiser pour vous un transfert depuis <a href=\"https:\/\/praguetouristinformation.com\/fr\/plan\/arrivee\/vaclav-havel-aeroport\" style=\"outline: none;\">l&rsquo;a\u00e9roport V\u00e1clav Havel de<\/a> Prague [PRG], un a\u00e9roport priv\u00e9, la gare, un service longue distance, un service d&rsquo;affaires ou un lieu s\u00e9lectionn\u00e9 individuellement.<\/p>\n<p>Assurer un processus fluide est la priorit\u00e9 absolue de notre service de VTC 24h\/24 \u00e0 Prague.&nbsp;<\/p>\n<p>PragueTouristInformation.com se consid\u00e8re comme un partenaire comp\u00e9tent pour toutes les questions relatives aux voyages d&rsquo;affaires. Nous nous occupons de tout, du transfert ex\u00e9cutif au programme d&rsquo;accompagnement avec l&rsquo; <a href=\"https:\/\/praguetouristinformation.com\/fr\/hotel\" style=\"outline: none;\">h\u00f4tel de la conf\u00e9rence<\/a> .<\/p>\n<h3 id=\"t-1670569545989\">Service personnalis\u00e9, limousines exclusives&nbsp;<\/h3>\n<p>Nos chauffeurs professionnels vous accueilleront devant la sortie de l&rsquo;a\u00e9roport en costume et avec un panneau nominatif.&nbsp;<\/p>\n<p style=\"\">\n<p>Le chauffeur am\u00e8nera vos bagages dans nos limousines \u00e9quip\u00e9es du WiFi.&nbsp;<\/p>\n<ul>\n<li><span style=\"\"><strong><span style=\"\">Tarifs fixes<\/span><\/strong><strong><span style=\"\"><\/span><\/strong><strong><span style=\"\"><\/span><\/strong><\/span><\/li>\n<li style=\"\"><span style=\"\"><strong><span style=\"\">Assistance client 24h\/24<\/span><\/strong><\/span><\/li>\n<li style=\"\"><span style=\"\"><strong><span style=\"\"><\/span><\/strong><strong><span style=\"\">Transfert fiable<\/span><\/strong><\/span><\/li>\n<\/ul>\n<h2 id=\"t-1670569545990\">Que dois-je savoir avant de r\u00e9server ?<\/h2>\n<h2 style=\"text-align: center;\" id=\"t-1670569545991\">nos best-sellers<\/h2>\n<p><a href=\"#\"><span><span>Instance 1<\/span><\/span><\/a><\/p>\n<h5 style=\"\">Fourgon d&rsquo;affaires<\/h5>\n<p>&nbsp;<span><img decoding=\"async\" alt=\"BMW S\u00c9RIE 5\" data-id=\"2630\" width=\"284\" data-init-width=\"300\" height=\"189\" data-init-height=\"200\" title=\"BMW S\u00c9RIE 5\" src=\"http:\/\/praguetouristinformation.com\/wp-content\/uploads\/2020\/09\/5ER-BMW-1-300x200-1.jpg\" data-width=\"284\" data-height=\"189\" style=\"\" loading=\"lazy\" data-pin-media=\"http:\/\/praguetouristinformation.com\/wp-content\/uploads\/2021\/02\/60.jpg\" data-pin-description=\"Executive Transfer in Prag: Limousine, Bus &amp; Security - Prague Tourist Information\" data-pin-url=\"http:\/\/praguetouristinformation.com\/gruppenreise\/executive-transfer?tve=true&amp;tcbf=a654d9bcc3\"><\/span><\/p>\n<p><em>Groupe de Business<\/em><\/p>\n<p>un B&nbsp;<\/p>\n<p>&nbsp;<\/p>\n<p>79,00 \u20ac<\/p>\n<ul>\n<li><span>24 heures par jour<\/span><\/li>\n<li><span>8 passagers maximum<\/span><\/li>\n<li><span>10 valises maximum<\/span><\/li>\n<li><span>vitres teint\u00e9es<\/span><\/li>\n<li><span>Empattement extra long<\/span><\/li>\n<\/ul>\n<h5 style=\"\">Mercedes Classe E<\/h5>\n<p><span><img decoding=\"async\" alt=\"MERCEDES CLASSE E\" data-id=\"2624\" width=\"284\" data-init-width=\"300\" height=\"189\" data-init-height=\"200\" title=\"MERCEDES CLASSE E\" src=\"http:\/\/praguetouristinformation.com\/wp-content\/uploads\/2020\/09\/E-KLASSE-MERCEDES-300x200-1.jpg\" data-width=\"284\" data-height=\"189\" style=\"\" loading=\"lazy\" data-pin-media=\"http:\/\/praguetouristinformation.com\/wp-content\/uploads\/2021\/02\/60.jpg\" data-pin-description=\"Executive Transfer in Prag: Limousine, Bus &amp; Security - Prague Tourist Information\" data-pin-url=\"http:\/\/praguetouristinformation.com\/gruppenreise\/executive-transfer?tve=true&amp;tcbf=a654d9bcc3\"><\/span><\/p>\n<p><em>Classe affaire<\/em><\/p>\n<p>un B&nbsp;<\/p>\n<p>&nbsp;<\/p>\n<p>79,00 \u20ac<\/p>\n<ul>\n<li><span>24 heures par jour<\/span><\/li>\n<li><span>4 passagers maximum<\/span><\/li>\n<li><span>3 valises max.<\/span><\/li>\n<li><span>vitres teint\u00e9es<\/span><\/li>\n<li><span>4-matic, empattement long<\/span><\/li>\n<li><span>Climat<\/span><\/li>\n<\/ul>\n<h5 style=\"\">BMW S\u00e9rie 7<\/h5>\n<p><span><img decoding=\"async\" alt=\"BMW S\u00c9RIE 7\" data-id=\"2627\" width=\"284\" data-init-width=\"300\" height=\"189\" data-init-height=\"200\" title=\"BMW S\u00c9RIE 7\" src=\"http:\/\/praguetouristinformation.com\/wp-content\/uploads\/2020\/09\/7ER-BMW-300x200-1.jpg\" data-width=\"284\" data-height=\"189\" style=\"\" loading=\"lazy\" data-pin-media=\"http:\/\/praguetouristinformation.com\/wp-content\/uploads\/2021\/02\/60.jpg\" data-pin-description=\"Executive Transfer in Prag: Limousine, Bus &amp; Security - Prague Tourist Information\" data-pin-url=\"http:\/\/praguetouristinformation.com\/gruppenreise\/executive-transfer?tve=true&amp;tcbf=a654d9bcc3\"><\/span><\/p>\n<p><em>Premi\u00e8re classe<\/em><\/p>\n<p>un B<\/p>\n<p>99,00 \u20ac<\/p>\n<ul>\n<li><span>24 heures par jour<\/span><\/li>\n<li><span>4 passagers maximum<\/span><\/li>\n<li><span>3 valises max.<\/span><\/li>\n<li><span>vitres teint\u00e9es<\/span><\/li>\n<li><span>Executive-Driver-Pro<\/span><\/li>\n<\/ul>\n<h2 style=\"text-align: center;\" id=\"t-1670569545992\">Quels types de transferts sont disponibles&nbsp;?<\/h2>\n<p style=\"text-align: center;\">Des limousines aux v\u00e9hicules blind\u00e9s en passant par les bus de groupe &#8211; nous avons le bon v\u00e9hicule pour vos besoins. De plus, beaucoup de nos chauffeurs travaillent \u00e9galement comme gardes du corps.<\/p>\n<h3 style=\"\" id=\"t-1670569545993\">1. Service de limousine<\/h3>\n<p>Nous proposons des limousines exclusives, de la Mercedes Classe E \u00e0 la BMW S\u00e9rie 5 et des v\u00e9hicules \u00e9cologiques \u00e0 moteur \u00e9lectrique.<\/p>\n<p>Aucun des v\u00e9hicules n&rsquo;a plus de trois ans. Les v\u00e9hicules ont un \u00e9quipement complet et sont conserv\u00e9s dans une couleur sombre. Ils peuvent \u00eatre voyants ou r\u00e9serv\u00e9s. Nous nous concentrons enti\u00e8rement sur vos souhaits.<\/p>\n<h3 style=\"\" id=\"t-1670569545994\">2. V\u00e9hicules blind\u00e9s<\/h3>\n<p>Nos chauffeurs incluent \u00e9galement ceux qui travaillent pour les membres du Parlement tch\u00e8que \u00e0 Prague.&nbsp;<\/p>\n<p>Nous sommes heureux d&rsquo;organiser des v\u00e9hicules avec les normes de s\u00e9curit\u00e9 appropri\u00e9es et une protection personnelle suppl\u00e9mentaire.&nbsp;<\/p>\n<h3 style=\"\" id=\"t-1670569545995\">3. Bus exclusifs ou van d&rsquo;affaires pour les groupes<\/h3>\n<p>Pour les d\u00e9l\u00e9gations, nous pouvons organiser un transfert de groupe avec des bus ou des minibus exclusifs. Dans le m\u00eame esprit, les coll\u00e8gues peuvent \u00e9galement explorer Prague avec notre transfert exclusif en bus.&nbsp;<\/p>\n<p>Lors de la s\u00e9lection du bus, nous nous concentrons enti\u00e8rement sur vos besoins, par exemple des bus avec des vitres teint\u00e9es et des si\u00e8ges en cuir.<\/p>\n<h2 id=\"t-1670569545996\" data-alt-text=\"Reibungsloser Ablauf mit VIP-Erfahrung\">Transfert de cadres \u00e0 Prague : processus sans tracas avec exp\u00e9rience VIP<\/h2>\n<p>Arriver \u00e0 l&rsquo;heure est de la plus haute importance pour les VIP.<\/p>\n<p>Ce facteur est d\u00e9terminant pour le bon d\u00e9roulement des conf\u00e9rences, \u00e9v\u00e9nements et congr\u00e8s. Nos chauffeurs exp\u00e9riment\u00e9s \u00e0 Prague accordent \u00e9galement la plus haute priorit\u00e9 \u00e0 la ponctualit\u00e9.<\/p>\n<p>En tant qu&rsquo;agence \u00e0 service complet, nous nous occupons de l&rsquo;ensemble du processus \u00e0 Prague. Avec nous, vous pouvez coordonner vos conf\u00e9rences, \u00e9v\u00e9nements et voyages d&rsquo;affaires avec un seul interlocuteur sur place. M\u00eame si votre vol est retard\u00e9, ce n&rsquo;est pas un probl\u00e8me pour notre \u00e9quipe comp\u00e9tente.Nous reportons le <a href=\"https:\/\/praguetouristinformation.com\/fr\/voyage-de-groupe\/catering\" style=\"outline: none;\">catering<\/a> , nous occupons de la salle ou des <a href=\"https:\/\/praguetouristinformation.com\/fr\/voyage-de-groupe\/incentives\" style=\"outline: none;\">incentives<\/a> pr\u00e9vus .&nbsp;<\/p>\n<p>Les r\u00e9servations individuelles de transferts et de services de limousine \u00e0 Prague sont bien s\u00fbr \u00e9galement possibles.&nbsp;<\/p>\n<p>Les v\u00e9hicules sont factur\u00e9s au forfait \u00e0 l&rsquo;heure ou \u00e0 la journ\u00e9e. Des bus exclusifs sont disponibles dans la ville pour le transfert des <a href=\"https:\/\/praguetouristinformation.com\/fr\/voyage-de-groupe\" target=\"_blank\" style=\"outline: none;\" rel=\"noopener\">groupes .<\/a><\/p>\n<p>Une premi\u00e8re consultation gratuite avec un examen des exigences est la premi\u00e8re \u00e9tape pour les demandes sp\u00e9ciales.&nbsp;<\/p>\n<h3 id=\"t-1670569545997\">Service complet d&rsquo;une seule source :<\/h3>\n<ul>\n<li style=\"\"><span style=\"\"><strong>Assistance 24h\/24 :<\/strong> Une seule personne de contact lors de la planification, de la pr\u00e9paration et de la mise en \u0153uvre des \u00e9v\u00e9nements. Bien s\u00fbr, nous avons \u00e9galement une hotline 24h\/24 et 7j\/7 pour notre Executive Transfer, par exemple en cas de retard d&rsquo;un vol.&nbsp;<\/span><\/li>\n<li><span><strong>D&rsquo;une seule source :<\/strong> Avec nous, vous n&rsquo;avez qu&rsquo;un seul interlocuteur \u00e0 Prague qui s&rsquo;occupe de toutes les d\u00e9marches ult\u00e9rieures. La conf\u00e9rence est report\u00e9e ? Le vol arrive plus tard ? Le transfert est n\u00e9cessaire plus t\u00f4t? Aucun probl\u00e8me. Nous nous occupons du traitement sur place.&nbsp;<\/span><\/li>\n<li><span><strong>Consultation initiale gratuite : Vous<\/strong> \u00eates \u00e0 la recherche d&rsquo;un transfert sp\u00e9cial \u00e0 Prague ou vous souhaitez une offre compl\u00e8te pour la gestion d&rsquo;\u00e9v\u00e9nements ? La premi\u00e8re \u00e9tape est une consultation initiale gratuite pour examiner vos besoins.<\/span><\/li>\n<\/ul>\n<h2 style=\"text-align: center;\" id=\"t-1670569545998\">Appelez-nous<\/h2>\n<p style=\"text-align: center;\">Nous serions ravis de discuter de vos attentes. Le contact se fait par t\u00e9l\u00e9phone au&nbsp;<span data-attr-id=\"4\" data-extra_key=\"1\" data-option-inline=\"1\" data-shortcode=\"thrive_global_fields\" data-shortcode-name=\"[Company] Alternative phone number\"><\/span>, envoyez un e-mail \u00e0 <span data-attr-id=\"5\" data-extra_key=\"1\" data-option-inline=\"1\" data-shortcode=\"thrive_global_fields\" data-shortcode-name=\"[Company] Email address\">support@praguetouristinformation.com<\/span> ou utilisez le formulaire de contact.&nbsp;<\/p>\n","protected":false},"excerpt":{"rendered":"<p>Transfert ex\u00e9cutif \u00e0 Prague : depuis l&rsquo;a\u00e9roport de Prague [PRG] et les a\u00e9roports priv\u00e9s Service de VTC fiable 24h\/24 \u00e0 Prague.&nbsp; Transfert de cadres \u00e0 Prague : avec nous, vous \u00eates entre de bonnes mains En ce qui concerne le traitement des employ\u00e9s, les entreprises peuvent se d\u00e9marquer positivement. Nous sommes heureux d&rsquo;organiser pour vous [&hellip;]<\/p>\n","protected":false},"author":6,"featured_media":2075,"parent":405,"menu_order":0,"comment_status":"closed","ping_status":"closed","template":"","meta":{"footnotes":""},"categories":[],"tags":[28],"class_list":["post-288","page","type-page","status-publish","has-post-thumbnail","hentry","tag-m-i-c-e","post-wrapper","thrv_wrapper"],"_links":{"self":[{"href":"https:\/\/praguetouristinformation.com\/fr\/wp-json\/wp\/v2\/pages\/288","targetHints":{"allow":["GET"]}}],"collection":[{"href":"https:\/\/praguetouristinformation.com\/fr\/wp-json\/wp\/v2\/pages"}],"about":[{"href":"https:\/\/praguetouristinformation.com\/fr\/wp-json\/wp\/v2\/types\/page"}],"author":[{"embeddable":true,"href":"https:\/\/praguetouristinformation.com\/fr\/wp-json\/wp\/v2\/users\/6"}],"replies":[{"embeddable":true,"href":"https:\/\/praguetouristinformation.com\/fr\/wp-json\/wp\/v2\/comments?post=288"}],"version-history":[{"count":0,"href":"https:\/\/praguetouristinformation.com\/fr\/wp-json\/wp\/v2\/pages\/288\/revisions"}],"up":[{"embeddable":true,"href":"https:\/\/praguetouristinformation.com\/fr\/wp-json\/wp\/v2\/pages\/405"}],"wp:featuredmedia":[{"embeddable":true,"href":"https:\/\/praguetouristinformation.com\/fr\/wp-json\/wp\/v2\/media\/2075"}],"wp:attachment":[{"href":"https:\/\/praguetouristinformation.com\/fr\/wp-json\/wp\/v2\/media?parent=288"}],"wp:term":[{"taxonomy":"category","embeddable":true,"href":"https:\/\/praguetouristinformation.com\/fr\/wp-json\/wp\/v2\/categories?post=288"},{"taxonomy":"post_tag","embeddable":true,"href":"https:\/\/praguetouristinformation.com\/fr\/wp-json\/wp\/v2\/tags?post=288"}],"curies":[{"name":"wp","href":"https:\/\/api.w.org\/{rel}","templated":true}]}}