{"id":264,"date":"2020-09-03T10:10:46","date_gmt":"2020-09-03T10:10:46","guid":{"rendered":"http:\/\/praguetouristinformation.com\/?page_id=264"},"modified":"2023-05-04T14:15:06","modified_gmt":"2023-05-04T14:15:06","slug":"catering","status":"publish","type":"page","link":"https:\/\/praguetouristinformation.com\/fr\/voyage-de-groupe\/catering","title":{"rendered":"Catering pour salons, \u00e9v\u00e9nements et grandes f\u00eates priv\u00e9es \u00e0 Prague"},"content":{"rendered":"<h1 style=\"\">Traiteur pour salons, \u00e9v\u00e9nements et grandes f\u00eates priv\u00e9es \u00e0 Prague<\/h1>\n<p>Nous planifions la bonne restauration \u00e0 Prague. Apr\u00e8s votre demande, nous v\u00e9rifierons vos souhaits et vous enverrons une offre sans engagement.&nbsp;<\/p>\n<h2>Qu&rsquo;est-ce qui est possible ?<\/h2>\n<p>Il existe de nombreuses options pour votre \u00e9v\u00e9nement \u00e0 Prague. Dans le cadre de votre restauration, nous pouvons tout organiser d&rsquo;un buffet chaud, d&rsquo;un menu ou d&rsquo;un service \u00e0 table \u00e0 des amuse-bouches.<\/p>\n<p>Nous pouvons \u00e9galement organiser les couverts, l&rsquo;ambiance (par exemple avec des chaises) et le personnel de service.&nbsp;<\/p>\n<p>Vous pouvez emporter vos propres boissons avec vous ou nous laisser les organiser pour vous. Nous avons \u00e9galement un m\u00e9langeur \u00e0 cocktail, pouvons s\u00e9lectionner un DJ, mettre en place un bar \u00e0 whisky, programmer un concert classique ou de la musique live pour vous.&nbsp;<\/p>\n<p>La r\u00e9servation est possible pour les salons, les locaux de votre entreprise ou un lieu d&rsquo;\u00e9v\u00e9nement r\u00e9serv\u00e9 \u00e0 Prague.&nbsp;<\/p>\n<p>Pour une restauration de qualit\u00e9, nous travaillons avec les meilleurs restaurants, p\u00e2tisseries et chocolatiers de Prague. Nous sommes \u00e9galement heureux d&rsquo;organiser des m\u00e9langeurs \u00e0 cocktails ou un salon de whisky et de mettre en \u0153uvre des demandes inhabituelles.<\/p>\n<p>Souhaitez-vous que votre buffet soit v\u00e9g\u00e9talien, v\u00e9g\u00e9tarien, halal, casher ou pauvre en glucides&nbsp;? Ce n&rsquo;est pas un probl\u00e8me pour notre \u00e9quipe comp\u00e9tente, nous trouverons la restauration adapt\u00e9e \u00e0 vos besoins.<\/p>\n<p><strong>Info :<\/strong> Si vous le souhaitez, nous transmettons tout ce qui reste de la restauration \u00e0 une association caritative locale.&nbsp;<\/p>\n<h3>Agence full service<\/h3>\n<p>En tant qu&rsquo;agence \u00e0 service complet, PragueTouristInformation.com est \u00e9galement heureuse de s&rsquo;occuper de l&rsquo;ensemble du programme de soutien.<\/p>\n<p>Sur demande, nous organisons la restauration, le bus vers le lieu, les <a href=\"https:\/\/praguetouristinformation.com\/fr\/hotel\" style=\"outline: none;\">h\u00f4tels<\/a> , les incentives, les <a href=\"https:\/\/praguetouristinformation.com\/fr\/voyage-de-groupe\/interpretes\" style=\"outline: none;\">interpr\u00e8tes<\/a> , les guides touristiques et les restaurants.&nbsp;<\/p>\n<p>Pour une conclusion spectaculaire de votre \u00e9v\u00e9nement, nous sommes heureux d&rsquo;organiser des spectacles passionnants pour vous d\u00e9tendre. Pour cela nous sommes en contact avec des cracheurs de feu, des dompteurs, des diseuses de bonne aventure, des magiciens, des DJs&#8230;<\/p>\n<ul>\n<li style=\"\"><span><strong>Assistance 24h\/24<\/strong><\/span><\/li>\n<li style=\"\"><span><strong><strong>Casher, halal \u00e0 v\u00e9g\u00e9talien<\/strong><\/strong><\/span><\/li>\n<li style=\"\"><span><strong>Programme de soutien complet<\/strong><\/span><\/li>\n<\/ul>\n<h2 style=\"\">Foire aux questions avant de r\u00e9server :<\/h2>\n<h2 style=\"text-align: center;\">Nous avons la bonne restauration<\/h2>\n<p style=\"text-align: center;\">Vous trouverez ici nos offres de restauration pour chaque occasion. Nous sommes \u00e9galement heureux de transmettre des souhaits individuels pour votre \u00e9v\u00e9nement \u00e0 Prague.&nbsp;<\/p>\n<h3>1. Traiteur pour \u00e9v\u00e9nements d&rsquo;entreprise \u00e0 Prague<\/h3>\n<p>Nous sommes heureux de nous occuper de la restauration de votre \u00e9v\u00e9nement d&rsquo;entreprise et d&rsquo;en faire une exp\u00e9rience durable pour vos employ\u00e9s, invit\u00e9s et visiteurs de l&rsquo;\u00e9v\u00e9nement.&nbsp;<em>&nbsp;<\/em><\/p>\n<p>Vous pouvez choisir d&rsquo;effectuer votre restauration dans les locaux de votre entreprise, sur le salon ou dans un autre lieu \u00e9v\u00e9nementiel \u00e0 Prague. Sur demande, nous pouvons prendre en charge l&rsquo;ensemble du processus, de la restauration au <a href=\"https:\/\/praguetouristinformation.com\/fr\/voyage-de-groupe\/transfert-executif\" style=\"outline: none;\">transfert<\/a> et au programme d&rsquo;accompagnement.&nbsp;<\/p>\n<h3>2. Restauration \u00e9quitable \u00e0 Prague<\/h3>\n<p>Si vous souhaitez prendre en charge vos propres employ\u00e9s ou visiteurs de stand, nous sommes le bon interlocuteur. Avec notre restauration de salon, vous inspirerez \u00e0 la fois votre personnel et les visiteurs de votre stand.&nbsp;<\/p>\n<p>En r\u00e8gle g\u00e9n\u00e9rale, les salons professionnels prennent souvent beaucoup de temps. Nous nous occupons de la bonne restauration de vos employ\u00e9s. Les petites collations sont un excellent moyen de se d\u00e9tendre au stand.<\/p>\n<p>Les salons professionnels sont une figure de proue. Chez PragueTouristInformation.com, nous proposons la restauration ad\u00e9quate pour une participation r\u00e9ussie au salon.&nbsp;<\/p>\n<h3>3. Private Gro\u00dfveranstaltungen in Prag<\/h3>\n<p>Planen Sie eine Hochzeit, den 50. Geburtstag, ein Jubil\u00e4um oder eine andere private Gro\u00dffeier?&nbsp;<\/p>\n<p>Egal f\u00fcr welchen Anlass, die PragueTouristInformation.com ist Ihr kompetenter Ansprechpartner bei privaten Gro\u00dfveranstaltungen in Prag.&nbsp;<\/p>\n<p>Mit Freude helfen wir auch bei der gesamten Organisation, vom Catering \u00fcber Transfer bis hin zum Rahmenprogramm.&nbsp;<\/p>\n<h2>Wir planen das passende Catering:<\/h2>\n<p>En collaboration avec nos sp\u00e9cialistes, nous mettons vos id\u00e9es en pratique au plus haut niveau et planifions la restauration adapt\u00e9e \u00e0 vos besoins. Lors d&rsquo;un premier entretien gratuit, nous examinerons ensemble vos souhaits et vous ferons parvenir une offre adapt\u00e9e sous 24 \u00e0 48 heures.&nbsp;<\/p>\n<p>Vous \u00eates invit\u00e9s \u00e0 utiliser notre gamme compl\u00e8te de services pour votre \u00e9v\u00e9nement \u00e0 Prague &#8211; cela comprend l&rsquo;ensemble du programme de soutien.<\/p>\n<p>Ceci est \u00e9galement possible pour les grands \u00e9v\u00e9nements avec plus de 1 000 participants.&nbsp;<\/p>\n<p>Nous vous souhaitons une belle f\u00eate.&nbsp;<\/p>\n<h3>Restauration \u00e0 guichet unique :<\/h3>\n<ul>\n<li style=\"\"><span style=\"\"><strong><strong>Assistance 24h\/24 :<\/strong><\/strong><span style=\"font-weight: normal;\"> Les m\u00eames interlocuteurs de la planification \u00e0 la mise en \u0153uvre avec une assistance 24h\/24, m\u00eame la nuit.&nbsp;<\/span><\/span><\/li>\n<li><span style=\"\"><strong>Du casher, halal au v\u00e9g\u00e9talien :&nbsp;<\/strong> nous avons des partenaires de restauration pour toutes les envies.&nbsp;<\/span><\/li>\n<li><span style=\"\"><strong>Programme d&rsquo;accompagnement complet :<\/strong> Tout est possible&nbsp; entre la salle de conf\u00e9rence, le bus et <a href=\"https:\/\/praguetouristinformation.com\/fr\/voyage-de-groupe\/incentives\" style=\"outline: none;\">les incentives .<\/a><\/span><\/li>\n<\/ul>\n<h2 style=\"text-align: center;\">Kostenlose Erstberatung<\/h2>\n<p style=\"text-align: center;\">Nous serions ravis de discuter de vos attentes. Le contact se fait par t\u00e9l\u00e9phone au&nbsp;<span data-attr-id=\"4\" data-extra_key=\"1\" data-option-inline=\"1\" data-shortcode=\"thrive_global_fields\" data-shortcode-name=\"[Company] Alternative phone number\"><\/span>, e-mail \u00e0 <span data-attr-id=\"5\" data-extra_key=\"1\" data-option-inline=\"1\" data-shortcode=\"thrive_global_fields\" data-shortcode-name=\"[Company] Email address\">support@praguetouristinformation.com<\/span> ou formulaire de contact possible.&nbsp;<\/p>\n","protected":false},"excerpt":{"rendered":"<p>Traiteur pour salons, \u00e9v\u00e9nements et grandes f\u00eates priv\u00e9es \u00e0 Prague Nous planifions la bonne restauration \u00e0 Prague. Apr\u00e8s votre demande, nous v\u00e9rifierons vos souhaits et vous enverrons une offre sans engagement.&nbsp; Qu&rsquo;est-ce qui est possible ? Il existe de nombreuses options pour votre \u00e9v\u00e9nement \u00e0 Prague. Dans le cadre de votre restauration, nous pouvons tout [&hellip;]<\/p>\n","protected":false},"author":6,"featured_media":2024,"parent":405,"menu_order":0,"comment_status":"closed","ping_status":"closed","template":"","meta":{"footnotes":""},"categories":[],"tags":[28],"class_list":["post-264","page","type-page","status-publish","has-post-thumbnail","hentry","tag-m-i-c-e","post-wrapper","thrv_wrapper"],"_links":{"self":[{"href":"https:\/\/praguetouristinformation.com\/fr\/wp-json\/wp\/v2\/pages\/264","targetHints":{"allow":["GET"]}}],"collection":[{"href":"https:\/\/praguetouristinformation.com\/fr\/wp-json\/wp\/v2\/pages"}],"about":[{"href":"https:\/\/praguetouristinformation.com\/fr\/wp-json\/wp\/v2\/types\/page"}],"author":[{"embeddable":true,"href":"https:\/\/praguetouristinformation.com\/fr\/wp-json\/wp\/v2\/users\/6"}],"replies":[{"embeddable":true,"href":"https:\/\/praguetouristinformation.com\/fr\/wp-json\/wp\/v2\/comments?post=264"}],"version-history":[{"count":0,"href":"https:\/\/praguetouristinformation.com\/fr\/wp-json\/wp\/v2\/pages\/264\/revisions"}],"up":[{"embeddable":true,"href":"https:\/\/praguetouristinformation.com\/fr\/wp-json\/wp\/v2\/pages\/405"}],"wp:featuredmedia":[{"embeddable":true,"href":"https:\/\/praguetouristinformation.com\/fr\/wp-json\/wp\/v2\/media\/2024"}],"wp:attachment":[{"href":"https:\/\/praguetouristinformation.com\/fr\/wp-json\/wp\/v2\/media?parent=264"}],"wp:term":[{"taxonomy":"category","embeddable":true,"href":"https:\/\/praguetouristinformation.com\/fr\/wp-json\/wp\/v2\/categories?post=264"},{"taxonomy":"post_tag","embeddable":true,"href":"https:\/\/praguetouristinformation.com\/fr\/wp-json\/wp\/v2\/tags?post=264"}],"curies":[{"name":"wp","href":"https:\/\/api.w.org\/{rel}","templated":true}]}}