{"id":2622,"date":"2020-12-04T12:42:23","date_gmt":"2020-12-04T12:42:23","guid":{"rendered":"http:\/\/praguetouristinformation.com\/?page_id=2622"},"modified":"2023-05-04T13:25:18","modified_gmt":"2023-05-04T13:25:18","slug":"presse","status":"publish","type":"page","link":"https:\/\/praguetouristinformation.com\/fr\/contact\/presse","title":{"rendered":"M\u00e9dias, t\u00e9l\u00e9vision et presse"},"content":{"rendered":"<h1 style=\"text-align: left; font-size: 18px !important;\"><span style=\"font-weight: normal;\">Vous planifiez un voyage \u00e0 Prague?<\/span><\/h1>\n<h1 style=\"text-align: left;\">Contact pour la presse, les m\u00e9dias et la t\u00e9l\u00e9vision<\/h1>\n<p style=\"text-align: left;\">Aide avec les recherches planifi\u00e9es, les rapports et les opportunit\u00e9s de collaboration.&nbsp;<\/p>\n<p><span style=\"\"><a href=\"https:\/\/viennatouristinformation.com\/wp-content\/uploads\/2020\/10\/Influencers-2-1.jpg\" target=\"_blank\" rel=\"noopener\"><img decoding=\"async\" alt=\"Presse, m\u00e9dias et t\u00e9l\u00e9vision, Prague\" data-id=\"2830\" title=\"Presse, m\u00e9dias et t\u00e9l\u00e9vision, Prague\" src=\"http:\/\/praguetouristinformation.com\/wp-content\/uploads\/2020\/12\/Kontakt-fuer-Presse-Medien-und-TV.jpg\" style=\"\" ml-d=\"0\" data-width=\"480\" data-height=\"252\" data-init-width=\"1200\" data-init-height=\"630\" mt-d=\"0\" width=\"480\" height=\"252\" data-link-wrap=\"true\" loading=\"lazy\"><\/a><\/span><\/p>\n<p style=\"text-align: center;\">Contact avec <em>support@praguetouristinformation.com<\/em> ou formulaire.<\/p>\n<h2 style=\"\">Comment pouvons nous aider?<\/h2>\n<h3 style=\"\">1. Aide<\/h3>\n<p style=\"\">Par exemple, accompagnement sur place, v\u00e9rification des itin\u00e9raires pr\u00e9vus en fonction des conditions et horaires locaux (trafic).&nbsp;<\/p>\n<h3 style=\"\">2. Contacts locaux<\/h3>\n<p style=\"\">Aide \u00e0 l&rsquo;organisation de contacts locaux, de traduction et de domaines similaires \u00e0 Prague.&nbsp;<\/p>\n<h3 style=\"\">3. Questions&nbsp;<\/h3>\n<p style=\"\">R\u00e9pondre aux questions sur Prague, de l&rsquo;histoire au tourisme dans la ville.&nbsp;<\/p>\n<h2 style=\"text-align: center;\">Contact pour d&rsquo;autres demandes<\/h2>\n<p style=\"text-align: center;\">Les demandes de coop\u00e9ration des m\u00e9dias, des voyagistes, des compagnies a\u00e9riennes, des m\u00e9dias, de la t\u00e9l\u00e9vision, des journaux et des entreprises peuvent \u00eatre effectu\u00e9es via notre formulaire de contact.&nbsp;<\/p>\n","protected":false},"excerpt":{"rendered":"<p>Vous planifiez un voyage \u00e0 Prague? Contact pour la presse, les m\u00e9dias et la t\u00e9l\u00e9vision Aide avec les recherches planifi\u00e9es, les rapports et les opportunit\u00e9s de collaboration.&nbsp; Contact avec support@praguetouristinformation.com ou formulaire. Comment pouvons nous aider? 1. Aide Par exemple, accompagnement sur place, v\u00e9rification des itin\u00e9raires pr\u00e9vus en fonction des conditions et horaires locaux (trafic).&nbsp; [&hellip;]<\/p>\n","protected":false},"author":6,"featured_media":2830,"parent":2605,"menu_order":0,"comment_status":"closed","ping_status":"closed","template":"","meta":{"footnotes":""},"categories":[],"tags":[29],"class_list":["post-2622","page","type-page","status-publish","has-post-thumbnail","hentry","tag-kontakt","post-wrapper","thrv_wrapper"],"_links":{"self":[{"href":"https:\/\/praguetouristinformation.com\/fr\/wp-json\/wp\/v2\/pages\/2622","targetHints":{"allow":["GET"]}}],"collection":[{"href":"https:\/\/praguetouristinformation.com\/fr\/wp-json\/wp\/v2\/pages"}],"about":[{"href":"https:\/\/praguetouristinformation.com\/fr\/wp-json\/wp\/v2\/types\/page"}],"author":[{"embeddable":true,"href":"https:\/\/praguetouristinformation.com\/fr\/wp-json\/wp\/v2\/users\/6"}],"replies":[{"embeddable":true,"href":"https:\/\/praguetouristinformation.com\/fr\/wp-json\/wp\/v2\/comments?post=2622"}],"version-history":[{"count":0,"href":"https:\/\/praguetouristinformation.com\/fr\/wp-json\/wp\/v2\/pages\/2622\/revisions"}],"up":[{"embeddable":true,"href":"https:\/\/praguetouristinformation.com\/fr\/wp-json\/wp\/v2\/pages\/2605"}],"wp:featuredmedia":[{"embeddable":true,"href":"https:\/\/praguetouristinformation.com\/fr\/wp-json\/wp\/v2\/media\/2830"}],"wp:attachment":[{"href":"https:\/\/praguetouristinformation.com\/fr\/wp-json\/wp\/v2\/media?parent=2622"}],"wp:term":[{"taxonomy":"category","embeddable":true,"href":"https:\/\/praguetouristinformation.com\/fr\/wp-json\/wp\/v2\/categories?post=2622"},{"taxonomy":"post_tag","embeddable":true,"href":"https:\/\/praguetouristinformation.com\/fr\/wp-json\/wp\/v2\/tags?post=2622"}],"curies":[{"name":"wp","href":"https:\/\/api.w.org\/{rel}","templated":true}]}}