{"id":2605,"date":"2020-12-04T12:26:46","date_gmt":"2020-12-04T12:26:46","guid":{"rendered":"http:\/\/praguetouristinformation.com\/?page_id=2605"},"modified":"2024-12-19T11:23:23","modified_gmt":"2024-12-19T11:23:23","slug":"contact","status":"publish","type":"page","link":"https:\/\/praguetouristinformation.com\/fr\/contact","title":{"rendered":"Contact"},"content":{"rendered":"<h1 style=\"text-align: left; font-size: 18px !important;\"><span style=\"font-weight: normal;\">Vous planifiez un voyage \u00e0 Prague?<\/span><\/h1>\n<h1 style=\"text-align: left;\">Contact Prague Tourist Information<\/h1>\n<p>Notre \u00e9quipe d\u00e9di\u00e9e est l\u00e0 pour rendre votre voyage \u00e0 Prague inoubliable. Que vous ayez besoin <strong>d\u2019informations<\/strong>, de faire des <strong>r\u00e9servations<\/strong> ou d&rsquo;un soutien pour les voyages de groupe et<strong> les \u00e9v\u00e9nements M.I.C.E.,<\/strong> nous sommes l\u00e0 pour vous accompagner.<\/p>\n<p><span style=\"\"><a href=\"https:\/\/viennatouristinformation.com\/wp-content\/uploads\/2020\/10\/Influencers-1.jpg\" target=\"_blank\" rel=\"noopener\"><img decoding=\"async\" alt=\"Contact de l'office du tourisme de Prague\" data-id=\"2824\" title=\"Contact de l'office du tourisme de Prague\" src=\"http:\/\/praguetouristinformation.com\/wp-content\/uploads\/2020\/12\/Kontakt-von-Prague-Tourist-Information.jpg\" style=\"aspect-ratio: auto 1200 \/ 630;\" ml-d=\"0\" data-width=\"480\" data-height=\"252\" data-init-width=\"1200\" data-init-height=\"630\" mt-d=\"0\" width=\"480\" height=\"252\" data-link-wrap=\"true\" loading=\"lazy\"><\/a><\/span><\/p>\n<p style=\"text-align: center;\">Contactez-nous via&nbsp;<em>support@praguetouristinformation.com<\/em>&nbsp;ou le formulaire ci-dessous:<\/p>\n<h2 style=\"\">Comment pouvons nous aider?<\/h2>\n<h3>1. Service d&rsquo;information<\/h3>\n<p>R\u00e9ponse aux questions sur les voyages pr\u00e9vus \u00e0 Prague ou pendant le s\u00e9jour.&nbsp;<\/p>\n<h3 style=\"\">2. Service de r\u00e9servation<\/h3>\n<p style=\"\">Laissez-nous nous occuper des d\u00e9tails : R\u00e9servation d&rsquo;h\u00f4tels, de billets, d&rsquo;excursions, d&rsquo;h\u00f4tels de conf\u00e9rence et&nbsp;<a href=\"http:\/\/praguetouristinformation.com\/gruppenreise\" style=\"outline: none;\"><span style=\"font-size: 16px;\">de voyages de groupe<\/span><\/a>&nbsp;, et r\u00e9servations de restaurants.&nbsp;<\/p>\n<h3>3. Voyages de groupe et MICE<\/h3>\n<p><strong>Votre partenaire pour des voyages de groupe sur mesure et des \u00e9v\u00e9nements :<\/strong><\/p>\n<ul>\n<li><strong><span style=\"font-size: 17px !important;\">Voyages de groupe<\/span><\/strong><span style=\"font-size: 17px !important;\"> : Que vous organisiez une petite excursion ou un grand \u00e9v\u00e9nement, nous nous occupons de chaque d\u00e9tail.<\/span><\/li>\n<li><span style=\"font-size: 17px !important;\"><strong>Services M.I.C.E.<\/strong> : Nous vous accompagnons dans l\u2019organisation de r\u00e9unions, d\u2019incentives, de conf\u00e9rences et d\u2019\u00e9v\u00e9nements. En collaboration avec des fournisseurs locaux et des organisateurs de voyages internationaux, nous veillons \u00e0 ce que votre \u00e9v\u00e9nement \u00e0 Prague soit un succ\u00e8s.<\/span><\/li>\n<\/ul>\n","protected":false},"excerpt":{"rendered":"<p>Vous planifiez un voyage \u00e0 Prague? Contact Prague Tourist Information Notre \u00e9quipe d\u00e9di\u00e9e est l\u00e0 pour rendre votre voyage \u00e0 Prague inoubliable. Que vous ayez besoin d\u2019informations, de faire des r\u00e9servations ou d&rsquo;un soutien pour les voyages de groupe et les \u00e9v\u00e9nements M.I.C.E., nous sommes l\u00e0 pour vous accompagner. Contactez-nous via&nbsp;support@praguetouristinformation.com&nbsp;ou le formulaire ci-dessous: Comment [&hellip;]<\/p>\n","protected":false},"author":6,"featured_media":2824,"parent":0,"menu_order":0,"comment_status":"closed","ping_status":"closed","template":"","meta":{"footnotes":""},"categories":[],"tags":[29],"class_list":["post-2605","page","type-page","status-publish","has-post-thumbnail","hentry","tag-kontakt","post-wrapper","thrv_wrapper"],"_links":{"self":[{"href":"https:\/\/praguetouristinformation.com\/fr\/wp-json\/wp\/v2\/pages\/2605","targetHints":{"allow":["GET"]}}],"collection":[{"href":"https:\/\/praguetouristinformation.com\/fr\/wp-json\/wp\/v2\/pages"}],"about":[{"href":"https:\/\/praguetouristinformation.com\/fr\/wp-json\/wp\/v2\/types\/page"}],"author":[{"embeddable":true,"href":"https:\/\/praguetouristinformation.com\/fr\/wp-json\/wp\/v2\/users\/6"}],"replies":[{"embeddable":true,"href":"https:\/\/praguetouristinformation.com\/fr\/wp-json\/wp\/v2\/comments?post=2605"}],"version-history":[{"count":3,"href":"https:\/\/praguetouristinformation.com\/fr\/wp-json\/wp\/v2\/pages\/2605\/revisions"}],"predecessor-version":[{"id":4754,"href":"https:\/\/praguetouristinformation.com\/fr\/wp-json\/wp\/v2\/pages\/2605\/revisions\/4754"}],"wp:featuredmedia":[{"embeddable":true,"href":"https:\/\/praguetouristinformation.com\/fr\/wp-json\/wp\/v2\/media\/2824"}],"wp:attachment":[{"href":"https:\/\/praguetouristinformation.com\/fr\/wp-json\/wp\/v2\/media?parent=2605"}],"wp:term":[{"taxonomy":"category","embeddable":true,"href":"https:\/\/praguetouristinformation.com\/fr\/wp-json\/wp\/v2\/categories?post=2605"},{"taxonomy":"post_tag","embeddable":true,"href":"https:\/\/praguetouristinformation.com\/fr\/wp-json\/wp\/v2\/tags?post=2605"}],"curies":[{"name":"wp","href":"https:\/\/api.w.org\/{rel}","templated":true}]}}