{"id":202,"date":"2020-08-25T19:57:27","date_gmt":"2020-08-25T19:57:27","guid":{"rendered":"http:\/\/praguetouristinformation.com\/?page_id=202"},"modified":"2025-08-07T09:15:25","modified_gmt":"2025-08-07T09:15:25","slug":"rues-commercantes","status":"publish","type":"page","link":"https:\/\/praguetouristinformation.com\/fr\/shopping\/rues-commercantes","title":{"rendered":"6 Bonnes rues commer\u00e7antes \u00e0 Prague [avec carte]"},"content":{"rendered":"<h3 id=\"t-1670610122389\">Vous pouvez faire du shopping partout \u00e0 Prague et il y en a pour tous les go\u00fbts.<\/h3>\n<p>La plus grande densit\u00e9 d&rsquo;adresses de shopping branch\u00e9es se trouve \u00e0 la soi-disant \u00ab\u00a0Croix d&rsquo;Or\u00a0\u00bb non loin de <a data-id=\"662\" data-type=\"page\" href=\"https:\/\/praguetouristinformation.com\/fr\/choses-a-faire\/vieille-ville\/place-venceslas\" style=\"outline: none;\">la place Venceslas<\/a> et ceux qui recherchent le luxe se rendent \u00e0 la Pariser Strasse.<\/p>\n<p>Pour vous donner une id\u00e9e approximative des rues commer\u00e7antes de Prague, nous vous avons concoct\u00e9 ici une s\u00e9lection.<\/p>\n<h2 style=\"\">Prague Visitor Pass<\/h2>\n<p data-pm-slice=\"1 1 []\" style=\"\">Le Prague Visitor Pass vous donne acc\u00e8s aux principales attractions, mus\u00e9es et aux transports publics de la ville \u2013 id\u00e9al pour d\u00e9couvrir Prague en toute flexibilit\u00e9 et efficacit\u00e9.<\/p>\n<p style=\"\">Utilisez notre code de r\u00e9duction exclusif <strong>pragueti5<\/strong> pour b\u00e9n\u00e9ficier de <strong>5 % de remise !<\/strong><\/p>\n<p>__CONFIG_colors_palette__{\u00ab\u00a0active_palette\u00a0\u00bb:0,\u00a0\u00bbconfig\u00a0\u00bb:{\u00ab\u00a0colors\u00a0\u00bb:{\u00ab\u00a0110d6\u00a0\u00bb:{\u00ab\u00a0name\u00a0\u00bb:\u00a0\u00bbMain Accent\u00a0\u00bb,\u00a0\u00bbparent\u00a0\u00bb:-1}},\u00a0\u00bbgradients\u00a0\u00bb:[]},\u00a0\u00bbpalettes\u00a0\u00bb:[{\u00ab\u00a0name\u00a0\u00bb:\u00a0\u00bbDefault Palette\u00a0\u00bb,\u00a0\u00bbvalue\u00a0\u00bb:{\u00ab\u00a0colors\u00a0\u00bb:{\u00ab\u00a0110d6\u00a0\u00bb:{\u00ab\u00a0val\u00a0\u00bb:\u00a0\u00bbvar(e8c68)\u00a0\u00bb}},\u00a0\u00bbgradients\u00a0\u00bb:[]},\u00a0\u00bboriginal\u00a0\u00bb:{\u00ab\u00a0colors\u00a0\u00bb:{\u00ab\u00a0110d6\u00a0\u00bb:{\u00ab\u00a0val\u00a0\u00bb:\u00a0\u00bbrgb(19, 114, 211)\u00a0\u00bb,\u00a0\u00bbhsl\u00a0\u00bb:{\u00ab\u00a0h\u00a0\u00bb:210,\u00a0\u00bbs\u00a0\u00bb:0.83,\u00a0\u00bbl\u00a0\u00bb:0.45}}},\u00a0\u00bbgradients\u00a0\u00bb:[]}}]}__CONFIG_colors_palette__ <a href=\"https:\/\/praguevisitorpass.eu\/?lang=fr-fr\" style=\"font-size: var(--tve-font-size, 14px) !important;\" target=\"_blank\" rel=\"noopener\"><span style=\"\">    <\/span> <span style=\"\"><span>Plus d\u2019infos<\/span><\/span> <\/a>  <\/p>\n<h2 id=\"t-1670610122390\">1. La croix d&rsquo;or<\/h2>\n<p><span><img decoding=\"async\" alt=\"La Croix d'Or \u00e0 Prague\" data-id=\"2489\" width=\"702\" data-init-width=\"1000\" height=\"530\" data-init-height=\"755\" title=\"La Croix d'Or \u00e0 Prague\" loading=\"lazy\" src=\"http:\/\/praguetouristinformation.com\/wp-content\/uploads\/2020\/12\/Das-Goldene-Kreuz.jpg\" data-width=\"702\" data-height=\"530\" data-pinpro-key=\"rwlzpj4ee\" style=\"aspect-ratio: auto 1000 \/ 755;\"><\/span><\/p>\n<p>\u00c0 son extr\u00e9mit\u00e9 inf\u00e9rieure, la place Venceslas forme la soi-disant \u00ab\u00a0Croix d&rsquo;or\u00a0\u00bb avec les rues qui convergent ici.<\/p>\n<p>Na P\u0159\u00edkop\u011b &#8211; Am Graben &#8211; est consid\u00e9r\u00e9e comme une rue commer\u00e7ante traditionnelle, dans laquelle se trouvent \u00e9galement de nombreuses banques, dans la Narodni Trida &#8211; l&rsquo;avenue nationale &#8211; vous trouverez de nombreux grands magasins et institutions culturelles, la place Venceslas est le centre commercial par excellence de la ville.<\/p>\n<h2 id=\"t-1670610122391\">2. Der Graben &#8211; Sur le foss\u00e9<\/h2>\n<p><span><img decoding=\"async\" alt=\"C'est Prikope \u00e0 Prague\" data-id=\"2490\" width=\"702\" data-init-width=\"1000\" height=\"468\" data-init-height=\"667\" title=\"C'est Prikope \u00e0 Prague\" loading=\"lazy\" src=\"http:\/\/praguetouristinformation.com\/wp-content\/uploads\/2020\/12\/Na-Prikope.jpg\" data-width=\"702\" data-height=\"468\" data-pinpro-key=\"chy4ptgju\" style=\"aspect-ratio: auto 1000 \/ 667;\"><\/span><\/p>\n<p>L&rsquo;une des rues commer\u00e7antes les plus c\u00e9l\u00e8bres de Prague est probablement Na P\u0159\u00edkop\u011b, qui signifie \u00ab\u00a0le foss\u00e9\u00a0\u00bb en allemand. Le Graben relie la place Venceslas \u00e0 la place de la R\u00e9publique et forme ainsi la fronti\u00e8re entre l&rsquo;ancienne et la nouvelle ville. En partie, Na P\u0159\u00edkop\u011b est con\u00e7u comme une zone pi\u00e9tonne. Le Graben est accessible soit par la place Venceslas, m\u00e9tro ligne verte A ou ligne jaune B, arr\u00eat M\u016fstek, soit par la place de la R\u00e9publique, N\u00e1m\u011bst\u00ed Republiky, ligne jaune B.<\/p>\n<p>Le paysage urbain est caract\u00e9ris\u00e9 par des b\u00e2timents repr\u00e9sentatifs, dont le si\u00e8ge de la Banque nationale tch\u00e8que, des palais, <a data-id=\"200\" data-type=\"page\" href=\"https:\/\/praguetouristinformation.com\/fr\/shopping\/centres-commerciaux\" style=\"outline: none;\">des centres commerciaux<\/a> et des boutiques plus ou moins luxueuses. Entre autres, vous trouverez Bershka, Boss, Mango, Deichmann, Benetton, Adidas et bien d&rsquo;autres.<\/p>\n<p>Trois centres commerciaux se trouvent le long du Graben, dont certains sont situ\u00e9s dans d&rsquo;anciens palais : Slovansk\u00fd d\u016fm &#8211; La Maison allemande &#8211; et \u010cern\u00e1 r\u016f\u017ee &#8211; La Rose noire &#8211; offrent des achats de haut niveau, le Myslbek l\u00e9g\u00e8rement plus petit est dans le prix moyen niveau. De nombreux caf\u00e9s et restaurants vous invitent au repos, parmi lesquels TGI Friday&rsquo;s, McDonald&rsquo;s et Subway, le Caf\u00e9 Continental m\u00e9rite \u00e9galement d&rsquo;\u00eatre mentionn\u00e9.<\/p>\n<p>\u00c0 l&rsquo;origine, il y avait un foss\u00e9 o\u00f9 se trouve aujourd&rsquo;hui la rue commer\u00e7ante, qui a \u00e9t\u00e9 combl\u00e9 en 1760 et transform\u00e9 en rue. La rue avait d&rsquo;autres noms, mais porte son nom actuel depuis 1871.<\/p>\n<p>Dans les environs imm\u00e9diats de Na P\u0159\u00edkop\u011b se trouvent le mus\u00e9e national, la place Venceslas et la place de la R\u00e9publique.<\/p>\n<h2 id=\"t-1670610122392\">3. L&rsquo;Avenue Nationale &#8211; Classe Nationale<\/h2>\n<p><span><img decoding=\"async\" alt=\"Trida nationale de Prague\" data-id=\"2491\" width=\"702\" data-init-width=\"1000\" height=\"429\" data-init-height=\"611\" title=\"Trida nationale de Prague\" loading=\"lazy\" src=\"http:\/\/praguetouristinformation.com\/wp-content\/uploads\/2020\/12\/Narodni-Trida-Prague.jpg\" data-width=\"702\" data-height=\"429\" data-pinpro-key=\"vqrfpgiki\" style=\"aspect-ratio: auto 1000 \/ 611;\"><\/span><\/p>\n<p>N\u00e1rodn\u00ed T\u0159\u00edda longe la fronti\u00e8re entre l&rsquo;ancienne et la nouvelle ville jusqu&rsquo;aux rives de la Vltava. C&rsquo;est l&rsquo;un des boulevards les plus importants de Prague. Le N\u00e1rodn\u00ed T\u0159\u00edda est accessible en m\u00e9tro, ligne jaune B, arr\u00eat N\u00e1rodn\u00ed T\u0159\u00edda.<\/p>\n<p>De nombreux palais alternent avec des grands magasins, des petits magasins et boutiques ainsi que des institutions culturelles. Le grand magasin My Narodni de 4 \u00e9tages dispose d&rsquo;une terrasse au dernier \u00e9tage qui offre une <a data-id=\"713\" data-type=\"page\" href=\"https:\/\/praguetouristinformation.com\/fr\/choses-a-faire\/points-de-vue\" style=\"outline: none;\">belle vue sur Prague<\/a> . La cha\u00eene de supermarch\u00e9s britannique Tesco se trouve dans un b\u00e2timent des ann\u00e9es 1970 alors connu sous le nom de M\u00e1j, qui fonctionnait comme l&rsquo;un des rares grands magasins en Tch\u00e9coslovaquie pendant le communisme. En 2006, le b\u00e2timent a \u00e9t\u00e9 d\u00e9clar\u00e9 \u00ab\u00a0Monument culturel de la R\u00e9publique tch\u00e8que\u00a0\u00bb.<\/p>\n<p>En plus de nombreux clubs et galeries de jazz, le Th\u00e9\u00e2tre national est \u00e9galement situ\u00e9 \u00e0 N\u00e1rodn\u00ed T\u0159\u00edda. Les restaurants et les caf\u00e9s vous invitent au repos, parmi lesquels certains des <a data-id=\"258\" data-type=\"page\" href=\"https:\/\/praguetouristinformation.com\/fr\/restaurants-prague\/cafes\" style=\"outline: none;\">caf\u00e9s les plus c\u00e9l\u00e8bres de Prague<\/a> tels que le Caf\u00e9 Slavia ou le Caf\u00e9 Luxor.<\/p>\n<p>Les murs d&rsquo;enceinte de la vieille ville se trouvaient autrefois sur le site de la National Allee. La rue s&rsquo;appelait New Allee, depuis 1918 elle porte son nom actuel, National Allee &#8211; N\u00e1rodn\u00ed T\u0159\u00edda. Une plaque comm\u00e9morative marque l&rsquo;endroit o\u00f9 la police a dispers\u00e9 une manifestation \u00e9tudiante en novembre 1989. L&rsquo;\u00e9v\u00e9nement est consid\u00e9r\u00e9 comme le d\u00e9but de la r\u00e9volution de velours.<\/p>\n<p>La place Venceslas se trouve \u00e0 proximit\u00e9 imm\u00e9diate du N\u00e1rodn\u00ed T\u0159\u00edda et \u00e0 seulement quelques minutes \u00e0 pied de la <a data-id=\"594\" data-type=\"page\" href=\"https:\/\/praguetouristinformation.com\/fr\/choses-a-faire\/vieille-ville\/tour-poudriere\" style=\"outline: none;\">tour poudri\u00e8re .<\/a><\/p>\n<h2 id=\"t-1670610122393\">4. Place Venceslas &#8211; Place Venceslas<\/h2>\n<p><span><img decoding=\"async\" alt=\"Place Venceslas \u00e0 Prague\" data-id=\"2492\" width=\"702\" data-init-width=\"1000\" height=\"468\" data-init-height=\"667\" title=\"Place Venceslas \u00e0 Prague\" loading=\"lazy\" src=\"http:\/\/praguetouristinformation.com\/wp-content\/uploads\/2020\/12\/Der-Wenzelsplatz.jpg\" data-width=\"702\" data-height=\"468\" data-pinpro-key=\"o7hjw7tmv\" style=\"aspect-ratio: auto 1000 \/ 667;\"><\/span><\/p>\n<p>Autour de la place Venceslas et des rues adjacentes, vous trouverez un vaste choix de magasins et de boutiques dans diff\u00e9rentes gammes de prix. La place Venceslas est accessible en m\u00e9tro, ligne verte A ou ligne jaune B, arr\u00eat M\u016fstek ou via l&rsquo;arr\u00eat Muzeum, ligne jaune A ou ligne rouge C.<\/p>\n<p>En plus de quelques grands magasins, il existe de nombreux magasins de d\u00e9tail proposant de la mode et des produits de toutes sortes. On y trouve \u00e9galement le si\u00e8ge social du magasin de chaussures Bat&rsquo;a, repr\u00e9sent\u00e9 dans le monde entier, ainsi que 2 succursales de C&amp;A. De nombreux magasins de disques et de livres ainsi que des librairies anciennes, qui ont souvent aussi d&rsquo;importants stocks de livres allemands, vous invitent \u00e0 visiter.<\/p>\n<p>Les succursales de fabrication proposent des savons artisanaux, des jouets en bois, de la c\u00e9ramique et le c\u00e9l\u00e8bre verre tch\u00e8que. De nombreux caf\u00e9s, restaurants et bars vous invitent \u00e0 vous d\u00e9tendre apr\u00e8s le shopping.<\/p>\n<p>En fait, la place Venceslas n&rsquo;est pas une place, mais un boulevard de 60 m\u00e8tres de large et 750 m\u00e8tres de long. Depuis la fondation de la ville nouvelle en 1348, elle en est le point central. Puisqu&rsquo;un march\u00e9 aux chevaux avait lieu ici, la place s&rsquo;appelait \u00e0 l&rsquo;origine \u00ab\u00a0Rossmarkt\u00a0\u00bb, et elle n&rsquo;a re\u00e7u son nom actuel qu&rsquo;en 1848. La place a souvent servi de toile de fond \u00e0 des manifestations et manifestations politiques.<\/p>\n<p>L&rsquo;attraction principale de la place Venceslas est la statue \u00e9questre de Saint Venceslas ainsi que le <a data-id=\"654\" data-type=\"page\" href=\"https:\/\/praguetouristinformation.com\/fr\/choses-a-faire\/musees\/national\" style=\"outline: none;\">Mus\u00e9e national<\/a> . La place de la vieille ville et la place de la R\u00e9publique sont \u00e0 seulement 600 m\u00e8tres.<\/p>\n<h2 id=\"t-1670610122394\">5. Rue de Paris &#8211; Pa\u0159\u00edzska \u00falica<\/h2>\n<p><span><img decoding=\"async\" alt=\"Pariser Strasse \u00e0 Prague\" data-id=\"2493\" width=\"702\" data-init-width=\"1000\" height=\"468\" data-init-height=\"667\" title=\"Pariser Strasse \u00e0 Prague\" loading=\"lazy\" src=\"http:\/\/praguetouristinformation.com\/wp-content\/uploads\/2020\/12\/Die-Pariser-Strasse.jpg\" data-width=\"702\" data-height=\"468\" data-pinpro-key=\"90drdam6l\" style=\"aspect-ratio: auto 1000 \/ 667;\"><\/span><\/p>\n<p>La Pariser Strasse est la rue commer\u00e7ante la plus ch\u00e8re et la plus luxueuse de Prague. Le boulevard de 24 m\u00e8tres de large et 660 m\u00e8tres de long, plant\u00e9 d&rsquo;arbres des deux c\u00f4t\u00e9s, traverse directement le <a data-id=\"612\" data-type=\"page\" href=\"https:\/\/praguetouristinformation.com\/fr\/choses-a-faire\/quartier-juif\" style=\"outline: none;\">quartier juif de Prague<\/a> en direction de la Vltava, formant ainsi une transition entre la vieille et la nouvelle ville. La Pariser Stra\u00dfe est accessible en m\u00e9tro, ligne verte A, arr\u00eat Starom\u011bstsk\u00e1. L&rsquo;arr\u00eat Pa\u0159\u00edzka de la ligne de bus 194 se trouve \u00e0 peu pr\u00e8s au milieu de la rue.<\/p>\n<p>Les magasins et boutiques des maisons Art Nouveau et N\u00e9o-Baroque proposent un m\u00e9lange de marques internationales et de marques de luxe. Il existe de nombreuses bijouteries et boutiques de cr\u00e9ateurs. De nombreux grands designers bien connus ont ouvert des succursales ici avec leurs produits de marque, vous pouvez donc trouver Cartier, Dior, Gucci et Burberry ainsi que Hermes, Rolex, Prada, Boss, Armani et Louis Vuitton et bien d&rsquo;autres.<\/p>\n<p>De nombreux restaurants et caf\u00e9s vous invitent \u00e0 vous attarder, o\u00f9 l&rsquo;offre vari\u00e9e repr\u00e9sente une composition parfaite du flair de Prague et de l&rsquo;ambiance cosmopolite, le niveau de prix est \u00e9galement dans la fourchette sup\u00e9rieure ici.<\/p>\n<p>Dans les rues lat\u00e9rales de Pa\u0159\u00edzka \u00falica se trouvent de petites boutiques dirig\u00e9es par des cr\u00e9ateurs tch\u00e8ques tels que Klara Nademlynska, l&rsquo;une des cr\u00e9atrices de mode les plus c\u00e9l\u00e8bres et les plus prosp\u00e8res de Prague. Mentionnons \u00e9galement la boutique Tatiana, qui vend des v\u00eatements pour femmes, et la boutique Timoure et Group, o\u00f9 l&rsquo;on trouve des complets, des manteaux et des vestes sur mesure.<\/p>\n<p>M\u00eame le soir, lorsque les magasins sont ferm\u00e9s, la Pariser Strasse vaut le d\u00e9tour en raison de son flair.<\/p>\n<p>Pariser Strasse doit son nom \u00e0 un certain nombre de rues parisiennes similaires.<\/p>\n<p>Une visite du quartier juif et une visite des synagogues peuvent \u00eatre parfaitement combin\u00e9es avec une promenade dans la Pariser Strasse.<\/p>\n<h2 id=\"t-1670610122395\">6. Die Havelska Stra\u00dfe &#8211; March\u00e9 Havel<\/h2>\n<p><span><img decoding=\"async\" alt=\"Die Havelska Stra\u00dfe \u00e0 Prague\" data-id=\"2494\" width=\"702\" data-init-width=\"1000\" height=\"468\" data-init-height=\"667\" title=\"Die Havelska Stra\u00dfe \u00e0 Prague\" loading=\"lazy\" src=\"http:\/\/praguetouristinformation.com\/wp-content\/uploads\/2020\/12\/Die-Havelska-Strasse.jpg\" data-width=\"702\" data-height=\"468\" data-pinpro-key=\"ssh1o1ynh\" style=\"aspect-ratio: auto 1000 \/ 667;\"><\/span><\/p>\n<p>La rue Havelska est une rue lat\u00e9rale de la rue Melantrichova et est accessible en m\u00e9tro, ligne jaune B, arr\u00eat M\u016fstek, \u00e0 quelques minutes \u00e0 pied. Vous pouvez \u00e9galement y acc\u00e9der facilement \u00e0 pied depuis Na P\u0159\u00edkop\u011b \u2013 depuis les douves.<\/p>\n<p>Vous ne trouverez pas ici de marques de luxe et de cr\u00e9ateurs de renomm\u00e9e internationale. <a data-id=\"1109\" data-type=\"page\" href=\"https:\/\/praguetouristinformation.com\/fr\/shopping\/marches\" style=\"outline: none;\">Le seul march\u00e9 survivant du vieux Prague<\/a> se trouve dans la rue Havelska . Il date de 1232. Le march\u00e9 Havel &#8211; Havelsk\u00e9 tr\u017ei\u0161t\u011b &#8211; est le march\u00e9 permanent du centre-ville. Les petites \u00e9choppes en bois install\u00e9es en permanence sont ouvertes toute l&rsquo;ann\u00e9e. Les \u00e9tals proposent de l&rsquo;artisanat, des jouets et poup\u00e9es en bois, des fleurs, de la maroquinerie, de la c\u00e9ramique, des fruits et l\u00e9gumes. Si vous cherchez un souvenir tch\u00e8que typique, vous \u00eates au bon endroit.<\/p>\n<p>Dans les environs \u00e9galement, de nombreux petits magasins et boutiques ainsi que de nombreuses <a data-id=\"326\" data-type=\"page\" href=\"https:\/\/praguetouristinformation.com\/fr\/shopping\/souvenirs\" style=\"outline: none;\">boutiques de souvenirs<\/a> invitent \u00e0 la fl\u00e2nerie, de nombreux restaurants et caf\u00e9s invitent \u00e0 la d\u00e9tente.<\/p>\n<p>Situ\u00e9 en plein centre de Prague, vous pourrez acc\u00e9der rapidement aux rues commer\u00e7antes du quartier et \u00e0 la place Venceslas depuis Havelsk\u00e9 tr\u017ei\u0161t\u011b.<\/p>\n<ul>\n<li>Vous pouvez trouver plus de conseils d&rsquo;achat dans notre <a data-id=\"765\" data-type=\"page\" href=\"https:\/\/praguetouristinformation.com\/fr\/shopping\" style=\"outline: none;\">Guide d&rsquo;achat de Prague<\/a> .<\/li>\n<\/ul>\n<p style=\"text-align: center;\"><a href=\"https:\/\/www.google.com\/maps\/d\/u\/1\/viewer?hl=en&amp;mid=1PONAcIXQkZp7IKi8YPJESNh8trgfki_r&amp;ll=50.08610444691974%2C14.422191899999968&amp;z=16\" target=\"_blank\" rel=\"noopener\">(lien vers la carte)<\/a><\/p>\n","protected":false},"excerpt":{"rendered":"<p>Vous pouvez faire du shopping partout \u00e0 Prague et il y en a pour tous les go\u00fbts. La plus grande densit\u00e9 d&rsquo;adresses de shopping branch\u00e9es se trouve \u00e0 la soi-disant \u00ab\u00a0Croix d&rsquo;Or\u00a0\u00bb non loin de la place Venceslas et ceux qui recherchent le luxe se rendent \u00e0 la Pariser Strasse. Pour vous donner une id\u00e9e [&hellip;]<\/p>\n","protected":false},"author":6,"featured_media":2488,"parent":765,"menu_order":0,"comment_status":"open","ping_status":"closed","template":"","meta":{"footnotes":""},"categories":[],"tags":[30,34],"class_list":["post-202","page","type-page","status-publish","has-post-thumbnail","hentry","tag-lifestyle","tag-shopping","post-wrapper","thrv_wrapper"],"_links":{"self":[{"href":"https:\/\/praguetouristinformation.com\/fr\/wp-json\/wp\/v2\/pages\/202","targetHints":{"allow":["GET"]}}],"collection":[{"href":"https:\/\/praguetouristinformation.com\/fr\/wp-json\/wp\/v2\/pages"}],"about":[{"href":"https:\/\/praguetouristinformation.com\/fr\/wp-json\/wp\/v2\/types\/page"}],"author":[{"embeddable":true,"href":"https:\/\/praguetouristinformation.com\/fr\/wp-json\/wp\/v2\/users\/6"}],"replies":[{"embeddable":true,"href":"https:\/\/praguetouristinformation.com\/fr\/wp-json\/wp\/v2\/comments?post=202"}],"version-history":[{"count":2,"href":"https:\/\/praguetouristinformation.com\/fr\/wp-json\/wp\/v2\/pages\/202\/revisions"}],"predecessor-version":[{"id":4968,"href":"https:\/\/praguetouristinformation.com\/fr\/wp-json\/wp\/v2\/pages\/202\/revisions\/4968"}],"up":[{"embeddable":true,"href":"https:\/\/praguetouristinformation.com\/fr\/wp-json\/wp\/v2\/pages\/765"}],"wp:featuredmedia":[{"embeddable":true,"href":"https:\/\/praguetouristinformation.com\/fr\/wp-json\/wp\/v2\/media\/2488"}],"wp:attachment":[{"href":"https:\/\/praguetouristinformation.com\/fr\/wp-json\/wp\/v2\/media?parent=202"}],"wp:term":[{"taxonomy":"category","embeddable":true,"href":"https:\/\/praguetouristinformation.com\/fr\/wp-json\/wp\/v2\/categories?post=202"},{"taxonomy":"post_tag","embeddable":true,"href":"https:\/\/praguetouristinformation.com\/fr\/wp-json\/wp\/v2\/tags?post=202"}],"curies":[{"name":"wp","href":"https:\/\/api.w.org\/{rel}","templated":true}]}}