{"id":200,"date":"2020-08-25T19:55:40","date_gmt":"2020-08-25T19:55:40","guid":{"rendered":"http:\/\/praguetouristinformation.com\/?page_id=200"},"modified":"2025-11-18T14:01:47","modified_gmt":"2025-11-18T14:01:47","slug":"centres-commerciaux","status":"publish","type":"page","link":"https:\/\/praguetouristinformation.com\/fr\/shopping\/centres-commerciaux","title":{"rendered":"9 Meilleurs Centres Commerciaux \u00e0 Prague [avec carte]"},"content":{"rendered":"<h3 id=\"t-1670611041503\">Voici une s\u00e9lection de centres commerciaux int\u00e9ressants \u00e0 Prague.<\/h3>\n<p>Ils sont tr\u00e8s populaires \u00e0 Prague. Il y a plus de centres commerciaux par m\u00e8tre carr\u00e9 et par habitant que dans n&rsquo;importe quelle autre capitale europ\u00e9enne. M\u00eame Londres est en retard sur Prague.<\/p>\n<p>Bon nombre des meilleurs grands magasins sont construits directement au-dessus ou \u00e0 proximit\u00e9 des stations de m\u00e9tro. Ils sont g\u00e9n\u00e9ralement \u00e9galement ouverts le dimanche.<\/p>\n<p>Outre les grands centres commerciaux, il en existe de nombreux petits qui ressemblent davantage \u00e0 des arcades et sont situ\u00e9s le long de rues commer\u00e7antes bien connues telles que Na P\u0159\u00edkop\u011b.<\/p>\n<h2 style=\"\" id=\"t-1763473563843\">Prague City Pass par MegaPass<\/h2>\n<p data-pm-slice=\"1 1 []\" style=\"\">Le Prague City Pass par MegaPass donne acc\u00e8s aux principales <strong>attractions de Prague, aux transports publics<\/strong> et \u00e0 une <strong>eSIM<\/strong> num\u00e9rique. Il est id\u00e9al pour tous ceux qui souhaitent explorer Prague de mani\u00e8re flexible et efficace. Disponible en trois versions.<\/p>\n<p data-pm-slice=\"1 1 []\" style=\"\"><a href=\"https:\/\/megapass.com\/czech-republic\/prague\/pass?discountCode=ma-places\" target=\"_blank\" rel=\"nofollow noopener\" style=\"outline: none;\"><strong>Profitez de notre remise exclusive de 5 % <\/strong>! La remise sera appliqu\u00e9e automatiquement, aucun code n&rsquo;est n\u00e9cessaire.<\/a><\/p>\n<p>__CONFIG_colors_palette__{\u00ab\u00a0active_palette\u00a0\u00bb:0,\u00a0\u00bbconfig\u00a0\u00bb:{\u00ab\u00a0colors\u00a0\u00bb:{\u00ab\u00a0110d6\u00a0\u00bb:{\u00ab\u00a0name\u00a0\u00bb:\u00a0\u00bbMain Accent\u00a0\u00bb,\u00a0\u00bbparent\u00a0\u00bb:-1}},\u00a0\u00bbgradients\u00a0\u00bb:[]},\u00a0\u00bbpalettes\u00a0\u00bb:[{\u00ab\u00a0name\u00a0\u00bb:\u00a0\u00bbDefault Palette\u00a0\u00bb,\u00a0\u00bbvalue\u00a0\u00bb:{\u00ab\u00a0colors\u00a0\u00bb:{\u00ab\u00a0110d6\u00a0\u00bb:{\u00ab\u00a0val\u00a0\u00bb:\u00a0\u00bbvar(e8c68)\u00a0\u00bb}},\u00a0\u00bbgradients\u00a0\u00bb:[]},\u00a0\u00bboriginal\u00a0\u00bb:{\u00ab\u00a0colors\u00a0\u00bb:{\u00ab\u00a0110d6\u00a0\u00bb:{\u00ab\u00a0val\u00a0\u00bb:\u00a0\u00bbrgb(19, 114, 211)\u00a0\u00bb,\u00a0\u00bbhsl\u00a0\u00bb:{\u00ab\u00a0h\u00a0\u00bb:210,\u00a0\u00bbs\u00a0\u00bb:0.83,\u00a0\u00bbl\u00a0\u00bb:0.45}}},\u00a0\u00bbgradients\u00a0\u00bb:[]}}]}__CONFIG_colors_palette__ <a href=\"https:\/\/megapass.com\/czech-republic\/prague\/pass?discountCode=ma-places\" style=\"font-size: var(--tve-font-size, 14px) !important;\" target=\"_blank\" rel=\"nofollow noopener\"><span style=\"\">    <\/span> <span style=\"\"><span>Plus d\u2019infos<\/span><\/span> <\/a>  <\/p>\n<h2 id=\"t-1670611041504\">1. Palladium<\/h2>\n<p><span><img decoding=\"async\" alt=\"Palladium \u00e0 Prague\" data-id=\"2477\" width=\"702\" data-init-width=\"1000\" height=\"468\" data-init-height=\"667\" title=\"Palladium \u00e0 Prague\" loading=\"lazy\" src=\"http:\/\/praguetouristinformation.com\/wp-content\/uploads\/2020\/12\/Palladium.jpg\" data-width=\"702\" data-height=\"468\" data-pin-media=\"http:\/\/praguetouristinformation.com\/wp-content\/uploads\/2021\/02\/14.jpg\" data-pin-description=\"9 Meilleurs Centres Commerciaux \u00e0 Prague [avec carte] - 2022\" data-pin-url=\"https:\/\/praguetouristinformation.com\/fr\/shopping\/centres-commerciaux?tve=true&amp;tcbf=653ee5414e\" data-pinpro-key=\"9jha0juyx\" style=\"aspect-ratio: auto 1000 \/ 667;\"><\/span><\/p>\n<p>Le Palladium est le plus grand et le plus c\u00e9l\u00e8bre centre commercial de Prague, il est consid\u00e9r\u00e9 comme l&rsquo;un des plus grands de la R\u00e9publique tch\u00e8que. Le Palladium est situ\u00e9 dans une ancienne caserne dont l&rsquo;int\u00e9rieur est un b\u00e2timent class\u00e9, mais qui a \u00e9t\u00e9 tellement modifi\u00e9 lors de la r\u00e9novation qu&rsquo;il n&rsquo;en reste pratiquement plus rien.<\/p>\n<p>Dans 170 magasins, le visiteur se voit proposer un m\u00e9lange de succursales de cha\u00eenes bien connues telles que H&amp;M, Douglas, Marc O&rsquo;Polo, Marks &amp; Spencer, Mango, Deichmann, Orsay etc. ainsi que des boutiques plus petites. La s\u00e9lection d&rsquo;articles va des v\u00eatements, des livres, de la nourriture et des cosm\u00e9tiques \u00e0 l&rsquo;\u00e9lectronique, aux articles de sport et aux jouets.<\/p>\n<p>20 restaurants veillent au bien-\u00eatre physique des visiteurs, parmi lesquels Starbucks, Burger King, KFC, McDonald&rsquo;s, Nordsee et Pizza Hut.<\/p>\n<p>L&rsquo;orientation dans le Palladium est quelque peu difficile, en partie \u00e0 cause du positionnement irr\u00e9gulier des escalators, qui par endroits ne m\u00e8nent que dans une seule direction. Il n&rsquo;y a que deux toilettes publiques dans tout le complexe de b\u00e2timents, bien cach\u00e9es aux \u00e9tages inf\u00e9rieur et sup\u00e9rieur.<\/p>\n<p><span style=\"color: var(--tcb-skin-color-4); font-weight: var(--g-regular-weight,normal);\">Au sous-sol se trouve le plus grand garage souterrain du centre-ville avec 900 places de stationnement. Le parking souterrain est ouvert 24h\/24.<\/span><\/p>\n<ul>\n<li><span style=\"color: var(--tcb-skin-color-4);\"><strong>Comment<\/strong><\/span><span style=\"color: var(--tcb-skin-color-4); font-weight: var(--g-regular-weight,normal);\"> s&rsquo;y rendre :&nbsp;<\/span> Le Palladium est situ\u00e9 au centre et est accessible directement en m\u00e9tro, ligne jaune B &#8211; arr\u00eat Place de la R\u00e9publique &#8211; N\u00e1m\u011bst\u00ed Republiky.<\/li>\n<\/ul>\n<h2 id=\"t-1670611041505\">2. Centre commercial Kotva<\/h2>\n<p><span><img decoding=\"async\" alt=\"Centre commercial Kotva \u00e0 Prague\" data-id=\"2478\" width=\"702\" data-init-width=\"1000\" height=\"408\" data-init-height=\"581\" title=\"Centre commercial Kotva \u00e0 Prague\" loading=\"lazy\" src=\"http:\/\/praguetouristinformation.com\/wp-content\/uploads\/2020\/12\/Kotva-Shopping-Center.jpg\" data-width=\"702\" data-height=\"408\" data-pin-media=\"http:\/\/praguetouristinformation.com\/wp-content\/uploads\/2021\/02\/14.jpg\" data-pin-description=\"9 Meilleurs Centres Commerciaux \u00e0 Prague [avec carte] - 2022\" data-pin-url=\"https:\/\/praguetouristinformation.com\/fr\/shopping\/centres-commerciaux?tve=true&amp;tcbf=653ee5414e\" data-pinpro-key=\"6aphl1r0h\" style=\"aspect-ratio: auto 1000 \/ 581;\"><\/span><\/p>\n<p>Juste en face du Palladium se trouve le centre commercial Kotva. Le nom signifie \u00ab ancre \u00bb. Le grand magasin a \u00e9t\u00e9 construit entre 1970 et 1975 selon un projet d&rsquo;un couple d&rsquo;architectes tch\u00e8ques et d&rsquo;une entreprise de construction su\u00e9doise, ce qui \u00e9tait tr\u00e8s inhabituel \u00e0 l&rsquo;\u00e9poque.<\/p>\n<p>Le plan d&rsquo;\u00e9tage se compose de plusieurs hexagones entrelac\u00e9s et rappelle des nids d&rsquo;abeilles. Il devait devenir un symbole d&rsquo;abondance et de richesse dans le socialisme. En tant que l&rsquo;un des plus anciens grands magasins de la R\u00e9publique tch\u00e8que, Kotva est un monument culturel tch\u00e8que depuis avril 2019.<\/p>\n<p>Il propose des produits haut de gamme de marques traditionnelles et de renomm\u00e9e mondiale, dont Baker Street, Bugatti, Elegance, Gil Santucci, Villeroy&amp;Boch\u2026 Au sommet se trouve une terrasse qui offre une tr\u00e8s belle vue sur le centre historique de Prague.<\/p>\n<ul>\n<li><strong>Comment s&rsquo;y rendre:<\/strong> Le centre commercial Kotva est situ\u00e9 au centre et est accessible directement en m\u00e9tro, ligne jaune B &#8211; arr\u00eat Place de la R\u00e9publique &#8211; N\u00e1m\u011bst\u00ed Republiky<\/li>\n<\/ul>\n<h2 id=\"t-1670611041506\">3. florentin<\/h2>\n<p><span><img decoding=\"async\" alt=\"Florence \u00e0 Prague\" data-id=\"2479\" width=\"702\" data-init-width=\"1000\" height=\"415\" data-init-height=\"591\" title=\"Florence \u00e0 Prague\" loading=\"lazy\" src=\"http:\/\/praguetouristinformation.com\/wp-content\/uploads\/2020\/12\/Florentinum.jpg\" data-width=\"702\" data-height=\"415\" data-pin-media=\"http:\/\/praguetouristinformation.com\/wp-content\/uploads\/2021\/02\/14.jpg\" data-pin-description=\"9 Meilleurs Centres Commerciaux \u00e0 Prague [avec carte] - 2022\" data-pin-url=\"https:\/\/praguetouristinformation.com\/fr\/shopping\/centres-commerciaux?tve=true&amp;tcbf=653ee5414e\" data-pinpro-key=\"qmz1itx5i\" style=\"aspect-ratio: auto 1000 \/ 591;\"><\/span><\/p>\n<p>\u00c0 quelques minutes \u00e0 pied se trouve le Florentinum, un autre centre commercial moderne de Prague. L&rsquo;offre de boutiques relativement claire est lumineuse et conviviale. Il est fr\u00e9quent\u00e9 par de nombreux habitants car il y a de nombreux bureaux \u00e0 proximit\u00e9. En plus des marques locales, des marques telles que Neo Luxor et Rossmann peuvent \u00e9galement \u00eatre trouv\u00e9es ici.<\/p>\n<p>Le supermarch\u00e9 Albert est au sous-sol. Il y a une mini aire de restauration qui propose des salades et des plats rapides mexicains ou asiatiques. Starbucks est juste \u00e0 c\u00f4t\u00e9 de l&rsquo;entr\u00e9e dans un espace vert ouvert.<\/p>\n<p>\u00c0 l&rsquo;int\u00e9rieur du b\u00e2timent, des horloges \u00e0 eau indiquent l&rsquo;heure actuelle en heures, minutes et secondes.<\/p>\n<ul>\n<li><strong>Comment s&rsquo;y rendre :&nbsp;<\/strong> Le Florentinum est accessible directement en m\u00e9tro, ligne jaune B ou ligne rouge C &#8211; arr\u00eat Florenc.<\/li>\n<\/ul>\n<h2 id=\"t-1670611041507\">4. Flore de l&rsquo;atrium<\/h2>\n<p><span><img decoding=\"async\" alt=\"Atrium Flora \u00e0 Prague\" data-id=\"2480\" width=\"702\" data-init-width=\"1000\" height=\"472\" data-init-height=\"673\" title=\"Atrium Flora \u00e0 Prague\" loading=\"lazy\" src=\"http:\/\/praguetouristinformation.com\/wp-content\/uploads\/2020\/12\/Atrium-Flora.jpg\" data-width=\"702\" data-height=\"472\" data-pin-media=\"http:\/\/praguetouristinformation.com\/wp-content\/uploads\/2021\/02\/14.jpg\" data-pin-description=\"9 Meilleurs Centres Commerciaux \u00e0 Prague [avec carte] - 2022\" data-pin-url=\"https:\/\/praguetouristinformation.com\/fr\/shopping\/centres-commerciaux?tve=true&amp;tcbf=653ee5414e\" data-pinpro-key=\"npcblkpaj\" style=\"aspect-ratio: auto 1000 \/ 673;\"><\/span><\/p>\n<p>Atrium Flora est un centre commercial chic \u00e0 Prague. Avec 120 boutiques, c&rsquo;est l&rsquo;une des plus petites du genre.En plus des marques locales, vous trouverez \u00e9galement de nombreuses boutiques de renomm\u00e9e internationale, dont Calzedonia, DM, Butlers, Fischer, Claire&rsquo;s, Intimissimi, Luxor, Relax, Sephora, Tschibo et beaucoup plus.<\/p>\n<p>L&rsquo;aire de restauration est \u00e0 l&rsquo;\u00e9tage. L&rsquo;atrium abrite \u00e9galement un cin\u00e9ma IMAX 3D. Le supermarch\u00e9 Albert est ouvert jusqu&rsquo;\u00e0 minuit tous les jours.<\/p>\n<ul>\n<li><strong>Comment s&rsquo;y rendre :&nbsp;<\/strong> L&rsquo;atrium est accessible directement en m\u00e9tro, ligne verte A, arr\u00eat Flora. Il y a un acc\u00e8s direct de la station de m\u00e9tro au centre commercial.<\/li>\n<\/ul>\n<h2 id=\"t-1670611041508\">5. Maison slave \u2013 Deutsches Haus<\/h2>\n<p><span><img decoding=\"async\" alt=\"Maison slave \u2013 Deutsches Haus \u00e0 Prague\" data-id=\"2481\" width=\"702\" data-init-width=\"1000\" height=\"433\" data-init-height=\"617\" title=\"Maison slave \u2013 Deutsches Haus \u00e0 Prague\" loading=\"lazy\" src=\"http:\/\/praguetouristinformation.com\/wp-content\/uploads\/2020\/12\/Slovansky-dum-\u2013-Deutsches-Haus.jpg\" data-width=\"702\" data-height=\"433\" data-pin-media=\"http:\/\/praguetouristinformation.com\/wp-content\/uploads\/2021\/02\/14.jpg\" data-pin-description=\"9 Meilleurs Centres Commerciaux \u00e0 Prague [avec carte] - 2022\" data-pin-url=\"https:\/\/praguetouristinformation.com\/fr\/shopping\/centres-commerciaux?tve=true&amp;tcbf=653ee5414e\" data-pinpro-key=\"pznpm3wnu\" style=\"aspect-ratio: auto 1000 \/ 617;\"><\/span><\/p>\n<p>Ce centre commercial est situ\u00e9 dans l&rsquo;une des principales <a data-id=\"202\" data-type=\"page\" href=\"https:\/\/praguetouristinformation.com\/fr\/shopping\/rues-commercantes\" style=\"outline: none;\">rues commer\u00e7antes<\/a> de Prague , Na P\u0159\u00edkop\u011b. Le palais a \u00e9t\u00e9 construit entre 1695 et 1700 dans le style baroque. De 1875 \u00e0 1945, il fut le si\u00e8ge de l&rsquo;association \u00ab\u00a0Deutsches Haus\u00a0\u00bb et fut le centre de la vie sociale de la population germanophone de Prague. En 1997, le complexe a \u00e9t\u00e9 r\u00e9nov\u00e9 et transform\u00e9 en un centre d&rsquo;affaires et de bureaux.<\/p>\n<p>Slovansk\u00fd d\u016fm offre au visiteur diverses possibilit\u00e9s de shopping de haut niveau, de nombreuses boutiques de luxe y sont repr\u00e9sent\u00e9es ainsi que des marques locales. Les restaurants et les caf\u00e9s vous invitent \u00e0 vous attarder.<\/p>\n<p>Le complexe abrite un cin\u00e9ma multiplex de 10 salles et 1800 places. On notera en particulier le grand jardin \u00e0 la fran\u00e7aise, dont il est difficile de trouver l&rsquo;\u00e9quivalent en centre-ville.<\/p>\n<ul>\n<li><strong>Comment s&rsquo;y rendre:<\/strong> La Maison allemande est situ\u00e9e au centre et est accessible directement en m\u00e9tro, ligne jaune B &#8211; arr\u00eat Platz der Republik &#8211; N\u00e1m\u011bst\u00ed Republiky. De l\u00e0, il n&rsquo;y a que quelques minutes \u00e0 pied.<\/li>\n<\/ul>\n<h2 id=\"t-1670611041509\">6. Myslbek<\/h2>\n<p><span><img decoding=\"async\" alt=\"Myslbek \u00e0 Prague\" data-id=\"2482\" width=\"702\" data-init-width=\"1000\" height=\"465\" data-init-height=\"663\" title=\"Myslbek \u00e0 Prague\" loading=\"lazy\" src=\"http:\/\/praguetouristinformation.com\/wp-content\/uploads\/2020\/12\/Myslbek.jpg\" data-width=\"702\" data-height=\"465\" data-pin-media=\"http:\/\/praguetouristinformation.com\/wp-content\/uploads\/2021\/02\/14.jpg\" data-pin-description=\"9 Meilleurs Centres Commerciaux \u00e0 Prague [avec carte] - 2022\" data-pin-url=\"https:\/\/praguetouristinformation.com\/fr\/shopping\/centres-commerciaux?tve=true&amp;tcbf=653ee5414e\" data-pinpro-key=\"fjri4e34i\" style=\"aspect-ratio: auto 1000 \/ 663;\"><\/span><\/p>\n<p>Ce centre commercial est \u00e9galement situ\u00e9 sur le boulevard Na P\u0159\u00edkop\u011b. La galerie marchande relie la <a data-id=\"742\" data-type=\"page\" href=\"https:\/\/praguetouristinformation.com\/fr\/choses-a-faire\/vieille-ville\" style=\"outline: none;\">vieille ville<\/a> \u00e0 la nouvelle ville et est domin\u00e9e par un atrium central, qui abrite \u00e9galement les restaurants, dont Vapiano et Pizza Coloseum.<\/p>\n<p>Les 20 magasins offrent aux visiteurs un m\u00e9lange de cha\u00eenes bien connues telles que H&amp;M, Gant, Calvin Klein, Guess, Karl Lagerfeld, etc., ainsi que de plus petites boutiques.<strong><\/strong><\/p>\n<ul>\n<li><strong>Comment s&rsquo;y rendre :&nbsp;<\/strong> Myslbek est situ\u00e9 au centre et est accessible directement en m\u00e9tro, ligne jaune B et ligne verte A &#8211; arr\u00eat M\u016fstek. De l\u00e0, il y a 2 minutes \u00e0 pied.<\/li>\n<\/ul>\n<h2 id=\"t-1670611041510\">7. Passage Rose Noire<\/h2>\n<p><span><img decoding=\"async\" alt=\"Passage Rose Noire \u00e0 Prague\" data-id=\"2483\" width=\"702\" data-init-width=\"1000\" height=\"494\" data-init-height=\"704\" title=\"Passage Rose Noire \u00e0 Prague\" loading=\"lazy\" src=\"http:\/\/praguetouristinformation.com\/wp-content\/uploads\/2020\/12\/Pasaz-Cerna-ruze.jpg\" data-width=\"702\" data-height=\"494\" data-pin-media=\"http:\/\/praguetouristinformation.com\/wp-content\/uploads\/2021\/02\/14.jpg\" data-pin-description=\"9 Meilleurs Centres Commerciaux \u00e0 Prague [avec carte] - 2022\" data-pin-url=\"https:\/\/praguetouristinformation.com\/fr\/shopping\/centres-commerciaux?tve=true&amp;tcbf=653ee5414e\" data-pinpro-key=\"qultzxb50\" style=\"aspect-ratio: auto 1000 \/ 704;\"><\/span><\/p>\n<p>\u010cern\u00e1 r\u016f\u017ee signifie \u00ab\u00a0Rose noire\u00a0\u00bb en allemand. Le centre commercial est install\u00e9 dans un b\u00e2timent baroque des ann\u00e9es 1840, dont seule la fa\u00e7ade est rest\u00e9e intacte. \u00c0 quelques pas de la <a data-id=\"662\" data-type=\"page\" href=\"https:\/\/praguetouristinformation.com\/fr\/choses-a-faire\/vieille-ville\/place-venceslas\" style=\"outline: none;\">place Venceslas,<\/a> il relie la rue Na P\u0159\u00edkop\u011b \u00e0 la rue Pansk\u00e1. Il fonctionne comme centre commercial depuis 1932 et est consid\u00e9r\u00e9 comme l&rsquo;un des plus anciens de Prague.<\/p>\n<p>Les boutiques sont dans le quartier haut de gamme, on y trouve des marques comme Adidas, Pierre Cardin, Guy Laroche, Bugatti, Adidas, Roberto Cavalli et bien d&rsquo;autres. En plus des v\u00eatements, des chaussures et des vestes en cuir, vous pouvez \u00e9galement acheter du cristal ici.<\/p>\n<p>La boutique Moser au premier \u00e9tage ressemble plus \u00e0 un mus\u00e9e qu&rsquo;\u00e0 une boutique avec son int\u00e9rieur original, ses meubles anciens et ses lustres. Cela vaut vraiment le d\u00e9tour. Vous trouverez ici un grand choix de verres \u00e0 boire et d&rsquo;objets d\u00e9coratifs fabriqu\u00e9s par Moser Glash\u00fctte. Il y a aussi des porcelaines de Bernardaud, Herend et Lladro.<\/p>\n<p>Il y a des caf\u00e9s aux 3 \u00e9tages, la pizzeria au dernier \u00e9tage est recommand\u00e9e.<\/p>\n<ul>\n<li><strong>Comment s&rsquo;y rendre :&nbsp;<\/strong> \u010cern\u00e1 r\u016f\u017ee est situ\u00e9 au centre et est accessible directement en m\u00e9tro, ligne jaune B et ligne verte A &#8211; arr\u00eat M\u016fstek. De l\u00e0, il n&rsquo;y a que quelques minutes \u00e0 pied.<\/li>\n<\/ul>\n<h2 id=\"t-1670611041511\">8. Palais Koruna<\/h2>\n<p><span><img decoding=\"async\" alt=\"Palais Koruna \u00e0 Prague\" data-id=\"2484\" width=\"702\" data-init-width=\"1000\" height=\"437\" data-init-height=\"623\" title=\"Palais Koruna \u00e0 Prague\" loading=\"lazy\" src=\"http:\/\/praguetouristinformation.com\/wp-content\/uploads\/2020\/12\/Koruna-Palace.jpg\" data-width=\"702\" data-height=\"437\" data-pin-media=\"http:\/\/praguetouristinformation.com\/wp-content\/uploads\/2021\/02\/14.jpg\" data-pin-description=\"9 Meilleurs Centres Commerciaux \u00e0 Prague [avec carte] - 2022\" data-pin-url=\"https:\/\/praguetouristinformation.com\/fr\/shopping\/centres-commerciaux?tve=true&amp;tcbf=653ee5414e\" data-pinpro-key=\"kpd3z0ev5\" style=\"aspect-ratio: auto 1000 \/ 623;\"><\/span><\/p>\n<p>Ce b\u00e2timent de style Art nouveau tardif est situ\u00e9 au pied de la place Venceslas. La structure de la tour d&rsquo;angle est stylis\u00e9e \u00e0 son sommet par une couronne de perles d&rsquo;or entour\u00e9e de statues all\u00e9goriques massives et muscl\u00e9es, redoutables gardiennes du palais.<\/p>\n<p>Les magasins offrent au visiteur un m\u00e9lange de cha\u00eenes bien connues et de marques locales. Le magasin d&rsquo;usine VaNa 1 est le plus grand magasin d&rsquo;usine du centre de Prague avec 4 \u00e9tages et une surface de vente de 2 700 m\u00e8tres carr\u00e9s.<\/p>\n<p>Entre autres, il y a des marques comme Puma, Adidas, Nike, Vans, Guess, Valentino, Love Moschino, Makia, Emporio Armani, Levis, Kappa et bien d&rsquo;autres. Le m\u00e9gastore \u00ab\u00a0Betonland\u00a0\u00bb au sous-sol est le plus grand magasin de musique de Prague avec 2 200 m\u00b2 et est m\u00eame consid\u00e9r\u00e9 comme le plus grand magasin d&rsquo;Europe centrale vendant des CD, DVD, disques, cassettes MC et cassettes vid\u00e9o.<\/p>\n<p>Divers caf\u00e9s et restaurants vous invitent \u00e0 la d\u00e9tente, dont une branche de la c\u00e9l\u00e8bre cha\u00eene de pizzas Coloseum Pizzeria.<\/p>\n<ul>\n<li><strong>Comment s&rsquo;y rendre :&nbsp;<\/strong> Situ\u00e9 sur la place Venceslas, le palais Koruna est facilement accessible en m\u00e9tro, ligne jaune B et ligne verte A &#8211; station M\u016fstek. De l\u00e0, il n&rsquo;y a que quelques minutes \u00e0 pied.<\/li>\n<\/ul>\n<h2 id=\"t-1670611041512\">9. Arcades de Pankr\u00e1c<\/h2>\n<p><span><img decoding=\"async\" alt=\"Arcades Pankr\u00e1c \u00e0 Prague\" data-id=\"2485\" width=\"702\" data-init-width=\"1000\" height=\"430\" data-init-height=\"613\" title=\"Arcades Pankr\u00e1c \u00e0 Prague\" loading=\"lazy\" src=\"http:\/\/praguetouristinformation.com\/wp-content\/uploads\/2020\/12\/Arkady-Pankrac.jpg\" data-width=\"702\" data-height=\"430\" data-pin-media=\"http:\/\/praguetouristinformation.com\/wp-content\/uploads\/2021\/02\/14.jpg\" data-pin-description=\"9 Meilleurs Centres Commerciaux \u00e0 Prague [avec carte] - 2022\" data-pin-url=\"https:\/\/praguetouristinformation.com\/fr\/shopping\/centres-commerciaux?tve=true&amp;tcbf=653ee5414e\" data-pinpro-key=\"8k2xqtg1k\" style=\"aspect-ratio: auto 1000 \/ 613;\"><\/span><\/p>\n<p>Ark\u00e1dy Pankr\u00e1c est situ\u00e9 dans le 4\u00e8me arrondissement de Prague au sud de la ville et est l&rsquo;un des plus grands et des plus jeunes centres commerciaux de Prague. La mode et les accessoires sont principalement propos\u00e9s ici. Des marques bien connues telles que Pierre Cardin, Calvin Klein, Guess by Marciano, Pierre Cardin, DKNY, Next, Gant, H&amp;M et Mango peuvent \u00eatre trouv\u00e9es ici. Il y a un total de 9 magasins de chaussures diff\u00e9rents.<\/p>\n<p>Une aire de restauration veille au bien-\u00eatre physique des convives, dont une succursale du restaurant libanais Safir.<\/p>\n<ul>\n<li><strong>Comment s&rsquo;y rendre :&nbsp;<\/strong> Ark\u00e1dy Pankr\u00e1c est facilement accessible en m\u00e9tro, ligne rouge C, arr\u00eat Pankr\u00e1c. Il y a un acc\u00e8s direct depuis la station de m\u00e9tro<\/li>\n<\/ul>\n<p style=\"text-align: center;\"><a href=\"https:\/\/www.google.com\/maps\/d\/u\/1\/viewer?hl=en&amp;mid=1yPx4SmQ5bcqwlT5wM0qRUI0zHBtH8wlf&amp;ll=50.070083002590614%2C14.442717049999985&amp;z=14\" target=\"_blank\" rel=\"noopener\">(lien vers la carte)<\/a><\/p>\n","protected":false},"excerpt":{"rendered":"<p>Voici une s\u00e9lection de centres commerciaux int\u00e9ressants \u00e0 Prague. Ils sont tr\u00e8s populaires \u00e0 Prague. Il y a plus de centres commerciaux par m\u00e8tre carr\u00e9 et par habitant que dans n&rsquo;importe quelle autre capitale europ\u00e9enne. M\u00eame Londres est en retard sur Prague. Bon nombre des meilleurs grands magasins sont construits directement au-dessus ou \u00e0 proximit\u00e9 [&hellip;]<\/p>\n","protected":false},"author":6,"featured_media":2476,"parent":765,"menu_order":0,"comment_status":"open","ping_status":"closed","template":"","meta":{"footnotes":""},"categories":[],"tags":[30,34],"class_list":["post-200","page","type-page","status-publish","has-post-thumbnail","hentry","tag-lifestyle","tag-shopping","post-wrapper","thrv_wrapper"],"_links":{"self":[{"href":"https:\/\/praguetouristinformation.com\/fr\/wp-json\/wp\/v2\/pages\/200","targetHints":{"allow":["GET"]}}],"collection":[{"href":"https:\/\/praguetouristinformation.com\/fr\/wp-json\/wp\/v2\/pages"}],"about":[{"href":"https:\/\/praguetouristinformation.com\/fr\/wp-json\/wp\/v2\/types\/page"}],"author":[{"embeddable":true,"href":"https:\/\/praguetouristinformation.com\/fr\/wp-json\/wp\/v2\/users\/6"}],"replies":[{"embeddable":true,"href":"https:\/\/praguetouristinformation.com\/fr\/wp-json\/wp\/v2\/comments?post=200"}],"version-history":[{"count":6,"href":"https:\/\/praguetouristinformation.com\/fr\/wp-json\/wp\/v2\/pages\/200\/revisions"}],"predecessor-version":[{"id":5065,"href":"https:\/\/praguetouristinformation.com\/fr\/wp-json\/wp\/v2\/pages\/200\/revisions\/5065"}],"up":[{"embeddable":true,"href":"https:\/\/praguetouristinformation.com\/fr\/wp-json\/wp\/v2\/pages\/765"}],"wp:featuredmedia":[{"embeddable":true,"href":"https:\/\/praguetouristinformation.com\/fr\/wp-json\/wp\/v2\/media\/2476"}],"wp:attachment":[{"href":"https:\/\/praguetouristinformation.com\/fr\/wp-json\/wp\/v2\/media?parent=200"}],"wp:term":[{"taxonomy":"category","embeddable":true,"href":"https:\/\/praguetouristinformation.com\/fr\/wp-json\/wp\/v2\/categories?post=200"},{"taxonomy":"post_tag","embeddable":true,"href":"https:\/\/praguetouristinformation.com\/fr\/wp-json\/wp\/v2\/tags?post=200"}],"curies":[{"name":"wp","href":"https:\/\/api.w.org\/{rel}","templated":true}]}}