{"id":1779,"date":"2020-11-17T09:10:26","date_gmt":"2020-11-17T09:10:26","guid":{"rendered":"http:\/\/praguetouristinformation.com\/?page_id=1779"},"modified":"2023-05-04T12:48:12","modified_gmt":"2023-05-04T12:48:12","slug":"mur-john-lennon","status":"publish","type":"page","link":"https:\/\/praguetouristinformation.com\/fr\/choses-a-faire\/petite-ville\/mur-john-lennon","title":{"rendered":"Guide du mur John Lennon : Infos, street art et histoire"},"content":{"rendered":"<h3>Le mur John Lennon \u00e0 Prague est plus qu&rsquo;une peinture murale color\u00e9e pleine d&rsquo;art de rue.<\/h3>\n<p>Il est consid\u00e9r\u00e9 comme un symbole de paix, d&rsquo;amour et de libert\u00e9 et est l&rsquo;un des <a href=\"https:\/\/praguetouristinformation.com\/fr\/choses-a-faire\" style=\"outline: none;\">sites touristiques les plus populaires de Prague<\/a> .<\/p>\n<p>Apprenez tout sur les sites et l&rsquo;histoire de l&rsquo;attraction de Prague dans ce guide complet du mur John Lennon. Vous pouvez \u00e9galement lire les r\u00e9ponses aux questions fr\u00e9quemment pos\u00e9es sur le mur et des informations utiles sur la fa\u00e7on de s&rsquo;y rendre, l&rsquo;admission et les visites guid\u00e9es.<\/p>\n<p>Nous y voil\u00e0!<\/p>\n<h2 id=\"t-1670400726600\">Que puis-je faire au mur John Lennon&nbsp;?<\/h2>\n<p><span><img decoding=\"async\" alt=\"Que puis-je faire \u00e0 John Lennon Wall \u00e0 Prague?\" data-id=\"1811\" width=\"702\" data-init-width=\"1000\" height=\"468\" data-init-height=\"667\" title=\"Que puis-je faire \u00e0 John Lennon Wall \u00e0 Prague?\" src=\"http:\/\/praguetouristinformation.com\/wp-content\/uploads\/2020\/11\/What-can-I-do-at-John-Lennon-Wall.jpg\" data-width=\"702\" data-height=\"468\" loading=\"lazy\" data-pin-media=\"http:\/\/praguetouristinformation.com\/wp-content\/uploads\/2021\/02\/44.jpg\" data-pin-description=\"Guide zur John Lennon Wall: Infos, Geschichte &amp; Anfahrt 2022\" data-pin-url=\"http:\/\/praguetouristinformation.com\/sehenswuerdigkeiten\/kleinseite\/john-lennon-wall?tve=true&amp;tcbf=e8b25a02bb\" data-pinpro-key=\"ag7o9xggn\"><\/span><\/p>\n<p>V\u00e9ritable p\u00f4le d&rsquo;attraction touristique, le John Lennon Wall non loin du <a href=\"https:\/\/praguetouristinformation.com\/fr\/choses-a-faire\/le-pont-charles\" style=\"outline: none;\">pont Charles<\/a> attire les touristes du monde entier. Les visiteurs peuvent non seulement admirer un mur color\u00e9 plein de graffitis, mais aussi d\u00e9couvrir un morceau vivant de l&rsquo;histoire contemporaine.<\/p>\n<p>En tant que morceau de l&rsquo;histoire de Prague, le mur a \u00e9t\u00e9 orn\u00e9 d&rsquo;innombrables graffitis et messages depuis la mort du musicien des Beatles John Lennon en 1980. Initialement, ceux-ci \u00e9taient principalement critiques \u00e0 l&rsquo;\u00e9gard du gouvernement et r\u00e9clamant la libert\u00e9, aujourd&rsquo;hui, ils traitent principalement de paix et d&rsquo;amour.<\/p>\n<p>Les graffitis et les messages ont \u00e9t\u00e9 constamment remplac\u00e9s par de nouveaux au fil du temps et continuent de le faire aujourd&rsquo;hui. Le portrait original de John Lennon qui a commenc\u00e9 l&rsquo;histoire du Mur a depuis longtemps \u00e9t\u00e9 recouvert de couches de peinture. Cependant, les paroles des Beatles et les r\u00e9f\u00e9rences \u00e0 John Lennon peuvent toujours \u00eatre red\u00e9couvertes.<\/p>\n<p>Aujourd&rsquo;hui, le mur John Lennon est une sorte de galerie \u00e0 ciel ouvert, pr\u00e9servant la m\u00e9moire de John Lennon et l&rsquo;histoire riche en symboles du mur.<\/p>\n<p><span><img decoding=\"async\" alt=\"Entr\u00e9e, billets et visites pour John Lennon Wall Prague\" data-id=\"1812\" width=\"702\" data-init-width=\"1000\" height=\"468\" data-init-height=\"667\" title=\"Entr\u00e9e, billets et visites pour John Lennon Wall Prague\" src=\"http:\/\/praguetouristinformation.com\/wp-content\/uploads\/2020\/11\/Entrance-Tickets-and-Tours-for-John-Lennon-Wall.jpg\" data-width=\"702\" data-height=\"468\" loading=\"lazy\" data-pin-media=\"http:\/\/praguetouristinformation.com\/wp-content\/uploads\/2021\/02\/44.jpg\" data-pin-description=\"Guide zur John Lennon Wall: Infos, Geschichte &amp; Anfahrt 2022\" data-pin-url=\"http:\/\/praguetouristinformation.com\/sehenswuerdigkeiten\/kleinseite\/john-lennon-wall?tve=true&amp;tcbf=e8b25a02bb\" data-pinpro-key=\"lvzdv2l7i\"><\/span><\/p>\n<h2 id=\"t-1670400726601\">Entr\u00e9e, billets et visites pour le mur John Lennon<\/h2>\n<ul>\n<li><span style=\"\"><strong>Entr\u00e9e :<\/strong> Le John Lennon Wall peut \u00eatre visit\u00e9 enti\u00e8rement gratuitement.<\/span><\/li>\n<li><span style=\"\"><strong>Visite guid\u00e9e :&nbsp;<\/strong> Il existe de nombreuses visites \u00e0 pied et visites guid\u00e9es qui emm\u00e8nent les visiteurs au mur de John Lennon et racontent le pass\u00e9 tumultueux.<\/span><\/li>\n<\/ul>\n<p><span><img decoding=\"async\" alt=\"Comment se rendre \u00e0 Mur John Lennon, Prague\" data-id=\"1813\" width=\"702\" data-init-width=\"1000\" height=\"468\" data-init-height=\"667\" title=\"Comment se rendre \u00e0 Mur John Lennon, Prague\" src=\"http:\/\/praguetouristinformation.com\/wp-content\/uploads\/2020\/11\/How-to-get-to-John-Lennon-Wall.jpg\" data-width=\"702\" data-height=\"468\" loading=\"lazy\" data-pin-media=\"http:\/\/praguetouristinformation.com\/wp-content\/uploads\/2021\/02\/44.jpg\" data-pin-description=\"Guide zur John Lennon Wall: Infos, Geschichte &amp; Anfahrt 2022\" data-pin-url=\"http:\/\/praguetouristinformation.com\/sehenswuerdigkeiten\/kleinseite\/john-lennon-wall?tve=true&amp;tcbf=e8b25a02bb\" data-pinpro-key=\"8tbs16ygf\"><\/span><\/p>\n<h2 id=\"t-1670400726602\">Comment se rendre au mur John Lennon ?<\/h2>\n<p>Le mur John Lennon est situ\u00e9 dans <a href=\"http:\/\/praguetouristinformation.com\/sehenswuerdigkeiten\/kleinseite\" style=\"outline: none;\">la ville basse de Prague<\/a> , tout pr\u00e8s du pont Charles. Le Mur se trouve \u00e0 5 minutes \u00e0 pied du pont Charles.<\/p>\n<p>Depuis <a href=\"https:\/\/praguetouristinformation.com\/fr\/choses-a-faire\/vieille-ville\/place-de-la-vieille-ville\" style=\"outline: none;\">la place de la vieille ville,<\/a> vous pouvez rejoindre le mur John Lennon en 15 minutes \u00e0 pied ou en bus ligne 194, en descendant \u00e0 l&rsquo;arr\u00eat \u00ab\u00a0Malostransk\u00e9 n\u00e1m\u011bst\u00ed\u00a0\u00bb.<\/p>\n<p><span><img decoding=\"async\" alt=\"Foire aux questions pour le mur John Lennon, Prague\" data-id=\"1814\" width=\"702\" data-init-width=\"1000\" height=\"468\" data-init-height=\"667\" title=\"Foire aux questions pour le mur John Lennon, Prague\" src=\"http:\/\/praguetouristinformation.com\/wp-content\/uploads\/2020\/11\/Frequently-Asked-Questions-for-John-Lennon-Wall.jpg\" data-width=\"702\" data-height=\"468\" loading=\"lazy\" data-pin-media=\"http:\/\/praguetouristinformation.com\/wp-content\/uploads\/2021\/02\/44.jpg\" data-pin-description=\"Guide zur John Lennon Wall: Infos, Geschichte &amp; Anfahrt 2022\" data-pin-url=\"http:\/\/praguetouristinformation.com\/sehenswuerdigkeiten\/kleinseite\/john-lennon-wall?tve=true&amp;tcbf=e8b25a02bb\" data-pinpro-key=\"jrzzze636\"><\/span><\/p>\n<h2 id=\"t-1670400726603\">FAQ (Foire aux questions sur le mur John Lennon)<\/h2>\n<p><span><img decoding=\"async\" alt=\"Histoire du mur John Lennon, Prague\" data-id=\"1815\" width=\"702\" data-init-width=\"1000\" height=\"468\" data-init-height=\"667\" title=\"Histoire du mur John Lennon, Prague\" src=\"http:\/\/praguetouristinformation.com\/wp-content\/uploads\/2020\/11\/History-of-the-John-Lennon-Wall.jpg\" data-width=\"702\" data-height=\"468\" loading=\"lazy\" data-pin-media=\"http:\/\/praguetouristinformation.com\/wp-content\/uploads\/2021\/02\/44.jpg\" data-pin-description=\"Guide zur John Lennon Wall: Infos, Geschichte &amp; Anfahrt 2022\" data-pin-url=\"http:\/\/praguetouristinformation.com\/sehenswuerdigkeiten\/kleinseite\/john-lennon-wall?tve=true&amp;tcbf=e8b25a02bb\" data-pinpro-key=\"txowkmqw6\"><\/span><\/p>\n<h2 id=\"t-1670400726604\">Histoire du mur John Lennon<\/h2>\n<p>Le mur John Lennon a \u00e9t\u00e9 un lieu de protestation contre le r\u00e9gime communiste d\u00e8s les ann\u00e9es 1970. \u00c0 l&rsquo;\u00e9poque, le mur \u00e9tait connu sous le nom de mur des lamentations et \u00e9tait parfois griffonn\u00e9 d&rsquo;inscriptions.<\/p>\n<p>Apr\u00e8s l&rsquo;assassinat de John Lennon en d\u00e9cembre 1980, des inconnus ont peint le portrait du chanteur et des citations de ses chansons sur le mur la nuit. Lennon \u00e9tait consid\u00e9r\u00e9 comme un h\u00e9ros de la jeunesse tch\u00e8que \u00e0 Prague avec ses chansons de protestation politique sur des th\u00e8mes tels que la libert\u00e9 et \u00e9tait &#8211; comme la musique occidentale en g\u00e9n\u00e9ral &#8211; une \u00e9pine dans le pied du r\u00e9gime communiste.<\/p>\n<p>Ce qui a commenc\u00e9 comme un lieu de deuil s&rsquo;est progressivement transform\u00e9 en une protestation silencieuse contre le gouvernement communiste et des appels \u00e0 plus de libert\u00e9. De plus en plus de paroles et de photos des Beatles ont \u00e9t\u00e9 immortalis\u00e9es sur le mur.<\/p>\n<p>Afin de mettre un terme aux id\u00e9es anti-gouvernementales et pro-libertaires, le r\u00e9gime communiste a fait repeindre compl\u00e8tement le mur \u00e0 plusieurs reprises. Mais le mur \u00e9tait toujours couvert de nouveaux graffitis et inscriptions. En 1988, il y a m\u00eame eu des affrontements avec la police de s\u00e9curit\u00e9 et des arrestations lorsque des \u00e9tudiants ont \u00e9crit sur le mur leur m\u00e9contentement \u00e0 l&rsquo;\u00e9gard du gouvernement.<\/p>\n<p>Le mur John Lennon a \u00e9t\u00e9 blanchi pour la derni\u00e8re fois par le gouvernement en 1998 et par un groupe d&rsquo;art de rue en 2014. Comme auparavant, la situation n&rsquo;a pas dur\u00e9 longtemps et de nombreux graffitis et messages ornaient \u00e0 nouveau le mur. Aujourd&rsquo;hui encore, de nouveaux graffitis sont constamment ajout\u00e9s et remplacent les anciens.<\/p>\n<p>Le mur John Lennon repr\u00e9sente d\u00e9sormais des id\u00e9aux tels que la paix, l&rsquo;amour et la libert\u00e9. C&rsquo;est un hotspot populaire pour les selfies, en particulier chez les jeunes.<\/p>\n<h2 id=\"t-1670400726605\">Contacter:<\/h2>\n<ul>\n<li><span style=\"\"><strong>Adresse :&nbsp;<\/strong> John Lennon Wall, Velkop\u0159evorsk\u00e9 n\u00e1m\u011bst\u00ed, 118 00 Prague 1 &#8211; Mal\u00e1 Strana<\/span><\/li>\n<li style=\"\"><span style=\"\"><strong>Site Web :&nbsp; <\/strong><a href=\"https:\/\/www.google.de\/maps\/place\/John+Lennon+Wall\/@50.0888772,14.4079549,16z\/data=!4m12!1m6!3m5!1s0x0:0x47fac776113df4ff!2sJohn+Lennon+Wall!8m2!3d50.0862506!4d14.4067918!3m4!1s0x0:0x47fac776113df4ff!8m2!3d50.0862506!4d14.4067918\" style=\"outline: none;\" target=\"_blank\" data-lt-tmp-id=\"lt-658185\" spellcheck=\"false\" rel=\"noopener\">lien Google Maps du mur John Lennon<\/a><a href=\"https:\/\/www.google.de\/maps\/place\/John+Lennon+Wall\/@50.0888772,14.4079549,16z\/data=!4m12!1m6!3m5!1s0x0:0x47fac776113df4ff!2sJohn+Lennon+Wall!8m2!3d50.0862506!4d14.4067918!3m4!1s0x0:0x47fac776113df4ff!8m2!3d50.0862506!4d14.4067918\" style=\"outline: none;\" target=\"_blank\" data-lt-tmp-id=\"lt-658185\" spellcheck=\"false\" rel=\"noopener\"><\/a><\/span><\/li>\n<\/ul>\n<ul>\n<li><span style=\"\"><strong>Transport en commun :&nbsp;<\/strong>&nbsp;En bus 194 jusqu&rsquo;\u00e0 \u00ab\u00a0Malostransk\u00e9 n\u00e1m\u011bst\u00ed\u00a0\u00bb<\/span><\/li>\n<\/ul>\n<ul>\n<li><span style=\"\"><strong>Heures d&rsquo;ouverture :&nbsp;<\/strong> Le mur John Lennon peut \u00eatre visit\u00e9 24 heures sur 24.<\/span><\/li>\n<\/ul>\n","protected":false},"excerpt":{"rendered":"<p>Le mur John Lennon \u00e0 Prague est plus qu&rsquo;une peinture murale color\u00e9e pleine d&rsquo;art de rue. Il est consid\u00e9r\u00e9 comme un symbole de paix, d&rsquo;amour et de libert\u00e9 et est l&rsquo;un des sites touristiques les plus populaires de Prague . Apprenez tout sur les sites et l&rsquo;histoire de l&rsquo;attraction de Prague dans ce guide complet [&hellip;]<\/p>\n","protected":false},"author":6,"featured_media":1817,"parent":740,"menu_order":0,"comment_status":"closed","ping_status":"closed","template":"","meta":{"footnotes":""},"categories":[],"tags":[19],"class_list":["post-1779","page","type-page","status-publish","has-post-thumbnail","hentry","tag-sehenswuerdigkeiten","post-wrapper","thrv_wrapper"],"_links":{"self":[{"href":"https:\/\/praguetouristinformation.com\/fr\/wp-json\/wp\/v2\/pages\/1779","targetHints":{"allow":["GET"]}}],"collection":[{"href":"https:\/\/praguetouristinformation.com\/fr\/wp-json\/wp\/v2\/pages"}],"about":[{"href":"https:\/\/praguetouristinformation.com\/fr\/wp-json\/wp\/v2\/types\/page"}],"author":[{"embeddable":true,"href":"https:\/\/praguetouristinformation.com\/fr\/wp-json\/wp\/v2\/users\/6"}],"replies":[{"embeddable":true,"href":"https:\/\/praguetouristinformation.com\/fr\/wp-json\/wp\/v2\/comments?post=1779"}],"version-history":[{"count":0,"href":"https:\/\/praguetouristinformation.com\/fr\/wp-json\/wp\/v2\/pages\/1779\/revisions"}],"up":[{"embeddable":true,"href":"https:\/\/praguetouristinformation.com\/fr\/wp-json\/wp\/v2\/pages\/740"}],"wp:featuredmedia":[{"embeddable":true,"href":"https:\/\/praguetouristinformation.com\/fr\/wp-json\/wp\/v2\/media\/1817"}],"wp:attachment":[{"href":"https:\/\/praguetouristinformation.com\/fr\/wp-json\/wp\/v2\/media?parent=1779"}],"wp:term":[{"taxonomy":"category","embeddable":true,"href":"https:\/\/praguetouristinformation.com\/fr\/wp-json\/wp\/v2\/categories?post=1779"},{"taxonomy":"post_tag","embeddable":true,"href":"https:\/\/praguetouristinformation.com\/fr\/wp-json\/wp\/v2\/tags?post=1779"}],"curies":[{"name":"wp","href":"https:\/\/api.w.org\/{rel}","templated":true}]}}