{"id":1109,"date":"2020-10-26T09:54:29","date_gmt":"2020-10-26T09:54:29","guid":{"rendered":"http:\/\/praguetouristinformation.com\/?page_id=1109"},"modified":"2025-08-07T09:16:13","modified_gmt":"2025-08-07T09:16:13","slug":"marches","status":"publish","type":"page","link":"https:\/\/praguetouristinformation.com\/fr\/shopping\/marches","title":{"rendered":"5 Meilleurs march\u00e9s de Prague : informations, conseils et visites"},"content":{"rendered":"<p data-pm-slice=\"1 1 []\">Les march\u00e9s de Prague ont beaucoup \u00e0 offrir : des produits frais, des sp\u00e9cialit\u00e9s locales, des souvenirs typiques du pays et de l&rsquo;artisanat traditionnel.<\/p>\n<p>Ils offrent \u00e9galement un aper\u00e7u authentique de la culture tch\u00e8que.<\/p>\n<p>Dans notre liste des 5 meilleurs march\u00e9s de Prague, vous serez en mesure de trouver les meilleures chutes possible.<\/p>\n<h2 style=\"\">Prague Visitor Pass<\/h2>\n<p data-pm-slice=\"1 1 []\" style=\"\">Le Prague Visitor Pass vous donne acc\u00e8s aux principales attractions, mus\u00e9es et aux transports publics de la ville \u2013 id\u00e9al pour d\u00e9couvrir Prague en toute flexibilit\u00e9 et efficacit\u00e9.<\/p>\n<p style=\"\">Utilisez notre code de r\u00e9duction exclusif <strong>pragueti5<\/strong> pour b\u00e9n\u00e9ficier de <strong>5 % de remise !<\/strong><\/p>\n<p>__CONFIG_colors_palette__{\u00ab\u00a0active_palette\u00a0\u00bb:0,\u00a0\u00bbconfig\u00a0\u00bb:{\u00ab\u00a0colors\u00a0\u00bb:{\u00ab\u00a0110d6\u00a0\u00bb:{\u00ab\u00a0name\u00a0\u00bb:\u00a0\u00bbMain Accent\u00a0\u00bb,\u00a0\u00bbparent\u00a0\u00bb:-1}},\u00a0\u00bbgradients\u00a0\u00bb:[]},\u00a0\u00bbpalettes\u00a0\u00bb:[{\u00ab\u00a0name\u00a0\u00bb:\u00a0\u00bbDefault Palette\u00a0\u00bb,\u00a0\u00bbvalue\u00a0\u00bb:{\u00ab\u00a0colors\u00a0\u00bb:{\u00ab\u00a0110d6\u00a0\u00bb:{\u00ab\u00a0val\u00a0\u00bb:\u00a0\u00bbvar(e8c68)\u00a0\u00bb}},\u00a0\u00bbgradients\u00a0\u00bb:[]},\u00a0\u00bboriginal\u00a0\u00bb:{\u00ab\u00a0colors\u00a0\u00bb:{\u00ab\u00a0110d6\u00a0\u00bb:{\u00ab\u00a0val\u00a0\u00bb:\u00a0\u00bbrgb(19, 114, 211)\u00a0\u00bb,\u00a0\u00bbhsl\u00a0\u00bb:{\u00ab\u00a0h\u00a0\u00bb:210,\u00a0\u00bbs\u00a0\u00bb:0.83,\u00a0\u00bbl\u00a0\u00bb:0.45}}},\u00a0\u00bbgradients\u00a0\u00bb:[]}}]}__CONFIG_colors_palette__ <a href=\"https:\/\/praguevisitorpass.eu\/?lang=fr-fr\" style=\"font-size: var(--tve-font-size, 14px) !important;\" target=\"_blank\" rel=\"noopener\"><span style=\"\">    <\/span> <span style=\"\"><span>Plus d\u2019infos<\/span><\/span> <\/a>  <\/p>\n<h2 id=\"t-1670400875105\">1. Havel (Havelmarkt)<\/h2>\n<p><span><img decoding=\"async\" alt=\"\" data-id=\"3593\" width=\"688\" data-init-width=\"1000\" height=\"459\" data-init-height=\"667\" title=\"Havels, Markt, Stra\u00dfe, Schild, In, Prague\" loading=\"lazy\" src=\"http:\/\/praguetouristinformation.com\/wp-content\/uploads\/2022\/12\/Havelske-trziste-in-Prague.jpg\" data-width=\"688\" data-height=\"459\" data-pinpro-key=\"ndocgm77r\" style=\"aspect-ratio: auto 1000 \/ 667;\"><\/span><\/p>\n<p>Le Havelmarkt de1232 est le meilleur march\u00e9 pour les touristes de Prague. Beihm handelt es sich um den einzig erhalten gebliebenen Markt in der Altstadt. Recherchez le march\u00e9 traditionnel entre la&nbsp;<a href=\"http:\/\/praguetouristinformation.com\/sehenswuerdigkeiten\/altstadt\/wenzelsplatz\" style=\"outline: none;\">Wenzelsplatz<\/a> et l&rsquo; <a href=\"http:\/\/praguetouristinformation.com\/sehenswuerdigkeiten\/altstadt\/altstaedter-ring\">Altst\u00e4dter Ring<\/a> .<\/p>\n<p>Neben frischem Obst und Gem\u00fcse gibt es auch unz\u00e4hlige traditionnel Souvenirs, Kunsthandwerk, Textilien et tschechische Spezialit\u00e4ten. La croyance des touristes est l&rsquo;Oblat de Karlsbad dans les variations sous-entendues et le Mitbringsel typiquement tschechischen. Le Havelmarkt est tr\u00e8s bien situ\u00e9.<\/p>\n<ul>\n<li><strong><a href=\"https:\/\/www.google.com\/maps\/place\/Havelsk%C3%A9+tr%C5%BEi%C5%A1t%C4%9B\/@50.0851687,14.4203971,18z\/data=!4m13!1m7!3m6!1s0x470b94eea13ccf83:0x2ab0c7a110b8f5aa!2zSGF2ZWxza8OhLCAxMTAgMDAgU3RhcsOpIE3Em3N0bywgVHNjaGVjaGllbg!3b1!8m2!3d50.085167!4d14.4214914!3m4!1s0x470b94ee9047d2a7:0x611c95a9156c477c!8m2!3d50.0847597!4d14.4209558\" target=\"_blank\" style=\"outline: none;\" rel=\"noopener\">Adresse :<\/a> <\/strong> Havelsk\u00e1 13, 110 00 Star\u00e9 M\u011bsto, Tch\u00e9quie<\/li>\n<\/ul>\n<h2 id=\"t-1670400875106\" data-alt-text=\"2. Markthalle \">2. Markthalle (Pra\u017esk\u00e1 tr\u017enice)<\/h2>\n<p><span><img decoding=\"async\" alt=\"\" data-id=\"3705\" width=\"688\" data-init-width=\"1000\" height=\"459\" data-init-height=\"667\" title=\"Gros, Auswahl, von, Bunten, S\u00fc\u00dfigkeiten, et, Schokolade, S\u00fc\u00dfigkeiten, f\u00fcr, Verkauf\" loading=\"lazy\" src=\"http:\/\/praguetouristinformation.com\/wp-content\/uploads\/2022\/12\/prague-market-.jpg\" data-width=\"688\" data-height=\"459\" data-pinpro-key=\"u8j4pnz8g\" style=\"aspect-ratio: auto 1000 \/ 667;\"><\/span><\/p>\n<p>Les magasins de vente au d\u00e9tail de la Prager Markthalle sont verrouill\u00e9s avec un seul petit magasin comme des aliments, des saucisses, des g\u00e2teaux, des fleurs, des ustensiles de cuisine, des v\u00eatements, des articles de cuisine et des souvenirs. Le march\u00e9 le plus proche de la ville de Hole\u0161ovice est situ\u00e9 dans le grand march\u00e9 aux pierres pr\u00e9cieuses (dans la Halle n\u00b0 22), avec une atmosph\u00e8re de march\u00e9 unique.<\/p>\n<p>La Prager Markthalle a \u00e9t\u00e9 ouverte de 8 \u00e0 20 heures et est arriv\u00e9e dans un endroit chaud et chaud de l&rsquo;ann\u00e9e 1890. Le march\u00e9 est situ\u00e9 \u00e0 proximit\u00e9 des lieux touristiques et touristiques.<\/p>\n<ul>\n<li><a href=\"https:\/\/www.google.com\/maps\/place\/The+Prague+Market\/@50.1007448,14.4465187,14z\/data=!4m12!1m6!3m5!1s0x0:0x9fd94120a3633220!2sThe+Prague+Market!8m2!3d50.0994427!4d14.4464004!3m4!1s0x0:0x9fd94120a3633220!8m2!3d50.0994427!4d14.4464004\" target=\"_blank\" style=\"outline: none;\" rel=\"noopener\"><b>Adresse :<\/b><\/a> Bubensk\u00e9 n\u00e1b\u0159. 306, 170 00 Praha 7-Hole\u0161ovice, Tch\u00e9tch\u00e8ne<\/li>\n<\/ul>\n<h2 id=\"t-1670400875107\" data-alt-text=\"3. Bauernmarkt N\u00e1plavka \">3. Bauernmarkt N\u00e1plavka (Farm\u00e1\u0159sk\u00e9 trhy na N\u00e1plavce)<\/h2>\n<p><span><img decoding=\"async\" alt=\"\" data-id=\"3704\" width=\"688\" data-init-width=\"1000\" height=\"430\" data-init-height=\"625\" title=\"Korb,mit,frisch,saftig,Beeren,auf,Bauer,Markt.,Nahaufnahme,von\" loading=\"lazy\" src=\"http:\/\/praguetouristinformation.com\/wp-content\/uploads\/2022\/12\/prague-farmers-market.jpg\" data-width=\"688\" data-height=\"430\" data-pinpro-key=\"7qqahdvhj\" style=\"aspect-ratio: auto 1000 \/ 625;\"><\/span><\/p>\n<p>Le march\u00e9 de l&rsquo;usine est situ\u00e9 \u00e0 proximit\u00e9 des marques de commerce les plus r\u00e9put\u00e9es. Nur 20 Minuten von der <a href=\"http:\/\/praguetouristinformation.com\/sehenswuerdigkeiten\/altstadt\" style=\"outline: none;\">Prager Altstadt<\/a> entfernt, besticht der Bauernmarkt mit Blick on die Moldau mit hochwertigem Kunsthandwerk, Regionalem Bio-Obst und Gem\u00fcse sowie mit nach alter Tradition hergestelltem Brot, Wein and Backwaren.<\/p>\n<p>Kleine Imbissbuden versorgen den kleinen Hunger. Der Markt N\u00e1plavka bietet seine Waren jeden Samstag ab 8 Uhr feil.<\/p>\n<ul>\n<li><a href=\"https:\/\/www.google.com\/maps\/place\/Bauernmarkt\/@50.0706543,14.4140152,18.5z\/data=!4m5!3m4!1s0x0:0xbe27b6c2d22d02c2!8m2!3d50.070581!4d14.414094\" target=\"_blank\" style=\"outline: none;\" rel=\"noopener\"><b>Adresse<\/b><\/a><b> :&nbsp;<\/b> n\u00e1plavka Ra\u0161\u00ednova n\u00e1b\u0159e\u017e\u00ed, Praha 2, 120 00 Praha 2, Tch\u00e9tch\u00e8ne<\/li>\n<\/ul>\n<h2 id=\"t-1670400875108\" data-alt-text=\"4. Flohmarkt U Elektry \">4. Flohmarkt U Elektry (BLE\u0160\u00cd TRHY Praha)<\/h2>\n<p><span><img decoding=\"async\" alt=\"\" data-id=\"3706\" width=\"688\" data-init-width=\"1000\" height=\"459\" data-init-height=\"667\" title=\"Jahrgang, Gebraucht, Dinge, Auf, A, Stra\u00dfe, Floh, Markt, In, Prag,\" loading=\"lazy\" src=\"http:\/\/praguetouristinformation.com\/wp-content\/uploads\/2022\/12\/prague-flea-market.jpg\" data-width=\"688\" data-height=\"459\" data-pinpro-key=\"ftksoib26\" style=\"aspect-ratio: auto 1000 \/ 667;\"><\/span><\/p>\n<p>Voir \u00e9galement le Flohmarkt U Elektry, selon Kolbenova, le grand Flohmarkt von Prag. Jedes Wochenende zieht der Flohmarkt in der Stra\u00dfe U Elektry \u00e0 Prag-Vyso\u010dany Schn\u00e4ppchenj\u00e4ger et <a href=\"http:\/\/praguetouristinformation.com\/shopping\" style=\"outline: none;\">Shopping<\/a> -Fans \u00e0 Prag an. Besucher*innen k\u00f6nnen auf einer Fl\u00e4che von more als 50.000 Quadratmetern alle m\u00f6glichen Kuriosit\u00e4ten, aber auch g\u00fcnstige Lebensmittel et wahre Sch\u00e4tze entdecken.<\/p>\n<p>Le Flohmarkt trouve des samstags et des sonntags de 6 \u00e0 14 heures et erhebt eine Eintrittsgeb\u00fchr. Une navette gratuite dessert la station de m\u00e9tro \u00ab\u00a0Hloub\u011bt\u00edn\u00a0\u00bb et le Flohmarkt.<\/p>\n<ul>\n<li><a href=\"https:\/\/www.google.com\/maps\/place\/Flea+market\/@50.1020679,14.5179677,17.75z\/data=!4m12!1m6!3m5!1s0x470becda9067cd9f:0x2e3010ce9e656f21!2sFlea+market!8m2!3d50.102068!4d14.5193126!3m4!1s0x470becda9067cd9f:0x2e3010ce9e656f21!8m2!3d50.102068!4d14.5193126\" target=\"_blank\" style=\"outline: none;\" rel=\"noopener\"><b>Adresse<\/b><\/a><b> :&nbsp;<\/b> U Elektry 7, 190 00 Praha 9, Tschechien<\/li>\n<\/ul>\n<h2 id=\"t-1670400875109\" data-alt-text=\"5. Bauernmarkt Kub\u00e1\u0148 \">5. Bauernmarkt Kub\u00e1\u0148 (Farm\u00e1\u0159sk\u00e9 tr\u017ei\u0161t\u011b Kub\u00e1\u0148)<\/h2>\n<p><span><img decoding=\"async\" alt=\"\" data-id=\"3707\" width=\"688\" data-init-width=\"1000\" height=\"459\" data-init-height=\"667\" title=\"Karotten,,Rettiche,und,Spinat,auf,der,Theke.\" loading=\"lazy\" src=\"http:\/\/praguetouristinformation.com\/wp-content\/uploads\/2022\/12\/kuban-farmers-market-prague.jpg\" data-width=\"688\" data-height=\"459\" data-pinpro-key=\"0cqgvarc0\" style=\"aspect-ratio: auto 1000 \/ 667;\"><\/span><\/p>\n<p>Ce march\u00e9 du Bauern se trouve au-dessus de la place Kub\u00e1nsk\u00e9 N\u00e1m\u011bst\u00ed dans le nouveau Prager Trendviertel Vr\u0161ovice. Besucher finden in dem beschaulichen Markt vor allem frische and hochwertige Produkte wie Obst, Gem\u00fcse, ger\u00e4uchertes Fleisch, K\u00e4se, Wein und Geb\u00e4ck.<\/p>\n<p>Hervorzuheben sind die Imbissst\u00e4nde mit einer Auswahl an lokalen K\u00f6stlichkeiten. Lors des grandes tentatives de vente au march\u00e9 du Bauernmarkt, il s&rsquo;agit d&rsquo;une atmosph\u00e8re authentique et d&rsquo;une sp\u00e9cialisation tschechischen dans une entreprise. Le Markt \u00f6ffnet jeden Dienstag, Donnerstag et Samstag seine Pforten.<\/p>\n<ul>\n<li><a href=\"https:\/\/www.google.com\/maps\/place\/Kub%C3%A1nsk%C3%A9+n%C3%A1m%C4%9Bst%C3%AD\/@50.071241,14.4776484,18.25z\/data=!4m8!1m2!2m1!1zS3Viw6Fuc2vDqSBuw6FtxJtzdMOtLCBQcmFnIDEwLVZyxaFvdmljZSwgVHNjaGVjaGllbg!3m4!1s0x470b9372e14cdd91:0x6775a8b7bfaef66f!8m2!3d50.0713784!4d14.47843951\" target=\"_blank\" rel=\"noopener\"><b>Adresse<\/b><\/a><b> :&nbsp;<\/b> Kub\u00e1nsk\u00e9 n\u00e1m., 100 00 Praha 10-Vr\u0161ovice, Tch\u00e9tch\u00e8ne<\/li>\n<\/ul>\n<h2 style=\"\" id=\"t-1670400875110\" data-alt-text=\"FAQ \">M\u00e4rkte in Prag FAQ (H\u00e4ufige Fragen)<\/h2>\n","protected":false},"excerpt":{"rendered":"<p>Les march\u00e9s de Prague ont beaucoup \u00e0 offrir : des produits frais, des sp\u00e9cialit\u00e9s locales, des souvenirs typiques du pays et de l&rsquo;artisanat traditionnel. Ils offrent \u00e9galement un aper\u00e7u authentique de la culture tch\u00e8que. Dans notre liste des 5 meilleurs march\u00e9s de Prague, vous serez en mesure de trouver les meilleures chutes possible. Prague Visitor [&hellip;]<\/p>\n","protected":false},"author":6,"featured_media":2851,"parent":765,"menu_order":0,"comment_status":"open","ping_status":"closed","template":"","meta":{"footnotes":""},"categories":[],"tags":[31,30,34],"class_list":["post-1109","page","type-page","status-publish","has-post-thumbnail","hentry","tag-essen","tag-lifestyle","tag-shopping","post-wrapper","thrv_wrapper"],"_links":{"self":[{"href":"https:\/\/praguetouristinformation.com\/fr\/wp-json\/wp\/v2\/pages\/1109","targetHints":{"allow":["GET"]}}],"collection":[{"href":"https:\/\/praguetouristinformation.com\/fr\/wp-json\/wp\/v2\/pages"}],"about":[{"href":"https:\/\/praguetouristinformation.com\/fr\/wp-json\/wp\/v2\/types\/page"}],"author":[{"embeddable":true,"href":"https:\/\/praguetouristinformation.com\/fr\/wp-json\/wp\/v2\/users\/6"}],"replies":[{"embeddable":true,"href":"https:\/\/praguetouristinformation.com\/fr\/wp-json\/wp\/v2\/comments?post=1109"}],"version-history":[{"count":3,"href":"https:\/\/praguetouristinformation.com\/fr\/wp-json\/wp\/v2\/pages\/1109\/revisions"}],"predecessor-version":[{"id":4970,"href":"https:\/\/praguetouristinformation.com\/fr\/wp-json\/wp\/v2\/pages\/1109\/revisions\/4970"}],"up":[{"embeddable":true,"href":"https:\/\/praguetouristinformation.com\/fr\/wp-json\/wp\/v2\/pages\/765"}],"wp:featuredmedia":[{"embeddable":true,"href":"https:\/\/praguetouristinformation.com\/fr\/wp-json\/wp\/v2\/media\/2851"}],"wp:attachment":[{"href":"https:\/\/praguetouristinformation.com\/fr\/wp-json\/wp\/v2\/media?parent=1109"}],"wp:term":[{"taxonomy":"category","embeddable":true,"href":"https:\/\/praguetouristinformation.com\/fr\/wp-json\/wp\/v2\/categories?post=1109"},{"taxonomy":"post_tag","embeddable":true,"href":"https:\/\/praguetouristinformation.com\/fr\/wp-json\/wp\/v2\/tags?post=1109"}],"curies":[{"name":"wp","href":"https:\/\/api.w.org\/{rel}","templated":true}]}}