{"id":1100,"date":"2020-10-26T09:36:54","date_gmt":"2020-10-26T09:36:54","guid":{"rendered":"http:\/\/praguetouristinformation.com\/?page_id=1100"},"modified":"2023-05-04T13:57:47","modified_gmt":"2023-05-04T13:57:47","slug":"quartiers","status":"publish","type":"page","link":"https:\/\/praguetouristinformation.com\/fr\/plan\/quartiers","title":{"rendered":"10 Quartiers de Prague : guide de l&#8217;h\u00e9bergement en voyage"},"content":{"rendered":"<h3 id=\"t-1670571338587\">Prague est divis\u00e9e en 10 quartiers.<\/h3>\n<p>Le district 1 est le centre-ville et donc le quartier le plus important de Prague.<\/p>\n<p>Les meilleurs quartiers o\u00f9 vivre lors d&rsquo;un city trip sont les quartiers 1 et 2.<\/p>\n<p>Nous d\u00e9crivons ici en d\u00e9tail les dix quartiers de Prague :<\/p>\n<h2 id=\"t-1670571338588\">Quartier 1 (Prague 1)<\/h2>\n<p><span><img decoding=\"async\" alt=\"Bezirk 1 (Prague 1)\" data-id=\"2335\" width=\"702\" data-init-width=\"1000\" height=\"468\" data-init-height=\"667\" title=\"Bezirk 1 (Prague 1)\" loading=\"lazy\" src=\"http:\/\/praguetouristinformation.com\/wp-content\/uploads\/2020\/12\/Bezirk-1-Praha-1.jpg\" data-width=\"702\" data-height=\"468\" data-pin-media=\"http:\/\/praguetouristinformation.com\/wp-content\/uploads\/2021\/02\/59.jpg\" data-pin-description=\"10 Quartiers de Prague : guide de l'h\u00e9bergement en voyage in 2022\" data-pin-url=\"https:\/\/praguetouristinformation.com\/fr\/plan\/quartiers?tve=true&amp;tcbf=1d49307baa\" data-pinpro-key=\"lsil03i5k\"><\/span><\/p>\n<p>Ce quartier est le centre-ville de Prague et LE lieu de vie pr\u00e9f\u00e9r\u00e9, en particulier pour les voyageurs novices. Il comprend la <a data-id=\"742\" data-type=\"page\" href=\"https:\/\/praguetouristinformation.com\/fr\/choses-a-faire\/vieille-ville\" style=\"outline: none;\">vieille ville<\/a> , le quartier juif et les zones adjacentes de la petite ville, le quartier du ch\u00e2teau de Hradcany et la nouvelle ville.<\/p>\n<p>En tant que c\u0153ur historique et culturel de la ville, le district 1 abrite <a data-id=\"247\" data-type=\"page\" href=\"https:\/\/praguetouristinformation.com\/fr\/choses-a-faire\/attractions\" style=\"outline: none;\">les principales attractions de Prague<\/a> . Il y a aussi un grand choix d&rsquo; <a data-id=\"763\" data-type=\"page\" href=\"https:\/\/praguetouristinformation.com\/fr\/hotel\" style=\"outline: none;\">h\u00f4tels<\/a> , de boutiques et d&rsquo;options de vie nocturne ainsi que la c\u00e9l\u00e8bre vie nocturne de Prague. Cependant, ne vous attendez pas \u00e0 beaucoup de silence.<\/p>\n<h2>Quartier&nbsp;2 (Prague 2)<\/h2>\n<p><span><img decoding=\"async\" alt=\"Bezirk 2 (Prague 2)\" data-id=\"2336\" width=\"702\" data-init-width=\"1000\" height=\"468\" data-init-height=\"667\" title=\"Bezirk 2 (Prague 2)\" loading=\"lazy\" src=\"http:\/\/praguetouristinformation.com\/wp-content\/uploads\/2020\/12\/Bezirk-2-Praha-2.jpg\" data-width=\"702\" data-height=\"468\" data-pin-media=\"http:\/\/praguetouristinformation.com\/wp-content\/uploads\/2021\/02\/59.jpg\" data-pin-description=\"10 Quartiers de Prague : guide de l'h\u00e9bergement en voyage in 2022\" data-pin-url=\"https:\/\/praguetouristinformation.com\/fr\/plan\/quartiers?tve=true&amp;tcbf=1d49307baa\" data-pinpro-key=\"1hutrramh\"><\/span><\/p>\n<p>Praha 2 se caract\u00e9rise par un bon emplacement, une offre culinaire vari\u00e9e et un certain nombre d&rsquo;\u00e9glises et de <a data-id=\"137\" data-type=\"page\" href=\"https:\/\/praguetouristinformation.com\/fr\/choses-a-faire\/musees\" style=\"outline: none;\">mus\u00e9es de Prague<\/a> . Il abrite le quartier de Vy\u0161ehrad \u00e0 proximit\u00e9 du centre avec le ch\u00e2teau du m\u00eame nom et la banlieue populaire de Vinohrady, qui regorge d&rsquo;excellents restaurants et d&rsquo;espaces verts.<\/p>\n<p>De plus, une partie de la nouvelle ville appartient au district 2. Comme Praha 2 est tr\u00e8s vallonn\u00e9e, il existe de nombreux endroits pour profiter de <a data-id=\"713\" data-type=\"page\" href=\"https:\/\/praguetouristinformation.com\/fr\/choses-a-faire\/points-de-vue\" style=\"outline: none;\">belles vues .<\/a><\/p>\n<h2>Quartier&nbsp;3 (Prague 3)<\/h2>\n<p><span><img decoding=\"async\" alt=\"Bezirk 3 (Prague 3)\" data-id=\"2337\" width=\"702\" data-init-width=\"1000\" height=\"468\" data-init-height=\"667\" title=\"Bezirk 3 (Prague 3)\" loading=\"lazy\" src=\"http:\/\/praguetouristinformation.com\/wp-content\/uploads\/2020\/12\/Bezirk-3-Praha-3.jpg\" data-width=\"702\" data-height=\"468\" data-pin-media=\"http:\/\/praguetouristinformation.com\/wp-content\/uploads\/2021\/02\/59.jpg\" data-pin-description=\"10 Quartiers de Prague : guide de l'h\u00e9bergement en voyage in 2022\" data-pin-url=\"https:\/\/praguetouristinformation.com\/fr\/plan\/quartiers?tve=true&amp;tcbf=1d49307baa\" data-pinpro-key=\"hhbbo65vk\"><\/span><\/p>\n<p>Le district 3 est une combinaison int\u00e9ressante. Le quartier de \u017di\u017ekov occupe une grande partie, un quartier ouvrier typique avec la tour de t\u00e9l\u00e9vision de Prague comme attraction principale.<\/p>\n<p>Le \u017di\u017ekov \u00ab\u00a0inf\u00e9rieur\u00a0\u00bb doit \u00eatre \u00e9vit\u00e9 en tant que touriste. Une partie du quartier haut de gamme de Vinohrady, proche du centre et compos\u00e9 principalement de zones r\u00e9sidentielles, appartient \u00e9galement au quartier. Les deux parties de la ville sont moins touristiques, mais en termes de nourriture et d&rsquo;h\u00e9bergement, elles sont relativement moins ch\u00e8res que le district 1.<\/p>\n<h2>Quartier&nbsp;4 (Praha 4)<\/h2>\n<p><span><img decoding=\"async\" alt=\"Bezirk 4 (Prague 4)\" data-id=\"2338\" width=\"702\" data-init-width=\"1000\" height=\"468\" data-init-height=\"667\" title=\"Bezirk 4 (Prague 4)\" loading=\"lazy\" src=\"http:\/\/praguetouristinformation.com\/wp-content\/uploads\/2020\/12\/Bezirk-4-Praha-4.jpg\" data-width=\"702\" data-height=\"468\" data-pin-media=\"http:\/\/praguetouristinformation.com\/wp-content\/uploads\/2021\/02\/59.jpg\" data-pin-description=\"10 Quartiers de Prague : guide de l'h\u00e9bergement en voyage in 2022\" data-pin-url=\"https:\/\/praguetouristinformation.com\/fr\/plan\/quartiers?tve=true&amp;tcbf=1d49307baa\" data-pinpro-key=\"osuognlpl\"><\/span><\/p>\n<p>Praha 4 est situ\u00e9e au sud de la ville sur la rive droite de la rivi\u00e8re Vltava. Le quartier se compose principalement de zones r\u00e9sidentielles, ce qui le rend moins int\u00e9ressant pour les touristes.<\/p>\n<p>Un attrait pourrait \u00eatre le quartier de Podol\u00ed, avec ses restaurants et pubs tch\u00e8ques traditionnels, ainsi que son bel emplacement au bord de la rivi\u00e8re.<\/p>\n<h2>Quartier&nbsp;5 (Prague 5)<\/h2>\n<p><span><img decoding=\"async\" alt=\"Bezirk 5 (Prague 5)\" data-id=\"2339\" width=\"702\" data-init-width=\"1000\" height=\"468\" data-init-height=\"667\" title=\"Bezirk 5 (Prague 5)\" loading=\"lazy\" src=\"http:\/\/praguetouristinformation.com\/wp-content\/uploads\/2020\/12\/Bezirk-5-Praha-5.jpg\" data-width=\"702\" data-height=\"468\" data-pin-media=\"http:\/\/praguetouristinformation.com\/wp-content\/uploads\/2021\/02\/59.jpg\" data-pin-description=\"10 Quartiers de Prague : guide de l'h\u00e9bergement en voyage in 2022\" data-pin-url=\"https:\/\/praguetouristinformation.com\/fr\/plan\/quartiers?tve=true&amp;tcbf=1d49307baa\" data-pinpro-key=\"apnwfp5xg\"><\/span><\/p>\n<p>Ce quartier attire avec de beaux parcs et de nombreuses possibilit\u00e9s de <a data-id=\"765\" data-type=\"page\" href=\"https:\/\/praguetouristinformation.com\/fr\/shopping\" style=\"outline: none;\">shopping<\/a> et de vie nocturne. Le quartier industriel de Sm\u00edchov, qui borde la Petite Ville au sud, est particuli\u00e8rement populaire.<\/p>\n<p>Il offre une bonne s\u00e9lection de restaurants, clubs et bars branch\u00e9s ainsi qu&rsquo;un grand centre commercial. Sm\u00edchov est une bonne alternative si vous ne voulez pas vivre dans le centre.<\/p>\n<h2>Quartier 6&nbsp;(Prague 6)<\/h2>\n<p><span><img decoding=\"async\" alt=\"Bezirk 6 (Prague 6)\" data-id=\"2340\" width=\"702\" data-init-width=\"1000\" height=\"468\" data-init-height=\"667\" title=\"Bezirk 6 (Prague 6)\" loading=\"lazy\" src=\"http:\/\/praguetouristinformation.com\/wp-content\/uploads\/2020\/12\/Bezirk-6-Praha-6.jpg\" data-width=\"702\" data-height=\"468\" data-pin-media=\"http:\/\/praguetouristinformation.com\/wp-content\/uploads\/2021\/02\/59.jpg\" data-pin-description=\"10 Quartiers de Prague : guide de l'h\u00e9bergement en voyage in 2022\" data-pin-url=\"https:\/\/praguetouristinformation.com\/fr\/plan\/quartiers?tve=true&amp;tcbf=1d49307baa\" data-pinpro-key=\"7y3synlo5\"><\/span><\/p>\n<p>Praha 6 \u00e0 l&rsquo;ouest de Prague est consid\u00e9r\u00e9 comme le quartier le plus exclusif de la ville. De nombreux politiciens tch\u00e8ques, hommes d&rsquo;affaires \u00e9trangers et diplomates se sont install\u00e9s dans le quartier hupp\u00e9.<\/p>\n<p>Praha 6 se caract\u00e9rise par des villas \u00e9l\u00e9gantes, des parcs idylliques tels que \u0160\u00e1reck\u00e9 \u00fadol\u00ed et Hv\u011bzda et la proximit\u00e9 de l&rsquo; <a data-id=\"86\" data-type=\"page\" href=\"https:\/\/praguetouristinformation.com\/fr\/plan\/arrivee\/vaclav-havel-aeroport\" style=\"outline: none;\">a\u00e9roport<\/a> .<\/p>\n<h2 id=\"t-1670571338594\">Quartier 7 (Prague 7)<\/h2>\n<p><span><img decoding=\"async\" alt=\"Bezirk 7 (Prague 7)\" data-id=\"2341\" width=\"702\" data-init-width=\"1000\" height=\"468\" data-init-height=\"667\" title=\"Bezirk 7 (Prague 7)\" loading=\"lazy\" src=\"http:\/\/praguetouristinformation.com\/wp-content\/uploads\/2020\/12\/Bezirk-7-Praha-7.jpg\" data-width=\"702\" data-height=\"468\" data-pin-media=\"http:\/\/praguetouristinformation.com\/wp-content\/uploads\/2021\/02\/59.jpg\" data-pin-description=\"10 Quartiers de Prague : guide de l'h\u00e9bergement en voyage in 2022\" data-pin-url=\"https:\/\/praguetouristinformation.com\/fr\/plan\/quartiers?tve=true&amp;tcbf=1d49307baa\" data-pinpro-key=\"4kd9j0q8x\"><\/span><\/p>\n<p>Les principales attractions de Praha 7 sont le zoo de Prague et le <a data-id=\"785\" data-type=\"page\" href=\"https:\/\/praguetouristinformation.com\/fr\/choses-a-faire\/musees\/technique\" style=\"outline: none;\">mus\u00e9e technique national<\/a> . Le quartier, qui impressionne par sa nature abondante et ses charmants pubs et restaurants, est particuli\u00e8rement appr\u00e9ci\u00e9 des \u00e9tudiants.<\/p>\n<p>Avec ses deux <a data-id=\"727\" data-type=\"page\" href=\"https:\/\/praguetouristinformation.com\/fr\/choses-a-faire\/parcs\" style=\"outline: none;\">parcs municipaux<\/a> , Letna et Stromovka, c&rsquo;est une zone de loisirs populaire. Le quartier Hole\u0161ovice m\u00e9rite une mention sp\u00e9ciale, surnomm\u00e9 le prochain quartier tendance de Prague et attirant de plus en plus de visiteurs avec ses boutiques, ses galeries d&rsquo;art et ses caf\u00e9s.<\/p>\n<h2 id=\"t-1670571338595\">Quartier 8 (Prague 8)<\/h2>\n<p><span><img decoding=\"async\" alt=\"Bezirk 8 (Prague 8)\" data-id=\"2342\" width=\"702\" data-init-width=\"1000\" height=\"468\" data-init-height=\"667\" title=\"Bezirk 8 (Prague 8)\" loading=\"lazy\" src=\"http:\/\/praguetouristinformation.com\/wp-content\/uploads\/2020\/12\/Bezirk-8-Praha-8.jpg\" data-width=\"702\" data-height=\"468\" data-pin-media=\"http:\/\/praguetouristinformation.com\/wp-content\/uploads\/2021\/02\/59.jpg\" data-pin-description=\"10 Quartiers de Prague : guide de l'h\u00e9bergement en voyage in 2022\" data-pin-url=\"https:\/\/praguetouristinformation.com\/fr\/plan\/quartiers?tve=true&amp;tcbf=1d49307baa\" data-pinpro-key=\"3mbdhjv3j\"><\/span><\/p>\n<p>Ce quartier du nord de Prague est en pleine mutation. Longtemps consid\u00e9r\u00e9 comme l&rsquo;un des quartiers les plus pauvres de Prague, Praha 8 est aujourd&rsquo;hui en plein essor. Cela vaut surtout pour le quartier de Karlin, o\u00f9 de nombreux nouveaux immeubles de bureaux sont construits.<\/p>\n<p>La partie nord du quartier est tr\u00e8s \u00e9loign\u00e9e de Prague et n&rsquo;est pas bien desservie par les <a data-id=\"775\" data-type=\"page\" href=\"https:\/\/praguetouristinformation.com\/fr\/plan\/transports-en-commun\" style=\"outline: none;\">transports<\/a> en commun vers le centre-ville. &nbsp;<\/p>\n<h2 id=\"t-1670571338596\">Quartier 9 (Prague 9)<\/h2>\n<p><span><img decoding=\"async\" alt=\"Bezirk 9 (Prague 9)\" data-id=\"2343\" width=\"702\" data-init-width=\"1000\" height=\"468\" data-init-height=\"667\" title=\"Bezirk 9 (Prague 9)\" loading=\"lazy\" src=\"http:\/\/praguetouristinformation.com\/wp-content\/uploads\/2020\/12\/Bezirk-9-Praha-9.jpg\" data-width=\"702\" data-height=\"468\" data-pin-media=\"http:\/\/praguetouristinformation.com\/wp-content\/uploads\/2021\/02\/59.jpg\" data-pin-description=\"10 Quartiers de Prague : guide de l'h\u00e9bergement en voyage in 2022\" data-pin-url=\"https:\/\/praguetouristinformation.com\/fr\/plan\/quartiers?tve=true&amp;tcbf=1d49307baa\" data-pinpro-key=\"dq90bu05i\"><\/span><\/p>\n<p>Praha 9 est situ\u00e9e au nord-est de Prague et est consid\u00e9r\u00e9e comme tr\u00e8s \u00e9loign\u00e9e. Il se compose principalement de zones r\u00e9sidentielles ainsi que de zones commerciales et industrielles.<\/p>\n<p>Le quartier de Cerny Most prend de l&rsquo;importance avec l&rsquo;ouverture d&rsquo;un grand centre commercial et le prolongement de la ligne B du m\u00e9tro. Le quartier est g\u00e9n\u00e9ralement moins accessible et peu attractif pour les touristes.<\/p>\n<h2 id=\"t-1670571338597\">Quartier 10 (Prague 10)<\/h2>\n<p><span><img decoding=\"async\" alt=\"Bezirk 10 (Prague 10)\" data-id=\"2344\" width=\"702\" data-init-width=\"1000\" height=\"468\" data-init-height=\"667\" title=\"Bezirk 10 (Prague 10)\" loading=\"lazy\" src=\"http:\/\/praguetouristinformation.com\/wp-content\/uploads\/2020\/12\/Bezirk-10-Praha-10.jpg\" data-width=\"702\" data-height=\"468\" data-pin-media=\"http:\/\/praguetouristinformation.com\/wp-content\/uploads\/2021\/02\/59.jpg\" data-pin-description=\"10 Quartiers de Prague : guide de l'h\u00e9bergement en voyage in 2022\" data-pin-url=\"https:\/\/praguetouristinformation.com\/fr\/plan\/quartiers?tve=true&amp;tcbf=1d49307baa\" data-pinpro-key=\"d13z52edq\"><\/span><\/p>\n<p>Le district 10 comprend le district de Vr\u0161ovice, qui est similaire au district voisin de Vinohrady. Praha 10 se caract\u00e9rise par des quartiers r\u00e9sidentiels ainsi que par d&rsquo;authentiques boutiques, restaurants et pubs tch\u00e8ques.<\/p>\n<p>Les quartiers de Prague 10 plus proches du centre sont plus accessibles et attrayants que les parties du quartier qui sont plus \u00e9loign\u00e9es.<\/p>\n<p style=\"text-align: center;\"><a href=\"https:\/\/www.google.com\/maps\/d\/u\/1\/viewer?hl=en&amp;mid=1vFh2WkuaMcZCB_Ge2myH83Cawnp_tlil&amp;ll=50.08049776303079%2C14.440174500000005&amp;z=13\" target=\"_blank\" rel=\"noopener\">(lien vers la carte)<\/a><\/p>\n","protected":false},"excerpt":{"rendered":"<p>Prague est divis\u00e9e en 10 quartiers. Le district 1 est le centre-ville et donc le quartier le plus important de Prague. Les meilleurs quartiers o\u00f9 vivre lors d&rsquo;un city trip sont les quartiers 1 et 2. Nous d\u00e9crivons ici en d\u00e9tail les dix quartiers de Prague : Quartier 1 (Prague 1) Ce quartier est le [&hellip;]<\/p>\n","protected":false},"author":6,"featured_media":2333,"parent":767,"menu_order":0,"comment_status":"open","ping_status":"closed","template":"","meta":{"footnotes":""},"categories":[],"tags":[27,32],"class_list":["post-1100","page","type-page","status-publish","has-post-thumbnail","hentry","tag-hotel","tag-planung","post-wrapper","thrv_wrapper"],"_links":{"self":[{"href":"https:\/\/praguetouristinformation.com\/fr\/wp-json\/wp\/v2\/pages\/1100","targetHints":{"allow":["GET"]}}],"collection":[{"href":"https:\/\/praguetouristinformation.com\/fr\/wp-json\/wp\/v2\/pages"}],"about":[{"href":"https:\/\/praguetouristinformation.com\/fr\/wp-json\/wp\/v2\/types\/page"}],"author":[{"embeddable":true,"href":"https:\/\/praguetouristinformation.com\/fr\/wp-json\/wp\/v2\/users\/6"}],"replies":[{"embeddable":true,"href":"https:\/\/praguetouristinformation.com\/fr\/wp-json\/wp\/v2\/comments?post=1100"}],"version-history":[{"count":0,"href":"https:\/\/praguetouristinformation.com\/fr\/wp-json\/wp\/v2\/pages\/1100\/revisions"}],"up":[{"embeddable":true,"href":"https:\/\/praguetouristinformation.com\/fr\/wp-json\/wp\/v2\/pages\/767"}],"wp:featuredmedia":[{"embeddable":true,"href":"https:\/\/praguetouristinformation.com\/fr\/wp-json\/wp\/v2\/media\/2333"}],"wp:attachment":[{"href":"https:\/\/praguetouristinformation.com\/fr\/wp-json\/wp\/v2\/media?parent=1100"}],"wp:term":[{"taxonomy":"category","embeddable":true,"href":"https:\/\/praguetouristinformation.com\/fr\/wp-json\/wp\/v2\/categories?post=1100"},{"taxonomy":"post_tag","embeddable":true,"href":"https:\/\/praguetouristinformation.com\/fr\/wp-json\/wp\/v2\/tags?post=1100"}],"curies":[{"name":"wp","href":"https:\/\/api.w.org\/{rel}","templated":true}]}}