{"id":1090,"date":"2020-10-26T09:32:12","date_gmt":"2020-10-26T09:32:12","guid":{"rendered":"http:\/\/praguetouristinformation.com\/?page_id=1090"},"modified":"2025-08-07T08:39:27","modified_gmt":"2025-08-07T08:39:27","slug":"attractions","status":"publish","type":"page","link":"https:\/\/praguetouristinformation.com\/fr\/choses-a-faire\/attractions","title":{"rendered":"12 Meilleures attractions \u00e0 Prague [avec carte]"},"content":{"rendered":"<p id=\"t-1670241661065\"><span style=\"font-size: 22px !important;\">Que pouvez-vous faire \u00e0 Prague ?<\/span><\/p>\n<p>En plus des sites touristiques classiques de <a data-id=\"247\" data-type=\"page\" href=\"https:\/\/praguetouristinformation.com\/fr\/choses-a-faire\" style=\"outline: none;\">Prague<\/a>, la capitale tch\u00e8que offre un certain nombre d&rsquo;attractions passionnantes qui raviront les enfants et les adultes.<\/p>\n<p>Voici notre liste des 12 meilleures attractions de Prague :<\/p>\n<h2 style=\"\">Prague Visitor Pass<\/h2>\n<p data-pm-slice=\"1 1 []\" style=\"\">Le Prague Visitor Pass vous donne acc\u00e8s aux principales attractions, mus\u00e9es et aux transports publics de la ville \u2013 id\u00e9al pour d\u00e9couvrir Prague en toute flexibilit\u00e9 et efficacit\u00e9.<\/p>\n<p style=\"\">Utilisez notre code de r\u00e9duction exclusif <strong>pragueti5<\/strong> pour b\u00e9n\u00e9ficier de <strong>5 % de remise !<\/strong><\/p>\n<p>__CONFIG_colors_palette__{\u00ab\u00a0active_palette\u00a0\u00bb:0,\u00a0\u00bbconfig\u00a0\u00bb:{\u00ab\u00a0colors\u00a0\u00bb:{\u00ab\u00a0110d6\u00a0\u00bb:{\u00ab\u00a0name\u00a0\u00bb:\u00a0\u00bbMain Accent\u00a0\u00bb,\u00a0\u00bbparent\u00a0\u00bb:-1}},\u00a0\u00bbgradients\u00a0\u00bb:[]},\u00a0\u00bbpalettes\u00a0\u00bb:[{\u00ab\u00a0name\u00a0\u00bb:\u00a0\u00bbDefault Palette\u00a0\u00bb,\u00a0\u00bbvalue\u00a0\u00bb:{\u00ab\u00a0colors\u00a0\u00bb:{\u00ab\u00a0110d6\u00a0\u00bb:{\u00ab\u00a0val\u00a0\u00bb:\u00a0\u00bbvar(e8c68)\u00a0\u00bb}},\u00a0\u00bbgradients\u00a0\u00bb:[]},\u00a0\u00bboriginal\u00a0\u00bb:{\u00ab\u00a0colors\u00a0\u00bb:{\u00ab\u00a0110d6\u00a0\u00bb:{\u00ab\u00a0val\u00a0\u00bb:\u00a0\u00bbrgb(19, 114, 211)\u00a0\u00bb,\u00a0\u00bbhsl\u00a0\u00bb:{\u00ab\u00a0h\u00a0\u00bb:210,\u00a0\u00bbs\u00a0\u00bb:0.83,\u00a0\u00bbl\u00a0\u00bb:0.45}}},\u00a0\u00bbgradients\u00a0\u00bb:[]}}]}__CONFIG_colors_palette__ <a href=\"https:\/\/praguevisitorpass.eu\/?lang=fr-fr\" style=\"font-size: var(--tve-font-size, 14px) !important;\" target=\"_blank\" rel=\"noopener\"><span style=\"\">    <\/span> <span style=\"\"><span>Plus d\u2019infos<\/span><\/span> <\/a>  <\/p>\n<h2 id=\"t-1670241661066\"><strong>1. Mus\u00e9e de la bi\u00e8re<\/strong><\/h2>\n<p><span><img decoding=\"async\" alt=\"Mus\u00e9e de la bi\u00e8re, Prague, R\u00e9publique tch\u00e8que\" data-id=\"1328\" width=\"702\" data-init-width=\"1000\" height=\"468\" data-init-height=\"667\" title=\"Mus\u00e9e de la bi\u00e8re, Prague, R\u00e9publique tch\u00e8que\" loading=\"lazy\" src=\"http:\/\/praguetouristinformation.com\/wp-content\/uploads\/2020\/11\/Bier-Museum.jpg\" data-width=\"702\" data-height=\"468\" data-pin-media=\"http:\/\/praguetouristinformation.com\/wp-content\/uploads\/2021\/01\/4.jpg\" data-pin-description=\"12 besten Attraktionen in Prag [mit Karte] in 2022\" data-pin-url=\"http:\/\/praguetouristinformation.com\/sehenswuerdigkeiten\/attraktionen?tve=true&amp;tcbf=2e81e0b3fe\" data-pinpro-key=\"wq71n76xj\" style=\"aspect-ratio: auto 1000 \/ 667;\"><\/span><\/p>\n<p>Une attraction populaire, en particulier chez les jeunes, est le <a data-id=\"887\" data-type=\"page\" href=\"https:\/\/praguetouristinformation.com\/fr\/choses-a-faire\/musees\/biere\" style=\"outline: none;\">Mus\u00e9e tch\u00e8que de la bi\u00e8re<\/a> au c\u0153ur de Prague. Bien qu&rsquo;il ne s&rsquo;agisse pas d&rsquo;un mus\u00e9e au sens traditionnel du terme, il offre aux visiteurs un aper\u00e7u de la relation particuli\u00e8re entre la R\u00e9publique tch\u00e8que et la bi\u00e8re blonde.<\/p>\n<p>Outre des faits int\u00e9ressants sur la production de bi\u00e8re et l&rsquo;art brassicole vieux de plus de 1000 ans dans le pays, les visiteurs ont \u00e9galement la possibilit\u00e9 de d\u00e9guster diverses bi\u00e8res tch\u00e8ques. Un point culminant est le remplissage et l&rsquo;\u00e9tiquetage de votre propre bouteille.<\/p>\n<h2 id=\"t-1670241661067\"><strong>2. Visite de la Vltava<\/strong><\/h2>\n<p><span><img decoding=\"async\" alt=\"Visite de la Vltava, Prague, R\u00e9publique tch\u00e8que\" data-id=\"1329\" width=\"702\" data-init-width=\"1000\" height=\"468\" data-init-height=\"667\" title=\"Visite de la Vltava, Prague, R\u00e9publique tch\u00e8que\" loading=\"lazy\" src=\"http:\/\/praguetouristinformation.com\/wp-content\/uploads\/2020\/11\/Moldau-Rundfahrt.jpg\" data-width=\"702\" data-height=\"468\" data-pin-media=\"http:\/\/praguetouristinformation.com\/wp-content\/uploads\/2021\/01\/4.jpg\" data-pin-description=\"12 besten Attraktionen in Prag [mit Karte] in 2022\" data-pin-url=\"http:\/\/praguetouristinformation.com\/sehenswuerdigkeiten\/attraktionen?tve=true&amp;tcbf=2e81e0b3fe\" data-pinpro-key=\"0wskn01gw\" style=\"aspect-ratio: auto 1000 \/ 667;\"><\/span><\/p>\n<p>Une croisi\u00e8re sur la rivi\u00e8re Vltava est l&rsquo;une des attractions les plus populaires de Prague. Pendant la croisi\u00e8re, vous pourrez vous d\u00e9tendre et passer devant de nombreux sites touristiques de la ville et les admirer sous un angle compl\u00e8tement diff\u00e9rent. Surtout les familles avec enfants peuvent profiter des points forts de la ville sans stress. Une occasion id\u00e9ale de laisser la magie de Prague op\u00e9rer sa magie sur vous.<\/p>\n<h2 id=\"t-1670241661068\"><strong>3. Visite de la ville<\/strong><\/h2>\n<p><span><img decoding=\"async\" alt=\"Visite de la ville, Prague, R\u00e9publique tch\u00e8que\" data-id=\"1330\" width=\"702\" data-init-width=\"1000\" height=\"468\" data-init-height=\"667\" title=\"Visite de la ville, Prague, R\u00e9publique tch\u00e8que\" loading=\"lazy\" src=\"http:\/\/praguetouristinformation.com\/wp-content\/uploads\/2020\/11\/Stadtrundfahrt.jpg\" data-width=\"702\" data-height=\"468\" data-pin-media=\"http:\/\/praguetouristinformation.com\/wp-content\/uploads\/2021\/01\/4.jpg\" data-pin-description=\"12 besten Attraktionen in Prag [mit Karte] in 2022\" data-pin-url=\"http:\/\/praguetouristinformation.com\/sehenswuerdigkeiten\/attraktionen?tve=true&amp;tcbf=2e81e0b3fe\" data-pinpro-key=\"fd35ytc2f\" style=\"aspect-ratio: auto 1000 \/ 667;\"><\/span><\/p>\n<p>Lors d&rsquo;une visite de la ville de Prague, vous pouvez explorer la ville dor\u00e9e de mani\u00e8re tr\u00e8s tranquille. Vous avez le choix entre plusieurs circuits&nbsp;: qu&rsquo;il s&rsquo;agisse d&rsquo;un trajet en tramway historique (remarque&nbsp;: ne circule que le week-end), d&rsquo;un circuit en bus \u00e0 arr\u00eats multiples ou du bus panoramique classique, le circuit vous emm\u00e8ne vers les sites les plus populaires de Prague.<\/p>\n<h2 id=\"t-1670241661069\"><strong>4. Tour de l&rsquo;h\u00f4tel de ville de Prague<\/strong><\/h2>\n<p><span><img decoding=\"async\" alt=\"Prager Rathausturm, Prague, R\u00e9publique tch\u00e8que\" data-id=\"1332\" width=\"702\" data-init-width=\"1000\" height=\"468\" data-init-height=\"667\" title=\"Prager Rathausturm, Prague, R\u00e9publique tch\u00e8que\" loading=\"lazy\" src=\"http:\/\/praguetouristinformation.com\/wp-content\/uploads\/2020\/11\/Prager-Rathausturm.jpg\" data-width=\"702\" data-height=\"468\" data-pin-media=\"http:\/\/praguetouristinformation.com\/wp-content\/uploads\/2021\/01\/4.jpg\" data-pin-description=\"12 besten Attraktionen in Prag [mit Karte] in 2022\" data-pin-url=\"http:\/\/praguetouristinformation.com\/sehenswuerdigkeiten\/attraktionen?tve=true&amp;tcbf=2e81e0b3fe\" data-pinpro-key=\"73zngi20f\" style=\"aspect-ratio: auto 1000 \/ 667;\"><\/span><\/p>\n<p>L&rsquo;une des attractions les plus visit\u00e9es de Prague est la tour gothique de l&rsquo;h\u00f4tel de ville. La tour de 70 m\u00e8tres de haut de l&rsquo; <a data-id=\"628\" data-type=\"page\" href=\"https:\/\/praguetouristinformation.com\/fr\/choses-a-faire\/vieille-ville\/ancien-hotel-de-ville\" style=\"outline: none;\">ancien h\u00f4tel de ville<\/a> offre une vue magnifique sur la nouvelle ville de Prague.<\/p>\n<p>Sur le c\u00f4t\u00e9 sud de la tour se trouve \u00e9galement la c\u00e9l\u00e8bre <a data-id=\"625\" data-type=\"page\" href=\"https:\/\/praguetouristinformation.com\/fr\/choses-a-faire\/vieille-ville\/horloge-astronomique\" style=\"outline: none;\">horloge astronomique<\/a> , qui attire des gens du monde entier avec son spectacle toutes les heures. M\u00eame s&rsquo;il ne faut pas trop attendre du spectacle o\u00f9 12 ap\u00f4tres font leur ronde, l&rsquo;horloge astronomique avec ses chiffres est un motif photographique appr\u00e9ci\u00e9.<\/p>\n<h2 id=\"t-1670241661070\"><strong>5. T\u00e9l\u00e9ph\u00e9rique de la colline de Petrin<\/strong><\/h2>\n<p><span><img decoding=\"async\" alt=\"T\u00e9l\u00e9ph\u00e9rique de Petrin Hill, Prague, R\u00e9publique Tch\u00e8que\" data-id=\"1333\" width=\"702\" data-init-width=\"1000\" height=\"468\" data-init-height=\"667\" title=\"T\u00e9l\u00e9ph\u00e9rique de Petrin Hill, Prague, R\u00e9publique Tch\u00e8que\" loading=\"lazy\" src=\"http:\/\/praguetouristinformation.com\/wp-content\/uploads\/2020\/11\/Petrin-Huegel-Seilbahn.jpg\" data-width=\"702\" data-height=\"468\" data-pin-media=\"http:\/\/praguetouristinformation.com\/wp-content\/uploads\/2021\/01\/4.jpg\" data-pin-description=\"12 besten Attraktionen in Prag [mit Karte] in 2022\" data-pin-url=\"http:\/\/praguetouristinformation.com\/sehenswuerdigkeiten\/attraktionen?tve=true&amp;tcbf=2e81e0b3fe\" data-pinpro-key=\"7jty86zhi\" style=\"aspect-ratio: auto 1000 \/ 667;\"><\/span><\/p>\n<p>Les visiteurs trouveront plusieurs attractions sur la <a data-id=\"838\" data-type=\"page\" href=\"https:\/\/praguetouristinformation.com\/fr\/choses-a-faire\/petrin\" style=\"outline: none;\">colline de Petrin,<\/a> haute de 318 m\u00e8tres . En plus d&rsquo;une vue unique sur Prague, il y a aussi la <a data-id=\"836\" data-type=\"page\" href=\"https:\/\/praguetouristinformation.com\/fr\/choses-a-faire\/petrin\/tour-d-observation-de-petrin\" style=\"outline: none;\">tour de guet Petrin<\/a> de 61 m\u00e8tres de haut , qui est calqu\u00e9e sur la Tour Eiffel \u00e0 Paris, l&rsquo;\u00e9glise Laurentius du Moyen \u00c2ge et de beaux jardins.<\/p>\n<p>L&rsquo;ascension de la colline elle-m\u00eame est \u00e9galement une exp\u00e9rience, car la colline de Petrin est accessible \u00e0 pied ou en t\u00e9l\u00e9ph\u00e9rique.<\/p>\n<h2 id=\"t-1670241661071\"><strong>6. \u017di\u017ekov Fernsehturm<\/strong><\/h2>\n<p><span><img decoding=\"async\" alt=\"\u017di\u017ekov Fernsehturm, Prague, R\u00e9publique tch\u00e8que\" data-id=\"1334\" width=\"702\" data-init-width=\"1000\" height=\"468\" data-init-height=\"667\" title=\"\u017di\u017ekov Fernsehturm, Prague, R\u00e9publique tch\u00e8que\" loading=\"lazy\" src=\"http:\/\/praguetouristinformation.com\/wp-content\/uploads\/2020\/11\/Zizkov-Fernsehturm.jpg\" data-width=\"702\" data-height=\"468\" data-pin-media=\"http:\/\/praguetouristinformation.com\/wp-content\/uploads\/2021\/01\/4.jpg\" data-pin-description=\"12 besten Attraktionen in Prag [mit Karte] in 2022\" data-pin-url=\"http:\/\/praguetouristinformation.com\/sehenswuerdigkeiten\/attraktionen?tve=true&amp;tcbf=2e81e0b3fe\" data-pinpro-key=\"wfiayfs9m\" style=\"aspect-ratio: auto 1000 \/ 667;\"><\/span><\/p>\n<p>La tour de t\u00e9l\u00e9vision de \u017di\u017ekov, qui s&rsquo;\u00e9l\u00e8ve fi\u00e8rement dans le quartier du m\u00eame nom, est ouverte au public. Avec une hauteur de 216 m\u00e8tres, c&rsquo;est l&rsquo;un des b\u00e2timents les plus hauts de la ville et donc l&rsquo;un des <a data-id=\"713\" data-type=\"page\" href=\"https:\/\/praguetouristinformation.com\/fr\/choses-a-faire\/points-de-vue\" style=\"outline: none;\">points de vue les plus populaires de Prague<\/a> . En plus du panorama unique depuis la plate-forme d&rsquo;observation \u00e0 une hauteur de 95 m\u00e8tres, il y a aussi un restaurant \u00e0 une hauteur de 63 m\u00e8tres.<\/p>\n<h2 id=\"t-1670241661072\"><strong>7. Zoo de Prague<\/strong><\/h2>\n<p><span><img decoding=\"async\" alt=\"Zoo de Prager, Prague, R\u00e9publique tch\u00e8que\" data-id=\"1335\" width=\"702\" data-init-width=\"1000\" height=\"468\" data-init-height=\"667\" title=\"Zoo de Prager, Prague, R\u00e9publique tch\u00e8que\" loading=\"lazy\" src=\"http:\/\/praguetouristinformation.com\/wp-content\/uploads\/2020\/11\/Prager-Zoo.jpg\" data-width=\"702\" data-height=\"468\" data-pin-media=\"http:\/\/praguetouristinformation.com\/wp-content\/uploads\/2021\/01\/4.jpg\" data-pin-description=\"12 besten Attraktionen in Prag [mit Karte] in 2022\" data-pin-url=\"http:\/\/praguetouristinformation.com\/sehenswuerdigkeiten\/attraktionen?tve=true&amp;tcbf=2e81e0b3fe\" data-pinpro-key=\"t98tcz2m4\" style=\"aspect-ratio: auto 1000 \/ 667;\"><\/span><\/p>\n<p>Avec une superficie de 58 hectares, le zoo de Prague est le plus grand parc animalier de R\u00e9publique tch\u00e8que. Il abrite plus de 650 esp\u00e8ces animales, dont des esp\u00e8ces menac\u00e9es.<\/p>\n<p>Le zoo est situ\u00e9 dans une zone idyllique du quartier de Troja, qui est sillonn\u00e9 de ruisseaux et de cours d&rsquo;eau. Cela contribue de mani\u00e8re significative au fait que le zoo de Prague est l&rsquo;un des plus beaux parcs animaliers au monde. La jungle indon\u00e9sienne, la Maison de l&rsquo;Afrique et la vall\u00e9e des \u00e9l\u00e9phants valent particuli\u00e8rement le d\u00e9tour.<\/p>\n<h2 id=\"t-1670241661073\"><strong>8. V\u00e9lo \u00e0 bi\u00e8re<\/strong><\/h2>\n<p><span><img decoding=\"async\" alt=\"V\u00e9lo de bi\u00e8re, Prague, R\u00e9publique tch\u00e8que\" data-id=\"1337\" width=\"702\" data-init-width=\"1000\" height=\"468\" data-init-height=\"667\" title=\"V\u00e9lo de bi\u00e8re, Prague, R\u00e9publique tch\u00e8que\" loading=\"lazy\" src=\"http:\/\/praguetouristinformation.com\/wp-content\/uploads\/2020\/11\/Beer-Bike.jpg\" data-width=\"702\" data-height=\"468\" data-pin-media=\"http:\/\/praguetouristinformation.com\/wp-content\/uploads\/2021\/01\/4.jpg\" data-pin-description=\"12 besten Attraktionen in Prag [mit Karte] in 2022\" data-pin-url=\"http:\/\/praguetouristinformation.com\/sehenswuerdigkeiten\/attraktionen?tve=true&amp;tcbf=2e81e0b3fe\" data-pinpro-key=\"20c0krh8w\" style=\"aspect-ratio: auto 1000 \/ 667;\"><\/span><\/p>\n<p>Une attraction exceptionnelle de Prague qui attire particuli\u00e8rement les jeunes est le Beer Bike. Lors de cette visite touristique, vous parcourez la ville avec des amis sur un v\u00e9lo \u00e0 bi\u00e8re, qui peut g\u00e9n\u00e9ralement accueillir 15 personnes. Pendant que le guide et le chauffeur montrent les sites touristiques de Prague au groupe, vous pouvez d\u00e9guster vous-m\u00eame la c\u00e9l\u00e8bre <a data-id=\"723\" data-type=\"page\" href=\"https:\/\/praguetouristinformation.com\/fr\/restaurants-prague\/biere-tcheque\" style=\"outline: none;\">bi\u00e8re tch\u00e8que<\/a> et explorer Prague en m\u00eame temps.<\/p>\n<h2 id=\"t-1670241661074\"><strong>9. Vie nocturne<\/strong><\/h2>\n<p><span><img decoding=\"async\" alt=\"Vie nocturne, Prague, R\u00e9publique tch\u00e8que\" data-id=\"1338\" width=\"702\" data-init-width=\"1000\" height=\"468\" data-init-height=\"667\" title=\"Vie nocturne, Prague, R\u00e9publique tch\u00e8que\" loading=\"lazy\" src=\"http:\/\/praguetouristinformation.com\/wp-content\/uploads\/2020\/11\/Nightlife.jpg\" data-width=\"702\" data-height=\"468\" data-pin-media=\"http:\/\/praguetouristinformation.com\/wp-content\/uploads\/2021\/01\/4.jpg\" data-pin-description=\"12 besten Attraktionen in Prag [mit Karte] in 2022\" data-pin-url=\"http:\/\/praguetouristinformation.com\/sehenswuerdigkeiten\/attraktionen?tve=true&amp;tcbf=2e81e0b3fe\" data-pinpro-key=\"umie6dxd1\" style=\"aspect-ratio: auto 1000 \/ 667;\"><\/span><\/p>\n<p>La vie nocturne <a data-id=\"780\" data-type=\"page\" href=\"https:\/\/praguetouristinformation.com\/fr\/prague-la-nuit\" style=\"outline: none;\">\u00e0 Prague<\/a> est l\u00e9gendaire pour une raison. La sc\u00e8ne vari\u00e9e et exub\u00e9rante des bars et des clubs de Prague attire chaque ann\u00e9e d&rsquo;innombrables touristes dans la ville. Qu&rsquo;il s&rsquo;agisse de f\u00eates passionnantes, d&rsquo;enterrements de vie de gar\u00e7on, de tourn\u00e9es des pubs ou d&rsquo;une soir\u00e9e conviviale dans un caf\u00e9 en plein air, la capitale de la f\u00eate r\u00e9pond \u00e0 tous les souhaits de la vie nocturne. Les clubs et les bars de la vieille ville de Prague sont particuli\u00e8rement appr\u00e9ci\u00e9s pour faire la f\u00eate.<\/p>\n<h2 id=\"t-1670241661075\"><strong>10. Concerts classiques<\/strong><\/h2>\n<p><span><img decoding=\"async\" alt=\"Concerts classiques, Prague, R\u00e9publique tch\u00e8que\" data-id=\"1339\" width=\"702\" data-init-width=\"1000\" height=\"468\" data-init-height=\"667\" title=\"Concerts classiques, Prague, R\u00e9publique tch\u00e8que\" loading=\"lazy\" src=\"http:\/\/praguetouristinformation.com\/wp-content\/uploads\/2020\/11\/Klassische-Konzerte.jpg\" data-width=\"702\" data-height=\"468\" data-pin-media=\"http:\/\/praguetouristinformation.com\/wp-content\/uploads\/2021\/01\/4.jpg\" data-pin-description=\"12 besten Attraktionen in Prag [mit Karte] in 2022\" data-pin-url=\"http:\/\/praguetouristinformation.com\/sehenswuerdigkeiten\/attraktionen?tve=true&amp;tcbf=2e81e0b3fe\" data-pinpro-key=\"i2ys7c6hd\" style=\"aspect-ratio: auto 1000 \/ 667;\"><\/span><\/p>\n<p>Pendant longtemps, Prague a \u00e9t\u00e9 consid\u00e9r\u00e9e comme le centre de la musique classique. Et m\u00eame aujourd&rsquo;hui, les concerts classiques sont parmi les attractions les plus populaires de Prague. Non seulement le compositeur national tch\u00e8que Smetana, connu pour la pi\u00e8ce \u00ab\u00a0La Vltava\u00a0\u00bb, mais aussi les premi\u00e8res des op\u00e9ras de Mozart, Don Giovanni et Figaro, ont rendu la musique classique populaire \u00e0 Prague.<\/p>\n<p>De nombreuses salles de concert, \u00e9glises, palais, op\u00e9ras et th\u00e9\u00e2tres proposent des concerts classiques dans un cadre \u00e0 couper le souffle.<\/p>\n<h2 id=\"t-1670241661076\"><strong>11. Croisi\u00e8re D\u00eener<\/strong><\/h2>\n<p><span><img decoding=\"async\" alt=\"D\u00eener-croisi\u00e8re, Prague, R\u00e9publique tch\u00e8que\" data-id=\"1340\" width=\"702\" data-init-width=\"1000\" height=\"468\" data-init-height=\"667\" title=\"D\u00eener-croisi\u00e8re, Prague, R\u00e9publique tch\u00e8que\" loading=\"lazy\" src=\"http:\/\/praguetouristinformation.com\/wp-content\/uploads\/2020\/11\/Dinner-Cruise.jpg\" data-width=\"702\" data-height=\"468\" data-pin-media=\"http:\/\/praguetouristinformation.com\/wp-content\/uploads\/2021\/01\/4.jpg\" data-pin-description=\"12 besten Attraktionen in Prag [mit Karte] in 2022\" data-pin-url=\"http:\/\/praguetouristinformation.com\/sehenswuerdigkeiten\/attraktionen?tve=true&amp;tcbf=2e81e0b3fe\" data-pinpro-key=\"mc3qc4sdq\" style=\"aspect-ratio: auto 1000 \/ 667;\"><\/span><\/p>\n<p>Lors du d\u00eener-croisi\u00e8re, vous pourrez non seulement admirer les monuments de Prague depuis l&rsquo;eau, mais aussi profiter de d\u00e9lices culinaires en m\u00eame temps. La croisi\u00e8re a g\u00e9n\u00e9ralement lieu le soir et offre un magnifique panorama sur les monuments illumin\u00e9s. La toile de fond romantique est accompagn\u00e9e de sons apaisants. Ce n&rsquo;est pas sans raison que l&rsquo;excursion en bateau avec d\u00eener est consid\u00e9r\u00e9e comme le point culminant de tout voyage \u00e0 Prague.<\/p>\n<h2 id=\"t-1670241661077\"><strong>12. Aquapalace Prague<\/strong><\/h2>\n<p><span><img decoding=\"async\" alt=\"Aquapalace Prag, Prague, R\u00e9publique tch\u00e8que\" data-id=\"1343\" width=\"702\" data-init-width=\"1000\" height=\"375\" data-init-height=\"534\" title=\"Aquapalace Prag, Prague, R\u00e9publique tch\u00e8que\" loading=\"lazy\" src=\"http:\/\/praguetouristinformation.com\/wp-content\/uploads\/2020\/11\/Aquapalace-Prag.jpg\" data-width=\"702\" data-height=\"375\" data-pin-media=\"http:\/\/praguetouristinformation.com\/wp-content\/uploads\/2021\/01\/4.jpg\" data-pin-description=\"12 besten Attraktionen in Prag [mit Karte] in 2022\" data-pin-url=\"http:\/\/praguetouristinformation.com\/sehenswuerdigkeiten\/attraktionen?tve=true&amp;tcbf=2e81e0b3fe\" data-pinpro-key=\"ytpynmal9\" style=\"aspect-ratio: auto 1000 \/ 534;\"><\/span><\/p>\n<p>Aquapalace Prague est le plus grand parc aquatique couvert d&rsquo;Europe centrale. Le complexe sportif et r\u00e9cr\u00e9atif n&rsquo;est pas seulement l&rsquo;un des <a data-id=\"256\" data-type=\"page\" href=\"https:\/\/praguetouristinformation.com\/fr\/choses-a-faire\/pour-les-enfants\" style=\"outline: none;\">sites les plus populaires de Prague pour les enfants<\/a> , les adultes peuvent \u00e9galement s&rsquo;attendre \u00e0 de l&rsquo;action, du plaisir et de la d\u00e9tente. Pendant que les plus petits s&rsquo;amusent dans l&rsquo;aire de jeux aquatique pour enfants avec une \u00e9pave de bateau pirate, les grands peuvent se d\u00e9tendre dans le monde du sauna et dans les bains \u00e0 remous.<\/p>\n<p>Des attractions telles que les toboggans turbo et le space bowl procurent une pouss\u00e9e d&rsquo;adr\u00e9naline. Parce que le parc aquatique est couvert, il convient \u00e9galement lorsqu&rsquo;il pleut.<\/p>\n<ul>\n<li>Pour plus de choses \u00e0 faire \u00e0 Prague quand il pleut, consultez notre liste : <a data-id=\"249\" data-type=\"page\" href=\"https:\/\/praguetouristinformation.com\/fr\/choses-a-faire\/sous-la-pluie\" style=\"outline: none;\">Prague quand il pleut &#8211; 20 choses \u00e0 faire par mauvais temps<\/a> .<\/li>\n<\/ul>\n<p style=\"text-align: center;\"><a href=\"https:\/\/www.google.com\/maps\/d\/u\/1\/viewer?hl=en&amp;mid=11qF9rtcBrnU6Z0pKwP4fwAZ4hfXiRruS&amp;ll=50.062571900351266%2C14.483832599999982&amp;z=12\" target=\"_blank\" style=\"outline: none;\" rel=\"noopener\">(lien vers la carte)<\/a><\/p>\n","protected":false},"excerpt":{"rendered":"<p>Que pouvez-vous faire \u00e0 Prague ? En plus des sites touristiques classiques de Prague, la capitale tch\u00e8que offre un certain nombre d&rsquo;attractions passionnantes qui raviront les enfants et les adultes. Voici notre liste des 12 meilleures attractions de Prague : Prague Visitor Pass Le Prague Visitor Pass vous donne acc\u00e8s aux principales attractions, mus\u00e9es et [&hellip;]<\/p>\n","protected":false},"author":6,"featured_media":1326,"parent":247,"menu_order":0,"comment_status":"closed","ping_status":"closed","template":"","meta":{"footnotes":""},"categories":[],"tags":[20,19],"class_list":["post-1090","page","type-page","status-publish","has-post-thumbnail","hentry","tag-featured","tag-sehenswuerdigkeiten","post-wrapper","thrv_wrapper"],"_links":{"self":[{"href":"https:\/\/praguetouristinformation.com\/fr\/wp-json\/wp\/v2\/pages\/1090","targetHints":{"allow":["GET"]}}],"collection":[{"href":"https:\/\/praguetouristinformation.com\/fr\/wp-json\/wp\/v2\/pages"}],"about":[{"href":"https:\/\/praguetouristinformation.com\/fr\/wp-json\/wp\/v2\/types\/page"}],"author":[{"embeddable":true,"href":"https:\/\/praguetouristinformation.com\/fr\/wp-json\/wp\/v2\/users\/6"}],"replies":[{"embeddable":true,"href":"https:\/\/praguetouristinformation.com\/fr\/wp-json\/wp\/v2\/comments?post=1090"}],"version-history":[{"count":4,"href":"https:\/\/praguetouristinformation.com\/fr\/wp-json\/wp\/v2\/pages\/1090\/revisions"}],"predecessor-version":[{"id":4918,"href":"https:\/\/praguetouristinformation.com\/fr\/wp-json\/wp\/v2\/pages\/1090\/revisions\/4918"}],"up":[{"embeddable":true,"href":"https:\/\/praguetouristinformation.com\/fr\/wp-json\/wp\/v2\/pages\/247"}],"wp:featuredmedia":[{"embeddable":true,"href":"https:\/\/praguetouristinformation.com\/fr\/wp-json\/wp\/v2\/media\/1326"}],"wp:attachment":[{"href":"https:\/\/praguetouristinformation.com\/fr\/wp-json\/wp\/v2\/media?parent=1090"}],"wp:term":[{"taxonomy":"category","embeddable":true,"href":"https:\/\/praguetouristinformation.com\/fr\/wp-json\/wp\/v2\/categories?post=1090"},{"taxonomy":"post_tag","embeddable":true,"href":"https:\/\/praguetouristinformation.com\/fr\/wp-json\/wp\/v2\/tags?post=1090"}],"curies":[{"name":"wp","href":"https:\/\/api.w.org\/{rel}","templated":true}]}}