{"id":1086,"date":"2020-10-26T09:21:25","date_gmt":"2020-10-26T09:21:25","guid":{"rendered":"http:\/\/praguetouristinformation.com\/?page_id=1086"},"modified":"2023-05-04T14:06:51","modified_gmt":"2023-05-04T14:06:51","slug":"parc-relais","status":"publish","type":"page","link":"https:\/\/praguetouristinformation.com\/fr\/plan\/arrivee\/parc-relais","title":{"rendered":"Park and Ride Prague : Guide avec informations et conseils"},"content":{"rendered":"<h3>Autant de <a data-id=\"247\" data-type=\"page\" href=\"http:\/\/praguetouristinformation.com\/sehenswuerdigkeiten\" style=\"outline: none;\">curiosit\u00e9s qu&rsquo;il y a \u00e0 Prague<\/a> , les places de parking sont rares.<\/h3>\n<p>Afin que vous puissiez toujours trouver facilement une place, nous avons cr\u00e9\u00e9 pour vous l&rsquo;aper\u00e7u suivant.<\/p>\n<h2 id=\"t-1670245863412\">Parkings relais<\/h2>\n<p><span><img decoding=\"async\" alt=\"\" data-id=\"3709\" width=\"688\" data-init-width=\"1000\" height=\"459\" data-init-height=\"667\" title=\"Stationnement\/garage du m\u00e9tro (shallow dof&nbsp;; image aux couleurs toniques)\" loading=\"lazy\" src=\"http:\/\/praguetouristinformation.com\/wp-content\/uploads\/2022\/12\/parking-garage.jpg\" data-width=\"688\" data-height=\"459\" data-pinpro-key=\"r5qe279wi\"><\/span><\/p>\n<p>Il y a des parkings relais dans quelques stations de m\u00e9tro \u00e0 l&rsquo;ext\u00e9rieur du centre, environ 20. Ce sont des parkings surveill\u00e9s. Les horaires d&rsquo;ouverture sont calqu\u00e9s sur les temps de parcours des m\u00e9tros, les parkings ferment \u00e0 1h00 et rouvrent \u00e0 4h00.<\/p>\n<p>Ceux-ci comprennent les installations Park &amp; \u200b\u200b\u200b\u200bRide suivantes:<\/p>\n<ul>\n<li style=\"\">Skalka &#8211; M\u00e9tro ligne A &#8211; Prague 10<\/li>\n<\/ul>\n<ul>\n<li style=\"\">Zli\u010d\u00edn &#8211; M\u00e9tro ligne B &#8211; Prague 5<\/li>\n<\/ul>\n<ul>\n<li style=\"\">Nov\u00e9 Butovice &#8211; M\u00e9tro ligne B &#8211; Prague 13<\/li>\n<\/ul>\n<ul>\n<li style=\"\">Opatov &#8211; M\u00e9tro ligne C &#8211; Prague 11<\/li>\n<\/ul>\n<ul>\n<li style=\"\">Chodov &#8211; M\u00e9tro ligne C &#8211; Prague 19<\/li>\n<\/ul>\n<ul>\n<li style=\"\">L\u00e1dv\u00ed &#8211; M\u00e9tro ligne C &#8211; Prague 8<\/li>\n<\/ul>\n<ul>\n<li style=\"\">Paradise Garden \u2013 M\u00e9tro Ligne B \u2013 Prague 14<\/li>\n<\/ul>\n<ul>\n<li style=\"\">Pont Noir &#8211; M\u00e9tro Ligne B &#8211; Prague 14<\/li>\n<\/ul>\n<ul>\n<li style=\"\">Palmovka &#8211; M\u00e9tro ligne B &#8211; Prague 8<\/li>\n<\/ul>\n<ul>\n<li>Station Hole\u0161ovice &#8211; M\u00e9tro ligne C &#8211; Prague 7<\/li>\n<\/ul>\n<p>En plus du ticket de parking, vous pouvez \u00e9galement acheter des tickets \u00e0 tarif r\u00e9duit pour les transports en commun aux distributeurs automatiques du parking. Ils ne sont valables que le jour du stationnement.<\/p>\n<h2 id=\"t-1670245863413\">Parkings couverts en centre-ville (ouverts 24h\/24)<\/h2>\n<p>Il existe des parkings payants \u00e0 plusieurs \u00e9tages dans toute la ville, dont beaucoup se trouvent \u00e0 proximit\u00e9 des gares, <a data-id=\"247\" data-type=\"page\" href=\"https:\/\/praguetouristinformation.com\/fr\/choses-a-faire\" style=\"outline: none;\">des attractions touristiques<\/a> ou des <a data-id=\"200\" data-type=\"page\" href=\"https:\/\/praguetouristinformation.com\/fr\/shopping\/centres-commerciaux\" style=\"outline: none;\">centres<\/a> commerciaux . Les prix commencent \u00e0 environ 2,00 euros de l&rsquo;heure et peuvent aller jusqu&rsquo;\u00e0 4,00 euros de l&rsquo;heure.<\/p>\n<p>De nombreux parkings du centre-ville sont ouverts 24h\/24, notamment :<\/p>\n<p>\u2022 Parking Palladium, qui est l&rsquo;un des plus grands avec 900 places \u2022 Garage Anchor en face du centre commercial Palladium \u2022 Parking souterrain au Th\u00e9\u00e2tre National \u2022 Garage Rudolfinum pr\u00e8s <a data-id=\"664\" data-type=\"page\" href=\"https:\/\/praguetouristinformation.com\/fr\/choses-a-faire\/le-pont-charles\" style=\"outline: none;\">du Pont Charles<\/a> \u2022 Parking \u00e0 Karlsplatz \u2022 Parking Wilson pr\u00e8s de la <a data-id=\"98\" data-type=\"page\" href=\"https:\/\/praguetouristinformation.com\/fr\/plan\/arrivee\/gare-centrale\" style=\"outline: none;\">Gare Centrale<\/a> \u2022 Garage Zentrum \u00e0 c\u00f4t\u00e9 de l&rsquo;Op\u00e9ra d&rsquo;\u00c9tat<\/p>\n<h2 id=\"t-1670245863414\">R\u00e9servation de stationnement<\/h2>\n<p>Vous pouvez r\u00e9server votre place de garage \u00e0 l&rsquo;avance sur <strong><a data-id=\"www.mrparkit.com\" data-type=\"URL\" href=\"http:\/\/www.mrparkit.com\" target=\"_blank\" style=\"outline: none;\" rel=\"noopener\">www.mrparkit.com<\/a><\/strong> . Le paiement est uniquement en esp\u00e8ces<\/p>\n<h2 id=\"t-1670245863415\">Co\u00fbt du Park and Ride \u00e0 Prague<\/h2>\n<p>Les installations Park and Ride sont gard\u00e9es et ne co\u00fbtent que 20 CZK (environ 80 cents) pour toute la journ\u00e9e (4h00 &#8211; 1h00) et 100 CZK (environ 4 EUR) par nuit.<\/p>\n<h2 id=\"t-1670245863416\">Billets pour les transports en commun<\/h2>\n<p><span><img decoding=\"async\" alt=\"\" data-id=\"3635\" width=\"688\" data-init-width=\"1000\" height=\"459\" data-init-height=\"667\" title=\"La main de la jeune femme ins\u00e8re le ticket de bus dans le validateur\" loading=\"lazy\" src=\"http:\/\/praguetouristinformation.com\/wp-content\/uploads\/2022\/12\/prague-public-Transport.jpg\" data-width=\"688\" data-height=\"459\" data-pinpro-key=\"a9915elu3\"><\/span><\/p>\n<p>Il existe diff\u00e9rents tickets pour <a data-id=\"775\" data-type=\"page\" href=\"https:\/\/praguetouristinformation.com\/fr\/plan\/transports-en-commun\" style=\"outline: none;\">les transports en commun<\/a> .<\/p>\n<p>Le ticket de 30 minutes est valable une demi-heure apr\u00e8s validation et co\u00fbte environ 0,90 euros. Vous pouvez effectuer des transferts aussi souvent que vous le souhaitez, changer de moyen de transport ou interrompre le voyage.<\/p>\n<p>Le billet de 90 minutes est valable une heure et demie apr\u00e8s validation et co\u00fbte environ 2,00 euros. Vous pouvez changer autant de fois que vous le souhaitez, changer de moyen de transport ou interrompre le voyage<\/p>\n<p>Un billet pour 24 ou 72 heures peut \u00eatre utilis\u00e9 exactement pendant le nombre d&rsquo;heures sp\u00e9cifi\u00e9 apr\u00e8s validation.<\/p>\n<p>Des informations plus d\u00e9taill\u00e9es peuvent \u00eatre trouv\u00e9es <a data-id=\"775\" data-type=\"page\" href=\"https:\/\/praguetouristinformation.com\/fr\/plan\/transports-en-commun\" style=\"outline: none;\">ici.<\/a><\/p>\n<h2 id=\"t-1670245863417\">Zones de stationnement \u00e0 Prague<\/h2>\n<p><span><img decoding=\"async\" alt=\"\" data-id=\"3710\" width=\"688\" data-init-width=\"1000\" height=\"459\" data-init-height=\"667\" title=\"Stationnement de voitures sur une rue dans une vieille ville de\" loading=\"lazy\" src=\"http:\/\/praguetouristinformation.com\/wp-content\/uploads\/2022\/12\/prague-parking-zones.jpg\" data-width=\"688\" data-height=\"459\" data-pinpro-key=\"pfcetzty7\"><\/span><\/p>\n<p>Les zones de stationnement du centre de Prague sont signal\u00e9es par des couleurs diff\u00e9rentes. De nombreuses places du centre-ville sont r\u00e9serv\u00e9es aux r\u00e9sidents.<\/p>\n<ul>\n<li><strong>Zone bleue :&nbsp;<\/strong> Seuls les r\u00e9sidents avec un permis de stationnement sont autoris\u00e9s \u00e0 stationner ici.<\/li>\n<\/ul>\n<ul>\n<li><strong>Zone orange<\/strong> : Stationnement de courte dur\u00e9e : Le stationnement jusqu&rsquo;\u00e0 2 heures est autoris\u00e9. Valable de 8h00 \u00e0 18h00, prix de l&rsquo;heure environ 40 couronnes<\/li>\n<\/ul>\n<ul>\n<li><strong>Zone verte :<\/strong> Stationnement longue dur\u00e9e : Le stationnement jusqu&rsquo;\u00e0 6 heures est autoris\u00e9. Valable de 8h00 \u00e0 18h00, prix de l&rsquo;heure environ 30 couronnes<\/li>\n<\/ul>\n<h2 style=\"\">R\u00e9servations populaires de transport \u00e0 Prague<\/h2>\n<p><!-- GetYourGuide Analytics -->[tcb-script async=\u00a0\u00bb\u00a0\u00bb defer=\u00a0\u00bb\u00a0\u00bb src=\u00a0\u00bbhttps:\/\/widget.getyourguide.com\/dist\/pa.umd.production.min.js\u00a0\u00bb data-gyg-partner-id=\u00a0\u00bb0F6NPGN\u00a0\u00bb][\/tcb-script]<\/p>\n<h2 id=\"t-1670245863418\">Vente de tickets de stationnement<\/h2>\n<p>Dans les parkings publics, il y a des machines qui d\u00e9livrent des permis de stationnement temporaires. Ils sont marqu\u00e9s d&rsquo;un grand \u00ab\u00a0P\u00a0\u00bb bleu. Un petit changement est n\u00e9cessaire pour ces machines.<\/p>\n<p>Le ticket doit \u00eatre plac\u00e9 \u00e0 un endroit visible sur le tableau de bord.<\/p>\n<h2 id=\"t-1670245863419\">Handy-Apps<\/h2>\n<p>Les applications pour t\u00e9l\u00e9phones portables telles que Parkov\u00e1n\u00ed vous montrent la prochaine place de parking gratuite et comment vous y rendre en utilisant une navigation r\u00e9elle et fournissent des informations sur les co\u00fbts \u00e0 l&rsquo;avance.<\/p>\n<p>Le paiement par t\u00e9l\u00e9phone mobile est \u00e9galement possible dans de nombreux cas.<\/p>\n<h2 id=\"t-1670245863420\">Parking gratuit<\/h2>\n<p>Dans le centre-ville, il est tr\u00e8s difficile voire impossible de trouver des places de parking gratuites. Un peu en dehors du centre-ville, vous pouvez vous garer gratuitement sur le bord de la route. Certains h\u00f4tels proposent \u00e9galement un parking gratuit \u00e0 leurs clients.<\/p>\n<h2 id=\"t-1670245863421\">Plus de garages \u00e0 Prague<\/h2>\n<p>Vous trouverez un aper\u00e7u des possibilit\u00e9s de stationnement dans les parkings surveill\u00e9s <a data-id=\"www.bezpecneparkovani.cz\" data-type=\"URL\" href=\"http:\/\/www.bezpecneparkovani.cz\" target=\"_blank\" style=\"outline: none;\" rel=\"noopener\">sous ce lien<\/a> .<\/p>\n<h2 id=\"t-1670245863422\">remorquer<\/h2>\n<p>Si la voiture a \u00e9t\u00e9 munie d&rsquo;une pince de stationnement ou a m\u00eame \u00e9t\u00e9 remorqu\u00e9e, le centre d&rsquo;information de la police peut appeler le +42 156 pour plus d&rsquo;informations. Les frais de la pince de stationnement commencent \u00e0 50 euros.<\/p>\n","protected":false},"excerpt":{"rendered":"<p>Autant de curiosit\u00e9s qu&rsquo;il y a \u00e0 Prague , les places de parking sont rares. Afin que vous puissiez toujours trouver facilement une place, nous avons cr\u00e9\u00e9 pour vous l&rsquo;aper\u00e7u suivant. Parkings relais Il y a des parkings relais dans quelques stations de m\u00e9tro \u00e0 l&rsquo;ext\u00e9rieur du centre, environ 20. Ce sont des parkings surveill\u00e9s. [&hellip;]<\/p>\n","protected":false},"author":6,"featured_media":2377,"parent":769,"menu_order":0,"comment_status":"open","ping_status":"closed","template":"","meta":{"footnotes":""},"categories":[],"tags":[32,33],"class_list":["post-1086","page","type-page","status-publish","has-post-thumbnail","hentry","tag-planung","tag-verkehr","post-wrapper","thrv_wrapper"],"_links":{"self":[{"href":"https:\/\/praguetouristinformation.com\/fr\/wp-json\/wp\/v2\/pages\/1086","targetHints":{"allow":["GET"]}}],"collection":[{"href":"https:\/\/praguetouristinformation.com\/fr\/wp-json\/wp\/v2\/pages"}],"about":[{"href":"https:\/\/praguetouristinformation.com\/fr\/wp-json\/wp\/v2\/types\/page"}],"author":[{"embeddable":true,"href":"https:\/\/praguetouristinformation.com\/fr\/wp-json\/wp\/v2\/users\/6"}],"replies":[{"embeddable":true,"href":"https:\/\/praguetouristinformation.com\/fr\/wp-json\/wp\/v2\/comments?post=1086"}],"version-history":[{"count":0,"href":"https:\/\/praguetouristinformation.com\/fr\/wp-json\/wp\/v2\/pages\/1086\/revisions"}],"up":[{"embeddable":true,"href":"https:\/\/praguetouristinformation.com\/fr\/wp-json\/wp\/v2\/pages\/769"}],"wp:featuredmedia":[{"embeddable":true,"href":"https:\/\/praguetouristinformation.com\/fr\/wp-json\/wp\/v2\/media\/2377"}],"wp:attachment":[{"href":"https:\/\/praguetouristinformation.com\/fr\/wp-json\/wp\/v2\/media?parent=1086"}],"wp:term":[{"taxonomy":"category","embeddable":true,"href":"https:\/\/praguetouristinformation.com\/fr\/wp-json\/wp\/v2\/categories?post=1086"},{"taxonomy":"post_tag","embeddable":true,"href":"https:\/\/praguetouristinformation.com\/fr\/wp-json\/wp\/v2\/tags?post=1086"}],"curies":[{"name":"wp","href":"https:\/\/api.w.org\/{rel}","templated":true}]}}