{"id":98,"date":"2020-08-19T10:18:04","date_gmt":"2020-08-19T10:18:04","guid":{"rendered":"https:\/\/praguetouristinformation.com\/es\/?page_id=98"},"modified":"2025-08-07T09:27:37","modified_gmt":"2025-08-07T09:27:37","slug":"estacion-central","status":"publish","type":"page","link":"https:\/\/praguetouristinformation.com\/es\/plan\/llegar\/estacion-central","title":{"rendered":"Gu\u00eda de la estaci\u00f3n principal de tren de Praga (Hlavn\u00ed N\u00e1dra\u017e): Informaci\u00f3n, horarios &amp; conexiones de tren"},"content":{"rendered":"<h3 id=\"t-1670343365875\">La estaci\u00f3n principal de Praga, Praha hlavn\u00ed n\u00e1dra\u017e, es la estaci\u00f3n de larga distancia m\u00e1s importante de Praga y la estaci\u00f3n de pasajeros m\u00e1s grande de la Rep\u00fablica Checa.<\/h3>\n<p>La estaci\u00f3n de tren principal est\u00e1 a aproximadamente 1 kil\u00f3metro de la Plaza de la <a data-id=\"621\" data-type=\"page\" href=\"https:\/\/praguetouristinformation.com\/es\/cosas-que-hacer\/ciudad-vieja\/anillo-de-la-ciudad-vieja\" style=\"outline: none;\">Ciudad Vieja<\/a> ya unos cientos de metros de <a data-id=\"662\" data-type=\"page\" href=\"https:\/\/praguetouristinformation.com\/es\/cosas-que-hacer\/ciudad-vieja\/plaza-de-wenceslao\" style=\"outline: none;\">la Plaza de Wenceslao<\/a> .<\/p>\n<p>En esta gu\u00eda de la Estaci\u00f3n Central de Praga encontrar\u00e1s toda la informaci\u00f3n \u00fatil, como el horario con llegadas y salidas, conexiones de tren, Flixbus y m\u00e1s.<\/p>\n<p>\u00a1Aqu\u00ed vamos!&nbsp;<\/p>\n<h2 style=\"\">Prague Visitor Pass<\/h2>\n<p data-pm-slice=\"1 1 []\">El Prague Visitor Pass te da acceso a las principales atracciones, museos y al transporte p\u00fablico de la ciudad, ideal para explorar Praga con flexibilidad y eficiencia.<\/p>\n<p style=\"\">\u00a1Utiliza nuestro c\u00f3digo de descuento exclusivo <strong>pragueti5<\/strong> y obt\u00e9n un<strong> 5\u202f% de descuento!<\/strong><\/p>\n<p>__CONFIG_colors_palette__{\u00abactive_palette\u00bb:0,\u00bbconfig\u00bb:{\u00abcolors\u00bb:{\u00ab110d6\u00bb:{\u00abname\u00bb:\u00bbMain Accent\u00bb,\u00bbparent\u00bb:-1}},\u00bbgradients\u00bb:[]},\u00bbpalettes\u00bb:[{\u00abname\u00bb:\u00bbDefault Palette\u00bb,\u00bbvalue\u00bb:{\u00abcolors\u00bb:{\u00ab110d6\u00bb:{\u00abval\u00bb:\u00bbvar(e8c68)\u00bb}},\u00bbgradients\u00bb:[]},\u00bboriginal\u00bb:{\u00abcolors\u00bb:{\u00ab110d6\u00bb:{\u00abval\u00bb:\u00bbrgb(19, 114, 211)\u00bb,\u00bbhsl\u00bb:{\u00abh\u00bb:210,\u00bbs\u00bb:0.83,\u00bbl\u00bb:0.45}}},\u00bbgradients\u00bb:[]}}]}__CONFIG_colors_palette__ <a href=\"https:\/\/praguevisitorpass.eu\/?lang=es-es\" style=\"font-size: var(--tve-font-size, 14px) !important;\" rel=\"noopener\" target=\"_blank\"><span style=\"\">    <\/span> <span style=\"\"><span>M\u00e1s informaci\u00f3n<\/span><\/span> <\/a>  <\/p>\n<h2 id=\"t-1670343365876\">descripci\u00f3n<\/h2>\n<p><span><img decoding=\"async\" alt=\"\" data-id=\"3622\" width=\"885\" data-init-width=\"1000\" height=\"586\" data-init-height=\"662\" title=\"Interior,De,La,Hist\u00f3rica,Principal,Ferrocarril,Estaci\u00f3n,En,Praga,Checo\" loading=\"lazy\" src=\"https:\/\/praguetouristinformation.com\/es\/wp-content\/uploads\/2022\/12\/main-train-station-in-prague.jpg\" data-width=\"885\" data-height=\"586\" data-pinpro-key=\"sll5bat64\" style=\"aspect-ratio: auto 1000 \/ 662;\"><\/span><\/p>\n<p>El edificio consta de un gran sal\u00f3n central coronado por dos torres y enmarcado por alas sim\u00e9tricas.<\/p>\n<p>El edificio hist\u00f3rico y la sala sobre las v\u00edas del tren se encuentran entre los monumentos Art Nouveau m\u00e1s grandes de la Rep\u00fablica Checa y se puede llegar desde la sala principal a trav\u00e9s de una escalera mec\u00e1nica.<\/p>\n<p>El pasillo de la plataforma tiene dos pasillos, cubren una casa y tres plataformas de la isla. Hay un total de siete pistas de plataforma aqu\u00ed.<\/p>\n<p>Tres plataformas de isla m\u00e1s con seis v\u00edas de plataforma est\u00e1n fuera de la sala de plataformas, est\u00e1n provistas de techos de plataforma individuales.<\/p>\n<p>Se puede llegar a los andenes a trav\u00e9s de tres t\u00faneles peatonales.<\/p>\n<h2 id=\"t-1670343365877\">Bueno saber<\/h2>\n<ul>\n<li><strong>Tableros de visualizaci\u00f3n<\/strong> : Inicialmente, solo se muestran los horarios de salida en los tableros de visualizaci\u00f3n. Las plataformas se anunciar\u00e1n unos 20 minutos antes de la salida. Al llegar al and\u00e9n hay que buscar el camino correcto.<\/li>\n<\/ul>\n<h3 id=\"t-1670343365878\"><strong>norte y sur<\/strong><\/h3>\n<p><strong>Norte<\/strong> significa \u00abcortar\u00bb en checo, abreviado como \u00bb <strong>S\u00bb<\/strong> y designa la parte de la plataforma que mira hacia el norte.<\/p>\n<p><strong>Sur<\/strong> es \u00abjih\u00bb en checo y se abrevia como <strong>\u00abJ\u00bb<\/strong> y denota la parte de la plataforma que mira hacia el sur.<\/p>\n<p>Entonces, si lee \u00abPlataforma 7J\u00bb en la pantalla de informaci\u00f3n de la plataforma, significa que el tren partir\u00e1 de la plataforma 7 en la parte sur.<\/p>\n<p>Desde la entrada, el norte est\u00e1 a la izquierda.<\/p>\n<ul>\n<li><strong>Praha Masarykovo n\u00e1dra\u017e\u00ed<\/strong> : No confunda la estaci\u00f3n de tren principal con la estaci\u00f3n de tren de Masaryk. Aunque se encuentra en las inmediaciones de la estaci\u00f3n principal de trenes y se puede llegar f\u00e1cilmente a pie desde all\u00ed, solo es relevante para algunas conexiones regionales.<\/li>\n<\/ul>\n<p><span><img decoding=\"async\" alt=\"\" data-id=\"3621\" width=\"885\" data-init-width=\"1000\" height=\"508\" data-init-height=\"574\" title=\"Pendolino,En,Praga,-,Hdr,Foto\" loading=\"lazy\" src=\"https:\/\/praguetouristinformation.com\/es\/wp-content\/uploads\/2022\/12\/main-train-station-in-prague1.jpg\" data-width=\"885\" data-height=\"508\" data-pinpro-key=\"jqfji52i9\" style=\"aspect-ratio: auto 1000 \/ 574;\"><\/span><\/p>\n<h2 id=\"t-1670343365879\">Horario con llegada y salida<\/h2>\n<ul>\n<li><strong>Horas de llegada:<\/strong> aqu\u00ed se pueden encontrar las <a data-id=\"https:\/\/czech-transport.com\/index.php?id=10777\" data-type=\"URL\" href=\"https:\/\/czech-transport.com\/index.php?id=10777\" target=\"_blank\" style=\"outline: none;\" rel=\"noopener\">horas de llegada actuales<\/a> con informaci\u00f3n sobre la plataforma y la informaci\u00f3n sobre retrasos.<\/li>\n<\/ul>\n<ul>\n<li><strong>Horarios de salida:<\/strong> Los <a data-id=\"https:\/\/czech-transport.com\/index.php?id=10777\" data-type=\"URL\" href=\"https:\/\/czech-transport.com\/index.php?id=10777\" target=\"_blank\" style=\"outline: none;\" rel=\"noopener\">horarios de salida actuales<\/a> con informaci\u00f3n sobre plataformas e informaci\u00f3n sobre retrasos se pueden encontrar aqu\u00ed.<\/li>\n<\/ul>\n<h2 id=\"t-1670343365880\">conexiones de tren<\/h2>\n<p>Los trenes regionales y de larga distancia salen de la estaci\u00f3n principal de Praga a destinos como Alemania, Polonia, Eslovaquia, Serbia, Hungr\u00eda, Rumania, Bulgaria, Rusia, Bielorrusia, Ucrania y Austria. Todos los trenes ICE pasan por la estaci\u00f3n principal de Praga.<\/p>\n<p>Adem\u00e1s de los trenes expresos, los trenes InterCity, EuroCity y SuperCity, as\u00ed como el Railjet, tambi\u00e9n pasan por la estaci\u00f3n principal.<\/p>\n<p>En promedio, 600 trenes entran y salen de la Estaci\u00f3n Central de Praga todos los d\u00edas, manejando 70,000 pasajeros.<\/p>\n<h2 id=\"t-1670343365881\">Flixbus<\/h2>\n<p>Los autobuses de larga distancia de Flixbus tambi\u00e9n hacen parada en la estaci\u00f3n principal de trenes de Praga.<\/p>\n<p>Flixbus es la compa\u00f1\u00eda de autobuses de larga distancia m\u00e1s grande que da servicio a la estaci\u00f3n de tren principal de Praga. La empresa se fund\u00f3 en 2012 con sede en M\u00fanich y en 2019 sirvi\u00f3 aproximadamente a 2500 destinos en 30 pa\u00edses con 62 millones de clientes. Los autobuses verdes de dos pisos son veh\u00edculos modernos y c\u00f3modos con ba\u00f1os a bordo y WiFi gratis. Se venden snacks y bebidas durante el paseo.<\/p>\n<h2 id=\"t-1670343365882\">Transporte p\u00fablico<\/h2>\n<h3 id=\"t-1670343365883\"><strong>Subterraneo<\/strong><\/h3>\n<p>La l\u00ednea C, marcada en rojo, va a la estaci\u00f3n principal de trenes de Praga y ofrece una conexi\u00f3n r\u00e1pida con el cercano centro de la ciudad. La estaci\u00f3n de metro se encuentra justo debajo de la estaci\u00f3n de tren principal.<\/p>\n<p>Paradas de la l\u00ednea C: Let\u0148any &#8211; Prosek &#8211; St\u0159\u00ed\u017ekov &#8211; L\u00e1dv\u00ed &#8211; Kobylisy &#8211; N\u00e1dra\u017e\u00ed Hole\u0161ovice (estaci\u00f3n de tren de Hole\u0161ovice) &#8211; Vltavsk\u00e1 &#8211; Florenc &#8211; Hlavn\u00ed n\u00e1dra\u017e\u00ed = estaci\u00f3n principal &#8211; Muzeum &#8211; IP Pavlova &#8211; Vy\u0161ehrad &#8211; Pra\u017esk\u00e9ho povst\u00e1n\u00ed &#8211; Pankr\u00e1c &#8211; Bud\u011bjo &#8211; Chovka &#8211; Ka\u010derov &#8211; d Rozty \u2013 Opatov &#8211; Haje<\/p>\n<h3 id=\"t-1670343365884\"><strong>Tren<\/strong><\/h3>\n<p>En checo, el S-Bahn se llama Esko. Las siguientes l\u00edneas del S-Bahn de Praga van a la estaci\u00f3n principal: 5, 9, 26<\/p>\n<h3 id=\"t-1670343365885\"><strong>autob\u00fas<\/strong><\/h3>\n<p>La l\u00ednea de autob\u00fas 504 va a la estaci\u00f3n principal de tren, entre otros lugares.<\/p>\n<h3 id=\"t-1670343365886\"><strong>Expreso de aeropuerto<\/strong><\/h3>\n<p>La l\u00ednea de autob\u00fas AE conecta la estaci\u00f3n de tren principal de Praga con el <a data-id=\"86\" data-type=\"page\" href=\"https:\/\/praguetouristinformation.com\/es\/plan\/llegar\/aeropuerto-vaclav-havel\" style=\"outline: none;\">aeropuerto. <\/a>Los buses circulan diariamente entre las 5:30 am y las 9:00 pm como m\u00ednimo cada 30 minutos, y en temporada alta tambi\u00e9n cada 15 minutos. La parada est\u00e1 en la calle Wilsonova. El camino a la parada est\u00e1 se\u00f1alizado con se\u00f1ales.<\/p>\n<h3 id=\"t-1670343365887\"><strong>tranv\u00eda<\/strong><\/h3>\n<p>Si sales de la estaci\u00f3n por la entrada principal y luego giras a la derecha, despu\u00e9s de unos 100 metros llegar\u00e1s a una gran parada de tranv\u00eda con una gran cantidad de conexiones, incluidas las l\u00edneas 5, 9, 26, 55 y 58 a trav\u00e9s de la estaci\u00f3n principal.<\/p>\n<h3 id=\"t-1670343365888\"><strong>trenes regionales<\/strong><\/h3>\n<p>Los trenes regionales a otras ciudades de la Rep\u00fablica Checa parten de la estaci\u00f3n de tren principal de Praga, por ejemplo a Karlovy Vary, Budweis, Brno, Ostrava, Pilsen, Braunau, por nombrar solo algunas.<\/p>\n<p><span><img decoding=\"async\" alt=\"\" data-id=\"3620\" width=\"885\" data-init-width=\"1000\" height=\"590\" data-init-height=\"667\" title=\"Amarillo,Trenes,En,Principal,Estaci\u00f3n,Praga\" loading=\"lazy\" src=\"https:\/\/praguetouristinformation.com\/es\/wp-content\/uploads\/2022\/12\/main-train-station-in-prague-2.jpg\" data-width=\"885\" data-height=\"590\" data-pinpro-key=\"8r5pyr1rn\" style=\"aspect-ratio: auto 1000 \/ 667;\"><\/span><\/p>\n<h2 id=\"t-1670343365889\">Alquile un autob\u00fas en la estaci\u00f3n principal de tren<\/h2>\n<p>Nos complace ayudarlo a alquilar autobuses para todas las ocasiones, ya sea para viajes en grupo, salidas de empresa, viajes escolares, eventos u otros.<\/p>\n<h2 id=\"t-1670343365890\">taxi<\/h2>\n<p>Si bien hay paradas de taxis en la Estaci\u00f3n Central de Praga, se recomienda encarecidamente a los viajeros que no utilicen estos <a data-id=\"89\" data-type=\"page\" href=\"https:\/\/praguetouristinformation.com\/es\/plan\/llegar\/taxi\" style=\"outline: none;\">taxis<\/a> , que prefieran llamar a un taxi o utilizar los servicios de UBER. Los taxis que se detienen cerca de los puntos frecuentados por los turistas tienden a ser demasiado caros y viajan demasiado tiempo.<\/p>\n<p>La tarifa b\u00e1sica es de 60 CZK (aprox. 2,40 EUR), el precio por kil\u00f3metro es de 36 CZK (aprox. 1,45 EUR). Los tiempos de espera y de espera se cobran a 7 coronas checas por minuto (aprox. 0,28 EUR).<\/p>\n<h2 id=\"t-1670343365891\">Alquiler de coches<\/h2>\n<p>Entre otros, los proveedores de coches de alquiler Sixt, Budget y Avis est\u00e1n a su disposici\u00f3n. Por supuesto, puede reservar su coche de alquiler en l\u00ednea con antelaci\u00f3n. El veh\u00edculo estar\u00e1 disponible para usted tan pronto como llegue.<\/p>\n<h2 id=\"t-1670343365892\">Comida, restaurantes y cafeter\u00edas<\/h2>\n<p>La oferta gastron\u00f3mica en la estaci\u00f3n principal es variada. Ya sea para el desayuno, el almuerzo o la cena, varios puestos de comida ofrecen una comida r\u00e1pida en el medio, incluidos Burger King, Subway y muchos m\u00e1s.<\/p>\n<p>Ubicado en el vest\u00edbulo de entrada original en la parte hist\u00f3rica de la estaci\u00f3n de tren Art Nouveau, Fantova Kav\u00e1rna( (Caf\u00e9 Fanta) definitivamente merece una visita. Se puede llegar por las escaleras mec\u00e1nicas desde el moderno nivel -1.<\/p>\n<h2 id=\"t-1670343365893\">Compras, tiendas y comercios<\/h2>\n<p>Por supuesto, puede comprar todo lo que necesita para viajar en la estaci\u00f3n principal de Praga, y mucho m\u00e1s.<\/p>\n<p>Numerosas tiendas, desde peri\u00f3dicos y cosm\u00e9ticos hasta ropa y joyas, art\u00edculos de prensa y comestibles se pueden encontrar en el s\u00f3tano de la estaci\u00f3n principal.<\/p>\n<p>El supermercado Billa en el s\u00f3tano est\u00e1 abierto todos los d\u00edas de 7:00 a. m. a 11:00 p. m.<\/p>\n<h2 id=\"t-1670343365894\">farmacia<\/h2>\n<p>La farmacia se llama l\u00e9k\u00e1rna en checo.<\/p>\n<p>Hay una gran farmacia en la estaci\u00f3n principal de trenes de Praga, algunos de los empleados hablan ingl\u00e9s. La farmacia se encuentra en el vest\u00edbulo de entrada de la estaci\u00f3n principal de trenes de Praga. La farmacia est\u00e1 normalmente abierta los d\u00edas laborables de 7 a 20 horas y los s\u00e1bados y domingos de 8 a 20 horas.<\/p>\n<p>Se puede contactar con ella en la direcci\u00f3n de correo electr\u00f3nico Lekarna.HLAVNI.NADRAZI@seznam.cz o por tel\u00e9fono en el +420 224 210 040.<\/p>\n<p><span><img decoding=\"async\" alt=\"\" data-id=\"3628\" width=\"885\" data-init-width=\"1000\" height=\"590\" data-init-height=\"667\" title=\"Praga,Tren,Estaci\u00f3n,Durante,Nevadas\" loading=\"lazy\" src=\"https:\/\/praguetouristinformation.com\/es\/wp-content\/uploads\/2022\/12\/main-train-station-in-prague3.jpg\" data-width=\"885\" data-height=\"590\" data-pinpro-key=\"b3m6bsodg\" style=\"aspect-ratio: auto 1000 \/ 667;\"><\/span><\/p>\n<h2 id=\"t-1670343365895\">Aparcamiento y garaje<\/h2>\n<p>Justo al lado de la estaci\u00f3n principal de tren se encuentra uno de los aparcamientos de varias plantas m\u00e1s grandes de Praga, el Parking Centrum en la calle Wilsonov\u00e1 n\u00famero 6, al lado de la estaci\u00f3n principal de tren junto a la \u00d3pera Estatal Una hora cuesta unos 1,60 euros y 24 horas unos 25 euros El estacionamiento est\u00e1 vigilado.<\/p>\n<h2 id=\"t-1670343365896\">Taquillas y consigna de equipaje<\/h2>\n<p>El almacenamiento de equipaje en la estaci\u00f3n principal de trenes de Praga se encuentra al comienzo del pasillo derecho hacia los andenes y est\u00e1 abierto los 7 d\u00edas de la semana de 6:00 a. m. a 11:00 p. m. El precio ronda los 2 euros al d\u00eda.<\/p>\n<p>Los casilleros est\u00e1n ubicados en el nivel del s\u00f3tano -2 de la estaci\u00f3n principal de tren.<\/p>\n<h2 id=\"t-1670343365897\">Centro de Viajes e Informaci\u00f3n<\/h2>\n<p>Encontrar\u00e1 el centro de viajes e informaci\u00f3n en la planta baja de la estaci\u00f3n principal de tren.<\/p>\n<h2 id=\"t-1670343365898\">sal\u00f3n<\/h2>\n<p>Hay una sala de CD con Wi-Fi gratis que se encuentra en la parte trasera del nivel -2 cerca de las taquillas principales de CD y est\u00e1 abierta de 06:00 a 22:30. Puede ser utilizado por todos los pasajeros de 1.\u00aa clase y los titulares de billetes de 2.\u00aa clase para trenes de mayor valor, como los trenes EuroCity, EuroNight, Ex, REx, IC y SuperCity.<\/p>\n<p>Sin embargo, el sal\u00f3n no corresponde necesariamente a las ideas cl\u00e1sicas de un sal\u00f3n, se parece m\u00e1s a una zona de espera.<\/p>\n<h2 id=\"t-1670343365899\">Cajero autom\u00e1tico<\/h2>\n<p>Los cajeros autom\u00e1ticos para retiros de efectivo est\u00e1n disponibles en casi todos los niveles de la estaci\u00f3n principal de trenes.<\/p>\n<h2 id=\"t-1670343365900\">Objetos perdidos y encontrados \u2013 Objetos perdidos y encontrados<\/h2>\n<p>Cada a\u00f1o se pierden m\u00e1s de 250.000 art\u00edculos en estaciones y trenes. Si encuentra algo en la estaci\u00f3n de tren o en el tren, puede entregarlo al personal del tren o en la oficina de objetos perdidos en la estaci\u00f3n de tren. Los objetos perdidos se registran all\u00ed y esperan siete d\u00edas para ser recogidos por su due\u00f1o.<\/p>\n<p>La oficina de Lost&amp;Found se encuentra justo al lado de los casilleros en el s\u00f3tano -2 en la estaci\u00f3n principal de Praga. El contacto tambi\u00e9n es posible a trav\u00e9s de la direcci\u00f3n de correo electr\u00f3nico <a href=\"mailto:info@cd.cz\">info@cd.cz<\/a> o a trav\u00e9s del n\u00famero de tel\u00e9fono +420 840 112 113.<\/p>\n<h2 id=\"t-1670343365901\">ACCESO A INTERNET INAL\u00c1MBRICO<\/h2>\n<p>Los Ferrocarriles Federales Checos ofrecen acceso Wi-Fi gratuito en la estaci\u00f3n principal de Praga.<\/p>\n<h2 id=\"t-1670343365902\">Hoteles en la estaci\u00f3n de tren<\/h2>\n<p>Hay numerosos hoteles cerca de la estaci\u00f3n principal de tren. El centro de la se\u00f1ora Sophie est\u00e1 a solo 300 metros, los apartamentos Limar est\u00e1n a 400 metros y el Garden ApartHotel est\u00e1 a solo 500 metros. El Esplanade Hotel <a data-id=\"10\" data-type=\"page\" href=\"https:\/\/praguetouristinformation.com\/es\/hoteles\/5-estrellas\" style=\"outline: none;\">de 5 estrellas<\/a> y el Hilton tambi\u00e9n est\u00e1n muy cerca. Tambi\u00e9n hay muchos otros proveedores en todos los rangos de precios, hoteles con o sin estrellas, casas de hu\u00e9spedes y bed &amp; breakfast.&nbsp;<\/p>\n<h2 id=\"t-1670343365903\">Salas de seminarios y hoteles de conferencias<\/h2>\n<p>Estaremos encantados de ayudarle a alquilar salas de seminarios para sus eventos o elegir un hotel de conferencias que satisfaga exactamente sus expectativas y requisitos.<\/p>\n<h2 id=\"t-1670343365904\">hora de apertura<\/h2>\n<p>El edificio de la estaci\u00f3n NO est\u00e1 abierto las 24 horas, est\u00e1 cerrado entre las 00:30 y las 03:30 por motivos de limpieza.<\/p>\n<h2 id=\"t-1670343365905\">Informaci\u00f3n tur\u00edstica de Praga en la estaci\u00f3n de tren principal<\/h2>\n<p>Tourist Info ofrece toda la informaci\u00f3n que necesita sobre Praga en el acto. Aqu\u00ed puede obtener informaci\u00f3n sobre mapas, entradas, visitas tur\u00edsticas, teatros, eventos, informaci\u00f3n general sobre la ciudad e informaci\u00f3n sobre hoteles. Todo el personal es multiling\u00fce.<\/p>\n<p>Tambi\u00e9n puede comprar la Tarjeta de Bienvenida de Praga aqu\u00ed. Esto le permite utilizar todo el transporte p\u00fablico (S-Bahn, U-Bahn, autob\u00fas, tranv\u00eda y ferry) de forma gratuita, tener entrada gratuita a varios museos y disfrutar de descuentos en diversas actividades. Simplemente deje que el personal experto le asesore.<\/p>\n<p>Encontrar\u00e1 Prague Tourist Info a su llegada a la estaci\u00f3n principal de trenes en el primer piso del s\u00f3tano.<\/p>\n<ul>\n<li><strong>Direcci\u00f3n:<\/strong> Hall de entrada de la estaci\u00f3n principal de tren, Wilsonova 8, Praha 2 &#8211; Nov\u00e9 Mesto 120 06<\/li>\n<li><strong>Horario:<\/strong> Lunes a Domingo: 08:00 &#8211; 20:00<\/li>\n<li><strong>Correo electr\u00f3nico: <\/strong><a href=\"mailto:tourinfo@pis.cz\" style=\"outline: none;\">tourinfo@pis.cz<\/a><\/li>\n<li><a href=\"http:\/\/www.praguewelcome.cz\" style=\"outline: none;\" data-lt-tmp-id=\"lt-968195\" spellcheck=\"false\" target=\"_blank\" rel=\"noopener\">PragaBienvenido<\/a><\/li>\n<\/ul>\n<h2 id=\"t-1670343365906\">direcci\u00f3n<\/h2>\n<ul>\n<li><strong>Direcci\u00f3n:<\/strong> Estaci\u00f3n principal de trenes de Praga, Praha hlavn\u00ed n\u00e1dra\u017e , Wilsonova 8, 120 00 Praga<\/li>\n<li><strong>Tel\u00e9fono:<\/strong> +420 224 214 886 o +420 224 217 948<\/li>\n<li><strong>Sitio web: <\/strong><a href=\"https:\/\/www.cd.cz\/stanice\/5457076\/\" target=\"_blank\" style=\"outline: none;\" rel=\"noopener\">Estaci\u00f3n de tren principal de Praga<\/a><\/li>\n<\/ul>\n","protected":false},"excerpt":{"rendered":"<p>La estaci\u00f3n principal de Praga, Praha hlavn\u00ed n\u00e1dra\u017e, es la estaci\u00f3n de larga distancia m\u00e1s importante de Praga y la estaci\u00f3n de pasajeros m\u00e1s grande de la Rep\u00fablica Checa. La estaci\u00f3n de tren principal est\u00e1 a aproximadamente 1 kil\u00f3metro de la Plaza de la Ciudad Vieja ya unos cientos de metros de la Plaza de [&hellip;]<\/p>\n","protected":false},"author":6,"featured_media":2373,"parent":769,"menu_order":0,"comment_status":"open","ping_status":"closed","template":"","meta":{"footnotes":""},"categories":[],"tags":[32,33],"class_list":["post-98","page","type-page","status-publish","has-post-thumbnail","hentry","tag-planung","tag-verkehr","post-wrapper","thrv_wrapper"],"_links":{"self":[{"href":"https:\/\/praguetouristinformation.com\/es\/wp-json\/wp\/v2\/pages\/98","targetHints":{"allow":["GET"]}}],"collection":[{"href":"https:\/\/praguetouristinformation.com\/es\/wp-json\/wp\/v2\/pages"}],"about":[{"href":"https:\/\/praguetouristinformation.com\/es\/wp-json\/wp\/v2\/types\/page"}],"author":[{"embeddable":true,"href":"https:\/\/praguetouristinformation.com\/es\/wp-json\/wp\/v2\/users\/6"}],"replies":[{"embeddable":true,"href":"https:\/\/praguetouristinformation.com\/es\/wp-json\/wp\/v2\/comments?post=98"}],"version-history":[{"count":9,"href":"https:\/\/praguetouristinformation.com\/es\/wp-json\/wp\/v2\/pages\/98\/revisions"}],"predecessor-version":[{"id":5234,"href":"https:\/\/praguetouristinformation.com\/es\/wp-json\/wp\/v2\/pages\/98\/revisions\/5234"}],"up":[{"embeddable":true,"href":"https:\/\/praguetouristinformation.com\/es\/wp-json\/wp\/v2\/pages\/769"}],"wp:featuredmedia":[{"embeddable":true,"href":"https:\/\/praguetouristinformation.com\/es\/wp-json\/wp\/v2\/media\/2373"}],"wp:attachment":[{"href":"https:\/\/praguetouristinformation.com\/es\/wp-json\/wp\/v2\/media?parent=98"}],"wp:term":[{"taxonomy":"category","embeddable":true,"href":"https:\/\/praguetouristinformation.com\/es\/wp-json\/wp\/v2\/categories?post=98"},{"taxonomy":"post_tag","embeddable":true,"href":"https:\/\/praguetouristinformation.com\/es\/wp-json\/wp\/v2\/tags?post=98"}],"curies":[{"name":"wp","href":"https:\/\/api.w.org\/{rel}","templated":true}]}}