{"id":95,"date":"2020-08-18T05:59:02","date_gmt":"2020-08-18T05:59:02","guid":{"rendered":"https:\/\/praguetouristinformation.com\/es\/?page_id=95"},"modified":"2025-08-07T09:27:32","modified_gmt":"2025-08-07T09:27:32","slug":"estacionar","status":"publish","type":"page","link":"https:\/\/praguetouristinformation.com\/es\/plan\/llegar\/estacionar","title":{"rendered":"Estacionar en Praga: Zonas de estacionamiento, estacionamientos y costos"},"content":{"rendered":"<p>Aunque a veces hay un poco de congesti\u00f3n de tr\u00e1fico, conducir en Praga no suele ser un problema, pero aparcar s\u00ed lo es. Tantas vistas como hay en Praga, hay muy pocas plazas de aparcamiento. Hay alrededor de 90.000 plazas de aparcamiento en el centro de Praga y sus alrededores, lo que est\u00e1 lejos de ser suficiente.<\/p>\n<h2 style=\"\">Prague Visitor Pass<\/h2>\n<p data-pm-slice=\"1 1 []\">El Prague Visitor Pass te da acceso a las principales atracciones, museos y al transporte p\u00fablico de la ciudad, ideal para explorar Praga con flexibilidad y eficiencia.<\/p>\n<p style=\"\">\u00a1Utiliza nuestro c\u00f3digo de descuento exclusivo <strong>pragueti5<\/strong> y obt\u00e9n un<strong> 5\u202f% de descuento!<\/strong><\/p>\n<p>__CONFIG_colors_palette__{\u00abactive_palette\u00bb:0,\u00bbconfig\u00bb:{\u00abcolors\u00bb:{\u00ab110d6\u00bb:{\u00abname\u00bb:\u00bbMain Accent\u00bb,\u00bbparent\u00bb:-1}},\u00bbgradients\u00bb:[]},\u00bbpalettes\u00bb:[{\u00abname\u00bb:\u00bbDefault Palette\u00bb,\u00bbvalue\u00bb:{\u00abcolors\u00bb:{\u00ab110d6\u00bb:{\u00abval\u00bb:\u00bbvar(e8c68)\u00bb}},\u00bbgradients\u00bb:[]},\u00bboriginal\u00bb:{\u00abcolors\u00bb:{\u00ab110d6\u00bb:{\u00abval\u00bb:\u00bbrgb(19, 114, 211)\u00bb,\u00bbhsl\u00bb:{\u00abh\u00bb:210,\u00bbs\u00bb:0.83,\u00bbl\u00bb:0.45}}},\u00bbgradients\u00bb:[]}}]}__CONFIG_colors_palette__ <a href=\"https:\/\/praguevisitorpass.eu\/?lang=es-es\" style=\"font-size: var(--tve-font-size, 14px) !important;\" rel=\"noopener\" target=\"_blank\"><span style=\"\">    <\/span> <span style=\"\"><span>M\u00e1s informaci\u00f3n<\/span><\/span> <\/a>  <\/p>\n<h2 id=\"t-1670236856472\">zonas de estacionamiento<\/h2>\n<p>El centro de la ciudad est\u00e1 dividido en zonas de aparcamiento. Estos est\u00e1n marcados en un tablero con la se\u00f1al de tr\u00e1fico <strong>P<\/strong> , y tambi\u00e9n hay franjas del color correspondiente en la calzada.<\/p>\n<ul>\n<li><strong>Azul:<\/strong> Las zonas de estacionamiento est\u00e1n reservadas para residentes. Aseg\u00farese de no estacionar su veh\u00edculo aqu\u00ed, de lo contrario, corre el riesgo de obtener una abrazadera de estacionamiento o incluso que su autom\u00f3vil sea remolcado.<\/li>\n<li><strong>Naranja:<\/strong> Se permite aparcar un m\u00e1ximo de 2 horas en las zonas naranjas. Las tarifas rondan los 1,20 euros la hora.<\/li>\n<li><strong>Verde:<\/strong> Se permite estacionar en las zonas verdes por un m\u00e1ximo de 6 horas. Las tarifas rondan los 1,60 euros la hora.<\/li>\n<\/ul>\n<h2 id=\"t-1670236856473\">Venta de boletos de estacionamiento<\/h2>\n<p>Se puede obtener un ticket de estacionamiento en las m\u00e1quinas justo al lado de las se\u00f1ales de estacionamiento. Preste atenci\u00f3n a los paneles informativos de las se\u00f1ales de tr\u00e1fico.<\/p>\n<p>La expresi\u00f3n \u00abparkovac\u00ed l\u00edstek\u00bb o \u00abparkovac\u00ed karta\u00bb significa que se puede obtener un ticket de estacionamiento de la m\u00e1quina de estacionamiento, la expresi\u00f3n \u00abBez omezen\u00cd\u00bb significa \u00abilimitado\u00bb.<\/p>\n<h2 id=\"t-1670236856474\">objetos de valor en el coche<\/h2>\n<p>Nunca deje objetos de valor en el autom\u00f3vil cuando estacione en la calle. Adem\u00e1s, aseg\u00farese de no dejar ning\u00fan equipaje a la vista en el veh\u00edculo.<\/p>\n<p>Los robos y robos de autom\u00f3viles no son infrecuentes en Praga.<\/p>\n<h2 id=\"t-1670236856475\">aplicaciones m\u00f3viles<\/h2>\n<p>La aplicaci\u00f3n m\u00f3vil Mr.Parkit muestra el siguiente espacio de estacionamiento disponible en un estacionamiento.<\/p>\n<h2 id=\"t-1670236856476\">estacionamientos<\/h2>\n<p>Hay aparcamientos de pago de varias plantas por toda la ciudad, muchos de los cuales est\u00e1n situados cerca de estaciones de tren, <a data-id=\"247\" data-type=\"page\" href=\"https:\/\/praguetouristinformation.com\/es\/cosas-que-hacer\" style=\"outline: none;\">atracciones tur\u00edsticas<\/a> , centros <a data-id=\"200\" data-type=\"page\" href=\"https:\/\/praguetouristinformation.com\/es\/compras\/centro-comercial\" style=\"outline: none;\">comerciales<\/a> o grandes hoteles. Los estacionamientos est\u00e1n vigilados. Los precios parten de los 2 euros la hora, las 24 horas cuestan desde unos 30 euros.<\/p>\n<p>Hemos reunido algunos de los m\u00e1s grandes y centrales para usted:<\/p>\n<ul>\n<li><strong>Aparcamiento subterr\u00e1neo Palladium:<\/strong> El aparcamiento subterr\u00e1neo p\u00fablico m\u00e1s grande del centro se encuentra debajo del centro comercial Palladium, Republic Square 1, Praha 1.<\/li>\n<\/ul>\n<ul>\n<li><strong>Parking Centrum:<\/strong> junto a la <a data-id=\"98\" data-type=\"page\" href=\"https:\/\/praguetouristinformation.com\/es\/plan\/llegar\/estacion-central\" style=\"outline: none;\">estaci\u00f3n principal de trenes,<\/a> la \u00d3pera Estatal y cerca de la <a data-id=\"662\" data-type=\"page\" href=\"https:\/\/praguetouristinformation.com\/es\/cosas-que-hacer\/ciudad-vieja\/plaza-de-wenceslao\" style=\"outline: none;\">Plaza de Wenceslao<\/a> se encuentra el aparcamiento m\u00e1s grande de Praga con 440 plazas de aparcamiento, el Parking Centrum en Wilsonov\u00e1 6.<\/li>\n<\/ul>\n<ul>\n<li><strong>Aparcamiento subterr\u00e1neo Millenium:<\/strong> El aparcamiento subterr\u00e1neo Millenium debajo del Hotel Mariott ofrece 440 plazas de aparcamiento y est\u00e1 c\u00e9ntricamente situado cerca de la estaci\u00f3n de tren de la ciudad de Praga Masarykovo N\u00e1dra\u017e\u00ed<\/li>\n<\/ul>\n<ul>\n<li><strong>Aparcamiento subterr\u00e1neo Rudofinium:<\/strong> El aparcamiento subterr\u00e1neo Rudofinium con 450 plazas de aparcamiento est\u00e1 situado directamente sobre el r\u00edo Vltava y cerca del <a data-id=\"664\" data-type=\"page\" href=\"https:\/\/praguetouristinformation.com\/es\/cosas-que-hacer\/puente-de-carlos\" style=\"outline: none;\">Puente de Carlos . <\/a>El garaje est\u00e1 vigilado por c\u00e1maras las 24 horas y se encuentra en Al\u0161ovo N\u00e1b\u0159e\u017e\u00ed 12, 11000 Praga 1.<\/li>\n<\/ul>\n<h2 style=\"\" id=\"t-1754558777538\">Reservas populares de transporte en Praga<\/h2>\n<p><!-- GetYourGuide Analytics -->[tcb-script async=\u00bb\u00bb defer=\u00bb\u00bb src=\u00bbhttps:\/\/widget.getyourguide.com\/dist\/pa.umd.production.min.js\u00bb data-gyg-partner-id=\u00bb0F6NPGN\u00bb][\/tcb-script]<\/p>\n<h2 id=\"t-1670236856477\">estacionamiento del hotel<\/h2>\n<p>Muchos hoteles en Praga ofrecen estacionamiento privado por una tarifa. Estos estacionamientos a menudo est\u00e1n monitoreados por video o incluso completamente cerrados y se consideran muy seguros.<\/p>\n<h2 id=\"t-1670236856478\">Parque y paseo<\/h2>\n<p>Hay un total de 16 aparcamientos Park &amp; Ride en Praga, todos los cuales est\u00e1n fuera de los l\u00edmites de la ciudad. Muchos est\u00e1n bajo vigilancia por video. La mayor\u00eda de ellos est\u00e1n conectados a la red de metro, algunos a los servicios de autob\u00fas. Los espacios de estacionamiento est\u00e1n sujetos a una tarifa, pero generalmente son mucho m\u00e1s baratos que los estacionamientos en el centro de la ciudad, es posible estacionar por menos de 1 euro por d\u00eda.<\/p>\n<p>Los espacios de estacionamiento Park &amp; Ride est\u00e1n disponibles en las siguientes estaciones de metro:<\/p>\n<ul>\n<li><strong>L\u00ednea A<\/strong> : Skalka<\/li>\n<li><strong>L\u00ednea B<\/strong> : \u010cern\u00fd Most, Nov\u00e9 Butovice, Palmovka, Rajsk\u00e1 zahrada, Zli\u010d\u00edn<\/li>\n<li><strong>L\u00ednea C<\/strong> : Chodov, Depo Hostiva\u0159, L\u00e1dv\u00ed, Let\u0148any, N\u00e1dra\u017e\u00ed Hole\u0161ovice, Opatov<\/li>\n<\/ul>\n<p>Estos parkings Park &amp; Ride cierran a la 1 de la madrugada. Despu\u00e9s de eso, solo puede volver a recoger su veh\u00edculo a partir de las 4 a.m. por un cargo adicional de 200 coronas (4 euros).&nbsp;<\/p>\n<p>Junto con el ticket de aparcamiento, tambi\u00e9n se pueden comprar en las m\u00e1quinas del parking billetes de transporte p\u00fablico con descuento, estos solo son v\u00e1lidos el mismo d\u00eda.<\/p>\n<h2 id=\"t-1670236856479\">Estacionamiento gratis<\/h2>\n<p>El estacionamiento fuera de las zonas de estacionamiento es gratuito. Tambi\u00e9n puedes aparcar gratis en las zonas exteriores.<\/p>\n<p>Muchos hoteles ofrecen estacionamiento gratuito.<\/p>\n<h2 id=\"t-1670236856480\">remolcar<\/h2>\n<p>Si el autom\u00f3vil ha sido estacionado o incluso ha sido remolcado, llame a la polic\u00eda de la ciudad de Praga al +420 156.<\/p>\n<p>Esto suele llegar relativamente r\u00e1pido y resuelve el bloqueo del coche por una tarifa. Las tarifas para esto comienzan en un m\u00ednimo de 50 euros.<\/p>\n<p>El remolque es significativamente m\u00e1s caro.<\/p>\n","protected":false},"excerpt":{"rendered":"<p>Aunque a veces hay un poco de congesti\u00f3n de tr\u00e1fico, conducir en Praga no suele ser un problema, pero aparcar s\u00ed lo es. Tantas vistas como hay en Praga, hay muy pocas plazas de aparcamiento. Hay alrededor de 90.000 plazas de aparcamiento en el centro de Praga y sus alrededores, lo que est\u00e1 lejos de [&hellip;]<\/p>\n","protected":false},"author":6,"featured_media":2380,"parent":769,"menu_order":0,"comment_status":"closed","ping_status":"closed","template":"","meta":{"footnotes":""},"categories":[],"tags":[32,33],"class_list":["post-95","page","type-page","status-publish","has-post-thumbnail","hentry","tag-planung","tag-verkehr","post-wrapper","thrv_wrapper"],"_links":{"self":[{"href":"https:\/\/praguetouristinformation.com\/es\/wp-json\/wp\/v2\/pages\/95","targetHints":{"allow":["GET"]}}],"collection":[{"href":"https:\/\/praguetouristinformation.com\/es\/wp-json\/wp\/v2\/pages"}],"about":[{"href":"https:\/\/praguetouristinformation.com\/es\/wp-json\/wp\/v2\/types\/page"}],"author":[{"embeddable":true,"href":"https:\/\/praguetouristinformation.com\/es\/wp-json\/wp\/v2\/users\/6"}],"replies":[{"embeddable":true,"href":"https:\/\/praguetouristinformation.com\/es\/wp-json\/wp\/v2\/comments?post=95"}],"version-history":[{"count":7,"href":"https:\/\/praguetouristinformation.com\/es\/wp-json\/wp\/v2\/pages\/95\/revisions"}],"predecessor-version":[{"id":5232,"href":"https:\/\/praguetouristinformation.com\/es\/wp-json\/wp\/v2\/pages\/95\/revisions\/5232"}],"up":[{"embeddable":true,"href":"https:\/\/praguetouristinformation.com\/es\/wp-json\/wp\/v2\/pages\/769"}],"wp:featuredmedia":[{"embeddable":true,"href":"https:\/\/praguetouristinformation.com\/es\/wp-json\/wp\/v2\/media\/2380"}],"wp:attachment":[{"href":"https:\/\/praguetouristinformation.com\/es\/wp-json\/wp\/v2\/media?parent=95"}],"wp:term":[{"taxonomy":"category","embeddable":true,"href":"https:\/\/praguetouristinformation.com\/es\/wp-json\/wp\/v2\/categories?post=95"},{"taxonomy":"post_tag","embeddable":true,"href":"https:\/\/praguetouristinformation.com\/es\/wp-json\/wp\/v2\/tags?post=95"}],"curies":[{"name":"wp","href":"https:\/\/api.w.org\/{rel}","templated":true}]}}