{"id":92,"date":"2020-08-18T05:56:38","date_gmt":"2020-08-18T05:56:38","guid":{"rendered":"https:\/\/praguetouristinformation.com\/es\/?page_id=92"},"modified":"2025-08-07T09:27:35","modified_gmt":"2025-08-07T09:27:35","slug":"estacion-de-autobuses-florenc","status":"publish","type":"page","link":"https:\/\/praguetouristinformation.com\/es\/plan\/llegar\/estacion-de-autobuses-florenc","title":{"rendered":"Gu\u00eda de la estaci\u00f3n de autobuses de Praga: Informaci\u00f3n, horario, conexiones de autob\u00fas"},"content":{"rendered":"<h3 id=\"t-1670351295811\">La estaci\u00f3n central de autobuses de Praga ZOB se llama Florenc &#8211; Praha Florenc \u00daAN &#8211; y est\u00e1 ubicada en el distrito de Kalin, al este del <a data-id=\"742\" data-type=\"page\" href=\"https:\/\/praguetouristinformation.com\/es\/sehenswuerdigkeiten\/altstadt\" style=\"outline: none;\">casco antiguo de Praga,<\/a> en la orilla derecha del Vltava.<\/h3>\n<p>La distancia al casco antiguo de Praga es de aproximadamente 1,5 kil\u00f3metros, al <a data-id=\"664\" data-type=\"page\" href=\"https:\/\/praguetouristinformation.com\/es\/cosas-que-hacer\/puente-de-carlos\" style=\"outline: none;\">Puente de Carlos<\/a> es de 2 kil\u00f3metros.<\/p>\n<p>Praha Florenc \u00daAN es el eje central del sistema de transporte p\u00fablico de la ciudad. Cada a\u00f1o se manejan alrededor de 10 millones de pasajeros. La estaci\u00f3n de autobuses est\u00e1 considerada como una de las m\u00e1s modernas de Europa.<\/p>\n<p>Praha Florenc \u00daAN est\u00e1 abierta de 4:00 a. m. a medianoche, la nueva sala abre a las 5:00 a. m.<\/p>\n<p>Consulte esta gu\u00eda de la estaci\u00f3n de autobuses de Praga para obtener m\u00e1s informaci\u00f3n y consejos \u00fatiles. \u00a1Comencemos con el horario!<\/p>\n<h2 style=\"\">Prague Visitor Pass<\/h2>\n<p data-pm-slice=\"1 1 []\">El Prague Visitor Pass te da acceso a las principales atracciones, museos y al transporte p\u00fablico de la ciudad, ideal para explorar Praga con flexibilidad y eficiencia.<\/p>\n<p style=\"\">\u00a1Utiliza nuestro c\u00f3digo de descuento exclusivo <strong>pragueti5<\/strong> y obt\u00e9n un<strong> 5\u202f% de descuento!<\/strong><\/p>\n<p>__CONFIG_colors_palette__{\u00abactive_palette\u00bb:0,\u00bbconfig\u00bb:{\u00abcolors\u00bb:{\u00ab110d6\u00bb:{\u00abname\u00bb:\u00bbMain Accent\u00bb,\u00bbparent\u00bb:-1}},\u00bbgradients\u00bb:[]},\u00bbpalettes\u00bb:[{\u00abname\u00bb:\u00bbDefault Palette\u00bb,\u00bbvalue\u00bb:{\u00abcolors\u00bb:{\u00ab110d6\u00bb:{\u00abval\u00bb:\u00bbvar(e8c68)\u00bb}},\u00bbgradients\u00bb:[]},\u00bboriginal\u00bb:{\u00abcolors\u00bb:{\u00ab110d6\u00bb:{\u00abval\u00bb:\u00bbrgb(19, 114, 211)\u00bb,\u00bbhsl\u00bb:{\u00abh\u00bb:210,\u00bbs\u00bb:0.83,\u00bbl\u00bb:0.45}}},\u00bbgradients\u00bb:[]}}]}__CONFIG_colors_palette__ <a href=\"https:\/\/praguevisitorpass.eu\/?lang=es-es\" style=\"font-size: var(--tve-font-size, 14px) !important;\" rel=\"noopener\" target=\"_blank\"><span style=\"\">    <\/span> <span style=\"\"><span>M\u00e1s informaci\u00f3n<\/span><\/span> <\/a>  <\/p>\n<h2 id=\"t-1670351295812\">Horario con llegada y salida<\/h2>\n<p><span><img decoding=\"async\" alt=\"\" data-id=\"3639\" width=\"886\" data-init-width=\"1000\" height=\"591\" data-init-height=\"667\" title=\"Grande,Letras,Praga,En,El,Ladrillo,Pared,En,Autob\u00fas,Hub\" loading=\"lazy\" src=\"https:\/\/praguetouristinformation.com\/es\/wp-content\/uploads\/2022\/12\/prague-bus-station-2.jpg\" data-width=\"886\" data-height=\"591\" data-pinpro-key=\"0zbjz9r4e\" style=\"aspect-ratio: auto 1000 \/ 667;\"><\/span><\/p>\n<ul>\n<li><strong>Horas de llegada:<\/strong> aqu\u00ed est\u00e1n las <a data-id=\"http:\/\/www.florenc.cz\/index.php?site=an&amp;usite=info&amp;sel=odjpri&amp;lan=de&amp;db=1\" data-type=\"URL\" href=\"http:\/\/www.florenc.cz\/index.php?site=an&amp;usite=info&amp;sel=odjpri&amp;lan=de&amp;db=1\" target=\"_blank\" style=\"outline: none;\" rel=\"noopener\">horas de llegada actuales<\/a> con informaci\u00f3n sobre retrasos.<\/li>\n<\/ul>\n<ul>\n<li><strong>Horarios de salida:<\/strong> aqu\u00ed est\u00e1n los <a data-id=\"http:\/\/www.florenc.cz\/index.php?site=an&amp;usite=info&amp;sel=odjpri&amp;lan=de&amp;db=0\" data-type=\"URL\" href=\"http:\/\/www.florenc.cz\/index.php?site=an&amp;usite=info&amp;sel=odjpri&amp;lan=de&amp;db=0\" target=\"_blank\" style=\"outline: none;\" rel=\"noopener\">horarios de salida actuales<\/a> con informaci\u00f3n sobre retrasos.<\/li>\n<\/ul>\n<h2 id=\"t-1670351295813\">conexiones de autob\u00fas<\/h2>\n<p>Adem\u00e1s de los destinos en los pa\u00edses vecinos cercanos y en toda Europa, hay conexiones de autob\u00fas a las principales ciudades de Praga. M\u00e1s de 450 conexiones al d\u00eda se manejan en la estaci\u00f3n central de autobuses de Praga Florenc.<\/p>\n<p>La estaci\u00f3n central de autobuses cuenta con numerosas empresas, incluidas Flixbus, BlaBlaBus, Infobus, Busfor y RegioJet.<\/p>\n<h2 id=\"t-1670351295814\">parada de autob\u00fas de larga distancia<\/h2>\n<p>La estaci\u00f3n de autobuses se utiliza principalmente para viajes en autob\u00fas de larga distancia. La estaci\u00f3n central de autobuses de Praga es un punto importante del transporte de autobuses de larga distancia nacional e internacional, que conecta Praga con muchas partes de Europa. Debido a su ubicaci\u00f3n geogr\u00e1fica, la estaci\u00f3n central de autobuses juega un papel especial como puerta de entrada a Europa del Este.<\/p>\n<h2 id=\"t-1670351295815\">Flixbus en la estaci\u00f3n de autobuses Praha Florenc \u00daAN<\/h2>\n<p>Flixbus es la compa\u00f1\u00eda de autobuses de larga distancia m\u00e1s grande que da servicio a la estaci\u00f3n central de autobuses de Praga. La empresa se fund\u00f3 en 2012 con sede en M\u00fanich y en 2019 sirvi\u00f3 aproximadamente a 2500 destinos en 30 pa\u00edses con 62 millones de clientes. Flixbus tiene as\u00ed una cuota de mercado de m\u00e1s del 90% en el mercado alem\u00e1n de autobuses de larga distancia.<\/p>\n<p>Los autobuses verdes de dos pisos son veh\u00edculos modernos y c\u00f3modos con ba\u00f1os a bordo y WiFi gratis. Se venden snacks y bebidas durante el paseo.<\/p>\n<p>Los boletos de Flixbus se venden principalmente a trav\u00e9s de su propia plataforma en l\u00ednea y a trav\u00e9s de agencias de viajes.En algunas ciudades, tambi\u00e9n hay tiendas propias de Flixbus, preferiblemente en las estaciones de autobuses.<\/p>\n<h2 id=\"t-1670351295816\">Transporte p\u00fablico<\/h2>\n<p><span><img decoding=\"async\" alt=\"\" data-id=\"3640\" width=\"886\" data-init-width=\"1000\" height=\"591\" data-init-height=\"667\" title=\"P\u00fablico,Transporte,Autob\u00fas,Interior,Con,Borrosa,Boleto,Validador,Y,Parabrisas\" loading=\"lazy\" src=\"https:\/\/praguetouristinformation.com\/es\/wp-content\/uploads\/2022\/12\/prague-bus-station-3.jpg\" data-width=\"886\" data-height=\"591\" data-pinpro-key=\"tpazo6j4k\" style=\"aspect-ratio: auto 1000 \/ 667;\"><\/span><\/p>\n<p>La estaci\u00f3n central de autobuses es de f\u00e1cil acceso en <a data-id=\"775\" data-type=\"page\" href=\"https:\/\/praguetouristinformation.com\/es\/plan\/transporte-publico\" style=\"outline: none;\">transporte p\u00fablico<\/a> . La estaci\u00f3n de metro Florenc est\u00e1 justo al lado de la estaci\u00f3n de autobuses.<\/p>\n<p>Las l\u00edneas B y C se cruzan aqu\u00ed y ofrecen conexiones r\u00e1pidas con el centro de la ciudad.<\/p>\n<p><strong>La l\u00ednea B<\/strong> es la <strong>l\u00ednea<\/strong> amarilla del metro de Praga. Tiene 25,6 kil\u00f3metros de largo y 24 estaciones, incluidas M\u016fstek, Florenc y Rebublik Square.<\/p>\n<p><strong>La l\u00ednea C<\/strong> es la <strong>l\u00ednea<\/strong> roja del metro de Praga. Tiene 22,7 kil\u00f3metros de largo y 20 estaciones, incluyendo la Estaci\u00f3n Central, Florenc e IPPavlova en la Ciudad Nueva.<\/p>\n<h2 id=\"t-1670351295817\">taxi<\/h2>\n<p>Si bien hay una parada de taxis en la estaci\u00f3n de autobuses de Florenc, se recomienda encarecidamente a los viajeros que no utilicen estos <a data-id=\"89\" data-type=\"page\" href=\"https:\/\/praguetouristinformation.com\/es\/plan\/llegar\/taxi\" style=\"outline: none;\">taxis<\/a> y prefieran llamar a un taxi o utilizar los servicios de UBER. Los taxis que se detienen cerca de los puntos frecuentados por los turistas tienden a ser demasiado caros y viajan demasiado tiempo.<\/p>\n<p>La tarifa b\u00e1sica es de 60 CZK (aprox. 2,40 EUR), el precio por kil\u00f3metro es de 36 CZK (aprox. 1,45 EUR). Los tiempos de espera y de espera se cobran a 7 coronas checas por minuto (aprox. 0,28 EUR).<\/p>\n<h2 id=\"t-1670351295818\">Taquillas y consigna de equipaje<\/h2>\n<p>Hay instalaciones de almacenamiento de equipaje en la Estaci\u00f3n Central de Autobuses de Praga, el costo es de alrededor de CZK 35 por d\u00eda. La consigna de equipaje est\u00e1 abierta de 05:00 a 24:00.<\/p>\n<h2 id=\"t-1670351295819\">Aparcamiento en la estaci\u00f3n de autobuses.<\/h2>\n<p>El estacionamiento de autom\u00f3viles para coleccionistas y visitantes se encuentra directamente en la entrada de la estaci\u00f3n central de autobuses en Florenc Praga.<\/p>\n<h2 id=\"t-1670351295820\">alquiler de autobuses<\/h2>\n<p>Nos complace ayudarlo a alquilar autobuses para todas las ocasiones, ya sea para viajes en grupo, salidas de empresa, viajes escolares, eventos u otros.<\/p>\n<p>Visite nuestro sitio web: www\/\/\u2026\u2026\u2026. y ponte en contacto con nosotros.<\/p>\n<h2 id=\"t-1670351295821\">Notas para entrenadores<\/h2>\n<p><span><img decoding=\"async\" alt=\"\" data-id=\"3642\" width=\"886\" data-init-width=\"1000\" height=\"591\" data-init-height=\"667\" title=\"Praga, Rep\u00fablica Checa, 2018:,Moderno,P\u00fablico,Transporte,Autob\u00fas,,L\u00ednea,Ae\" loading=\"lazy\" src=\"https:\/\/praguetouristinformation.com\/es\/wp-content\/uploads\/2022\/12\/prague-bus-station1.jpg\" data-width=\"886\" data-height=\"591\" data-pinpro-key=\"6jmw15c6z\" style=\"aspect-ratio: auto 1000 \/ 667;\"><\/span><\/p>\n<ul>\n<li><strong>Obras de construcci\u00f3n y cierres actuales<\/strong> : en una gran ciudad como Praga, los atascos de tr\u00e1fico son, lamentablemente, inevitables, ya sea debido a accidentes, obras de construcci\u00f3n o similares. Los informes de tr\u00e1fico actuales del centro de informaci\u00f3n de tr\u00e1fico de Praga proporcionan informaci\u00f3n sobre los cierres de carreteras y las obras de construcci\u00f3n en toda Praga y la Rep\u00fablica Checa.<\/li>\n<\/ul>\n<p>Para obtener m\u00e1s informaci\u00f3n, consulte <a data-id=\"https:\/\/www.czech-tourist.de\/baustellen.htm\" data-type=\"URL\" href=\"https:\/\/www.czech-tourist.de\/baustellen.htm\" target=\"_blank\" style=\"outline: none;\" rel=\"noopener\">este enlace<\/a> .<\/p>\n<h2 id=\"t-1670351295822\">Cambio de divisas<\/h2>\n<p>Hay una oficina de cambio en Hall H1 y Hall H2. Tambi\u00e9n hay cajeros autom\u00e1ticos en el Hall H2.<\/p>\n<p>Se aconseja a los viajeros que cambien grandes cantidades de dinero en efectivo en una de las oficinas de cambio del centro. El curso aqu\u00ed suele ser mucho m\u00e1s barato.<\/p>\n<h2 id=\"t-1670351295823\">compras y compras<\/h2>\n<p>Los viajeros pueden comprar peque\u00f1os refrigerios como dulces, bebidas y productos horneados en Pont Service en la Terminal H1 y en Mersiha Mini Market en la Terminal H2. Tambi\u00e9n se venden revistas y productos de tabaco.<\/p>\n<h2 id=\"t-1670351295824\">Comer en la estaci\u00f3n central de autobuses.<\/h2>\n<p>Varios restaurantes de comida r\u00e1pida est\u00e1n representados en la estaci\u00f3n de autobuses de Florenc, incluidos Burger King, Starbucks y Fastfood JLV.<\/p>\n<h2 id=\"t-1670351295825\">Hoteles<\/h2>\n<p><a data-id=\"19\" data-type=\"page\" href=\"https:\/\/praguetouristinformation.com\/es\/hoteles\/4-estrellas\" style=\"outline: none;\">El Hotel Pera de 4 estrellas<\/a> , el Hotel Florenc y el albergue Rohan se encuentran directamente en la estaci\u00f3n de autobuses de Praga Florenc . Otros hoteles y casas de hu\u00e9spedes se encuentran en las inmediaciones de la ZOB.<\/p>\n<h2 id=\"t-1670351295826\">Salas de seminarios y hoteles de conferencias:<\/h2>\n<p>Estaremos encantados de ayudarle a alquilar salas de seminarios para sus eventos o elegir un hotel de conferencias que satisfaga exactamente sus expectativas y requisitos.<\/p>\n<p>Visite nuestro sitio web: www\/\/\u2026\u2026\u2026.y cont\u00e1ctenos.<\/p>\n<h2 id=\"t-1670351295827\">ACCESO A INTERNET INAL\u00c1MBRICO<\/h2>\n<p>El cibercaf\u00e9 est\u00e1 abierto de 8:30 a. m. a 9:00 p. m. Internet gratuito est\u00e1 disponible para los hu\u00e9spedes en el nuevo sal\u00f3n.<\/p>\n<h2 id=\"t-1670351295828\">direcci\u00f3n<\/h2>\n<ul>\n<li><strong>Direcci\u00f3n:<\/strong> Praha Florenc \u00daAN, K\u0159i\u017e\u00edkova 2110\/2b Nov\u00e9 M\u011bsto, 186 00 Praga<\/li>\n<li><strong>Transporte p\u00fablico:<\/strong> Parada de autob\u00fas Praha Florenc \u00daAN &#8211; Estaci\u00f3n central de autobuses de Praga Florenc<\/li>\n<li><strong>Tel\u00e9fono:<\/strong> +420 900 144 444<\/li>\n<li><strong>Correo electr\u00f3nico: <\/strong><a href=\"mailto:callcentrum@florenc.cz\">callcentrum@florenc.cz<\/a><\/li>\n<li><strong>Sitio web: <\/strong><a data-id=\"http:\/\/florenc.cz\/index.php?lan=en&amp;site=an&amp;usite=sluzby&amp;sel=usch\" data-type=\"URL\" href=\"http:\/\/florenc.cz\/index.php?lan=en&amp;site=an&amp;usite=sluzby&amp;sel=usch\" target=\"_blank\" rel=\"noopener\">florenc.cz<\/a><\/li>\n<\/ul>\n","protected":false},"excerpt":{"rendered":"<p>La estaci\u00f3n central de autobuses de Praga ZOB se llama Florenc &#8211; Praha Florenc \u00daAN &#8211; y est\u00e1 ubicada en el distrito de Kalin, al este del casco antiguo de Praga, en la orilla derecha del Vltava. La distancia al casco antiguo de Praga es de aproximadamente 1,5 kil\u00f3metros, al Puente de Carlos es de [&hellip;]<\/p>\n","protected":false},"author":6,"featured_media":2365,"parent":769,"menu_order":0,"comment_status":"open","ping_status":"closed","template":"","meta":{"footnotes":""},"categories":[],"tags":[32,33],"class_list":["post-92","page","type-page","status-publish","has-post-thumbnail","hentry","tag-planung","tag-verkehr","post-wrapper","thrv_wrapper"],"_links":{"self":[{"href":"https:\/\/praguetouristinformation.com\/es\/wp-json\/wp\/v2\/pages\/92","targetHints":{"allow":["GET"]}}],"collection":[{"href":"https:\/\/praguetouristinformation.com\/es\/wp-json\/wp\/v2\/pages"}],"about":[{"href":"https:\/\/praguetouristinformation.com\/es\/wp-json\/wp\/v2\/types\/page"}],"author":[{"embeddable":true,"href":"https:\/\/praguetouristinformation.com\/es\/wp-json\/wp\/v2\/users\/6"}],"replies":[{"embeddable":true,"href":"https:\/\/praguetouristinformation.com\/es\/wp-json\/wp\/v2\/comments?post=92"}],"version-history":[{"count":6,"href":"https:\/\/praguetouristinformation.com\/es\/wp-json\/wp\/v2\/pages\/92\/revisions"}],"predecessor-version":[{"id":5233,"href":"https:\/\/praguetouristinformation.com\/es\/wp-json\/wp\/v2\/pages\/92\/revisions\/5233"}],"up":[{"embeddable":true,"href":"https:\/\/praguetouristinformation.com\/es\/wp-json\/wp\/v2\/pages\/769"}],"wp:featuredmedia":[{"embeddable":true,"href":"https:\/\/praguetouristinformation.com\/es\/wp-json\/wp\/v2\/media\/2365"}],"wp:attachment":[{"href":"https:\/\/praguetouristinformation.com\/es\/wp-json\/wp\/v2\/media?parent=92"}],"wp:term":[{"taxonomy":"category","embeddable":true,"href":"https:\/\/praguetouristinformation.com\/es\/wp-json\/wp\/v2\/categories?post=92"},{"taxonomy":"post_tag","embeddable":true,"href":"https:\/\/praguetouristinformation.com\/es\/wp-json\/wp\/v2\/tags?post=92"}],"curies":[{"name":"wp","href":"https:\/\/api.w.org\/{rel}","templated":true}]}}