{"id":902,"date":"2020-10-19T15:45:33","date_gmt":"2020-10-19T15:45:33","guid":{"rendered":"https:\/\/praguetouristinformation.com\/es\/?page_id=902"},"modified":"2023-05-02T11:23:20","modified_gmt":"2023-05-02T11:23:20","slug":"glow-golf","status":"publish","type":"page","link":"https:\/\/praguetouristinformation.com\/es\/cosas-que-hacer\/para-los-ninos\/glow-golf","title":{"rendered":"Gu\u00eda Glow Golf Praga: Descripci\u00f3n general de los juegos, minigolf y entrada"},"content":{"rendered":"<h3 id=\"t-1670401482159\" data-hide=\"true\">Si buscas una <a data-id=\"256\" data-type=\"page\" href=\"https:\/\/praguetouristinformation.com\/es\/cosas-que-hacer\/para-los-ninos\" style=\"outline: none;\">actividad diferente para ni\u00f1os<\/a> , Glow Golf Praga es el lugar para ti.<\/h3>\n<p>Aqu\u00ed puedes jugar al minigolf bajo luz negra en un campo de 19 hoyos<\/p>\n<p>Para la informaci\u00f3n importante sobre Glow Golf Praga, v\u00e9ala en esta p\u00e1gina.&nbsp;<\/p>\n<p>\u00a1Aqu\u00ed vamos!<\/p>\n<h2 id=\"t-1670401482160\">\u00bfQu\u00e9 puedo hacer en Glow Golf Praga?<\/h2>\n<p><strong>El campo de minigolf<\/strong> Glow Golf Prague tiene 19 hoyos. Se divide en dos habitaciones. En promedio, un juego dura alrededor de una hora. Las reglas del juego son las mismas que las del minigolf normal, la \u00fanica diferencia es el entorno.<\/p>\n<p>Las superficies internas est\u00e1n completamente iluminadas y est\u00e1n iluminadas por <strong>las luces <\/strong><strong>de ne\u00f3n UV<\/strong> . Reemplazar las bombillas ordinarias por luces negras fluorescentes crea una atm\u00f3sfera \u00fanica, acompa\u00f1ada por el humo del escenario y la m\u00fasica de fondo.<strong><\/strong><\/p>\n<p>Cada obst\u00e1culo est\u00e1 conectado a una vista de la historia de&nbsp; <a data-id=\"247\" data-type=\"page\" href=\"https:\/\/praguetouristinformation.com\/es\/cosas-que-hacer\" style=\"outline: none;\">Praga&nbsp;<\/a> . Por ejemplo, los botes de pel\u00edculas antiguas se pueden encontrar como un obst\u00e1culo en relaci\u00f3n con pel\u00edculas como Amadeus, Mission Impossible, Casino Royal que se filmaron en Praga. Un tanque rosa en miniatura conmemora al artista David Cerny, quien pint\u00f3 de rosa un tanque ruso despu\u00e9s de la Revoluci\u00f3n de Terciopelo.&nbsp;<\/p>\n<p>Si te apetece, tambi\u00e9n puedes jugar <strong>al ping-pong<\/strong> o al <strong>billar<\/strong> o probar uno de los <strong>juegos de arcade<\/strong> y practicar <strong>futbol\u00edn<\/strong> o <strong>dardos<\/strong> .<\/p>\n<p>Una gran selecci\u00f3n de bebidas y aperitivos est\u00e1n disponibles para los visitantes.<\/p>\n<h3 id=\"t-1670401482161\" data-alt-text=\"\u00dcbersicht der Spiele \">Descripci\u00f3n general de los juegos en Glow Golf Prague<\/h3>\n<ul>\n<li><strong>Minigolf de luz negra:<\/strong> el campo de minigolf est\u00e1 iluminado con luces ultravioleta, los alrededores est\u00e1n completamente oscuros. Cada uno de los 19 hoyos est\u00e1 inspirado en un mural relacionado con la historia de Praga.<\/li>\n<li><strong>Tenis de mesa<\/strong><\/li>\n<li><strong>Billar<\/strong> : Hay disponible una mesa de billar Buffalo Eliminator II versi\u00f3n de 6 pies.<\/li>\n<li><strong>Juegos de arcade:<\/strong> pinball, air hockey, dardos, futbol\u00edn<\/li>\n<li><strong>Pintura facial UV\/ne\u00f3n<\/strong> : si lo desea, puede pintar su rostro de manera creativa con colores ne\u00f3n que brillan en el ambiente oscuro al igual que el curso.<\/li>\n<\/ul>\n<h2 id=\"t-1670401482162\" data-alt-text=\"Eintritt, Tickets und F\u00fchrungen\">Entrada, entradas y visitas guiadas para Glow Golf Prague<\/h2>\n<ul>\n<li><strong>Admisi\u00f3n<\/strong> : Glow Golf Prague est\u00e1 abierto todo el a\u00f1o.<\/li>\n<li><strong>Entradas:<\/strong> La entrada para Glow Golf Prague se puede comprar en el sitio o en l\u00ednea. Los precios exactos de las entradas se pueden encontrar <a data-id=\"www.praguegolfandgames.com\" data-type=\"URL\" href=\"http:\/\/www.praguegolfandgames.com\/\" target=\"_blank\" style=\"outline: none;\" rel=\"noopener\">aqu\u00ed.<\/a><\/li>\n<li><strong>Visitas guiadas<\/strong> : No hay visitas guiadas.<\/li>\n<li><strong>Despedidas de soltero\/a :<\/strong> Se pueden organizar despedidas de soltero\/a bajo &nbsp;petici\u00f3n y&nbsp; <a data-id=\"www.praguegolfandgames.com\" data-type=\"URL\" href=\"http:\/\/www.praguegolfandgames.com\/\" target=\"_blank\" style=\"outline: none;\" rel=\"noopener\">reserva&nbsp; .<\/a><\/li>\n<\/ul>\n<h2 id=\"t-1670401482163\">\u00bfC\u00f3mo llego a Glow Golf Praga?<\/h2>\n<p>Glow Golf Prague est\u00e1 ubicado en <a data-id=\"742\" data-type=\"page\" href=\"https:\/\/praguetouristinformation.com\/es\/cosas-que-hacer\/ciudad-vieja\" style=\"outline: none;\">el casco antiguo de Praga<\/a> y es f\u00e1cilmente accesible por la l\u00ednea B del metro, l\u00ednea amarilla, parada N\u00e1rodn\u00ed T\u0159\u00edda, desde all\u00ed se puede caminar unos minutos.<\/p>\n<h2 id=\"t-1670401482164\">Contacto<\/h2>\n<ul>\n<li><strong>Direcci\u00f3n<\/strong> : Opatovick\u00e1 18, 110 00 Nov\u00e9 M\u011bsto, Praga<\/li>\n<li><strong>Transporte p\u00fablico:<\/strong> &nbsp; Metro l\u00ednea B, l\u00ednea amarilla, parada N\u00e1rodn\u00ed t\u0159\u00edda<\/li>\n<li><strong>Horario de apertura:<\/strong> &nbsp;Consulte <a data-id=\"www.praguegolfandgames.com\" data-type=\"URL\" href=\"http:\/\/www.praguegolfandgames.com\" target=\"_blank\" style=\"outline: none;\" data-lt-tmp-id=\"lt-404278\" spellcheck=\"false\" rel=\"noopener\">este sitio web<\/a> para conocer los horarios de apertura exactos .<a data-id=\"www.praguegolfandgames.com\" data-type=\"URL\" href=\"http:\/\/www.praguegolfandgames.com\" target=\"_blank\" style=\"outline: none;\" data-lt-tmp-id=\"lt-404278\" spellcheck=\"false\" rel=\"noopener\"><\/a><\/li>\n<li><strong>Sitio web: <\/strong><a href=\"http:\/\/www.praguegolfandgames.com\" target=\"_blank\" style=\"outline: none;\" rel=\"noopener\">Glow Golf Praga<\/a><\/li>\n<\/ul>\n","protected":false},"excerpt":{"rendered":"<p>Si buscas una actividad diferente para ni\u00f1os , Glow Golf Praga es el lugar para ti. Aqu\u00ed puedes jugar al minigolf bajo luz negra en un campo de 19 hoyos Para la informaci\u00f3n importante sobre Glow Golf Praga, v\u00e9ala en esta p\u00e1gina.&nbsp; \u00a1Aqu\u00ed vamos! \u00bfQu\u00e9 puedo hacer en Glow Golf Praga? El campo de minigolf [&hellip;]<\/p>\n","protected":false},"author":6,"featured_media":1487,"parent":256,"menu_order":0,"comment_status":"open","ping_status":"closed","template":"","meta":{"footnotes":""},"categories":[],"tags":[21,19],"class_list":["post-902","page","type-page","status-publish","has-post-thumbnail","hentry","tag-attraktionen","tag-sehenswuerdigkeiten","post-wrapper","thrv_wrapper"],"_links":{"self":[{"href":"https:\/\/praguetouristinformation.com\/es\/wp-json\/wp\/v2\/pages\/902","targetHints":{"allow":["GET"]}}],"collection":[{"href":"https:\/\/praguetouristinformation.com\/es\/wp-json\/wp\/v2\/pages"}],"about":[{"href":"https:\/\/praguetouristinformation.com\/es\/wp-json\/wp\/v2\/types\/page"}],"author":[{"embeddable":true,"href":"https:\/\/praguetouristinformation.com\/es\/wp-json\/wp\/v2\/users\/6"}],"replies":[{"embeddable":true,"href":"https:\/\/praguetouristinformation.com\/es\/wp-json\/wp\/v2\/comments?post=902"}],"version-history":[{"count":6,"href":"https:\/\/praguetouristinformation.com\/es\/wp-json\/wp\/v2\/pages\/902\/revisions"}],"predecessor-version":[{"id":4731,"href":"https:\/\/praguetouristinformation.com\/es\/wp-json\/wp\/v2\/pages\/902\/revisions\/4731"}],"up":[{"embeddable":true,"href":"https:\/\/praguetouristinformation.com\/es\/wp-json\/wp\/v2\/pages\/256"}],"wp:featuredmedia":[{"embeddable":true,"href":"https:\/\/praguetouristinformation.com\/es\/wp-json\/wp\/v2\/media\/1487"}],"wp:attachment":[{"href":"https:\/\/praguetouristinformation.com\/es\/wp-json\/wp\/v2\/media?parent=902"}],"wp:term":[{"taxonomy":"category","embeddable":true,"href":"https:\/\/praguetouristinformation.com\/es\/wp-json\/wp\/v2\/categories?post=902"},{"taxonomy":"post_tag","embeddable":true,"href":"https:\/\/praguetouristinformation.com\/es\/wp-json\/wp\/v2\/tags?post=902"}],"curies":[{"name":"wp","href":"https:\/\/api.w.org\/{rel}","templated":true}]}}