{"id":900,"date":"2020-10-19T15:43:16","date_gmt":"2020-10-19T15:43:16","guid":{"rendered":"https:\/\/praguetouristinformation.com\/es\/?page_id=900"},"modified":"2023-05-03T08:55:39","modified_gmt":"2023-05-03T08:55:39","slug":"lego","status":"publish","type":"page","link":"https:\/\/praguetouristinformation.com\/es\/cosas-que-hacer\/museos\/lego","title":{"rendered":"Gu\u00eda del Museo Lego: Exposici\u00f3n, cosas que hacer y entrada"},"content":{"rendered":"<h3>Aqu\u00ed se muestra toda la historia del bloque de construcci\u00f3n de Dinamarca, algunas de las exhibiciones se remontan a la d\u00e9cada de 1930.<\/h3>\n<p>2.500 modelos se componen de alrededor de 1 mill\u00f3n de bloques de construcci\u00f3n.<\/p>\n<p>El Museo Lego es ideal para una <a data-id=\"256\" data-type=\"page\" href=\"https:\/\/praguetouristinformation.com\/es\/cosas-que-hacer\/para-los-ninos\" style=\"outline: none;\">visita con ni\u00f1os<\/a> .<\/p>\n<p>Toda la informaci\u00f3n importante sobre el Museo Lego se recopila aqu\u00ed, incluida la entrada, su historia y la direcci\u00f3n.<\/p>\n<h2 id=\"t-1672645430871\">\u00bfQu\u00e9 puedo hacer en el Museo Lego?<\/h2>\n<p><span><img decoding=\"async\" alt=\"\" data-id=\"4538\" width=\"885\" data-init-width=\"1000\" height=\"667\" data-init-height=\"667\" title=\"Pile,Of,Child's,Building,Blocks,In,Multiple,Colours\" loading=\"lazy\" src=\"https:\/\/praguetouristinformation.com\/es\/wp-content\/uploads\/2023\/01\/Lego-Museum-Prague-.jpg\" data-width=\"885\" data-pin-media=\"https:\/\/praguetouristinformation.com\/es\/wp-content\/uploads\/2021\/01\/10.jpg\" data-pin-description=\"Museo Lego - Prague Tourist Information\" data-pin-url=\"https:\/\/praguetouristinformation.com\/es\/cosas-que-hacer\/museos\/lego?tve=true&amp;tcbf=e9646214ef\"><\/span><\/p>\n<h3 id=\"t-1672645430872\">exhibici\u00f3n permanente<\/h3>\n<p>El museo est\u00e1 dividido en veinte secciones diferentes, cada secci\u00f3n dedicada a un tema diferente, como LEGO Architecture, LEGO Technic, LEGO Ideas y muchos m\u00e1s. Adem\u00e1s de las naves espaciales de Star Wars, Indiana Jones y Harry Potter, se pueden ver lugares de <a data-id=\"247\" data-type=\"page\" href=\"https:\/\/praguetouristinformation.com\/es\/cosas-que-hacer\" style=\"outline: none;\">inter\u00e9s<\/a> de Praga como el <a data-id=\"664\" data-type=\"page\" href=\"https:\/\/praguetouristinformation.com\/es\/cosas-que-hacer\/puente-de-carlos\" style=\"outline: none;\">Puente de Carlos<\/a> y el <a data-id=\"654\" data-type=\"page\" href=\"https:\/\/praguetouristinformation.com\/es\/cosas-que-hacer\/museos\/nacional\" style=\"outline: none;\">Museo Nacional<\/a> , as\u00ed como edificios famosos de todo el mundo, incluido el Taj Mahal.<\/p>\n<h3 id=\"t-1672645430873\">zona de juegos para ni\u00f1os<\/h3>\n<p>Despu\u00e9s de la exposici\u00f3n propiamente dicha, los ni\u00f1os podr\u00e1n utilizar la zona de juegos infantil, donde podr\u00e1n jugar con los bloques de construcci\u00f3n LEGO.<\/p>\n<h3 id=\"t-1672645430874\">Tienda de legos<\/h3>\n<p>Adem\u00e1s de los juegos de construcci\u00f3n est\u00e1ndar de LEGO, la propia tienda del museo tambi\u00e9n ofrece juegos de construcci\u00f3n que son dif\u00edciles de encontrar en las redes minoristas habituales.<\/p>\n<h2 id=\"t-1672645430875\">Entradas, entradas y visitas guiadas<\/h2>\n<p><span><img decoding=\"async\" alt=\"\" data-id=\"4539\" width=\"885\" data-init-width=\"1000\" height=\"750\" data-init-height=\"750\" title=\"Model,Of,City,Museum.,Colorful,Blocks,-,Child's,Toy.\" loading=\"lazy\" src=\"https:\/\/praguetouristinformation.com\/es\/wp-content\/uploads\/2023\/01\/Lego-Museum-Prague-1.jpg\" data-width=\"885\" data-pin-media=\"https:\/\/praguetouristinformation.com\/es\/wp-content\/uploads\/2021\/01\/10.jpg\" data-pin-description=\"Museo Lego - Prague Tourist Information\" data-pin-url=\"https:\/\/praguetouristinformation.com\/es\/cosas-que-hacer\/museos\/lego?tve=true&amp;tcbf=e9646214ef\"><\/span><\/p>\n<p>El Museo Lego est\u00e1 abierto todo el a\u00f1o.<\/p>\n<ul>\n<li><strong>Entradas<\/strong> : La entrada para el Museo Lego se puede comprar en el sitio o en l\u00ednea.<\/li>\n<li><strong>Visitas guiadas<\/strong> : No hay visitas guiadas al Museo Lego.<\/li>\n<li><strong>Admisi\u00f3n<\/strong> : Los precios exactos de admisi\u00f3n se pueden encontrar <a data-id=\"http:\/\/www.muzeumlega.cz\/en\/\" data-type=\"URL\" href=\"http:\/\/www.muzeumlega.cz\/en\/\" style=\"outline: none;\" target=\"_blank\" rel=\"noopener\">aqu\u00ed<\/a> .<\/li>\n<\/ul>\n<h2 id=\"t-1672645430876\">\u00bfC\u00f3mo llego al Museo Lego?<\/h2>\n<p><span><img decoding=\"async\" alt=\"\" data-id=\"4542\" width=\"885\" data-init-width=\"1000\" height=\"668\" data-init-height=\"668\" title=\"A,Small,Lego,Minifigure,From,A,Vintage,Lego,Set.,One\" loading=\"lazy\" src=\"https:\/\/praguetouristinformation.com\/es\/wp-content\/uploads\/2023\/01\/Prague-Lego-Museum4.jpg\" data-width=\"885\" data-pin-media=\"https:\/\/praguetouristinformation.com\/es\/wp-content\/uploads\/2021\/01\/10.jpg\" data-pin-description=\"Museo Lego - Prague Tourist Information\" data-pin-url=\"https:\/\/praguetouristinformation.com\/es\/cosas-que-hacer\/museos\/lego?tve=true&amp;tcbf=e9646214ef\"><\/span><\/p>\n<p>El Museo Lego est\u00e1 ubicado en el <a data-id=\"742\" data-type=\"page\" href=\"https:\/\/praguetouristinformation.com\/es\/cosas-que-hacer\/ciudad-vieja\" style=\"outline: none;\">casco antiguo de Praga<\/a> y es f\u00e1cilmente accesible con la l\u00ednea B del metro, l\u00ednea amarilla, parada N\u00e1rodn\u00ed T\u0159\u00edda, desde all\u00ed se camina unos minutos.<\/p>\n<h2 id=\"t-1672645430877\">Historia<\/h2>\n<p><span><img decoding=\"async\" alt=\"\" data-id=\"4541\" width=\"885\" data-init-width=\"1000\" height=\"753\" data-init-height=\"753\" title=\"Toy,Helicopter.,Lego,Blocks.,Toys,From,Bricks,For,Playing.,Educational\" loading=\"lazy\" src=\"https:\/\/praguetouristinformation.com\/es\/wp-content\/uploads\/2023\/01\/Prague-Lego-Museum3.jpg\" data-width=\"885\" data-pin-media=\"https:\/\/praguetouristinformation.com\/es\/wp-content\/uploads\/2021\/01\/10.jpg\" data-pin-description=\"Museo Lego - Prague Tourist Information\" data-pin-url=\"https:\/\/praguetouristinformation.com\/es\/cosas-que-hacer\/museos\/lego?tve=true&amp;tcbf=e9646214ef\"><\/span><\/p>\n<p>El coleccionista checo de LEGO, Milos Krecek, ten\u00eda alrededor de 1000 juegos juntos cuando decidi\u00f3 exhibir las piezas ensambladas en su propio museo.<\/p>\n<p>Hoy, el Museo Lego privado en un edificio hist\u00f3rico en el centro de Praga es el m\u00e1s grande de su tipo en el mundo, no solo en t\u00e9rminos de n\u00famero sino tambi\u00e9n de tama\u00f1o de las exhibiciones.<\/p>\n<p>En 20 departamentos diferentes, separados tem\u00e1ticamente, se exhiben m\u00e1s de 3000 juegos de Lego en 3 plantas en un \u00e1rea de 340 metros cuadrados. Los m\u00e1s antiguos datan de 1949. En total se utilizaron m\u00e1s de 1 mill\u00f3n de bloques de construcci\u00f3n de Lego.<\/p>\n<p>Las exhibiciones se agregan y modifican constantemente.<\/p>\n<p>En el museo tambi\u00e9n se pueden ver exhibiciones de los primeros d\u00edas de la compa\u00f1\u00eda danesa, que se remontan a la d\u00e9cada de 1930.<\/p>\n<p>LEGO recibi\u00f3 el t\u00edtulo de \u00abJuguete del siglo\u00bb.<\/p>\n<p>Por cierto, el nombre del juego de construcci\u00f3n se deriv\u00f3 simplemente de la combinaci\u00f3n de palabras \u00abLeg godt!\u00bb, que significa algo as\u00ed como \u00ab\u00a1Juega bien!\u00bb en alem\u00e1n.<\/p>\n<h2 id=\"t-1672645430878\">Contacto<\/h2>\n<p><strong>Direcci\u00f3n:<\/strong> N\u00e1rodn\u00ed 31, 110 00 Nov\u00e9 M\u011bsto, Praga <strong>P\u00fablico:<\/strong> &nbsp; metro l\u00ednea B, l\u00ednea amarilla, parada N\u00e1rodn\u00ed t\u0159\u00edda <strong>Horario<\/strong> de apertura : consulte <a data-id=\"http:\/\/www.muzeumlega.cz\/en\/\" data-type=\"URL\" href=\"http:\/\/www.muzeumlega.cz\/en\/\" rel=\"noopener\" target=\"_blank\" style=\"outline: none;\">este sitio web<\/a> para conocer los horarios de apertura exactos .<\/p>\n","protected":false},"excerpt":{"rendered":"<p>Aqu\u00ed se muestra toda la historia del bloque de construcci\u00f3n de Dinamarca, algunas de las exhibiciones se remontan a la d\u00e9cada de 1930. 2.500 modelos se componen de alrededor de 1 mill\u00f3n de bloques de construcci\u00f3n. El Museo Lego es ideal para una visita con ni\u00f1os . Toda la informaci\u00f3n importante sobre el Museo Lego [&hellip;]<\/p>\n","protected":false},"author":6,"featured_media":1516,"parent":137,"menu_order":0,"comment_status":"open","ping_status":"closed","template":"","meta":{"footnotes":""},"categories":[],"tags":[22,19],"class_list":["post-900","page","type-page","status-publish","has-post-thumbnail","hentry","tag-museum","tag-sehenswuerdigkeiten","post-wrapper","thrv_wrapper"],"_links":{"self":[{"href":"https:\/\/praguetouristinformation.com\/es\/wp-json\/wp\/v2\/pages\/900","targetHints":{"allow":["GET"]}}],"collection":[{"href":"https:\/\/praguetouristinformation.com\/es\/wp-json\/wp\/v2\/pages"}],"about":[{"href":"https:\/\/praguetouristinformation.com\/es\/wp-json\/wp\/v2\/types\/page"}],"author":[{"embeddable":true,"href":"https:\/\/praguetouristinformation.com\/es\/wp-json\/wp\/v2\/users\/6"}],"replies":[{"embeddable":true,"href":"https:\/\/praguetouristinformation.com\/es\/wp-json\/wp\/v2\/comments?post=900"}],"version-history":[{"count":9,"href":"https:\/\/praguetouristinformation.com\/es\/wp-json\/wp\/v2\/pages\/900\/revisions"}],"predecessor-version":[{"id":4770,"href":"https:\/\/praguetouristinformation.com\/es\/wp-json\/wp\/v2\/pages\/900\/revisions\/4770"}],"up":[{"embeddable":true,"href":"https:\/\/praguetouristinformation.com\/es\/wp-json\/wp\/v2\/pages\/137"}],"wp:featuredmedia":[{"embeddable":true,"href":"https:\/\/praguetouristinformation.com\/es\/wp-json\/wp\/v2\/media\/1516"}],"wp:attachment":[{"href":"https:\/\/praguetouristinformation.com\/es\/wp-json\/wp\/v2\/media?parent=900"}],"wp:term":[{"taxonomy":"category","embeddable":true,"href":"https:\/\/praguetouristinformation.com\/es\/wp-json\/wp\/v2\/categories?post=900"},{"taxonomy":"post_tag","embeddable":true,"href":"https:\/\/praguetouristinformation.com\/es\/wp-json\/wp\/v2\/tags?post=900"}],"curies":[{"name":"wp","href":"https:\/\/api.w.org\/{rel}","templated":true}]}}