{"id":898,"date":"2020-10-19T15:41:23","date_gmt":"2020-10-19T15:41:23","guid":{"rendered":"https:\/\/praguetouristinformation.com\/es\/?page_id=898"},"modified":"2023-05-03T08:45:03","modified_gmt":"2023-05-03T08:45:03","slug":"speculum-alchemiae","status":"publish","type":"page","link":"https:\/\/praguetouristinformation.com\/es\/cosas-que-hacer\/museos\/speculum-alchemiae","title":{"rendered":"Gu\u00eda del Museo de la Alquimia Speculum Alchemiae: Exposici\u00f3n, Admisi\u00f3n e Historia"},"content":{"rendered":"<h3 id=\"t-1670408202242\">El Museo de la Alquimia Speculum Alchemiae se encuentra en el <a data-id=\"612\" data-type=\"page\" href=\"https:\/\/praguetouristinformation.com\/es\/cosas-que-hacer\/barrio-judio\" style=\"outline: none;\" data-lt-tmp-id=\"lt-988131\" spellcheck=\"false\">Barrio Jud\u00edo<\/a> de la Ciudad Vieja de <a data-id=\"742\" data-type=\"page\" href=\"https:\/\/praguetouristinformation.com\/es\/sehenswuerdigkeiten\/altstadt\" style=\"outline: none;\">Praga<\/a> .<a data-id=\"612\" data-type=\"page\" href=\"https:\/\/praguetouristinformation.com\/es\/sehenswuerdigkeiten\/juedisches-viertel\" style=\"outline: none;\" data-lt-tmp-id=\"lt-988131\" spellcheck=\"false\"><\/a><a data-id=\"742\" data-type=\"page\" href=\"https:\/\/praguetouristinformation.com\/es\/sehenswuerdigkeiten\/altstadt\" style=\"outline: none;\"><\/a><\/h3>\n<p>Cuenta la historia de la alquimia y la magia.<\/p>\n<p>Toda la informaci\u00f3n importante sobre Speculum Alchemiae se recopila aqu\u00ed, incluida la admisi\u00f3n, su historia y la direcci\u00f3n.<\/p>\n<h2 id=\"t-1670408202243\">\u00bfQu\u00e9 puedo hacer en el Speculum Alchemiae?<\/h2>\n<p><span><img decoding=\"async\" alt=\"\u00bfQu\u00e9 puedo hacer en el Speculum Alchemiae?\" data-id=\"1535\" width=\"702\" data-init-width=\"1000\" height=\"468\" data-init-height=\"667\" title=\"\u00bfQu\u00e9 puedo hacer en el Speculum Alchemiae?\" loading=\"lazy\" src=\"https:\/\/praguetouristinformation.com\/es\/wp-content\/uploads\/2020\/11\/Was-kann-ich-im-Speculum-Alchemiae-machen.jpg\" data-width=\"702\" data-height=\"468\" data-pin-media=\"https:\/\/praguetouristinformation.com\/es\/wp-content\/uploads\/2021\/01\/14.jpg\" data-pin-description=\"Speculum Alchemiae: Ausstellung, Eintritt &amp; Geschichte 2022\" data-pin-url=\"https:\/\/praguetouristinformation.com\/es\/cosas-que-hacer\/museos\/speculum-alchemiae?tve=true&amp;tcbf=5a48c4570a\" data-pinpro-key=\"0e0hl0hjz\"><\/span><\/p>\n<ul>\n<li><strong>Taller y laboratorio<\/strong> del alquimista: Durante un recorrido por el taller y el laboratorio del alquimista, los visitantes se adentran en el mundo secreto de la alquimia y la magia y en la historia oculta de Praga. Las actividades medievales de los alquimistas est\u00e1n vinculadas a muchos campos cient\u00edficos modernos.<\/li>\n<\/ul>\n<ul>\n<li><strong>Tienda<\/strong> del museo: la tienda del museo vende varios elixires, que se dice que se elaboran seg\u00fan recetas originales del pasado, incluido el elixir de la eterna juventud, el elixir del amor y el elixir de la memoria.<\/li>\n<\/ul>\n<h2 id=\"t-1670408202244\" data-alt-text=\"Eintritt, Tickets und F\u00fchrungen \">Entradas, entradas y visitas guiadas para Speculum Alchemiae&nbsp;<\/h2>\n<p><span><img decoding=\"async\" alt=\"Entradas, entradas y visitas guiadas Speculum\" data-id=\"1536\" width=\"702\" data-init-width=\"1000\" height=\"468\" data-init-height=\"667\" title=\"Entradas, entradas y visitas guiadas para Speculum Alchemiae\" loading=\"lazy\" src=\"https:\/\/praguetouristinformation.com\/es\/wp-content\/uploads\/2020\/11\/Eintritt-Tickets-und-Fuehrungen.jpg\" data-width=\"702\" data-height=\"468\" data-pin-media=\"https:\/\/praguetouristinformation.com\/es\/wp-content\/uploads\/2021\/01\/14.jpg\" data-pin-description=\"Speculum Alchemiae: Ausstellung, Eintritt &amp; Geschichte 2022\" data-pin-url=\"https:\/\/praguetouristinformation.com\/es\/cosas-que-hacer\/museos\/speculum-alchemiae?tve=true&amp;tcbf=5a48c4570a\" data-pinpro-key=\"8yg8yts3m\"><\/span><\/p>\n<ul>\n<li><strong>Entrada:<\/strong> &nbsp; El Speculum Alchemiae est\u00e1 abierto todo el a\u00f1o. <a data-id=\"www.alchemiae.cz\/en\" data-type=\"URL\" href=\"http:\/\/www.alchemiae.cz\/en\" target=\"_blank\" style=\"outline: none;\" rel=\"noopener\">Los precios<\/a> exactos de las entradas se pueden encontrar aqu\u00ed.<\/li>\n<li><strong style=\"color: var(--tcb-skin-color-4);\">Entradas: <\/strong><span style=\"color: var(--tcb-skin-color-4); font-weight: var(--g-regular-weight,normal);\">La entrada para el Speculum Alchemiae se puede comprar en el sitio o en l\u00ednea.<\/span><\/li>\n<\/ul>\n<ul>\n<li><strong>Visitas guiadas:<\/strong> El Speculum Alchemiae se puede visitar en <a data-id=\"www.alchemiae.cz\/en\" data-type=\"URL\" href=\"http:\/\/www.alchemiae.cz\/en\" target=\"_blank\" style=\"outline: none;\" rel=\"noopener\">visitas guiadas<\/a> que se realizan cada media hora y duran unos 30 minutos.<\/li>\n<\/ul>\n<h2 id=\"t-1670408202253\"><span style=\"color: var(--tcb-skin-color-4); font-family: Literata; font-size: 26px; font-weight: var(--g-bold-weight,bold);\">\u00bfC\u00f3mo llego al Speculum Alchemiae?<\/span><\/h2>\n<p>Speculum Alchemiae se encuentra cerca de la Plaza de la Rep\u00fablica y es f\u00e1cilmente accesible con la l\u00ednea B del metro, l\u00ednea amarilla, parada N\u00e1m\u011bst\u00ed Republiky, desde all\u00ed se puede caminar unos minutos.<\/p>\n<h2 id=\"t-1670408202246\" data-alt-text=\"Geschichte \">Historia del Museo Speculum Alchemiae<\/h2>\n<p><span><img decoding=\"async\" alt=\"Historia\" data-id=\"1537\" width=\"702\" data-init-width=\"1000\" height=\"468\" data-init-height=\"667\" title=\"Historia del Museo Speculum Alchemiae\" loading=\"lazy\" src=\"https:\/\/praguetouristinformation.com\/es\/wp-content\/uploads\/2020\/11\/Geschichte.jpg\" data-width=\"702\" data-height=\"468\" data-pin-media=\"https:\/\/praguetouristinformation.com\/es\/wp-content\/uploads\/2021\/01\/14.jpg\" data-pin-description=\"Speculum Alchemiae: Ausstellung, Eintritt &amp; Geschichte 2022\" data-pin-url=\"https:\/\/praguetouristinformation.com\/es\/cosas-que-hacer\/museos\/speculum-alchemiae?tve=true&amp;tcbf=5a48c4570a\" data-pinpro-key=\"ngmc4l00k\"><\/span><\/p>\n<p>El museo est\u00e1 ubicado en el Barrio Jud\u00edo en uno de los edificios m\u00e1s antiguos de Praga, la casa del rabino L\u00f6w, cuya primera menci\u00f3n escrita data del a\u00f1o 900 d.C.<\/p>\n<p>El Speculum Alchemiae solo se descubri\u00f3 durante la limpieza despu\u00e9s de la gran inundaci\u00f3n de agosto de 2002, cuando se encontraron aqu\u00ed pasajes y habitaciones subterr\u00e1neos ocultos, que result\u00f3 que anteriormente se usaban como laboratorios alqu\u00edmicos.<\/p>\n<p>En el siglo XV hab\u00eda una farmacia de hierbas que vend\u00eda pociones y elixires. El emperador Rodolfo II instal\u00f3 aqu\u00ed un laboratorio de alquimia en el siglo XVI, en el que trabajaron muchos alquimistas famosos.&nbsp;<\/p>\n<p>En el per\u00edodo medieval tard\u00edo y moderno temprano, la ciencia y el misticismo estaban estrechamente vinculados. La atm\u00f3sfera m\u00e1gica del antiguo laboratorio se ha conservado hasta el d\u00eda de hoy en las salas fielmente reconstruidas.<\/p>\n<p>Al girar la peque\u00f1a estatua en la biblioteca, se abre una puerta secreta que conduce al laboratorio subterr\u00e1neo debajo de la estatua, donde se exhibe el crisol utilizado para convertir el plomo en oro. Un t\u00fanel conduc\u00eda directamente desde el laboratorio a un escape seguro en el bosque fuera de la ciudad&#8230; Los alquimistas nunca podr\u00edan ser demasiado cuidadosos&#8230;<\/p>\n<h2 id=\"t-1670408202247\">Contacto<\/h2>\n<ul>\n<li><strong>Direcci\u00f3n:<\/strong> Ha\u0161talsk\u00e1 1, 110 00 Star\u00e9 M\u011bsto, Praga<\/li>\n<\/ul>\n<ul>\n<li><strong>Transporte p\u00fablico:<\/strong> &nbsp; Metro l\u00ednea B, l\u00ednea amarilla, parada N\u00e1m\u011bst\u00ed Republiky&nbsp;<\/li>\n<\/ul>\n<ul>\n<li><strong>Horario de apertura:<\/strong> &nbsp;Consulte <a data-id=\"http:\/\/www.alchemiae.cz\/en\" data-type=\"URL\" href=\"http:\/\/www.alchemiae.cz\/en\" target=\"_blank\" style=\"outline: none;\" rel=\"noopener\">este sitio web<\/a> para conocer los horarios de apertura exactos .<a data-id=\"http:\/\/www.alchemiae.cz\/en\" data-type=\"URL\" href=\"http:\/\/www.alchemiae.cz\/en\" target=\"_blank\" style=\"outline: none;\" rel=\"noopener\"><\/a><\/li>\n<li><strong>Sitio web<\/strong> : <a href=\"http:\/\/www.alchemiae.cz\/en\" target=\"_blank\" style=\"outline: none;\" rel=\"noopener\">Speculum Alchemiae<\/a><\/li>\n<\/ul>\n","protected":false},"excerpt":{"rendered":"<p>El Museo de la Alquimia Speculum Alchemiae se encuentra en el Barrio Jud\u00edo de la Ciudad Vieja de Praga . Cuenta la historia de la alquimia y la magia. Toda la informaci\u00f3n importante sobre Speculum Alchemiae se recopila aqu\u00ed, incluida la admisi\u00f3n, su historia y la direcci\u00f3n. \u00bfQu\u00e9 puedo hacer en el Speculum Alchemiae? Taller [&hellip;]<\/p>\n","protected":false},"author":6,"featured_media":1534,"parent":137,"menu_order":0,"comment_status":"open","ping_status":"closed","template":"","meta":{"footnotes":""},"categories":[],"tags":[22,19],"class_list":["post-898","page","type-page","status-publish","has-post-thumbnail","hentry","tag-museum","tag-sehenswuerdigkeiten","post-wrapper","thrv_wrapper"],"_links":{"self":[{"href":"https:\/\/praguetouristinformation.com\/es\/wp-json\/wp\/v2\/pages\/898","targetHints":{"allow":["GET"]}}],"collection":[{"href":"https:\/\/praguetouristinformation.com\/es\/wp-json\/wp\/v2\/pages"}],"about":[{"href":"https:\/\/praguetouristinformation.com\/es\/wp-json\/wp\/v2\/types\/page"}],"author":[{"embeddable":true,"href":"https:\/\/praguetouristinformation.com\/es\/wp-json\/wp\/v2\/users\/6"}],"replies":[{"embeddable":true,"href":"https:\/\/praguetouristinformation.com\/es\/wp-json\/wp\/v2\/comments?post=898"}],"version-history":[{"count":5,"href":"https:\/\/praguetouristinformation.com\/es\/wp-json\/wp\/v2\/pages\/898\/revisions"}],"predecessor-version":[{"id":4760,"href":"https:\/\/praguetouristinformation.com\/es\/wp-json\/wp\/v2\/pages\/898\/revisions\/4760"}],"up":[{"embeddable":true,"href":"https:\/\/praguetouristinformation.com\/es\/wp-json\/wp\/v2\/pages\/137"}],"wp:featuredmedia":[{"embeddable":true,"href":"https:\/\/praguetouristinformation.com\/es\/wp-json\/wp\/v2\/media\/1534"}],"wp:attachment":[{"href":"https:\/\/praguetouristinformation.com\/es\/wp-json\/wp\/v2\/media?parent=898"}],"wp:term":[{"taxonomy":"category","embeddable":true,"href":"https:\/\/praguetouristinformation.com\/es\/wp-json\/wp\/v2\/categories?post=898"},{"taxonomy":"post_tag","embeddable":true,"href":"https:\/\/praguetouristinformation.com\/es\/wp-json\/wp\/v2\/tags?post=898"}],"curies":[{"name":"wp","href":"https:\/\/api.w.org\/{rel}","templated":true}]}}