{"id":896,"date":"2020-10-19T15:38:05","date_gmt":"2020-10-19T15:38:05","guid":{"rendered":"https:\/\/praguetouristinformation.com\/es\/?page_id=896"},"modified":"2023-05-03T08:47:11","modified_gmt":"2023-05-03T08:47:11","slug":"apple","status":"publish","type":"page","link":"https:\/\/praguetouristinformation.com\/es\/cosas-que-hacer\/museos\/apple","title":{"rendered":"Gu\u00eda del Museo de la Apple: Exposici\u00f3n, entradas, historia"},"content":{"rendered":"<p>El Apple Museum abri\u00f3 sus puertas en 2015 y explora la historia de los productos dise\u00f1ados por Apple.<\/p>\n<p>Toda la informaci\u00f3n importante sobre el Museo Apple se recopila aqu\u00ed, incluida la admisi\u00f3n, su historia y la direcci\u00f3n.<\/p>\n<h2 id=\"t-1670398262176\">\u00bfQu\u00e9 puedo hacer en el Museo de la Manzana?<\/h2>\n<h3 id=\"t-1670398262177\">exhibici\u00f3n permanente<\/h3>\n<p>En la exposici\u00f3n permanente se exhiben alrededor de 500 productos del Grupo en una superficie de m\u00e1s de 700 m\u00b2.<\/p>\n<p>Estos incluyen el Lisa, el primer Macintosh, varias generaciones de iMac, Power Mac, iPhone y iPod, as\u00ed como productos menos conocidos como impresoras y c\u00e1maras, y accesorios como teclados, impresoras y ratones.<\/p>\n<p>Tambi\u00e9n se exhiben las reliquias de Steve Job, incluido su atuendo favorito.<\/p>\n<p>Los productos de Next y Pixar tambi\u00e9n tienen su lugar en la exposici\u00f3n.<\/p>\n<h3 id=\"t-1670398262178\">restaurante vegano<\/h3>\n<p>Si tienes hambre y te encanta la comida vegana, puedes fortalecerte en el restaurante \u00abStevens Food\u00bb. El restaurante lleva el nombre del legendario fundador de Apple, Steve Job, que era vegano.<\/p>\n<h2 id=\"t-1670398262179\">Entradas, entradas y visitas guiadas<\/h2>\n<ul>\n<li><strong>Admisi\u00f3n:<\/strong> El Museo Apple est\u00e1 abierto todo el a\u00f1o.&nbsp;<\/li>\n<li><strong>Entradas:<\/strong> Los precios de las entradas se pueden consultar en <a data-id=\"https:\/\/www.applemuseum.com\/en\/\" data-type=\"URL\" href=\"https:\/\/www.applemuseum.com\/en\/\" target=\"_blank\" style=\"outline: none;\" rel=\"noopener\">esta web <\/a><a href=\"https:\/\/www.applemuseum.com\/en\/\" target=\"_blank\" rel=\"noopener\">.<\/a><\/li>\n<\/ul>\n<h2 id=\"t-1670398262180\">\u00bfC\u00f3mo llego al Museo de la Manzana?<\/h2>\n<p>El Museo de la Manzana est\u00e1 ubicado en un peque\u00f1o callej\u00f3n en el <a data-id=\"742\" data-type=\"page\" href=\"https:\/\/praguetouristinformation.com\/es\/cosas-que-hacer\/ciudad-vieja\" style=\"outline: none;\">casco antiguo<\/a> al oeste de la Plaza de la <a data-id=\"621\" data-type=\"page\" href=\"https:\/\/praguetouristinformation.com\/es\/cosas-que-hacer\/ciudad-vieja\/anillo-de-la-ciudad-vieja\" style=\"outline: none;\">Ciudad Vieja<\/a> . Es f\u00e1cilmente accesible por la l\u00ednea A del metro, l\u00ednea verde, estaci\u00f3n Starom\u011bstsk\u00e1, desde all\u00ed se camina unos minutos.<\/p>\n<h2 id=\"t-1670398262181\">Historia<\/h2>\n<p>El museo fue inaugurado en 2015 en un edificio hist\u00f3rico en el centro de Praga.<\/p>\n<p>Steve Job construy\u00f3 la primera computadora personal con su amigo Steve Wozniak en el garaje de sus padres y fund\u00f3 Apple Computer Company en 1976. El primer producto que present\u00f3 la ahora ic\u00f3nica manzana mordida fue el Apple I, que se vendi\u00f3 por $666.66. El prototipo todav\u00eda estaba en una caja de madera hecha a s\u00ed misma.<\/p>\n<p>La exposici\u00f3n incluye la colecci\u00f3n de computadoras m\u00e1s valiosa y compleja desde 1976 hasta 2012. Se considera la colecci\u00f3n privada de productos Apple m\u00e1s grande del mundo. Numerosos expositores privados pusieron a disposici\u00f3n para este fin sus ordenadores y Macs y otros accesorios.<\/p>\n<p>En el museo se pueden ver l\u00edneas de tiempo con todas las generaciones de modelos de iPhone, iPod, iPad, iMac y Power Mac. Se dice que se colocaron 12.000 metros de cable de computadora.<\/p>\n<p>Adem\u00e1s, se exhiben tarjetas de visita, carteles y material informativo de la historia de Apple y de las dos empresas importantes para Steve Jobs, Next y Pixar.<\/p>\n<p>Algunas de las paredes del museo est\u00e1n decoradas con citas de Steve Jobs, entre otras: \u201cEl dise\u00f1o no es solo c\u00f3mo se ve o se siente. El dise\u00f1o es c\u00f3mo funciona\u201d.&nbsp;<\/p>\n<h2 id=\"t-1670398262182\">Contacto<\/h2>\n<ul>\n<li><strong>Direcci\u00f3n:<\/strong> Husova 21, 110 00 Star\u00e9 M\u011bsto, Praga<\/li>\n<li><strong>Transporte p\u00fablico:<\/strong> Metro l\u00ednea A, l\u00ednea verde, parada Starom\u011bstsk\u00e1<\/li>\n<li><strong>Horario<\/strong> de apertura : consulte <a href=\"https:\/\/www.applemuseum.com\/en\/\" target=\"_blank\" style=\"outline: none;\" rel=\"noopener\">este sitio web para conocer los horarios de apertura exactos.<\/a>&nbsp;<\/li>\n<\/ul>\n","protected":false},"excerpt":{"rendered":"<p>El Apple Museum abri\u00f3 sus puertas en 2015 y explora la historia de los productos dise\u00f1ados por Apple. Toda la informaci\u00f3n importante sobre el Museo Apple se recopila aqu\u00ed, incluida la admisi\u00f3n, su historia y la direcci\u00f3n. \u00bfQu\u00e9 puedo hacer en el Museo de la Manzana? exhibici\u00f3n permanente En la exposici\u00f3n permanente se exhiben alrededor [&hellip;]<\/p>\n","protected":false},"author":6,"featured_media":1498,"parent":137,"menu_order":0,"comment_status":"closed","ping_status":"closed","template":"","meta":{"footnotes":""},"categories":[],"tags":[22,19],"class_list":["post-896","page","type-page","status-publish","has-post-thumbnail","hentry","tag-museum","tag-sehenswuerdigkeiten","post-wrapper","thrv_wrapper"],"_links":{"self":[{"href":"https:\/\/praguetouristinformation.com\/es\/wp-json\/wp\/v2\/pages\/896","targetHints":{"allow":["GET"]}}],"collection":[{"href":"https:\/\/praguetouristinformation.com\/es\/wp-json\/wp\/v2\/pages"}],"about":[{"href":"https:\/\/praguetouristinformation.com\/es\/wp-json\/wp\/v2\/types\/page"}],"author":[{"embeddable":true,"href":"https:\/\/praguetouristinformation.com\/es\/wp-json\/wp\/v2\/users\/6"}],"replies":[{"embeddable":true,"href":"https:\/\/praguetouristinformation.com\/es\/wp-json\/wp\/v2\/comments?post=896"}],"version-history":[{"count":5,"href":"https:\/\/praguetouristinformation.com\/es\/wp-json\/wp\/v2\/pages\/896\/revisions"}],"predecessor-version":[{"id":4761,"href":"https:\/\/praguetouristinformation.com\/es\/wp-json\/wp\/v2\/pages\/896\/revisions\/4761"}],"up":[{"embeddable":true,"href":"https:\/\/praguetouristinformation.com\/es\/wp-json\/wp\/v2\/pages\/137"}],"wp:featuredmedia":[{"embeddable":true,"href":"https:\/\/praguetouristinformation.com\/es\/wp-json\/wp\/v2\/media\/1498"}],"wp:attachment":[{"href":"https:\/\/praguetouristinformation.com\/es\/wp-json\/wp\/v2\/media?parent=896"}],"wp:term":[{"taxonomy":"category","embeddable":true,"href":"https:\/\/praguetouristinformation.com\/es\/wp-json\/wp\/v2\/categories?post=896"},{"taxonomy":"post_tag","embeddable":true,"href":"https:\/\/praguetouristinformation.com\/es\/wp-json\/wp\/v2\/tags?post=896"}],"curies":[{"name":"wp","href":"https:\/\/api.w.org\/{rel}","templated":true}]}}