{"id":894,"date":"2020-10-19T15:36:40","date_gmt":"2020-10-19T15:36:40","guid":{"rendered":"https:\/\/praguetouristinformation.com\/es\/?page_id=894"},"modified":"2023-05-03T12:16:38","modified_gmt":"2023-05-03T12:16:38","slug":"estatal","status":"publish","type":"page","link":"https:\/\/praguetouristinformation.com\/es\/cosas-que-hacer\/teatro\/estatal","title":{"rendered":"Gu\u00eda del Teatro Estatal de Praga: Informaci\u00f3n, programa e historia\u2026"},"content":{"rendered":"<p><\/p>\n\n\n<\/p><p>Das St\u00e4ndetheater ist ein historisches Theatergeb\u00e4ude am Obstmarkt in der <a href=\"https:\/\/praguetouristinformation.com\/es\/cosas-que-hacer\/ciudad-vieja\">Prager Altstadt<\/a>.<\/p><p>\n\n\n<p><\/p>\n<p><\/p>\n\n\n<\/p><p>Im Oktober 1787 fand hier die Urauff\u00fchrung der Oper Don Giovanni statt, die Mozart den Pragern widmete.<\/p><p>\n\n\n<p><\/p>\n<p><\/p>\n\n\n<\/p><p>Hier sind alle wichtigen Informationen zum St\u00e4ndetheater gesammelt, dazu z\u00e4hlt der Spielplan, seine Geschichte und die Adresse.<\/p><p>\n\n\n<p><\/p>\n<p><\/p>\n\n\n<\/p><h2 class=\"wp-block-heading\">Was kann ich im St\u00e4ndetheater machen?<\/h2><p>\n\n\n<p><\/p>\n<p><\/p>\n\n\n<\/p><img decoding=\"async\" src=\"https:\/\/praguetouristinformation.com\/es\/wp-content\/uploads\/2020\/11\/Was-kann-ich-im-Staendetheater-machen.jpg\" alt=\"Was kann ich im St\u00e4ndetheater machen\" \/><p>\n\n\n<p><\/p>\n<p><\/p>\n\n\n<\/p><p>Nach der Staatsoper und dem Nationaltheater ist das St\u00e4ndetheater die dritte Opernb\u00fchne in Prag und bietet ein ganz besonderes Erlebnis.<\/p><p>\n\n\n<p><\/p>\n<p><\/p>\n\n\n<\/p><p>Besucher k\u00f6nnen in der Atmosph\u00e4re des historischen Baus einen unvergesslichen Theaterabend genie\u00dfen. Das <a href=\"https:\/\/praguetouristinformation.com\/es\/cosas-que-hacer\/teatro\" data-type=\"page\" data-id=\"892\">Theater <\/a>wird zurzeit f\u00fcr Schauspielauff\u00fchrungen des Nationaltheaters benutzt.<\/p><p>\n\n\n<p><\/p>\n<p><\/p>\n\n\n<\/p><p>Traditionsgem\u00e4\u00df werden auch Opern von Mozart gespielt. Es ist schon etwas Besonderes, den Don Giovanni im Haus der Urauff\u00fchrung anzuschauen.<\/p><p>\n\n\n<p><\/p>\n<p><\/p>\n\n\n<\/p><p>Aber auch das im klassizistischen Stil erbaute Geb\u00e4ude an sich ist Grund genug f\u00fcr einen Besuch, ist es doch beinahe vollst\u00e4ndig in seinem urspr\u00fcnglichen Zustand erhalten.<\/p><p>\n\n\n<p><\/p>\n<p><\/p>\n\n\n<\/p><h2 class=\"wp-block-heading\">Eintritt, Tickets und F\u00fchrungen<\/h2><p>\n\n\n<p><\/p>\n<p><\/p>\n\n\n<\/p><img decoding=\"async\" src=\"https:\/\/praguetouristinformation.com\/es\/wp-content\/uploads\/2020\/11\/Eintritt-Tickets-und-Fuehrungen-Standetheater.jpg\" alt=\"Eintritt, Tickets und F\u00fchrungen Standetheater\" \/><p>\n\n\n<p><\/p>\n<p><\/p>\n\n\n<\/p><p>Das St\u00e4ndetheater ist ganzj\u00e4hrig ge\u00f6ffnet.<\/p><p>\n\n\n<p><\/p>\n<p><\/p>\n\n\n<\/p><ul class=\"wp-block-list\"><li><strong>Tickets:<\/strong> Tickets f\u00fcr die Auff\u00fchrungen k\u00f6nnen vor Ort, an der Abendkasse oder online gekauft\u00a0 werden und sind auch an allen Kassen des Nationaltheaters erh\u00e4ltlich.<\/li><li><strong>F\u00fchrungen:<\/strong> Besichtigungen f\u00fcr Gruppen k\u00f6nnen nach Vereinbarung in verschiedenen Sprachen durchgef\u00fchrt werden.<\/li><li><strong>Eintritt:<\/strong> Die genaueren Einzelheiten sind <a href=\"https:\/\/www.narodni-divadlo.cz\/en\" target=\"_blank\" rel=\"noopener\" data-type=\"URL\" data-id=\"www.narodni-divadlo.cz\">hier<\/a> zu finden.<\/li><\/ul><p>\n\n\n<p><\/p>\n<p><\/p>\n\n\n<\/p><h2 class=\"wp-block-heading\">Spielplan mit dem aktuellen Programm<\/h2><p>\n\n\n<p><\/p>\n<p><\/p>\n\n\n<\/p><p>Den Spielplan sowie das <a href=\"https:\/\/www.narodni-divadlo.cz\/en\" target=\"_blank\" rel=\"noopener\" data-type=\"URL\" data-id=\"www.narodni-divadlo.cz\">aktuelle Programm<\/a> und eine Vorschau f\u00fcr kommende Auff\u00fchrungen kann man hier einsehen.<\/p><p>\n\n\n<p><\/p>\n<p><\/p>\n\n\n<\/p><h2 class=\"wp-block-heading\">Wie komme ich zum St\u00e4ndetheater?<\/h2><p>\n\n\n<p><\/p>\n<p><\/p>\n\n\n<\/p><p>Das St\u00e4ndetheater liegt mitten in der Prager Altstadt und ist mit der U-Bahnlinie A, gr\u00fcne Linie oder der U-Bahnlinie B, gelbe Linie, \u00fcber die Haltestelle M\u016fstek bequem zu erreichen.<\/p><p>\n\n\n<p><\/p>\n<p><\/p>\n\n\n<\/p><p>Von dort aus sind es nur wenige Minuten zu Fu\u00df.<\/p><p>\n\n\n<p><\/p>\n<p><\/p>\n\n\n<\/p><h2 class=\"wp-block-heading\">Geschichte des St\u00e4ndetheaters<\/h2><p>\n\n\n<p><\/p>\n<p><\/p>\n\n\n<\/p><img decoding=\"async\" src=\"https:\/\/praguetouristinformation.com\/es\/wp-content\/uploads\/2020\/11\/Geschichte-des-Staendetheaters.jpg\" alt=\"Geschichte des St\u00e4ndetheaters\" \/><p>\n\n\n<p><\/p>\n<p><\/p>\n\n\n<\/p><p>Die Er\u00f6ffnung des St\u00e4ndetheaters, das von dem Grafen Franz Anton Nostitz-Rieneck erbaut und auch urspr\u00fcnglich nach ihm benannt wurde, fand 1783 mit der Premiere von Lessings Trauerspiel \u201eEmilia Galotti\u201c statt.<\/p><p>\n\n\n<p><\/p>\n<p><\/p>\n\n\n<\/p><p>Seinen heutigen Namen verdankt es den tschechischen St\u00e4nden, die das Theater im Jahr 1798 kauften und in K\u00f6nigliches St\u00e4ndetheater umbenannten.<\/p><p>\n\n\n<p><\/p>\n<p><\/p>\n\n\n<\/p><p>Bis heute ist das im klassizistischen Stil erbaute Geb\u00e4ude beinahe vollst\u00e4ndig in seinem urspr\u00fcnglichen Zustand erhalten.<\/p><p>\n\n\n<p><\/p>\n<p><\/p>\n\n\n<\/p><p>Der L\u00fcster, der im Rahmen der letzten kompletten Renovierung in den Jahren 1983 \u2013 1991 aufgeh\u00e4ngt wurde, ist eine Kopie des zum Teil noch gasversorgten Originall\u00fcsters aus dem Jahre 1874. Er ist 800 Kilogramm schwer und hat 148 Gl\u00fchbirnen.<\/p><p>\n\n\n<p><\/p>\n<p><\/p>\n\n\n<\/p><p>Unzertrennlich mit der Geschichte des St\u00e4ndetheaters verbunden ist Wolfgang Amadeus Mozart, der hier im Januar 1787 \u201eFigaros Hochzeit\u201c dirigierte. Am 29. Oktober 1787 fand im St\u00e4ndetheater die Weltpremiere der Oper \u201eDon Giovanni\u201c statt, die Mozart den Pragern widmete. In folgenden Jahren wurden weitere Opern von Mozart aufgef\u00fchrt.<\/p><p>\n\n\n<p><\/p>\n<p><\/p>\n\n\n<\/p><p>Mit fast 700 Pl\u00e4tzen ist das St\u00e4ndetheater heute eine der B\u00fchnen des Nationaltheaters und wird f\u00fcr Ballett- und Schauspielauff\u00fchrungen genutzt, wobei die Opern von Wolfgang Amadeus Mozart einen Programmschwerpunkt bilden.<\/p><p>\n\n\n<p><\/p>\n<p><\/p>\n\n\n<\/p><h2 class=\"wp-block-heading\">Kontakt<\/h2><p>\n\n\n<p><\/p>\n<p><\/p>\n\n\n<\/p><ul class=\"wp-block-list\"><li><strong>Adresse:<\/strong> \u017delezn\u00e1, Star\u00e9 M\u011bsto, 110 00 Prague<\/li><li><strong>\u00d6ffentlich<\/strong>:\u00a0 U-Bahnlinie A, gr\u00fcne Linie und U-Bahnlinie B, gelbe Linie, Haltestelle M\u016fstek\u00a0<\/li><li><strong>\u00d6ffnungszeit<\/strong>: die genauen <a href=\"http:\/\/www.narodni-divadlo.cz\" target=\"_blank\" rel=\"noopener\" data-type=\"URL\" data-id=\"www.narodni-divadlo.cz\">\u00d6ffnungszeiten<\/a> sind hier zu finden.\u00a0<\/li><\/ul><p>\n\n\n<p><\/p>","protected":false},"excerpt":{"rendered":"<p>Das St\u00e4ndetheater ist ein historisches Theatergeb\u00e4ude am Obstmarkt in der Prager Altstadt. Im Oktober 1787 fand hier die Urauff\u00fchrung der Oper Don Giovanni statt, die Mozart den Pragern widmete. Hier sind alle wichtigen Informationen zum St\u00e4ndetheater gesammelt, dazu z\u00e4hlt der Spielplan, seine Geschichte und die Adresse. Was kann ich im St\u00e4ndetheater machen? Nach der Staatsoper [&hellip;]<\/p>\n","protected":false},"author":6,"featured_media":1897,"parent":892,"menu_order":0,"comment_status":"open","ping_status":"closed","template":"","meta":{"footnotes":""},"categories":[],"tags":[19,23],"class_list":["post-894","page","type-page","status-publish","has-post-thumbnail","hentry","tag-sehenswuerdigkeiten","tag-theater","post-wrapper","thrv_wrapper"],"_links":{"self":[{"href":"https:\/\/praguetouristinformation.com\/es\/wp-json\/wp\/v2\/pages\/894","targetHints":{"allow":["GET"]}}],"collection":[{"href":"https:\/\/praguetouristinformation.com\/es\/wp-json\/wp\/v2\/pages"}],"about":[{"href":"https:\/\/praguetouristinformation.com\/es\/wp-json\/wp\/v2\/types\/page"}],"author":[{"embeddable":true,"href":"https:\/\/praguetouristinformation.com\/es\/wp-json\/wp\/v2\/users\/6"}],"replies":[{"embeddable":true,"href":"https:\/\/praguetouristinformation.com\/es\/wp-json\/wp\/v2\/comments?post=894"}],"version-history":[{"count":9,"href":"https:\/\/praguetouristinformation.com\/es\/wp-json\/wp\/v2\/pages\/894\/revisions"}],"predecessor-version":[{"id":4849,"href":"https:\/\/praguetouristinformation.com\/es\/wp-json\/wp\/v2\/pages\/894\/revisions\/4849"}],"up":[{"embeddable":true,"href":"https:\/\/praguetouristinformation.com\/es\/wp-json\/wp\/v2\/pages\/892"}],"wp:featuredmedia":[{"embeddable":true,"href":"https:\/\/praguetouristinformation.com\/es\/wp-json\/wp\/v2\/media\/1897"}],"wp:attachment":[{"href":"https:\/\/praguetouristinformation.com\/es\/wp-json\/wp\/v2\/media?parent=894"}],"wp:term":[{"taxonomy":"category","embeddable":true,"href":"https:\/\/praguetouristinformation.com\/es\/wp-json\/wp\/v2\/categories?post=894"},{"taxonomy":"post_tag","embeddable":true,"href":"https:\/\/praguetouristinformation.com\/es\/wp-json\/wp\/v2\/tags?post=894"}],"curies":[{"name":"wp","href":"https:\/\/api.w.org\/{rel}","templated":true}]}}