{"id":892,"date":"2020-10-19T15:35:12","date_gmt":"2020-10-19T15:35:12","guid":{"rendered":"https:\/\/praguetouristinformation.com\/es\/?page_id=892"},"modified":"2023-05-03T08:57:37","modified_gmt":"2023-05-03T08:57:37","slug":"teatro","status":"publish","type":"page","link":"https:\/\/praguetouristinformation.com\/es\/cosas-que-hacer\/teatro","title":{"rendered":"7 Mejores teatros de Praga [con mapa]"},"content":{"rendered":"<h3 id=\"t-1670485525761\">En esta p\u00e1gina te contamos los 7 mejores teatros de Praga.<\/h3>\n<p>La \u00f3pera y la m\u00fasica cl\u00e1sica juegan un papel importante en Praga. Adem\u00e1s de tres teatros de \u00f3pera, hay varias salas de conciertos, incluido el famoso Rudolfinum.<\/p>\n<p>No s\u00f3lo el compositor nacional checo Smetana, conocido por la pieza \u00abEl Moldau\u00bb, sino tambi\u00e9n los estrenos de las \u00f3peras de Mozart Don Giovanni y Figaro hicieron popular la m\u00fasica cl\u00e1sica en Praga.<\/p>\n<p>Ahora veamos nuestra peque\u00f1a selecci\u00f3n de escenarios y casas.<\/p>\n<h2 id=\"t-1670485525762\">1. Teatro Nacional<\/h2>\n<p><span><img decoding=\"async\" alt=\"Teatro Nacional de Praga\" data-id=\"1877\" width=\"702\" data-init-width=\"1000\" height=\"468\" data-init-height=\"667\" title=\"Teatro Nacional de Praga\" loading=\"lazy\" src=\"https:\/\/praguetouristinformation.com\/es\/wp-content\/uploads\/2020\/11\/Nationaltheater.jpg\" data-width=\"702\" data-height=\"468\" data-pin-media=\"https:\/\/praguetouristinformation.com\/es\/wp-content\/uploads\/2021\/01\/prag_7_theater_pinterest.jpg\" data-pin-description=\"Los 7 mejores teatros de Praga [con mapa] - 2022\" data-pin-url=\"https:\/\/praguetouristinformation.com\/es\/cosas-que-hacer\/teatro?tve=true&amp;tcbf=5a48c4570a\" data-pinpro-key=\"onn2uh8yo\"><\/span><\/p>\n<p>El Teatro Nacional es el teatro y la \u00f3pera m\u00e1s importante de Praga. El edificio neorrenacentista es considerado un s\u00edmbolo nacional. Con motivo de la visita del pr\u00edncipe heredero Rodolfo, el teatro, que a\u00fan no estaba completamente construido, se inaugur\u00f3 el 11 de junio de 1881 con el estreno mundial de la \u00f3pera Libusa de Smetana, compuesta especialmente para esta ocasi\u00f3n. El elegante interior y exterior son llamativos con su rico dorado.<\/p>\n<p>Hoy trabajan en el Teatro Nacional los tres conjuntos de \u00d3pera, Ballet y Drama. Adem\u00e1s de piezas cl\u00e1sicas, tambi\u00e9n se interpretan obras de autores locales y literatura mundial moderna.<\/p>\n<ul>\n<li><strong>Direcci\u00f3n: N\u00e1rodn\u00ed 2, Nov\u00e9 M\u011bsto, 110 00 Praga<\/strong><\/li>\n<\/ul>\n<h2 id=\"t-1670485525763\">2. \u00d3pera Estatal<\/h2>\n<p><span><img decoding=\"async\" alt=\"\u00d3pera Estatal de Praga\" data-id=\"1878\" width=\"702\" data-init-width=\"1000\" height=\"468\" data-init-height=\"667\" title=\"\u00d3pera Estatal de Praga\" loading=\"lazy\" src=\"https:\/\/praguetouristinformation.com\/es\/wp-content\/uploads\/2020\/11\/Staatsoper.jpg\" data-width=\"702\" data-height=\"468\" data-pin-media=\"https:\/\/praguetouristinformation.com\/es\/wp-content\/uploads\/2021\/01\/prag_7_theater_pinterest.jpg\" data-pin-description=\"Los 7 mejores teatros de Praga [con mapa] - 2022\" data-pin-url=\"https:\/\/praguetouristinformation.com\/es\/cosas-que-hacer\/teatro?tve=true&amp;tcbf=5a48c4570a\" data-pinpro-key=\"7atq5pzab\"><\/span><\/p>\n<p>La \u00d3pera Estatal de Praga fue fundada como el \u00abNuevo Teatro Alem\u00e1n\u00bb y est\u00e1 ubicada cerca de <a data-id=\"662\" data-type=\"page\" href=\"https:\/\/praguetouristinformation.com\/es\/cosas-que-hacer\/ciudad-vieja\/plaza-de-wenceslao\" style=\"outline: none;\">la Plaza de Wenceslao. <\/a>El interior del ornamentado edificio neorrococ\u00f3 llama la atenci\u00f3n con terciopelo rojo y brillantes candelabros, y el espacioso escenario tambi\u00e9n es sorprendente.<\/p>\n<p>La casa fue inaugurada el 5 de enero de 1888 con el estreno de \u00abDie Meistersinger von N\u00fcrnberg\u00bb de Richard Wagner. M\u00e1s tarde, tambi\u00e9n se represent\u00f3 aqu\u00ed el \u00abRing des Nibelungen\u00bb de Wagner. Despu\u00e9s de que los alemanes fueran expulsados despu\u00e9s de la Segunda Guerra Mundial, la casa pas\u00f3 a llamarse Teatro Smetana.<\/p>\n<p>El escenario ha servido como la \u00d3pera Estatal de Praga desde 1992, pero ha sido parte del Teatro Nacional Checo como su tercer escenario durante siete a\u00f1os. Despu\u00e9s de casi tres a\u00f1os de renovaci\u00f3n, la \u00d3pera Estatal de Praga fue reabierta el 30 de enero de 2020 con un concierto de gala festivo.<\/p>\n<ul>\n<li><strong>Direcci\u00f3n: Wilsonova 4, Vinohrady, 110 00 Praga<\/strong><\/li>\n<\/ul>\n<h2 id=\"t-1670485525764\">3. Teatro Estatal<\/h2>\n<p><span><img decoding=\"async\" alt=\"Teatro Estatal de Praga\" data-id=\"1879\" width=\"702\" data-init-width=\"1000\" height=\"468\" data-init-height=\"667\" title=\"Teatro Estatal de Praga\" loading=\"lazy\" src=\"https:\/\/praguetouristinformation.com\/es\/wp-content\/uploads\/2020\/11\/Staendetheater.jpg\" data-width=\"702\" data-height=\"468\" data-pin-media=\"https:\/\/praguetouristinformation.com\/es\/wp-content\/uploads\/2021\/01\/prag_7_theater_pinterest.jpg\" data-pin-description=\"Los 7 mejores teatros de Praga [con mapa] - 2022\" data-pin-url=\"https:\/\/praguetouristinformation.com\/es\/cosas-que-hacer\/teatro?tve=true&amp;tcbf=5a48c4570a\" data-pinpro-key=\"t891yyiwm\"><\/span><\/p>\n<p>Despu\u00e9s de la \u00d3pera Estatal y el Teatro Nacional, el <a data-id=\"894\" data-type=\"page\" href=\"https:\/\/praguetouristinformation.com\/es\/cosas-que-hacer\/teatro\" style=\"outline: none;\">Teatro Estatal<\/a> es el tercer escenario de \u00f3pera en Praga. El edificio de estilo neocl\u00e1sico en Obstmarkt en <a data-id=\"742\" data-type=\"page\" href=\"https:\/\/praguetouristinformation.com\/es\/cosas-que-hacer\/ciudad-vieja\" style=\"outline: none;\">el casco antiguo de Praga<\/a> se ha conservado casi en su totalidad en su estado original.<\/p>\n<p>La casa se hizo famosa con el estreno de la \u00f3pera Don Giovanni de Wolfgang Amadeus Mozart el 29 de octubre de 1787. Mozart dedic\u00f3 esta \u00f3pera al pueblo de Praga.<\/p>\n<p>Con casi 700 asientos, el Teatro Estatal es ahora uno de los escenarios del Teatro Nacional y se utiliza para representaciones de ballet y teatro, con las \u00f3peras de Wolfgang Amadeus Mozart como foco del programa.<\/p>\n<ul>\n<li><strong>Direcci\u00f3n: \u017delezn\u00e1, Star\u00e9 M\u011bsto, 110 00 Praga<\/strong><\/li>\n<\/ul>\n<h2 id=\"t-1670485525765\">4. Hudebni divadlo Karl\u00edn<\/h2>\n<p><span><img decoding=\"async\" alt=\"Hudebn\u00ed divadlo Karl\u00edn en Praga\" data-id=\"1880\" width=\"702\" data-init-width=\"1000\" height=\"407\" data-init-height=\"580\" title=\"Hudebni divadlo Karl\u00edn en Praga\" loading=\"lazy\" src=\"https:\/\/praguetouristinformation.com\/es\/wp-content\/uploads\/2020\/11\/Hudebni-divadlo-Karlin.jpg\" data-width=\"702\" data-height=\"407\" data-pin-media=\"https:\/\/praguetouristinformation.com\/es\/wp-content\/uploads\/2021\/01\/prag_7_theater_pinterest.jpg\" data-pin-description=\"Los 7 mejores teatros de Praga [con mapa] - 2022\" data-pin-url=\"https:\/\/praguetouristinformation.com\/es\/cosas-que-hacer\/teatro?tve=true&amp;tcbf=5a48c4570a\" data-pinpro-key=\"mwaar8f0g\"><\/span><\/p>\n<p>El Hudebn\u00ed divadlo Karl\u00edn se encuentra cerca de la estaci\u00f3n de metro Florenc. Fue inaugurado con el nombre de Th\u00e9\u00e2tre\u2013Vari\u00e9t\u00e9 el 27 de agosto de 1881. El edificio, uno de los tres teatros m\u00e1s antiguos de Praga, ha sido reconstruido varias veces, la primera vez en 1897. El equipo artesanal, las pinturas del techo, el portal dorado y el pintado a mano datan de este per\u00edodo tel\u00f3n de teatro<\/p>\n<p>En octubre de 2006 tuvo lugar aqu\u00ed el estreno checo del musical de Broadway m\u00e1s exitoso de todos los tiempos \u00abThe Producers\u00bb. Desde entonces, se han representado operetas y musicales en el Teatro Musical de Karlin, incluidos numerosos estrenos mundiales.<\/p>\n<ul>\n<li><strong>Direcci\u00f3n: K\u0159i\u017e\u00edkova 283, Karl\u00edn, 186 00 Praga<\/strong><\/li>\n<\/ul>\n<h2 id=\"t-1670485525766\">5. Rudolfinio<\/h2>\n<p><span><img decoding=\"async\" alt=\"Rudolfinum en Praga\" data-id=\"1882\" width=\"702\" data-init-width=\"1000\" height=\"468\" data-init-height=\"667\" title=\"Rudolfinum en Praga\" loading=\"lazy\" src=\"https:\/\/praguetouristinformation.com\/es\/wp-content\/uploads\/2020\/11\/Rudolfinum.jpg\" data-width=\"702\" data-height=\"468\" data-pin-media=\"https:\/\/praguetouristinformation.com\/es\/wp-content\/uploads\/2021\/01\/prag_7_theater_pinterest.jpg\" data-pin-description=\"Los 7 mejores teatros de Praga [con mapa] - 2022\" data-pin-url=\"https:\/\/praguetouristinformation.com\/es\/cosas-que-hacer\/teatro?tve=true&amp;tcbf=5a48c4570a\" data-pinpro-key=\"s01qtqg5v\"><\/span><\/p>\n<p>El edificio neorrenacentista fue construido con piedra arenisca clara en 1876-1884 bajo los auspicios del pr\u00edncipe heredero Rodolfo, de quien recibi\u00f3 su nombre.<\/p>\n<p>Hoy pertenece a la Filarm\u00f3nica Checa, que tiene aqu\u00ed su sede.<\/p>\n<p>El <a data-id=\"889\" data-type=\"page\" href=\"https:\/\/praguetouristinformation.com\/es\/cosas-que-hacer\/teatro\/rudolfinum\" style=\"outline: none;\">Rudolfinum<\/a> se utiliza como sala de conciertos y exposiciones y, a menudo, es escenario de destacados conciertos de m\u00fasica cl\u00e1sica. Tambi\u00e9n alberga una galer\u00eda de arte con exposiciones en constante cambio.<\/p>\n<ul>\n<li><strong>Direcci\u00f3n: Al\u0161ovo n\u00e1b\u0159e\u017e\u00ed 79\/12, Star\u00e9 M\u011bsto, 110 00 Praga<\/strong><\/li>\n<\/ul>\n<h2 id=\"t-1670485525767\">6. Conciertos en el Castillo de Praga<\/h2>\n<p><span><img decoding=\"async\" alt=\"Conciertos en el Castillo de Praga\" data-id=\"1883\" width=\"702\" data-init-width=\"1000\" height=\"468\" data-init-height=\"667\" title=\"Conciertos en el Castillo de Praga\" loading=\"lazy\" src=\"https:\/\/praguetouristinformation.com\/es\/wp-content\/uploads\/2020\/11\/Konzerte-in-der-Prager-Burg.jpg\" data-width=\"702\" data-height=\"468\" data-pin-media=\"https:\/\/praguetouristinformation.com\/es\/wp-content\/uploads\/2021\/01\/prag_7_theater_pinterest.jpg\" data-pin-description=\"Los 7 mejores teatros de Praga [con mapa] - 2022\" data-pin-url=\"https:\/\/praguetouristinformation.com\/es\/cosas-que-hacer\/teatro?tve=true&amp;tcbf=5a48c4570a\" data-pinpro-key=\"fd18e558a\"><\/span><\/p>\n<p>La bas\u00edlica de San Jorge en <a data-id=\"738\" data-type=\"page\" href=\"https:\/\/praguetouristinformation.com\/es\/cosas-que-hacer\/castillo\" style=\"outline: none;\">el Castillo de Praga<\/a> ha sobrevivido como una de las iglesias m\u00e1s antiguas de Praga desde que fue fundada alrededor del a\u00f1o 920 por el pr\u00edncipe Vratislav I. El interior es rom\u00e1nico, austero y monumental.<\/p>\n<p>En este contexto, los conciertos de m\u00fasica cl\u00e1sica se llevan a cabo regularmente. Entre otros, se pueden escuchar obras de Smetana, Schubert, Dvo\u0159\u00e1k, Franck, Pachelbel, Bizet, Vivaldi y Handel.<\/p>\n<p>Las piezas ser\u00e1n interpretadas por el Conjunto de M\u00fasica Antigua de Praga, que est\u00e1 compuesto por m\u00fasicos profesionales altamente experimentados del Teatro Nacional, la \u00d3pera Estatal, la Radio Checa, la Orquesta Sinf\u00f3nica de Praga y la Filarm\u00f3nica Checa.<\/p>\n<ul>\n<li><strong>Direcci\u00f3n: N\u00e1m\u011bst\u00ed U Svat\u00e9ho Ji\u0159\u00ed, Hrad\u010dany, 119 00 Praga<\/strong><\/li>\n<\/ul>\n<h2 id=\"t-1670485525768\">7. Conciertos en la Iglesia de San Nicol\u00e1s<\/h2>\n<p><span><img decoding=\"async\" alt=\"Conciertos en la Iglesia de San Nicol\u00e1s en Praga\" data-id=\"1884\" width=\"702\" data-init-width=\"1000\" height=\"468\" data-init-height=\"667\" title=\"Conciertos en la Iglesia de San Nicol\u00e1s en Praga\" loading=\"lazy\" src=\"https:\/\/praguetouristinformation.com\/es\/wp-content\/uploads\/2020\/11\/Konzerte-in-der-Nikolauskirche.jpg\" data-width=\"702\" data-height=\"468\" data-pin-media=\"https:\/\/praguetouristinformation.com\/es\/wp-content\/uploads\/2021\/01\/prag_7_theater_pinterest.jpg\" data-pin-description=\"Los 7 mejores teatros de Praga [con mapa] - 2022\" data-pin-url=\"https:\/\/praguetouristinformation.com\/es\/cosas-que-hacer\/teatro?tve=true&amp;tcbf=5a48c4570a\" data-pinpro-key=\"jup9j3fo3\"><\/span><\/p>\n<p>La iglesia barroca de San Nicol\u00e1s, construida entre 1732 y 1735, es uno de los dominantes arquitect\u00f3nicos de la Plaza de la <a data-id=\"621\" data-type=\"page\" href=\"https:\/\/praguetouristinformation.com\/es\/cosas-que-hacer\/ciudad-vieja\/anillo-de-la-ciudad-vieja\" style=\"outline: none;\">Ciudad Vieja. <\/a>El magn\u00edfico interior est\u00e1 presidido por una pintura del techo de la nave con motivos de la vida de San Nicol\u00e1s, que es una de las m\u00e1s grandes de Europa. La l\u00e1mpara de ara\u00f1a con elementos de cristal es un regalo del zar ruso Nikolai II.<\/p>\n<p>Wolfgang Amadeus Mozart toc\u00f3 el \u00f3rgano aqu\u00ed durante su estancia en Praga. Hoy, los conciertos de m\u00fasica cl\u00e1sica se llevan a cabo casi todos los d\u00edas en la Iglesia de San Nicol\u00e1s.&nbsp;<\/p>\n<ul>\n<li><strong>Direcci\u00f3n: Starom\u011bstsk\u00e9 n\u00e1m\u011bst\u00ed, 11000 Praga<\/strong><\/li>\n<\/ul>\n<p style=\"text-align: center;\"><a href=\"https:\/\/www.google.com\/maps\/d\/u\/1\/viewer?hl=en&amp;mid=140JKiJBXmoPvITy5vCmp5csEcSOFU12U&amp;ll=50.08579019376759%2C14.421525499999985&amp;z=15\" target=\"_blank\" style=\"outline: none;\" rel=\"noopener\">(enlace al mapa)<\/a><\/p>\n","protected":false},"excerpt":{"rendered":"<p>En esta p\u00e1gina te contamos los 7 mejores teatros de Praga. La \u00f3pera y la m\u00fasica cl\u00e1sica juegan un papel importante en Praga. Adem\u00e1s de tres teatros de \u00f3pera, hay varias salas de conciertos, incluido el famoso Rudolfinum. No s\u00f3lo el compositor nacional checo Smetana, conocido por la pieza \u00abEl Moldau\u00bb, sino tambi\u00e9n los estrenos [&hellip;]<\/p>\n","protected":false},"author":6,"featured_media":1875,"parent":247,"menu_order":0,"comment_status":"closed","ping_status":"closed","template":"","meta":{"footnotes":""},"categories":[],"tags":[20,19,23],"class_list":["post-892","page","type-page","status-publish","has-post-thumbnail","hentry","tag-featured","tag-sehenswuerdigkeiten","tag-theater","post-wrapper","thrv_wrapper"],"_links":{"self":[{"href":"https:\/\/praguetouristinformation.com\/es\/wp-json\/wp\/v2\/pages\/892","targetHints":{"allow":["GET"]}}],"collection":[{"href":"https:\/\/praguetouristinformation.com\/es\/wp-json\/wp\/v2\/pages"}],"about":[{"href":"https:\/\/praguetouristinformation.com\/es\/wp-json\/wp\/v2\/types\/page"}],"author":[{"embeddable":true,"href":"https:\/\/praguetouristinformation.com\/es\/wp-json\/wp\/v2\/users\/6"}],"replies":[{"embeddable":true,"href":"https:\/\/praguetouristinformation.com\/es\/wp-json\/wp\/v2\/comments?post=892"}],"version-history":[{"count":4,"href":"https:\/\/praguetouristinformation.com\/es\/wp-json\/wp\/v2\/pages\/892\/revisions"}],"predecessor-version":[{"id":4772,"href":"https:\/\/praguetouristinformation.com\/es\/wp-json\/wp\/v2\/pages\/892\/revisions\/4772"}],"up":[{"embeddable":true,"href":"https:\/\/praguetouristinformation.com\/es\/wp-json\/wp\/v2\/pages\/247"}],"wp:featuredmedia":[{"embeddable":true,"href":"https:\/\/praguetouristinformation.com\/es\/wp-json\/wp\/v2\/media\/1875"}],"wp:attachment":[{"href":"https:\/\/praguetouristinformation.com\/es\/wp-json\/wp\/v2\/media?parent=892"}],"wp:term":[{"taxonomy":"category","embeddable":true,"href":"https:\/\/praguetouristinformation.com\/es\/wp-json\/wp\/v2\/categories?post=892"},{"taxonomy":"post_tag","embeddable":true,"href":"https:\/\/praguetouristinformation.com\/es\/wp-json\/wp\/v2\/tags?post=892"}],"curies":[{"name":"wp","href":"https:\/\/api.w.org\/{rel}","templated":true}]}}