{"id":89,"date":"2020-08-15T20:19:06","date_gmt":"2020-08-15T20:19:06","guid":{"rendered":"https:\/\/praguetouristinformation.com\/es\/?page_id=89"},"modified":"2025-08-07T09:27:40","modified_gmt":"2025-08-07T09:27:40","slug":"taxi","status":"publish","type":"page","link":"https:\/\/praguetouristinformation.com\/es\/plan\/llegar\/taxi","title":{"rendered":"Gu\u00eda de taxis en Praga: Informaci\u00f3n importante, tarifas y consejos"},"content":{"rendered":"<h3>Aqu\u00ed est\u00e1 nuestra gu\u00eda de taxis y conducci\u00f3n de taxis en Praga.<\/h3>\n<p>Hay muchas compa\u00f1\u00edas de taxis diferentes en Praga. Desafortunadamente, los taxistas todav\u00eda tienen muy mala reputaci\u00f3n, y no sin raz\u00f3n.<\/p>\n<p>Muchos tratan de cobrar un precio m\u00e1s alto, desobedecer las tarifas oficiales, conducir una distancia m\u00e1s larga o manipular el medidor mientras conduce para que corra m\u00e1s r\u00e1pido y muestre un precio m\u00e1s alto.<\/p>\n<p>Aqu\u00ed te damos informaci\u00f3n importante y consejos sobre c\u00f3mo puedes evitar estas situaciones en tu viaje.<\/p>\n<p>Comencemos con nuestras recomendaciones:<\/p>\n<h2 style=\"\">Prague Visitor Pass<\/h2>\n<p data-pm-slice=\"1 1 []\">El Prague Visitor Pass te da acceso a las principales atracciones, museos y al transporte p\u00fablico de la ciudad, ideal para explorar Praga con flexibilidad y eficiencia.<\/p>\n<p style=\"\">\u00a1Utiliza nuestro c\u00f3digo de descuento exclusivo <strong>pragueti5<\/strong> y obt\u00e9n un<strong> 5\u202f% de descuento!<\/strong><\/p>\n<p>__CONFIG_colors_palette__{\u00abactive_palette\u00bb:0,\u00bbconfig\u00bb:{\u00abcolors\u00bb:{\u00ab110d6\u00bb:{\u00abname\u00bb:\u00bbMain Accent\u00bb,\u00bbparent\u00bb:-1}},\u00bbgradients\u00bb:[]},\u00bbpalettes\u00bb:[{\u00abname\u00bb:\u00bbDefault Palette\u00bb,\u00bbvalue\u00bb:{\u00abcolors\u00bb:{\u00ab110d6\u00bb:{\u00abval\u00bb:\u00bbvar(e8c68)\u00bb}},\u00bbgradients\u00bb:[]},\u00bboriginal\u00bb:{\u00abcolors\u00bb:{\u00ab110d6\u00bb:{\u00abval\u00bb:\u00bbrgb(19, 114, 211)\u00bb,\u00bbhsl\u00bb:{\u00abh\u00bb:210,\u00bbs\u00bb:0.83,\u00bbl\u00bb:0.45}}},\u00bbgradients\u00bb:[]}}]}__CONFIG_colors_palette__ <a href=\"https:\/\/praguevisitorpass.eu\/?lang=es-es\" style=\"font-size: var(--tve-font-size, 14px) !important;\" rel=\"noopener\" target=\"_blank\"><span style=\"\">    <\/span> <span style=\"\"><span>M\u00e1s informaci\u00f3n<\/span><\/span> <\/a>  <\/p>\n<h2 id=\"t-1670252230861\">Recomendaciones Urgentes<\/h2>\n<p><span><img decoding=\"async\" alt=\"\" data-id=\"3624\" width=\"885\" data-init-width=\"1000\" height=\"606\" data-init-height=\"685\" title=\"Taxi,Soporte,S\u00edmbolo,En,La,Praga,Castillo\" loading=\"lazy\" src=\"https:\/\/praguetouristinformation.com\/es\/wp-content\/uploads\/2022\/12\/taxis-in-prague2.jpg\" data-width=\"885\" data-height=\"606\" data-pinpro-key=\"dwkt7yhe6\" style=\"aspect-ratio: auto 1000 \/ 685;\"><\/span><\/p>\n<ul>\n<li><strong>Puntos tur\u00edsticos:<\/strong> Nunca se suba a un taxi cerca de&nbsp;<a data-id=\"247\" data-type=\"page\" href=\"https:\/\/praguetouristinformation.com\/es\/cosas-que-hacer\" style=\"outline: none;\">lugares de inter\u00e9s tur\u00edstico.&nbsp;<\/a>Los taxistas suelen esperar all\u00ed para estar lejos de los turistas desprevenidos. Incluidos los residentes de Praga, tambi\u00e9n pueden utilizar los taxis aqu\u00ed. Es muy \u00fatil para la red del transporte local por desarrollada.<\/li>\n<li><strong>Solicitud de taxi:<\/strong> puede solicitar un taxi por tel\u00e9fono o aplicaci\u00f3n, ir a una parada de taxis o detener un taxi al costado de la carretera. Cuando el taxi est\u00e1 libre, se ilumina la se\u00f1al de taxi en la parte superior del autom\u00f3vil.<\/li>\n<\/ul>\n<p>Es posible, solicitar un veh\u00edculo para viajar mediante aplicaciones de taxi, por ejemplo, con Uber.<\/p>\n<p>Si pide un taxi por tel\u00e9fono, p\u00eddale ayuda a la recepcionista de su hotel.<\/p>\n<ul>\n<li><strong>Llamar a un taxi al costado de la carretera &#8211; Licencia:<\/strong> si llama a un taxi en la calle, lo que debe evitar, aseg\u00farese de que sea un veh\u00edculo con licencia. La l\u00e1mpara para amarilla en el techo debe estar instalada en todos los casos y debe leerse la palabra TAXI en letras negras. El nombre de la empresa, el n\u00famero de licencia y los precios deben estar visibles en ambas puertas delanteras.<\/li>\n<li><strong>Taximetro:<\/strong> Aseg\u00farese de que el tax\u00edmetro est\u00e9 encendido<\/li>\n<li><strong>Precio:&nbsp;<\/strong> Pregunta por el precio aproximado de la ruta nada m\u00e1s embarcar.<\/li>\n<\/ul>\n<h2 id=\"t-1670252230862\">Pagar<\/h2>\n<p>El pago es por tax\u00edmetro. En la Rep\u00fablica Checa, las tarifas de los taxis se establecen oficialmente por ciudades o condados. La tarifa de taxi para Praga se fij\u00f3 por \u00faltima vez en febrero de 2020 y se public\u00f3 en la ordenanza oficial de tarifas.<\/p>\n<p>Es vinculante para todos los taxis y compa\u00f1\u00edas de taxis dentro del \u00e1rea de conducci\u00f3n obligatoria y no puede excederse o no cumplirse.<\/p>\n<p>Esto est\u00e1 asegurado por tax\u00edmetros calibrados oficialmente instalados en los taxis.<\/p>\n<p>El pago generalmente se realiza en efectivo, algunos taxis aceptan tarjetas de cr\u00e9dito. En el caso de pago sin efectivo, se deben presentar documentos de identificaci\u00f3n a solicitud del conductor.<\/p>\n<p>El pasajero tiene derecho a un recibo. Este recibo debe ser emitido al viajero desde la impresora del tax\u00edmetro.<\/p>\n<h2 id=\"t-1670252230863\">Idioma<\/h2>\n<p>La mayor\u00eda de los taxistas hablan poco o nada de ingl\u00e9s. Si tiene suerte, se encontrar\u00e1 con un conductor que vivi\u00f3 en Alemania e incluso habla alem\u00e1n.<\/p>\n<h2 id=\"t-1670252230864\">Direcci\u00f3n de destino<\/h2>\n<p><span><img decoding=\"async\" alt=\"\" data-id=\"3626\" width=\"885\" data-init-width=\"1000\" height=\"590\" data-init-height=\"667\" title=\"Amarillo,Taxi,De,Praga\" loading=\"lazy\" src=\"https:\/\/praguetouristinformation.com\/es\/wp-content\/uploads\/2022\/12\/taxis-in-Prague1.jpg\" data-width=\"885\" data-height=\"590\" data-pinpro-key=\"pai3mramk\" style=\"aspect-ratio: auto 1000 \/ 667;\"><\/span><\/p>\n<p>Debido a las posibles dificultades de comunicaci\u00f3n, es recomendable escribir la direcci\u00f3n de destino en un papel y mostr\u00e1rselo al conductor.<\/p>\n<p>Especificar un punto de referencia importante, como un punto de referencia cerca del destino deseado, es muy \u00fatil, al igual que especificar el vecindario.<\/p>\n<p>Si quieres, puedes seguir la ruta en Google Maps.<\/p>\n<h2 id=\"t-1670252230865\">Tarifas<\/h2>\n<ul>\n<li><strong>Tarifa b\u00e1sica:<\/strong> La tarifa b\u00e1sica es de 60 CZK (aprox. 2,40 EUR), el precio por kil\u00f3metro es de 36 CZK (aprox. 1,45 EUR).<\/li>\n<li><strong>Tarifa nocturna:<\/strong> No hay tarifa nocturna en Praga, se aplican los mismos precios durante 24 horas.<\/li>\n<li><strong>Tiempos de espera y de espera: Los tiempos<\/strong> de espera y de espera se cobran a 7 coronas checas por minuto (aprox. 0,28 EUR).<\/li>\n<li><strong>Corta distancia:<\/strong> las distancias cortas cuestan 60 coronas checas (unos 2,40 euros)<\/li>\n<\/ul>\n<h2 id=\"t-1670252230866\">Taxi electrico<\/h2>\n<p>En el centro de Praga, la tarifa b\u00e1sica para viajes con un taxi el\u00e9ctrico es de 70 CZK (aprox. 2,80 EUR), el precio por kil\u00f3metro es de 39 CZK (aprox. 1,55 EUR), las distancias cortas cuestan 70 CZK.<\/p>\n<h2 id=\"t-1670252230867\">Color de los taxis<\/h2>\n<ul>\n<li><strong>Taxis amarillos:&nbsp;<\/strong> La mayor\u00eda de los taxis son amarillos, con una luz amarilla en el techo con la palabra TAXI escrita en letras negras. El nombre de la empresa, el n\u00famero de licencia y los precios deben estar visibles en ambas puertas delanteras.<\/li>\n<li><strong>Taxis blancos:<\/strong> Taxi Praha son taxis blancos con tax\u00edmetro. Van bajo el nombre de TickTack. La empresa ofrece un servicio de taxi a tarifas garantizadas. Se puede contactar con la empresa por tel\u00e9fono al +420 220 414 414 o por correo electr\u00f3nico a <a href=\"mailto:info@taxi14007.cz\" style=\"outline: none;\">info@taxi14007.cz<\/a><\/li>\n<li><strong>F\u0130X TAX\u0130:<\/strong> Tambi\u00e9n son taxis blancos con tax\u00edmetro. La empresa ofrece un servicio de taxi a tarifas garantizadas. Se puede contactar con la empresa por tel\u00e9fono en el +420 722 555 525 o por correo electr\u00f3nico en <a href=\"mailto:dispecink@fix-taxi.cz\" style=\"outline: none;\">disspecink@fix-taxi.cz<\/a> .<\/li>\n<\/ul>\n<h2 id=\"t-1670252230868\">Taxi al aeropuerto de V\u00e1clav-Havel<\/h2>\n<ul>\n<li><strong>Taxi:&nbsp;<\/strong> Un viaje en taxi desde el centro de la ciudad hasta <a data-id=\"86\" data-type=\"page\" href=\"https:\/\/praguetouristinformation.com\/es\/plan\/llegar\/aeropuerto-vaclav-havel\" style=\"outline: none;\">el aeropuerto de V\u00e1clav-Havel<\/a> cuesta alrededor de 700 coronas checas. La facturaci\u00f3n se basa en el tax\u00edmetro, no hay tarifas adicionales.<\/li>\n<li><strong>Traslado privado:&nbsp;<\/strong> Varias empresas ofrecen traslados al aeropuerto en limusinas, donde el chofer recoge al hu\u00e9sped en la puerta. Para obtener m\u00e1s detalles, consulte los sitios web relevantes, como <a href=\"https:\/\/www.mozartlimousines.com\/en\/\" style=\"outline: none;\" target=\"_blank\" rel=\"noopener\">https:\/\/www.mozartlimousines.com\/en\/<\/a><\/li>\n<\/ul>\n<h2 id=\"t-1670252230869\">Obligaci\u00f3n de llevar<\/h2>\n<p>Existe una obligaci\u00f3n de transporte, cada pasajero debe ser conducido a cualquier destino deseado siempre que est\u00e9 dentro de los l\u00edmites de la ciudad. El taxista est\u00e1 obligado a tomar la ruta m\u00e1s corta y, por lo tanto, m\u00e1s barata, a menos que se haya acordado otra ruta.<\/p>\n<h2 id=\"t-1670252230870\">Prohibici\u00f3n de fumar<\/h2>\n<p>En los taxis, existe una prohibici\u00f3n general de fumar para conductores y pasajeros.<\/p>\n<h2 id=\"t-1670252230871\">Propina<\/h2>\n<p>La propina no es obligatoria, pero esperada. Una propina del 5-10% es aceptable.<\/p>\n<h2 id=\"t-1670252230872\">N\u00fameros de taxi<\/h2>\n<p><span><img decoding=\"async\" alt=\"\" data-id=\"3627\" width=\"885\" data-init-width=\"1000\" height=\"590\" data-init-height=\"667\" title=\"Taxi,Coche,En,La,Ciudad,Calle,Al,Atardecer.,Wenceslao,Plaza,\" loading=\"lazy\" src=\"https:\/\/praguetouristinformation.com\/es\/wp-content\/uploads\/2022\/12\/taxis-in-Prague.jpg\" data-width=\"885\" data-height=\"590\" data-pinpro-key=\"phnk8n829\" style=\"aspect-ratio: auto 1000 \/ 667;\"><\/span><\/p>\n<p>Hay numerosas paradas de taxis en Praga, pero los taxis generalmente se piden a trav\u00e9s de una aplicaci\u00f3n. Si pide un taxi por tel\u00e9fono, aqu\u00ed encontrar\u00e1 los n\u00fameros de algunas de las principales paradas de taxis.<\/p>\n<p>Aseg\u00farese de pedir a la recepci\u00f3n de su hotel que le ayude a pedir un taxi.&nbsp;<\/p>\n<ul>\n<li>+ 420 222 333 222, AAA Radiotaxi, <a data-id=\"http:\/\/www.aaataxi.cz\/en\/home\" data-type=\"URL\" href=\"http:\/\/www.aaataxi.cz\/en\/home\" target=\"_blank\" rel=\"noopener\">AAATaxi.cz<\/a><\/li>\n<li>+ 420 244 114 411, HaloTaxi, <a data-id=\"https:\/\/www.halotaxitransport.cz\/en\" data-type=\"URL\" href=\"https:\/\/www.halotaxitransport.cz\/en\" target=\"_blank\" rel=\"noopener\">HaloTaxiTransport.cz<\/a><\/li>\n<li>+ 420 737 222 333, Modr\u00fd and\u011bl, <a data-id=\"https:\/\/www.modryandel.cz\/en\" data-type=\"URL\" href=\"https:\/\/www.modryandel.cz\/en\" target=\"_blank\" rel=\"noopener\">Modryandel.cz<\/a><\/li>\n<li>+ 420 257 257 257, Taxi urbano, <a data-id=\"http:\/\/www.citytaxi.cz\" data-type=\"URL\" href=\"http:\/\/www.citytaxi.cz\" target=\"_blank\" rel=\"noopener\">CityTaxi.cz<\/a><\/li>\n<li>+ 420 220 414 414, Taxi Praga, <a data-id=\"http:\/\/www.taxi14007.cz\/en\" data-type=\"URL\" href=\"http:\/\/www.taxi14007.cz\/en\" target=\"_blank\" rel=\"noopener\">Taxi14007.cz<\/a><\/li>\n<\/ul>\n<h2 id=\"t-1670252230873\">Aplicaci\u00f3n de taxi<\/h2>\n<p>Puede solicitar un taxi en l\u00ednea utilizando estas aplicaciones de taxi: la m\u00e1s conocida es AAA radiotaxi sro, taxi.eu o Liftago y Taxi.Taxicap.cz<\/p>\n<p>Por lo general, puede pagar sin efectivo en estos taxis.<\/p>\n<p>Aseg\u00farese de usar una aplicaci\u00f3n de taxi para pedir un taxi y no se\u00f1ale un taxi al costado de la carretera.<\/p>\n<h2 id=\"t-1670252230874\">Reserva de taxis<\/h2>\n<p>Por supuesto, tambi\u00e9n se puede reservar un taxi, ya sea por tel\u00e9fono o a trav\u00e9s de una aplicaci\u00f3n m\u00f3vil. Su hotel estar\u00e1 encantado de ayudarle a pedir un taxi.<\/p>\n<h2 id=\"t-1670252230875\">Arriba<\/h2>\n<p>La empresa UBER tiene su sede en San Francisco, Estados Unidos. Es una empresa de servicios estadounidense que brinda servicios de transporte en l\u00ednea en muchas ciudades del mundo.<\/p>\n<p>Una vez que descargue la aplicaci\u00f3n en su tel\u00e9fono, puede comenzar a usar los servicios de UBER. Cuando pidas un UBER, se te indicar\u00e1 el precio de la ruta que deseas. El pago es con tarjeta de cr\u00e9dito, tarjeta euro, PayPal o Google Play.<\/p>\n<p>Recomendamos encarecidamente a todos los visitantes que utilicen los servicios de UBER en lugar de tomar un taxi.<\/p>\n<h2 id=\"t-1670252230876\">L\u00ednea directa de quejas<\/h2>\n<p>Las quejas sobre los taxistas se pueden presentar por escrito al Consejo Municipal de la Ciudad de Praga. En cualquier caso, recuerde el n\u00famero de licencia en la puerta e indique desde d\u00f3nde fue transportado a taxi@praha.eu o <a href=\"mailto:posta@praha.eu\">posta@praha.eu<\/a> .<\/p>\n<h2 id=\"t-1670252230895\">Preguntas frecuentes (Preguntas frecuentes)<\/h2>\n","protected":false},"excerpt":{"rendered":"<p>Aqu\u00ed est\u00e1 nuestra gu\u00eda de taxis y conducci\u00f3n de taxis en Praga. Hay muchas compa\u00f1\u00edas de taxis diferentes en Praga. Desafortunadamente, los taxistas todav\u00eda tienen muy mala reputaci\u00f3n, y no sin raz\u00f3n. Muchos tratan de cobrar un precio m\u00e1s alto, desobedecer las tarifas oficiales, conducir una distancia m\u00e1s larga o manipular el medidor mientras conduce [&hellip;]<\/p>\n","protected":false},"author":6,"featured_media":2383,"parent":769,"menu_order":0,"comment_status":"open","ping_status":"closed","template":"","meta":{"footnotes":""},"categories":[],"tags":[32,33],"class_list":["post-89","page","type-page","status-publish","has-post-thumbnail","hentry","tag-planung","tag-verkehr","post-wrapper","thrv_wrapper"],"_links":{"self":[{"href":"https:\/\/praguetouristinformation.com\/es\/wp-json\/wp\/v2\/pages\/89","targetHints":{"allow":["GET"]}}],"collection":[{"href":"https:\/\/praguetouristinformation.com\/es\/wp-json\/wp\/v2\/pages"}],"about":[{"href":"https:\/\/praguetouristinformation.com\/es\/wp-json\/wp\/v2\/types\/page"}],"author":[{"embeddable":true,"href":"https:\/\/praguetouristinformation.com\/es\/wp-json\/wp\/v2\/users\/6"}],"replies":[{"embeddable":true,"href":"https:\/\/praguetouristinformation.com\/es\/wp-json\/wp\/v2\/comments?post=89"}],"version-history":[{"count":7,"href":"https:\/\/praguetouristinformation.com\/es\/wp-json\/wp\/v2\/pages\/89\/revisions"}],"predecessor-version":[{"id":5235,"href":"https:\/\/praguetouristinformation.com\/es\/wp-json\/wp\/v2\/pages\/89\/revisions\/5235"}],"up":[{"embeddable":true,"href":"https:\/\/praguetouristinformation.com\/es\/wp-json\/wp\/v2\/pages\/769"}],"wp:featuredmedia":[{"embeddable":true,"href":"https:\/\/praguetouristinformation.com\/es\/wp-json\/wp\/v2\/media\/2383"}],"wp:attachment":[{"href":"https:\/\/praguetouristinformation.com\/es\/wp-json\/wp\/v2\/media?parent=89"}],"wp:term":[{"taxonomy":"category","embeddable":true,"href":"https:\/\/praguetouristinformation.com\/es\/wp-json\/wp\/v2\/categories?post=89"},{"taxonomy":"post_tag","embeddable":true,"href":"https:\/\/praguetouristinformation.com\/es\/wp-json\/wp\/v2\/tags?post=89"}],"curies":[{"name":"wp","href":"https:\/\/api.w.org\/{rel}","templated":true}]}}