{"id":889,"date":"2020-10-19T15:34:36","date_gmt":"2020-10-19T15:34:36","guid":{"rendered":"https:\/\/praguetouristinformation.com\/es\/?page_id=889"},"modified":"2023-05-03T08:59:03","modified_gmt":"2023-05-03T08:59:03","slug":"rudolfinum","status":"publish","type":"page","link":"https:\/\/praguetouristinformation.com\/es\/cosas-que-hacer\/teatro\/rudolfinum","title":{"rendered":"Gu\u00eda del Rudolfinum: Conciertos, programa e historia"},"content":{"rendered":"<h3>El Rudolfinum es un centro cultural y de conciertos tradicionales en la orilla derecha del Vltava en <a data-id=\"742\" data-type=\"page\" href=\"https:\/\/praguetouristinformation.com\/es\/cosas-que-hacer\/ciudad-vieja\" style=\"outline: none;\">el casco antiguo de Praga<\/a> .<\/h3>\n<p>Entre otras cosas, es sede de conciertos de m\u00fasica cl\u00e1sica.<\/p>\n<p>Toda la informaci\u00f3n importante sobre el Rudolfinum se recopila aqu\u00ed, incluido el programa, su historia y la direcci\u00f3n.<\/p>\n<h2 id=\"t-1672643995730\">\u00bfQu\u00e9 puedo hacer en el Rudolfinum?<\/h2>\n<p><span><img decoding=\"async\" alt=\"\u00bfQu\u00e9 puedo hacer en el Rudolfinum?\" data-id=\"1890\" width=\"885\" data-init-width=\"1000\" height=\"667\" data-init-height=\"667\" title=\"\u00bfQu\u00e9 puedo hacer en el Rudolfinum?\" loading=\"lazy\" src=\"https:\/\/praguetouristinformation.com\/es\/wp-content\/uploads\/2020\/11\/Was-kann-ich-im-Rudolfinum-machen.jpg\" data-width=\"885\" data-pin-media=\"https:\/\/praguetouristinformation.com\/es\/wp-content\/uploads\/2021\/01\/prag_rudolfinum_pinterest.jpg\" data-pin-description=\"Rudolfinum - Prague Tourist Information\" data-pin-url=\"https:\/\/praguetouristinformation.com\/es\/cosas-que-hacer\/teatro\/rudolfinum?tve=true&amp;tcbf=e9646214ef\"><\/span><\/p>\n<ul>\n<li><strong>Conciertos:<\/strong> El Rudolfinum tiene tres salas de conciertos, de las cuales la Sala Dvo\u0159\u00e1k es la m\u00e1s grande y famosa. Aqu\u00ed Anton\u00edn Dvo\u0159\u00e1k dirigi\u00f3 el primer concierto de la Filarm\u00f3nica Checa en 1896. Los conciertos del festival de musica Primavera de Praga se realizan aqu\u00ed. Asistir a un concierto en el Rudolfinum es una experiencia inolvidable.<\/li>\n<li><strong>Galer\u00eda de arte :<\/strong> La galer\u00eda de arte no tiene sus propias colecciones, pero funciona como una galer\u00eda de arte con exposiciones temporales. La mayor\u00eda de los grandes proyectos de exposici\u00f3n presentan predominantemente bellas artes contempor\u00e1neas. Puede encontrar informaci\u00f3n sobre las <a data-id=\"www.galerierudolfinum.cz\/\" data-type=\"URL\" href=\"https:\/\/www.galerierudolfinum.cz\/en\/\" target=\"_blank\" style=\"outline: none;\" rel=\"noopener\">exposiciones actuales aqu\u00ed.<\/a><\/li>\n<li><strong>Cafe Rudolfinum:<\/strong> La elegante cafeter\u00eda se encuentra en la sala con columnas y ofrece diversas bebidas alcoh\u00f3licas y no alcoh\u00f3licas, as\u00ed como peque\u00f1os refrigerios.<\/li>\n<\/ul>\n<h2 id=\"t-1672643995731\">Entradas, entradas y visitas guiadas<\/h2>\n<p><span><img decoding=\"async\" alt=\"Entradas, entradas y visitas guiadas Rudolfinum\" data-id=\"1892\" width=\"885\" data-init-width=\"1000\" height=\"667\" data-init-height=\"667\" title=\"Entradas, entradas y visitas guiadas Rudolfinum\" loading=\"lazy\" src=\"https:\/\/praguetouristinformation.com\/es\/wp-content\/uploads\/2020\/11\/Eintritt-Tickets-und-Fuehrungen-8.jpg\" data-width=\"885\" data-pin-media=\"https:\/\/praguetouristinformation.com\/es\/wp-content\/uploads\/2021\/01\/prag_rudolfinum_pinterest.jpg\" data-pin-description=\"Rudolfinum - Prague Tourist Information\" data-pin-url=\"https:\/\/praguetouristinformation.com\/es\/cosas-que-hacer\/teatro\/rudolfinum?tve=true&amp;tcbf=e9646214ef\"><\/span><\/p>\n<p>El Rudolfinum est\u00e1 abierto todo el a\u00f1o.<\/p>\n<ul>\n<li><strong>Entradas:<\/strong> Las entradas para los conciertos se pueden comprar en el sitio, en la taquilla o en linea.<\/li>\n<li><strong>Visitas guiadas:<\/strong> No hay visitas guiadas.<\/li>\n<li><strong>Admisi\u00f3n: Los <\/strong><a data-id=\"https:\/\/www.rudolfinum.cz\/en\/concert-schedule\/\" data-type=\"URL\" href=\"https:\/\/www.rudolfinum.cz\/en\/concert-schedule\/\" rel=\"noopener\" target=\"_blank\" style=\"outline: none;\">precios<\/a> exactos de admisi\u00f3n se pueden encontrar aqu\u00ed.<\/li>\n<\/ul>\n<h2 id=\"t-1672643995732\">Horario con el programa actual<\/h2>\n<p>El horario y el <a data-id=\"https:\/\/www.rudolfinum.cz\/en\/concert-schedule\/\" data-type=\"URL\" href=\"https:\/\/www.rudolfinum.cz\/en\/concert-schedule\/\" rel=\"noopener\" target=\"_blank\" style=\"outline: none;\">programa actual<\/a> con detalles de la sala en la que se lleva a cabo el concierto se pueden ver aqu\u00ed.<\/p>\n<h2 id=\"t-1672643995733\">\u00bfC\u00f3mo llego al Rudolfinum?<\/h2>\n<p>El Rudolfinum tiene una ubicaci\u00f3n c\u00e9ntrica en el casco antiguo, a solo 200 metros del <a data-id=\"664\" data-type=\"page\" href=\"https:\/\/praguetouristinformation.com\/es\/cosas-que-hacer\/puente-de-carlos\" style=\"outline: none;\">Puente de Carlos<\/a> .<\/p>\n<p>Es accesible en la l\u00ednea A del metro, linea verde, a trav\u00e9s de la parada Staromestsk\u00e1.<\/p>\n<h2 id=\"t-1672643995734\">Historia del Rodolfinum<\/h2>\n<p><span><img decoding=\"async\" alt=\"Historia del Rudolfinum\" data-id=\"1893\" width=\"885\" data-init-width=\"1000\" height=\"667\" data-init-height=\"667\" title=\"Historia del Rudolfinum\" loading=\"lazy\" src=\"https:\/\/praguetouristinformation.com\/es\/wp-content\/uploads\/2020\/11\/Geschichte-des-Rudolfinum.jpg\" data-width=\"885\" data-pin-media=\"https:\/\/praguetouristinformation.com\/es\/wp-content\/uploads\/2021\/01\/prag_rudolfinum_pinterest.jpg\" data-pin-description=\"Rudolfinum - Prague Tourist Information\" data-pin-url=\"https:\/\/praguetouristinformation.com\/es\/cosas-que-hacer\/teatro\/rudolfinum?tve=true&amp;tcbf=e9646214ef\"><\/span><\/p>\n<p>El edificio neorrenacentista fue construido con piedra arenisca clara en 1876-1884 bajo los auspicios del principe heredero Rodolfo, de quien recibi\u00f3 su nombre.<\/p>\n<p>Fue dise\u00f1ado como una casa de arte y estaba destinado a promotor la m\u00fasica y las bellas artes.<\/p>\n<p>En 1920, el Rudolfinum se convirti\u00f3 en la C\u00e1mara de Representantes, bajo la ocupaci\u00f3n alemana desde marzo de 1939 volvi\u00f3 a ser una sala de conciertos, despu\u00e9s de la Segunda Guerra Mundial probablemente como sede del Parlamento.Desde 1946 se ha vuelto a utilizar como sala de conciertos. y lugar de exposici\u00f3n.<\/p>\n<p>En los a\u00f1os 1990 &#8211; 1992, el Rudolfinum para el reconstruido completo cay\u00f3 como el original y recibi\u00f3 su apariencia actual. Tiene un total de alrededor de 80 salones, algunos de los cuales se pueden alquilar como salas de conferencias o eventos.<\/p>\n<p>La sala m\u00e1s grande y famosa es la sala Dvo\u0159\u00e1k con 1023 asians, cuya ac\u00fastica es de clase mundial. Aqu\u00ed se realizan excepcionales conciertos de m\u00fasica cl\u00e1sica.<\/p>\n<p>La sala souk m\u00e1s peque\u00f1a de 211 asians cuenta con un nuevo piano de cola Fazioli y se utiliza principalmente para actuaciones de m\u00fasica de c\u00e1mara.<\/p>\n<p>La Sala Kubelik, una gran sala con columnas corintias, se inaugura en 1994 como sala conmemorativa con una exposici\u00f3n del virtuoso del viol\u00edn Jan Kubel\u00edk.<\/p>\n<p>El Rudolfinum pertenece a la Filarm\u00f3nica Checa, que tiene aqu\u00ed su sede.<\/p>\n<h2 id=\"t-1672643995735\">contacto<\/h2>\n<ul>\n<li><strong>Direcci\u00f3n :<\/strong> Al\u0161ovo n\u00e1b\u0159e\u017e\u00ed 79\/12, Star\u00e9 M\u011bsto, 110 00 Praga<\/li>\n<li><strong>P\u00fablico:<\/strong> &nbsp; Metro l\u00ednea A, l\u00ednea verde, parada Staromestsk\u00e1&nbsp;<\/li>\n<li><strong>Horario de apertura:<\/strong> los horarios exactos <a data-id=\"https:\/\/www.rudolfinum.cz\/en\/\" data-type=\"URL\" href=\"https:\/\/www.rudolfinum.cz\/en\/\" rel=\"noopener\" target=\"_blank\" style=\"outline: none;\">de apertura<\/a> se encuentran en este sitio web.<\/li>\n<\/ul>\n","protected":false},"excerpt":{"rendered":"<p>El Rudolfinum es un centro cultural y de conciertos tradicionales en la orilla derecha del Vltava en el casco antiguo de Praga . Entre otras cosas, es sede de conciertos de m\u00fasica cl\u00e1sica. Toda la informaci\u00f3n importante sobre el Rudolfinum se recopila aqu\u00ed, incluido el programa, su historia y la direcci\u00f3n. \u00bfQu\u00e9 puedo hacer en [&hellip;]<\/p>\n","protected":false},"author":6,"featured_media":1888,"parent":892,"menu_order":0,"comment_status":"open","ping_status":"closed","template":"","meta":{"footnotes":""},"categories":[],"tags":[19,23],"class_list":["post-889","page","type-page","status-publish","has-post-thumbnail","hentry","tag-sehenswuerdigkeiten","tag-theater","post-wrapper","thrv_wrapper"],"_links":{"self":[{"href":"https:\/\/praguetouristinformation.com\/es\/wp-json\/wp\/v2\/pages\/889","targetHints":{"allow":["GET"]}}],"collection":[{"href":"https:\/\/praguetouristinformation.com\/es\/wp-json\/wp\/v2\/pages"}],"about":[{"href":"https:\/\/praguetouristinformation.com\/es\/wp-json\/wp\/v2\/types\/page"}],"author":[{"embeddable":true,"href":"https:\/\/praguetouristinformation.com\/es\/wp-json\/wp\/v2\/users\/6"}],"replies":[{"embeddable":true,"href":"https:\/\/praguetouristinformation.com\/es\/wp-json\/wp\/v2\/comments?post=889"}],"version-history":[{"count":8,"href":"https:\/\/praguetouristinformation.com\/es\/wp-json\/wp\/v2\/pages\/889\/revisions"}],"predecessor-version":[{"id":4774,"href":"https:\/\/praguetouristinformation.com\/es\/wp-json\/wp\/v2\/pages\/889\/revisions\/4774"}],"up":[{"embeddable":true,"href":"https:\/\/praguetouristinformation.com\/es\/wp-json\/wp\/v2\/pages\/892"}],"wp:featuredmedia":[{"embeddable":true,"href":"https:\/\/praguetouristinformation.com\/es\/wp-json\/wp\/v2\/media\/1888"}],"wp:attachment":[{"href":"https:\/\/praguetouristinformation.com\/es\/wp-json\/wp\/v2\/media?parent=889"}],"wp:term":[{"taxonomy":"category","embeddable":true,"href":"https:\/\/praguetouristinformation.com\/es\/wp-json\/wp\/v2\/categories?post=889"},{"taxonomy":"post_tag","embeddable":true,"href":"https:\/\/praguetouristinformation.com\/es\/wp-json\/wp\/v2\/tags?post=889"}],"curies":[{"name":"wp","href":"https:\/\/api.w.org\/{rel}","templated":true}]}}