{"id":887,"date":"2020-10-19T15:30:45","date_gmt":"2020-10-19T15:30:45","guid":{"rendered":"https:\/\/praguetouristinformation.com\/es\/?page_id=887"},"modified":"2023-05-03T12:13:28","modified_gmt":"2023-05-03T12:13:28","slug":"cerveza","status":"publish","type":"page","link":"https:\/\/praguetouristinformation.com\/es\/cosas-que-hacer\/museos\/cerveza","title":{"rendered":"Gu\u00eda del Museo de la Cerveza de Praga: Informaci\u00f3n, entradas e historia"},"content":{"rendered":"<h3 id=\"t-1670351988749\">El Museo de la Cerveza de Praga no es un museo cl\u00e1sico en el sentido tradicional.<\/h3>\n<p>Si bien aqu\u00ed se cuenta y exhibe la historia de <a data-id=\"723\" data-type=\"page\" href=\"https:\/\/praguetouristinformation.com\/es\/restaurantes\/cerveza-checa\" style=\"outline: none;\">la cerveza checa y el arte de la elaboraci\u00f3n de la cerveza, la atenci\u00f3n se centra en la degustaci\u00f3n de estos productos&#8230;<\/a><\/p>\n<p>Descubra qu\u00e9 esperar en el Museo de la Cerveza de Praga e informaci\u00f3n \u00fatil para visitantes en esta gu\u00eda.<\/p>\n<p>\u00a1Pues zdrav\u00ed! &#8211; \u00a1Por el beneficio!<\/p>\n<h2 id=\"t-1670351988750\">\u00bfQu\u00e9 puedo hacer en el Museo de la Cerveza?<\/h2>\n<p><span><img decoding=\"async\" alt=\"Beer Bike, Praga, Rep\u00fablica Checa\" data-id=\"1337\" width=\"722\" data-init-width=\"1000\" height=\"482\" data-init-height=\"667\" title=\"Beer Bike, Praga, Rep\u00fablica Checa\" loading=\"lazy\" src=\"https:\/\/praguetouristinformation.com\/es\/wp-content\/uploads\/2020\/11\/Beer-Bike.jpg\" data-width=\"722\" data-height=\"482\" data-pin-media=\"https:\/\/praguetouristinformation.com\/es\/wp-content\/uploads\/2021\/03\/Prag_beer_museum_pinterest.jpg\" data-pin-description=\"Der komplette Guide zum Beer Museum in Prag \u27a4 Hier sind alle Informationen zum Eintritt, dem Bier im Museum und der Ausstellung \u2714 Mehr hier ...\" data-pin-url=\"https:\/\/praguetouristinformation.com\/es\/sehenswuerdigkeiten\/museum\/beer?tve=true&amp;tcbf=e8b25a02bb\" data-pinpro-key=\"p1cqgcjyu\"><\/span><\/p>\n<p>Una maqueta de una cervecer\u00eda muestra c\u00f3mo se produce la malta y c\u00f3mo se procesa el l\u00fapulo. La historia del arte de la elaboraci\u00f3n de cerveza y la importancia de la elaboraci\u00f3n de cerveza para la Rep\u00fablica Checa se presenta v\u00edvidamente en un entorno aut\u00e9ntico y se complementa con presentaciones en video.<\/p>\n<p>Los visitantes del museo pueden llenar ellos mismos una botella de cerveza, etiquetarla y llev\u00e1rsela a casa como un <a data-id=\"326\" data-type=\"page\" href=\"https:\/\/praguetouristinformation.com\/es\/compras\/recuerdos\" style=\"outline: none;\">recuerdo t\u00edpico de Praga<\/a> .<\/p>\n<p>Por supuesto, tambi\u00e9n se pueden degustar varias cervezas checas.<\/p>\n<h2 id=\"t-1670351988751\">Entradas, entradas y visitas al Museo de la Cerveza<\/h2>\n<ul>\n<li><strong>Horario:<\/strong> El Museo de la Cerveza est\u00e1 abierto todo el a\u00f1o.<\/li>\n<\/ul>\n<ul>\n<li><strong>Entradas:<\/strong> La entrada para el Museo de la Cerveza se puede comprar en el sitio o en l\u00ednea.<\/li>\n<li><strong>Visitas:<\/strong> Las visitas al Museo de la Cerveza se realizan varias veces al d\u00eda. Una <a href=\"http:\/\/beermuseum.cz\/\" target=\"_blank\" style=\"outline: none;\" rel=\"noopener\">visita guiada<\/a> dura unos 90 minutos.<\/li>\n<li><strong>Admisi\u00f3n: Los <\/strong><a href=\"http:\/\/beermuseum.cz\/\" target=\"_blank\" style=\"outline: none;\" rel=\"noopener\">precios<\/a> exactos de admisi\u00f3n se pueden encontrar aqu\u00ed.<\/li>\n<\/ul>\n<h2 id=\"t-1670351988752\">\u00bfC\u00f3mo llego al Museo de la Cerveza?<\/h2>\n<p>El Museo de la Cerveza est\u00e1 ubicado en un peque\u00f1o callej\u00f3n en el <a data-id=\"742\" data-type=\"page\" href=\"https:\/\/praguetouristinformation.com\/es\/cosas-que-hacer\/ciudad-vieja\" style=\"outline: none;\">casco antiguo<\/a> al oeste de la Plaza de la <a data-id=\"621\" data-type=\"page\" href=\"https:\/\/praguetouristinformation.com\/es\/cosas-que-hacer\/ciudad-vieja\/anillo-de-la-ciudad-vieja\" style=\"outline: none;\">Ciudad Vieja. <\/a>Es f\u00e1cilmente accesible por la l\u00ednea A del metro, l\u00ednea verde, estaci\u00f3n Starom\u011bstsk\u00e1, desde all\u00ed se camina unos minutos.<\/p>\n<h2 id=\"t-1670351988753\">Historia del Museo de la Cerveza<\/h2>\n<p><span><img decoding=\"async\" alt=\"\" data-id=\"3645\" width=\"722\" data-init-width=\"1000\" height=\"482\" data-init-height=\"667\" title=\"Viejo,Term\u00f3metro,En,El,Tanque,En,La,Vieja,Cervecer\u00eda\" loading=\"lazy\" src=\"https:\/\/praguetouristinformation.com\/es\/wp-content\/uploads\/2022\/12\/beer-museum.jpg\" data-width=\"722\" data-height=\"482\" data-pin-media=\"https:\/\/praguetouristinformation.com\/es\/wp-content\/uploads\/2021\/03\/Prag_beer_museum_pinterest.jpg\" data-pin-description=\"Der komplette Guide zum Beer Museum in Prag \u27a4 Hier sind alle Informationen zum Eintritt, dem Bier im Museum und der Ausstellung \u2714 Mehr hier ...\" data-pin-url=\"https:\/\/praguetouristinformation.com\/es\/sehenswuerdigkeiten\/museum\/beer?tve=true&amp;tcbf=e8b25a02bb\" data-pinpro-key=\"j8y2er7ts\"><\/span><\/p>\n<p>Es posible que la cerveza se elaborara en la Rep\u00fablica Checa ya en la \u00e9poca de la migraci\u00f3n de los pueblos, la primera menci\u00f3n de la cerveza se remonta a 993, cuando se construy\u00f3 el monasterio benedictino en B\u0159evnov y los monjes comenzaron a elaborar cerveza all\u00ed.<\/p>\n<p>El Museo de la Cerveza en las salas del s\u00f3tano del siglo XIII utiliza un modelo de una cervecer\u00eda para mostrar c\u00f3mo se produce la malta y c\u00f3mo se procesa el l\u00fapulo.El olor del l\u00fapulo y la malta por s\u00ed solo es embriagador.<\/p>\n<p>Entre otras cosas, se transmite el arte de elaboraci\u00f3n de cerveza de m\u00e1s de 1000 a\u00f1os de antig\u00fcedad en el pa\u00eds y aspectos de la producci\u00f3n de cerveza. Como recuerdo t\u00edpico de Praga, puedes llevarte a casa una botella de cerveza que hayas llenado t\u00fa mismo. La habitaci\u00f3n de invitados est\u00e1 en un s\u00f3tano abovedado y transmite una atm\u00f3sfera como la de hace 200 a\u00f1os.<\/p>\n<h2 id=\"t-1670351988754\">Contacto<\/h2>\n<ul>\n<li><strong>Direcci\u00f3n<\/strong> : Husova 7, 110 00 Star\u00e9 M\u011bsto, Praga<\/li>\n<li><strong>Transporte p\u00fablico<\/strong> : Metro l\u00ednea A, l\u00ednea verde, parada Starom\u011bstsk\u00e1<\/li>\n<li><strong>Horarios<\/strong> de apertura : Los horarios exactos de apertura se pueden encontrar en <a data-id=\"http:\/\/beermuseum.cz\/\" data-type=\"URL\" href=\"https:\/\/beermuseum.cz\/?lang=en\" target=\"_blank\" style=\"outline: none;\" data-lt-tmp-id=\"lt-324963\" spellcheck=\"false\" rel=\"noopener\">el siguiente sitio web <\/a><a href=\"http:\/\/beermuseum.cz\/\" target=\"_blank\" rel=\"noopener\">.<\/a><a data-id=\"http:\/\/beermuseum.cz\/\" data-type=\"URL\" href=\"http:\/\/beermuseum.cz\/\" target=\"_blank\" style=\"outline: none;\" data-lt-tmp-id=\"lt-324963\" spellcheck=\"false\" rel=\"noopener\"><\/a><a href=\"http:\/\/beermuseum.cz\/\" target=\"_blank\" rel=\"noopener\"><\/a><\/li>\n<li><strong>Sitio web<\/strong> : <a href=\"https:\/\/beermuseum.cz\/?lang=en\" target=\"_blank\" style=\"outline: none;\" rel=\"noopener\">Museo de la Cerveza de Praga<\/a><\/li>\n<\/ul>\n","protected":false},"excerpt":{"rendered":"<p>El Museo de la Cerveza de Praga no es un museo cl\u00e1sico en el sentido tradicional. Si bien aqu\u00ed se cuenta y exhibe la historia de la cerveza checa y el arte de la elaboraci\u00f3n de la cerveza, la atenci\u00f3n se centra en la degustaci\u00f3n de estos productos&#8230; Descubra qu\u00e9 esperar en el Museo de [&hellip;]<\/p>\n","protected":false},"author":6,"featured_media":1502,"parent":137,"menu_order":0,"comment_status":"open","ping_status":"closed","template":"","meta":{"footnotes":""},"categories":[],"tags":[22,19],"class_list":["post-887","page","type-page","status-publish","has-post-thumbnail","hentry","tag-museum","tag-sehenswuerdigkeiten","post-wrapper","thrv_wrapper"],"_links":{"self":[{"href":"https:\/\/praguetouristinformation.com\/es\/wp-json\/wp\/v2\/pages\/887","targetHints":{"allow":["GET"]}}],"collection":[{"href":"https:\/\/praguetouristinformation.com\/es\/wp-json\/wp\/v2\/pages"}],"about":[{"href":"https:\/\/praguetouristinformation.com\/es\/wp-json\/wp\/v2\/types\/page"}],"author":[{"embeddable":true,"href":"https:\/\/praguetouristinformation.com\/es\/wp-json\/wp\/v2\/users\/6"}],"replies":[{"embeddable":true,"href":"https:\/\/praguetouristinformation.com\/es\/wp-json\/wp\/v2\/comments?post=887"}],"version-history":[{"count":7,"href":"https:\/\/praguetouristinformation.com\/es\/wp-json\/wp\/v2\/pages\/887\/revisions"}],"predecessor-version":[{"id":4837,"href":"https:\/\/praguetouristinformation.com\/es\/wp-json\/wp\/v2\/pages\/887\/revisions\/4837"}],"up":[{"embeddable":true,"href":"https:\/\/praguetouristinformation.com\/es\/wp-json\/wp\/v2\/pages\/137"}],"wp:featuredmedia":[{"embeddable":true,"href":"https:\/\/praguetouristinformation.com\/es\/wp-json\/wp\/v2\/media\/1502"}],"wp:attachment":[{"href":"https:\/\/praguetouristinformation.com\/es\/wp-json\/wp\/v2\/media?parent=887"}],"wp:term":[{"taxonomy":"category","embeddable":true,"href":"https:\/\/praguetouristinformation.com\/es\/wp-json\/wp\/v2\/categories?post=887"},{"taxonomy":"post_tag","embeddable":true,"href":"https:\/\/praguetouristinformation.com\/es\/wp-json\/wp\/v2\/tags?post=887"}],"curies":[{"name":"wp","href":"https:\/\/api.w.org\/{rel}","templated":true}]}}