{"id":86,"date":"2020-08-15T20:14:53","date_gmt":"2020-08-15T20:14:53","guid":{"rendered":"https:\/\/praguetouristinformation.com\/es\/?page_id=86"},"modified":"2025-08-07T09:27:30","modified_gmt":"2025-08-07T09:27:30","slug":"aeropuerto-vaclav-havel","status":"publish","type":"page","link":"https:\/\/praguetouristinformation.com\/es\/plan\/llegar\/aeropuerto-vaclav-havel","title":{"rendered":"Aeropuerto de Praga V\u00e1clav Havel [PRG]: Gu\u00eda Completa con Vuelos, Hoteles &#038; transferencias"},"content":{"rendered":"<h3 id=\"t-1670345529231\">El aeropuerto V\u00e1clav-Havel es el aeropuerto internacional de Praga. Se encuentra a unos 15 kil\u00f3metros al oeste del centro de la ciudad y es propiedad del estado checo.<\/h3>\n<p>El aeropuerto lleva el nombre de V\u00e1clav Havel, el primer presidente de la Rep\u00fablica Checa. En 2019 se manejaron alrededor de 18 millones de pasajeros.<\/p>\n<p>El aeropuerto cuenta con tres pistas, una de las cuales est\u00e1 cerrada y se utiliza como zona de estacionamiento de aeronaves.<\/p>\n<p>En esta gu\u00eda encontrar\u00e1s toda la informaci\u00f3n importante sobre el Aeropuerto <strong>V\u00e1clav Havel <\/strong><strong>&nbsp;[PRG],<\/strong> como vuelos, hoteles, traslados y mucho m\u00e1s&#8230;<\/p>\n<h2 style=\"\">Prague Visitor Pass<\/h2>\n<p data-pm-slice=\"1 1 []\">El Prague Visitor Pass te da acceso a las principales atracciones, museos y al transporte p\u00fablico de la ciudad, ideal para explorar Praga con flexibilidad y eficiencia.<\/p>\n<p style=\"\">\u00a1Utiliza nuestro c\u00f3digo de descuento exclusivo <strong>pragueti5<\/strong> y obt\u00e9n un<strong> 5\u202f% de descuento!<\/strong><\/p>\n<p>__CONFIG_colors_palette__{\u00abactive_palette\u00bb:0,\u00bbconfig\u00bb:{\u00abcolors\u00bb:{\u00ab110d6\u00bb:{\u00abname\u00bb:\u00bbMain Accent\u00bb,\u00bbparent\u00bb:-1}},\u00bbgradients\u00bb:[]},\u00bbpalettes\u00bb:[{\u00abname\u00bb:\u00bbDefault Palette\u00bb,\u00bbvalue\u00bb:{\u00abcolors\u00bb:{\u00ab110d6\u00bb:{\u00abval\u00bb:\u00bbvar(e8c68)\u00bb}},\u00bbgradients\u00bb:[]},\u00bboriginal\u00bb:{\u00abcolors\u00bb:{\u00ab110d6\u00bb:{\u00abval\u00bb:\u00bbrgb(19, 114, 211)\u00bb,\u00bbhsl\u00bb:{\u00abh\u00bb:210,\u00bbs\u00bb:0.83,\u00bbl\u00bb:0.45}}},\u00bbgradients\u00bb:[]}}]}__CONFIG_colors_palette__ <a href=\"https:\/\/praguevisitorpass.eu\/?lang=es-es\" style=\"font-size: var(--tve-font-size, 14px) !important;\" rel=\"noopener\" target=\"_blank\"><span style=\"\">    <\/span> <span style=\"\"><span>M\u00e1s informaci\u00f3n<\/span><\/span> <\/a>  <\/p>\n<h2 id=\"t-1670345529232\">Llegadas y salidas del Aeropuerto de Praga V\u00e1clav-Havel<\/h2>\n<p><span><img decoding=\"async\" alt=\"\" data-id=\"3629\" width=\"886\" data-init-width=\"1000\" height=\"591\" data-init-height=\"667\" title=\"Mujer mira el marcador en el aeropuerto Seleccione A\" loading=\"lazy\" src=\"https:\/\/praguetouristinformation.com\/es\/wp-content\/uploads\/2022\/12\/prague-airport1.jpg\" data-width=\"886\" data-height=\"591\" data-pinpro-key=\"subs8xjsa\" style=\"aspect-ratio: auto 1000 \/ 667;\"><\/span><\/p>\n<ul>\n<li><strong>Horarios de llegada &#8211; Llegadas:<\/strong> Los <a data-id=\"https:\/\/www.pragueairport.co.uk\/de\/ankunft-und-abflug-online\/\" data-type=\"URL\" href=\"https:\/\/www.pragueairport.co.uk\/de\/ankunft-und-abflug-online\/\" target=\"_blank\" style=\"outline: none;\" rel=\"noopener\">horarios de llegada actuales<\/a> y las terminales se pueden encontrar aqu\u00ed.<a data-id=\"https:\/\/www.pragueairport.co.uk\/de\/ankunft-und-abflug-online\/\" data-type=\"URL\" href=\"https:\/\/www.pragueairport.co.uk\/de\/ankunft-und-abflug-online\/\" target=\"_blank\" style=\"outline: none;\" rel=\"noopener\"><\/a><\/li>\n<li><strong>Horarios de salida:<\/strong> Los <a data-id=\"https:\/\/www.pragueairport.co.uk\/de\/ankunft-und-abflug-online\/\" data-type=\"URL\" href=\"https:\/\/www.pragueairport.co.uk\/de\/ankunft-und-abflug-online\/\" target=\"_blank\" style=\"outline: none;\" rel=\"noopener\">horarios de salida actuales<\/a> y las terminales se pueden encontrar aqu\u00ed.<\/li>\n<\/ul>\n<h2 id=\"t-1670345529233\">Vuelos a V\u00e1clav-Havel Praga<\/h2>\n<p>El aeropuerto de V\u00e1clav-Havel es el aeropuerto base y centro de operaciones de Czech Airlines. Un total de 20 aerol\u00edneas vuelan a 100 destinos en todo el mundo. La mayor\u00eda de los destinos son atendidos por Condor junto con Czech Airlines.<\/p>\n<ul>\n<li><strong>Aerol\u00edneas en el aeropuerto:<\/strong> Las aerol\u00edneas est\u00e1n repartidas en las dos terminales, la tercera se utiliza para vuelos gubernamentales. Todos los vuelos hacia o desde pa\u00edses que no pertenecen a Schengen se manejan en la Terminal 1. Todos los vuelos hacia y desde el \u00e1rea Schengen se manejan en la Terminal 2. El aeropuerto de Praga es un centro importante para Czech Airlines. Adem\u00e1s, desde V\u00e1clav-Havel vuelan Aeroflot, Smart Wings, ABS Jet, Air France, Alitalia, British Airways, Delta, Germanwings KLM, Lufthansa Swiss y Turkish Airlines, entre otras.<\/li>\n<li><strong>Conexiones de vuelos:<\/strong> adem\u00e1s de las conexiones nacionales a varias ciudades de la Rep\u00fablica Checa, desde V\u00e1clav-Havel se ofrecen vuelos internacionales dentro de Europa y rutas intercontinentales en \u00c1frica, Asia y Am\u00e9rica del Norte. Sin embargo, la mayor parte del volumen de pasajeros es atribuible a las conexiones intraeuropeas.<\/li>\n<\/ul>\n<h2 id=\"t-1670345529234\">transferencia de aeropuerto<\/h2>\n<ul>\n<li><strong>Coche<\/strong> : El aeropuerto V\u00e1clav-Havel se encuentra al oeste de Praga. Se puede llegar en coche a trav\u00e9s de la autopista D7, salida 30 y la autopista D6, que est\u00e1 conectada con la D7 por un cruce de autopista.<\/li>\n<li><strong>Transporte p\u00fablico<\/strong> : No hay conexi\u00f3n directa de metro al aeropuerto V\u00e1clav-Havel. Sin embargo, existen conexiones de autob\u00fas desde 2 estaciones de metro. <a href=\"#t-1670345529235\" style=\"outline: none;\">Ver la secci\u00f3n de Transporte P\u00fablico<\/a> para m\u00e1s detalles .<\/li>\n<li><strong>Autob\u00fas del aeropuerto<\/strong> : El autob\u00fas Airport Express sale cada 30 minutos desde la estaci\u00f3n principal de tren de Praga durante el d\u00eda. Por la noche, el aeropuerto tambi\u00e9n cuenta con la l\u00ednea de autob\u00fas 910 cada 30 minutos.<\/li>\n<li><strong>Traslado privado<\/strong> : varias empresas ofrecen traslados en limusina del aeropuerto donde el chofer recoge al hu\u00e9sped en la puerta. Consulte <a href=\"https:\/\/www.mozartlimousines.com\/en\/\" target=\"_blank\" style=\"outline: none;\" data-lt-tmp-id=\"lt-776248\" spellcheck=\"false\" rel=\"noopener\">los sitios web correspondientes para obtener m\u00e1s detalles <\/a><a href=\"https:\/\/www.mozartlimousines.com\/en\/\" target=\"_blank\" rel=\"noopener\">.<\/a><a href=\"https:\/\/www.mozartlimousines.com\/en\/\" target=\"_blank\" style=\"outline: none;\" data-lt-tmp-id=\"lt-776248\" spellcheck=\"false\" rel=\"noopener\"><\/a><a href=\"https:\/\/www.mozartlimousines.com\/en\/\" target=\"_blank\" rel=\"noopener\"><\/a><\/li>\n<li><strong>Taxis<\/strong> : Los taxistas de Praga tienen muy mala reputaci\u00f3n, y no sin raz\u00f3n. Muchos toman una tarifa demasiado cara o conducen una ruta demasiado larga. Es importante asegurarse de abordar \u00fanicamente un veh\u00edculo con licencia que tenga el letrero \u00abTaxi\u00bb claramente expuesto en el techo. Obtenga ayuda para pedir un taxi o use una herramienta en l\u00ednea como www.prague-airporttransfers.co.uk La tarifa b\u00e1sica para los <a data-id=\"89\" data-type=\"page\" href=\"https:\/\/praguetouristinformation.com\/es\/plan\/llegar\/taxi\" style=\"outline: none;\">taxis de Praga<\/a>es de 60 CZK (aprox. 2,40 EUR), el precio por kil\u00f3metro es de 36 CZK (aprox. 1,45 EUR), los cargos por espera y atascos son de 7 CZK por minuto (aprox. 0,28 EUR). Un viaje desde el aeropuerto hasta el centro de Praga cuesta unas 700 coronas checas (unos 28 euros), dependiendo del tr\u00e1fico.<\/li>\n<li><strong>Alquila un autob\u00fas en el aeropuerto<\/strong> : Estaremos encantados de ayudarte a alquilar autobuses para todas las ocasiones, ya sea para viajes en grupo, salidas de empresa, viajes escolares, eventos o cualquier otra cosa.<\/li>\n<\/ul>\n<h2 id=\"t-1670345529235\">Transporte p\u00fablico<\/h2>\n<p><span><img decoding=\"async\" alt=\"\" data-id=\"3635\" width=\"690\" data-init-width=\"1000\" height=\"460\" data-init-height=\"667\" title=\"Joven, Mujer, Mano, Inserta, El, Autob\u00fas, Boleto, En, El, Validador,\" loading=\"lazy\" src=\"https:\/\/praguetouristinformation.com\/es\/wp-content\/uploads\/2022\/12\/prague-public-Transport.jpg\" data-width=\"690\" data-height=\"460\" data-pinpro-key=\"2e8j4ietj\" style=\"aspect-ratio: auto 1000 \/ 667;\"><\/span><\/p>\n<ul>\n<li><strong>S-Bahn<\/strong> : actualmente no hay conexi\u00f3n de S-Bahn con el aeropuerto de Praga. Desde la estaci\u00f3n de metro N\u00e1dra\u017e\u00ed Veleslav\u00edn de la l\u00ednea A, la l\u00ednea de autob\u00fas n.\u00ba 119 sale hacia el aeropuerto cada 5 o 10 minutos durante el d\u00eda. Desde la estaci\u00f3n de metro Zli\u010d\u00edn, la terminal de la l\u00ednea B, la l\u00ednea de autob\u00fas n.\u00ba 100 va al aeropuerto de Praga. El tiempo de viaje desde las estaciones de metro es de unos 30 minutos.<\/li>\n<li><strong>Autob\u00fas del aeropuerto<\/strong> : El autob\u00fas Airport Express sale cada 30 minutos desde la estaci\u00f3n principal de tren de Praga durante el d\u00eda. Por la noche, el aeropuerto tambi\u00e9n cuenta con la l\u00ednea de autob\u00fas 910 cada 30 minutos.<\/li>\n<\/ul>\n<h2 id=\"t-1670345529236\">taxi y uber<\/h2>\n<h3><strong>cabina<\/strong> :&nbsp;<\/h3>\n<p tve-droppable\"\"=\"\">Las tarifas normales de taxi las establece el estado en la Rep\u00fablica Checa, la \u00faltima vez en febrero de 2020.<\/p>\n<p>La tarifa b\u00e1sica de los taxis en Praga es de 60 coronas checas (aprox. 2,40 euros), el precio por kil\u00f3metro es de 36 coronas checas (aprox. 1,45 euros), el cargo por espera y atascos es de 7 coronas checas por minuto (aprox. 0,28 euros).<\/p>\n<p>Un viaje desde el aeropuerto hasta el centro de Praga cuesta alrededor de 700-800 coronas checas, dependiendo del tr\u00e1fico.<\/p>\n<p>Los taxistas de Praga tienen muy mala reputaci\u00f3n, lamentablemente no sin raz\u00f3n. Muchos cobran un precio m\u00e1s alto o conducen una distancia demasiado larga.<\/p>\n<p>Para evitar una experiencia desagradable, se recomienda a todos los viajeros que utilicen los <strong>traslados del aeropuerto de Praga<\/strong> , que opera su propio servicio de taxi de precio fijo. Puede reservar su taxi con anticipaci\u00f3n utilizando la herramienta en l\u00ednea www.prague-airporttransfers.co.uk o enviando un <a href=\"mailto:info@prague-airport-transfers.co.uk\" style=\"outline: none;\">correo electr\u00f3nico a info@prague-airport-transfers.co.uk<\/a> o llamando al operador al +420 222 554 211 contacto.<\/p>\n<ul>\n<li><strong>F\u0130X TAX\u0130<\/strong> son taxis blancos con tax\u00edmetro ubicados frente al aeropuerto, frente a la Terminal 1 en la Salida D, frente a la Terminal 2 en la Salida E. La empresa ofrece servicios de taxi con tarifas garantizadas. <strong>La informaci\u00f3n de precios<\/strong> est\u00e1 disponible en el mostrador de reserva de taxis ubicado en las salas de llegadas de la Terminal 1 y la Terminal 2. Se puede contactar con la empresa por tel\u00e9fono en el +420 722 555 525 o por correo electr\u00f3nico en <a href=\"mailto:dispecink@fix-taxi.cz\" style=\"outline: none;\">disspecink@fix-taxi.cz<\/a> &nbsp;.<\/li>\n<li><strong>Taxi Praha<\/strong> son taxis blancos con tax\u00edmetro que tambi\u00e9n est\u00e1n frente al aeropuerto, frente a la Terminal 1 en la salida D, frente a la Terminal 2 en la salida E. Se llaman TickTack. La empresa ofrece un servicio de taxi a tarifas garantizadas. <strong>La informaci\u00f3n de precios<\/strong> est\u00e1 disponible en el mostrador de reserva de taxis ubicado en las salas de llegadas de la Terminal 1 y la Terminal 2. Se puede contactar con la empresa por tel\u00e9fono al +420 220 414 414 o por correo electr\u00f3nico a <a href=\"mailto:info@taxi14007.cz\">info@taxi14007.cz<\/a><\/li>\n<\/ul>\n<h3 id=\"t-1670345529237\"><strong>Uber<\/strong> en el aeropuerto:<\/h3>\n<p>La empresa UBER tiene su sede en San Francisco, Estados Unidos. Es una empresa de servicios estadounidense que brinda servicios de transporte en l\u00ednea en muchas ciudades del mundo.<\/p>\n<p>Una vez que descargue la aplicaci\u00f3n en su tel\u00e9fono, puede comenzar a usar los servicios de UBER. Cuando pidas un UBER, se te indicar\u00e1 el precio de la ruta que deseas. El pago es con tarjeta de cr\u00e9dito, tarjeta euro, PayPal o Google Play.<\/p>\n<h2 id=\"t-1670345529238\">sala de espera del aeropuerto<\/h2>\n<p><span><img decoding=\"async\" alt=\"\" data-id=\"3636\" width=\"690\" data-init-width=\"1000\" height=\"393\" data-init-height=\"569\" title=\"Praga,Aeropuerto\" loading=\"lazy\" src=\"https:\/\/praguetouristinformation.com\/es\/wp-content\/uploads\/2022\/12\/inside-prague-airport.jpg\" data-width=\"690\" data-height=\"393\" data-pinpro-key=\"9uig8ducs\" style=\"aspect-ratio: auto 1000 \/ 569;\"><\/span><\/p>\n<p>Hay un total de 3 salones diferentes en V\u00e1clav-Havel Prague, todos los cuales ofrecen bebidas y aperitivos fr\u00edos y calientes. Para todos los salones, los pasajeros de Economy pueden comprar la autorizaci\u00f3n de acceso directamente en la entrada del sal\u00f3n correspondiente con un costo adicional.<\/p>\n<ul>\n<li><strong>First Premier Lounge<\/strong> : El sal\u00f3n est\u00e1 ubicado en la Terminal 2 despu\u00e9s del control de seguridad y est\u00e1 destinado a viajeros en el \u00e1rea Schengen. Est\u00e1 abierto todos los d\u00edas de 05:00 a 22:00.<\/li>\n<li><strong>Raiffeisenbank Lounge<\/strong> : El sal\u00f3n est\u00e1 ubicado en la Terminal 2 frente al control de seguridad en el segundo piso y est\u00e1 destinado a viajeros en el \u00e1rea Schengen. El acceso es a trav\u00e9s de la escalera alfombrada de rojo.<\/li>\n<li><strong>Mastercard Lounge<\/strong> : el sal\u00f3n est\u00e1 ubicado en la Terminal 1 despu\u00e9s del control de seguridad cerca del Muelle B en el segundo piso y est\u00e1 destinado a viajeros que no pertenecen a Schengen. Est\u00e1 abierto todos los d\u00edas de 05:00 a 22:00.<\/li>\n<\/ul>\n<h2 id=\"t-1670345529239\">Compras, tiendas y duty free<\/h2>\n<p>Las tiendas del aeropuerto de V\u00e1clav-Havel est\u00e1n abiertas generalmente de lunes a domingo, muchas de ellas de 6 a. m. a 10 p. m. Hay alrededor de 40 tiendas, entre perfumer\u00edas, joyer\u00edas, quioscos, librer\u00edas y boutiques.<\/p>\n<p>Tras el control de pasaportes, las cl\u00e1sicas tiendas libres de impuestos esperan al viajero. Unas 70 tiendas ofrecen sus productos, desde perfumes hasta ropa de lujo y de marca, pasando por alcohol y regalos.<\/p>\n<p>Los restaurantes del aeropuerto ofrecen platos cl\u00e1sicos europeos y algunos tradicionales checos. La mayor\u00eda est\u00e1 abierta entre las 07:00 y las 21:30, el gran restaurante de autoservicio est\u00e1 abierto incluso las 24 horas del d\u00eda.<\/p>\n<h2 id=\"t-1670345529240\">coche de alquiler<\/h2>\n<p>Muchas de las principales empresas de alquiler de coches tienen sucursales en V\u00e1clav-Havel Praga, incluidas Hertz, Avis y Europcar. Tambi\u00e9n hay empresas locales de alquiler de coches.<\/p>\n<p>Por supuesto, tambi\u00e9n puede alquilar un autom\u00f3vil en l\u00ednea con anticipaci\u00f3n, y el veh\u00edculo estar\u00e1 disponible a su llegada.<\/p>\n<h2 id=\"t-1670345529241\">estacionamiento del aeropuerto<\/h2>\n<ul>\n<li><strong>Plazas de aparcamiento<\/strong> : Los pasajeros que llegan y salen disponen de un total de 3.000 plazas de aparcamiento de pago en aparcamientos de varios pisos y aparcamientos al aire libre en las inmediaciones de las terminales, alrededor de dos tercios de los cuales tambi\u00e9n se pueden alquilar por per\u00edodos m\u00e1s largos. Las \u00e1reas de estacionamiento PA, PC y el \u00e1rea de <a data-id=\"95\" data-type=\"page\" href=\"https:\/\/praguetouristinformation.com\/es\/planen\/anreise\/parken\" style=\"outline: none;\">estacionamiento<\/a> PB est\u00e1n a poca distancia de las terminales, PC est\u00e1 m\u00e1s cerca de la Terminal 1 y PA est\u00e1 m\u00e1s cerca de la Terminal 2. El estacionamiento de corto plazo est\u00e1 ubicado directamente en frente de la Terminal 1 y la Terminal 2 y es gratuito para 15 minutos. Adem\u00e1s, existe la calzada de la terminal con una zona de entrada y salida.<\/li>\n<li><strong>Reserve su plaza de aparcamiento en l\u00ednea<\/strong> : Por supuesto, puede reservar su plaza de aparcamiento en l\u00ednea con antelaci\u00f3n. Para ello, visite el <a data-id=\"https:\/\/www.prg.aero\/en\/airport-parking\" data-type=\"URL\" href=\"https:\/\/www.prg.aero\/en\/airport-parking\" target=\"_blank\" style=\"outline: none;\" rel=\"noopener\">sitio web de Prg.aero<\/a> .<\/li>\n<\/ul>\n<h2 id=\"t-1670345529242\">hoteles de aeropuerto<\/h2>\n<p><span><img decoding=\"async\" alt=\"\" data-id=\"3625\" width=\"690\" data-init-width=\"1000\" height=\"459\" data-init-height=\"665\" title=\"Praga,Aeropuerto,Principal,Estaci\u00f3n,Entrada,,Vaclav,Havel,Aeropuerto,Praga,-\" loading=\"lazy\" src=\"https:\/\/praguetouristinformation.com\/es\/wp-content\/uploads\/2022\/12\/prague-airport.jpg\" data-width=\"690\" data-height=\"459\" data-pinpro-key=\"8iavcobtt\" style=\"aspect-ratio: auto 1000 \/ 665;\"><\/span><\/p>\n<p>Estos hoteles se encuentran a poca distancia a pie del aeropuerto V\u00e1clav Havel de Praga y son una buena opci\u00f3n para los hu\u00e9spedes que lleguen tarde o salgan temprano.<\/p>\n<ul>\n<li><strong>Courtyard by Marriot Prague Airport<\/strong> : El moderno hotel de negocios Courtyard by Marriot Prague Airport est\u00e1 ubicado justo enfrente de la Terminal 1 y se puede llegar a ella desde la Terminal 2 a trav\u00e9s de una pasarela cubierta. Adem\u00e1s de un gimnasio, el moderno hotel tambi\u00e9n ofrece un centro de negocios completamente equipado, un bistr\u00f3 y un bar.<\/li>\n<li><strong>Holiday Inn PRAGUE Airport<\/strong> : El moderno <a data-id=\"19\" data-type=\"page\" href=\"https:\/\/praguetouristinformation.com\/es\/hoteles\/4-estrellas\" style=\"outline: none;\">hotel de 4 estrellas<\/a> Holiday Inn Prague Airport est\u00e1 ubicado a solo 300 metros de las terminales 1 y 2 y se puede llamar directamente a trav\u00e9s de los tel\u00e9fonos del hotel en las terminales. El hotel ofrece transporte gratuito desde y hacia el aeropuerto. Las ventanas de las 70 habitaciones con mobiliario contempor\u00e1neo y aire acondicionado no se pueden abrir. A pesar de la proximidad al aeropuerto, los alojamientos son muy tranquilos debido a la buena insonorizaci\u00f3n. El restaurante del hotel sirve cocina checa e internacional. Cuando hace buen tiempo, se puede comer en el jard\u00edn de verano.<\/li>\n<li><strong>Hotel Ramada<\/strong> : El moderno Hotel Ramada de 4 estrellas est\u00e1 ubicado cerca de la Terminal 3 y se puede llamar directamente desde un tel\u00e9fono del hotel en la Terminal 1. La distancia a las terminales 1 y 2 es de unos 2 kil\u00f3metros. Adem\u00e1s de un centro de negocios totalmente equipado, el hotel tambi\u00e9n ofrece salas de conferencias.<\/li>\n<\/ul>\n<p>Tambi\u00e9n hay numerosos proveedores econ\u00f3micos, como bed &amp; breakfast o varios hoteles peque\u00f1os, a veces familiares, en los alrededores.<\/p>\n<h2 id=\"t-1670345529243\">Salas de seminarios y hoteles de conferencias<\/h2>\n<p>Estaremos encantados de ayudarle a alquilar salas de seminarios para sus eventos o elegir un hotel de conferencias que satisfaga exactamente sus expectativas y requisitos.<\/p>\n<h2 id=\"t-1670345529244\">WiFi en el Aeropuerto de Praga V\u00e1clav-Havel &nbsp;<\/h2>\n<p>Todas las \u00e1reas de la Terminal 1 y la Terminal 2 tienen puntos de acceso Wi-Fi gratuitos.<\/p>\n<h2 id=\"t-1670345529245\">Direcci\u00f3n e informaci\u00f3n general<\/h2>\n<ul>\n<li>Aeropuerto V\u00e1clav-Havel de Praga, Leti\u0161t\u011b Praha, as, K Leti\u0161ti 6\/1019, 160 08 Praha 6<\/li>\n<li>Tel\u00e9fono: +420 220 111 888<\/li>\n<li>c\u00f3digo IATA: PRG<\/li>\n<li>OACI: LKPR<\/li>\n<li>Sitio web: <a href=\"https:\/\/www.prg.aero\/de\" style=\"outline: none;\" data-lt-tmp-id=\"lt-521072\" spellcheck=\"false\" target=\"_blank\" rel=\"noopener\">Aeropuerto de Praga V\u00e1clav-Havel<\/a><a href=\"https:\/\/www.prg.aero\/de\" style=\"outline: none;\" data-lt-tmp-id=\"lt-521072\" spellcheck=\"false\" target=\"_blank\" rel=\"noopener\"><\/a><\/li>\n<li>Operador: Leti\u0161t\u011b Praha, a. s<\/li>\n<\/ul>\n","protected":false},"excerpt":{"rendered":"<p>El aeropuerto V\u00e1clav-Havel es el aeropuerto internacional de Praga. Se encuentra a unos 15 kil\u00f3metros al oeste del centro de la ciudad y es propiedad del estado checo. El aeropuerto lleva el nombre de V\u00e1clav Havel, el primer presidente de la Rep\u00fablica Checa. En 2019 se manejaron alrededor de 18 millones de pasajeros. El aeropuerto [&hellip;]<\/p>\n","protected":false},"author":6,"featured_media":2404,"parent":769,"menu_order":0,"comment_status":"open","ping_status":"closed","template":"","meta":{"footnotes":""},"categories":[],"tags":[32,33],"class_list":["post-86","page","type-page","status-publish","has-post-thumbnail","hentry","tag-planung","tag-verkehr","post-wrapper","thrv_wrapper"],"_links":{"self":[{"href":"https:\/\/praguetouristinformation.com\/es\/wp-json\/wp\/v2\/pages\/86","targetHints":{"allow":["GET"]}}],"collection":[{"href":"https:\/\/praguetouristinformation.com\/es\/wp-json\/wp\/v2\/pages"}],"about":[{"href":"https:\/\/praguetouristinformation.com\/es\/wp-json\/wp\/v2\/types\/page"}],"author":[{"embeddable":true,"href":"https:\/\/praguetouristinformation.com\/es\/wp-json\/wp\/v2\/users\/6"}],"replies":[{"embeddable":true,"href":"https:\/\/praguetouristinformation.com\/es\/wp-json\/wp\/v2\/comments?post=86"}],"version-history":[{"count":7,"href":"https:\/\/praguetouristinformation.com\/es\/wp-json\/wp\/v2\/pages\/86\/revisions"}],"predecessor-version":[{"id":5231,"href":"https:\/\/praguetouristinformation.com\/es\/wp-json\/wp\/v2\/pages\/86\/revisions\/5231"}],"up":[{"embeddable":true,"href":"https:\/\/praguetouristinformation.com\/es\/wp-json\/wp\/v2\/pages\/769"}],"wp:featuredmedia":[{"embeddable":true,"href":"https:\/\/praguetouristinformation.com\/es\/wp-json\/wp\/v2\/media\/2404"}],"wp:attachment":[{"href":"https:\/\/praguetouristinformation.com\/es\/wp-json\/wp\/v2\/media?parent=86"}],"wp:term":[{"taxonomy":"category","embeddable":true,"href":"https:\/\/praguetouristinformation.com\/es\/wp-json\/wp\/v2\/categories?post=86"},{"taxonomy":"post_tag","embeddable":true,"href":"https:\/\/praguetouristinformation.com\/es\/wp-json\/wp\/v2\/tags?post=86"}],"curies":[{"name":"wp","href":"https:\/\/api.w.org\/{rel}","templated":true}]}}