{"id":838,"date":"2020-10-19T11:57:17","date_gmt":"2020-10-19T11:57:17","guid":{"rendered":"https:\/\/praguetouristinformation.com\/es\/?page_id=838"},"modified":"2023-05-03T09:03:02","modified_gmt":"2023-05-03T09:03:02","slug":"monte-petrino","status":"publish","type":"page","link":"https:\/\/praguetouristinformation.com\/es\/cosas-que-hacer\/monte-petrino","title":{"rendered":"Gu\u00eda de Petrin Hill: Lugares de inter\u00e9s, cosas que hacer y telef\u00e9rico"},"content":{"rendered":"<h1>monte petrino<\/h1>\n<p>Petrin es una colina boscosa en <a href=\"https:\/\/praguetouristinformation.com\/es\/cosas-que-hacer\/lado-pequeno\" style=\"outline: none;\">la Ciudad Peque\u00f1a de Praga<\/a> con vistas como la Torre de Petrin, el observatorio y miradores.&nbsp;<\/p>\n<p>Con 318 metros, Petrin Hill, tambi\u00e9n conocida como Laurentius Hill, es la colina m\u00e1s alta de Praga. Est\u00e1 ubicado en el margen izquierdo del r\u00edo Vltava, al oeste del centro de la ciudad de Praga, y es m\u00e1s conocido por su panorama \u00fanico y sus amplias \u00e1reas verdes.<\/p>\n<p>Petrin, que ofrece numerosas atracciones y experiencias, es uno de los <a href=\"https:\/\/praguetouristinformation.com\/es\/cosas-que-hacer\" style=\"outline: none;\">principales lugares de inter\u00e9s de Praga<\/a> .<\/p>\n<p><span><img decoding=\"async\" alt=\"\u00bfQu\u00e9 puedo hacer en Petrin Hill?\" data-id=\"1644\" width=\"1000\" data-init-width=\"1000\" height=\"667\" data-init-height=\"667\" title=\"\u00bfQu\u00e9 puedo hacer en Petrin Hill?\" loading=\"lazy\" src=\"\/\/praguetouristinformation.com\/wp-content\/uploads\/2020\/11\/Was-kann-ich-auf-dem-Petrin-Huegel-machen.jpg\" data-width=\"1000\" data-height=\"667\" data-pin-media=\"https:\/\/praguetouristinformation.com\/es\/wp-content\/uploads\/2021\/01\/prag_petrin_huegel_pinterest.jpg\" data-pin-description=\"Petrin H\u00fcgel - Prague Tourist Information\" data-pin-url=\"https:\/\/praguetouristinformation.com\/es\/sehenswuerdigkeiten\/petrin?tve=true&amp;tcbf=a654d9bcc3\"><\/span><\/p>\n<h2>\u00bfQu\u00e9 puedo hacer en Petrin Hill?<\/h2>\n<p>La colina de Petrin, cerca <a href=\"https:\/\/praguetouristinformation.com\/es\/cosas-que-hacer\/castillo\" style=\"outline: none;\">del Castillo de Praga,<\/a> es un destino popular y puedes considerar las cosas m\u00e1s rom\u00e1nticas de Praga, especialmente en primavera. En el centro de la ciudad, con sus parques y jardines, ofrece un retiro id\u00edlico y es muy popular entre turistas y lugare\u00f1os.<\/p>\n<p>Adem\u00e1s de las \u00e1reas verdes, que consisten en Rose, Kinsk\u00fd, Strahov y Seminar Gardens, los visitantes pueden esperar una serie de vistas en la colina.<\/p>\n<h3>Atracciones:<\/h3>\n<ul>\n<li style=\"\"><span style=\"\"><a href=\"https:\/\/praguetouristinformation.com\/es\/cosas-que-hacer\/monte-petrino\/torre-de-observacion\" style=\"outline: none;\"><strong>Torre de observaci\u00f3n de Petrin:<\/strong><\/a> la cima de la colina la domina la torre de observaci\u00f3n de Petrin desde 63,5 metros sobre el nivel del mar. Su r\u00e9plica en un escalado reducido de la Torre Eiffel en Paris y el espejo m\u00e1s alto en<a href=\"https:\/\/praguetouristinformation.com\/es\/cosas-que-hacer\/puntos-de-vista\" style=\"outline: none;\"> Praga<\/a> . En la torre hay una plataforma de observaci\u00f3n a 51 metros, una cafeter\u00eda, una tienda de souvenirs y una peque\u00f1a exposici\u00f3n sobre la historia de la torre de observaci\u00f3n y la colina.<\/span><\/li>\n<li><span style=\"\"><strong>Observatorio:<\/strong> El Observatorio \u0160tef\u00e1nik de 1928 permite a sus visitantes mirar el cielo estrellado. El observatorio, que lleva el nombre del astr\u00f3nomo eslovaco Milan Rastislav \u0160tef\u00e1nik, tiene tres c\u00fapulas que albergan los principales telescopios que permiten a los visitantes mirar hacia el cielo estrellado. Tambi\u00e9n hay una exposici\u00f3n permanente sobre astronom\u00eda.<\/span><\/li>\n<li><span style=\"\"><strong>Funicular en la colina:<\/strong> Inaugurado en 1891, el funicular lleva a los visitantes por un recorrido de 510 metros hasta la colina de Petrin. El paseo en la cabina de cristal a una altura de 130 metros ya es una experiencia especial gracias al magn\u00edfico paisaje.<strong>&nbsp;<\/strong><\/span><\/li>\n<li><span style=\"\"><strong>Plataforma de observaci\u00f3n:<\/strong> adem\u00e1s de la <a href=\"https:\/\/www.google.com\/maps\/place\/Aussichtsturm+Pet%C5%99%C3%ADn\/@50.0835039,14.3949968,21z\/data=!4m22!1m16!4m15!1m6!1m2!1s0x470b94fd0d4bbd77:0x71df31ffc1afc191!2zQXVzc2ljaHRzdHVybSBQZXTFmcOtbiwgUGV0xZnDrW5za8OpIHNhZHksIEtsZWluc2VpdGUsIFRzY2hlY2hpZW4!2m2!1d14.3950837!2d50.083527!1m6!1m2!1s0x470b94fc529c8599:0x8996723c37d91026!2sObservation+Deck,+Pet%C5%99%C3%ADnsk%C3%A9+sady+242,+150+00+Praha+5-Sm%C3%ADchov,+Tschechien!2m2!1d14.4010521!2d50.0802155!3e3!3m4!1s0x470b94fd0d4bbd77:0x71df31ffc1afc191!8m2!3d50.083527!4d14.3950837\" target=\"_blank\" style=\"outline: none;\" rel=\"noopener\">plataforma de observaci\u00f3n en la Torre Petrin<\/a> , hay otra plataforma de <a href=\"https:\/\/www.google.com\/maps\/place\/Observation+Deck\/@50.0804922,14.3983428,16.5z\/data=!4m12!1m6!3m5!1s0x470b94fc529c8599:0x8996723c37d91026!2sObservation+Deck!8m2!3d50.0802155!4d14.4010521!3m4!1s0x470b94fc529c8599:0x8996723c37d91026!8m2!3d50.0802155!4d14.4010521\" target=\"_blank\" style=\"outline: none;\" rel=\"noopener\">observaci\u00f3n<\/a> en el sureste de la colina.<\/span><\/li>\n<li><span style=\"\"><strong>Monumento a las V\u00edctimas del Comunismo:<\/strong> Todav\u00eda al pie de la colina, no lejos de la estaci\u00f3n inferior del telef\u00e9rico de \u00dajezd, hay un Monumento a las V\u00edctimas del Comunismo. El grupo escult\u00f3rico de siete figuras de bronce que conmemoran a las v\u00edctimas de la era comunista en Checoslovaquia es la obra del escultor Olbram Zoubek.<\/span><\/li>\n<li><span style=\"\"><strong>Laberinto de espejos:<\/strong> a laberinto de espejos cerca de la torre de observaci\u00f3n ofrece diversi\u00f3n y entretemiento, especialmente para los ni\u00f1os. Es el favorito en Las Salidas familiares.<\/span><\/li>\n<li><span style=\"\"><strong>Muro del Hambre<\/strong> : En el borde del Jardin Kinsk\u00fd se encuentra el antiguo Muro del Hambre. Estuvo en una ciudad fortificada por el siglo XIV, construida durante una hambruna a instancias de Carlos IV.<\/span><\/li>\n<li><span style=\"\"><span style=\"font-weight: normal;\"><b>Iglesia de San Lorenzo<\/b><\/span> : La iglesia barroca data del siglo X y est\u00e1 dedicada a San Lorenzo.<\/span><\/li>\n<li><span><b>Iglesia de San Miguel Arc\u00e1ngel en el Monte Petrin<\/b> : this iglesia de madera del siglo XVIII es originaria de lo que ahora es Ucrania y solo se traslad\u00f3 a su ubicaci\u00f3n actual en 1929.<\/span><\/li>\n<\/ul>\n<p><span><img decoding=\"async\" alt=\"Entradas, entradas y visitas guiadas\" data-id=\"1646\" width=\"1000\" data-init-width=\"1000\" height=\"667\" data-init-height=\"667\" title=\"Entradas, entradas y visitas guiadas\" loading=\"lazy\" src=\"\/\/praguetouristinformation.com\/wp-content\/uploads\/2020\/11\/Eintritt-Tickets-und-Fuehrungen-4.jpg\" data-width=\"1000\" data-height=\"667\" data-pin-media=\"https:\/\/praguetouristinformation.com\/es\/wp-content\/uploads\/2021\/01\/prag_petrin_huegel_pinterest.jpg\" data-pin-description=\"Petrin H\u00fcgel - Prague Tourist Information\" data-pin-url=\"https:\/\/praguetouristinformation.com\/es\/sehenswuerdigkeiten\/petrin?tve=true&amp;tcbf=a654d9bcc3\"><\/span><\/p>\n<h2>Entradas, entradas y visitas guiadas<\/h2>\n<ul>\n<li style=\"\"><span style=\"\"><b>Entrada Torre de observaci\u00f3n:<\/b> Para visitar la torre de observaci\u00f3n, se requiere la compra de una entrada. Puede encontrar una descripci\u00f3n general de los precios de admisi\u00f3n actuales <a href=\"https:\/\/www.muzeumprahy.cz\/en\/visit\/\" target=\"_blank\" style=\"outline: none;\" rel=\"noopener\">aqu\u00ed<\/a> .<\/span><\/li>\n<li><span><b>Entrada al laberinto de los espejos:<\/b> Puedes visitar el laberinto de los espejos previa compra de una entrada individual o combinada. Los precios actuales se pueden encontrar <a href=\"https:\/\/www.muzeumprahy.cz\/en\/visit\/\" target=\"_blank\" style=\"outline: none;\" rel=\"noopener\">aqu\u00ed<\/a> .<b> <\/b><a href=\"http:\/\/en.muzeumprahy.cz\/opening-hours-and-admission\/\" target=\"_blank\" rel=\"noopener\"><\/a><\/span><\/li>\n<li><span><b>Boleto combinado:<\/b> tambi\u00e9n est\u00e1 disponible un boleto combinado que da acceso a la torre de observaci\u00f3n de Petrin y al laberinto de espejos.<\/span><\/li>\n<li><span><b>Entrada al observatorio:<\/b> Los precios de entrada actuales para el observatorio de \u0160tef\u00e1nik se pueden encontrar en el sitio <a href=\"https:\/\/www.planetum.cz\/stefanik_observatory\/\" target=\"_blank\" style=\"outline: none;\" rel=\"noopener\">web<\/a> oficial .<\/span><\/li>\n<li><span><b>Visitas guiadas :<\/b> Varios proveedores privados ofrecen visitas guiadas a trav\u00e9s de Petrin y sus lugares de inter\u00e9s.<\/span><\/li>\n<\/ul>\n<p><span><img decoding=\"async\" alt=\"como llego al cerro\" data-id=\"1648\" width=\"1000\" data-init-width=\"1000\" height=\"667\" data-init-height=\"667\" title=\"como llego al cerro\" loading=\"lazy\" src=\"\/\/praguetouristinformation.com\/wp-content\/uploads\/2020\/11\/Wie-komme-ich-auf-den-Huegel.jpg\" data-width=\"1000\" data-height=\"667\" style=\"\" data-pin-media=\"https:\/\/praguetouristinformation.com\/es\/wp-content\/uploads\/2021\/01\/prag_petrin_huegel_pinterest.jpg\" data-pin-description=\"Petrin H\u00fcgel - Prague Tourist Information\" data-pin-url=\"https:\/\/praguetouristinformation.com\/es\/sehenswuerdigkeiten\/petrin?tve=true&amp;tcbf=a654d9bcc3\"><\/span><\/p>\n<h2>\u00bfComo llego a la colina de Petrin?<\/h2>\n<p>Petrin Hill se encuentra en la Ciudad Peque\u00f1a de Praga. La forma m\u00e1s f\u00e1cil de llegar a Petrin Hill es en telef\u00e9rico. La principal manera de llegar a la estaci\u00f3n inferior del telef\u00e9rico \u201c\u00dajezd\u201d es tomar las l\u00edneas 9, 12, 15, 20 o 22 del tranv\u00eda. Cuando llegues a la cima de la colina, te encontrar\u00e1s en un parque. La torre de vigilancia de Petrin se encuentra a 240 metros al norte.<\/p>\n<p>Alternative amente, puede subir la colina a pie.<\/p>\n<p><b>Consejo:<\/b> si te bajas una estaci\u00f3n antes (\u00abNeboz\u00edzek\u00bb), puedes visitar el restaurante Neboz\u00edzek, que tambi\u00e9n ofrece una vista \u00fanica.<\/p>\n<h3>Telef\u00e9rico de Petr\u00edn<\/h3>\n<p>El telef\u00e9rico de Petrin de 1891 recorre la ruta \u00dajezd &#8211; Neboz\u00edzek &#8211; Pet\u0159\u00edn. Forma parte del sistema de <a href=\"https:\/\/praguetouristinformation.com\/es\/plan\/transporte-publico\" style=\"outline: none;\">transporte p\u00fablico<\/a> de Praga y pasa cada 15 minutos en los meses de Invierno y cada 10 minutos en los meses de Verano.&nbsp;<\/p>\n<p>El viaje dura unos 5 minutos y ofrece hermosas vistas de Praga.<\/p>\n<p><strong><span style=\"color: var(--tcb-skin-color-4);\">Billetes de telef\u00e9rico :<\/span><span style=\"color: var(ca1c1);\">&nbsp;<\/span><\/strong> Los billetes de telef\u00e9rico se pueden reservar con antelaci\u00f3n. Se recomienda reservar con antelaci\u00f3n los fines de semana, festivos y festivos.&nbsp;<\/p>\n<p><span><img decoding=\"async\" alt=\"historia\" data-id=\"1650\" width=\"1000\" data-init-width=\"1000\" height=\"667\" data-init-height=\"667\" title=\"historia\" loading=\"lazy\" src=\"\/\/praguetouristinformation.com\/wp-content\/uploads\/2020\/11\/Geschichte-2.jpg\" data-width=\"1000\" data-height=\"667\" data-pin-media=\"https:\/\/praguetouristinformation.com\/es\/wp-content\/uploads\/2021\/01\/prag_petrin_huegel_pinterest.jpg\" data-pin-description=\"Petrin H\u00fcgel - Prague Tourist Information\" data-pin-url=\"https:\/\/praguetouristinformation.com\/es\/sehenswuerdigkeiten\/petrin?tve=true&amp;tcbf=a654d9bcc3\"><\/span><\/p>\n<h2>Preguntas frecuentes (Preguntas frecuentes)<\/h2>\n<p><span><img decoding=\"async\" alt=\"\u00bfQu\u00e9 puedo hacer en el mirador de Petrin?\" data-id=\"1597\" width=\"1000\" data-init-width=\"1000\" height=\"667\" data-init-height=\"667\" title=\"\u00bfQu\u00e9 puedo hacer en el mirador de Petrin?\" loading=\"lazy\" src=\"https:\/\/praguetouristinformation.com\/es\/wp-content\/uploads\/2020\/11\/Was-kann-ich-im-Aussichtsturm-Petrin-machen.jpg\" data-width=\"1000\" data-height=\"667\" data-pin-media=\"https:\/\/praguetouristinformation.com\/es\/wp-content\/uploads\/2021\/01\/prag_petrin_huegel_pinterest.jpg\" data-pin-description=\"Petrin H\u00fcgel - Prague Tourist Information\" data-pin-url=\"https:\/\/praguetouristinformation.com\/es\/sehenswuerdigkeiten\/petrin?tve=true&amp;tcbf=a654d9bcc3\"><\/span><\/p>\n<h2>Historia de la Colina de Petrin<\/h2>\n<p>La primera menci\u00f3n escrita de Petrin Hill se remonta a 1108. En ese momento, la colina se llam\u00f3 Laurenziberg, derivada de la iglesia de San Laurentius del siglo X, que se encuentra en la colina. En ese momento el bosque estaba densamente arbolado.<\/p>\n<p>Solo a partir del siglo XVII, el nombre de Petrin, presumiblemente de la palabra latina petrus &#8211; roca, pasa a primer plano. Esta circunstancia se debe a que el cerro fue utilizado como cantera en su pasado temprano.<\/p>\n<p>Desde la Edad Media, parte de la colina densamente arbolada tuvo que dar paso a zonas de cultivo y viticultura; todav\u00eda hoy se pueden encontrar numerosos vi\u00f1edos en Petrin.<\/p>\n<p>Desde el siglo X, la colina tambi\u00e9n se sac\u00f3 como lugar de ejecuci\u00f3n. Esto tambi\u00e9n proviene de la primera menci\u00f3n escrita, cuando los \u00faltimos miembros de la familia gobernantes Vr\u0161ovci fueron ejecutados aqu\u00ed.<\/p>\n<p>A lo largo de los siglos, edificios como el Muro del Hambre (siglo XIV), la torre mirador de Petrin, el telef\u00e9rico y el laberinto de los espejos, built with motivo de la exposici\u00f3n industrial de 1891, el observatorio (1929) y la Iglesia de San Arc\u00e1ngel Miguel en la colina Pet\u0159\u00edn, que trasladada a la colina desde los Carpatos de Ucrania en 1929.<b> <\/b><\/p>\n<p>El Petrin todav\u00eda est\u00e1 muy arbolado hoy en d\u00eda y es un \u00e1rea de recreaci\u00f3n local popular para residentes y turistas de todo el mundo.<\/p>\n<p style=\"text-align: center;\">tambi\u00e9n interesante<\/p>\n<p><a href=\"https:\/\/praguetouristinformation.com\/es\/cosas-que-hacer\/para-los-ninos\" dynamic-postlink=\"tcb_post_the_permalink\" data-shortcode-id=\"256\"><\/a><\/p>\n<p style=\"text-align: center;\"><span data-attr-date-format=\"F j, Y\" data-attr-date-format-select=\"F j, Y\" data-attr-show-time=\"0\" data-attr-time-format=\"\" data-attr-time-format-select=\"g:i a\" data-attr-type=\"published\" data-extra_key=\"\" data-option-inline=\"1\" data-shortcode=\"tcb_post_published_date\" data-shortcode-name=\"Post date\">November 4, 2020 <\/span><\/p>\n<h3 style=\"text-align: center; padding-top: 0px !important; margin-top: 0px !important;\"><span data-attr-link=\"1\" data-attr-rel=\"0\" data-attr-target=\"0\" data-extra_key=\"\" data-option-inline=\"1\" data-shortcode=\"tcb_post_title\" data-shortcode-name=\"Post title\" data-attr-css=\"\" data-attr-static-link=\"{&quot;className&quot;:&quot;&quot;,&quot;href&quot;:&quot;https:\/\/praguetouristinformation.com\/es\/cosas-que-hacer\/para-los-ninos&quot;,&quot;title&quot;:&quot;15 mejores cosas que hacer en Praga para ni\u00f1os ((+ Entradas))&quot;,&quot;class&quot;:&quot;&quot;}\" style=\"\"><a href=\"https:\/\/praguetouristinformation.com\/es\/cosas-que-hacer\/para-los-ninos\" title=\"15 mejores cosas que hacer en Praga para ni\u00f1os [+ Entradas]\" data-css=\"\">15 mejores cosas que hacer en Praga para ni\u00f1os [+ Entradas]<\/a><\/span><\/h3>\n<p>\u00bfQu\u00e9 hacer en Praga con ni\u00f1os?Durante unas vacaciones <a href=\"https:\/\/praguetouristinformation.com\/es\/cosas-que-hacer\/para-los-ninos#more-256\">&#8230;<\/a><\/p>\n<p><a href=\"https:\/\/praguetouristinformation.com\/es\/cosas-que-hacer\/para-los-ninos\" style=\"\"><span style=\"\"><span style=\"\">situar leyendo<\/span><\/span><\/a><a href=\"https:\/\/praguetouristinformation.com\/es\/cosas-que-hacer\/atracciones\" dynamic-postlink=\"tcb_post_the_permalink\" data-shortcode-id=\"256\"><\/a><\/p>\n<p style=\"text-align: center;\"><span data-attr-date-format=\"F j, Y\" data-attr-date-format-select=\"F j, Y\" data-attr-show-time=\"0\" data-attr-time-format=\"\" data-attr-time-format-select=\"g:i a\" data-attr-type=\"published\" data-extra_key=\"\" data-option-inline=\"1\" data-shortcode=\"tcb_post_published_date\" data-shortcode-name=\"Post date\">October 26, 2020 <\/span><\/p>\n<h3 style=\"text-align: center; padding-top: 0px !important; margin-top: 0px !important;\"><span data-attr-link=\"1\" data-attr-rel=\"0\" data-attr-target=\"0\" data-extra_key=\"\" data-option-inline=\"1\" data-shortcode=\"tcb_post_title\" data-shortcode-name=\"Post title\" data-attr-css=\"\" data-attr-static-link=\"{&quot;className&quot;:&quot;&quot;,&quot;href&quot;:&quot;https:\/\/praguetouristinformation.com\/es\/cosas-que-hacer\/para-los-ninos&quot;,&quot;title&quot;:&quot;15 mejores cosas que hacer en Praga para ni\u00f1os ((+ Entradas))&quot;,&quot;class&quot;:&quot;&quot;}\" style=\"\"><a href=\"https:\/\/praguetouristinformation.com\/es\/cosas-que-hacer\/atracciones\" title=\"12 Mejores Atracciones en Praga [Con Mapa]\" data-css=\"\">12 Mejores Atracciones en Praga [Con Mapa]<\/a><\/span><\/h3>\n<p>\u00bfQu\u00e9 puedes hacer en Praga?Adem\u00e1s de las vistas <a href=\"https:\/\/praguetouristinformation.com\/es\/cosas-que-hacer\/atracciones#more-1090\">&#8230;<\/a><\/p>\n<p><a href=\"https:\/\/praguetouristinformation.com\/es\/cosas-que-hacer\/atracciones\" style=\"\"><span style=\"\"><span style=\"\">situar leyendo<\/span><\/span><\/a><a href=\"https:\/\/praguetouristinformation.com\/es\/cosas-que-hacer\/puntos-de-vista\" dynamic-postlink=\"tcb_post_the_permalink\" data-shortcode-id=\"256\"><\/a><\/p>\n<p style=\"text-align: center;\"><span data-attr-date-format=\"F j, Y\" data-attr-date-format-select=\"F j, Y\" data-attr-show-time=\"0\" data-attr-time-format=\"\" data-attr-time-format-select=\"g:i a\" data-attr-type=\"published\" data-extra_key=\"\" data-option-inline=\"1\" data-shortcode=\"tcb_post_published_date\" data-shortcode-name=\"Post date\">October 15, 2020 <\/span><\/p>\n<h3 style=\"text-align: center; padding-top: 0px !important; margin-top: 0px !important;\"><span data-attr-link=\"1\" data-attr-rel=\"0\" data-attr-target=\"0\" data-extra_key=\"\" data-option-inline=\"1\" data-shortcode=\"tcb_post_title\" data-shortcode-name=\"Post title\" data-attr-css=\"\" data-attr-static-link=\"{&quot;className&quot;:&quot;&quot;,&quot;href&quot;:&quot;https:\/\/praguetouristinformation.com\/es\/cosas-que-hacer\/para-los-ninos&quot;,&quot;title&quot;:&quot;15 mejores cosas que hacer en Praga para ni\u00f1os ((+ Entradas))&quot;,&quot;class&quot;:&quot;&quot;}\" style=\"\"><a href=\"https:\/\/praguetouristinformation.com\/es\/cosas-que-hacer\/puntos-de-vista\" title=\"12 mejores miradores en Praga [con mapa]\" data-css=\"\">12 mejores miradores en Praga [con mapa]<\/a><\/span><\/h3>\n<p>\u00bfQu\u00e9 miradores hay en Praga?Aqu\u00ed est\u00e1 nuestra respuesta <a href=\"https:\/\/praguetouristinformation.com\/es\/cosas-que-hacer\/puntos-de-vista#more-713\">&#8230;<\/a><\/p>\n<p><a href=\"https:\/\/praguetouristinformation.com\/es\/cosas-que-hacer\/puntos-de-vista\" style=\"\"><span style=\"\"><span style=\"\">situar leyendo<\/span><\/span><\/a><a href=\"https:\/\/praguetouristinformation.com\/es\/cosas-que-hacer\" dynamic-postlink=\"tcb_post_the_permalink\" data-shortcode-id=\"256\"><\/a><\/p>\n<p style=\"text-align: center;\"><span data-attr-date-format=\"F j, Y\" data-attr-date-format-select=\"F j, Y\" data-attr-show-time=\"0\" data-attr-time-format=\"\" data-attr-time-format-select=\"g:i a\" data-attr-type=\"published\" data-extra_key=\"\" data-option-inline=\"1\" data-shortcode=\"tcb_post_published_date\" data-shortcode-name=\"Post date\">October 9, 2020 <\/span><\/p>\n<h3 style=\"text-align: center; padding-top: 0px !important; margin-top: 0px !important;\"><span data-attr-link=\"1\" data-attr-rel=\"0\" data-attr-target=\"0\" data-extra_key=\"\" data-option-inline=\"1\" data-shortcode=\"tcb_post_title\" data-shortcode-name=\"Post title\" data-attr-css=\"\" data-attr-static-link=\"{&quot;className&quot;:&quot;&quot;,&quot;href&quot;:&quot;https:\/\/praguetouristinformation.com\/es\/cosas-que-hacer\/para-los-ninos&quot;,&quot;title&quot;:&quot;15 mejores cosas que hacer en Praga para ni\u00f1os ((+ Entradas))&quot;,&quot;class&quot;:&quot;&quot;}\" style=\"\"><a href=\"https:\/\/praguetouristinformation.com\/es\/cosas-que-hacer\" title=\"50 mejores cosas para hacer en Praga [+ Entradas]\" data-css=\"\">50 mejores cosas para hacer en Praga [+ Entradas]<\/a><\/span><\/h3>\n<p>\u00bfCu\u00e1les son las principales atracciones de Praga?La \u00abciudad <a href=\"https:\/\/praguetouristinformation.com\/es\/cosas-que-hacer#more-247\">&#8230;<\/a><\/p>\n<p><a href=\"https:\/\/praguetouristinformation.com\/es\/cosas-que-hacer\" style=\"\"><span style=\"\"><span style=\"\">situar leyendo<\/span><\/span><\/a><a href=\"https:\/\/praguetouristinformation.com\/es\/cosas-que-hacer\/en-la-lluvia\" dynamic-postlink=\"tcb_post_the_permalink\" data-shortcode-id=\"256\"><\/a><\/p>\n<p style=\"text-align: center;\"><span data-attr-date-format=\"F j, Y\" data-attr-date-format-select=\"F j, Y\" data-attr-show-time=\"0\" data-attr-time-format=\"\" data-attr-time-format-select=\"g:i a\" data-attr-type=\"published\" data-extra_key=\"\" data-option-inline=\"1\" data-shortcode=\"tcb_post_published_date\" data-shortcode-name=\"Post date\">August 27, 2020 <\/span><\/p>\n<h3 style=\"text-align: center; padding-top: 0px !important; margin-top: 0px !important;\"><span data-attr-link=\"1\" data-attr-rel=\"0\" data-attr-target=\"0\" data-extra_key=\"\" data-option-inline=\"1\" data-shortcode=\"tcb_post_title\" data-shortcode-name=\"Post title\" data-attr-css=\"\" data-attr-static-link=\"{&quot;className&quot;:&quot;&quot;,&quot;href&quot;:&quot;https:\/\/praguetouristinformation.com\/es\/cosas-que-hacer\/para-los-ninos&quot;,&quot;title&quot;:&quot;15 mejores cosas que hacer en Praga para ni\u00f1os ((+ Entradas))&quot;,&quot;class&quot;:&quot;&quot;}\" style=\"\"><a href=\"https:\/\/praguetouristinformation.com\/es\/cosas-que-hacer\/en-la-lluvia\" title=\"Praga bajo la lluvia: 20 actividades para el mal tiempo [+ Entradas]\" data-css=\"\">Praga bajo la lluvia: 20 actividades para el mal tiempo [+ Entradas]<\/a><\/span><\/h3>\n<p>\u00bfQu\u00e9 hacer en Praga cuando llueve?Para que no <a href=\"https:\/\/praguetouristinformation.com\/es\/cosas-que-hacer\/en-la-lluvia#more-249\">&#8230;<\/a><\/p>\n<p><a href=\"https:\/\/praguetouristinformation.com\/es\/cosas-que-hacer\/en-la-lluvia\" style=\"\"><span style=\"\"><span style=\"\">situar leyendo<\/span><\/span><\/a><a href=\"https:\/\/praguetouristinformation.com\/es\/cosas-que-hacer\/museos\" dynamic-postlink=\"tcb_post_the_permalink\" data-shortcode-id=\"256\"><\/a><\/p>\n<p style=\"text-align: center;\"><span data-attr-date-format=\"F j, Y\" data-attr-date-format-select=\"F j, Y\" data-attr-show-time=\"0\" data-attr-time-format=\"\" data-attr-time-format-select=\"g:i a\" data-attr-type=\"published\" data-extra_key=\"\" data-option-inline=\"1\" data-shortcode=\"tcb_post_published_date\" data-shortcode-name=\"Post date\">August 21, 2020 <\/span><\/p>\n<h3 style=\"text-align: center; padding-top: 0px !important; margin-top: 0px !important;\"><span data-attr-link=\"1\" data-attr-rel=\"0\" data-attr-target=\"0\" data-extra_key=\"\" data-option-inline=\"1\" data-shortcode=\"tcb_post_title\" data-shortcode-name=\"Post title\" data-attr-css=\"\" data-attr-static-link=\"{&quot;className&quot;:&quot;&quot;,&quot;href&quot;:&quot;https:\/\/praguetouristinformation.com\/es\/cosas-que-hacer\/para-los-ninos&quot;,&quot;title&quot;:&quot;15 mejores cosas que hacer en Praga para ni\u00f1os ((+ Entradas))&quot;,&quot;class&quot;:&quot;&quot;}\" style=\"\"><a href=\"https:\/\/praguetouristinformation.com\/es\/cosas-que-hacer\/museos\" title=\"Los 20 mejores museos de Praga [con entradas]\" data-css=\"\">Los 20 mejores museos de Praga [con entradas]<\/a><\/span><\/h3>\n<p>La encantadora Praga est\u00e1 salpicada de interesantes museos <a href=\"https:\/\/praguetouristinformation.com\/es\/cosas-que-hacer\/museos#more-137\">&#8230;<\/a><\/p>\n<p><a href=\"https:\/\/praguetouristinformation.com\/es\/cosas-que-hacer\/museos\" style=\"\"><span style=\"\"><span style=\"\">situar leyendo<\/span><\/span><\/a><\/p>\n","protected":false},"excerpt":{"rendered":"<p>monte petrino Petrin es una colina boscosa en la Ciudad Peque\u00f1a de Praga con vistas como la Torre de Petrin, el observatorio y miradores.&nbsp; Con 318 metros, Petrin Hill, tambi\u00e9n conocida como Laurentius Hill, es la colina m\u00e1s alta de Praga. Est\u00e1 ubicado en el margen izquierdo del r\u00edo Vltava, al oeste del centro de [&hellip;]<\/p>\n","protected":false},"author":6,"featured_media":1642,"parent":247,"menu_order":0,"comment_status":"open","ping_status":"closed","template":"","meta":{"footnotes":""},"categories":[],"tags":[19],"class_list":["post-838","page","type-page","status-publish","has-post-thumbnail","hentry","tag-sehenswuerdigkeiten","post-wrapper","thrv_wrapper"],"_links":{"self":[{"href":"https:\/\/praguetouristinformation.com\/es\/wp-json\/wp\/v2\/pages\/838","targetHints":{"allow":["GET"]}}],"collection":[{"href":"https:\/\/praguetouristinformation.com\/es\/wp-json\/wp\/v2\/pages"}],"about":[{"href":"https:\/\/praguetouristinformation.com\/es\/wp-json\/wp\/v2\/types\/page"}],"author":[{"embeddable":true,"href":"https:\/\/praguetouristinformation.com\/es\/wp-json\/wp\/v2\/users\/6"}],"replies":[{"embeddable":true,"href":"https:\/\/praguetouristinformation.com\/es\/wp-json\/wp\/v2\/comments?post=838"}],"version-history":[{"count":6,"href":"https:\/\/praguetouristinformation.com\/es\/wp-json\/wp\/v2\/pages\/838\/revisions"}],"predecessor-version":[{"id":4779,"href":"https:\/\/praguetouristinformation.com\/es\/wp-json\/wp\/v2\/pages\/838\/revisions\/4779"}],"up":[{"embeddable":true,"href":"https:\/\/praguetouristinformation.com\/es\/wp-json\/wp\/v2\/pages\/247"}],"wp:featuredmedia":[{"embeddable":true,"href":"https:\/\/praguetouristinformation.com\/es\/wp-json\/wp\/v2\/media\/1642"}],"wp:attachment":[{"href":"https:\/\/praguetouristinformation.com\/es\/wp-json\/wp\/v2\/media?parent=838"}],"wp:term":[{"taxonomy":"category","embeddable":true,"href":"https:\/\/praguetouristinformation.com\/es\/wp-json\/wp\/v2\/categories?post=838"},{"taxonomy":"post_tag","embeddable":true,"href":"https:\/\/praguetouristinformation.com\/es\/wp-json\/wp\/v2\/tags?post=838"}],"curies":[{"name":"wp","href":"https:\/\/api.w.org\/{rel}","templated":true}]}}