{"id":836,"date":"2020-10-19T11:55:07","date_gmt":"2020-10-19T11:55:07","guid":{"rendered":"https:\/\/praguetouristinformation.com\/es\/?page_id=836"},"modified":"2023-05-03T09:03:45","modified_gmt":"2023-05-03T09:03:45","slug":"torre-de-observacion","status":"publish","type":"page","link":"https:\/\/praguetouristinformation.com\/es\/cosas-que-hacer\/monte-petrino\/torre-de-observacion","title":{"rendered":"Gu\u00eda de la torre de observaci\u00f3n de Petrin: C\u00f3mo llegar, lugares de inter\u00e9s y entradas"},"content":{"rendered":"<h3 id=\"t-1670488685278\">La torre de observaci\u00f3n Petrin de 63,5 metros de altura es uno de los miradores m\u00e1s bellos de Praga<a data-id=\"713\" data-type=\"page\" href=\"https:\/\/praguetouristinformation.com\/es\/sehenswuerdigkeiten\/aussichtspunkte\" style=\"outline: none;\"><\/a>.<\/h3>\n<p>Est\u00e1 ubicado en la colina del mismo nombre y est\u00e1 inspirado en la Torre Eiffel de Par\u00eds.&nbsp;<\/p>\n<p>En esta gu\u00eda completa de la torre de observaci\u00f3n de Petrin, aprender\u00e1 todo sobre los lugares de inter\u00e9s, la historia, informaci\u00f3n \u00fatil sobre c\u00f3mo llegar y las entradas.<\/p>\n<h2 id=\"t-1670488685279\">\u00bfQu\u00e9 puedo hacer en el mirador de Petrin?<\/h2>\n<p><span><img decoding=\"async\" alt=\"\u00bfQu\u00e9 puedo hacer en el mirador de Petrin?\" data-id=\"1597\" width=\"702\" data-init-width=\"1000\" height=\"468\" data-init-height=\"667\" title=\"\u00bfQu\u00e9 puedo hacer en el mirador de Petrin?\" loading=\"lazy\" src=\"https:\/\/praguetouristinformation.com\/es\/wp-content\/uploads\/2020\/11\/Was-kann-ich-im-Aussichtsturm-Petrin-machen.jpg\" data-width=\"702\" data-height=\"468\" data-pin-media=\"https:\/\/praguetouristinformation.com\/es\/wp-content\/uploads\/2021\/02\/28-1.jpg\" data-pin-description=\"Aussichtsturm Petrin: Anfahrt, Attraktionen &amp; Tickets - 2022\" data-pin-url=\"https:\/\/praguetouristinformation.com\/es\/cosas-que-hacer\/monte-petrino\/torre-de-observacion?tve=true&amp;tcbf=5a48c4570a\" data-pinpro-key=\"17sbgiljd\"><\/span><\/p>\n<p>Como el <a data-id=\"713\" data-type=\"page\" href=\"https:\/\/praguetouristinformation.com\/es\/cosas-que-hacer\/puntos-de-vista\" style=\"outline: none;\">mirador m\u00e1s alto de Praga<\/a> , la torre de observaci\u00f3n de Petrin ofrece un panorama magn\u00edfico. Se eleva sobre uno <a data-id=\"727\" data-type=\"page\" href=\"https:\/\/praguetouristinformation.com\/es\/cosas-que-hacer\/parques\" style=\"outline: none;\">de los parques m\u00e1s hermosos de Praga<\/a> , perfecto para picnics cuando hace buen tiempo, en la cima de la <strong>colina Petrin<\/strong> de 318 metros .<\/p>\n<p>Despu\u00e9s de 299 escalones o un corto viaje en ascensor, los visitantes pueden llegar a la parte superior de las dos <strong>plataformas de observaci\u00f3n<\/strong> , que tiene 51 metros de altura. Desde aqu\u00ed puede disfrutar de una vista panor\u00e1mica de la capital checa, el r\u00edo Vltava y, en un d\u00eda despejado, el paisaje adyacente de Bohemia Central.<\/p>\n<p>En la <strong>planta baja<\/strong> de la estructura de acero hay una peque\u00f1a tienda de souvenirs con recuerdos t\u00edpicos de <a data-id=\"326\" data-type=\"page\" href=\"https:\/\/praguetouristinformation.com\/es\/compras\/recuerdos\" style=\"outline: none;\">Praga<\/a> y una exposici\u00f3n sobre el pasado de la torre de vigilancia y la colina.<\/p>\n<p>Adem\u00e1s, los visitantes pueden relajarse en la <strong>cafeter\u00eda<\/strong> en la parte inferior de la torre de observaci\u00f3n con caf\u00e9 y pastel.<\/p>\n<h2 id=\"t-1670488685280\" data-alt-text=\"Eintritt, Tickets und F\u00fchrungen\">Entrada, entradas y visitas guiadas al mirador de Petrin<\/h2>\n<p><span><img decoding=\"async\" alt=\"Entradas, entradas y visitas guiadas\" data-id=\"1598\" width=\"702\" data-init-width=\"1000\" height=\"468\" data-init-height=\"667\" title=\"Entrada, entradas y visitas guiadas al mirador de Petrin\" loading=\"lazy\" src=\"https:\/\/praguetouristinformation.com\/es\/wp-content\/uploads\/2020\/11\/Eintritt-Tickets-und-Fuehrungen-3.jpg\" data-width=\"702\" data-height=\"468\" data-pin-media=\"https:\/\/praguetouristinformation.com\/es\/wp-content\/uploads\/2021\/02\/28-1.jpg\" data-pin-description=\"Aussichtsturm Petrin: Anfahrt, Attraktionen &amp; Tickets - 2022\" data-pin-url=\"https:\/\/praguetouristinformation.com\/es\/cosas-que-hacer\/monte-petrino\/torre-de-observacion?tve=true&amp;tcbf=5a48c4570a\" data-pinpro-key=\"doroxgfg1\"><\/span><\/p>\n<ul>\n<li><strong>Admisi\u00f3n:&nbsp;<\/strong> Puede encontrar una descripci\u00f3n general de los precios de admisi\u00f3n actuales <a href=\"https:\/\/www.muzeumprahy.cz\/en\/\" target=\"_blank\" style=\"outline: none;\" rel=\"noopener\">aqu\u00ed<\/a> .<\/li>\n<\/ul>\n<ul>\n<li><strong>Entrada combinada:<\/strong> Tambi\u00e9n est\u00e1 disponible una entrada combinada que da acceso a la torre de observaci\u00f3n de Petrin y al laberinto de espejos.<\/li>\n<\/ul>\n<ul>\n<li><strong>Boleto del elevador:<\/strong> hay un cargo adicional para usar el elevador hasta la plataforma de observaci\u00f3n.<\/li>\n<\/ul>\n<h2 id=\"t-1670488685281\">\u00bfC\u00f3mo llego al mirador de Petrin?<\/h2>\n<p><span><img decoding=\"async\" alt=\"C\u00f3mo llegar al mirador de Petrin\" data-id=\"1599\" width=\"702\" data-init-width=\"1000\" height=\"468\" data-init-height=\"667\" title=\"C\u00f3mo llegar al mirador de Petrin\" loading=\"lazy\" src=\"https:\/\/praguetouristinformation.com\/es\/wp-content\/uploads\/2020\/11\/Wie-komme-ich-zum-Aussichtsturm-Petrin.jpg\" data-width=\"702\" data-height=\"468\" data-pin-media=\"https:\/\/praguetouristinformation.com\/es\/wp-content\/uploads\/2021\/02\/28-1.jpg\" data-pin-description=\"Aussichtsturm Petrin: Anfahrt, Attraktionen &amp; Tickets - 2022\" data-pin-url=\"https:\/\/praguetouristinformation.com\/es\/cosas-que-hacer\/monte-petrino\/torre-de-observacion?tve=true&amp;tcbf=5a48c4570a\" data-pinpro-key=\"7jm6i1hj4\"><\/span><\/p>\n<p>La torre de vigilancia se encuentra en la <a data-id=\"838\" data-type=\"page\" href=\"https:\/\/praguetouristinformation.com\/es\/cosas-que-hacer\/monte-petrino\/torre-de-observacion\" style=\"outline: none;\">colina de Petrin,<\/a> en el distrito de Lesser Town de Praga. La forma m\u00e1s f\u00e1cil de llegar a la cima de la colina es en funicular.<\/p>\n<p>Para llegar al telef\u00e9rico, toma la l\u00ednea 12, 20 o 22 del tranv\u00eda y b\u00e1jate en la estaci\u00f3n \u201c\u00dajezd\u201d. Despu\u00e9s de un corto viaje en telef\u00e9rico a la estaci\u00f3n \u00abPet\u0159\u00edn\u00bb, se encuentra en la colina de Petrin.<\/p>\n<ul>\n<li><strong>Consejo:<\/strong> si te bajas una estaci\u00f3n antes, puedes visitar el restaurante Neboz\u00edzek, que tambi\u00e9n ofrece una vista \u00fanica.<\/li>\n<\/ul>\n<p>Alternativamente, puede subir la colina a pie.<\/p>\n<h2 id=\"t-1670488685282\" data-alt-text=\"Geschichte \">Historia de la torre de vigilancia de Petrin<\/h2>\n<p><span><img decoding=\"async\" alt=\"Historia de la torre de vigilancia de Petrin\" data-id=\"1600\" width=\"702\" data-init-width=\"1000\" height=\"468\" data-init-height=\"667\" title=\"Historia de la torre de vigilancia de Petrin\" loading=\"lazy\" src=\"https:\/\/praguetouristinformation.com\/es\/wp-content\/uploads\/2020\/11\/Geschichte-des-Aussichtsturms-Petrin.jpg\" data-width=\"702\" data-height=\"468\" data-pin-media=\"https:\/\/praguetouristinformation.com\/es\/wp-content\/uploads\/2021\/02\/28-1.jpg\" data-pin-description=\"Aussichtsturm Petrin: Anfahrt, Attraktionen &amp; Tickets - 2022\" data-pin-url=\"https:\/\/praguetouristinformation.com\/es\/cosas-que-hacer\/monte-petrino\/torre-de-observacion?tve=true&amp;tcbf=5a48c4570a\" data-pinpro-key=\"nvchj2d17\"><\/span><\/p>\n<p>La historia de la torre de observaci\u00f3n de Petrin se remonta a 1891. Fue construido por los ingenieros Julius Soucek y Frantiek Pr\u00e1il para la Exposici\u00f3n Industrial de 1891.<\/p>\n<p>El hecho de que la torre se parezca a la Torre Eiffel de Par\u00eds se debe a que los miembros del Club Tur\u00edstico Checo, que visitaron la Exposici\u00f3n Universal de Par\u00eds en 1889, quedaron tan encantados con la Torre Eiffel que decidieron construir una estructura similar. A diferencia de la Torre Eiffel, el Petrin de 175 toneladas no tiene una secci\u00f3n cuadrada sino octogonal.<\/p>\n<p>Despu\u00e9s de solo cinco meses de construcci\u00f3n, la torre de observaci\u00f3n se inaugur\u00f3 oficialmente el 20 de agosto de 1891. El 1 de mayo de 1953 se instal\u00f3 una antena de televisi\u00f3n en la torre de vigilancia, raz\u00f3n por la cual sirvi\u00f3 como torre de televisi\u00f3n desde 1953 hasta 1992.<\/p>\n<p>En 1980 la torre se cerr\u00f3 al p\u00fablico debido al peligroso estado de la escalera de caracol y el tubo. Solo en 1991, despu\u00e9s de un extenso trabajo de reparaci\u00f3n, se pudo reabrir la torre de vigilancia. Desde entonces ha sido uno de los <a data-id=\"247\" data-type=\"page\" href=\"https:\/\/praguetouristinformation.com\/es\/cosas-que-hacer\" style=\"outline: none;\">lugares m\u00e1s populares de Praga<\/a> .<\/p>\n<h2 id=\"t-1670488685283\">Contacto<\/h2>\n<ul>\n<li><strong>Direcci\u00f3n:<\/strong> Pet\u0159\u00ednsk\u00e9 sady, 118 00 Praha 1 &#8211; Mal\u00e1 Strana<\/li>\n<li><strong>Transporte p\u00fablico:<\/strong> en tranv\u00eda 12, 20, 22 hasta la estaci\u00f3n \u00ab\u00dajezd\u00bb, luego en telef\u00e9rico hasta \u00abPet\u0159\u00edn\u00bb<\/li>\n<li><strong>Horario<\/strong> de apertura : Puede encontrar los horarios de apertura actuales en el <a href=\"https:\/\/www.muzeumprahy.cz\/en\/visit\/\" target=\"_blank\" style=\"outline: none;\" rel=\"noopener\">sitio web<\/a> de la torre .<strong><\/strong><\/li>\n<li><strong>Sitio web: <\/strong>&nbsp;<a data-id=\"http:\/\/en.muzeumprahy.cz\/198-the-petrin-observation-tower\/\" data-type=\"URL\" href=\"https:\/\/www.muzeumprahy.cz\/en\/visit\/\" target=\"_blank\" style=\"outline: none;\" rel=\"noopener\">www.muzeumprahy.cz<\/a><a data-id=\"http:\/\/en.muzeumprahy.cz\/198-the-petrin-observation-tower\/\" data-type=\"URL\" href=\"http:\/\/en.muzeumprahy.cz\/198-the-petrin-observation-tower\/\" target=\"_blank\" style=\"outline: none;\" rel=\"noopener\"><\/a><\/li>\n<\/ul>\n","protected":false},"excerpt":{"rendered":"<p>La torre de observaci\u00f3n Petrin de 63,5 metros de altura es uno de los miradores m\u00e1s bellos de Praga. Est\u00e1 ubicado en la colina del mismo nombre y est\u00e1 inspirado en la Torre Eiffel de Par\u00eds.&nbsp; En esta gu\u00eda completa de la torre de observaci\u00f3n de Petrin, aprender\u00e1 todo sobre los lugares de inter\u00e9s, la [&hellip;]<\/p>\n","protected":false},"author":6,"featured_media":1595,"parent":838,"menu_order":0,"comment_status":"open","ping_status":"closed","template":"","meta":{"footnotes":""},"categories":[],"tags":[19],"class_list":["post-836","page","type-page","status-publish","has-post-thumbnail","hentry","tag-sehenswuerdigkeiten","post-wrapper","thrv_wrapper"],"_links":{"self":[{"href":"https:\/\/praguetouristinformation.com\/es\/wp-json\/wp\/v2\/pages\/836","targetHints":{"allow":["GET"]}}],"collection":[{"href":"https:\/\/praguetouristinformation.com\/es\/wp-json\/wp\/v2\/pages"}],"about":[{"href":"https:\/\/praguetouristinformation.com\/es\/wp-json\/wp\/v2\/types\/page"}],"author":[{"embeddable":true,"href":"https:\/\/praguetouristinformation.com\/es\/wp-json\/wp\/v2\/users\/6"}],"replies":[{"embeddable":true,"href":"https:\/\/praguetouristinformation.com\/es\/wp-json\/wp\/v2\/comments?post=836"}],"version-history":[{"count":7,"href":"https:\/\/praguetouristinformation.com\/es\/wp-json\/wp\/v2\/pages\/836\/revisions"}],"predecessor-version":[{"id":4780,"href":"https:\/\/praguetouristinformation.com\/es\/wp-json\/wp\/v2\/pages\/836\/revisions\/4780"}],"up":[{"embeddable":true,"href":"https:\/\/praguetouristinformation.com\/es\/wp-json\/wp\/v2\/pages\/838"}],"wp:featuredmedia":[{"embeddable":true,"href":"https:\/\/praguetouristinformation.com\/es\/wp-json\/wp\/v2\/media\/1595"}],"wp:attachment":[{"href":"https:\/\/praguetouristinformation.com\/es\/wp-json\/wp\/v2\/media?parent=836"}],"wp:term":[{"taxonomy":"category","embeddable":true,"href":"https:\/\/praguetouristinformation.com\/es\/wp-json\/wp\/v2\/categories?post=836"},{"taxonomy":"post_tag","embeddable":true,"href":"https:\/\/praguetouristinformation.com\/es\/wp-json\/wp\/v2\/tags?post=836"}],"curies":[{"name":"wp","href":"https:\/\/api.w.org\/{rel}","templated":true}]}}