{"id":834,"date":"2020-10-19T11:54:27","date_gmt":"2020-10-19T11:54:27","guid":{"rendered":"https:\/\/praguetouristinformation.com\/es\/?page_id=834"},"modified":"2023-05-03T12:13:44","modified_gmt":"2023-05-03T12:13:44","slug":"alquimista-mago","status":"publish","type":"page","link":"https:\/\/praguetouristinformation.com\/es\/cosas-que-hacer\/museos\/alquimista-mago","title":{"rendered":"Gu\u00eda del Museo de Alquimistas y Magos de la Vieja Praga: Exposici\u00f3n, entradas, historia"},"content":{"rendered":"<p><a data-id=\"137\" data-type=\"page\" href=\"https:\/\/praguetouristinformation.com\/es\/cosas-que-hacer\/museos\" style=\"outline: none;\">Uno de los museos<\/a> excepcionales de Praga es el Museo de Alquimistas y Magos de la Vieja Praga.<\/p>\n<p>Ofrece a los visitantes una visi\u00f3n del mundo de la alquimia y la magia, con especial atenci\u00f3n a la era m\u00e1s famosa de los alquimistas, el reinado de Rodolfo II.<\/p>\n<p>En esta gu\u00eda completa, aprender\u00e1 todo sobre la exposici\u00f3n, la historia e informaci\u00f3n \u00fatil sobre c\u00f3mo llegar, boletos y recorridos.<\/p>\n<h2 id=\"t-1670398985848\"><strong>\u00bfQu\u00e9 puedo hacer en el <\/strong><strong>Museo de Alquimistas y Magos de la Vieja Praga <\/strong><strong>?<\/strong><\/h2>\n<p>El Museo de Alquimistas y Magos de la Vieja Praga se encuentra en la Casa del Burro, la antigua casa del alquimista de la corte imperial y fabricante de elixires milagrosos, Edward Kelley. Los visitantes pueden llegar al fondo del secreto de la alquimia en el antiguo laboratorio del famoso alquimista.<\/p>\n<p>El museo es tambi\u00e9n una <a data-id=\"256\" data-type=\"page\" href=\"https:\/\/praguetouristinformation.com\/es\/cosas-que-hacer\" style=\"outline: none;\">atracci\u00f3n popular de Praga para los ni\u00f1os.<\/a><\/p>\n<h3 id=\"t-1670398985849\">exhibici\u00f3n&nbsp;<\/h3>\n<p><strong>El museo se puede dividir en las siguientes tres partes:<\/strong><\/p>\n<ul>\n<li><strong>Planta baja:<\/strong> la informaci\u00f3n sobre la alquimia y las personalidades asociadas con la alquimia se muestra en la planta baja. Numerosos objetos interactivos complementan la exposici\u00f3n. Lo m\u00e1s destacado en la planta baja es la c\u00e1mara del Doctor Faust.<\/li>\n<li><strong>\u00c1tico:<\/strong> se puede llegar al \u00e1tico despu\u00e9s de 60 escalones de una antigua escalera de caracol, que se dice que Edward Kelley describi\u00f3 como la espiral de la vida. En la parte superior se encuentra el antiguo taller de alquimistas de la corte, donde Kelley practic\u00f3 la alquimia durante tres a\u00f1os. El laboratorio tambi\u00e9n serv\u00eda de almac\u00e9n, biblioteca y sala de espera. Descubra aqu\u00ed las condiciones en las que se llevaron a cabo los experimentos y se elaboraron los elixires. La exposici\u00f3n interactiva de calderos alqu\u00edmicos muestra varios procesos alqu\u00edmicos, incluida la creaci\u00f3n de un hom\u00fanculo.<\/li>\n<li><a href=\"https:\/\/www.kellyxir.cz\/\" target=\"_blank\" style=\"outline: none;\" rel=\"noopener\">Kellyx\u00edr <\/a><strong>:<\/strong> El Kellyx\u00edr es un bar de vinos alqu\u00edmico. En el ambiente m\u00edstico del bar, los visitantes pueden quedarse con un vino, una cerveza o un caf\u00e9 y revisar las impresiones que han recopilado.<\/li>\n<\/ul>\n<h2 id=\"t-1670398985850\" data-alt-text=\"Eintritt, Tickets und F\u00fchrungen \"><strong>Entrada, entradas y visitas guiadas al Museo de Alquimistas y Magos de la Vieja Praga<\/strong><\/h2>\n<ul>\n<li><strong>Entradas:&nbsp;<\/strong> Los precios actuales de las entradas se pueden encontrar en el <a href=\"https:\/\/mysteriapragensia.cz\/en\/muzeum-alchymistu-en\/\" target=\"_blank\" style=\"outline: none;\" rel=\"noopener\">sitio web<\/a> del museo .<\/li>\n<li><strong>Entrada familiar:&nbsp;<\/strong> el museo ofrece una entrada familiar con descuento que ofrece entrada para dos adultos y dos ni\u00f1os.<\/li>\n<li><strong>Billete combinado:&nbsp;<\/strong> Tambi\u00e9n hay disponibles dos billetes combinados diferentes. Los detalles se pueden encontrar <a href=\"https:\/\/mysteriapragensia.cz\/en\/muzeum-alchymistu-en\/\" target=\"_blank\" style=\"outline: none;\" rel=\"noopener\">aqu\u00ed<\/a> .<\/li>\n<li><strong>Visita guiada:&nbsp;<\/strong> Un gu\u00eda gu\u00eda a los visitantes por el \u00faltimo piso de la exposici\u00f3n con explicaciones. Esto est\u00e1 incluido en el precio del boleto.<\/li>\n<\/ul>\n<h2 id=\"t-1670398985851\"><strong>\u00bfC\u00f3mo llegar al <\/strong><strong>Museo de Alquimistas y Magos de la Vieja Praga?<\/strong><\/h2>\n<p>El Museo de Alquimistas y Magos en el <a data-id=\"740\" data-type=\"page\" href=\"https:\/\/praguetouristinformation.com\/es\/cosas-que-hacer\/lado-pequeno\" style=\"outline: none;\">Barrio Peque\u00f1o<\/a> se encuentra en la Casa del Burro, cerca del Castillo de Praga. La mejor manera de llegar desde el casco antiguo es con el autob\u00fas n\u00famero 194, que te lleva a la estaci\u00f3n de \u0160porkova. El museo est\u00e1 a 2 minutos a pie.<\/p>\n<h2 id=\"t-1670398985852\" data-alt-text=\"Geschichte \"><strong>Museo de Historia de Alquimistas y Magos de la Vieja Praga<\/strong><\/h2>\n<p>El hecho de que Praga est\u00e9 estrechamente asociada con la alquimia y la magia e incluso se diga que es el hogar de la \u00abPuerta al Infierno\u00bb se debe al hecho de que el emperador Rodolfo II ten\u00eda una pasi\u00f3n especial por la alquimia y las artes ocultas.<\/p>\n<p>Por esta raz\u00f3n, el emperador emple\u00f3 en su corte a numerosos alquimistas y cient\u00edficos. Uno de los m\u00e1s famosos entre ellos fue el ingl\u00e9s Edward Kelley, quien, por recomendaci\u00f3n de Wilhelm von Rosenberg, se mud\u00f3 a la corte de Rodolfo II en Praga a fines del siglo XVI.<\/p>\n<p>Aqu\u00ed vivi\u00f3 en la Casa del Burro no lejos del <a data-id=\"738\" data-type=\"page\" href=\"https:\/\/praguetouristinformation.com\/es\/cosas-que-hacer\/castillo\" style=\"outline: none;\">Castillo de Praga<\/a> y al mismo tiempo la us\u00f3 como laboratorio para producir oro artificialmente en nombre del Emperador, lo que nunca logr\u00f3 hacer.<\/p>\n<p>Hoy, el antiguo taller de alquimia de Kelley sirve como museo y ofrece una visi\u00f3n de la edad de oro de la alquimia.<\/p>\n<h2 id=\"t-1670398985853\"><strong>Contacto<\/strong><\/h2>\n<ul>\n<li><strong>Direcci\u00f3n:&nbsp;<\/strong> Muzeum alchymist\u016f a m\u00e1g\u016f star\u00e9 Prahy, J\u00e1nsk\u00fd vr\u0161ek 8, 118 00 Praha 1 &#8211; Mal\u00e1 Strana<\/li>\n<li><strong style=\"color: var(--tcb-skin-color-4);\">Transporte p\u00fablico: <\/strong><span style=\"color: var(--tcb-skin-color-4); font-weight: var(--g-regular-weight,normal);\">l\u00ednea de autob\u00fas 194 hasta la estaci\u00f3n \u201c\u0160porkova\u201d<\/span><\/li>\n<li><strong>Horario<\/strong> de apertura : Los horarios de apertura actuales se pueden encontrar en el <a href=\"https:\/\/mysteriapragensia.cz\/en\/kontakt-alchymie-en\/\" target=\"_blank\" style=\"outline: none;\" rel=\"noopener\">sitio web<\/a> del museo .<\/li>\n<li><strong>Sitio web: <\/strong>&nbsp;<a href=\"https:\/\/mysteriapragensia.cz\/en\/muzeum-alchymistu-en\/\" style=\"outline: none;\" data-lt-tmp-id=\"lt-441670\" spellcheck=\"false\" target=\"_blank\" rel=\"noopener\">Museo de Alquimistas y Magos de la Vieja Praga<\/a><a href=\"https:\/\/mysteriapragensia.cz\/en\/muzeum-alchymistu-en\/\" style=\"outline: none;\" data-lt-tmp-id=\"lt-441670\" spellcheck=\"false\" target=\"_blank\" rel=\"noopener\"><\/a><\/li>\n<\/ul>\n","protected":false},"excerpt":{"rendered":"<p>Uno de los museos excepcionales de Praga es el Museo de Alquimistas y Magos de la Vieja Praga. Ofrece a los visitantes una visi\u00f3n del mundo de la alquimia y la magia, con especial atenci\u00f3n a la era m\u00e1s famosa de los alquimistas, el reinado de Rodolfo II. En esta gu\u00eda completa, aprender\u00e1 todo sobre [&hellip;]<\/p>\n","protected":false},"author":6,"featured_media":1494,"parent":137,"menu_order":0,"comment_status":"open","ping_status":"closed","template":"","meta":{"footnotes":""},"categories":[],"tags":[22,19],"class_list":["post-834","page","type-page","status-publish","has-post-thumbnail","hentry","tag-museum","tag-sehenswuerdigkeiten","post-wrapper","thrv_wrapper"],"_links":{"self":[{"href":"https:\/\/praguetouristinformation.com\/es\/wp-json\/wp\/v2\/pages\/834","targetHints":{"allow":["GET"]}}],"collection":[{"href":"https:\/\/praguetouristinformation.com\/es\/wp-json\/wp\/v2\/pages"}],"about":[{"href":"https:\/\/praguetouristinformation.com\/es\/wp-json\/wp\/v2\/types\/page"}],"author":[{"embeddable":true,"href":"https:\/\/praguetouristinformation.com\/es\/wp-json\/wp\/v2\/users\/6"}],"replies":[{"embeddable":true,"href":"https:\/\/praguetouristinformation.com\/es\/wp-json\/wp\/v2\/comments?post=834"}],"version-history":[{"count":5,"href":"https:\/\/praguetouristinformation.com\/es\/wp-json\/wp\/v2\/pages\/834\/revisions"}],"predecessor-version":[{"id":4838,"href":"https:\/\/praguetouristinformation.com\/es\/wp-json\/wp\/v2\/pages\/834\/revisions\/4838"}],"up":[{"embeddable":true,"href":"https:\/\/praguetouristinformation.com\/es\/wp-json\/wp\/v2\/pages\/137"}],"wp:featuredmedia":[{"embeddable":true,"href":"https:\/\/praguetouristinformation.com\/es\/wp-json\/wp\/v2\/media\/1494"}],"wp:attachment":[{"href":"https:\/\/praguetouristinformation.com\/es\/wp-json\/wp\/v2\/media?parent=834"}],"wp:term":[{"taxonomy":"category","embeddable":true,"href":"https:\/\/praguetouristinformation.com\/es\/wp-json\/wp\/v2\/categories?post=834"},{"taxonomy":"post_tag","embeddable":true,"href":"https:\/\/praguetouristinformation.com\/es\/wp-json\/wp\/v2\/tags?post=834"}],"curies":[{"name":"wp","href":"https:\/\/api.w.org\/{rel}","templated":true}]}}