{"id":832,"date":"2020-10-19T11:53:30","date_gmt":"2020-10-19T11:53:30","guid":{"rendered":"https:\/\/praguetouristinformation.com\/es\/?page_id=832"},"modified":"2023-05-03T08:48:34","modified_gmt":"2023-05-03T08:48:34","slug":"kgb","status":"publish","type":"page","link":"https:\/\/praguetouristinformation.com\/es\/cosas-que-hacer\/museos\/kgb","title":{"rendered":"Gu\u00eda del Museo de la KGB: Exposici\u00f3n, historia y entradas"},"content":{"rendered":"<h3>El Museo de la KGB en la Ciudad Peque\u00f1a de Praga trata sobre el servicio secreto sovi\u00e9tico, la KGB.<\/h3>\n<p>En esta gu\u00eda del Museo de la KGB, aprender\u00e1 todo sobre la exposici\u00f3n, la historia e informaci\u00f3n \u00fatil sobre c\u00f3mo llegar, boletos y recorridos.<\/p>\n<p>\u00a1Empecemos!<\/p>\n<h2 id=\"t-1670588154030\"><strong>\u00bfQu\u00e9 puedo hacer en el <\/strong><strong>Museo de la KGB <\/strong><strong>?<\/strong><\/h2>\n<p>El Museo de la KGB es un peque\u00f1o museo privado que fue el primero en coleccionar objetos que pertenecieron a altos funcionarios de la Seguridad del Estado sovi\u00e9tico.<\/p>\n<ul>\n<li><strong>Exposici\u00f3n:<\/strong> Puede ver exhibiciones del servicio secreto sovi\u00e9tico <strong>KGB<\/strong> y sus <strong>predecesores<\/strong> CheKa y NKVD, de miembros del Ministerio de Seguridad del Estado (MGB), la <strong>polic\u00eda secreta de la Uni\u00f3n Sovi\u00e9tica<\/strong> (GPU y OGPU) y miembros del \u00abComisariado del Pueblo\u00bb. de Asuntos Internos\u00bb (NKWD).<\/li>\n<li>Los visitantes tambi\u00e9n pueden ver <strong>armas, c\u00e1maras esp\u00eda, dispositivos electr\u00f3nicos de interrogaci\u00f3n<\/strong> y otros <strong>equipos de los laboratorios de la KGB<\/strong> , lo que brinda una buena perspectiva de las pr\u00e1cticas de las diversas agencias de seguridad nacional.<\/li>\n<li><strong>Exhibiciones especiales:&nbsp;<\/strong> Entre las exhibiciones m\u00e1s interesantes se encuentran el <strong>arma que mat\u00f3 a Leon Trotsky<\/strong> y la m\u00e1scara mortuoria de Vladimir Lenin. Tambi\u00e9n vale la pena ver las pertenencias personales de Lavrentiy Beria, el jefe de la NKVD.<\/li>\n<li><strong>Exposici\u00f3n fotogr\u00e1fica<\/strong> : Otra parte del museo presenta la exposici\u00f3n fotogr\u00e1fica \u201cPraga 1968 a trav\u00e9s de los ojos de un oficial de la KGB\u201d. Otras salas de exposici\u00f3n tratan sobre el trabajo cotidiano de los funcionarios.<\/li>\n<\/ul>\n<h2 id=\"t-1670588154031\"><strong>Entradas, entradas y visitas guiadas<\/strong><\/h2>\n<ul>\n<li><strong>Boleto:&nbsp;<\/strong> Los precios actuales de los boletos se pueden encontrar en el <a href=\"http:\/\/kgbmuseum.com\/en\/contacts-kgbmuseuminprague\/\" target=\"_blank\" style=\"outline: none;\" rel=\"noopener\">sitio web<\/a> del museo .<\/li>\n<li><strong>Visita guiada:<\/strong> los interesados pueden obtener m\u00e1s informaci\u00f3n sobre las exhibiciones en el Museo de la KGB como parte de una visita guiada.<\/li>\n<\/ul>\n<h2 id=\"t-1670588154032\"><strong>\u00bfC\u00f3mo llego al <\/strong><strong>Museo de la KGB?<\/strong><\/h2>\n<p>El Museo de la KGB se encuentra en <a href=\"https:\/\/praguetouristinformation.com\/es\/cosas-que-hacer\/lado-pequeno\" style=\"outline: none;\">el Barrio Peque\u00f1o de Praga<\/a> .<\/p>\n<p>Si viene en <a data-id=\"775\" data-type=\"page\" href=\"https:\/\/praguetouristinformation.com\/es\/plan\/transporte-publico\" style=\"outline: none;\" data-lt-tmp-id=\"lt-373905\" spellcheck=\"false\">transporte p\u00fablico<\/a> , la mejor manera de llegar es tomando el autob\u00fas n\u00famero 194 desde el casco antiguo hasta la estaci\u00f3n de \u0160porkova. Despu\u00e9s de unos 100 metros est\u00e1s en el museo.<a data-id=\"775\" data-type=\"page\" href=\"https:\/\/praguetouristinformation.com\/es\/planen\/oeffentlicher-verkehr\" style=\"outline: none;\" data-lt-tmp-id=\"lt-373905\" spellcheck=\"false\"><\/a><\/p>\n<h2 id=\"t-1670588154033\"><strong>Historia del <\/strong><strong>Museo de la KGB<\/strong><\/h2>\n<p>El Museo KGB es un museo privado. Fue inaugurado en 2011 en la calle Vla\u0161ska 13.<\/p>\n<p>Un coleccionista privado que vivi\u00f3 anteriormente en Rusia es en gran parte responsable de la fundaci\u00f3n del museo.<\/p>\n<p>Como uno de los pocos <a data-id=\"137\" data-type=\"page\" href=\"https:\/\/praguetouristinformation.com\/es\/cosas-que-hacer\/museos\" style=\"outline: none;\">museos en Praga<\/a> , el museo trata sobre el pasado sovi\u00e9tico-checo y el comunismo, raz\u00f3n por la cual atrae a numerosos visitantes en la actualidad.<\/p>\n<h2 id=\"t-1670588154034\"><strong>Contacto<\/strong><\/h2>\n<ul>\n<li><strong>Direcci\u00f3n:&nbsp;<\/strong> Vla\u0161ska 13, 118 00 Praga 1, Mal\u00e1 Strana, Rep\u00fablica Checa<\/li>\n<li><strong style=\"color: var(--tcb-skin-color-4);\">Transporte p\u00fablico: <\/strong><span style=\"color: var(--tcb-skin-color-4); font-weight: var(--g-regular-weight,normal);\">l\u00ednea de autob\u00fas 194 hasta \u00ab\u0160porkova\u00bb<\/span><\/li>\n<li><strong>Horario<\/strong> de apertura : Los horarios de apertura actuales se pueden encontrar en el <a href=\"http:\/\/kgbmuseum.com\/en\/contacts-kgbmuseuminprague\/\" target=\"_blank\" style=\"outline: none;\" rel=\"noopener\">sitio web<\/a> del museo .<\/li>\n<li><strong>Sitio web: <\/strong>&nbsp;<a href=\"http:\/\/kgbmuseum.com\/en\/\" style=\"outline: none;\" data-lt-tmp-id=\"lt-363860\" spellcheck=\"false\" target=\"_blank\" rel=\"noopener\">Museo KGB de Praga<\/a><a href=\"http:\/\/kgbmuseum.com\/en\/\" style=\"outline: none;\" data-lt-tmp-id=\"lt-363860\" spellcheck=\"false\" target=\"_blank\" rel=\"noopener\"><\/a><\/li>\n<\/ul>\n","protected":false},"excerpt":{"rendered":"<p>El Museo de la KGB en la Ciudad Peque\u00f1a de Praga trata sobre el servicio secreto sovi\u00e9tico, la KGB. En esta gu\u00eda del Museo de la KGB, aprender\u00e1 todo sobre la exposici\u00f3n, la historia e informaci\u00f3n \u00fatil sobre c\u00f3mo llegar, boletos y recorridos. \u00a1Empecemos! \u00bfQu\u00e9 puedo hacer en el Museo de la KGB ? El [&hellip;]<\/p>\n","protected":false},"author":6,"featured_media":1513,"parent":137,"menu_order":0,"comment_status":"open","ping_status":"closed","template":"","meta":{"footnotes":""},"categories":[],"tags":[22,19],"class_list":["post-832","page","type-page","status-publish","has-post-thumbnail","hentry","tag-museum","tag-sehenswuerdigkeiten","post-wrapper","thrv_wrapper"],"_links":{"self":[{"href":"https:\/\/praguetouristinformation.com\/es\/wp-json\/wp\/v2\/pages\/832","targetHints":{"allow":["GET"]}}],"collection":[{"href":"https:\/\/praguetouristinformation.com\/es\/wp-json\/wp\/v2\/pages"}],"about":[{"href":"https:\/\/praguetouristinformation.com\/es\/wp-json\/wp\/v2\/types\/page"}],"author":[{"embeddable":true,"href":"https:\/\/praguetouristinformation.com\/es\/wp-json\/wp\/v2\/users\/6"}],"replies":[{"embeddable":true,"href":"https:\/\/praguetouristinformation.com\/es\/wp-json\/wp\/v2\/comments?post=832"}],"version-history":[{"count":11,"href":"https:\/\/praguetouristinformation.com\/es\/wp-json\/wp\/v2\/pages\/832\/revisions"}],"predecessor-version":[{"id":4763,"href":"https:\/\/praguetouristinformation.com\/es\/wp-json\/wp\/v2\/pages\/832\/revisions\/4763"}],"up":[{"embeddable":true,"href":"https:\/\/praguetouristinformation.com\/es\/wp-json\/wp\/v2\/pages\/137"}],"wp:featuredmedia":[{"embeddable":true,"href":"https:\/\/praguetouristinformation.com\/es\/wp-json\/wp\/v2\/media\/1513"}],"wp:attachment":[{"href":"https:\/\/praguetouristinformation.com\/es\/wp-json\/wp\/v2\/media?parent=832"}],"wp:term":[{"taxonomy":"category","embeddable":true,"href":"https:\/\/praguetouristinformation.com\/es\/wp-json\/wp\/v2\/categories?post=832"},{"taxonomy":"post_tag","embeddable":true,"href":"https:\/\/praguetouristinformation.com\/es\/wp-json\/wp\/v2\/tags?post=832"}],"curies":[{"name":"wp","href":"https:\/\/api.w.org\/{rel}","templated":true}]}}