{"id":828,"date":"2020-10-19T11:52:19","date_gmt":"2020-10-19T11:52:19","guid":{"rendered":"https:\/\/praguetouristinformation.com\/es\/?page_id=828"},"modified":"2023-05-03T12:16:01","modified_gmt":"2023-05-03T12:16:01","slug":"monasterio-de-strahov","status":"publish","type":"page","link":"https:\/\/praguetouristinformation.com\/es\/cosas-que-hacer\/lado-pequeno\/monasterio-de-strahov","title":{"rendered":"Gu\u00eda del Monasterio de Strahov: Lugares de inter\u00e9s, entrada y cervecer\u00eda al aire libre"},"content":{"rendered":"<h3 id=\"t-1670484928111\">El Monasterio de Strahov, fundado en 1143, todav\u00eda est\u00e1 habitado por unos 70 monjes de la Orden Premonsztratsian.<\/h3>\n<p>El imponente edificio ofrece numerosas atracciones, por lo que se considera uno de los <a data-id=\"247\" data-type=\"page\" href=\"https:\/\/praguetouristinformation.com\/es\/cosas-que-hacer\" style=\"outline: none;\">lugares de inter\u00e9s m\u00e1s populares de Praga<\/a> &nbsp;.<\/p>\n<p>En esta gu\u00eda completa del Monasterio de Strahov, aprender\u00e1 todo sobre la exposici\u00f3n, la historia e informaci\u00f3n \u00fatil sobre c\u00f3mo llegar y las entradas.<\/p>\n<h2 id=\"t-1670484928112\">\u00bfQu\u00e9 puedo hacer en el Monasterio de Strahov?<\/h2>\n<p><span><img decoding=\"async\" alt=\"Biblioteca, Monasterio de Strahov, Praga\" data-id=\"1820\" width=\"702\" data-init-width=\"1000\" height=\"468\" data-init-height=\"667\" title=\"Biblioteca, Monasterio de Strahov, Praga\" src=\"https:\/\/praguetouristinformation.com\/es\/wp-content\/uploads\/2020\/11\/Bibliothek-Strahov-Kloster.jpg\" data-width=\"702\" data-height=\"468\" loading=\"lazy\" data-pin-media=\"https:\/\/praguetouristinformation.com\/es\/wp-content\/uploads\/2021\/02\/45.jpg\" data-pin-description=\"Strahov Kloster: Infos, Sehensw\u00fcrdigkeiten, Biergarten 2022\" data-pin-url=\"https:\/\/praguetouristinformation.com\/es\/sehenswuerdigkeiten\/kleinseite\/strahov-kloster?tve=true&amp;tcbf=2f63212331\" data-pinpro-key=\"n5ftbq61q\"><\/span><\/p>\n<h3 id=\"t-1670484928113\">1. Biblioteca<\/h3>\n<p>El Monasterio de Strahov, ubicado cerca&nbsp; <a href=\"https:\/\/praguetouristinformation.com\/es\/cosas-que-hacer\/castillo\" style=\"outline: none;\">del Castillo de Praga<\/a> &nbsp;, es particularmente famoso por su biblioteca barroca magn\u00edficamente amueblada. Est\u00e1 considerada como una de las bibliotecas hist\u00f3ricas m\u00e1s valiosas y mejor conservadas.<\/p>\n<p>La biblioteca del monasterio contiene m\u00e1s de 200.000 vol\u00famenes, 3000 manuscritos originales de la Edad Media, artefactos, primeras ediciones, manuscritos y curiosidades. Consta principalmente de las siguientes tres estancias:<\/p>\n<ul>\n<li style=\"\"><span style=\"\"><strong><strong><strong>Sala de Teolog\u00eda:&nbsp;<\/strong><\/strong><\/strong> Esta sala fue construida en 1671-1674 y es la parte m\u00e1s antigua de la Biblioteca de Strahov. La sala barroca alberga alrededor de 18.000 libros, la mayor\u00eda de los cuales son teol\u00f3gicos, as\u00ed como innumerables ediciones de la Biblia.<\/span><\/li>\n<li style=\"\"><span style=\"\"><strong><strong><strong>Sala de filosof\u00eda:&nbsp;<\/strong><\/strong><\/strong> Tambi\u00e9n vale la pena ver la sala de filosof\u00eda de la biblioteca del monasterio de 1794. Los magn\u00edficos frescos del techo de Anton Maulbertsch y Siard Noseck\u00fd son particularmente impresionantes. La sala neocl\u00e1sica con estanter\u00edas de nogal del piso al techo cubre dos pisos y alberga libros filos\u00f3ficos, legales, m\u00e9dicos, farmac\u00e9uticos, matem\u00e1ticos, geogr\u00e1ficos y astron\u00f3micos.<\/span><\/li>\n<li style=\"\"><span style=\"\"><strong><strong><strong>Gabinete de Curiosidades:&nbsp;<\/strong><\/strong><\/strong> La Biblioteca alberga un Gabinete de Curiosidades, tambi\u00e9n conocido como Gabinete de Curiosidades. Presenta rarezas, excavaciones arqueol\u00f3gicas y colecciones cient\u00edficas.<\/span><\/li>\n<\/ul>\n<h3 id=\"t-1670484928114\">2. Galer\u00eda de im\u00e1genes<\/h3>\n<p>Adem\u00e1s, el monasterio alberga una importante pinacoteca con una de las colecciones mon\u00e1sticas m\u00e1s valiosas de Europa Central. Las colecciones consisten en alrededor de 1.500 pinturas y otras exhibiciones de los per\u00edodos g\u00f3tico y rom\u00e1ntico.<\/p>\n<p>Las colecciones se pueden dividir en las siguientes secciones:<\/p>\n<ul>\n<li>Pintura y Escultura 1300 \u2013 1500<\/li>\n<li>pintura rodolfina<\/li>\n<li>pintura flamenca<\/li>\n<li>Pintura centroeuropea de los siglos XVII &#8211; XIX<\/li>\n<\/ul>\n<h3 id=\"t-1670484928115\">3. Tesorer\u00eda<\/h3>\n<p>El tesoro del Monasterio de Strahov presenta una gran cantidad de diferentes objetos lit\u00fargicos en una exposici\u00f3n permanente. La exposici\u00f3n incluye artesan\u00edas \u00fanicas de origen checo, as\u00ed como de diferentes partes de Europa.<\/p>\n<p>Los visitantes pueden admirar, entre otras cosas, c\u00e1lices, relicarios y t\u00fanicas desde la Edad Media hasta principios del siglo XX.<\/p>\n<h3 id=\"t-1670484928116\">4. Iglesia del Monasterio de la Asunci\u00f3n de la Virgen Mar\u00eda<\/h3>\n<p>La Bas\u00edlica de la Asunci\u00f3n de la Virgen Mar\u00eda de 1148, originalmente rom\u00e1nica, de tres naves, se encuentra en el centro del monasterio. La iglesia cat\u00f3lica romana adquiri\u00f3 su aspecto barroco actual durante los trabajos de reconstrucci\u00f3n entre 1742 y 1758.<\/p>\n<p>Magn\u00edficos murales y frescos en el techo adornan el interior de la iglesia. Adem\u00e1s, los fundadores del monasterio, el pr\u00edncipe Vladislav II y el obispo Jind\u0159ich Zd\u00edk, est\u00e1n enterrados en una parte desconocida de la iglesia.<\/p>\n<p>Se dice que en 1787 nada menos que Mozart toc\u00f3 el \u00f3rgano en la iglesia del monasterio.<\/p>\n<h3 id=\"t-1670484928117\">5. Iglesia de San Roco<\/h3>\n<p>La segunda iglesia en las instalaciones del monasterio es la Iglesia de San Roque. Los visitantes pueden encontrarlos en la explanada del monasterio. La iglesia, que est\u00e1 dedicada a Rochus, el santo de la peste, fue donada en 1603 por el emperador Rodolfo II en agradecimiento por haberse librado de la peste. La antigua iglesia parroquial funciona como sala de exposiciones desde el siglo XX.<\/p>\n<p><span><img decoding=\"async\" alt=\"Cerveza en el monasterio, Monasterio de Strahov en Praga\" data-id=\"1822\" width=\"702\" data-init-width=\"1000\" height=\"468\" data-init-height=\"667\" title=\"Cerveza en el monasterio, Monasterio de Strahov en Praga\" src=\"https:\/\/praguetouristinformation.com\/es\/wp-content\/uploads\/2020\/11\/Bier-im-Kloster-Strahov-Kloster.jpg\" data-width=\"702\" data-height=\"468\" loading=\"lazy\" data-pin-media=\"https:\/\/praguetouristinformation.com\/es\/wp-content\/uploads\/2021\/02\/45.jpg\" data-pin-description=\"Strahov Kloster: Infos, Sehensw\u00fcrdigkeiten, Biergarten 2022\" data-pin-url=\"https:\/\/praguetouristinformation.com\/es\/sehenswuerdigkeiten\/kleinseite\/strahov-kloster?tve=true&amp;tcbf=2f63212331\" data-pinpro-key=\"l2950v3g4\"><\/span><\/p>\n<h2 id=\"t-1670484928118\">Cerveza en el monasterio<\/h2>\n<p>El Monasterio de Strahov tambi\u00e9n alberga una famosa f\u00e1brica de cerveza del monasterio. La cervecer\u00eda ha estado elaborando cerveza desde el siglo XIII. Seg\u00fan las encuestas, esta cervecer\u00eda del monasterio produce la mejor cerveza de la Rep\u00fablica Checa.<\/p>\n<p>En el negocio familiar, la cerveza St. Norbert, que lleva el nombre del fundador de la orden premonstratense, se produce en diversas variantes. Tambi\u00e9n hay ofertas de cervezas de temporada, entre las que se encuentran una cerveza bock con 6,3% de alcohol, que se sirve desde finales de septiembre, y la llamada cerveza de Semana Santa con 5,3% de alcohol, que est\u00e1 disponible el viernes anterior al Viernes Santo.<\/p>\n<ul>\n<li>Para obtener m\u00e1s informaci\u00f3n sobre la mejor cerveza de Praga, consulte nuestra lista: <a data-id=\"724\" data-type=\"page\" href=\"https:\/\/praguetouristinformation.com\/es\/restaurantes\/cerveza\" style=\"outline: none;\">\u00bfD\u00f3nde puedo tomar una buena cerveza en Praga?<\/a><\/li>\n<\/ul>\n<p><span><img decoding=\"async\" alt=\"Jard\u00edn de la cerveza con restaurante, Monasterio de Strahov en Praga\" data-id=\"1823\" width=\"702\" data-init-width=\"1000\" height=\"468\" data-init-height=\"667\" title=\"Jard\u00edn de la cerveza con restaurante, Monasterio de Strahov en Praga\" src=\"https:\/\/praguetouristinformation.com\/es\/wp-content\/uploads\/2020\/11\/Biergarten-mit-Restaurant-Strahov-Kloster.jpg\" data-width=\"702\" data-height=\"468\" loading=\"lazy\" style=\"\" data-pin-media=\"https:\/\/praguetouristinformation.com\/es\/wp-content\/uploads\/2021\/02\/45.jpg\" data-pin-description=\"Strahov Kloster: Infos, Sehensw\u00fcrdigkeiten, Biergarten 2022\" data-pin-url=\"https:\/\/praguetouristinformation.com\/es\/sehenswuerdigkeiten\/kleinseite\/strahov-kloster?tve=true&amp;tcbf=2f63212331\" data-pinpro-key=\"aqqqt6qp1\"><\/span><\/p>\n<h2 id=\"t-1670484928119\">Cervecer\u00eda al aire libre con restaurante<\/h2>\n<p>La taberna al aire libre del monasterio atrae tanto a lugare\u00f1os como a turistas de todo el mundo. Es el lugar ideal para degustar la famosa&nbsp; <a data-id=\"723\" data-type=\"page\" href=\"https:\/\/praguetouristinformation.com\/es\/restaurantes\/cerveza-checa\" style=\"outline: none;\">cerveza checa&nbsp;<\/a> . La popular taberna al aire libre del monasterio es especialmente atractiva cuando hace buen tiempo.<\/p>\n<p>Igualmente popular es el restaurante de la cervecer\u00eda del monasterio, que es uno de los mejores&nbsp; <a data-id=\"253\" data-type=\"page\" href=\"https:\/\/praguetouristinformation.com\/es\/restaurantes\/cocina-bohemia\" style=\"outline: none;\">restaurantes checos en Praga<\/a> .<\/p>\n<p><span><img decoding=\"async\" alt=\"Entrada, entradas y visitas guiadas, Monasterio de Strahov en Praga\" data-id=\"1825\" width=\"702\" data-init-width=\"1000\" height=\"468\" data-init-height=\"667\" title=\"Entrada, entradas y visitas guiadas, Monasterio de Strahov en Praga\" src=\"https:\/\/praguetouristinformation.com\/es\/wp-content\/uploads\/2020\/11\/Eintritt-Tickets-und-Fuehrungen-Strahov-Kloster.jpg\" data-width=\"702\" data-height=\"468\" loading=\"lazy\" data-pin-media=\"https:\/\/praguetouristinformation.com\/es\/wp-content\/uploads\/2021\/02\/45.jpg\" data-pin-description=\"Strahov Kloster: Infos, Sehensw\u00fcrdigkeiten, Biergarten 2022\" data-pin-url=\"https:\/\/praguetouristinformation.com\/es\/sehenswuerdigkeiten\/kleinseite\/strahov-kloster?tve=true&amp;tcbf=2f63212331\" data-pinpro-key=\"um91lb86z\"><\/span><\/p>\n<h2 id=\"t-1670484928120\">Entradas, entradas y visitas guiadas<\/h2>\n<ul>\n<li style=\"\"><span style=\"\"><strong><strong>Entrada:<\/strong> <\/strong> La biblioteca del monasterio y la pinacoteca tienen entradas y entradas separadas.<\/span><\/li>\n<li style=\"\"><span style=\"\"><strong><strong>Entrada Biblioteca de Strahov + Galer\u00eda de im\u00e1genes:&nbsp;<\/strong><\/strong> El Monasterio ofrece una entrada combinada que da acceso tanto a la Galer\u00eda de im\u00e1genes como a la Biblioteca del Monasterio de Strahov. Tambi\u00e9n est\u00e1 disponible un billete familiar (2 adultos, 3 ni\u00f1os menores de 15 a\u00f1os).<\/span><\/li>\n<li style=\"\"><span style=\"\"><strong><strong>Entrada \u00fanica para la biblioteca de Strahov:&nbsp;<\/strong><\/strong> para los visitantes que solo desean explorar la biblioteca de Strahov, se recomienda la entrada \u00fanica para la biblioteca. Los precios actuales se pueden encontrar&nbsp;<a href=\"https:\/\/www.strahovskyklaster.cz\/en\/picture-gallery1\" target=\"_blank\" style=\"outline: none;\" rel=\"noopener\"> aqu\u00ed<\/a> .<\/span><\/li>\n<li style=\"\"><span style=\"\"><strong><strong><strong>Boleto sencillo para la Galer\u00eda de Arte de Strahov:&nbsp;<\/strong><\/strong><\/strong> para los visitantes que solo desean visitar la Galer\u00eda de Arte, el boleto simple para la Galer\u00eda de Arte de Strahov es ideal. Puede encontrar una descripci\u00f3n general de los precios de admisi\u00f3n actuales&nbsp;<a href=\"https:\/\/www.strahovskyklaster.cz\/en\/strahov-library\" target=\"_blank\" style=\"outline: none;\" rel=\"noopener\">aqu\u00ed<\/a>.<\/span><\/li>\n<li style=\"\"><span style=\"\"><strong><strong><strong><strong>Permiso de foto:<\/strong><\/strong><\/strong><\/strong> &nbsp;Se requiere permiso de foto para tomar fotos en la biblioteca o galer\u00eda. M\u00e1s informaci\u00f3n est\u00e1 disponible en el&nbsp;<a href=\"https:\/\/www.strahovskyklaster.cz\/en\/strahov-library\" target=\"_blank\" style=\"outline: none;\" rel=\"noopener\">sitio web&nbsp;<\/a>monasterio<\/span><\/li>\n<li style=\"\"><span style=\"\"><strong><strong><strong><strong><strong>Visita guiada:&nbsp;<\/strong><\/strong><\/strong><\/strong><\/strong> como parte de una visita guiada, los visitantes pueden obtener una visi\u00f3n profunda de la biblioteca o la galer\u00eda del Monasterio de Strahov.<\/span><\/li>\n<\/ul>\n<p><span><img decoding=\"async\" alt=\"C\u00f3mo llegar al Monasterio de Strahov en Praga\" data-id=\"1829\" width=\"702\" data-init-width=\"1000\" height=\"468\" data-init-height=\"667\" title=\"C\u00f3mo llegar al Monasterio de Strahov en Praga\" src=\"https:\/\/praguetouristinformation.com\/es\/wp-content\/uploads\/2020\/11\/Wie-komme-ich-zum-Strahov-Kloster.jpg\" data-width=\"702\" data-height=\"468\" loading=\"lazy\" data-pin-media=\"https:\/\/praguetouristinformation.com\/es\/wp-content\/uploads\/2021\/02\/45.jpg\" data-pin-description=\"Strahov Kloster: Infos, Sehensw\u00fcrdigkeiten, Biergarten 2022\" data-pin-url=\"https:\/\/praguetouristinformation.com\/es\/sehenswuerdigkeiten\/kleinseite\/strahov-kloster?tve=true&amp;tcbf=2f63212331\" data-pinpro-key=\"2xtk6ks8s\"><\/span><\/p>\n<h2 id=\"t-1670484928121\">\u00bfC\u00f3mo llegar al Monasterio de Strahov?<\/h2>\n<p>El Monasterio de Strahov se encuentra en el distrito Hrad\u010dany de Praga. Se encuentra en la colina de Petrin, cerca del Castillo de Praga.<\/p>\n<p>La mejor manera de llegar desde el centro de la ciudad es con la l\u00ednea 22 del tranv\u00eda hasta la estaci\u00f3n \u201cPoho\u0159elec\u201d.<\/p>\n<p><span><img decoding=\"async\" alt=\"Historia del Monasterio de Strahov en Praga\" data-id=\"1830\" width=\"702\" data-init-width=\"1000\" height=\"468\" data-init-height=\"667\" title=\"Historia del Monasterio de Strahov en Praga\" src=\"https:\/\/praguetouristinformation.com\/es\/wp-content\/uploads\/2020\/11\/Geschichte-des-Strahov-Kloster.jpg\" data-width=\"702\" data-height=\"468\" loading=\"lazy\" data-pin-media=\"https:\/\/praguetouristinformation.com\/es\/wp-content\/uploads\/2021\/02\/45.jpg\" data-pin-description=\"Strahov Kloster: Infos, Sehensw\u00fcrdigkeiten, Biergarten 2022\" data-pin-url=\"https:\/\/praguetouristinformation.com\/es\/sehenswuerdigkeiten\/kleinseite\/strahov-kloster?tve=true&amp;tcbf=2f63212331\" data-pinpro-key=\"ixorp9ybu\"><\/span><\/p>\n<h2 id=\"t-1670484928122\">Historia del Monasterio de Strahov<\/h2>\n<p>El monasterio de Strahov fue construido en 1140 en&nbsp; <a data-id=\"838\" data-type=\"page\" href=\"https:\/\/praguetouristinformation.com\/es\/cosas-que-hacer\/monte-petrino\" style=\"outline: none;\">la colina de Petrin<\/a> . El monasterio premonstratense fue fundado gracias a la cooperaci\u00f3n del obispo de Olomouc Heinrich Zd\u00edk y el rey checo Vladislav II.<\/p>\n<p>En 1142, un grupo de miembros de la Orden Premonstratense se instal\u00f3 en el edificio y sigui\u00f3 ampliando el \u00e1rea.<\/p>\n<p>A lo largo de los siglos, el monasterio soport\u00f3 varias batallas, incendios y revoluciones. El incendio m\u00e1s devastador ocurri\u00f3 temprano en la historia del monasterio: en 1258. Gran parte del monasterio, incluida la biblioteca y una iglesia, perecieron en el incendio. &nbsp;<\/p>\n<p>Se han realizado varias reparaciones y modificaciones a lo largo de los a\u00f1os. El monasterio adquiri\u00f3 su aspecto actual en estilo barroco durante una reconstrucci\u00f3n en el siglo XVII. De esa \u00e9poca data la magn\u00edfica biblioteca barroca.<\/p>\n<p>Se paraliz\u00f3 por completo en 1950 con la ocupaci\u00f3n comunista. Por primera vez desde su fundaci\u00f3n, los monjes tuvieron que abandonar el monasterio. Muchos fueron expulsados o arrestados, y el propio monasterio fue cerrado.<\/p>\n<p>Solo despu\u00e9s del colapso del r\u00e9gimen comunista en 1989, los monjes pudieron regresar al monasterio.<\/p>\n<p>El monasterio sigue siendo hoy la sede de la Orden Premonstratense.<\/p>\n<h2 id=\"t-1670484928123\">Contacto<\/h2>\n<ul>\n<li><span style=\"\"><strong>Direcci\u00f3n:&nbsp;<\/strong> Monasterio de Strahov, Strahovsk\u00e9 n\u00e1dvo\u0159\u00ed 1\/132, 118 00<\/span><\/li>\n<li><span style=\"\"><strong>Horario de apertura:&nbsp;<\/strong> Los horarios de apertura actuales se pueden encontrar en&nbsp; el <a href=\"https:\/\/www.strahovskyklaster.cz\/en\/basic-information\" target=\"_blank\" style=\"outline: none;\" rel=\"noopener\">sitio web<\/a> del monasterio&nbsp; .<\/span><\/li>\n<li><span style=\"\"><strong>Transporte p\u00fablico:&nbsp;<\/strong> Con la l\u00ednea de tranv\u00eda 22 hasta \u00abPoho\u0159elec\u00bb<\/span><\/li>\n<li style=\"\"><span style=\"\"><strong>Sitio web:&nbsp; <\/strong><a href=\"https:\/\/www.strahovskyklaster.cz\/en\/\" style=\"outline: none;\" target=\"_blank\" rel=\"noopener\">Strahovskyklaster.cz<\/a><\/span><\/li>\n<\/ul>\n","protected":false},"excerpt":{"rendered":"<p>El Monasterio de Strahov, fundado en 1143, todav\u00eda est\u00e1 habitado por unos 70 monjes de la Orden Premonsztratsian. El imponente edificio ofrece numerosas atracciones, por lo que se considera uno de los lugares de inter\u00e9s m\u00e1s populares de Praga &nbsp;. En esta gu\u00eda completa del Monasterio de Strahov, aprender\u00e1 todo sobre la exposici\u00f3n, la historia [&hellip;]<\/p>\n","protected":false},"author":6,"featured_media":1819,"parent":740,"menu_order":0,"comment_status":"closed","ping_status":"closed","template":"","meta":{"footnotes":""},"categories":[],"tags":[26,19],"class_list":["post-828","page","type-page","status-publish","has-post-thumbnail","hentry","tag-bier","tag-sehenswuerdigkeiten","post-wrapper","thrv_wrapper"],"_links":{"self":[{"href":"https:\/\/praguetouristinformation.com\/es\/wp-json\/wp\/v2\/pages\/828","targetHints":{"allow":["GET"]}}],"collection":[{"href":"https:\/\/praguetouristinformation.com\/es\/wp-json\/wp\/v2\/pages"}],"about":[{"href":"https:\/\/praguetouristinformation.com\/es\/wp-json\/wp\/v2\/types\/page"}],"author":[{"embeddable":true,"href":"https:\/\/praguetouristinformation.com\/es\/wp-json\/wp\/v2\/users\/6"}],"replies":[{"embeddable":true,"href":"https:\/\/praguetouristinformation.com\/es\/wp-json\/wp\/v2\/comments?post=828"}],"version-history":[{"count":6,"href":"https:\/\/praguetouristinformation.com\/es\/wp-json\/wp\/v2\/pages\/828\/revisions"}],"predecessor-version":[{"id":4846,"href":"https:\/\/praguetouristinformation.com\/es\/wp-json\/wp\/v2\/pages\/828\/revisions\/4846"}],"up":[{"embeddable":true,"href":"https:\/\/praguetouristinformation.com\/es\/wp-json\/wp\/v2\/pages\/740"}],"wp:featuredmedia":[{"embeddable":true,"href":"https:\/\/praguetouristinformation.com\/es\/wp-json\/wp\/v2\/media\/1819"}],"wp:attachment":[{"href":"https:\/\/praguetouristinformation.com\/es\/wp-json\/wp\/v2\/media?parent=828"}],"wp:term":[{"taxonomy":"category","embeddable":true,"href":"https:\/\/praguetouristinformation.com\/es\/wp-json\/wp\/v2\/categories?post=828"},{"taxonomy":"post_tag","embeddable":true,"href":"https:\/\/praguetouristinformation.com\/es\/wp-json\/wp\/v2\/tags?post=828"}],"curies":[{"name":"wp","href":"https:\/\/api.w.org\/{rel}","templated":true}]}}