{"id":820,"date":"2020-10-19T11:44:32","date_gmt":"2020-10-19T11:44:32","guid":{"rendered":"https:\/\/praguetouristinformation.com\/es\/?page_id=820"},"modified":"2023-05-03T08:42:40","modified_gmt":"2023-05-03T08:42:40","slug":"palacio-salm","status":"publish","type":"page","link":"https:\/\/praguetouristinformation.com\/es\/cosas-que-hacer\/museos\/palacio-salm","title":{"rendered":"Gu\u00eda de la Galer\u00eda Nacional palacio Salm: Exposici\u00f3n, entradas e historia"},"content":{"rendered":"<p>El Palacio Salm es parte de la Galer\u00eda Nacional de Praga, uno de los <a data-id=\"137\" data-type=\"page\" href=\"https:\/\/praguetouristinformation.com\/es\/cosas-que-hacer\/museos\" style=\"outline: none;\">museos m\u00e1s importantes de Praga<\/a> .<\/p>\n<p>En sus salas hist\u00f3ricas presenta obras de arte del siglo XIX.<\/p>\n<p>En esta gu\u00eda completa de la Nationalgalerie Palais Salm, aprender\u00e1 todo sobre la exposici\u00f3n, la historia e informaci\u00f3n \u00fatil sobre c\u00f3mo llegar y las entradas.<\/p>\n<h2 id=\"t-1670584816907\">\u00bfQu\u00e9 puedo hacer en la Galer\u00eda Nacional Palais Salm?<\/h2>\n<p><span><img decoding=\"async\" alt=\"\" data-id=\"4049\" width=\"688\" data-init-width=\"1000\" height=\"475\" data-init-height=\"690\" title=\"Galer\u00eda Nacional del Palacio Salm, Praga Rep\u00fablica Checa\" loading=\"lazy\" src=\"https:\/\/praguetouristinformation.com\/es\/wp-content\/uploads\/2022\/12\/salm-palace-Prague-Czech-Republic1.jpg\" data-width=\"688\" data-height=\"475\" data-pin-media=\"https:\/\/praguetouristinformation.com\/es\/wp-content\/uploads\/2021\/01\/16.jpg\" data-pin-description=\"Nationalgalerie Palais Salm: Ausstellung, Tickets &amp; mehr\" data-pin-url=\"https:\/\/praguetouristinformation.com\/es\/sehenswuerdigkeiten\/museum\/palais-salm?tve=true&amp;tcbf=c2d3f58a94\" data-pinpro-key=\"438tsaiog\"><\/span><\/p>\n<p>El edificio neocl\u00e1sico de la Galer\u00eda Nacional Palais Salm en los terrenos del <a data-id=\"738\" data-type=\"page\" href=\"https:\/\/praguetouristinformation.com\/es\/cosas-que-hacer\/castillo\" style=\"outline: none;\">Castillo de Praga<\/a> alberga una exposici\u00f3n de arte centroeuropeo del siglo XIX.<\/p>\n<ul>\n<li><strong>Exposici\u00f3n permanente:<\/strong> adem\u00e1s del arte checo, incluyendo tambi\u00e9n su exposici\u00f3n arte austriaco y alem\u00e1n del siglo XIX. Menci\u00f3n especial merecen las pinturas de Josef M\u00e1nes, Adolf Kos\u00e1rek, Anton\u00edn Machek, Caspar David Friedrich y Carl Spitzweg.<\/li>\n<li><strong>Exposiciones tem\u00e1ticas:<\/strong> Los visitantes tambi\u00e9n pueden visitar las diversas exposiciones tem\u00e1ticas, que muestran el arte contempor\u00e1neo internacional y lo ponen en di\u00e1logo con el arte contempor\u00e1neo checo.<\/li>\n<\/ul>\n<h2 id=\"t-1670584816908\">Exposiciones cambiantes<\/h2>\n<p>Puede encontrar una descripci\u00f3n general actual y una vista previa de las exhibiciones cambiantes <a href=\"http:\/\/www.ngprague.cz\/en\/exhibitions-and-events\/exhibitions\" target=\"_blank\" style=\"outline: none;\" rel=\"noopener\">aqu\u00ed<\/a> .&nbsp;<\/p>\n<h2 id=\"t-1670584816909\">Entradas, entradas y visitas guiadas<\/h2>\n<ul>\n<li><strong>Entrada:<\/strong> Los ni\u00f1os y j\u00f3venes menores de 26 a\u00f1os disfrutan de entrada gratuita. Los precios de entrada actuales para la exposici\u00f3n permanente de la Nationalgalerie Palais Salm se pueden encontrar en el sitio <a href=\"http:\/\/www.ngprague.cz\/en\/about\/admission\" target=\"_blank\" style=\"outline: none;\" rel=\"noopener\">web<\/a> oficial .<\/li>\n<li><strong>Boleto combinado:&nbsp;<\/strong> hay un pase de 10 d\u00edas que otorga acceso a todas las exposiciones permanentes de la Galer\u00eda Nacional. Puede encontrar m\u00e1s informaci\u00f3n sobre esto en el <a href=\"http:\/\/www.ngprague.cz\/en\/about\/admission\" target=\"_blank\" style=\"outline: none;\" rel=\"noopener\">sitio web<\/a> de la Galer\u00eda Nacional.<\/li>\n<li><strong>Visitas guiadas:<\/strong> Actualmente no hay visitas guiadas por el Palais Salm.<\/li>\n<\/ul>\n<h2 id=\"t-1670584816910\">\u00bfC\u00f3mo se llega a la Galer\u00eda Nacional Palais Salm?<\/h2>\n<p>La Galer\u00eda Nacional Palais Salm se encuentra en la zona del Castillo de Praga. La forma m\u00e1s f\u00e1cil de llegar al castillo es con el tranv\u00eda n\u00famero 22, que te lleva desde el casco antiguo de <a data-id=\"742\" data-type=\"page\" href=\"https:\/\/praguetouristinformation.com\/es\/cosas-que-hacer\/ciudad-vieja\" style=\"outline: none;\">Praga<\/a> hasta la parada \u201cPra\u017esk\u00fd hrad\u201d (Castillo de Praga).<\/p>\n<p>El Palais Salm se encuentra en la Plaza del Castillo del Castillo de Praga.<\/p>\n<h2 id=\"t-1670584816911\">Historia de la Galer\u00eda Nacional Palais Salm<\/h2>\n<p>El Palais Salm fue construido entre 1800 y 1810 a instancias del entonces arzobispo de Praga, Vil\u00e9m Florentin Graf von Salm.<\/p>\n<p>El arquitecto Franz Pawj\u010dek recibi\u00f3 el encargo de construir el edificio neocl\u00e1sico. La familia Schwarzenberg adquiri\u00f3 el palacio de tres alas solo unos a\u00f1os despu\u00e9s de su finalizaci\u00f3n y lo vincul\u00f3 con su propio palacio vecino en la Plaza del Castillo del Castillo de Praga.<\/p>\n<p>El magn\u00edfico edificio fue propiedad de la familia noble Schwarzenberg hasta 2002. Hoy , junto con el <a data-id=\"818\" data-type=\"page\" href=\"https:\/\/praguetouristinformation.com\/es\/cosas-que-hacer\/museos\/palacio-schwarzenberg\" style=\"outline: none;\">Palacio Schwarzenberg,<\/a> pertenece a la Galer\u00eda Nacional de Praga y se utiliza con fines de exposici\u00f3n.<\/p>\n<h2 id=\"t-1670584816912\">Contacto<\/h2>\n<ul>\n<li><strong>Direcci\u00f3n:<\/strong> Nationalgalerie Palais Salm (Salm Palace), Hrad\u010dansk\u00e9 n\u00e1m\u011bst\u00ed 1, 110 00 Praga 1- Hrad\u010dany<\/li>\n<li><strong style=\"color: var(--tcb-skin-color-4);\">Transporte p\u00fablico: <\/strong><span style=\"color: var(--tcb-skin-color-4); font-weight: var(--g-regular-weight,normal);\">l\u00ednea de tranv\u00eda 22 hasta \u00abPra\u017esk\u00fd hrad\u00bb<\/span><\/li>\n<li><strong>Horario de apertura<\/strong> : Puede encontrar los horarios de apertura actuales en el <a href=\"http:\/\/www.ngprague.cz\/en\/about\/buildings\/salm-palace\" target=\"_blank\" style=\"outline: none;\" rel=\"noopener\">sitio web<\/a> de la Galer\u00eda Nacional .<\/li>\n<li><strong>Sitio web: <\/strong>&nbsp;&nbsp;<a href=\"http:\/\/www.ngprague.cz\/en\/about\/buildings\/salm-palace\" style=\"outline: none;\" data-lt-tmp-id=\"lt-359534\" spellcheck=\"false\" target=\"_blank\" rel=\"noopener\">Galer\u00eda Nacional Palais Salm<\/a><a href=\"http:\/\/www.ngprague.cz\/en\/about\/buildings\/salm-palace\" style=\"outline: none;\" data-lt-tmp-id=\"lt-359534\" spellcheck=\"false\" target=\"_blank\" rel=\"noopener\"><\/a><\/li>\n<\/ul>\n","protected":false},"excerpt":{"rendered":"<p>El Palacio Salm es parte de la Galer\u00eda Nacional de Praga, uno de los museos m\u00e1s importantes de Praga . En sus salas hist\u00f3ricas presenta obras de arte del siglo XIX. En esta gu\u00eda completa de la Nationalgalerie Palais Salm, aprender\u00e1 todo sobre la exposici\u00f3n, la historia e informaci\u00f3n \u00fatil sobre c\u00f3mo llegar y las [&hellip;]<\/p>\n","protected":false},"author":6,"featured_media":1519,"parent":137,"menu_order":0,"comment_status":"closed","ping_status":"closed","template":"","meta":{"footnotes":""},"categories":[],"tags":[22,19],"class_list":["post-820","page","type-page","status-publish","has-post-thumbnail","hentry","tag-museum","tag-sehenswuerdigkeiten","post-wrapper","thrv_wrapper"],"_links":{"self":[{"href":"https:\/\/praguetouristinformation.com\/es\/wp-json\/wp\/v2\/pages\/820","targetHints":{"allow":["GET"]}}],"collection":[{"href":"https:\/\/praguetouristinformation.com\/es\/wp-json\/wp\/v2\/pages"}],"about":[{"href":"https:\/\/praguetouristinformation.com\/es\/wp-json\/wp\/v2\/types\/page"}],"author":[{"embeddable":true,"href":"https:\/\/praguetouristinformation.com\/es\/wp-json\/wp\/v2\/users\/6"}],"replies":[{"embeddable":true,"href":"https:\/\/praguetouristinformation.com\/es\/wp-json\/wp\/v2\/comments?post=820"}],"version-history":[{"count":17,"href":"https:\/\/praguetouristinformation.com\/es\/wp-json\/wp\/v2\/pages\/820\/revisions"}],"predecessor-version":[{"id":4758,"href":"https:\/\/praguetouristinformation.com\/es\/wp-json\/wp\/v2\/pages\/820\/revisions\/4758"}],"up":[{"embeddable":true,"href":"https:\/\/praguetouristinformation.com\/es\/wp-json\/wp\/v2\/pages\/137"}],"wp:featuredmedia":[{"embeddable":true,"href":"https:\/\/praguetouristinformation.com\/es\/wp-json\/wp\/v2\/media\/1519"}],"wp:attachment":[{"href":"https:\/\/praguetouristinformation.com\/es\/wp-json\/wp\/v2\/media?parent=820"}],"wp:term":[{"taxonomy":"category","embeddable":true,"href":"https:\/\/praguetouristinformation.com\/es\/wp-json\/wp\/v2\/categories?post=820"},{"taxonomy":"post_tag","embeddable":true,"href":"https:\/\/praguetouristinformation.com\/es\/wp-json\/wp\/v2\/tags?post=820"}],"curies":[{"name":"wp","href":"https:\/\/api.w.org\/{rel}","templated":true}]}}