{"id":818,"date":"2020-10-19T11:44:14","date_gmt":"2020-10-19T11:44:14","guid":{"rendered":"https:\/\/praguetouristinformation.com\/es\/?page_id=818"},"modified":"2023-05-03T08:53:39","modified_gmt":"2023-05-03T08:53:39","slug":"palacio-schwarzenberg","status":"publish","type":"page","link":"https:\/\/praguetouristinformation.com\/es\/cosas-que-hacer\/museos\/palacio-schwarzenberg","title":{"rendered":"Gu\u00eda del Palacio Schwarzenberg: Informaci\u00f3n, exposici\u00f3n, entrada"},"content":{"rendered":"<h3 id=\"t-1670591738820\">El Palacio Schwarzenberg en el Castillo de Praga es uno de los edificios renacentistas m\u00e1s magn\u00edficos de Bohemia.&nbsp;<\/h3>\n<p>El palacio alberga una exposici\u00f3n de esculturas y pinturas de los per\u00edodos renacentista y barroco.<\/p>\n<p>En esta gu\u00eda completa del Palacio de Schwarzenberg, aprender\u00e1 todo sobre la exposici\u00f3n, la historia e informaci\u00f3n \u00fatil sobre c\u00f3mo llegar y las entradas.<\/p>\n<h2 id=\"t-1670591738821\">\u00bfQu\u00e9 puedo hacer en el Palacio Schwarzenberg?<\/h2>\n<p><span><img decoding=\"async\" alt=\"\" data-id=\"4126\" width=\"735\" data-init-width=\"1000\" height=\"548\" data-init-height=\"746\" title=\"Palacio Schwarzenberg Praga Rep\u00fablica Checa\" loading=\"lazy\" src=\"https:\/\/praguetouristinformation.com\/es\/wp-content\/uploads\/2022\/12\/Schwarzenberg-Palace-Prague-Czech-Republic3.jpg\" data-width=\"735\" data-height=\"548\" data-pin-media=\"https:\/\/praguetouristinformation.com\/es\/wp-content\/uploads\/2021\/01\/17.jpg\" data-pin-description=\"Gu\u00eda del Palacio Schwarzenberg: informaci\u00f3n, exposici\u00f3n, entrada\" data-pin-url=\"https:\/\/praguetouristinformation.com\/es\/cosas-que-hacer\/museos\/palacio-schwarzenberg?tve=true&amp;tcbf=3c0ae20cee\" data-pinpro-key=\"zb6ih8w2t\"><\/span><\/p>\n<p>El Palacio Schwarzenberg es parte de la Galer\u00eda Nacional de Praga.&nbsp;<\/p>\n<h3>1. Exposici\u00f3n permanente<\/h3>\n<ul>\n<li><strong>Exposici\u00f3n permanente <\/strong><strong>\u00abOld Masters\u00bb:<\/strong> repartidas <strong>&nbsp;<\/strong>en tres plantas se puede admirar una colecci\u00f3n completa sobre el tema del arte barroco checo. La atenci\u00f3n se centra en el per\u00edodo comprendido entre los siglos XVI y XVIII.<\/li>\n<li><strong>Objetos seleccionados:<\/strong> Las exhibiciones tambi\u00e9n incluyen pinturas del mundialmente famoso Kunstkammer del emperador Rodolfo II, incluida la \u00bb Fiesta del <strong>Rosario<\/strong> \u00bb de Albrecht D\u00fcrer. Tambi\u00e9n se exhiben obras de Petr Brandl, Rubens, Rembrandt, Karel \u0160kr\u00e9ta y muchos m\u00e1s.<\/li>\n<li><strong>Planta baja:<\/strong> las exposiciones ocasionales de la Galer\u00eda Nacional se muestran en tres salas de exposici\u00f3n en la planta baja del palacio.<\/li>\n<\/ul>\n<h3><span style=\"color: var(--tcb-skin-color-4); font-family: Literata; font-size: 26px; font-weight: var(--g-bold-weight,bold);\">2. Exposiciones cambiantes<\/span><\/h3>\n<p>Puede encontrar una descripci\u00f3n general actual y una vista previa de las exhibiciones cambiantes <a href=\"http:\/\/www.ngprague.cz\/en\/exhibitions-and-events\/exhibitions\" target=\"_blank\" style=\"outline: none;\" rel=\"noopener\">aqu\u00ed.<\/a><\/p>\n<h3>3. Arquitectura<\/h3>\n<p>Pero no solo la colecci\u00f3n del Palacio Schwarzenberg es impresionante, el edificio de tres alas ya merece una visita. Como uno de los edificios renacentistas m\u00e1s bellos e importantes de Praga, el Palacio Schwarzenberg se destaca entre los <a data-id=\"137\" data-type=\"page\" href=\"https:\/\/praguetouristinformation.com\/es\/cosas-que-hacer\/museos\" style=\"outline: none;\">museos de Praga<\/a> .<\/p>\n<p><strong>La fachada<\/strong> , que brilla con elaboradas <strong>decoraciones esgrafiadas<\/strong> , es particularmente inusual . El interior del edificio renacentista tambi\u00e9n est\u00e1 maravillosamente decorado con preciosas <strong>pinturas en el techo<\/strong> del siglo XVI.<\/p>\n<h2 id=\"t-1670591738823\">Entradas, entradas y visitas guiadas<\/h2>\n<p><span><img decoding=\"async\" alt=\"\" data-id=\"4128\" width=\"735\" data-init-width=\"1000\" height=\"492\" data-init-height=\"669\" title=\"Los turistas,caminar,pasar,Schwarzenberg,Palacio,que,elaboradamente,decorado,con,esgrafiados.\" loading=\"lazy\" src=\"https:\/\/praguetouristinformation.com\/es\/wp-content\/uploads\/2022\/12\/Schwarzenberg-Palace-Prague-Czech-Republic1.jpg\" data-width=\"735\" data-height=\"492\" data-pin-media=\"https:\/\/praguetouristinformation.com\/es\/wp-content\/uploads\/2021\/01\/17.jpg\" data-pin-description=\"Gu\u00eda del Palacio Schwarzenberg: informaci\u00f3n, exposici\u00f3n, entrada\" data-pin-url=\"https:\/\/praguetouristinformation.com\/es\/cosas-que-hacer\/museos\/palacio-schwarzenberg?tve=true&amp;tcbf=3c0ae20cee\" data-pinpro-key=\"bxsg1u2fd\"><\/span><\/p>\n<ul>\n<li><strong>Entrada:&nbsp;<\/strong> Los ni\u00f1os y j\u00f3venes menores de 26 a\u00f1os disfrutan de entrada gratuita.<\/li>\n<li><strong>Entradas:<\/strong> Los precios de entrada actuales para la exposici\u00f3n permanente del Palacio Schwarzenberg se pueden encontrar en el sitio <a href=\"http:\/\/www.ngprague.cz\/en\/event\/407\/old-masters\/4429\/tickets\" target=\"_blank\" style=\"outline: none;\" rel=\"noopener\">web<\/a> oficial .<\/li>\n<li><strong>Boleto combinado:&nbsp;<\/strong> hay un pase de 10 d\u00edas que otorga acceso a todas las exposiciones permanentes de la Galer\u00eda Nacional. Puede encontrar m\u00e1s informaci\u00f3n sobre esto en el <a href=\"http:\/\/www.ngprague.cz\/en\/about\/admission\" target=\"_blank\" style=\"outline: none;\" rel=\"noopener\">sitio web<\/a> de la Galer\u00eda Nacional.<\/li>\n<li><strong>Visitas guiadas:<\/strong> Actualmente no hay visitas guiadas al Palacio Schwarzenberg.<\/li>\n<\/ul>\n<h2 id=\"t-1670591738824\">\u00bfC\u00f3mo llego al Palacio Schwarzenberg?<\/h2>\n<p>El Palacio Schwarzenberg est\u00e1 ubicado en el \u00e1rea del <a href=\"https:\/\/praguetouristinformation.com\/es\/cosas-que-hacer\/castillo\" style=\"outline: none;\">Castillo de Praga<\/a> . La forma m\u00e1s f\u00e1cil de llegar es con el tranv\u00eda n\u00famero 22. Puede tomarlo desde el casco antiguo de <a data-id=\"742\" data-type=\"page\" href=\"https:\/\/praguetouristinformation.com\/es\/cosas-que-hacer\/ciudad-vieja\" style=\"outline: none;\">Praga<\/a> hasta la parada \u201cPra\u017esk\u00fd hrad\u201d (Castillo de Praga).<\/p>\n<p>Los visitantes encontrar\u00e1n el Palais Schwarzenberg en la Plaza del Castillo del Castillo de Praga.<\/p>\n<h2 id=\"t-1670591738825\">Historia del Palacio Schwarzenberg<\/h2>\n<p><span><img decoding=\"async\" alt=\"\" data-id=\"4125\" width=\"735\" data-init-width=\"1000\" height=\"490\" data-init-height=\"667\" title=\"Palacio Schwarzenberg Praga Rep\u00fablica Checa\" loading=\"lazy\" src=\"https:\/\/praguetouristinformation.com\/es\/wp-content\/uploads\/2022\/12\/Schwarzenberg-Palace-Prague-Czech-Republic2.jpg\" data-width=\"735\" data-height=\"490\" data-pin-media=\"https:\/\/praguetouristinformation.com\/es\/wp-content\/uploads\/2021\/01\/17.jpg\" data-pin-description=\"Gu\u00eda del Palacio Schwarzenberg: informaci\u00f3n, exposici\u00f3n, entrada\" data-pin-url=\"https:\/\/praguetouristinformation.com\/es\/cosas-que-hacer\/museos\/palacio-schwarzenberg?tve=true&amp;tcbf=3c0ae20cee\" data-pinpro-key=\"s41q7xxg4\"><\/span><\/p>\n<p>El Palacio Schwarzenberg fue construido entre 1545 y 1567 por Augustin Vlach en el lado sur de Burgplatz en estilo renacentista italiano.<\/p>\n<p>Erigido originalmente para la familia noble Lobkowicz, el magn\u00edfico edificio, que impresiona con su distintiva fachada esgrafiada en negro, solo pas\u00f3 a manos del Pr\u00edncipe zu Schwarzenberg a trav\u00e9s del matrimonio en 1719.<\/p>\n<p>Despu\u00e9s de que los comunistas tomaron el poder, el palacio se utiliz\u00f3 como museo de historia militar.<\/p>\n<p>Desde 2002, junto con el vecino <a data-id=\"820\" data-type=\"page\" href=\"https:\/\/praguetouristinformation.com\/es\/cosas-que-hacer\/museos\/palacio-salm\" style=\"outline: none;\">Palais Salm<\/a> , es propiedad de la Galer\u00eda Nacional de Praga, que hizo reformar la casa por completo. En 2008, el Palacio Schwarzenberg se abri\u00f3 al p\u00fablico como galer\u00eda de arte.<\/p>\n<h2 id=\"t-1670591738826\">Contacto<\/h2>\n<ul>\n<li><strong>Direcci\u00f3n:<\/strong> Palacio Schwarzenberg, Hrad\u010dansk\u00e9 n\u00e1m. 2, 118 00 Praga 1-Hrad\u010dany<\/li>\n<li><strong>Transporte p\u00fablico:<\/strong> l\u00ednea de tranv\u00eda 22 hasta \u00abPra\u017esk\u00fd hrad\u00bb<\/li>\n<li><strong>Horario<\/strong> de apertura : Puede encontrar los horarios de apertura actuales en el <a href=\"http:\/\/www.ngprague.cz\/en\/about\/buildings\/schwarzenberg-palace\" target=\"_blank\" style=\"outline: none;\" rel=\"noopener\">sitio web<\/a> del Palacio Schwarzenberg.<\/li>\n<li><strong>Sitio web: <\/strong>&nbsp;<a data-id=\"http:\/\/www.ngprague.cz\/en\/about\/buildings\/schwarzenberg-palace\" data-type=\"URL\" href=\"http:\/\/www.ngprague.cz\/en\/about\/buildings\/schwarzenberg-palace\" target=\"_blank\" style=\"outline: none;\" rel=\"noopener\">Palacio Schwarzenberg en Praga<\/a><\/li>\n<\/ul>\n","protected":false},"excerpt":{"rendered":"<p>El Palacio Schwarzenberg en el Castillo de Praga es uno de los edificios renacentistas m\u00e1s magn\u00edficos de Bohemia.&nbsp; El palacio alberga una exposici\u00f3n de esculturas y pinturas de los per\u00edodos renacentista y barroco. En esta gu\u00eda completa del Palacio de Schwarzenberg, aprender\u00e1 todo sobre la exposici\u00f3n, la historia e informaci\u00f3n \u00fatil sobre c\u00f3mo llegar y [&hellip;]<\/p>\n","protected":false},"author":6,"featured_media":1530,"parent":137,"menu_order":0,"comment_status":"open","ping_status":"closed","template":"","meta":{"footnotes":""},"categories":[],"tags":[22,19],"class_list":["post-818","page","type-page","status-publish","has-post-thumbnail","hentry","tag-museum","tag-sehenswuerdigkeiten","post-wrapper","thrv_wrapper"],"_links":{"self":[{"href":"https:\/\/praguetouristinformation.com\/es\/wp-json\/wp\/v2\/pages\/818","targetHints":{"allow":["GET"]}}],"collection":[{"href":"https:\/\/praguetouristinformation.com\/es\/wp-json\/wp\/v2\/pages"}],"about":[{"href":"https:\/\/praguetouristinformation.com\/es\/wp-json\/wp\/v2\/types\/page"}],"author":[{"embeddable":true,"href":"https:\/\/praguetouristinformation.com\/es\/wp-json\/wp\/v2\/users\/6"}],"replies":[{"embeddable":true,"href":"https:\/\/praguetouristinformation.com\/es\/wp-json\/wp\/v2\/comments?post=818"}],"version-history":[{"count":11,"href":"https:\/\/praguetouristinformation.com\/es\/wp-json\/wp\/v2\/pages\/818\/revisions"}],"predecessor-version":[{"id":4769,"href":"https:\/\/praguetouristinformation.com\/es\/wp-json\/wp\/v2\/pages\/818\/revisions\/4769"}],"up":[{"embeddable":true,"href":"https:\/\/praguetouristinformation.com\/es\/wp-json\/wp\/v2\/pages\/137"}],"wp:featuredmedia":[{"embeddable":true,"href":"https:\/\/praguetouristinformation.com\/es\/wp-json\/wp\/v2\/media\/1530"}],"wp:attachment":[{"href":"https:\/\/praguetouristinformation.com\/es\/wp-json\/wp\/v2\/media?parent=818"}],"wp:term":[{"taxonomy":"category","embeddable":true,"href":"https:\/\/praguetouristinformation.com\/es\/wp-json\/wp\/v2\/categories?post=818"},{"taxonomy":"post_tag","embeddable":true,"href":"https:\/\/praguetouristinformation.com\/es\/wp-json\/wp\/v2\/tags?post=818"}],"curies":[{"name":"wp","href":"https:\/\/api.w.org\/{rel}","templated":true}]}}