{"id":816,"date":"2020-10-19T11:43:02","date_gmt":"2020-10-19T11:43:02","guid":{"rendered":"https:\/\/praguetouristinformation.com\/es\/?page_id=816"},"modified":"2023-05-03T08:52:56","modified_gmt":"2023-05-03T08:52:56","slug":"palacio-lobkowicz","status":"publish","type":"page","link":"https:\/\/praguetouristinformation.com\/es\/cosas-que-hacer\/museos\/palacio-lobkowicz","title":{"rendered":"Gu\u00eda del Palacio Lobkowicz: Museo, Conciertos y Entradas"},"content":{"rendered":"<h3>El Palacio Lobkowicz del siglo XVI es parte del complejo del <a data-id=\"738\" data-type=\"page\" href=\"https:\/\/praguetouristinformation.com\/es\/sehenswuerdigkeiten\/burg\">Castillo de Praga<\/a> .<\/h3>\n<p>Alberga la colecci\u00f3n de arte privada de la familia Lobkowicz y es un lugar popular para conciertos de m\u00fasica cl\u00e1sica.<\/p>\n<p>En esta gu\u00eda completa del Palacio Lobkowicz, aprender\u00e1 todo sobre la exposici\u00f3n, los conciertos a la hora del almuerzo, la historia e informaci\u00f3n \u00fatil sobre c\u00f3mo llegar y las entradas.<\/p>\n<p>\u00a1Aqu\u00ed vamos!<\/p>\n<h2 id=\"t-1670590360025\">\u00bfQu\u00e9 puedo hacer en el Palacio Lobkowicz?<\/h2>\n<p><span><img decoding=\"async\" alt=\"\" data-id=\"4123\" width=\"735\" data-init-width=\"1000\" height=\"442\" data-init-height=\"601\" title=\"Palacio Lobkowicz Praga Rep\u00fablica Checa\" loading=\"lazy\" src=\"https:\/\/praguetouristinformation.com\/es\/wp-content\/uploads\/2022\/12\/Lobkowicz-Palace-Prague-Czech-Republic.jpg\" data-width=\"735\" data-height=\"442\" data-pin-media=\"https:\/\/praguetouristinformation.com\/es\/wp-content\/uploads\/2021\/01\/13.jpg\" data-pin-description=\"Gu\u00eda del Palacio Lobkowicz: Museo, Conciertos y Entradas 2022\" data-pin-url=\"https:\/\/praguetouristinformation.com\/es\/cosas-que-hacer\/museos\/palacio-lobkowicz?tve=true&amp;tcbf=3c0ae20cee\" data-pinpro-key=\"v78i6yq72\"><\/span><\/p>\n<p>Palais Lobkowicz no solo es una visita obligada para los amantes del arte, sino tambi\u00e9n para los amantes de la arquitectura y la historia.<\/p>\n<p>El Palais ofrece las siguientes experiencias:<\/p>\n<h3 id=\"t-1670590360026\">1. Museo Lobkowicz<\/h3>\n<p>La rica colecci\u00f3n de la familia Lobkowicz es la colecci\u00f3n de arte privada m\u00e1s antigua y m\u00e1s grande de la Rep\u00fablica Checa, raz\u00f3n por la cual el Museo Lobkowicz es uno de los <a data-id=\"137\" data-type=\"page\" href=\"https:\/\/praguetouristinformation.com\/es\/cosas-que-hacer\/museos\" style=\"outline: none;\">museos m\u00e1s dignos de ver en Praga<\/a> .<\/p>\n<p><span style=\"text-decoration: underline;\">Los visitantes pueden admirar lo siguiente en las 22 salas de exhibici\u00f3n:<\/span><\/p>\n<ul>\n<li><strong>Pinturas mundialmente famosas<\/strong> de Bruegel, Vel\u00e1zquez, Canaletto, Cranach y muchos m\u00e1s<\/li>\n<li><strong>Exposici\u00f3n<\/strong> de <strong>retratos familiares y reales.<\/strong><\/li>\n<li><strong>Colecci\u00f3n con armas y armaduras.<\/strong><\/li>\n<li><strong>Instrumentos musicales<\/strong> , as\u00ed como <strong>manuscritos originales anotados a mano<\/strong> por algunos de los mejores compositores del mundo, incluidos Mozart, Beethoven y Haydn.<\/li>\n<li>El Palaismuseum tambi\u00e9n alberga una <strong>biblioteca<\/strong> y una colecci\u00f3n de <strong>cer\u00e1mica y <\/strong><strong>porcelana<\/strong> fina .<\/li>\n<\/ul>\n<h3 id=\"t-1670590360027\">2. Conciertos de m\u00fasica cl\u00e1sica al mediod\u00eda<\/h3>\n<p>En el ambiente de la sala de conciertos barroca del Palais Lobkowicz, se ofrece a los visitantes un escenario \u00fanico para conciertos de m\u00fasica cl\u00e1sica.<\/p>\n<p>En los conciertos de la hora del almuerzo, que tienen lugar todos los d\u00edas en el palacio, puede escuchar obras famosas de Bach, Vivaldi o el compositor nacional checo Smetana.<\/p>\n<p>La sala de conciertos en s\u00ed tambi\u00e9n es impresionante, data del siglo XVII y est\u00e1 decorada con ricos techos con frescos.<\/p>\n<h3 id=\"t-1670590360028\">3. Caf\u00e9 en el Palacio Lobkowicz<\/h3>\n<p>El Lobkowicz Palace Caf\u00e9 est\u00e1 ubicado en la planta baja del palacio y deleita a sus visitantes con su hermosa terraza.<\/p>\n<p>Los visitantes pueden disfrutar de la hermosa vista de Praga con comida casera y vinos y cervezas galardonados.<\/p>\n<h3>4. Tienda de souvenirs<\/h3>\n<p>En la tienda de souvenirs, los visitantes encontrar\u00e1n una amplia selecci\u00f3n de <a data-id=\"326\" data-type=\"page\" href=\"https:\/\/praguetouristinformation.com\/es\/compras\/recuerdos\" style=\"outline: none;\">souvenirs t\u00edpicos de Praga<\/a> , como vidrio soplado a mano, pa\u00f1uelos de seda o joyas hechas a mano. Los vinos premiados de Lobkowicz tambi\u00e9n son populares. Una variedad de recuerdos est\u00e1n inspirados en las colecciones de arte.<\/p>\n<h2 id=\"t-1670590360029\">Entradas, entradas y visitas guiadas<\/h2>\n<ul>\n<li><strong>Admisi\u00f3n:&nbsp;<\/strong> Los precios de admisi\u00f3n actuales se pueden encontrar en el sitio&nbsp; <a href=\"https:\/\/www.lobkowicz.cz\/en\/lobkowicz-palace\" target=\"_blank\" style=\"outline: none;\" rel=\"noopener\">web<\/a> oficial del &nbsp;Palais .<\/li>\n<\/ul>\n<ul>\n<li><strong>Entrada para un concierto a la hora del almuerzo:&nbsp;<\/strong> La sala de conciertos del Palais Lobkowicz sirve como lugar para conciertos de m\u00fasica cl\u00e1sica todos los d\u00edas a la hora del almuerzo. Compra&nbsp; <a data-lt-tmp-id=\"lt-433870\" href=\"https:\/\/www.getyourguide.de\/prag-l10\/prag-romantisches-mittagskonzert-im-palais-lobkowicz-t48430\/?partner_id=0F6NPGN&amp;utm_medium=suppliers&amp;placement=%22other%22&amp;cmp=Prag\" rel=\"nofollow noopener\" spellcheck=\"false\" target=\"_blank\" style=\"outline: none;\">online aqu\u00ed tu entrada para un concierto a la hora del almuerzo en el Palacio Lobkowicz<\/a> &nbsp;y asegura tu plaza en la fecha que elijas.<strong><\/strong><\/li>\n<li><strong>Boleto combinado:&nbsp;<\/strong> los visitantes pueden comprar un boleto combinado que incluye la entrada al Palacio Lobkowicz y 5 atracciones del Castillo de Praga (Catedral de San Vito, Antiguo Palacio Real, Golden Lane, Bas\u00edlica de San Jorge). Compre&nbsp; <a href=\"https:\/\/www.getyourguide.de\/prag-l10\/lobkowicz-palast-und-prager-burg-tickets-fur-den-eintritt-t189021\/?partner_id=0F6NPGN&amp;utm_medium=suppliers&amp;placement=%22other%22&amp;cmp=Prag\" rel=\"nofollow noopener\" target=\"_blank\" style=\"outline: none;\">aqu\u00ed su entrada combinada para el Palacio Lobkowicz y el Castillo de Praga<\/a> &nbsp;antes de su viaje y evite las colas.<a href=\"https:\/\/www.getyourguide.de\/prag-l10\/lobkowicz-palast-und-prager-burg-tickets-fur-den-eintritt-t189021\/?partner_id=0F6NPGN&amp;utm_medium=suppliers&amp;placement=%22other%22&amp;cmp=Prag\" rel=\"nofollow noopener\" target=\"_blank\" style=\"outline: none;\"><\/a><strong><\/strong><\/li>\n<li><strong>Boleto combinado:&nbsp;<\/strong> Tambi\u00e9n est\u00e1 disponible un boleto combinado que incluye la entrada al Palacio Lobkowicz y un concierto en el palacio. \u00a1 Reserve el boleto combinado con la opci\u00f3n seleccionada&nbsp; <a href=\"https:\/\/www.getyourguide.de\/prag-l10\/prag-romantisches-mittagskonzert-im-palais-lobkowicz-t48430\/?partner_id=0F6NPGN&amp;utm_medium=suppliers&amp;placement=%22other%22&amp;cmp=Prag\" rel=\"nofollow noopener\" target=\"_blank\" style=\"outline: none;\">aqu\u00ed<\/a> !<a href=\"https:\/\/www.getyourguide.de\/prag-l10\/prag-romantisches-mittagskonzert-im-palais-lobkowicz-t48430\/?partner_id=0F6NPGN&amp;utm_medium=suppliers&amp;placement=%22other%22&amp;cmp=Prag\" rel=\"nofollow noopener\" target=\"_blank\" style=\"outline: none;\"><\/a><strong><\/strong><\/li>\n<li><strong>Entrada combinada:&nbsp;<\/strong> Existe una entrada combinada que da acceso al Palais Lobkowicz y al Loreto.<strong><\/strong><\/li>\n<li><strong>Visita guiada\/ <\/strong>&nbsp;<strong>audiogu\u00eda:&nbsp;<\/strong> una audiogu\u00eda gratuita en 9 idiomas gu\u00eda a los visitantes a trav\u00e9s de la colecci\u00f3n de primera clase. La audiogu\u00eda con informaci\u00f3n sobre la historia europea y los 700 a\u00f1os de historia de la familia Lobkowicz est\u00e1 incluida en el precio de la entrada. La duraci\u00f3n de la audiogu\u00eda es de una hora.<\/li>\n<\/ul>\n<h2 id=\"t-1670590360031\">\u00bfC\u00f3mo llego al Palacio Lobkowicz?<\/h2>\n<p>El Palacio Lobkowicz se encuentra en la zona del Castillo de Praga. La forma m\u00e1s f\u00e1cil de llegar es con el tranv\u00eda n\u00famero 22. Puede tomarlo desde el casco antiguo de <a data-id=\"742\" data-type=\"page\" href=\"https:\/\/praguetouristinformation.com\/es\/cosas-que-hacer\/ciudad-vieja\" style=\"outline: none;\">Praga<\/a> hasta la parada \u201cPra\u017esk\u00fd hrad\u201d (Castillo de Praga).<\/p>\n<p>El palacio se encuentra en la parte este del Castillo de Praga.<\/p>\n<h2 id=\"t-1670590360032\">Historia del Palacio Lobkowicz<\/h2>\n<p><span><img decoding=\"async\" alt=\"\" data-id=\"4122\" width=\"735\" data-init-width=\"1000\" height=\"490\" data-init-height=\"667\" title=\"Palacio Lobkowicz Praga Rep\u00fablica Checa\" loading=\"lazy\" src=\"https:\/\/praguetouristinformation.com\/es\/wp-content\/uploads\/2022\/12\/Lobkowicz-Palace-Prague-Czech-Republic-1.jpg\" data-width=\"735\" data-height=\"490\" data-pin-media=\"https:\/\/praguetouristinformation.com\/es\/wp-content\/uploads\/2021\/01\/13.jpg\" data-pin-description=\"Gu\u00eda del Palacio Lobkowicz: Museo, Conciertos y Entradas 2022\" data-pin-url=\"https:\/\/praguetouristinformation.com\/es\/cosas-que-hacer\/museos\/palacio-lobkowicz?tve=true&amp;tcbf=3c0ae20cee\" data-pinpro-key=\"zoaczc6u5\"><\/span><\/p>\n<p>El Palacio Lobkowicz en <a href=\"https:\/\/praguetouristinformation.com\/es\/cosas-que-hacer\/castillo\" style=\"outline: none;\">el Castillo de Praga<\/a> fue construido alrededor de 1550 por el noble checo Jaroslav Pern\u0161tejn como sede representativa de su familia.<\/p>\n<p>Importantes eventos hist\u00f3ricos est\u00e1n asociados con el palacio: cuando la Segunda Defenestraci\u00f3n de Praga tuvo lugar en 1618 en el <a data-id=\"685\" data-type=\"page\" href=\"https:\/\/praguetouristinformation.com\/es\/cosas-que-hacer\/castillo\/antiguo-palacio-real\" style=\"outline: none;\">Antiguo Palacio Real<\/a> del Castillo de Praga, los gobernadores cat\u00f3licos, arrojados por la ventana por los rebeldes protestantes, buscaron refugio en el Palacio Lobkowicz, que Polyxena de Pern\u0161tejn concedido.<\/p>\n<p>No fue hasta 1623, cuando Polyxena de Pern\u0161tejn se cas\u00f3 con Zden\u011bk Vojt\u011bch de Lobkowicz, que el palacio pas\u00f3 a manos de la noble familia Lobkowicz. Durante los pr\u00f3ximos tres siglos, la familia reconstruy\u00f3 el palacio en algunos lugares.<\/p>\n<p>El palacio barroco permaneci\u00f3 en posesi\u00f3n de la familia Lobkowicz hasta 1939. En 1939, el r\u00e9gimen nazi confisc\u00f3 el magn\u00edfico edificio y todas las posesiones de la familia Lobkowicz. Despu\u00e9s del final de la Segunda Guerra Mundial en 1945, la familia recuper\u00f3 su propiedad.<\/p>\n<p>Sin embargo, la situaci\u00f3n dur\u00f3 poco: en 1948 la propiedad fue confiscada nuevamente, esta vez por el r\u00e9gimen comunista. No fue hasta 2002, despu\u00e9s de un proceso de devoluci\u00f3n de 12 a\u00f1os, que el Palacio Lobkowicz fue devuelto a sus leg\u00edtimos propietarios.<\/p>\n<p>El palacio ha estado abierto al p\u00fablico como museo privado desde 2007. Hoy es el \u00fanico edificio de propiedad privada en el complejo del Castillo de Praga.<\/p>\n<h2 id=\"t-1670590360033\">Contacto<\/h2>\n<ul>\n<li><strong>Direcci\u00f3n:<\/strong> Palacio Lobkowicz, Ji\u0159sk\u00e1 3, 119 00 Praga<\/li>\n<li><strong>Transporte p\u00fablico:<\/strong> l\u00ednea de tranv\u00eda 22 hasta \u00abPra\u017esk\u00fd hrad\u00bb<\/li>\n<li><strong>Horario<\/strong> de apertura : Puede encontrar los horarios de apertura actuales en el <a href=\"https:\/\/www.lobkowicz.cz\/en\/lobkowicz-palace\" target=\"_blank\" style=\"outline: none;\" rel=\"noopener\">sitio web<\/a> del Palais Lobkowicz .<\/li>\n<li><strong>Sitio web: <\/strong>&nbsp;<a href=\"https:\/\/www.lobkowicz.cz\/en\/lobkowicz-palace\" style=\"outline: none;\" data-lt-tmp-id=\"lt-426073\" spellcheck=\"false\" target=\"_blank\" rel=\"noopener\">Palacio Lobkowicz en Praga<\/a><\/li>\n<\/ul>\n","protected":false},"excerpt":{"rendered":"<p>El Palacio Lobkowicz del siglo XVI es parte del complejo del Castillo de Praga . Alberga la colecci\u00f3n de arte privada de la familia Lobkowicz y es un lugar popular para conciertos de m\u00fasica cl\u00e1sica. En esta gu\u00eda completa del Palacio Lobkowicz, aprender\u00e1 todo sobre la exposici\u00f3n, los conciertos a la hora del almuerzo, la [&hellip;]<\/p>\n","protected":false},"author":6,"featured_media":1526,"parent":137,"menu_order":0,"comment_status":"open","ping_status":"closed","template":"","meta":{"footnotes":""},"categories":[],"tags":[22,19],"class_list":["post-816","page","type-page","status-publish","has-post-thumbnail","hentry","tag-museum","tag-sehenswuerdigkeiten","post-wrapper","thrv_wrapper"],"_links":{"self":[{"href":"https:\/\/praguetouristinformation.com\/es\/wp-json\/wp\/v2\/pages\/816","targetHints":{"allow":["GET"]}}],"collection":[{"href":"https:\/\/praguetouristinformation.com\/es\/wp-json\/wp\/v2\/pages"}],"about":[{"href":"https:\/\/praguetouristinformation.com\/es\/wp-json\/wp\/v2\/types\/page"}],"author":[{"embeddable":true,"href":"https:\/\/praguetouristinformation.com\/es\/wp-json\/wp\/v2\/users\/6"}],"replies":[{"embeddable":true,"href":"https:\/\/praguetouristinformation.com\/es\/wp-json\/wp\/v2\/comments?post=816"}],"version-history":[{"count":14,"href":"https:\/\/praguetouristinformation.com\/es\/wp-json\/wp\/v2\/pages\/816\/revisions"}],"predecessor-version":[{"id":4768,"href":"https:\/\/praguetouristinformation.com\/es\/wp-json\/wp\/v2\/pages\/816\/revisions\/4768"}],"up":[{"embeddable":true,"href":"https:\/\/praguetouristinformation.com\/es\/wp-json\/wp\/v2\/pages\/137"}],"wp:featuredmedia":[{"embeddable":true,"href":"https:\/\/praguetouristinformation.com\/es\/wp-json\/wp\/v2\/media\/1526"}],"wp:attachment":[{"href":"https:\/\/praguetouristinformation.com\/es\/wp-json\/wp\/v2\/media?parent=816"}],"wp:term":[{"taxonomy":"category","embeddable":true,"href":"https:\/\/praguetouristinformation.com\/es\/wp-json\/wp\/v2\/categories?post=816"},{"taxonomy":"post_tag","embeddable":true,"href":"https:\/\/praguetouristinformation.com\/es\/wp-json\/wp\/v2\/tags?post=816"}],"curies":[{"name":"wp","href":"https:\/\/api.w.org\/{rel}","templated":true}]}}