{"id":785,"date":"2020-10-16T09:05:19","date_gmt":"2020-10-16T09:05:19","guid":{"rendered":"https:\/\/praguetouristinformation.com\/es\/?page_id=785"},"modified":"2023-05-03T08:56:35","modified_gmt":"2023-05-03T08:56:35","slug":"tecnico","status":"publish","type":"page","link":"https:\/\/praguetouristinformation.com\/es\/cosas-que-hacer\/museos\/tecnico","title":{"rendered":"Museo T\u00e9cnico Nacional: Gu\u00eda con informaci\u00f3n sobre la exposici\u00f3n, entradas e historia"},"content":{"rendered":"<h3>El Museo T\u00e9cnico Nacional es uno de los <a data-id=\"137\" data-type=\"page\" href=\"https:\/\/praguetouristinformation.com\/es\/cosas-que-hacer\/museos\" style=\"outline: none;\">museos m\u00e1s dignos de ver en Praga<\/a> .<\/h3>\n<p>El extenso edificio del museo ofrece a los visitantes una visi\u00f3n del mundo de la tecnolog\u00eda. La colecci\u00f3n documenta extensamente el desarrollo de la tecnolog\u00eda, la industria y las ciencias naturales en la regi\u00f3n.<\/p>\n<p>En esta gu\u00eda del Museo Nacional de la T\u00e9cnica conocer\u00e1s todo sobre la exposici\u00f3n, historia e informaci\u00f3n \u00fatil sobre c\u00f3mo llegar, entradas y recorridos.<\/p>\n<h2 id=\"t-1670589656380\"><strong>\u00bfQu\u00e9 puedo hacer en el <\/strong><strong>Museo T\u00e9cnico Nacional <\/strong><strong>?<\/strong><\/h2>\n<p><span><img decoding=\"async\" alt=\"\" data-id=\"4119\" width=\"735\" data-init-width=\"1000\" height=\"560\" data-init-height=\"762\" title=\"Museo T\u00e9cnico Nacional Praga, Rep\u00fablica Checa\" loading=\"lazy\" src=\"https:\/\/praguetouristinformation.com\/es\/wp-content\/uploads\/2022\/12\/National-Technical-Museum-Prague-Czech-Republic-1.jpg\" data-width=\"735\" data-height=\"560\" data-pin-media=\"https:\/\/praguetouristinformation.com\/es\/wp-content\/uploads\/2021\/03\/Prag_15-sehenswuerdigkeiten-fuer_kinder_pinterest.jpg\" data-pin-description=\"Top Sehensw\u00fcrdigkeit und unser Tipp: Das Technische Nationalmuseum\" data-pin-url=\"https:\/\/praguetouristinformation.com\/es\/cosas-que-hacer\/museos\/tecnico?tve=true&amp;tcbf=3c0ae20cee\" data-pinpro-key=\"131zwgjq4\"><\/span><\/p>\n<p><span style=\"color: var(--tcb-skin-color-4); font-weight: var(--g-regular-weight,normal);\">Las exhibiciones m\u00e1s emocionantes, incluidas exhibiciones raras y \u00fanicas, se presentan tanto en las exhibiciones permanentes como en las exhibiciones temporales.&nbsp;<\/span><\/p>\n<h3 id=\"t-1670589656381\">Exhibici\u00f3n permanente<\/h3>\n<p>Un total de 15 exposiciones permanentes llevan a los visitantes a un viaje informativo. La exposici\u00f3n sobre el tema de los medios de transporte es especialmente popular, donde los visitantes pueden admirar numerosas locomotoras de vapor, coches antiguos, motocicletas y aviones. Tambi\u00e9n vale la pena ver la exposici\u00f3n permanente de astronom\u00eda con un meteorito de casi 500 a\u00f1os.<\/p>\n<p><strong>Aqu\u00ed hay una descripci\u00f3n general de todas las exposiciones permanentes:<\/strong><\/p>\n<ul>\n<li>Modo de transporte<\/li>\n<li>Arquitectura, Construcci\u00f3n y Dise\u00f1o<\/li>\n<li>astronom\u00eda<\/li>\n<li>impresi\u00f3n<\/li>\n<li>fotograf\u00eda<\/li>\n<li>qu\u00edmica a nuestro alrededor<\/li>\n<li>InterCamera \u2013 espacio, color y movimiento<\/li>\n<li>sala de juegos mercurio<\/li>\n<li>Tecnolog\u00eda en el hogar (electrodom\u00e9sticos)<\/li>\n<li>tecnolog\u00eda en juguetes<\/li>\n<li>Miner\u00eda&nbsp;<\/li>\n<li>Metalurgia\/ Metalurgia<\/li>\n<li>cronometraje<\/li>\n<li>az\u00facar y chocolate<\/li>\n<li>estudio de televisi\u00f3n<\/li>\n<\/ul>\n<h3 id=\"t-1670589656382\">Exposiciones cambiantes<\/h3>\n<p>Numerosas exposiciones temporales tienen lugar en el museo varias veces al a\u00f1o y enriquecen la oferta del museo.<\/p>\n<ul>\n<li>Puede encontrar una descripci\u00f3n general y una vista previa de las exhibiciones cambiantes <a href=\"http:\/\/www.ntm.cz\/en\/en-expozice\/vystavy\" target=\"_blank\" style=\"outline: none;\" rel=\"noopener\">aqu\u00ed<\/a> .<strong><\/strong><\/li>\n<\/ul>\n<h3>Otros departamentos<\/h3>\n<p>Los visitantes que deseen profundizar en el tema pueden encontrar m\u00e1s informaci\u00f3n en el <strong>archivo<\/strong> o la <strong>biblioteca<\/strong> del museo .<\/p>\n<p>El museo tambi\u00e9n cuenta con un <strong>centro de investigaci\u00f3n<\/strong> .<\/p>\n<h3>Caf\u00e9 en el museo<\/h3>\n<p>El museo alberga una cafeter\u00eda de estilo retro, que impresiona con su cultura cafetera y su panader\u00eda tradicional. El caf\u00e9 concede gran importancia a los productos frescos y regionales.<\/p>\n<h2 id=\"t-1670589656383\"><strong>Entradas, entradas y visitas guiadas<\/strong><\/h2>\n<ul>\n<li><strong>Boleto:&nbsp;<\/strong> Puede encontrar una descripci\u00f3n general de los precios actuales de los boletos <a href=\"http:\/\/www.ntm.cz\/en\/en-muzeum\/navstivte-nas#vstupne\" target=\"_blank\" style=\"outline: none;\" rel=\"noopener\">aqu\u00ed<\/a> .<\/li>\n<li><strong>Visita guiada:&nbsp;<\/strong> El extenso Museo Nacional T\u00e9cnico se puede explorar como parte de una visita guiada. Las visitas guiadas est\u00e1n disponibles en ingl\u00e9s y checo.<\/li>\n<li><strong>Talleres:<\/strong> El museo tambi\u00e9n ofrece varios talleres. Los precios actuales se pueden encontrar en el <a href=\"http:\/\/www.ntm.cz\/en\/en-muzeum\/navstivte-nas#vstupne\" target=\"_blank\" style=\"outline: none;\" rel=\"noopener\">sitio web<\/a> del museo .<\/li>\n<\/ul>\n<h2 id=\"t-1670589656384\"><strong>\u00bfC\u00f3mo llego al <\/strong><strong>Museo Nacional de la T\u00e9cnica?<\/strong><\/h2>\n<p>El Museo T\u00e9cnico Nacional est\u00e1 ubicado justo al lado del Parque Letn\u00e1, al norte del centro de la ciudad en el <a data-id=\"1100\" data-type=\"page\" href=\"https:\/\/praguetouristinformation.com\/es\/planen\/bezirke\" style=\"outline: none;\">distrito<\/a> de Praga 7 &nbsp; .<\/p>\n<p>La forma m\u00e1s f\u00e1cil de llegar en <a data-id=\"775\" data-type=\"page\" href=\"https:\/\/praguetouristinformation.com\/es\/plan\/transporte-publico\" style=\"outline: none;\">transporte p\u00fablico es tomando el tranv\u00eda 8 o 26 desde el casco antiguo de Praga. <\/a>Tome este hasta la estaci\u00f3n Letensk\u00e9 n\u00e1m\u011bst\u00ed y luego camine durante unos 6 minutos.<\/p>\n<h2 id=\"t-1670589656386\"><strong>Historia del Museo T\u00e9cnico Nacional<\/strong><\/h2>\n<p><span><img decoding=\"async\" alt=\"\" data-id=\"4120\" width=\"735\" data-init-width=\"1000\" height=\"490\" data-init-height=\"667\" title=\"Museo T\u00e9cnico Nacional Praga, Rep\u00fablica Checa\" loading=\"lazy\" src=\"https:\/\/praguetouristinformation.com\/es\/wp-content\/uploads\/2022\/12\/National-Technical-Museum-Prague-Czech-Republic.jpg\" data-width=\"735\" data-height=\"490\" data-pin-media=\"https:\/\/praguetouristinformation.com\/es\/wp-content\/uploads\/2021\/03\/Prag_15-sehenswuerdigkeiten-fuer_kinder_pinterest.jpg\" data-pin-description=\"Top Sehensw\u00fcrdigkeit und unser Tipp: Das Technische Nationalmuseum\" data-pin-url=\"https:\/\/praguetouristinformation.com\/es\/cosas-que-hacer\/museos\/tecnico?tve=true&amp;tcbf=3c0ae20cee\" data-pinpro-key=\"y8sdguif0\"><\/span><\/p>\n<p>El Museo T\u00e9cnico Nacional fue fundado en 1908 con el nombre de \u00abMuseo T\u00e9cnico del Reino Checo\u00bb. En particular, profesores de universidades t\u00e9cnicas checas apoyaron la fundaci\u00f3n del museo.<\/p>\n<p>El museo inaugur\u00f3 su primera exposici\u00f3n el 28 de marzo de 1910 en el <a data-id=\"818\" data-type=\"page\" href=\"https:\/\/praguetouristinformation.com\/es\/cosas-que-hacer\/museos\/palacio-schwarzenberg\" style=\"outline: none;\">Palacio Schwarzenberg<\/a> .<\/p>\n<p>En 1939 el museo pas\u00f3 a llamarse Museo T\u00e9cnico Nacional. Ha estado en su ubicaci\u00f3n actual cerca del parque Letn\u00e1 desde 1941. El nuevo edificio del museo fue construido en 1938-1941 seg\u00fan el dise\u00f1o de Milan Babu\u0161ka.<\/p>\n<p>Para que el edificio cumpliera con las necesidades del museo, se renov\u00f3 masivamente entre 2003 y 2011.<\/p>\n<p>El 16 de febrero de 2011, el Museo Nacional de la T\u00e9cnica volvi\u00f3 a ser accesible a los visitantes y desde entonces goza de gran popularidad.<\/p>\n<h2 id=\"t-1670589656387\"><strong>Contacto<\/strong><\/h2>\n<ul>\n<li><strong>Direcci\u00f3n:<\/strong> N\u00e1rodn\u00ed technick\u00e9 muzeum, Kosteln\u00ed 42, 170 78, Praga<strong><\/strong><\/li>\n<li><strong>Transporte p\u00fablico:<\/strong> Tranv\u00eda l\u00ednea 8 o 26 hasta la estaci\u00f3n \u201cLetensk\u00e9 n\u00e1m\u011bst\u00ed\u201d<\/li>\n<li><strong>Horario<\/strong> de apertura : Los horarios de apertura actuales se pueden encontrar en el <a href=\"http:\/\/www.ntm.cz\/en\/en-muzeum\/navstivte-nas\" target=\"_blank\" style=\"outline: none;\" rel=\"noopener\">sitio web<\/a> del museo .<strong><\/strong><\/li>\n<li><strong>Sitio web: <\/strong>&nbsp;<a href=\"http:\/\/www.ntm.cz\/en\" style=\"outline: none;\" data-lt-tmp-id=\"lt-884527\" spellcheck=\"false\" target=\"_blank\" rel=\"noopener\">Museo T\u00e9cnico Nacional de Praga<\/a><a href=\"http:\/\/www.ntm.cz\/en\" style=\"outline: none;\" data-lt-tmp-id=\"lt-884527\" spellcheck=\"false\" target=\"_blank\" rel=\"noopener\"><\/a><\/li>\n<\/ul>\n","protected":false},"excerpt":{"rendered":"<p>El Museo T\u00e9cnico Nacional es uno de los museos m\u00e1s dignos de ver en Praga . El extenso edificio del museo ofrece a los visitantes una visi\u00f3n del mundo de la tecnolog\u00eda. La colecci\u00f3n documenta extensamente el desarrollo de la tecnolog\u00eda, la industria y las ciencias naturales en la regi\u00f3n. En esta gu\u00eda del Museo [&hellip;]<\/p>\n","protected":false},"author":6,"featured_media":1541,"parent":137,"menu_order":0,"comment_status":"open","ping_status":"closed","template":"","meta":{"footnotes":""},"categories":[],"tags":[22,19],"class_list":["post-785","page","type-page","status-publish","has-post-thumbnail","hentry","tag-museum","tag-sehenswuerdigkeiten","post-wrapper","thrv_wrapper"],"_links":{"self":[{"href":"https:\/\/praguetouristinformation.com\/es\/wp-json\/wp\/v2\/pages\/785","targetHints":{"allow":["GET"]}}],"collection":[{"href":"https:\/\/praguetouristinformation.com\/es\/wp-json\/wp\/v2\/pages"}],"about":[{"href":"https:\/\/praguetouristinformation.com\/es\/wp-json\/wp\/v2\/types\/page"}],"author":[{"embeddable":true,"href":"https:\/\/praguetouristinformation.com\/es\/wp-json\/wp\/v2\/users\/6"}],"replies":[{"embeddable":true,"href":"https:\/\/praguetouristinformation.com\/es\/wp-json\/wp\/v2\/comments?post=785"}],"version-history":[{"count":12,"href":"https:\/\/praguetouristinformation.com\/es\/wp-json\/wp\/v2\/pages\/785\/revisions"}],"predecessor-version":[{"id":4771,"href":"https:\/\/praguetouristinformation.com\/es\/wp-json\/wp\/v2\/pages\/785\/revisions\/4771"}],"up":[{"embeddable":true,"href":"https:\/\/praguetouristinformation.com\/es\/wp-json\/wp\/v2\/pages\/137"}],"wp:featuredmedia":[{"embeddable":true,"href":"https:\/\/praguetouristinformation.com\/es\/wp-json\/wp\/v2\/media\/1541"}],"wp:attachment":[{"href":"https:\/\/praguetouristinformation.com\/es\/wp-json\/wp\/v2\/media?parent=785"}],"wp:term":[{"taxonomy":"category","embeddable":true,"href":"https:\/\/praguetouristinformation.com\/es\/wp-json\/wp\/v2\/categories?post=785"},{"taxonomy":"post_tag","embeddable":true,"href":"https:\/\/praguetouristinformation.com\/es\/wp-json\/wp\/v2\/tags?post=785"}],"curies":[{"name":"wp","href":"https:\/\/api.w.org\/{rel}","templated":true}]}}