{"id":780,"date":"2020-10-15T15:13:27","date_gmt":"2020-10-15T15:13:27","guid":{"rendered":"https:\/\/praguetouristinformation.com\/es\/?page_id=780"},"modified":"2023-05-03T12:12:27","modified_gmt":"2023-05-03T12:12:27","slug":"la-vida-nocturna","status":"publish","type":"page","link":"https:\/\/praguetouristinformation.com\/es\/la-vida-nocturna","title":{"rendered":"Gu\u00eda de la vida nocturna de Praga: Barrios de moda y consejos"},"content":{"rendered":"<h1>Gu\u00eda de la vida nocturna de Praga<\/h1>\n<p style=\"\">Los distritos de vida nocturna m\u00e1s modernos de Praga.<\/p>\n<p style=\"\">\n<p style=\"\">Dentro de bares, clubes, restaurantes y consejos generales para una noche vibrante en la escena de Praga.<\/p>\n<h2 id=\"t-1670492330127\">\u00bfQu\u00e9 tengo que saber?<\/h2>\n<p dir=\"ltr\">\u00a1Praga es una ciudad cosmopolita! Incluso si la vida nocturna no puede seguir el ritmo de las metr\u00f3polis como Londres o Berl\u00edn, sigue siendo desafiante y emocionante. Detr\u00e1s de su patrimonio art\u00edstico y cultural, Praga tambi\u00e9n esconde un alma joven, que se manifiesta en una vibrante vida nocturna.&nbsp;<\/p>\n<p dir=\"ltr\">Hay lugares para salir para todos los presupuestos: desde pubs acogedores y econ\u00f3micos hasta bares de moda con clase y clubes nocturnos escandalosamente caros. La mayor\u00eda de los lugares est\u00e1n abiertos todos los d\u00edas del a\u00f1o, pero algunos clubes al aire libre solo abren en verano.<\/p>\n<p dir=\"ltr\">Praga es un destino para los fan\u00e1ticos de la m\u00fasica electr\u00f3nica y, aunque los clubes pueden describirse como peque\u00f1os, la calidad es de primera. Si no te gustan las discotecas, puedes ir a un bar con m\u00fasica en vivo, a una cervecer\u00eda, a un pub oa un concierto de m\u00fasica cl\u00e1sica.<\/p>\n<h3 id=\"t-1670492330128\">Consejos de vida nocturna<\/h3>\n<ul>\n<li style=\"\"><span style=\"\"><strong>Horario:<\/strong> \u00a1Praga no duerme! Desde la puesta del sol hasta las primeras horas de la ma\u00f1ana.&nbsp;<\/span><\/li>\n<li style=\"\"><span style=\"\"><strong>Distrito de vida nocturna:<\/strong> Puente de Carlos hasta la Plaza de la Ciudad Vieja y la Plaza de Wenceslao<\/span><\/li>\n<li><span><strong>Precios:<\/strong> Se aplican precios europeos.&nbsp;<\/span><\/li>\n<\/ul>\n<p style=\"\"><strong><span><span style=\"text-decoration: underline;\">Cerveza en Praga:&nbsp;<\/span><\/span><\/strong> Se dice que la mejor cerveza se elabora en la Rep\u00fablica Checa, hay alrededor de 40.000 pubs en todo el pa\u00eds, con 140 litros por habitante el pa\u00eds tiene el consumo de cerveza m\u00e1s alto del mundo.<\/p>\n<p style=\"\">Muchas marcas de cerveza famosas provienen de Praga y el pub todav\u00eda se considera el lugar de encuentro p\u00fablico m\u00e1s popular.<!--[if !supportLineBreakNewLine]--><\/p>\n<p><span><a href=\"https:\/\/viennatouristinformation.com\/wp-content\/uploads\/2020\/09\/Beyoglu-at-Night-Itanbul-Turkey.jpg\" target=\"_blank\" rel=\"noopener\"><img decoding=\"async\" alt=\"Puente de Carlos a la Plaza de la Ciudad Vieja de Praga\" data-id=\"2283\" data-init-width=\"1000\" data-init-height=\"667\" title=\"Puente de Carlos a la Plaza de la Ciudad Vieja de Praga\" src=\"https:\/\/praguetouristinformation.com\/es\/wp-content\/uploads\/2020\/12\/Karlsbruecke-bis-Altstaedter-Ring.jpg\" data-width=\"1000\" data-height=\"667\" data-link-wrap=\"true\" style=\"\" loading=\"lazy\" width=\"1000\" height=\"667\" data-pin-media=\"https:\/\/praguetouristinformation.com\/es\/wp-content\/uploads\/2021\/02\/50.jpg\" data-pin-description=\"Nightlife Guide - Prague Tourist Information\" data-pin-url=\"https:\/\/praguetouristinformation.com\/es\/nightlife?tve=true&amp;tcbf=a654d9bcc3\"><\/a><\/span><\/p>\n<h2 style=\"text-align: left;\" id=\"t-1670492330129\">Puente de Carlos a la Plaza de la Ciudad Vieja<\/h2>\n<p>Entre el <a href=\"https:\/\/praguetouristinformation.com\/es\/cosas-que-hacer\/puente-de-carlos\" target=\"_blank\" style=\"outline: none;\" rel=\"noopener\">Puente de Carlos<\/a> y la Plaza de la <a href=\"https:\/\/praguetouristinformation.com\/es\/cosas-que-hacer\/ciudad-vieja\/anillo-de-la-ciudad-vieja\" target=\"_blank\" style=\"outline: none;\" rel=\"noopener\">Ciudad Vieja<\/a> hay innumerables bares, pubs y discotecas. En cada callej\u00f3n del casco antiguo hay un lugar donde puedes celebrar.<\/p>\n<p>El Kalovy L\u00e1zn\u011b es el club m\u00e1s grande de Europa Central y est\u00e1 ubicado justo al lado del Puente de Carlos. Se tocan varios estilos de m\u00fasica en 5 plantas. La multitud es mixta, lugare\u00f1os y turistas, estudiantes y jubilados.<\/p>\n<p>Esta zona es muy animada y frecuentada por locales y turistas gracias a las numerosas discotecas y pubs con buena cerveza, gastronom\u00eda local y m\u00fasica en directo hasta altas horas de la noche.<\/p>\n<p>Hay algunos restaurantes m\u00e1s exclusivos justo en el r\u00edo Vltava. Los ejemplos incluyen el restaurante Kampa Park y La Degustation Boh\u00eame Bourgeoise, el \u00fanico restaurante con estrella Michelin de Praga.&nbsp;<\/p>\n<p><span><a href=\"https:\/\/viennatouristinformation.com\/wp-content\/uploads\/2020\/09\/Istanbul-Kadikoy-at-Night.jpg\" target=\"_blank\" rel=\"noopener\"><img decoding=\"async\" alt=\"Plaza de Wenceslao, Praga\" data-id=\"2285\" data-init-width=\"1000\" data-init-height=\"667\" title=\"Plaza de Wenceslao, Praga\" src=\"https:\/\/praguetouristinformation.com\/es\/wp-content\/uploads\/2020\/12\/Wenzelsplatz.jpg\" data-width=\"1024\" data-height=\"683\" data-link-wrap=\"true\" style=\"\" loading=\"lazy\" width=\"1024\" height=\"683\" data-pin-media=\"https:\/\/praguetouristinformation.com\/es\/wp-content\/uploads\/2021\/02\/50.jpg\" data-pin-description=\"Nightlife Guide - Prague Tourist Information\" data-pin-url=\"https:\/\/praguetouristinformation.com\/es\/nightlife?tve=true&amp;tcbf=a654d9bcc3\"><\/a><\/span><\/p>\n<h2 id=\"t-1670492330130\">Plaza de Wenceslao<\/h2>\n<p>Hay muchas tabernas, pubs, clubes y discotecas en <a href=\"https:\/\/praguetouristinformation.com\/es\/cosas-que-hacer\/ciudad-vieja\/plaza-de-wenceslao\" target=\"_blank\" style=\"outline: none;\" rel=\"noopener\">la Plaza de Wenceslao<\/a> y sus alrededores . Hay algo para todos los gustos aqu\u00ed.<\/p>\n<p>Particularmente conocido es Club Duplex, un enorme cubo de vidrio que ocupa los dos pisos superiores de un edificio en la Plaza de Wenceslao. Aqu\u00ed puedes disfrutar de la vista durante el d\u00eda y de la fiesta por la noche. Mick Jagger celebr\u00f3 aqu\u00ed su 60 cumplea\u00f1os.<\/p>\n<p>En algunas calles laterales hay establecimientos que recuerdan al barrio rojo.<\/p>\n<p><span><a href=\"https:\/\/viennatouristinformation.com\/wp-content\/uploads\/2020\/09\/Istanbul-Bosphorus-Night-Cruise-Turkey.jpg\" target=\"_blank\" rel=\"noopener\"><img decoding=\"async\" alt=\"Crucero con cena Moldava en Praga\" data-id=\"2288\" data-init-width=\"1000\" data-init-height=\"667\" title=\"Crucero con cena Moldava en Praga\" src=\"https:\/\/praguetouristinformation.com\/es\/wp-content\/uploads\/2020\/12\/Moldau-Dinner-Cruise.jpg\" data-width=\"1024\" data-height=\"683\" data-link-wrap=\"true\" loading=\"lazy\" width=\"1024\" height=\"683\" data-pin-media=\"https:\/\/praguetouristinformation.com\/es\/wp-content\/uploads\/2021\/02\/50.jpg\" data-pin-description=\"Nightlife Guide - Prague Tourist Information\" data-pin-url=\"https:\/\/praguetouristinformation.com\/es\/nightlife?tve=true&amp;tcbf=a654d9bcc3\"><\/a><\/span><\/p>\n<h2 id=\"t-1670492330131\">Crucero con cena en Moldavia<\/h2>\n<p data-v-55dc4b97=\"\" data-v-6c3bdb6d=\"\">D\u00e9jate deslumbrar por las luces de la ciudad, que son a\u00fan m\u00e1s impresionantes desde el agua, y experimenta Praga desde una perspectiva diferente.<\/p>\n<p>Experimente una magn\u00edfica vista panor\u00e1mica del Puente de Carlos iluminado, el Castillo de Praga y el horizonte de la ciudad de las mil torres desde la comodidad de un barco en el r\u00edo Vltava y pase por una esclusa hist\u00f3rica.<\/p>\n<p>Disfrute del ambiente mientras se sirve una cena de varios platos en la cubierta. Cuando el clima es fresco, puede sentarse en el interior climatizado y disfrutar de la vista a trav\u00e9s de las ventanas panor\u00e1micas del piso al techo de los barcos fluviales.<\/p>\n<p><span><a href=\"https:\/\/viennatouristinformation.com\/wp-content\/uploads\/2020\/09\/Istanbul-Bosphorus-Night-Cruise-Turkey.jpg\" target=\"_blank\" rel=\"noopener\"><img decoding=\"async\" alt=\"Recorrido de bares por Praga\" data-id=\"2290\" data-init-width=\"1000\" data-init-height=\"667\" title=\"Recorrido de bares por Praga\" src=\"https:\/\/praguetouristinformation.com\/es\/wp-content\/uploads\/2020\/12\/Prag-Pub-Crawl.jpg\" data-width=\"1024\" data-height=\"683\" data-link-wrap=\"true\" loading=\"lazy\" width=\"1024\" height=\"683\" data-pin-media=\"https:\/\/praguetouristinformation.com\/es\/wp-content\/uploads\/2021\/02\/50.jpg\" data-pin-description=\"Nightlife Guide - Prague Tourist Information\" data-pin-url=\"https:\/\/praguetouristinformation.com\/es\/nightlife?tve=true&amp;tcbf=a654d9bcc3\"><\/a><\/span><\/p>\n<h2 id=\"t-1670492330132\">Recorrido de bares por Praga<\/h2>\n<p>Se dice que la mejor cerveza se elabora en la Rep\u00fablica Checa y hay alrededor de 40.000 pubs en todo el pa\u00eds. Estad\u00edsticamente, cada habitante bebe 140 litros de cerveza al a\u00f1o, que es el consumo de cerveza m\u00e1s alto del mundo.<\/p>\n<p>El pub todav\u00eda se considera el lugar de reuni\u00f3n p\u00fablico m\u00e1s popular para los checos. <!--[if !supportLineBreakNewLine]-->Muchas marcas de cerveza famosas provienen de la Rep\u00fablica Checa, como Pilsner Urquell, Budweiser, Radegast y muchas m\u00e1s.<\/p>\n<p>Un gu\u00eda experimentado lleva a los visitantes de forma segura de un lugar a otro. En la mayor\u00eda de los recorridos por los pubs, los clientes pueden beber todo lo que quieran en el primer pub durante una hora, para que todos realmente puedan ponerse de humor. Los recorridos a menudo terminan en un club que permanece abierto hasta altas horas de la madrugada.<\/p>\n<p><span><a href=\"https:\/\/viennatouristinformation.com\/wp-content\/uploads\/2020\/09\/Istanbul-Bosphorus-Night-Cruise-Turkey.jpg\" target=\"_blank\" rel=\"noopener\"><img decoding=\"async\" alt=\"Conciertos de m\u00fasica cl\u00e1sica en Praga\" data-id=\"2291\" data-init-width=\"1000\" data-init-height=\"667\" title=\"Conciertos de m\u00fasica cl\u00e1sica en Praga\" src=\"https:\/\/praguetouristinformation.com\/es\/wp-content\/uploads\/2020\/12\/Klassische-Konzerte.jpg\" data-width=\"1024\" data-height=\"683\" data-link-wrap=\"true\" loading=\"lazy\" width=\"1024\" height=\"683\" data-pin-media=\"https:\/\/praguetouristinformation.com\/es\/wp-content\/uploads\/2021\/02\/50.jpg\" data-pin-description=\"Nightlife Guide - Prague Tourist Information\" data-pin-url=\"https:\/\/praguetouristinformation.com\/es\/nightlife?tve=true&amp;tcbf=a654d9bcc3\"><\/a><\/span><\/p>\n<h2 id=\"t-1670492330133\">conciertos de clasica<\/h2>\n<p>Praga tiene la reputaci\u00f3n de ser una ciudad de m\u00fasica y compositores, y la ciudad es mejor conocida por sus conciertos de m\u00fasica cl\u00e1sica.<\/p>\n<p>El m\u00e1s conocido es el <a href=\"https:\/\/praguetouristinformation.com\/es\/cosas-que-hacer\/teatro\/estatal\" target=\"_blank\" style=\"outline: none;\" rel=\"noopener\">Teatro Estates<\/a> , que hizo historia con el estreno de la \u00f3pera Don Giovanni de Wolfgang Amadeus Mozart el 29 de octubre de 1787. Mozart dedic\u00f3 esta \u00f3pera al pueblo de Praga.<\/p>\n<p>La \u00d3pera Estatal de Praga tambi\u00e9n es mundialmente famosa, donde tuvo lugar el estreno de \u00abDie Meistersinger von N\u00fcrnberg\u00bb de Richard Wagner el 5 de enero de 1888.&nbsp;<\/p>\n<p>Los conciertos en la Bas\u00edlica de San Jorge en <a href=\"https:\/\/praguetouristinformation.com\/es\/cosas-que-hacer\/castillo\" target=\"_blank\" style=\"outline: none;\" rel=\"noopener\">el Castillo de Praga<\/a> son muy populares. Conciertos de m\u00fasica cl\u00e1sica se llevan a cabo regularmente en muchas iglesias.<\/p>\n<p>Tambi\u00e9n existen otros numerosos <a href=\"https:\/\/praguetouristinformation.com\/es\/cosas-que-hacer\/teatro\" target=\"_blank\" style=\"outline: none;\" rel=\"noopener\">escenarios<\/a> que ofrecen un programa tan exigente como variado.<\/p>\n<p><span><img decoding=\"async\" alt=\"Cuidado con las trampas para turistas, Praga\" data-id=\"2292\" width=\"1000\" data-init-width=\"1000\" height=\"667\" data-init-height=\"667\" title=\"Cuidado con las trampas para turistas, Praga\" loading=\"lazy\" src=\"https:\/\/praguetouristinformation.com\/es\/wp-content\/uploads\/2020\/12\/Vorsicht-Touristenfallen.jpg\" data-width=\"1000\" data-height=\"667\" data-pin-media=\"https:\/\/praguetouristinformation.com\/es\/wp-content\/uploads\/2021\/02\/50.jpg\" data-pin-description=\"Nightlife Guide - Prague Tourist Information\" data-pin-url=\"https:\/\/praguetouristinformation.com\/es\/nightlife?tve=true&amp;tcbf=a654d9bcc3\"><\/span><\/p>\n<h2 style=\"text-align: center;\" id=\"t-1670492330134\">\u00a1Cuidado con las trampas para turistas!<\/h2>\n<p>Praga es una ciudad generalmente segura.&nbsp;<\/p>\n<p>Hay comparativamente pocas trampas para turistas en la ciudad. Es importante destacar que, lamentablemente, cambiar dinero en Praga puede convertirse en un problema.&nbsp;<\/p>\n<p>Esto aplica igualmente para cajeros autom\u00e1ticos, casas de cambio y pago con tarjeta de cr\u00e9dito con lectores de tarjetas.&nbsp;<\/p>\n<h3 style=\"\" id=\"t-1670492330135\">1. Moneda<\/h3>\n<p>Si los cajeros autom\u00e1ticos o los lectores de tarjetas preguntan \u00abLiquidaci\u00f3n en euros o en coronas checas\u00bb al final del retiro, las coronas en moneda nacional son la elecci\u00f3n correcta. De lo contrario, los operadores de cajeros autom\u00e1ticos pueden establecer el tipo de cambio entre el euro y la corona. Suele ser entre un 4 y un 12 % peor que la tarifa diaria de Visa o Mastercard. Adem\u00e1s, a\u00fan se puede aplicar la tarifa de moneda extranjera o extranjera para tarjetas de cr\u00e9dito.&nbsp;<\/p>\n<h3 style=\"\" id=\"t-1670492330136\">2. Oficinas de cambio<\/h3>\n<p>Consulta el tipo de cambio de las casas de cambio y no firmes recibos en checo. Muchas oficinas de cambio anuncian una buena tasa y escriben una tasa significativamente peor en el recibo. Un ejemplo es una cotizaci\u00f3n de 1:25 y 1:16 en el recibo. Los clientes de las oficinas de cambio en la Rep\u00fablica Checa tienen derecho a cambiar su dinero hasta tres horas despu\u00e9s. El aviso se encuentra en el reverso de todos los recibos.&nbsp;<\/p>\n<h3 style=\"\" id=\"t-1670492330137\">3. Cajeros autom\u00e1ticos<\/h3>\n<p>Los cajeros autom\u00e1ticos, especialmente cerca del Puente de Carlos, tienen montos de retiro m\u00ednimos preestablecidos extremadamente altos, por ejemplo, de 5,000 a 20,000 coronas checas. Esto corresponde a una cantidad de alrededor de \u20ac 200 a \u20ac 800. El monto m\u00ednimo de retiro se puede cambiar mediante la selecci\u00f3n. Especialmente a menudo, los cajeros autom\u00e1ticos Euronet azules y amarillos tienen esa configuraci\u00f3n.&nbsp;<\/p>\n<h3 style=\"\" id=\"t-1670492330138\">4. Vendedores ambulantes<\/h3>\n<p>Los letreros frente a la estaci\u00f3n principal de tren, en el centro y cerca de los bares advierten sobre los vendedores ambulantes que cambian dinero. La mayor\u00eda de las veces, en lugar de coronas checas, cambian el dinero por rublos bielorrusos o monedas similares con un tipo de cambio significativamente peor. \u00a1Recomendamos encarecidamente no cambiar dinero en la calle!<\/p>\n<p style=\"text-align: center;\">Entradas vida nocturna<\/p>\n<p style=\"text-align: center;\">experiencias en la noche<\/p>\n<p style=\"text-align: center;\">Conciertos, Pub Crawl y Beer Tour. Descubra la vida nocturna de Praga con grupos, reserve entradas individuales y reserve la entrada a los teatros.<\/p>\n<h3 style=\"\" id=\"t-1670492330139\"><span data-attr-css=\"tve-u-1751c4ffa5d\" data-attr-link=\"1\" data-attr-rel=\"0\" data-attr-target=\"0\" data-extra_key=\"\" data-option-inline=\"1\" data-shortcode=\"tcb_post_title\" data-shortcode-name=\"Post title\" data-attr-static-link=\"{&quot;className&quot;:&quot;&quot;,&quot;href&quot;:&quot;https:\/\/praguetouristinformation.com\/es\/tienda&quot;,&quot;title&quot;:&quot;Tienda pr\u00f3ximamente&quot;,&quot;data-css&quot;:&quot;tve-u-1751c4ffa5d&quot;,&quot;class&quot;:&quot;&quot;}\"><a href=\"https:\/\/praguetouristinformation.com\/es\/tienda\" title=\"Tienda pr\u00f3ximamente\">Tienda pr\u00f3ximamente<\/a><\/span><\/h3>\n<p><a href=\"javascript:void(0)\" style=\"\"><span style=\"\"><span style=\"\">Load More<\/span><\/span><\/a><\/p>\n","protected":false},"excerpt":{"rendered":"<p>Gu\u00eda de la vida nocturna de Praga Los distritos de vida nocturna m\u00e1s modernos de Praga. Dentro de bares, clubes, restaurantes y consejos generales para una noche vibrante en la escena de Praga. \u00bfQu\u00e9 tengo que saber? \u00a1Praga es una ciudad cosmopolita! Incluso si la vida nocturna no puede seguir el ritmo de las metr\u00f3polis [&hellip;]<\/p>\n","protected":false},"author":6,"featured_media":2281,"parent":0,"menu_order":0,"comment_status":"closed","ping_status":"closed","template":"","meta":{"footnotes":""},"categories":[],"tags":[31,30],"class_list":["post-780","page","type-page","status-publish","has-post-thumbnail","hentry","tag-essen","tag-lifestyle","post-wrapper","thrv_wrapper"],"_links":{"self":[{"href":"https:\/\/praguetouristinformation.com\/es\/wp-json\/wp\/v2\/pages\/780","targetHints":{"allow":["GET"]}}],"collection":[{"href":"https:\/\/praguetouristinformation.com\/es\/wp-json\/wp\/v2\/pages"}],"about":[{"href":"https:\/\/praguetouristinformation.com\/es\/wp-json\/wp\/v2\/types\/page"}],"author":[{"embeddable":true,"href":"https:\/\/praguetouristinformation.com\/es\/wp-json\/wp\/v2\/users\/6"}],"replies":[{"embeddable":true,"href":"https:\/\/praguetouristinformation.com\/es\/wp-json\/wp\/v2\/comments?post=780"}],"version-history":[{"count":7,"href":"https:\/\/praguetouristinformation.com\/es\/wp-json\/wp\/v2\/pages\/780\/revisions"}],"predecessor-version":[{"id":4835,"href":"https:\/\/praguetouristinformation.com\/es\/wp-json\/wp\/v2\/pages\/780\/revisions\/4835"}],"wp:featuredmedia":[{"embeddable":true,"href":"https:\/\/praguetouristinformation.com\/es\/wp-json\/wp\/v2\/media\/2281"}],"wp:attachment":[{"href":"https:\/\/praguetouristinformation.com\/es\/wp-json\/wp\/v2\/media?parent=780"}],"wp:term":[{"taxonomy":"category","embeddable":true,"href":"https:\/\/praguetouristinformation.com\/es\/wp-json\/wp\/v2\/categories?post=780"},{"taxonomy":"post_tag","embeddable":true,"href":"https:\/\/praguetouristinformation.com\/es\/wp-json\/wp\/v2\/tags?post=780"}],"curies":[{"name":"wp","href":"https:\/\/api.w.org\/{rel}","templated":true}]}}