{"id":777,"date":"2020-10-15T15:13:06","date_gmt":"2020-10-15T15:13:06","guid":{"rendered":"https:\/\/praguetouristinformation.com\/es\/?page_id=777"},"modified":"2023-05-03T10:06:42","modified_gmt":"2023-05-03T10:06:42","slug":"estilo-de-vida","status":"publish","type":"page","link":"https:\/\/praguetouristinformation.com\/es\/estilo-de-vida","title":{"rendered":"Gu\u00eda de estilo de vida de Praga"},"content":{"rendered":"<h1>Gu\u00eda de estilo de vida de Praga<\/h1>\n<p>\u00bfQu\u00e9 puedo hacer en Praga adem\u00e1s de visitas tur\u00edsticas, castillos y museos?<\/p>\n<p>En nuestra Gu\u00eda de Estilo de Vida encontrar\u00e1s nuestros consejos de alimentaci\u00f3n, compras y cultura.&nbsp;<\/p>\n<h2 style=\"text-align: center;\" id=\"t-1670491820208\">Comida en Praga<\/h2>\n<p style=\"text-align: center;\">caf\u00e9s a restaurantes<\/p>\n<h3 style=\"\" id=\"t-1670491820195\"><span data-attr-css=\"tve-u-17502a74a36\" data-attr-link=\"1\" data-attr-rel=\"0\" data-attr-target=\"0\" data-extra_key=\"\" data-option-inline=\"1\" data-shortcode=\"tcb_post_title\" data-shortcode-name=\"Post title\" style=\"\" data-attr-static-link=\"{&quot;className&quot;:&quot;&quot;,&quot;href&quot;:&quot;https:\/\/praguetouristinformation.com\/es\/restaurantes&quot;,&quot;title&quot;:&quot;Gu\u00eda de restaurantes de Praga: \u00bfd\u00f3nde y qu\u00e9 comer?&quot;,&quot;data-css&quot;:&quot;tve-u-17502a74a36&quot;,&quot;class&quot;:&quot;&quot;}\"><a href=\"https:\/\/praguetouristinformation.com\/es\/restaurantes\" title=\"Gu\u00eda de restaurantes de Praga: \u00bfd\u00f3nde y qu\u00e9 comer?\">Gu\u00eda de restaurantes de Praga: \u00bfd\u00f3nde y qu\u00e9 comer?<\/a><\/span><\/h3>\n<p><a href=\"https:\/\/praguetouristinformation.com\/es\/restaurantes\/cafes\" dynamic-postlink=\"tcb_post_the_permalink\" data-shortcode-id=\"724\"><\/a><\/p>\n<h3 style=\"text-align: center; padding-top: 0px !important; margin-top: 0px !important;\" id=\"t-1670491820196\"><span data-attr-link=\"1\" data-attr-rel=\"0\" data-attr-target=\"0\" data-extra_key=\"\" data-option-inline=\"1\" data-shortcode=\"tcb_post_title\" data-shortcode-name=\"Post title\" data-attr-css=\"\" data-attr-static-link=\"{&quot;className&quot;:&quot;&quot;,&quot;href&quot;:&quot;https:\/\/praguetouristinformation.com\/es\/restaurantes\/cafes&quot;,&quot;title&quot;:&quot;14 Mejores cafeter\u00edas en Praga ((con mapa))&quot;,&quot;class&quot;:&quot;&quot;}\"><a href=\"https:\/\/praguetouristinformation.com\/es\/restaurantes\/cafes\" title=\"14 Mejores cafeter\u00edas en Praga [con mapa]\" data-css=\"\">14 Mejores cafeter\u00edas en Praga [con mapa]<\/a><\/span><\/h3>\n<p>Los caf\u00e9s de Praga sol\u00edan ser lugares de <a href=\"https:\/\/praguetouristinformation.com\/es\/restaurantes\/cafes#more-258\">&#8230;<\/a><\/p>\n<p><a href=\"https:\/\/praguetouristinformation.com\/es\/restaurantes\/cafes\" style=\"\"><span style=\"\"><span style=\"\">sigue leyendo<\/span><\/span><\/a><a href=\"https:\/\/praguetouristinformation.com\/es\/restaurantes\/cocina-bohemia\" dynamic-postlink=\"tcb_post_the_permalink\" data-shortcode-id=\"724\"><\/a><\/p>\n<h3 style=\"text-align: center; padding-top: 0px !important; margin-top: 0px !important;\" id=\"t-1670491820196\"><span data-attr-link=\"1\" data-attr-rel=\"0\" data-attr-target=\"0\" data-extra_key=\"\" data-option-inline=\"1\" data-shortcode=\"tcb_post_title\" data-shortcode-name=\"Post title\" data-attr-css=\"\" data-attr-static-link=\"{&quot;className&quot;:&quot;&quot;,&quot;href&quot;:&quot;https:\/\/praguetouristinformation.com\/es\/restaurantes\/cafes&quot;,&quot;title&quot;:&quot;14 Mejores cafeter\u00edas en Praga ((con mapa))&quot;,&quot;class&quot;:&quot;&quot;}\"><a href=\"https:\/\/praguetouristinformation.com\/es\/restaurantes\/cocina-bohemia\" title=\"13 Mejores restaurantes en Praga con cocina bohemia\" data-css=\"\">13 Mejores restaurantes en Praga con cocina bohemia<\/a><\/span><\/h3>\n<p>Por supuesto, cualquiera que est\u00e9 en Praga tambi\u00e9n <a href=\"https:\/\/praguetouristinformation.com\/es\/restaurantes\/cocina-bohemia#more-253\">&#8230;<\/a><\/p>\n<p><a href=\"https:\/\/praguetouristinformation.com\/es\/restaurantes\/cocina-bohemia\" style=\"\"><span style=\"\"><span style=\"\">sigue leyendo<\/span><\/span><\/a><a href=\"https:\/\/praguetouristinformation.com\/es\/restaurantes\/cerveza\" dynamic-postlink=\"tcb_post_the_permalink\" data-shortcode-id=\"724\"><\/a><\/p>\n<h3 style=\"text-align: center; padding-top: 0px !important; margin-top: 0px !important;\" id=\"t-1670491820196\"><span data-attr-link=\"1\" data-attr-rel=\"0\" data-attr-target=\"0\" data-extra_key=\"\" data-option-inline=\"1\" data-shortcode=\"tcb_post_title\" data-shortcode-name=\"Post title\" data-attr-css=\"\" data-attr-static-link=\"{&quot;className&quot;:&quot;&quot;,&quot;href&quot;:&quot;https:\/\/praguetouristinformation.com\/es\/restaurantes\/cafes&quot;,&quot;title&quot;:&quot;14 Mejores cafeter\u00edas en Praga ((con mapa))&quot;,&quot;class&quot;:&quot;&quot;}\"><a href=\"https:\/\/praguetouristinformation.com\/es\/restaurantes\/cerveza\" title=\"\u00bfD\u00f3nde puedo tomar una buena cerveza en Praga?\" data-css=\"\">\u00bfD\u00f3nde puedo tomar una buena cerveza en Praga?<\/a><\/span><\/h3>\n<p>Se dice que la mejor cerveza se elabora <a href=\"https:\/\/praguetouristinformation.com\/es\/restaurantes\/cerveza#more-724\">&#8230;<\/a><\/p>\n<p><a href=\"https:\/\/praguetouristinformation.com\/es\/restaurantes\/cerveza\" style=\"\"><span style=\"\"><span style=\"\">sigue leyendo<\/span><\/span><\/a><a href=\"javascript:void(0)\" style=\"\"><span style=\"\"><span style=\"\">Load More<\/span><\/span><\/a><\/p>\n<h2 style=\"text-align: center;\" id=\"t-1670491820209\">Compras en Praga<\/h2>\n<p style=\"text-align: center;\">centros comerciales a mercados<\/p>\n<h3 style=\"\" id=\"t-1670491820199\"><span data-attr-css=\"tve-u-17502ac29cd\" data-attr-link=\"1\" data-attr-rel=\"0\" data-attr-target=\"0\" data-extra_key=\"\" data-option-inline=\"1\" data-shortcode=\"tcb_post_title\" data-shortcode-name=\"Post title\" style=\"\" data-attr-static-link=\"{&quot;className&quot;:&quot;&quot;,&quot;href&quot;:&quot;https:\/\/praguetouristinformation.com\/es\/compras&quot;,&quot;title&quot;:&quot;Gu\u00eda de compras de Praga: \u00bfd\u00f3nde y qu\u00e9 comprar?&quot;,&quot;data-css&quot;:&quot;tve-u-17502ac29cd&quot;,&quot;class&quot;:&quot;&quot;}\"><a href=\"https:\/\/praguetouristinformation.com\/es\/compras\" title=\"Gu\u00eda de compras de Praga: \u00bfd\u00f3nde y qu\u00e9 comprar?\">Gu\u00eda de compras de Praga: \u00bfd\u00f3nde y qu\u00e9 comprar?<\/a><\/span><\/h3>\n<p><a href=\"https:\/\/praguetouristinformation.com\/es\/compras\/mercados\" dynamic-postlink=\"tcb_post_the_permalink\" data-shortcode-id=\"202\"><\/a><\/p>\n<h3 style=\"text-align: center; padding-top: 0px !important; margin-top: 0px !important;\" id=\"t-1670491820200\"><span data-attr-link=\"1\" data-attr-rel=\"0\" data-attr-target=\"0\" data-extra_key=\"\" data-option-inline=\"1\" data-shortcode=\"tcb_post_title\" data-shortcode-name=\"Post title\" data-attr-css=\"\" data-attr-static-link=\"{&quot;className&quot;:&quot;&quot;,&quot;href&quot;:&quot;https:\/\/praguetouristinformation.com\/es\/compras\/mercados&quot;,&quot;title&quot;:&quot;Los 5 mejores mercados de Praga: informaci\u00f3n, consejos y visitas&quot;,&quot;class&quot;:&quot;&quot;}\"><a href=\"https:\/\/praguetouristinformation.com\/es\/compras\/mercados\" title=\"Los 5 mejores mercados de Praga: informaci\u00f3n, consejos y visitas\" data-css=\"\">Los 5 mejores mercados de Praga: informaci\u00f3n, consejos y visitas<\/a><\/span><\/h3>\n<p>Los mercados de Praga tienen mucho que ofrecer: <a href=\"https:\/\/praguetouristinformation.com\/es\/compras\/mercados#more-1109\">&#8230;<\/a><\/p>\n<p><a href=\"https:\/\/praguetouristinformation.com\/es\/compras\/mercados\" style=\"\"><span style=\"\"><span style=\"\">sigue leyendo<\/span><\/span><\/a><a href=\"https:\/\/praguetouristinformation.com\/es\/compras\/centro-comercial\" dynamic-postlink=\"tcb_post_the_permalink\" data-shortcode-id=\"202\"><\/a><\/p>\n<h3 style=\"text-align: center; padding-top: 0px !important; margin-top: 0px !important;\" id=\"t-1670491820200\"><span data-attr-link=\"1\" data-attr-rel=\"0\" data-attr-target=\"0\" data-extra_key=\"\" data-option-inline=\"1\" data-shortcode=\"tcb_post_title\" data-shortcode-name=\"Post title\" data-attr-css=\"\" data-attr-static-link=\"{&quot;className&quot;:&quot;&quot;,&quot;href&quot;:&quot;https:\/\/praguetouristinformation.com\/es\/compras\/mercados&quot;,&quot;title&quot;:&quot;Los 5 mejores mercados de Praga: informaci\u00f3n, consejos y visitas&quot;,&quot;class&quot;:&quot;&quot;}\"><a href=\"https:\/\/praguetouristinformation.com\/es\/compras\/centro-comercial\" title=\"9 Mejores Centros Comerciales en Praga [Con Mapa]\" data-css=\"\">9 Mejores Centros Comerciales en Praga [Con Mapa]<\/a><\/span><\/h3>\n<p>Aqu\u00ed hay una selecci\u00f3n de centros comerciales interesantes <a href=\"https:\/\/praguetouristinformation.com\/es\/compras\/centro-comercial#more-200\">&#8230;<\/a><\/p>\n<p><a href=\"https:\/\/praguetouristinformation.com\/es\/compras\/centro-comercial\" style=\"\"><span style=\"\"><span style=\"\">sigue leyendo<\/span><\/span><\/a><a href=\"https:\/\/praguetouristinformation.com\/es\/compras\/calles-comerciales\" dynamic-postlink=\"tcb_post_the_permalink\" data-shortcode-id=\"202\"><\/a><\/p>\n<h3 style=\"text-align: center; padding-top: 0px !important; margin-top: 0px !important;\" id=\"t-1670491820200\"><span data-attr-link=\"1\" data-attr-rel=\"0\" data-attr-target=\"0\" data-extra_key=\"\" data-option-inline=\"1\" data-shortcode=\"tcb_post_title\" data-shortcode-name=\"Post title\" data-attr-css=\"\" data-attr-static-link=\"{&quot;className&quot;:&quot;&quot;,&quot;href&quot;:&quot;https:\/\/praguetouristinformation.com\/es\/compras\/mercados&quot;,&quot;title&quot;:&quot;Los 5 mejores mercados de Praga: informaci\u00f3n, consejos y visitas&quot;,&quot;class&quot;:&quot;&quot;}\"><a href=\"https:\/\/praguetouristinformation.com\/es\/compras\/calles-comerciales\" title=\"6 Buenas calles comerciales en Praga [con mapa]\" data-css=\"\">6 Buenas calles comerciales en Praga [con mapa]<\/a><\/span><\/h3>\n<p>Puedes ir de compras a todas partes en <a href=\"https:\/\/praguetouristinformation.com\/es\/compras\/calles-comerciales#more-202\">&#8230;<\/a><\/p>\n<p><a href=\"https:\/\/praguetouristinformation.com\/es\/compras\/calles-comerciales\" style=\"\"><span style=\"\"><span style=\"\">sigue leyendo<\/span><\/span><\/a><a href=\"javascript:void(0)\" style=\"\"><span style=\"\"><span style=\"\">Load More<\/span><\/span><\/a><\/p>\n<h2 style=\"text-align: center;\" id=\"t-1670491820210\">Noche en Praga<\/h2>\n<p style=\"text-align: center;\">\u00bfQu\u00e9 puedo hacer por la noche?<\/p>\n<h3 style=\"\" id=\"t-1670491820203\"><span data-attr-css=\"tve-u-17502ad8784\" data-attr-link=\"1\" data-attr-rel=\"0\" data-attr-target=\"0\" data-extra_key=\"\" data-option-inline=\"1\" data-shortcode=\"tcb_post_title\" data-shortcode-name=\"Post title\" style=\"\" data-attr-static-link=\"{&quot;className&quot;:&quot;&quot;,&quot;href&quot;:&quot;https:\/\/praguetouristinformation.com\/es\/la-vida-nocturna&quot;,&quot;title&quot;:&quot;Gu\u00eda de la vida nocturna de Praga: barrios de moda y consejos&quot;,&quot;data-css&quot;:&quot;tve-u-17502ad8784&quot;,&quot;class&quot;:&quot;&quot;}\"><a href=\"https:\/\/praguetouristinformation.com\/es\/la-vida-nocturna\" title=\"Gu\u00eda de la vida nocturna de Praga: barrios de moda y consejos\">Gu\u00eda de la vida nocturna de Praga: barrios de moda y consejos<\/a><\/span><\/h3>\n<p><a href=\"javascript:void(0)\" style=\"\"><span style=\"\"><span style=\"\">Load More<\/span><\/span><\/a><\/p>\n<h2 style=\"text-align: center;\" id=\"t-1670491820211\">M\u00e1s ideas<\/h2>\n<p style=\"text-align: center;\">\u00bfQue m\u00e1s puedo hacer?<\/p>\n<h3 style=\"\" id=\"t-1670491820204\"><span data-attr-css=\"tve-u-17502ae396e\" data-attr-link=\"1\" data-attr-rel=\"0\" data-attr-target=\"0\" data-extra_key=\"\" data-option-inline=\"1\" data-shortcode=\"tcb_post_title\" data-shortcode-name=\"Post title\" style=\"\" data-attr-static-link=\"{&quot;className&quot;:&quot;&quot;,&quot;href&quot;:&quot;https:\/\/praguetouristinformation.com\/es\/cosas-que-hacer&quot;,&quot;title&quot;:&quot;50 Mejores cosas para hacer en Praga ((+ Entradas))&quot;,&quot;data-css&quot;:&quot;tve-u-17502ae396e&quot;,&quot;class&quot;:&quot;&quot;}\"><a href=\"https:\/\/praguetouristinformation.com\/es\/cosas-que-hacer\" title=\"50 Mejores cosas para hacer en Praga [+ Entradas]\">50 Mejores cosas para hacer en Praga [+ Entradas]<\/a><\/span><\/h3>\n<p><a href=\"https:\/\/praguetouristinformation.com\/es\/cosas-que-hacer\/museos\" dynamic-postlink=\"tcb_post_the_permalink\" data-shortcode-id=\"137\"><\/a><\/p>\n<h3 style=\"text-align: center; padding-top: 0px !important; margin-top: 0px !important;\" id=\"t-1670491820205\"><span data-attr-link=\"1\" data-attr-rel=\"0\" data-attr-target=\"0\" data-extra_key=\"\" data-option-inline=\"1\" data-shortcode=\"tcb_post_title\" data-shortcode-name=\"Post title\" data-attr-css=\"\" data-attr-static-link=\"{&quot;className&quot;:&quot;&quot;,&quot;href&quot;:&quot;https:\/\/praguetouristinformation.com\/es\/cosas-que-hacer\/museos&quot;,&quot;title&quot;:&quot;Los 20 mejores museos de Praga ((con entradas))&quot;,&quot;class&quot;:&quot;&quot;}\"><a href=\"https:\/\/praguetouristinformation.com\/es\/cosas-que-hacer\/museos\" title=\"Los 20 mejores museos de Praga [con entradas]\" data-css=\"\">Los 20 mejores museos de Praga [con entradas]<\/a><\/span><\/h3>\n<p>La encantadora Praga est\u00e1 salpicada de interesantes museos <a href=\"https:\/\/praguetouristinformation.com\/es\/cosas-que-hacer\/museos#more-137\">&#8230;<\/a><\/p>\n<p><a href=\"https:\/\/praguetouristinformation.com\/es\/cosas-que-hacer\/museos\" style=\"\"><span style=\"\"><span style=\"\">sigue leyendo<\/span><\/span><\/a><a href=\"https:\/\/praguetouristinformation.com\/es\/cosas-que-hacer\/para-los-ninos\" dynamic-postlink=\"tcb_post_the_permalink\" data-shortcode-id=\"137\"><\/a><\/p>\n<h3 style=\"text-align: center; padding-top: 0px !important; margin-top: 0px !important;\" id=\"t-1670491820205\"><span data-attr-link=\"1\" data-attr-rel=\"0\" data-attr-target=\"0\" data-extra_key=\"\" data-option-inline=\"1\" data-shortcode=\"tcb_post_title\" data-shortcode-name=\"Post title\" data-attr-css=\"\" data-attr-static-link=\"{&quot;className&quot;:&quot;&quot;,&quot;href&quot;:&quot;https:\/\/praguetouristinformation.com\/es\/cosas-que-hacer\/museos&quot;,&quot;title&quot;:&quot;Los 20 mejores museos de Praga ((con entradas))&quot;,&quot;class&quot;:&quot;&quot;}\"><a href=\"https:\/\/praguetouristinformation.com\/es\/cosas-que-hacer\/para-los-ninos\" title=\"15 Mejores cosas que hacer en Praga para ni\u00f1os [+ Entradas]\" data-css=\"\">15 Mejores cosas que hacer en Praga para ni\u00f1os [+ Entradas]<\/a><\/span><\/h3>\n<p>\u00bfQu\u00e9 hacer en Praga con ni\u00f1os?Durante unas vacaciones <a href=\"https:\/\/praguetouristinformation.com\/es\/cosas-que-hacer\/para-los-ninos#more-256\">&#8230;<\/a><\/p>\n<p><a href=\"https:\/\/praguetouristinformation.com\/es\/cosas-que-hacer\/para-los-ninos\" style=\"\"><span style=\"\"><span style=\"\">sigue leyendo<\/span><\/span><\/a><a href=\"https:\/\/praguetouristinformation.com\/es\/cosas-que-hacer\/atracciones\" dynamic-postlink=\"tcb_post_the_permalink\" data-shortcode-id=\"137\"><\/a><\/p>\n<h3 style=\"text-align: center; padding-top: 0px !important; margin-top: 0px !important;\" id=\"t-1670491820205\"><span data-attr-link=\"1\" data-attr-rel=\"0\" data-attr-target=\"0\" data-extra_key=\"\" data-option-inline=\"1\" data-shortcode=\"tcb_post_title\" data-shortcode-name=\"Post title\" data-attr-css=\"\" data-attr-static-link=\"{&quot;className&quot;:&quot;&quot;,&quot;href&quot;:&quot;https:\/\/praguetouristinformation.com\/es\/cosas-que-hacer\/museos&quot;,&quot;title&quot;:&quot;Los 20 mejores museos de Praga ((con entradas))&quot;,&quot;class&quot;:&quot;&quot;}\"><a href=\"https:\/\/praguetouristinformation.com\/es\/cosas-que-hacer\/atracciones\" title=\"12 Mejores Atracciones en Praga [Con Mapa]\" data-css=\"\">12 Mejores Atracciones en Praga [Con Mapa]<\/a><\/span><\/h3>\n<p>\u00bfQu\u00e9 puedes hacer en Praga?Adem\u00e1s de las vistas <a href=\"https:\/\/praguetouristinformation.com\/es\/cosas-que-hacer\/atracciones#more-1090\">&#8230;<\/a><\/p>\n<p><a href=\"https:\/\/praguetouristinformation.com\/es\/cosas-que-hacer\/atracciones\" style=\"\"><span style=\"\"><span style=\"\">sigue leyendo<\/span><\/span><\/a><a href=\"javascript:void(0)\" style=\"\"><span style=\"\"><span style=\"\">Load More<\/span><\/span><\/a><\/p>\n","protected":false},"excerpt":{"rendered":"<p>Gu\u00eda de estilo de vida de Praga \u00bfQu\u00e9 puedo hacer en Praga adem\u00e1s de visitas tur\u00edsticas, castillos y museos? En nuestra Gu\u00eda de Estilo de Vida encontrar\u00e1s nuestros consejos de alimentaci\u00f3n, compras y cultura.&nbsp; Comida en Praga caf\u00e9s a restaurantes Gu\u00eda de restaurantes de Praga: \u00bfd\u00f3nde y qu\u00e9 comer? 14 Mejores cafeter\u00edas en Praga [con [&hellip;]<\/p>\n","protected":false},"author":6,"featured_media":2277,"parent":0,"menu_order":0,"comment_status":"closed","ping_status":"closed","template":"","meta":{"footnotes":""},"categories":[],"tags":[30],"class_list":["post-777","page","type-page","status-publish","has-post-thumbnail","hentry","tag-lifestyle","post-wrapper","thrv_wrapper"],"_links":{"self":[{"href":"https:\/\/praguetouristinformation.com\/es\/wp-json\/wp\/v2\/pages\/777","targetHints":{"allow":["GET"]}}],"collection":[{"href":"https:\/\/praguetouristinformation.com\/es\/wp-json\/wp\/v2\/pages"}],"about":[{"href":"https:\/\/praguetouristinformation.com\/es\/wp-json\/wp\/v2\/types\/page"}],"author":[{"embeddable":true,"href":"https:\/\/praguetouristinformation.com\/es\/wp-json\/wp\/v2\/users\/6"}],"replies":[{"embeddable":true,"href":"https:\/\/praguetouristinformation.com\/es\/wp-json\/wp\/v2\/comments?post=777"}],"version-history":[{"count":5,"href":"https:\/\/praguetouristinformation.com\/es\/wp-json\/wp\/v2\/pages\/777\/revisions"}],"predecessor-version":[{"id":4793,"href":"https:\/\/praguetouristinformation.com\/es\/wp-json\/wp\/v2\/pages\/777\/revisions\/4793"}],"wp:featuredmedia":[{"embeddable":true,"href":"https:\/\/praguetouristinformation.com\/es\/wp-json\/wp\/v2\/media\/2277"}],"wp:attachment":[{"href":"https:\/\/praguetouristinformation.com\/es\/wp-json\/wp\/v2\/media?parent=777"}],"wp:term":[{"taxonomy":"category","embeddable":true,"href":"https:\/\/praguetouristinformation.com\/es\/wp-json\/wp\/v2\/categories?post=777"},{"taxonomy":"post_tag","embeddable":true,"href":"https:\/\/praguetouristinformation.com\/es\/wp-json\/wp\/v2\/tags?post=777"}],"curies":[{"name":"wp","href":"https:\/\/api.w.org\/{rel}","templated":true}]}}