{"id":775,"date":"2020-10-15T15:12:41","date_gmt":"2020-10-15T15:12:41","guid":{"rendered":"https:\/\/praguetouristinformation.com\/es\/?page_id=775"},"modified":"2025-11-18T15:07:37","modified_gmt":"2025-11-18T15:07:37","slug":"transporte-publico","status":"publish","type":"page","link":"https:\/\/praguetouristinformation.com\/es\/plan\/transporte-publico","title":{"rendered":"Transporte p\u00fablico en Praga: Gu\u00eda con informaci\u00f3n y entradas"},"content":{"rendered":"<h1>Transporte p\u00fablico en Praga: gu\u00eda con informaci\u00f3n sobre boletos y m\u00e1s<\/h1>\n<p>Gu\u00eda de transporte de Praga, rutas y posibles billetes para locales y viajeros en Praga.<\/p>\n<h2 style=\"\">Praga City Pass de MegaPass<\/h2>\n<p data-pm-slice=\"1 1 []\">El Praga City Pass de MegaPass te da acceso a las <strong>principales atracciones de Praga, al transporte p\u00fablico<\/strong> y a una <strong>eSIM<\/strong> digital, ideal para cualquiera que quiera explorar Praga de forma flexible y eficiente. Disponible en tres variantes.<\/p>\n<p style=\"\"><a href=\"https:\/\/megapass.com\/czech-republic\/prague\/pass?discountCode=PragTISv5EsBanner\" target=\"_blank\" rel=\"nofollow noopener\" style=\"outline: none;\" data-lt-tmp-id=\"lt-983838\" spellcheck=\"false\"><strong>\u00a1Aprovecha nuestro descuento exclusivo del 5 %!<\/strong><strong><\/strong> El descuento se aplicar\u00e1 autom\u00e1ticamente, sin necesidad de c\u00f3digo.<\/a><\/p>\n<p>__CONFIG_colors_palette__{\u00abactive_palette\u00bb:0,\u00bbconfig\u00bb:{\u00abcolors\u00bb:{\u00ab110d6\u00bb:{\u00abname\u00bb:\u00bbMain Accent\u00bb,\u00bbparent\u00bb:-1}},\u00bbgradients\u00bb:[]},\u00bbpalettes\u00bb:[{\u00abname\u00bb:\u00bbDefault Palette\u00bb,\u00bbvalue\u00bb:{\u00abcolors\u00bb:{\u00ab110d6\u00bb:{\u00abval\u00bb:\u00bbvar(e8c68)\u00bb}},\u00bbgradients\u00bb:[]},\u00bboriginal\u00bb:{\u00abcolors\u00bb:{\u00ab110d6\u00bb:{\u00abval\u00bb:\u00bbrgb(19, 114, 211)\u00bb,\u00bbhsl\u00bb:{\u00abh\u00bb:210,\u00bbs\u00bb:0.83,\u00bbl\u00bb:0.45}}},\u00bbgradients\u00bb:[]}}]}__CONFIG_colors_palette__ <a href=\"https:\/\/megapass.com\/czech-republic\/prague\/pass?discountCode=PragTISv5EsBanner\" style=\"font-size: var(--tve-font-size, 14px) !important;\" rel=\"nofollow noopener\" target=\"_blank\"><span style=\"\">    <\/span> <span style=\"\"><span>M\u00e1s informaci\u00f3n<\/span><\/span> <\/a>  <\/p>\n<h2 style=\"\" id=\"t-1670486370707\">\u00bfC\u00f3mo funciona el transporte p\u00fablico?<\/h2>\n<p>El transporte p\u00fablico de Praga consta de una red de metro, tranv\u00edas, autobuses y autobuses regionales. Esto tambi\u00e9n incluye el telef\u00e9rico a Petrin.<\/p>\n<p>Es posible comprar boletos en las m\u00e1quinas expendedoras amarillas ubicadas en todas las estaciones de metro y algunas paradas de autob\u00fas. Las m\u00e1quinas tambi\u00e9n est\u00e1n en ingl\u00e9s. Tambi\u00e9n puedes conseguir entradas en los centros de informaci\u00f3n. Varios quioscos de peri\u00f3dicos tambi\u00e9n venden billetes sencillos.<\/p>\n<p>Existen tarifas de 24 y 72 horas, viajes sencillos, billetes de d\u00eda y billetes semanales. Un billete de un d\u00eda se amortiza con tres viajes sencillos. &nbsp;<\/p>\n<p>\u00a1Los boletos deben validarse antes de la salida!&nbsp;<\/p>\n<h3 style=\"text-align: left;\" id=\"t-1670486370708\">Transporte de la Compa\u00f1\u00eda de Transporte de Praga<\/h3>\n<ul>\n<li style=\"\">      <span style=\"\"><strong>Metro:<\/strong> en Praga operan 3 l\u00edneas de metro, codificadas por colores para facilitar la orientaci\u00f3n: l\u00ednea A verde, l\u00ednea B amarilla y l\u00ednea C roja.<\/span><\/li>\n<li style=\"\">            <span style=\"\"><strong>Funicular:&nbsp;<\/strong> El funicular de 1891 va hasta el <a href=\"https:\/\/praguetouristinformation.com\/es\/cosas-que-hacer\/monte-petrino\/torre-de-observacion\" target=\"_blank\" style=\"outline: none;\">mirador de la Torre Petrin<\/a> , que se encuentra en la colina del mismo nombre de 318 metros de altura en Lesser Town.<\/span><\/li>\n<li><span><strong>Tranv\u00eda y autob\u00fas:<\/strong> 25 l\u00edneas de tranv\u00eda y 175 l\u00edneas de autob\u00fas operan diariamente en Praga. &nbsp;<\/span><\/li>\n<\/ul>\n<p><strong><span style=\"color: var(--tcb-skin-color-3);\">Tarifa:<\/span><span style=\"color: var(ca1c1);\">&nbsp;<\/span><\/strong> Un viaje sencillo cuesta 0,90 EUR o 2,00 EUR. El billete tiene una validez de 30 o 90 minutos, puedes cambiar de tren tantas veces como quieras, incluso entre los medios de transporte individuales, o interrumpir el viaje. Un billete de un d\u00eda cuesta 5,90 EUR y es v\u00e1lido durante 24 horas. Se aplica una tarifa reducida a los ni\u00f1os de hasta 14 a\u00f1os. Los ni\u00f1os de hasta 6 a\u00f1os no necesitan billete.&nbsp;<\/p>\n<h2 style=\"text-align: center;\" id=\"t-1670486370709\"><strong>\u00bfQu\u00e9 entradas hay?<\/strong><\/h2>\n<p style=\"text-align: center;\">Aqu\u00ed hay una descripci\u00f3n general de las entradas m\u00e1s importantes.&nbsp;<\/p>\n<ol>\n<li style=\"\"><span style=\"\">1<\/span><span style=\"\"><strong>Viaje sencillo de 30 minutos:<\/strong> El billete es v\u00e1lido durante 30 minutos. Durante este per\u00edodo, puedes cambiar de tren, interrumpir tu viaje o cambiar de modo de transporte tantas veces como quieras. El billete cuesta el equivalente a unos 0,90 euros.<\/span><\/li>\n<li><span>2<\/span><span><strong>Viaje sencillo de 90 minutos:<\/strong> El billete es v\u00e1lido durante 90 minutos. Durante este per\u00edodo, puedes cambiar de tren, interrumpir tu viaje o cambiar de modo de transporte tantas veces como quieras. El billete cuesta el equivalente a unos 2,00 euros.<\/span><\/li>\n<li style=\"\"><span style=\"\">3<\/span><span style=\"\"><strong>Billete de un d\u00eda:<\/strong> El billete es v\u00e1lido durante 24 horas despu\u00e9s de sellarlo y es v\u00e1lido para todos los transportes p\u00fablicos de Praga. Se permite cualquier n\u00famero de viajes y transferencias. El billete cuesta el equivalente a unos 5,90 euros.<\/span><\/li>\n<li style=\"\"><span style=\"\">4<\/span><span style=\"\"><strong>Boleto de 3 d\u00edas:<\/strong> Los boletos son v\u00e1lidos por 72 horas despu\u00e9s de la validaci\u00f3n. Cualquier n\u00famero de viajes es posible, puede cambiar de tren e interrumpir el viaje. La tarjeta es v\u00e1lida en todas las l\u00edneas de Praga. Un billete de 3 d\u00edas cuesta el equivalente a unos 14,80 euros.<span><\/span><\/span><\/li>\n<\/ol>\n<p style=\"text-align: center;\">Una descripci\u00f3n general adicional es la hoja de precios actual de <a href=\"https:\/\/www.dpp.cz\/en\" target=\"_blank\" style=\"outline: none;\" rel=\"noopener\">la Autoridad de Transporte de Praga (PID)&nbsp;<\/a> con todas las tarifas especiales. Los precios suelen aumentar anualmente el 1 de enero.&nbsp;<\/p>\n<p style=\"text-align: center;\">\u00bfQu\u00e9 boletos son rentables para los viajeros?<\/p>\n<p style=\"text-align: center;\">City Card, entradas y traslado al aeropuerto<\/p>\n<p><a href=\"javascript:void(0)\" style=\"\"><span style=\"\"><span style=\"\">Load More<\/span><\/span><\/a><\/p>\n<h2 style=\"text-align: center;\" id=\"t-1670486370711\"><strong>Entradas especiales<\/strong><\/h2>\n<p style=\"text-align: center;\">Aqu\u00ed hay una descripci\u00f3n general de los boletos especiales para el transporte p\u00fablico en Praga. Estos incluyen, por ejemplo, boletos anuales, boletos para estudiantes y boletos para personas mayores.&nbsp;<\/p>\n<ol>\n<li style=\"\"><span style=\"\">1<\/span><span style=\"\"><strong>Billete mensual:<\/strong> El billete es v\u00e1lido para todos los transportes p\u00fablicos de Praga y cuesta el equivalente a unos 22 euros.<\/span><\/li>\n<li><span>2<\/span><span><strong>Billetes de tres meses, de cinco meses y anuales<\/strong> : Para todas las l\u00edneas de la empresa de transporte p\u00fablico de Praga, el billete de tres meses cuesta 1.480 coronas checas, unos 55 euros, el billete de cinco meses cuesta 2.450 coronas checas, unos 90 euros, y el billete anual el billete cuesta 3.650 coronas checas, el equivalente a unos 140 euros.<\/span><\/li>\n<li><span>3<\/span><span><!--[endif]--><a href=\"https:\/\/www.viennacitycard.at\/\" style=\"outline: none;\" target=\"_blank\" rel=\"noopener\"><\/a><strong>Entradas reducidas:<\/strong> Incluyen entradas para j\u00f3venes, entradas para personas mayores, entradas semestrales y entradas de empresa deducibles de impuestos.<\/span><\/li>\n<\/ol>\n<p style=\"text-align: center;\">Puede obtener m\u00e1s informaci\u00f3n sobre el precio de los boletos individuales en la hoja de precios de la <a href=\"https:\/\/www.dpp.cz\/en\" target=\"_blank\" style=\"outline: none;\" rel=\"noopener\">compa\u00f1\u00eda de transporte de Praga (PID)<\/a> . Tambi\u00e9n contiene una descripci\u00f3n general de los boletos para grupos de personas patrocinados.&nbsp;<\/p>\n<h2 style=\"\" id=\"t-1670486370712\">Red de transporte p\u00fablico de Praga<\/h2>\n<p>El \u00e1rea interior de Praga est\u00e1 comunicada por autob\u00fas, tranv\u00eda y metro, de esta manera se puede llegar a todos los lugares de inter\u00e9s importantes. Algunos de los tranv\u00edas van a las afueras.<\/p>\n<\/p>\n<p>Puede encontrar una descripci\u00f3n general de las redes de l\u00edneas m\u00e1s importantes en <a href=\"https:\/\/www.dpp.cz\/en\" target=\"_blank\" style=\"outline: none;\" rel=\"noopener\">la siguiente p\u00e1gina de la compa\u00f1\u00eda de transporte de Praga<\/a><a href=\"https:\/\/www.schnellbahn-wien.at\/netz\/\" target=\"_blank\" style=\"outline: currentcolor none medium;\" rel=\"noopener\"><\/a>.<\/p>\n<h3 id=\"t-1670486370713\">Contacta con la empresa de transporte<\/h3>\n<ul>\n<li style=\"\"><span style=\"\"><strong>Autoridad de Transporte de Praga:<\/strong> responsable del metro, autob\u00fas, tranv\u00eda y funicular.&nbsp;<\/span><\/li>\n<li style=\"\"><span>&nbsp;<strong>Centro de llamadas:<\/strong> +42-(0)2 &#8211; 296 19 18 17 &nbsp;&nbsp;<\/span><\/li>\n<li style=\"\"><span><strong>Sitio web<\/strong> : <a href=\"https:\/\/www.dpp.cz\/en\" target=\"_blank\" rel=\"nofollow noopener\" style=\"outline: none;\">dpp.cz\/en<\/a><\/span><\/li>\n<\/ul>\n<p style=\"text-align: center;\">tambi\u00e9n interesante<\/p>\n<p style=\"text-align: center;\">Aeropuerto, parking, taxis, tren, autob\u00fas de larga distancia,&#8230;<\/p>\n<p><a href=\"https:\/\/praguetouristinformation.com\/es\/plan\/llegar\/park-and-ride\" dynamic-postlink=\"tcb_post_the_permalink\" data-shortcode-id=\"86\"><\/a><\/p>\n<h3 style=\"text-align: center; padding-top: 0px !important; margin-top: 0px !important;\" id=\"t-1670486370715\"><span data-attr-link=\"1\" data-attr-rel=\"0\" data-attr-target=\"0\" data-extra_key=\"\" data-option-inline=\"1\" data-shortcode=\"tcb_post_title\" data-shortcode-name=\"Post title\" data-attr-css=\"\" style=\"\" data-attr-static-link=\"{&quot;className&quot;:&quot;&quot;,&quot;href&quot;:&quot;https:\/\/praguetouristinformation.com\/es\/plan\/llegar\/park-and-ride&quot;,&quot;title&quot;:&quot;Park and Ride Prague: Gu\u00eda con informaci\u00f3n y consejos&quot;,&quot;class&quot;:&quot;&quot;}\"><a href=\"https:\/\/praguetouristinformation.com\/es\/plan\/llegar\/park-and-ride\" title=\"Park and Ride Prague: Gu\u00eda con informaci\u00f3n y consejos\" data-css=\"\">Park and Ride Prague: Gu\u00eda con informaci\u00f3n y consejos<\/a><\/span><\/h3>\n<p>Con tantos lugares de inter\u00e9s como hay en <a href=\"https:\/\/praguetouristinformation.com\/es\/plan\/llegar\/park-and-ride#more-1086\">&#8230;<\/a><\/p>\n<p><a href=\"https:\/\/praguetouristinformation.com\/es\/plan\/llegar\/park-and-ride\" style=\"\"><span style=\"\"><span style=\"\"><strong>sigue leyendo<\/strong><\/span><\/span><\/a><a href=\"https:\/\/praguetouristinformation.com\/es\/plan\/llegar\/taxi\" dynamic-postlink=\"tcb_post_the_permalink\" data-shortcode-id=\"86\"><\/a><\/p>\n<h3 style=\"text-align: center; padding-top: 0px !important; margin-top: 0px !important;\" id=\"t-1670486370715\"><span data-attr-link=\"1\" data-attr-rel=\"0\" data-attr-target=\"0\" data-extra_key=\"\" data-option-inline=\"1\" data-shortcode=\"tcb_post_title\" data-shortcode-name=\"Post title\" data-attr-css=\"\" style=\"\" data-attr-static-link=\"{&quot;className&quot;:&quot;&quot;,&quot;href&quot;:&quot;https:\/\/praguetouristinformation.com\/es\/plan\/llegar\/park-and-ride&quot;,&quot;title&quot;:&quot;Park and Ride Prague: Gu\u00eda con informaci\u00f3n y consejos&quot;,&quot;class&quot;:&quot;&quot;}\"><a href=\"https:\/\/praguetouristinformation.com\/es\/plan\/llegar\/taxi\" title=\"Gu\u00eda de taxis en Praga: Informaci\u00f3n importante, tarifas y consejos\" data-css=\"\">Gu\u00eda de taxis en Praga: Informaci\u00f3n importante, tarifas y consejos<\/a><\/span><\/h3>\n<p>Aqu\u00ed est\u00e1 nuestra gu\u00eda de taxis y conducci\u00f3n <a href=\"https:\/\/praguetouristinformation.com\/es\/plan\/llegar\/taxi#more-89\">&#8230;<\/a><\/p>\n<p><a href=\"https:\/\/praguetouristinformation.com\/es\/plan\/llegar\/taxi\" style=\"\"><span style=\"\"><span style=\"\"><strong>sigue leyendo<\/strong><\/span><\/span><\/a><a href=\"https:\/\/praguetouristinformation.com\/es\/plan\/llegar\/estacion-central\" dynamic-postlink=\"tcb_post_the_permalink\" data-shortcode-id=\"86\"><\/a><\/p>\n<h3 style=\"text-align: center; padding-top: 0px !important; margin-top: 0px !important;\" id=\"t-1670486370715\"><span data-attr-link=\"1\" data-attr-rel=\"0\" data-attr-target=\"0\" data-extra_key=\"\" data-option-inline=\"1\" data-shortcode=\"tcb_post_title\" data-shortcode-name=\"Post title\" data-attr-css=\"\" style=\"\" data-attr-static-link=\"{&quot;className&quot;:&quot;&quot;,&quot;href&quot;:&quot;https:\/\/praguetouristinformation.com\/es\/plan\/llegar\/park-and-ride&quot;,&quot;title&quot;:&quot;Park and Ride Prague: Gu\u00eda con informaci\u00f3n y consejos&quot;,&quot;class&quot;:&quot;&quot;}\"><a href=\"https:\/\/praguetouristinformation.com\/es\/plan\/llegar\/estacion-central\" title=\"Gu\u00eda de la estaci\u00f3n principal de tren de Praga (Hlavn\u00ed N\u00e1dra\u017e): Informaci\u00f3n, horarios &amp; conexiones de tren\" data-css=\"\">Gu\u00eda de la estaci\u00f3n principal de tren de Praga (Hlavn\u00ed N\u00e1dra\u017e): Informaci\u00f3n, horarios &amp; conexiones de tren<\/a><\/span><\/h3>\n<p>La estaci\u00f3n principal de Praga, Praha hlavn\u00ed n\u00e1dra\u017e, <a href=\"https:\/\/praguetouristinformation.com\/es\/plan\/llegar\/estacion-central#more-98\">&#8230;<\/a><\/p>\n<p><a href=\"https:\/\/praguetouristinformation.com\/es\/plan\/llegar\/estacion-central\" style=\"\"><span style=\"\"><span style=\"\"><strong>sigue leyendo<\/strong><\/span><\/span><\/a><a href=\"https:\/\/praguetouristinformation.com\/es\/plan\/llegar\/estacion-de-autobuses-florenc\" dynamic-postlink=\"tcb_post_the_permalink\" data-shortcode-id=\"86\"><\/a><\/p>\n<h3 style=\"text-align: center; padding-top: 0px !important; margin-top: 0px !important;\" id=\"t-1670486370715\"><span data-attr-link=\"1\" data-attr-rel=\"0\" data-attr-target=\"0\" data-extra_key=\"\" data-option-inline=\"1\" data-shortcode=\"tcb_post_title\" data-shortcode-name=\"Post title\" data-attr-css=\"\" style=\"\" data-attr-static-link=\"{&quot;className&quot;:&quot;&quot;,&quot;href&quot;:&quot;https:\/\/praguetouristinformation.com\/es\/plan\/llegar\/park-and-ride&quot;,&quot;title&quot;:&quot;Park and Ride Prague: Gu\u00eda con informaci\u00f3n y consejos&quot;,&quot;class&quot;:&quot;&quot;}\"><a href=\"https:\/\/praguetouristinformation.com\/es\/plan\/llegar\/estacion-de-autobuses-florenc\" title=\"Gu\u00eda de la estaci\u00f3n de autobuses de Praga: Informaci\u00f3n, horario, conexiones de autob\u00fas\" data-css=\"\">Gu\u00eda de la estaci\u00f3n de autobuses de Praga: Informaci\u00f3n, horario, conexiones de autob\u00fas<\/a><\/span><\/h3>\n<p>La estaci\u00f3n central de autobuses de Praga ZOB <a href=\"https:\/\/praguetouristinformation.com\/es\/plan\/llegar\/estacion-de-autobuses-florenc#more-92\">&#8230;<\/a><\/p>\n<p><a href=\"https:\/\/praguetouristinformation.com\/es\/plan\/llegar\/estacion-de-autobuses-florenc\" style=\"\"><span style=\"\"><span style=\"\"><strong>sigue leyendo<\/strong><\/span><\/span><\/a><a href=\"https:\/\/praguetouristinformation.com\/es\/plan\/llegar\/estacionar\" dynamic-postlink=\"tcb_post_the_permalink\" data-shortcode-id=\"86\"><\/a><\/p>\n<h3 style=\"text-align: center; padding-top: 0px !important; margin-top: 0px !important;\" id=\"t-1670486370715\"><span data-attr-link=\"1\" data-attr-rel=\"0\" data-attr-target=\"0\" data-extra_key=\"\" data-option-inline=\"1\" data-shortcode=\"tcb_post_title\" data-shortcode-name=\"Post title\" data-attr-css=\"\" style=\"\" data-attr-static-link=\"{&quot;className&quot;:&quot;&quot;,&quot;href&quot;:&quot;https:\/\/praguetouristinformation.com\/es\/plan\/llegar\/park-and-ride&quot;,&quot;title&quot;:&quot;Park and Ride Prague: Gu\u00eda con informaci\u00f3n y consejos&quot;,&quot;class&quot;:&quot;&quot;}\"><a href=\"https:\/\/praguetouristinformation.com\/es\/plan\/llegar\/estacionar\" title=\"Estacionar en Praga: Zonas de estacionamiento, estacionamientos y costos\" data-css=\"\">Estacionar en Praga: Zonas de estacionamiento, estacionamientos y costos<\/a><\/span><\/h3>\n<p>Aunque a veces hay un poco de congesti\u00f3n <a href=\"https:\/\/praguetouristinformation.com\/es\/plan\/llegar\/estacionar#more-95\">&#8230;<\/a><\/p>\n<p><a href=\"https:\/\/praguetouristinformation.com\/es\/plan\/llegar\/estacionar\" style=\"\"><span style=\"\"><span style=\"\"><strong>sigue leyendo<\/strong><\/span><\/span><\/a><a href=\"https:\/\/praguetouristinformation.com\/es\/plan\/llegar\/aeropuerto-vaclav-havel\" dynamic-postlink=\"tcb_post_the_permalink\" data-shortcode-id=\"86\"><\/a><\/p>\n<h3 style=\"text-align: center; padding-top: 0px !important; margin-top: 0px !important;\" id=\"t-1670486370715\"><span data-attr-link=\"1\" data-attr-rel=\"0\" data-attr-target=\"0\" data-extra_key=\"\" data-option-inline=\"1\" data-shortcode=\"tcb_post_title\" data-shortcode-name=\"Post title\" data-attr-css=\"\" style=\"\" data-attr-static-link=\"{&quot;className&quot;:&quot;&quot;,&quot;href&quot;:&quot;https:\/\/praguetouristinformation.com\/es\/plan\/llegar\/park-and-ride&quot;,&quot;title&quot;:&quot;Park and Ride Prague: Gu\u00eda con informaci\u00f3n y consejos&quot;,&quot;class&quot;:&quot;&quot;}\"><a href=\"https:\/\/praguetouristinformation.com\/es\/plan\/llegar\/aeropuerto-vaclav-havel\" title=\"Aeropuerto de Praga V\u00e1clav Havel [PRG]: Gu\u00eda Completa con Vuelos, Hoteles &amp; transferencias\" data-css=\"\">Aeropuerto de Praga V\u00e1clav Havel [PRG]: Gu\u00eda Completa con Vuelos, Hoteles &amp; transferencias<\/a><\/span><\/h3>\n<p>El aeropuerto V\u00e1clav-Havel es el aeropuerto internacional de <a href=\"https:\/\/praguetouristinformation.com\/es\/plan\/llegar\/aeropuerto-vaclav-havel#more-86\">&#8230;<\/a><\/p>\n<p><a href=\"https:\/\/praguetouristinformation.com\/es\/plan\/llegar\/aeropuerto-vaclav-havel\" style=\"\"><span style=\"\"><span style=\"\"><strong>sigue leyendo<\/strong><\/span><\/span><\/a><a href=\"javascript:void(0)\" style=\"\"><span style=\"\"><span style=\"\">Load More<\/span><\/span><\/a><\/p>\n<h2 style=\"text-align: center;\" id=\"t-1670486370721\" data-alt-text=\"FAQ - H\u00e4ufige Fragen \">FAQ &#8211; Preguntas frecuentes sobre el transporte p\u00fablico en Praga<\/h2>\n","protected":false},"excerpt":{"rendered":"<p>Transporte p\u00fablico en Praga: gu\u00eda con informaci\u00f3n sobre boletos y m\u00e1s Gu\u00eda de transporte de Praga, rutas y posibles billetes para locales y viajeros en Praga. Praga City Pass de MegaPass El Praga City Pass de MegaPass te da acceso a las principales atracciones de Praga, al transporte p\u00fablico y a una eSIM digital, ideal [&hellip;]<\/p>\n","protected":false},"author":6,"featured_media":2407,"parent":767,"menu_order":0,"comment_status":"closed","ping_status":"closed","template":"","meta":{"footnotes":""},"categories":[],"tags":[32,33],"class_list":["post-775","page","type-page","status-publish","has-post-thumbnail","hentry","tag-planung","tag-verkehr","post-wrapper","thrv_wrapper"],"_links":{"self":[{"href":"https:\/\/praguetouristinformation.com\/es\/wp-json\/wp\/v2\/pages\/775","targetHints":{"allow":["GET"]}}],"collection":[{"href":"https:\/\/praguetouristinformation.com\/es\/wp-json\/wp\/v2\/pages"}],"about":[{"href":"https:\/\/praguetouristinformation.com\/es\/wp-json\/wp\/v2\/types\/page"}],"author":[{"embeddable":true,"href":"https:\/\/praguetouristinformation.com\/es\/wp-json\/wp\/v2\/users\/6"}],"replies":[{"embeddable":true,"href":"https:\/\/praguetouristinformation.com\/es\/wp-json\/wp\/v2\/comments?post=775"}],"version-history":[{"count":10,"href":"https:\/\/praguetouristinformation.com\/es\/wp-json\/wp\/v2\/pages\/775\/revisions"}],"predecessor-version":[{"id":5339,"href":"https:\/\/praguetouristinformation.com\/es\/wp-json\/wp\/v2\/pages\/775\/revisions\/5339"}],"up":[{"embeddable":true,"href":"https:\/\/praguetouristinformation.com\/es\/wp-json\/wp\/v2\/pages\/767"}],"wp:featuredmedia":[{"embeddable":true,"href":"https:\/\/praguetouristinformation.com\/es\/wp-json\/wp\/v2\/media\/2407"}],"wp:attachment":[{"href":"https:\/\/praguetouristinformation.com\/es\/wp-json\/wp\/v2\/media?parent=775"}],"wp:term":[{"taxonomy":"category","embeddable":true,"href":"https:\/\/praguetouristinformation.com\/es\/wp-json\/wp\/v2\/categories?post=775"},{"taxonomy":"post_tag","embeddable":true,"href":"https:\/\/praguetouristinformation.com\/es\/wp-json\/wp\/v2\/tags?post=775"}],"curies":[{"name":"wp","href":"https:\/\/api.w.org\/{rel}","templated":true}]}}