{"id":769,"date":"2020-10-15T14:04:53","date_gmt":"2020-10-15T14:04:53","guid":{"rendered":"https:\/\/praguetouristinformation.com\/es\/?page_id=769"},"modified":"2023-05-03T11:51:43","modified_gmt":"2023-05-03T11:51:43","slug":"llegar","status":"publish","type":"page","link":"https:\/\/praguetouristinformation.com\/es\/plan\/llegar","title":{"rendered":"Gu\u00eda para llegar a Praga: Informaci\u00f3n y consejos"},"content":{"rendered":"<h1>Gu\u00eda para llegar a Praga: informaci\u00f3n y consejos<\/h1>\n<p style=\"\">Se trata de un vuelo de ida, tren, autob\u00fas y conducir su propio autom\u00f3vil a Praga.&nbsp;<\/p>\n<h2 style=\"text-align: center;\" id=\"t-1670495640211\">\u00bfC\u00f3mo llego a Praga?<\/h2>\n<p style=\"text-align: center;\">&#8230; y como me muevo por la ciudad?<\/p>\n<h3 style=\"\" id=\"t-1670495640196\"><span data-attr-css=\"tve-u-173e7860be8\" data-attr-link=\"1\" data-attr-rel=\"0\" data-attr-target=\"0\" data-extra_key=\"\" data-option-inline=\"1\" data-shortcode=\"tcb_post_title\" data-shortcode-name=\"Post title\" data-attr-static-link=\"{&quot;className&quot;:&quot;&quot;,&quot;href&quot;:&quot;https:\/\/praguetouristinformation.com\/es\/plan\/transporte-publico&quot;,&quot;title&quot;:&quot;Transporte p\u00fablico en Praga: Gu\u00eda con informaci\u00f3n y entradas&quot;,&quot;data-css&quot;:&quot;tve-u-173e7860be8&quot;,&quot;class&quot;:&quot;&quot;}\" style=\"\"><a href=\"https:\/\/praguetouristinformation.com\/es\/plan\/transporte-publico\" title=\"Transporte p\u00fablico en Praga: Gu\u00eda con informaci\u00f3n y entradas\">Transporte p\u00fablico en Praga: Gu\u00eda con informaci\u00f3n y entradas<\/a><\/span><\/h3>\n<p><a href=\"https:\/\/praguetouristinformation.com\/es\/plan\/llegar\/aeropuerto-vaclav-havel\" dynamic-postlink=\"tcb_post_the_permalink\" data-shortcode-id=\"92\"><\/a><\/p>\n<h3 style=\"text-align: center; padding-top: 0px !important; margin-top: 0px !important;\" id=\"t-1670495640197\"><span data-attr-link=\"1\" data-attr-rel=\"0\" data-attr-target=\"0\" data-extra_key=\"\" data-option-inline=\"1\" data-shortcode=\"tcb_post_title\" data-shortcode-name=\"Post title\" data-attr-css=\"\" data-attr-static-link=\"{&quot;className&quot;:&quot;&quot;,&quot;href&quot;:&quot;https:\/\/praguetouristinformation.com\/es\/plan\/llegar\/aeropuerto-vaclav-havel&quot;,&quot;title&quot;:&quot;Aeropuerto de Praga V\u00e1clav Havel ((PRG)): Gu\u00eda Completa con Vuelos, Hoteles &amp; transferencias&quot;,&quot;class&quot;:&quot;&quot;}\" style=\"\"><a href=\"https:\/\/praguetouristinformation.com\/es\/plan\/llegar\/aeropuerto-vaclav-havel\" title=\"Aeropuerto de Praga V\u00e1clav Havel [PRG]: Gu\u00eda Completa con Vuelos, Hoteles &amp; transferencias\" data-css=\"\">Aeropuerto de Praga V\u00e1clav Havel [PRG]: Gu\u00eda Completa con Vuelos, Hoteles &amp; transferencias<\/a><\/span><\/h3>\n<p>El aeropuerto V\u00e1clav-Havel es el aeropuerto internacional de <a href=\"https:\/\/praguetouristinformation.com\/es\/plan\/llegar\/aeropuerto-vaclav-havel#more-86\">&#8230;<\/a><\/p>\n<p><a href=\"https:\/\/praguetouristinformation.com\/es\/plan\/llegar\/aeropuerto-vaclav-havel\" style=\"\"><span style=\"\"><span style=\"\">sigue leyendo<\/span><\/span><\/a><a href=\"https:\/\/praguetouristinformation.com\/es\/plan\/llegar\/estacionar\" dynamic-postlink=\"tcb_post_the_permalink\" data-shortcode-id=\"92\"><\/a><\/p>\n<h3 style=\"text-align: center; padding-top: 0px !important; margin-top: 0px !important;\" id=\"t-1670495640197\"><span data-attr-link=\"1\" data-attr-rel=\"0\" data-attr-target=\"0\" data-extra_key=\"\" data-option-inline=\"1\" data-shortcode=\"tcb_post_title\" data-shortcode-name=\"Post title\" data-attr-css=\"\" data-attr-static-link=\"{&quot;className&quot;:&quot;&quot;,&quot;href&quot;:&quot;https:\/\/praguetouristinformation.com\/es\/plan\/llegar\/aeropuerto-vaclav-havel&quot;,&quot;title&quot;:&quot;Aeropuerto de Praga V\u00e1clav Havel ((PRG)): Gu\u00eda Completa con Vuelos, Hoteles &amp; transferencias&quot;,&quot;class&quot;:&quot;&quot;}\" style=\"\"><a href=\"https:\/\/praguetouristinformation.com\/es\/plan\/llegar\/estacionar\" title=\"Estacionar en Praga: zonas de estacionamiento, estacionamientos y costos\" data-css=\"\">Estacionar en Praga: zonas de estacionamiento, estacionamientos y costos<\/a><\/span><\/h3>\n<p>Aunque a veces hay un poco de congesti\u00f3n <a href=\"https:\/\/praguetouristinformation.com\/es\/plan\/llegar\/estacionar#more-95\">&#8230;<\/a><\/p>\n<p><a href=\"https:\/\/praguetouristinformation.com\/es\/plan\/llegar\/estacionar\" style=\"\"><span style=\"\"><span style=\"\">sigue leyendo<\/span><\/span><\/a><a href=\"https:\/\/praguetouristinformation.com\/es\/plan\/llegar\/estacion-de-autobuses-florenc\" dynamic-postlink=\"tcb_post_the_permalink\" data-shortcode-id=\"92\"><\/a><\/p>\n<h3 style=\"text-align: center; padding-top: 0px !important; margin-top: 0px !important;\" id=\"t-1670495640197\"><span data-attr-link=\"1\" data-attr-rel=\"0\" data-attr-target=\"0\" data-extra_key=\"\" data-option-inline=\"1\" data-shortcode=\"tcb_post_title\" data-shortcode-name=\"Post title\" data-attr-css=\"\" data-attr-static-link=\"{&quot;className&quot;:&quot;&quot;,&quot;href&quot;:&quot;https:\/\/praguetouristinformation.com\/es\/plan\/llegar\/aeropuerto-vaclav-havel&quot;,&quot;title&quot;:&quot;Aeropuerto de Praga V\u00e1clav Havel ((PRG)): Gu\u00eda Completa con Vuelos, Hoteles &amp; transferencias&quot;,&quot;class&quot;:&quot;&quot;}\" style=\"\"><a href=\"https:\/\/praguetouristinformation.com\/es\/plan\/llegar\/estacion-de-autobuses-florenc\" title=\"Gu\u00eda de la estaci\u00f3n de autobuses de Praga: informaci\u00f3n, horario, conexiones de autob\u00fas\" data-css=\"\">Gu\u00eda de la estaci\u00f3n de autobuses de Praga: informaci\u00f3n, horario, conexiones de autob\u00fas<\/a><\/span><\/h3>\n<p>La estaci\u00f3n central de autobuses de Praga ZOB <a href=\"https:\/\/praguetouristinformation.com\/es\/plan\/llegar\/estacion-de-autobuses-florenc#more-92\">&#8230;<\/a><\/p>\n<p><a href=\"https:\/\/praguetouristinformation.com\/es\/plan\/llegar\/estacion-de-autobuses-florenc\" style=\"\"><span style=\"\"><span style=\"\">sigue leyendo<\/span><\/span><\/a><a href=\"https:\/\/praguetouristinformation.com\/es\/plan\/llegar\/estacion-central\" dynamic-postlink=\"tcb_post_the_permalink\" data-shortcode-id=\"92\"><\/a><\/p>\n<h3 style=\"text-align: center; padding-top: 0px !important; margin-top: 0px !important;\" id=\"t-1670495640197\"><span data-attr-link=\"1\" data-attr-rel=\"0\" data-attr-target=\"0\" data-extra_key=\"\" data-option-inline=\"1\" data-shortcode=\"tcb_post_title\" data-shortcode-name=\"Post title\" data-attr-css=\"\" data-attr-static-link=\"{&quot;className&quot;:&quot;&quot;,&quot;href&quot;:&quot;https:\/\/praguetouristinformation.com\/es\/plan\/llegar\/aeropuerto-vaclav-havel&quot;,&quot;title&quot;:&quot;Aeropuerto de Praga V\u00e1clav Havel ((PRG)): Gu\u00eda Completa con Vuelos, Hoteles &amp; transferencias&quot;,&quot;class&quot;:&quot;&quot;}\" style=\"\"><a href=\"https:\/\/praguetouristinformation.com\/es\/plan\/llegar\/estacion-central\" title=\"Gu\u00eda de la estaci\u00f3n principal de tren de Praga (Hlavn\u00ed N\u00e1dra\u017e): informaci\u00f3n, horarios &amp; conexiones de tren\" data-css=\"\">Gu\u00eda de la estaci\u00f3n principal de tren de Praga (Hlavn\u00ed N\u00e1dra\u017e): informaci\u00f3n, horarios &amp; conexiones de tren<\/a><\/span><\/h3>\n<p>La estaci\u00f3n principal de Praga, Praha hlavn\u00ed n\u00e1dra\u017e, <a href=\"https:\/\/praguetouristinformation.com\/es\/plan\/llegar\/estacion-central#more-98\">&#8230;<\/a><\/p>\n<p><a href=\"https:\/\/praguetouristinformation.com\/es\/plan\/llegar\/estacion-central\" style=\"\"><span style=\"\"><span style=\"\">sigue leyendo<\/span><\/span><\/a><a href=\"https:\/\/praguetouristinformation.com\/es\/plan\/llegar\/taxi\" dynamic-postlink=\"tcb_post_the_permalink\" data-shortcode-id=\"92\"><\/a><\/p>\n<h3 style=\"text-align: center; padding-top: 0px !important; margin-top: 0px !important;\" id=\"t-1670495640197\"><span data-attr-link=\"1\" data-attr-rel=\"0\" data-attr-target=\"0\" data-extra_key=\"\" data-option-inline=\"1\" data-shortcode=\"tcb_post_title\" data-shortcode-name=\"Post title\" data-attr-css=\"\" data-attr-static-link=\"{&quot;className&quot;:&quot;&quot;,&quot;href&quot;:&quot;https:\/\/praguetouristinformation.com\/es\/plan\/llegar\/aeropuerto-vaclav-havel&quot;,&quot;title&quot;:&quot;Aeropuerto de Praga V\u00e1clav Havel ((PRG)): Gu\u00eda Completa con Vuelos, Hoteles &amp; transferencias&quot;,&quot;class&quot;:&quot;&quot;}\" style=\"\"><a href=\"https:\/\/praguetouristinformation.com\/es\/plan\/llegar\/taxi\" title=\"Gu\u00eda de taxis en Praga: informaci\u00f3n importante, tarifas y consejos\" data-css=\"\">Gu\u00eda de taxis en Praga: informaci\u00f3n importante, tarifas y consejos<\/a><\/span><\/h3>\n<p>Aqu\u00ed est\u00e1 nuestra gu\u00eda de taxis y conducci\u00f3n <a href=\"https:\/\/praguetouristinformation.com\/es\/plan\/llegar\/taxi#more-89\">&#8230;<\/a><\/p>\n<p><a href=\"https:\/\/praguetouristinformation.com\/es\/plan\/llegar\/taxi\" style=\"\"><span style=\"\"><span style=\"\">sigue leyendo<\/span><\/span><\/a><a href=\"https:\/\/praguetouristinformation.com\/es\/plan\/llegar\/park-and-ride\" dynamic-postlink=\"tcb_post_the_permalink\" data-shortcode-id=\"92\"><\/a><\/p>\n<h3 style=\"text-align: center; padding-top: 0px !important; margin-top: 0px !important;\" id=\"t-1670495640197\"><span data-attr-link=\"1\" data-attr-rel=\"0\" data-attr-target=\"0\" data-extra_key=\"\" data-option-inline=\"1\" data-shortcode=\"tcb_post_title\" data-shortcode-name=\"Post title\" data-attr-css=\"\" data-attr-static-link=\"{&quot;className&quot;:&quot;&quot;,&quot;href&quot;:&quot;https:\/\/praguetouristinformation.com\/es\/plan\/llegar\/aeropuerto-vaclav-havel&quot;,&quot;title&quot;:&quot;Aeropuerto de Praga V\u00e1clav Havel ((PRG)): Gu\u00eda Completa con Vuelos, Hoteles &amp; transferencias&quot;,&quot;class&quot;:&quot;&quot;}\" style=\"\"><a href=\"https:\/\/praguetouristinformation.com\/es\/plan\/llegar\/park-and-ride\" title=\"Park and Ride Prague: gu\u00eda con informaci\u00f3n y consejos\" data-css=\"\">Park and Ride Prague: gu\u00eda con informaci\u00f3n y consejos<\/a><\/span><\/h3>\n<p>Con tantos lugares de inter\u00e9s como hay en <a href=\"https:\/\/praguetouristinformation.com\/es\/plan\/llegar\/park-and-ride#more-1086\">&#8230;<\/a><\/p>\n<p><a href=\"https:\/\/praguetouristinformation.com\/es\/plan\/llegar\/park-and-ride\" style=\"\"><span style=\"\"><span style=\"\">sigue leyendo<\/span><\/span><\/a><a href=\"javascript:void(0)\" style=\"\"><span style=\"\"><span style=\"\">Load More<\/span><\/span><\/a><\/p>\n<h2 style=\"text-align: center;\" id=\"t-1670495640212\">Solo explora la ciudad<\/h2>\n<p style=\"text-align: center;\">Entradas, visitas y audiogu\u00edas<\/p>\n<h3 style=\"\" id=\"t-1670495640203\"><span data-attr-css=\"tve-u-173e7904c02\" data-attr-link=\"1\" data-attr-rel=\"0\" data-attr-target=\"0\" data-extra_key=\"\" data-option-inline=\"1\" data-shortcode=\"tcb_post_title\" data-shortcode-name=\"Post title\" data-attr-static-link=\"{&quot;className&quot;:&quot;&quot;,&quot;href&quot;:&quot;https:\/\/praguetouristinformation.com\/es\/tienda&quot;,&quot;title&quot;:&quot;Tienda pr\u00f3ximamente&quot;,&quot;data-css&quot;:&quot;tve-u-173e7904c02&quot;,&quot;class&quot;:&quot;&quot;}\" style=\"\"><a href=\"https:\/\/praguetouristinformation.com\/es\/tienda\" title=\"Tienda pr\u00f3ximamente\">Tienda pr\u00f3ximamente<\/a><\/span><\/h3>\n<p><a href=\"javascript:void(0)\" style=\"\"><span style=\"\"><span style=\"\">Load More<\/span><\/span><\/a><\/p>\n<h2 id=\"t-1670495640204\">\u00bfCu\u00e1ndo se amortizan los billetes de escapada urbana?<\/h2>\n<p>La compra de un billete de un d\u00eda en Praga se amortiza al precio normal de tres viajes sencillos. Esto se aplica a toda la red de transporte p\u00fablico.&nbsp;<\/p>\n<p>Un billete de un d\u00eda tambi\u00e9n vale la pena despu\u00e9s de 3 viajes con descuento en Praga, tambi\u00e9n hay billetes de un d\u00eda con descuento.<\/p>\n<h3 id=\"t-1670495640205\">transferir<\/h3>\n<ul>\n<li style=\"\"><span style=\"\"><strong>Aeropuerto V\u00e1clav-Havel PRG:<\/strong> El aeropuerto de la <a href=\"https:\/\/praguetouristinformation.com\/es\/plan\/llegar\/aeropuerto-vaclav-havel\" target=\"_blank\" style=\"outline: none;\" rel=\"noopener\">capital<\/a> est\u00e1 conectado con la ciudad mediante autobuses p\u00fablicos, no hay conexi\u00f3n directa de S-Bahn, pero los autobuses salen regularmente desde 2 estaciones centrales de metro. Adem\u00e1s, existen opciones como Uber, buses compartidos, proveedores de servicios de traslado privado y ofertas de traslado ejecutivo.&nbsp;<\/span><\/li>\n<li><span><strong>Estaci\u00f3n de tren principal de Praga:<\/strong> La <a href=\"https:\/\/praguetouristinformation.com\/es\/plan\/llegar\/estacion-central\" target=\"_blank\" style=\"outline: none;\" rel=\"noopener\">estaci\u00f3n de tren<\/a> est\u00e1 ubicada justo en el centro de la ciudad con una conexi\u00f3n a la red de metro de Praga. Los taxis suelen estar a la salida, pero es mejor pedirlos por tel\u00e9fono.<\/span><\/li>\n<li><span><strong>Terminal de autobuses:<\/strong> La terminal central de <a href=\"https:\/\/praguetouristinformation.com\/es\/plan\/llegar\/estacion-de-autobuses-florenc\" target=\"_blank\" style=\"outline: none;\" rel=\"noopener\">autobuses<\/a> tambi\u00e9n est\u00e1 cerca de una estaci\u00f3n de metro y se puede llegar f\u00e1cilmente en transporte p\u00fablico.<\/span><\/li>\n<\/ul>\n<h2 style=\"text-align: center;\" id=\"t-1670495640213\">transferencia de aeropuerto<\/h2>\n<p style=\"text-align: center;\">Uber, autob\u00fas lanzadera y traslado privado<\/p>\n<h3 style=\"\" id=\"t-1670495640206\"><span data-attr-css=\"tve-u-175028fc266\" data-attr-link=\"1\" data-attr-rel=\"0\" data-attr-target=\"0\" data-extra_key=\"\" data-option-inline=\"1\" data-shortcode=\"tcb_post_title\" data-shortcode-name=\"Post title\" data-attr-static-link=\"{&quot;className&quot;:&quot;&quot;,&quot;href&quot;:&quot;https:\/\/praguetouristinformation.com\/es\/tienda&quot;,&quot;title&quot;:&quot;Tienda pr\u00f3ximamente&quot;,&quot;data-css&quot;:&quot;tve-u-175028fc266&quot;,&quot;class&quot;:&quot;&quot;}\" style=\"\"><a href=\"https:\/\/praguetouristinformation.com\/es\/tienda\" title=\"Tienda pr\u00f3ximamente\">Tienda pr\u00f3ximamente<\/a><\/span><\/h3>\n<p><a href=\"javascript:void(0)\" style=\"\"><span style=\"\"><span style=\"\">Load More<\/span><\/span><\/a><\/p>\n<h2 style=\"text-align: center;\" id=\"t-1670495640214\" data-hide=\"true\">Para viajes en grupo<\/h2>\n<p style=\"text-align: center;\">Conferencias, reuniones, ferias comerciales, viajes de clubes y eventos<\/p>\n<h3 style=\"\" id=\"t-1670495640207\"><span data-attr-css=\"tve-u-173e791164f\" data-attr-link=\"1\" data-attr-rel=\"0\" data-attr-target=\"0\" data-extra_key=\"\" data-option-inline=\"1\" data-shortcode=\"tcb_post_title\" data-shortcode-name=\"Post title\" data-attr-static-link=\"{&quot;className&quot;:&quot;&quot;,&quot;href&quot;:&quot;https:\/\/praguetouristinformation.com\/es\/viaje-en-grupo&quot;,&quot;title&quot;:&quot;Viaje en grupo a Praga: Full Service M.I.C.E.&quot;,&quot;data-css&quot;:&quot;tve-u-173e791164f&quot;,&quot;class&quot;:&quot;&quot;}\" style=\"\"><a href=\"https:\/\/praguetouristinformation.com\/es\/viaje-en-grupo\" title=\"Viaje en grupo a Praga: Full Service M.I.C.E.\">Viaje en grupo a Praga: Full Service M.I.C.E.<\/a><\/span><\/h3>\n<p><a href=\"javascript:void(0)\" style=\"\"><span style=\"\"><span style=\"\">Load More<\/span><\/span><\/a><\/p>\n<h2 id=\"t-1670495640208\">Congresos, ferias y viajes en grupo<\/h2>\n<p>Como agencia de servicio completo, Praguetouristinformation.com organiza todas las \u00e1reas de <a href=\"https:\/\/praguetouristinformation.com\/es\/viaje-en-grupo\" target=\"_blank\" style=\"outline: none;\" rel=\"noopener\">viajes en grupo.<\/a><\/p>\n<p>Esto incluye hoteles de conferencias, autobuses para traslados de grupos desde el aeropuerto, traslados ejecutivos, <a href=\"https:\/\/praguetouristinformation.com\/es\/viaje-en-grupo\/catering\" target=\"_blank\" style=\"outline: none;\" rel=\"noopener\">catering<\/a> , incentivos y, por supuesto, todo el programa de apoyo.&nbsp;<\/p>\n<p>En una consulta inicial gratuita, con gusto podemos revisar sus requisitos para reuniones, viajes en grupo y eventos en Praga.&nbsp;<\/p>\n<h3 id=\"t-1670495640209\">De una sola fuente<\/h3>\n<ul>\n<li style=\"\"><span style=\"\"><strong>Soporte 24 horas:<\/strong> Siempre disponible durante la planificaci\u00f3n, preparaci\u00f3n y ejecuci\u00f3n de viajes en grupo.&nbsp;<\/span><\/li>\n<li><span><strong>De una sola fuente:<\/strong> procesamiento completo, incluido el programa de soporte de una sola fuente con una persona de contacto.&nbsp;<\/span><\/li>\n<li><span><strong>Consulta inicial gratuita:<\/strong> Estaremos encantados de verificar en una consulta inicial gratuita si podemos cumplir con sus requisitos.&nbsp;<\/span><\/li>\n<\/ul>\n<h2 id=\"t-1670495640210\" style=\"text-align: center;\" data-hide=\"true\">Consulta inicial gratuita para viajes en grupo<\/h2>\n<p style=\"text-align: center;\">Nos encantar\u00eda hablar sobre sus expectativas. El contacto es posible por tel\u00e9fono al&nbsp; <span data-shortcode=\"thrive_global_fields\" data-shortcode-name=\"[Company] MICE Telefonnummer\" data-extra_key=\"1\" data-attr-id=\"19\" data-option-inline=\"1\"><\/span> , correo electr\u00f3nico a <em>support@praguetouristinformation.com<\/em> o formulario de contacto.&nbsp;<\/p>\n","protected":false},"excerpt":{"rendered":"<p>Gu\u00eda para llegar a Praga: informaci\u00f3n y consejos Se trata de un vuelo de ida, tren, autob\u00fas y conducir su propio autom\u00f3vil a Praga.&nbsp; \u00bfC\u00f3mo llego a Praga? &#8230; y como me muevo por la ciudad? Transporte p\u00fablico en Praga: Gu\u00eda con informaci\u00f3n y entradas Aeropuerto de Praga V\u00e1clav Havel [PRG]: Gu\u00eda Completa con Vuelos, [&hellip;]<\/p>\n","protected":false},"author":6,"featured_media":2351,"parent":767,"menu_order":0,"comment_status":"open","ping_status":"closed","template":"","meta":{"footnotes":""},"categories":[],"tags":[32,33],"class_list":["post-769","page","type-page","status-publish","has-post-thumbnail","hentry","tag-planung","tag-verkehr","post-wrapper","thrv_wrapper"],"_links":{"self":[{"href":"https:\/\/praguetouristinformation.com\/es\/wp-json\/wp\/v2\/pages\/769","targetHints":{"allow":["GET"]}}],"collection":[{"href":"https:\/\/praguetouristinformation.com\/es\/wp-json\/wp\/v2\/pages"}],"about":[{"href":"https:\/\/praguetouristinformation.com\/es\/wp-json\/wp\/v2\/types\/page"}],"author":[{"embeddable":true,"href":"https:\/\/praguetouristinformation.com\/es\/wp-json\/wp\/v2\/users\/6"}],"replies":[{"embeddable":true,"href":"https:\/\/praguetouristinformation.com\/es\/wp-json\/wp\/v2\/comments?post=769"}],"version-history":[{"count":5,"href":"https:\/\/praguetouristinformation.com\/es\/wp-json\/wp\/v2\/pages\/769\/revisions"}],"predecessor-version":[{"id":4812,"href":"https:\/\/praguetouristinformation.com\/es\/wp-json\/wp\/v2\/pages\/769\/revisions\/4812"}],"up":[{"embeddable":true,"href":"https:\/\/praguetouristinformation.com\/es\/wp-json\/wp\/v2\/pages\/767"}],"wp:featuredmedia":[{"embeddable":true,"href":"https:\/\/praguetouristinformation.com\/es\/wp-json\/wp\/v2\/media\/2351"}],"wp:attachment":[{"href":"https:\/\/praguetouristinformation.com\/es\/wp-json\/wp\/v2\/media?parent=769"}],"wp:term":[{"taxonomy":"category","embeddable":true,"href":"https:\/\/praguetouristinformation.com\/es\/wp-json\/wp\/v2\/categories?post=769"},{"taxonomy":"post_tag","embeddable":true,"href":"https:\/\/praguetouristinformation.com\/es\/wp-json\/wp\/v2\/tags?post=769"}],"curies":[{"name":"wp","href":"https:\/\/api.w.org\/{rel}","templated":true}]}}